{"id":13197,"date":"2026-04-28T23:36:55","date_gmt":"2026-04-28T21:36:55","guid":{"rendered":"https:\/\/www.zoko.ro\/p\/pahar-din-sticla-cu-capacitate-de-440-ml-13-cm-inaltime-gonga\/"},"modified":"2026-04-28T23:36:55","modified_gmt":"2026-04-28T21:36:55","slug":"pahar-din-sticla-cu-capacitate-de-440-ml-13-cm-inaltime-gonga","status":"publish","type":"product","link":"https:\/\/www.zoko.ro\/en\/p\/pahar-din-sticla-cu-capacitate-de-440-ml-13-cm-inaltime-gonga\/","title":{"rendered":"Pahar din sticl\u0103 cu capacitate de 440 ml, 13 cm \u00een\u0103l\u021bime, Gonga\u00ae"},"content":{"rendered":"<p><strong>Culoare:<\/strong> Transparent<\/p>\n<p><strong>Pahar din sticl\u0103 cu capacitate de 440 ml, 13 cm \u00een\u0103l\u021bime<\/strong><\/p>\n<p>Acest pahar din sticl\u0103 de \u00eenalt\u0103 calitate este realizat pentru a oferi o experien\u021b\u0103 excelent\u0103 la utilizare, fiind rezistent la deteriorare \u0219i zg\u00e2rieturi, ceea ce garanteaz\u0103 o durabilitate remarcabil\u0103 \u00een timp. Cu o capacitate de 440 ml \u0219i o \u00een\u0103l\u021bime de 13 cm, paharul are dimensiuni ideale pentru a te bucura de b\u0103uturile tale preferate, de la sucuri r\u0103coritoare, la cocktailuri sau b\u0103uturi calde.<\/p>\n<p><img loading=\"lazy\" decoding=\"async\" src=\"https:\/\/gonga.ro\/img\/cms\/Pahar%20din%20sticl%C4%83%20cu%20capacitate%20de%20440%20ml,%2013%20cm%20%C3%AEn%C4%83l%C8%9Bime,%20Gonga%C2%AE2.jpg\" alt=\"\" width=\"800\" height=\"800\" \/><\/p>\n<p>Designul s\u0103u modern \u0219i simplu face ca paharul s\u0103 se potriveasc\u0103 perfect \u00een m\u00e2n\u0103, oferind un confort deosebit la utilizare, fie c\u0103 e\u0219ti acas\u0103, la birou sau \u00een timpul unei cine speciale. De asemenea, este atractiv \u0219i elegant at\u00e2t atunci c\u00e2nd este utilizat, c\u00e2t \u0219i atunci c\u00e2nd este expus \u00eentr-o vitrin\u0103 de mobil\u0103, ad\u0103ug\u00e2nd un strop de rafinament \u00een orice decor.<\/p>\n<p>Un pahar perfect pentru orice ocazie, ce \u00eembin\u0103 func\u021bionalitatea cu estetica.<\/p>\n<p><img loading=\"lazy\" decoding=\"async\" src=\"https:\/\/gonga.ro\/img\/cms\/Pahar%20din%20sticl%C4%83%20cu%20capacitate%20de%20440%20ml,%2013%20cm%20%C3%AEn%C4%83l%C8%9Bime,%20Gonga%C2%AE.jpg\" alt=\"\" width=\"800\" height=\"800\" \/><\/p>\n<\/p>\n<p><strong>Specificatii:<\/strong><\/p>\n<\/p>\n<p>&#8211; Material: Sticla<\/p>\n<p>&#8211; Dimensiuni: 13 x 5 cm<\/p>\n<p>&#8211; Capacitate: 440 ml<\/p>","protected":false},"excerpt":{"rendered":"<p>Culoare: Transparent Pahar din sticl\u0103 cu capacitate de 440 ml, 13 cm \u00een\u0103l\u021bime Acest pahar din sticl\u0103 de \u00eenalt\u0103 calitate<\/p>","protected":false},"featured_media":13199,"comment_status":"open","ping_status":"open","template":"","meta":[],"product_brand":[],"product_cat":[99,108,107,100,189],"product_tag":[104],"class_list":{"0":"post-13197","1":"product","2":"type-product","3":"status-publish","4":"has-post-thumbnail","6":"product_cat-acasa","7":"product_cat-accesorii-bar","8":"product_cat-bucatarie-si-servire","9":"product_cat-casa-gradina","10":"product_cat-seturi-pahare","11":"product_tag-in-stoc","12":"pa_culoare-transparent","14":"first","15":"instock","16":"sale","17":"purchasable","18":"product-type-simple"},"yoast_head":"<!-- This site is optimized with the Yoast SEO plugin v27.2 - https:\/\/yoast.com\/product\/yoast-seo-wordpress\/ -->\n<title>Pahar din sticl\u0103 cu capacitate de 440 ml, 13 cm \u00een\u0103l\u021bime, Gonga\u00ae | ZOKO<\/title>\n<meta name=\"robots\" content=\"index, follow, max-snippet:-1, max-image-preview:large, max-video-preview:-1\" \/>\n<link rel=\"canonical\" href=\"https:\/\/www.zoko.ro\/en\/p\/pahar-din-sticla-cu-capacitate-de-440-ml-13-cm-inaltime-gonga\/\" \/>\n<meta property=\"og:locale\" content=\"en_GB\" \/>\n<meta property=\"og:type\" content=\"article\" \/>\n<meta property=\"og:title\" content=\"Pahar din sticl\u0103 cu capacitate de 440 ml, 13 cm \u00een\u0103l\u021bime, Gonga\u00ae | ZOKO\" \/>\n<meta property=\"og:description\" content=\"Culoare: Transparent Pahar din sticl\u0103 cu capacitate de 440 ml, 13 cm \u00een\u0103l\u021bime Acest pahar din sticl\u0103 de \u00eenalt\u0103 calitate\" \/>\n<meta property=\"og:url\" content=\"https:\/\/www.zoko.ro\/en\/p\/pahar-din-sticla-cu-capacitate-de-440-ml-13-cm-inaltime-gonga\/\" \/>\n<meta property=\"og:site_name\" content=\"ZOKO\" \/>\n<meta property=\"article:publisher\" content=\"https:\/\/www.facebook.com\/profile.php?id=61584344135075\" \/>\n<meta property=\"og:image\" content=\"https:\/\/www.zoko.ro\/wp-content\/uploads\/2025\/03\/pahar-din-sticla-cu-capacitate-de-440-ml-13-cm-inalime-gonga.jpg\" \/>\n\t<meta property=\"og:image:width\" content=\"800\" \/>\n\t<meta property=\"og:image:height\" content=\"800\" \/>\n\t<meta property=\"og:image:type\" content=\"image\/jpeg\" \/>\n<meta name=\"twitter:card\" content=\"summary_large_image\" \/>\n<meta name=\"twitter:label1\" content=\"Estimated reading time\" \/>\n\t<meta name=\"twitter:data1\" content=\"1 minute\" \/>\n<script type=\"application\/ld+json\" class=\"yoast-schema-graph\">{\"@context\":\"https:\/\/schema.org\",\"@graph\":[{\"@type\":\"WebPage\",\"@id\":\"https:\/\/www.zoko.ro\/p\/pahar-din-sticla-cu-capacitate-de-440-ml-13-cm-inaltime-gonga\/\",\"url\":\"https:\/\/www.zoko.ro\/p\/pahar-din-sticla-cu-capacitate-de-440-ml-13-cm-inaltime-gonga\/\",\"name\":\"Pahar din sticl\u0103 cu capacitate de 440 ml, 13 cm \u00een\u0103l\u021bime, Gonga\u00ae | ZOKO\",\"isPartOf\":{\"@id\":\"https:\/\/www.zoko.ro\/#website\"},\"primaryImageOfPage\":{\"@id\":\"https:\/\/www.zoko.ro\/p\/pahar-din-sticla-cu-capacitate-de-440-ml-13-cm-inaltime-gonga\/#primaryimage\"},\"image\":{\"@id\":\"https:\/\/www.zoko.ro\/p\/pahar-din-sticla-cu-capacitate-de-440-ml-13-cm-inaltime-gonga\/#primaryimage\"},\"thumbnailUrl\":\"https:\/\/www.zoko.ro\/wp-content\/uploads\/2025\/03\/pahar-din-sticla-cu-capacitate-de-440-ml-13-cm-inalime-gonga.jpg\",\"datePublished\":\"2026-04-28T21:36:55+00:00\",\"breadcrumb\":{\"@id\":\"https:\/\/www.zoko.ro\/p\/pahar-din-sticla-cu-capacitate-de-440-ml-13-cm-inaltime-gonga\/#breadcrumb\"},\"inLanguage\":\"en-GB\",\"potentialAction\":[{\"@type\":\"ReadAction\",\"target\":[\"https:\/\/www.zoko.ro\/p\/pahar-din-sticla-cu-capacitate-de-440-ml-13-cm-inaltime-gonga\/\"]}]},{\"@type\":\"ImageObject\",\"inLanguage\":\"en-GB\",\"@id\":\"https:\/\/www.zoko.ro\/p\/pahar-din-sticla-cu-capacitate-de-440-ml-13-cm-inaltime-gonga\/#primaryimage\",\"url\":\"https:\/\/www.zoko.ro\/wp-content\/uploads\/2025\/03\/pahar-din-sticla-cu-capacitate-de-440-ml-13-cm-inalime-gonga.jpg\",\"contentUrl\":\"https:\/\/www.zoko.ro\/wp-content\/uploads\/2025\/03\/pahar-din-sticla-cu-capacitate-de-440-ml-13-cm-inalime-gonga.jpg\",\"width\":800,\"height\":800},{\"@type\":\"BreadcrumbList\",\"@id\":\"https:\/\/www.zoko.ro\/p\/pahar-din-sticla-cu-capacitate-de-440-ml-13-cm-inaltime-gonga\/#breadcrumb\",\"itemListElement\":[{\"@type\":\"ListItem\",\"position\":1,\"name\":\"Home\",\"item\":\"https:\/\/www.zoko.ro\/\"},{\"@type\":\"ListItem\",\"position\":2,\"name\":\"Magazin\",\"item\":\"https:\/\/www.zoko.ro\/magazin\/\"},{\"@type\":\"ListItem\",\"position\":3,\"name\":\"Pahar din sticl\u0103 cu capacitate de 440 ml, 13 cm \u00een\u0103l\u021bime, Gonga\u00ae\"}]},{\"@type\":\"WebSite\",\"@id\":\"https:\/\/www.zoko.ro\/#website\",\"url\":\"https:\/\/www.zoko.ro\/\",\"name\":\"ZOKO.ro\",\"description\":\"Cump\u0103r\u0103 inteligent\",\"publisher\":{\"@id\":\"https:\/\/www.zoko.ro\/#organization\"},\"potentialAction\":[{\"@type\":\"SearchAction\",\"target\":{\"@type\":\"EntryPoint\",\"urlTemplate\":\"https:\/\/www.zoko.ro\/?s={search_term_string}\"},\"query-input\":{\"@type\":\"PropertyValueSpecification\",\"valueRequired\":true,\"valueName\":\"search_term_string\"}}],\"inLanguage\":\"en-GB\"},{\"@type\":\"Organization\",\"@id\":\"https:\/\/www.zoko.ro\/#organization\",\"name\":\"ZOKO\",\"url\":\"https:\/\/www.zoko.ro\/\",\"logo\":{\"@type\":\"ImageObject\",\"inLanguage\":\"en-GB\",\"@id\":\"https:\/\/www.zoko.ro\/#\/schema\/logo\/image\/\",\"url\":\"https:\/\/www.zoko.ro\/wp-content\/uploads\/2025\/03\/logo1.svg\",\"contentUrl\":\"https:\/\/www.zoko.ro\/wp-content\/uploads\/2025\/03\/logo1.svg\",\"width\":799,\"height\":216,\"caption\":\"ZOKO\"},\"image\":{\"@id\":\"https:\/\/www.zoko.ro\/#\/schema\/logo\/image\/\"},\"sameAs\":[\"https:\/\/www.facebook.com\/profile.php?id=61584344135075\"]}]}<\/script>\n<!-- \/ Yoast SEO plugin. -->","yoast_head_json":{"title":"Pahar din sticl\u0103 cu capacitate de 440 ml, 13 cm \u00een\u0103l\u021bime, Gonga\u00ae | ZOKO","robots":{"index":"index","follow":"follow","max-snippet":"max-snippet:-1","max-image-preview":"max-image-preview:large","max-video-preview":"max-video-preview:-1"},"canonical":"https:\/\/www.zoko.ro\/en\/p\/pahar-din-sticla-cu-capacitate-de-440-ml-13-cm-inaltime-gonga\/","og_locale":"en_GB","og_type":"article","og_title":"Pahar din sticl\u0103 cu capacitate de 440 ml, 13 cm \u00een\u0103l\u021bime, Gonga\u00ae | ZOKO","og_description":"Culoare: Transparent Pahar din sticl\u0103 cu capacitate de 440 ml, 13 cm \u00een\u0103l\u021bime Acest pahar din sticl\u0103 de \u00eenalt\u0103 calitate","og_url":"https:\/\/www.zoko.ro\/en\/p\/pahar-din-sticla-cu-capacitate-de-440-ml-13-cm-inaltime-gonga\/","og_site_name":"ZOKO","article_publisher":"https:\/\/www.facebook.com\/profile.php?id=61584344135075","og_image":[{"width":800,"height":800,"url":"https:\/\/www.zoko.ro\/wp-content\/uploads\/2025\/03\/pahar-din-sticla-cu-capacitate-de-440-ml-13-cm-inalime-gonga.jpg","type":"image\/jpeg"}],"twitter_card":"summary_large_image","twitter_misc":{"Estimated reading time":"1 minute"},"schema":{"@context":"https:\/\/schema.org","@graph":[{"@type":"WebPage","@id":"https:\/\/www.zoko.ro\/p\/pahar-din-sticla-cu-capacitate-de-440-ml-13-cm-inaltime-gonga\/","url":"https:\/\/www.zoko.ro\/p\/pahar-din-sticla-cu-capacitate-de-440-ml-13-cm-inaltime-gonga\/","name":"Pahar din sticl\u0103 cu capacitate de 440 ml, 13 cm \u00een\u0103l\u021bime, Gonga\u00ae | ZOKO","isPartOf":{"@id":"https:\/\/www.zoko.ro\/#website"},"primaryImageOfPage":{"@id":"https:\/\/www.zoko.ro\/p\/pahar-din-sticla-cu-capacitate-de-440-ml-13-cm-inaltime-gonga\/#primaryimage"},"image":{"@id":"https:\/\/www.zoko.ro\/p\/pahar-din-sticla-cu-capacitate-de-440-ml-13-cm-inaltime-gonga\/#primaryimage"},"thumbnailUrl":"https:\/\/www.zoko.ro\/wp-content\/uploads\/2025\/03\/pahar-din-sticla-cu-capacitate-de-440-ml-13-cm-inalime-gonga.jpg","datePublished":"2026-04-28T21:36:55+00:00","breadcrumb":{"@id":"https:\/\/www.zoko.ro\/p\/pahar-din-sticla-cu-capacitate-de-440-ml-13-cm-inaltime-gonga\/#breadcrumb"},"inLanguage":"en-GB","potentialAction":[{"@type":"ReadAction","target":["https:\/\/www.zoko.ro\/p\/pahar-din-sticla-cu-capacitate-de-440-ml-13-cm-inaltime-gonga\/"]}]},{"@type":"ImageObject","inLanguage":"en-GB","@id":"https:\/\/www.zoko.ro\/p\/pahar-din-sticla-cu-capacitate-de-440-ml-13-cm-inaltime-gonga\/#primaryimage","url":"https:\/\/www.zoko.ro\/wp-content\/uploads\/2025\/03\/pahar-din-sticla-cu-capacitate-de-440-ml-13-cm-inalime-gonga.jpg","contentUrl":"https:\/\/www.zoko.ro\/wp-content\/uploads\/2025\/03\/pahar-din-sticla-cu-capacitate-de-440-ml-13-cm-inalime-gonga.jpg","width":800,"height":800},{"@type":"BreadcrumbList","@id":"https:\/\/www.zoko.ro\/p\/pahar-din-sticla-cu-capacitate-de-440-ml-13-cm-inaltime-gonga\/#breadcrumb","itemListElement":[{"@type":"ListItem","position":1,"name":"Home","item":"https:\/\/www.zoko.ro\/"},{"@type":"ListItem","position":2,"name":"Magazin","item":"https:\/\/www.zoko.ro\/magazin\/"},{"@type":"ListItem","position":3,"name":"Pahar din sticl\u0103 cu capacitate de 440 ml, 13 cm \u00een\u0103l\u021bime, Gonga\u00ae"}]},{"@type":"WebSite","@id":"https:\/\/www.zoko.ro\/#website","url":"https:\/\/www.zoko.ro\/","name":"ZOKO.ro","description":"Cump\u0103r\u0103 inteligent","publisher":{"@id":"https:\/\/www.zoko.ro\/#organization"},"potentialAction":[{"@type":"SearchAction","target":{"@type":"EntryPoint","urlTemplate":"https:\/\/www.zoko.ro\/?s={search_term_string}"},"query-input":{"@type":"PropertyValueSpecification","valueRequired":true,"valueName":"search_term_string"}}],"inLanguage":"en-GB"},{"@type":"Organization","@id":"https:\/\/www.zoko.ro\/#organization","name":"ZOKO","url":"https:\/\/www.zoko.ro\/","logo":{"@type":"ImageObject","inLanguage":"en-GB","@id":"https:\/\/www.zoko.ro\/#\/schema\/logo\/image\/","url":"https:\/\/www.zoko.ro\/wp-content\/uploads\/2025\/03\/logo1.svg","contentUrl":"https:\/\/www.zoko.ro\/wp-content\/uploads\/2025\/03\/logo1.svg","width":799,"height":216,"caption":"ZOKO"},"image":{"@id":"https:\/\/www.zoko.ro\/#\/schema\/logo\/image\/"},"sameAs":["https:\/\/www.facebook.com\/profile.php?id=61584344135075"]}]}},"_links":{"self":[{"href":"https:\/\/www.zoko.ro\/en\/wp-json\/wp\/v2\/product\/13197","targetHints":{"allow":["GET"]}}],"collection":[{"href":"https:\/\/www.zoko.ro\/en\/wp-json\/wp\/v2\/product"}],"about":[{"href":"https:\/\/www.zoko.ro\/en\/wp-json\/wp\/v2\/types\/product"}],"replies":[{"embeddable":true,"href":"https:\/\/www.zoko.ro\/en\/wp-json\/wp\/v2\/comments?post=13197"}],"version-history":[{"count":1,"href":"https:\/\/www.zoko.ro\/en\/wp-json\/wp\/v2\/product\/13197\/revisions"}],"predecessor-version":[{"id":13198,"href":"https:\/\/www.zoko.ro\/en\/wp-json\/wp\/v2\/product\/13197\/revisions\/13198"}],"wp:featuredmedia":[{"embeddable":true,"href":"https:\/\/www.zoko.ro\/en\/wp-json\/wp\/v2\/media\/13199"}],"wp:attachment":[{"href":"https:\/\/www.zoko.ro\/en\/wp-json\/wp\/v2\/media?parent=13197"}],"wp:term":[{"taxonomy":"product_brand","embeddable":true,"href":"https:\/\/www.zoko.ro\/en\/wp-json\/wp\/v2\/product_brand?post=13197"},{"taxonomy":"product_cat","embeddable":true,"href":"https:\/\/www.zoko.ro\/en\/wp-json\/wp\/v2\/product_cat?post=13197"},{"taxonomy":"product_tag","embeddable":true,"href":"https:\/\/www.zoko.ro\/en\/wp-json\/wp\/v2\/product_tag?post=13197"}],"curies":[{"name":"wp","href":"https:\/\/api.w.org\/{rel}","templated":true}]}}