{"id":13204,"date":"2026-04-28T23:36:56","date_gmt":"2026-04-28T21:36:56","guid":{"rendered":"https:\/\/www.zoko.ro\/p\/pampas-artificial-lungime-565-cm-gonga\/"},"modified":"2026-04-28T23:36:56","modified_gmt":"2026-04-28T21:36:56","slug":"pampas-artificial-lungime-565-cm-gonga","status":"publish","type":"product","link":"https:\/\/www.zoko.ro\/en\/p\/pampas-artificial-lungime-565-cm-gonga\/","title":{"rendered":"Pampas artificial, lungime 56,5 cm, Gonga\u00ae"},"content":{"rendered":"<p><strong>Culoare:<\/strong> Bej<\/p>\n<p><strong>Pampas artificial, lungime 56,5 cm<\/strong><\/p>\n<p>Aceast\u0103 plant\u0103 decorativ\u0103 artificial\u0103 Pampas adaug\u0103 un aer elegant \u0219i natural oric\u0103rui spa\u021biu, fiind ideal\u0103 nu doar pentru casa ta, ci \u0219i pentru birou sau un studiu. Cu o lungime de 56,5 cm, Pampasul artificial este perfect pentru a crea un punct de interes \u00een orice \u00eenc\u0103pere, fie c\u0103 \u00eel plasezi \u00eentr-un col\u021b al camerei, pe o mas\u0103 sau \u00eentr-un vazon decorativ.<\/p>\n<p><img loading=\"lazy\" decoding=\"async\" src=\"https:\/\/gonga.ro\/img\/cms\/Pampas%20artificial,%20lungime%2056,5%20cm,%20Gonga%C2%AE4.jpg\" alt=\"\" width=\"800\" height=\"800\" \/><\/p>\n<p>Aspectul s\u0103u realist, care imit\u0103 perfect o plant\u0103 vie, face ca aceast\u0103 plant\u0103 s\u0103 fie un decor deosebit care nu necesit\u0103 \u00eengrijire constant\u0103. Este perfect\u0103 pentru a ad\u0103uga un strop de natur\u0103 \u00een interior, f\u0103r\u0103 a te preocupa de udare sau expunere la soare.<\/p>\n<p>\u00cen plus, Pampasul artificial este o alegere excelent\u0103 pentru a completa aranjamentele \u00een stil Boho, aduc\u00e2nd un plus de textur\u0103 \u0219i un aer relaxat, dar sofisticat. Indiferent de stilul decorativ al locuin\u021bei sau biroului t\u0103u, aceast\u0103 plant\u0103 va ad\u0103uga un element de frumuse\u021be \u0219i calm \u00een orice \u00eenc\u0103pere.<\/p>\n<p><img loading=\"lazy\" decoding=\"async\" src=\"https:\/\/gonga.ro\/img\/cms\/Pampas%20artificial,%20lungime%2056,5%20cm,%20Gonga%C2%AE6.jpg\" alt=\"\" width=\"800\" height=\"800\" \/><\/p>\n<\/p>\n<p><strong>Specificatii:<\/strong><\/p>\n<\/p>\n<p>&#8211; Nuimar fire: 1\u00a0<\/p>\n<p>&#8211; Inaltime totala fir: 56.5 cm<\/p>\n<p>&#8211; Material: Sintetic<\/p>","protected":false},"excerpt":{"rendered":"<p>Culoare: Bej Pampas artificial, lungime 56,5 cm Aceast\u0103 plant\u0103 decorativ\u0103 artificial\u0103 Pampas adaug\u0103 un aer elegant \u0219i natural oric\u0103rui spa\u021biu,<\/p>","protected":false},"featured_media":13206,"comment_status":"open","ping_status":"open","template":"","meta":[],"product_brand":[],"product_cat":[99,100,125],"product_tag":[104],"class_list":{"0":"post-13204","1":"product","2":"type-product","3":"status-publish","4":"has-post-thumbnail","6":"product_cat-acasa","7":"product_cat-casa-gradina","8":"product_cat-decoratiuni","9":"product_tag-in-stoc","10":"pa_culoare-bej","12":"first","13":"instock","14":"sale","15":"purchasable","16":"product-type-simple"},"yoast_head":"<!-- This site is optimized with the Yoast SEO plugin v27.2 - https:\/\/yoast.com\/product\/yoast-seo-wordpress\/ -->\n<title>Pampas artificial, lungime 56,5 cm, Gonga\u00ae | ZOKO<\/title>\n<meta name=\"robots\" content=\"index, follow, max-snippet:-1, max-image-preview:large, max-video-preview:-1\" \/>\n<link rel=\"canonical\" href=\"https:\/\/www.zoko.ro\/en\/p\/pampas-artificial-lungime-565-cm-gonga\/\" \/>\n<meta property=\"og:locale\" content=\"en_GB\" \/>\n<meta property=\"og:type\" content=\"article\" \/>\n<meta property=\"og:title\" content=\"Pampas artificial, lungime 56,5 cm, Gonga\u00ae | ZOKO\" \/>\n<meta property=\"og:description\" content=\"Culoare: Bej Pampas artificial, lungime 56,5 cm Aceast\u0103 plant\u0103 decorativ\u0103 artificial\u0103 Pampas adaug\u0103 un aer elegant \u0219i natural oric\u0103rui spa\u021biu,\" \/>\n<meta property=\"og:url\" content=\"https:\/\/www.zoko.ro\/en\/p\/pampas-artificial-lungime-565-cm-gonga\/\" \/>\n<meta property=\"og:site_name\" content=\"ZOKO\" \/>\n<meta property=\"article:publisher\" content=\"https:\/\/www.facebook.com\/profile.php?id=61584344135075\" \/>\n<meta property=\"og:image\" content=\"https:\/\/www.zoko.ro\/wp-content\/uploads\/2025\/03\/pampas-artificial-lungime-565-cm-gonga.jpg\" \/>\n\t<meta property=\"og:image:width\" content=\"800\" \/>\n\t<meta property=\"og:image:height\" content=\"800\" \/>\n\t<meta property=\"og:image:type\" content=\"image\/jpeg\" \/>\n<meta name=\"twitter:card\" content=\"summary_large_image\" \/>\n<meta name=\"twitter:label1\" content=\"Estimated reading time\" \/>\n\t<meta name=\"twitter:data1\" content=\"1 minute\" \/>\n<script type=\"application\/ld+json\" class=\"yoast-schema-graph\">{\"@context\":\"https:\/\/schema.org\",\"@graph\":[{\"@type\":\"WebPage\",\"@id\":\"https:\/\/www.zoko.ro\/p\/pampas-artificial-lungime-565-cm-gonga\/\",\"url\":\"https:\/\/www.zoko.ro\/p\/pampas-artificial-lungime-565-cm-gonga\/\",\"name\":\"Pampas artificial, lungime 56,5 cm, Gonga\u00ae | ZOKO\",\"isPartOf\":{\"@id\":\"https:\/\/www.zoko.ro\/#website\"},\"primaryImageOfPage\":{\"@id\":\"https:\/\/www.zoko.ro\/p\/pampas-artificial-lungime-565-cm-gonga\/#primaryimage\"},\"image\":{\"@id\":\"https:\/\/www.zoko.ro\/p\/pampas-artificial-lungime-565-cm-gonga\/#primaryimage\"},\"thumbnailUrl\":\"https:\/\/www.zoko.ro\/wp-content\/uploads\/2025\/03\/pampas-artificial-lungime-565-cm-gonga.jpg\",\"datePublished\":\"2026-04-28T21:36:56+00:00\",\"breadcrumb\":{\"@id\":\"https:\/\/www.zoko.ro\/p\/pampas-artificial-lungime-565-cm-gonga\/#breadcrumb\"},\"inLanguage\":\"en-GB\",\"potentialAction\":[{\"@type\":\"ReadAction\",\"target\":[\"https:\/\/www.zoko.ro\/p\/pampas-artificial-lungime-565-cm-gonga\/\"]}]},{\"@type\":\"ImageObject\",\"inLanguage\":\"en-GB\",\"@id\":\"https:\/\/www.zoko.ro\/p\/pampas-artificial-lungime-565-cm-gonga\/#primaryimage\",\"url\":\"https:\/\/www.zoko.ro\/wp-content\/uploads\/2025\/03\/pampas-artificial-lungime-565-cm-gonga.jpg\",\"contentUrl\":\"https:\/\/www.zoko.ro\/wp-content\/uploads\/2025\/03\/pampas-artificial-lungime-565-cm-gonga.jpg\",\"width\":800,\"height\":800},{\"@type\":\"BreadcrumbList\",\"@id\":\"https:\/\/www.zoko.ro\/p\/pampas-artificial-lungime-565-cm-gonga\/#breadcrumb\",\"itemListElement\":[{\"@type\":\"ListItem\",\"position\":1,\"name\":\"Home\",\"item\":\"https:\/\/www.zoko.ro\/\"},{\"@type\":\"ListItem\",\"position\":2,\"name\":\"Magazin\",\"item\":\"https:\/\/www.zoko.ro\/magazin\/\"},{\"@type\":\"ListItem\",\"position\":3,\"name\":\"Pampas artificial, lungime 56,5 cm, Gonga\u00ae\"}]},{\"@type\":\"WebSite\",\"@id\":\"https:\/\/www.zoko.ro\/#website\",\"url\":\"https:\/\/www.zoko.ro\/\",\"name\":\"ZOKO.ro\",\"description\":\"Cump\u0103r\u0103 inteligent\",\"publisher\":{\"@id\":\"https:\/\/www.zoko.ro\/#organization\"},\"potentialAction\":[{\"@type\":\"SearchAction\",\"target\":{\"@type\":\"EntryPoint\",\"urlTemplate\":\"https:\/\/www.zoko.ro\/?s={search_term_string}\"},\"query-input\":{\"@type\":\"PropertyValueSpecification\",\"valueRequired\":true,\"valueName\":\"search_term_string\"}}],\"inLanguage\":\"en-GB\"},{\"@type\":\"Organization\",\"@id\":\"https:\/\/www.zoko.ro\/#organization\",\"name\":\"ZOKO\",\"url\":\"https:\/\/www.zoko.ro\/\",\"logo\":{\"@type\":\"ImageObject\",\"inLanguage\":\"en-GB\",\"@id\":\"https:\/\/www.zoko.ro\/#\/schema\/logo\/image\/\",\"url\":\"https:\/\/www.zoko.ro\/wp-content\/uploads\/2025\/03\/logo1.svg\",\"contentUrl\":\"https:\/\/www.zoko.ro\/wp-content\/uploads\/2025\/03\/logo1.svg\",\"width\":799,\"height\":216,\"caption\":\"ZOKO\"},\"image\":{\"@id\":\"https:\/\/www.zoko.ro\/#\/schema\/logo\/image\/\"},\"sameAs\":[\"https:\/\/www.facebook.com\/profile.php?id=61584344135075\"]}]}<\/script>\n<!-- \/ Yoast SEO plugin. -->","yoast_head_json":{"title":"Pampas artificial, lungime 56,5 cm, Gonga\u00ae | ZOKO","robots":{"index":"index","follow":"follow","max-snippet":"max-snippet:-1","max-image-preview":"max-image-preview:large","max-video-preview":"max-video-preview:-1"},"canonical":"https:\/\/www.zoko.ro\/en\/p\/pampas-artificial-lungime-565-cm-gonga\/","og_locale":"en_GB","og_type":"article","og_title":"Pampas artificial, lungime 56,5 cm, Gonga\u00ae | ZOKO","og_description":"Culoare: Bej Pampas artificial, lungime 56,5 cm Aceast\u0103 plant\u0103 decorativ\u0103 artificial\u0103 Pampas adaug\u0103 un aer elegant \u0219i natural oric\u0103rui spa\u021biu,","og_url":"https:\/\/www.zoko.ro\/en\/p\/pampas-artificial-lungime-565-cm-gonga\/","og_site_name":"ZOKO","article_publisher":"https:\/\/www.facebook.com\/profile.php?id=61584344135075","og_image":[{"width":800,"height":800,"url":"https:\/\/www.zoko.ro\/wp-content\/uploads\/2025\/03\/pampas-artificial-lungime-565-cm-gonga.jpg","type":"image\/jpeg"}],"twitter_card":"summary_large_image","twitter_misc":{"Estimated reading time":"1 minute"},"schema":{"@context":"https:\/\/schema.org","@graph":[{"@type":"WebPage","@id":"https:\/\/www.zoko.ro\/p\/pampas-artificial-lungime-565-cm-gonga\/","url":"https:\/\/www.zoko.ro\/p\/pampas-artificial-lungime-565-cm-gonga\/","name":"Pampas artificial, lungime 56,5 cm, Gonga\u00ae | ZOKO","isPartOf":{"@id":"https:\/\/www.zoko.ro\/#website"},"primaryImageOfPage":{"@id":"https:\/\/www.zoko.ro\/p\/pampas-artificial-lungime-565-cm-gonga\/#primaryimage"},"image":{"@id":"https:\/\/www.zoko.ro\/p\/pampas-artificial-lungime-565-cm-gonga\/#primaryimage"},"thumbnailUrl":"https:\/\/www.zoko.ro\/wp-content\/uploads\/2025\/03\/pampas-artificial-lungime-565-cm-gonga.jpg","datePublished":"2026-04-28T21:36:56+00:00","breadcrumb":{"@id":"https:\/\/www.zoko.ro\/p\/pampas-artificial-lungime-565-cm-gonga\/#breadcrumb"},"inLanguage":"en-GB","potentialAction":[{"@type":"ReadAction","target":["https:\/\/www.zoko.ro\/p\/pampas-artificial-lungime-565-cm-gonga\/"]}]},{"@type":"ImageObject","inLanguage":"en-GB","@id":"https:\/\/www.zoko.ro\/p\/pampas-artificial-lungime-565-cm-gonga\/#primaryimage","url":"https:\/\/www.zoko.ro\/wp-content\/uploads\/2025\/03\/pampas-artificial-lungime-565-cm-gonga.jpg","contentUrl":"https:\/\/www.zoko.ro\/wp-content\/uploads\/2025\/03\/pampas-artificial-lungime-565-cm-gonga.jpg","width":800,"height":800},{"@type":"BreadcrumbList","@id":"https:\/\/www.zoko.ro\/p\/pampas-artificial-lungime-565-cm-gonga\/#breadcrumb","itemListElement":[{"@type":"ListItem","position":1,"name":"Home","item":"https:\/\/www.zoko.ro\/"},{"@type":"ListItem","position":2,"name":"Magazin","item":"https:\/\/www.zoko.ro\/magazin\/"},{"@type":"ListItem","position":3,"name":"Pampas artificial, lungime 56,5 cm, Gonga\u00ae"}]},{"@type":"WebSite","@id":"https:\/\/www.zoko.ro\/#website","url":"https:\/\/www.zoko.ro\/","name":"ZOKO.ro","description":"Cump\u0103r\u0103 inteligent","publisher":{"@id":"https:\/\/www.zoko.ro\/#organization"},"potentialAction":[{"@type":"SearchAction","target":{"@type":"EntryPoint","urlTemplate":"https:\/\/www.zoko.ro\/?s={search_term_string}"},"query-input":{"@type":"PropertyValueSpecification","valueRequired":true,"valueName":"search_term_string"}}],"inLanguage":"en-GB"},{"@type":"Organization","@id":"https:\/\/www.zoko.ro\/#organization","name":"ZOKO","url":"https:\/\/www.zoko.ro\/","logo":{"@type":"ImageObject","inLanguage":"en-GB","@id":"https:\/\/www.zoko.ro\/#\/schema\/logo\/image\/","url":"https:\/\/www.zoko.ro\/wp-content\/uploads\/2025\/03\/logo1.svg","contentUrl":"https:\/\/www.zoko.ro\/wp-content\/uploads\/2025\/03\/logo1.svg","width":799,"height":216,"caption":"ZOKO"},"image":{"@id":"https:\/\/www.zoko.ro\/#\/schema\/logo\/image\/"},"sameAs":["https:\/\/www.facebook.com\/profile.php?id=61584344135075"]}]}},"_links":{"self":[{"href":"https:\/\/www.zoko.ro\/en\/wp-json\/wp\/v2\/product\/13204","targetHints":{"allow":["GET"]}}],"collection":[{"href":"https:\/\/www.zoko.ro\/en\/wp-json\/wp\/v2\/product"}],"about":[{"href":"https:\/\/www.zoko.ro\/en\/wp-json\/wp\/v2\/types\/product"}],"replies":[{"embeddable":true,"href":"https:\/\/www.zoko.ro\/en\/wp-json\/wp\/v2\/comments?post=13204"}],"version-history":[{"count":1,"href":"https:\/\/www.zoko.ro\/en\/wp-json\/wp\/v2\/product\/13204\/revisions"}],"predecessor-version":[{"id":13205,"href":"https:\/\/www.zoko.ro\/en\/wp-json\/wp\/v2\/product\/13204\/revisions\/13205"}],"wp:featuredmedia":[{"embeddable":true,"href":"https:\/\/www.zoko.ro\/en\/wp-json\/wp\/v2\/media\/13206"}],"wp:attachment":[{"href":"https:\/\/www.zoko.ro\/en\/wp-json\/wp\/v2\/media?parent=13204"}],"wp:term":[{"taxonomy":"product_brand","embeddable":true,"href":"https:\/\/www.zoko.ro\/en\/wp-json\/wp\/v2\/product_brand?post=13204"},{"taxonomy":"product_cat","embeddable":true,"href":"https:\/\/www.zoko.ro\/en\/wp-json\/wp\/v2\/product_cat?post=13204"},{"taxonomy":"product_tag","embeddable":true,"href":"https:\/\/www.zoko.ro\/en\/wp-json\/wp\/v2\/product_tag?post=13204"}],"curies":[{"name":"wp","href":"https:\/\/api.w.org\/{rel}","templated":true}]}}