{"id":13223,"date":"2026-04-28T23:36:56","date_gmt":"2026-04-28T21:36:56","guid":{"rendered":"https:\/\/www.zoko.ro\/p\/set-termos-cu-3-cani-din-otel-inoxidabil-0-5l-mentinere-a-bauturilor-calde-6-ore-si-reci-12-ore-gonga-2\/"},"modified":"2026-04-28T23:36:56","modified_gmt":"2026-04-28T21:36:56","slug":"set-termos-cu-3-cani-din-otel-inoxidabil-0-5l-mentinere-a-bauturilor-calde-6-ore-si-reci-12-ore-gonga-2","status":"publish","type":"product","link":"https:\/\/www.zoko.ro\/en\/p\/set-termos-cu-3-cani-din-otel-inoxidabil-0-5l-mentinere-a-bauturilor-calde-6-ore-si-reci-12-ore-gonga-2\/","title":{"rendered":"Set termos cu 3 c\u0103ni din o\u021bel inoxidabil, 0.5L, men\u021binere a b\u0103uturilor calde 6 ore \u0219i reci 12 ore, Gonga\u00ae"},"content":{"rendered":"<p><strong>Culoare:<\/strong> Negru<\/p>\n<p><strong>Set termos cu 3 c\u0103ni din o\u021bel inoxidabil, 0.5L, men\u021binere a b\u0103uturilor calde 6 ore \u0219i reci 12 ore<\/strong><\/p>\n<p>Acest set termos cu 3 c\u0103ni din o\u021bel inoxidabil este perfect pentru a te bucura de b\u0103uturile tale preferate, fie c\u0103 sunt calde sau reci. Designul termosului de vid permite men\u021binerea b\u0103uturilor la temperatura dorit\u0103, p\u0103str\u00e2ndu-le reci timp de 12 ore \u0219i calde timp de 6 ore. Este ideal pentru excursii, picnicuri sau orice activitate \u00een aer liber, oferindu-\u021bi confortul unei b\u0103uturi perfecte oriunde te-ai afla.<\/p>\n<p><img loading=\"lazy\" decoding=\"async\" src=\"https:\/\/gonga.ro\/img\/cms\/Set%20termos%20cu%203%20c%C4%83ni%20din%20o%C8%9Bel%20inoxidabil,%200-5L,%20men%C8%9Binere%20a%20b%C4%83uturilor%20calde%206%20ore%20%C8%99i%20reci%2012%20ore,%20Gonga%C2%AE5.jpg\" alt=\"\" width=\"800\" height=\"800\" \/><\/p>\n<p>Cele trei c\u0103ni cu m\u00e2ner sunt concepute pentru a preveni arsurile atunci c\u00e2nd \u021bii o b\u0103utur\u0103 fierbinte, asigur\u00e2ndu-\u021bi un control mai bun \u0219i protec\u021bie \u00eempotriva c\u0103ldurii. Acestea sunt perfect adaptate pentru \u00eentreaga familie, iar capacitatea de 0,5L a termosului este ideal\u0103 pentru a \u00eemp\u0103rt\u0103\u0219i b\u0103uturile preferate cu cei dragi.<\/p>\n<p>Setul include un termos cu \u00eenchidere ermetic\u0103 inovatoare, care p\u0103streaz\u0103 b\u0103uturile \u00een siguran\u021b\u0103 \u0219i previne scurgerile sau v\u0103rs\u0103rile nedorite. \u00cen plus, termosul este fabricat din o\u021bel inoxidabil alimentar \u0219i are un strat dublu de vid f\u0103r\u0103 BPA, garant\u00e2nd o utilizare sigur\u0103 \u0219i durabil\u0103.<\/p>\n<p><img loading=\"lazy\" decoding=\"async\" src=\"https:\/\/gonga.ro\/img\/cms\/Set%20termos%20cu%203%20c%C4%83ni%20din%20o%C8%9Bel%20inoxidabil,%200-5L,%20men%C8%9Binere%20a%20b%C4%83uturilor%20calde%206%20ore%20%C8%99i%20reci%2012%20ore,%20Gonga%C2%AE4.jpg\" alt=\"\" width=\"800\" height=\"800\" \/><\/p>\n<p>Acest set elegant vine ambalat \u00eentr-o cutie cadou \u0219i \u00eentr-o pung\u0103 cadou, fiind cadoul ideal pentru orice ocazie special\u0103. Perfect pentru iubitorii de b\u0103uturi calde \u0219i reci, acest termos va ad\u0103uga confort \u0219i stil \u00een fiecare zi!<\/p>\n<p><img loading=\"lazy\" decoding=\"async\" src=\"https:\/\/gonga.ro\/img\/cms\/Set%20termos%20cu%203%20c%C4%83ni%20din%20o%C8%9Bel%20inoxidabil,%200-5L,%20men%C8%9Binere%20a%20b%C4%83uturilor%20calde%206%20ore%20%C8%99i%20reci%2012%20ore,%20Noem%C2%AE5.jpg\" alt=\"\" width=\"800\" height=\"800\" \/><\/p>\n<\/p>\n<p><strong>Specificatii:<\/strong><\/p>\n<\/p>\n<p>&#8211; Capacitate: 500 ml<\/p>\n<p>&#8211; Dimensiuni: 6.5 x 22.5 cm<\/p>\n<p>&#8211; Greutate set: 460g<\/p>\n<p>&#8211; Nu se spala la masina de spalat vase!<\/p>","protected":false},"excerpt":{"rendered":"<p>Culoare: Negru Set termos cu 3 c\u0103ni din o\u021bel inoxidabil, 0.5L, men\u021binere a b\u0103uturilor calde 6 ore \u0219i reci 12<\/p>","protected":false},"featured_media":13225,"comment_status":"open","ping_status":"open","template":"","meta":[],"product_brand":[],"product_cat":[99,107,100,190],"product_tag":[104],"class_list":{"0":"post-13223","1":"product","2":"type-product","3":"status-publish","4":"has-post-thumbnail","6":"product_cat-acasa","7":"product_cat-bucatarie-si-servire","8":"product_cat-casa-gradina","9":"product_cat-termosuri-si-cani-termos","10":"product_tag-in-stoc","11":"pa_culoare-negru","13":"first","14":"instock","15":"sale","16":"purchasable","17":"product-type-simple"},"yoast_head":"<!-- This site is optimized with the Yoast SEO plugin v27.2 - https:\/\/yoast.com\/product\/yoast-seo-wordpress\/ -->\n<title>Set termos cu 3 c\u0103ni din o\u021bel inoxidabil, 0.5L, men\u021binere a b\u0103uturilor calde 6 ore \u0219i reci 12 ore, Gonga\u00ae | ZOKO<\/title>\n<meta name=\"robots\" content=\"index, follow, max-snippet:-1, max-image-preview:large, max-video-preview:-1\" \/>\n<link rel=\"canonical\" href=\"https:\/\/www.zoko.ro\/en\/p\/set-termos-cu-3-cani-din-otel-inoxidabil-0-5l-mentinere-a-bauturilor-calde-6-ore-si-reci-12-ore-gonga-2\/\" \/>\n<meta property=\"og:locale\" content=\"en_GB\" \/>\n<meta property=\"og:type\" content=\"article\" \/>\n<meta property=\"og:title\" content=\"Set termos cu 3 c\u0103ni din o\u021bel inoxidabil, 0.5L, men\u021binere a b\u0103uturilor calde 6 ore \u0219i reci 12 ore, Gonga\u00ae | ZOKO\" \/>\n<meta property=\"og:description\" content=\"Culoare: Negru Set termos cu 3 c\u0103ni din o\u021bel inoxidabil, 0.5L, men\u021binere a b\u0103uturilor calde 6 ore \u0219i reci 12\" \/>\n<meta property=\"og:url\" content=\"https:\/\/www.zoko.ro\/en\/p\/set-termos-cu-3-cani-din-otel-inoxidabil-0-5l-mentinere-a-bauturilor-calde-6-ore-si-reci-12-ore-gonga-2\/\" \/>\n<meta property=\"og:site_name\" content=\"ZOKO\" \/>\n<meta property=\"article:publisher\" content=\"https:\/\/www.facebook.com\/profile.php?id=61584344135075\" \/>\n<meta property=\"og:image\" content=\"https:\/\/www.zoko.ro\/wp-content\/uploads\/2025\/03\/set-termos-cu-3-cani-din-oel-inoxidabil-05l-meninere-a-bauturilor-calde-6-ore-i-reci-12-ore-gonga-8.jpg\" \/>\n\t<meta property=\"og:image:width\" content=\"800\" \/>\n\t<meta property=\"og:image:height\" content=\"800\" \/>\n\t<meta property=\"og:image:type\" content=\"image\/jpeg\" \/>\n<meta name=\"twitter:card\" content=\"summary_large_image\" \/>\n<meta name=\"twitter:label1\" content=\"Estimated reading time\" \/>\n\t<meta name=\"twitter:data1\" content=\"1 minute\" \/>\n<script type=\"application\/ld+json\" class=\"yoast-schema-graph\">{\"@context\":\"https:\/\/schema.org\",\"@graph\":[{\"@type\":\"WebPage\",\"@id\":\"https:\/\/www.zoko.ro\/p\/set-termos-cu-3-cani-din-otel-inoxidabil-0-5l-mentinere-a-bauturilor-calde-6-ore-si-reci-12-ore-gonga-2\/\",\"url\":\"https:\/\/www.zoko.ro\/p\/set-termos-cu-3-cani-din-otel-inoxidabil-0-5l-mentinere-a-bauturilor-calde-6-ore-si-reci-12-ore-gonga-2\/\",\"name\":\"Set termos cu 3 c\u0103ni din o\u021bel inoxidabil, 0.5L, men\u021binere a b\u0103uturilor calde 6 ore \u0219i reci 12 ore, Gonga\u00ae | ZOKO\",\"isPartOf\":{\"@id\":\"https:\/\/www.zoko.ro\/#website\"},\"primaryImageOfPage\":{\"@id\":\"https:\/\/www.zoko.ro\/p\/set-termos-cu-3-cani-din-otel-inoxidabil-0-5l-mentinere-a-bauturilor-calde-6-ore-si-reci-12-ore-gonga-2\/#primaryimage\"},\"image\":{\"@id\":\"https:\/\/www.zoko.ro\/p\/set-termos-cu-3-cani-din-otel-inoxidabil-0-5l-mentinere-a-bauturilor-calde-6-ore-si-reci-12-ore-gonga-2\/#primaryimage\"},\"thumbnailUrl\":\"https:\/\/www.zoko.ro\/wp-content\/uploads\/2025\/03\/set-termos-cu-3-cani-din-oel-inoxidabil-05l-meninere-a-bauturilor-calde-6-ore-i-reci-12-ore-gonga-8.jpg\",\"datePublished\":\"2026-04-28T21:36:56+00:00\",\"breadcrumb\":{\"@id\":\"https:\/\/www.zoko.ro\/p\/set-termos-cu-3-cani-din-otel-inoxidabil-0-5l-mentinere-a-bauturilor-calde-6-ore-si-reci-12-ore-gonga-2\/#breadcrumb\"},\"inLanguage\":\"en-GB\",\"potentialAction\":[{\"@type\":\"ReadAction\",\"target\":[\"https:\/\/www.zoko.ro\/p\/set-termos-cu-3-cani-din-otel-inoxidabil-0-5l-mentinere-a-bauturilor-calde-6-ore-si-reci-12-ore-gonga-2\/\"]}]},{\"@type\":\"ImageObject\",\"inLanguage\":\"en-GB\",\"@id\":\"https:\/\/www.zoko.ro\/p\/set-termos-cu-3-cani-din-otel-inoxidabil-0-5l-mentinere-a-bauturilor-calde-6-ore-si-reci-12-ore-gonga-2\/#primaryimage\",\"url\":\"https:\/\/www.zoko.ro\/wp-content\/uploads\/2025\/03\/set-termos-cu-3-cani-din-oel-inoxidabil-05l-meninere-a-bauturilor-calde-6-ore-i-reci-12-ore-gonga-8.jpg\",\"contentUrl\":\"https:\/\/www.zoko.ro\/wp-content\/uploads\/2025\/03\/set-termos-cu-3-cani-din-oel-inoxidabil-05l-meninere-a-bauturilor-calde-6-ore-i-reci-12-ore-gonga-8.jpg\",\"width\":800,\"height\":800},{\"@type\":\"BreadcrumbList\",\"@id\":\"https:\/\/www.zoko.ro\/p\/set-termos-cu-3-cani-din-otel-inoxidabil-0-5l-mentinere-a-bauturilor-calde-6-ore-si-reci-12-ore-gonga-2\/#breadcrumb\",\"itemListElement\":[{\"@type\":\"ListItem\",\"position\":1,\"name\":\"Home\",\"item\":\"https:\/\/www.zoko.ro\/\"},{\"@type\":\"ListItem\",\"position\":2,\"name\":\"Magazin\",\"item\":\"https:\/\/www.zoko.ro\/magazin\/\"},{\"@type\":\"ListItem\",\"position\":3,\"name\":\"Set termos cu 3 c\u0103ni din o\u021bel inoxidabil, 0.5L, men\u021binere a b\u0103uturilor calde 6 ore \u0219i reci 12 ore, Gonga\u00ae\"}]},{\"@type\":\"WebSite\",\"@id\":\"https:\/\/www.zoko.ro\/#website\",\"url\":\"https:\/\/www.zoko.ro\/\",\"name\":\"ZOKO.ro\",\"description\":\"Cump\u0103r\u0103 inteligent\",\"publisher\":{\"@id\":\"https:\/\/www.zoko.ro\/#organization\"},\"potentialAction\":[{\"@type\":\"SearchAction\",\"target\":{\"@type\":\"EntryPoint\",\"urlTemplate\":\"https:\/\/www.zoko.ro\/?s={search_term_string}\"},\"query-input\":{\"@type\":\"PropertyValueSpecification\",\"valueRequired\":true,\"valueName\":\"search_term_string\"}}],\"inLanguage\":\"en-GB\"},{\"@type\":\"Organization\",\"@id\":\"https:\/\/www.zoko.ro\/#organization\",\"name\":\"ZOKO\",\"url\":\"https:\/\/www.zoko.ro\/\",\"logo\":{\"@type\":\"ImageObject\",\"inLanguage\":\"en-GB\",\"@id\":\"https:\/\/www.zoko.ro\/#\/schema\/logo\/image\/\",\"url\":\"https:\/\/www.zoko.ro\/wp-content\/uploads\/2025\/03\/logo1.svg\",\"contentUrl\":\"https:\/\/www.zoko.ro\/wp-content\/uploads\/2025\/03\/logo1.svg\",\"width\":799,\"height\":216,\"caption\":\"ZOKO\"},\"image\":{\"@id\":\"https:\/\/www.zoko.ro\/#\/schema\/logo\/image\/\"},\"sameAs\":[\"https:\/\/www.facebook.com\/profile.php?id=61584344135075\"]}]}<\/script>\n<!-- \/ Yoast SEO plugin. -->","yoast_head_json":{"title":"Set termos cu 3 c\u0103ni din o\u021bel inoxidabil, 0.5L, men\u021binere a b\u0103uturilor calde 6 ore \u0219i reci 12 ore, Gonga\u00ae | ZOKO","robots":{"index":"index","follow":"follow","max-snippet":"max-snippet:-1","max-image-preview":"max-image-preview:large","max-video-preview":"max-video-preview:-1"},"canonical":"https:\/\/www.zoko.ro\/en\/p\/set-termos-cu-3-cani-din-otel-inoxidabil-0-5l-mentinere-a-bauturilor-calde-6-ore-si-reci-12-ore-gonga-2\/","og_locale":"en_GB","og_type":"article","og_title":"Set termos cu 3 c\u0103ni din o\u021bel inoxidabil, 0.5L, men\u021binere a b\u0103uturilor calde 6 ore \u0219i reci 12 ore, Gonga\u00ae | ZOKO","og_description":"Culoare: Negru Set termos cu 3 c\u0103ni din o\u021bel inoxidabil, 0.5L, men\u021binere a b\u0103uturilor calde 6 ore \u0219i reci 12","og_url":"https:\/\/www.zoko.ro\/en\/p\/set-termos-cu-3-cani-din-otel-inoxidabil-0-5l-mentinere-a-bauturilor-calde-6-ore-si-reci-12-ore-gonga-2\/","og_site_name":"ZOKO","article_publisher":"https:\/\/www.facebook.com\/profile.php?id=61584344135075","og_image":[{"width":800,"height":800,"url":"https:\/\/www.zoko.ro\/wp-content\/uploads\/2025\/03\/set-termos-cu-3-cani-din-oel-inoxidabil-05l-meninere-a-bauturilor-calde-6-ore-i-reci-12-ore-gonga-8.jpg","type":"image\/jpeg"}],"twitter_card":"summary_large_image","twitter_misc":{"Estimated reading time":"1 minute"},"schema":{"@context":"https:\/\/schema.org","@graph":[{"@type":"WebPage","@id":"https:\/\/www.zoko.ro\/p\/set-termos-cu-3-cani-din-otel-inoxidabil-0-5l-mentinere-a-bauturilor-calde-6-ore-si-reci-12-ore-gonga-2\/","url":"https:\/\/www.zoko.ro\/p\/set-termos-cu-3-cani-din-otel-inoxidabil-0-5l-mentinere-a-bauturilor-calde-6-ore-si-reci-12-ore-gonga-2\/","name":"Set termos cu 3 c\u0103ni din o\u021bel inoxidabil, 0.5L, men\u021binere a b\u0103uturilor calde 6 ore \u0219i reci 12 ore, Gonga\u00ae | ZOKO","isPartOf":{"@id":"https:\/\/www.zoko.ro\/#website"},"primaryImageOfPage":{"@id":"https:\/\/www.zoko.ro\/p\/set-termos-cu-3-cani-din-otel-inoxidabil-0-5l-mentinere-a-bauturilor-calde-6-ore-si-reci-12-ore-gonga-2\/#primaryimage"},"image":{"@id":"https:\/\/www.zoko.ro\/p\/set-termos-cu-3-cani-din-otel-inoxidabil-0-5l-mentinere-a-bauturilor-calde-6-ore-si-reci-12-ore-gonga-2\/#primaryimage"},"thumbnailUrl":"https:\/\/www.zoko.ro\/wp-content\/uploads\/2025\/03\/set-termos-cu-3-cani-din-oel-inoxidabil-05l-meninere-a-bauturilor-calde-6-ore-i-reci-12-ore-gonga-8.jpg","datePublished":"2026-04-28T21:36:56+00:00","breadcrumb":{"@id":"https:\/\/www.zoko.ro\/p\/set-termos-cu-3-cani-din-otel-inoxidabil-0-5l-mentinere-a-bauturilor-calde-6-ore-si-reci-12-ore-gonga-2\/#breadcrumb"},"inLanguage":"en-GB","potentialAction":[{"@type":"ReadAction","target":["https:\/\/www.zoko.ro\/p\/set-termos-cu-3-cani-din-otel-inoxidabil-0-5l-mentinere-a-bauturilor-calde-6-ore-si-reci-12-ore-gonga-2\/"]}]},{"@type":"ImageObject","inLanguage":"en-GB","@id":"https:\/\/www.zoko.ro\/p\/set-termos-cu-3-cani-din-otel-inoxidabil-0-5l-mentinere-a-bauturilor-calde-6-ore-si-reci-12-ore-gonga-2\/#primaryimage","url":"https:\/\/www.zoko.ro\/wp-content\/uploads\/2025\/03\/set-termos-cu-3-cani-din-oel-inoxidabil-05l-meninere-a-bauturilor-calde-6-ore-i-reci-12-ore-gonga-8.jpg","contentUrl":"https:\/\/www.zoko.ro\/wp-content\/uploads\/2025\/03\/set-termos-cu-3-cani-din-oel-inoxidabil-05l-meninere-a-bauturilor-calde-6-ore-i-reci-12-ore-gonga-8.jpg","width":800,"height":800},{"@type":"BreadcrumbList","@id":"https:\/\/www.zoko.ro\/p\/set-termos-cu-3-cani-din-otel-inoxidabil-0-5l-mentinere-a-bauturilor-calde-6-ore-si-reci-12-ore-gonga-2\/#breadcrumb","itemListElement":[{"@type":"ListItem","position":1,"name":"Home","item":"https:\/\/www.zoko.ro\/"},{"@type":"ListItem","position":2,"name":"Magazin","item":"https:\/\/www.zoko.ro\/magazin\/"},{"@type":"ListItem","position":3,"name":"Set termos cu 3 c\u0103ni din o\u021bel inoxidabil, 0.5L, men\u021binere a b\u0103uturilor calde 6 ore \u0219i reci 12 ore, Gonga\u00ae"}]},{"@type":"WebSite","@id":"https:\/\/www.zoko.ro\/#website","url":"https:\/\/www.zoko.ro\/","name":"ZOKO.ro","description":"Cump\u0103r\u0103 inteligent","publisher":{"@id":"https:\/\/www.zoko.ro\/#organization"},"potentialAction":[{"@type":"SearchAction","target":{"@type":"EntryPoint","urlTemplate":"https:\/\/www.zoko.ro\/?s={search_term_string}"},"query-input":{"@type":"PropertyValueSpecification","valueRequired":true,"valueName":"search_term_string"}}],"inLanguage":"en-GB"},{"@type":"Organization","@id":"https:\/\/www.zoko.ro\/#organization","name":"ZOKO","url":"https:\/\/www.zoko.ro\/","logo":{"@type":"ImageObject","inLanguage":"en-GB","@id":"https:\/\/www.zoko.ro\/#\/schema\/logo\/image\/","url":"https:\/\/www.zoko.ro\/wp-content\/uploads\/2025\/03\/logo1.svg","contentUrl":"https:\/\/www.zoko.ro\/wp-content\/uploads\/2025\/03\/logo1.svg","width":799,"height":216,"caption":"ZOKO"},"image":{"@id":"https:\/\/www.zoko.ro\/#\/schema\/logo\/image\/"},"sameAs":["https:\/\/www.facebook.com\/profile.php?id=61584344135075"]}]}},"_links":{"self":[{"href":"https:\/\/www.zoko.ro\/en\/wp-json\/wp\/v2\/product\/13223","targetHints":{"allow":["GET"]}}],"collection":[{"href":"https:\/\/www.zoko.ro\/en\/wp-json\/wp\/v2\/product"}],"about":[{"href":"https:\/\/www.zoko.ro\/en\/wp-json\/wp\/v2\/types\/product"}],"replies":[{"embeddable":true,"href":"https:\/\/www.zoko.ro\/en\/wp-json\/wp\/v2\/comments?post=13223"}],"version-history":[{"count":2,"href":"https:\/\/www.zoko.ro\/en\/wp-json\/wp\/v2\/product\/13223\/revisions"}],"predecessor-version":[{"id":14075,"href":"https:\/\/www.zoko.ro\/en\/wp-json\/wp\/v2\/product\/13223\/revisions\/14075"}],"wp:featuredmedia":[{"embeddable":true,"href":"https:\/\/www.zoko.ro\/en\/wp-json\/wp\/v2\/media\/13225"}],"wp:attachment":[{"href":"https:\/\/www.zoko.ro\/en\/wp-json\/wp\/v2\/media?parent=13223"}],"wp:term":[{"taxonomy":"product_brand","embeddable":true,"href":"https:\/\/www.zoko.ro\/en\/wp-json\/wp\/v2\/product_brand?post=13223"},{"taxonomy":"product_cat","embeddable":true,"href":"https:\/\/www.zoko.ro\/en\/wp-json\/wp\/v2\/product_cat?post=13223"},{"taxonomy":"product_tag","embeddable":true,"href":"https:\/\/www.zoko.ro\/en\/wp-json\/wp\/v2\/product_tag?post=13223"}],"curies":[{"name":"wp","href":"https:\/\/api.w.org\/{rel}","templated":true}]}}