{"id":13679,"date":"2026-04-28T23:36:58","date_gmt":"2026-04-28T21:36:58","guid":{"rendered":"https:\/\/www.zoko.ro\/?post_type=product&#038;p=13679"},"modified":"2026-04-28T23:36:58","modified_gmt":"2026-04-28T21:36:58","slug":"detergent-rufe-hg-133-pentru-indepartarea-mirosurilor-de-pe-haine-500-g","status":"publish","type":"product","link":"https:\/\/www.zoko.ro\/en\/p\/detergent-rufe-hg-133-pentru-indepartarea-mirosurilor-de-pe-haine-500-g\/","title":{"rendered":"Detergent rufe, HG, 133, pentru indepartarea mirosurilor de pe haine, 500 g"},"content":{"rendered":"<p><strong>Culoare:<\/strong> Multicolor<\/p>\n<p>Cauza mirosurilor nepl\u0103cute din hainele de sport este adesea p\u0103strarea acestora, umede \u0219i transpirate, \u00een geanta de sport, co\u0219ul de rufe sau ma\u0219ina de sp\u0103lat pentru prea mult timp. Utilizarea unui detergent obi\u0219nuit nu este suficient\u0103 pentru a elimina complet aceste mirosuri. Chiar \u0219i dup\u0103 sp\u0103lare, hainele sport pot \u00eencepe s\u0103 miroas\u0103 din nou atunci c\u00e2nd sunt expuse la c\u0103ldur\u0103, fie prin utilizare, fie prin c\u0103lcare.<\/p>\n<p><img loading=\"lazy\" decoding=\"async\" src=\"https:\/\/gonga.ro\/img\/cms\/Detergent%20rufe,%20HG,%20133,%20pentru%20indepartarea%20mirosurilor%20de%20pe%20haine,%20500%20g.jpg\" alt=\"\" width=\"2365\" height=\"2365\" \/><\/p>\n<p>HG este o solu\u021bie extrem de eficient\u0103, capabil\u0103 s\u0103 elimine particulele de miros persistente, ascunse \u00een profunzimea fibrelor \u021bes\u0103turii. Este ideal nu doar pentru \u00eembr\u0103c\u0103mintea sport, ci \u0219i pentru prosoapele care nu mai miros proasp\u0103t chiar \u0219i dup\u0103 sp\u0103lare.<\/p>\n<\/p>\n<p>HG Aditiv de sp\u0103lare pentru eliminarea mirosurilor nepl\u0103cute ale hainelor sport \u2013 500 g<\/p>\n<p>\u00a0Elimin\u0103 eficient mirosurile nepl\u0103cute \u00een timpul sp\u0103l\u0103rii<\/p>\n<p>\u00a0Potrivit pentru haine sport \u0219i prosoape<\/p>\n<p>\u00a0Eficient \u0219i economic \u2013 suficient pentru aproximativ 16 sp\u0103l\u0103ri<\/p>\n<\/p>\n<p><strong>Specificatii:<\/strong><\/p>\n<\/p>\n<p>&#8211; Capacitate: 500 g<\/p>\n<p>&#8211; Termen de valabilitate: 7 ani de la data produc\u021biei indicat\u0103 pe ambalaj<\/p>","protected":false},"excerpt":{"rendered":"<p>Culoare: Multicolor Cauza mirosurilor nepl\u0103cute din hainele de sport este adesea p\u0103strarea acestora, umede \u0219i transpirate, \u00een geanta de sport,<\/p>","protected":false},"featured_media":13680,"comment_status":"open","ping_status":"open","template":"","meta":[],"product_brand":[],"product_cat":[99,100,105],"product_tag":[],"class_list":{"0":"post-13679","1":"product","2":"type-product","3":"status-publish","4":"has-post-thumbnail","6":"product_cat-acasa","7":"product_cat-casa-gradina","8":"product_cat-curatenie-intretinere-casa","9":"pa_culoare-multicolor","11":"first","12":"outofstock","13":"sale","14":"purchasable","15":"product-type-simple"},"yoast_head":"<!-- This site is optimized with the Yoast SEO plugin v27.2 - https:\/\/yoast.com\/product\/yoast-seo-wordpress\/ -->\n<title>Detergent rufe, HG, 133, pentru indepartarea mirosurilor de pe haine, 500 g | ZOKO<\/title>\n<meta name=\"robots\" content=\"index, follow, max-snippet:-1, max-image-preview:large, max-video-preview:-1\" \/>\n<link rel=\"canonical\" href=\"https:\/\/www.zoko.ro\/en\/p\/detergent-rufe-hg-133-pentru-indepartarea-mirosurilor-de-pe-haine-500-g\/\" \/>\n<meta property=\"og:locale\" content=\"en_GB\" \/>\n<meta property=\"og:type\" content=\"article\" \/>\n<meta property=\"og:title\" content=\"Detergent rufe, HG, 133, pentru indepartarea mirosurilor de pe haine, 500 g | ZOKO\" \/>\n<meta property=\"og:description\" content=\"Culoare: Multicolor Cauza mirosurilor nepl\u0103cute din hainele de sport este adesea p\u0103strarea acestora, umede \u0219i transpirate, \u00een geanta de sport,\" \/>\n<meta property=\"og:url\" content=\"https:\/\/www.zoko.ro\/en\/p\/detergent-rufe-hg-133-pentru-indepartarea-mirosurilor-de-pe-haine-500-g\/\" \/>\n<meta property=\"og:site_name\" content=\"ZOKO\" \/>\n<meta property=\"article:publisher\" content=\"https:\/\/www.facebook.com\/profile.php?id=61584344135075\" \/>\n<meta property=\"og:image\" content=\"https:\/\/www.zoko.ro\/wp-content\/uploads\/2025\/03\/detergent-rufe-hg-133-pentru-indepartarea-mirosurilor-de-pe-haine-500-g.jpg\" \/>\n\t<meta property=\"og:image:width\" content=\"2365\" \/>\n\t<meta property=\"og:image:height\" content=\"2365\" \/>\n\t<meta property=\"og:image:type\" content=\"image\/jpeg\" \/>\n<meta name=\"twitter:card\" content=\"summary_large_image\" \/>\n<meta name=\"twitter:label1\" content=\"Estimated reading time\" \/>\n\t<meta name=\"twitter:data1\" content=\"1 minute\" \/>\n<script type=\"application\/ld+json\" class=\"yoast-schema-graph\">{\"@context\":\"https:\/\/schema.org\",\"@graph\":[{\"@type\":\"WebPage\",\"@id\":\"https:\/\/www.zoko.ro\/p\/detergent-rufe-hg-133-pentru-indepartarea-mirosurilor-de-pe-haine-500-g\/\",\"url\":\"https:\/\/www.zoko.ro\/p\/detergent-rufe-hg-133-pentru-indepartarea-mirosurilor-de-pe-haine-500-g\/\",\"name\":\"Detergent rufe, HG, 133, pentru indepartarea mirosurilor de pe haine, 500 g | ZOKO\",\"isPartOf\":{\"@id\":\"https:\/\/www.zoko.ro\/#website\"},\"primaryImageOfPage\":{\"@id\":\"https:\/\/www.zoko.ro\/p\/detergent-rufe-hg-133-pentru-indepartarea-mirosurilor-de-pe-haine-500-g\/#primaryimage\"},\"image\":{\"@id\":\"https:\/\/www.zoko.ro\/p\/detergent-rufe-hg-133-pentru-indepartarea-mirosurilor-de-pe-haine-500-g\/#primaryimage\"},\"thumbnailUrl\":\"https:\/\/www.zoko.ro\/wp-content\/uploads\/2025\/03\/detergent-rufe-hg-133-pentru-indepartarea-mirosurilor-de-pe-haine-500-g.jpg\",\"datePublished\":\"2026-04-28T21:36:58+00:00\",\"breadcrumb\":{\"@id\":\"https:\/\/www.zoko.ro\/p\/detergent-rufe-hg-133-pentru-indepartarea-mirosurilor-de-pe-haine-500-g\/#breadcrumb\"},\"inLanguage\":\"en-GB\",\"potentialAction\":[{\"@type\":\"ReadAction\",\"target\":[\"https:\/\/www.zoko.ro\/p\/detergent-rufe-hg-133-pentru-indepartarea-mirosurilor-de-pe-haine-500-g\/\"]}]},{\"@type\":\"ImageObject\",\"inLanguage\":\"en-GB\",\"@id\":\"https:\/\/www.zoko.ro\/p\/detergent-rufe-hg-133-pentru-indepartarea-mirosurilor-de-pe-haine-500-g\/#primaryimage\",\"url\":\"https:\/\/www.zoko.ro\/wp-content\/uploads\/2025\/03\/detergent-rufe-hg-133-pentru-indepartarea-mirosurilor-de-pe-haine-500-g.jpg\",\"contentUrl\":\"https:\/\/www.zoko.ro\/wp-content\/uploads\/2025\/03\/detergent-rufe-hg-133-pentru-indepartarea-mirosurilor-de-pe-haine-500-g.jpg\",\"width\":2365,\"height\":2365},{\"@type\":\"BreadcrumbList\",\"@id\":\"https:\/\/www.zoko.ro\/p\/detergent-rufe-hg-133-pentru-indepartarea-mirosurilor-de-pe-haine-500-g\/#breadcrumb\",\"itemListElement\":[{\"@type\":\"ListItem\",\"position\":1,\"name\":\"Home\",\"item\":\"https:\/\/www.zoko.ro\/\"},{\"@type\":\"ListItem\",\"position\":2,\"name\":\"Magazin\",\"item\":\"https:\/\/www.zoko.ro\/magazin\/\"},{\"@type\":\"ListItem\",\"position\":3,\"name\":\"Detergent rufe, HG, 133, pentru indepartarea mirosurilor de pe haine, 500 g\"}]},{\"@type\":\"WebSite\",\"@id\":\"https:\/\/www.zoko.ro\/#website\",\"url\":\"https:\/\/www.zoko.ro\/\",\"name\":\"ZOKO.ro\",\"description\":\"Cump\u0103r\u0103 inteligent\",\"publisher\":{\"@id\":\"https:\/\/www.zoko.ro\/#organization\"},\"potentialAction\":[{\"@type\":\"SearchAction\",\"target\":{\"@type\":\"EntryPoint\",\"urlTemplate\":\"https:\/\/www.zoko.ro\/?s={search_term_string}\"},\"query-input\":{\"@type\":\"PropertyValueSpecification\",\"valueRequired\":true,\"valueName\":\"search_term_string\"}}],\"inLanguage\":\"en-GB\"},{\"@type\":\"Organization\",\"@id\":\"https:\/\/www.zoko.ro\/#organization\",\"name\":\"ZOKO\",\"url\":\"https:\/\/www.zoko.ro\/\",\"logo\":{\"@type\":\"ImageObject\",\"inLanguage\":\"en-GB\",\"@id\":\"https:\/\/www.zoko.ro\/#\/schema\/logo\/image\/\",\"url\":\"https:\/\/www.zoko.ro\/wp-content\/uploads\/2025\/03\/logo1.svg\",\"contentUrl\":\"https:\/\/www.zoko.ro\/wp-content\/uploads\/2025\/03\/logo1.svg\",\"width\":799,\"height\":216,\"caption\":\"ZOKO\"},\"image\":{\"@id\":\"https:\/\/www.zoko.ro\/#\/schema\/logo\/image\/\"},\"sameAs\":[\"https:\/\/www.facebook.com\/profile.php?id=61584344135075\"]}]}<\/script>\n<!-- \/ Yoast SEO plugin. -->","yoast_head_json":{"title":"Detergent rufe, HG, 133, pentru indepartarea mirosurilor de pe haine, 500 g | ZOKO","robots":{"index":"index","follow":"follow","max-snippet":"max-snippet:-1","max-image-preview":"max-image-preview:large","max-video-preview":"max-video-preview:-1"},"canonical":"https:\/\/www.zoko.ro\/en\/p\/detergent-rufe-hg-133-pentru-indepartarea-mirosurilor-de-pe-haine-500-g\/","og_locale":"en_GB","og_type":"article","og_title":"Detergent rufe, HG, 133, pentru indepartarea mirosurilor de pe haine, 500 g | ZOKO","og_description":"Culoare: Multicolor Cauza mirosurilor nepl\u0103cute din hainele de sport este adesea p\u0103strarea acestora, umede \u0219i transpirate, \u00een geanta de sport,","og_url":"https:\/\/www.zoko.ro\/en\/p\/detergent-rufe-hg-133-pentru-indepartarea-mirosurilor-de-pe-haine-500-g\/","og_site_name":"ZOKO","article_publisher":"https:\/\/www.facebook.com\/profile.php?id=61584344135075","og_image":[{"width":2365,"height":2365,"url":"https:\/\/www.zoko.ro\/wp-content\/uploads\/2025\/03\/detergent-rufe-hg-133-pentru-indepartarea-mirosurilor-de-pe-haine-500-g.jpg","type":"image\/jpeg"}],"twitter_card":"summary_large_image","twitter_misc":{"Estimated reading time":"1 minute"},"schema":{"@context":"https:\/\/schema.org","@graph":[{"@type":"WebPage","@id":"https:\/\/www.zoko.ro\/p\/detergent-rufe-hg-133-pentru-indepartarea-mirosurilor-de-pe-haine-500-g\/","url":"https:\/\/www.zoko.ro\/p\/detergent-rufe-hg-133-pentru-indepartarea-mirosurilor-de-pe-haine-500-g\/","name":"Detergent rufe, HG, 133, pentru indepartarea mirosurilor de pe haine, 500 g | ZOKO","isPartOf":{"@id":"https:\/\/www.zoko.ro\/#website"},"primaryImageOfPage":{"@id":"https:\/\/www.zoko.ro\/p\/detergent-rufe-hg-133-pentru-indepartarea-mirosurilor-de-pe-haine-500-g\/#primaryimage"},"image":{"@id":"https:\/\/www.zoko.ro\/p\/detergent-rufe-hg-133-pentru-indepartarea-mirosurilor-de-pe-haine-500-g\/#primaryimage"},"thumbnailUrl":"https:\/\/www.zoko.ro\/wp-content\/uploads\/2025\/03\/detergent-rufe-hg-133-pentru-indepartarea-mirosurilor-de-pe-haine-500-g.jpg","datePublished":"2026-04-28T21:36:58+00:00","breadcrumb":{"@id":"https:\/\/www.zoko.ro\/p\/detergent-rufe-hg-133-pentru-indepartarea-mirosurilor-de-pe-haine-500-g\/#breadcrumb"},"inLanguage":"en-GB","potentialAction":[{"@type":"ReadAction","target":["https:\/\/www.zoko.ro\/p\/detergent-rufe-hg-133-pentru-indepartarea-mirosurilor-de-pe-haine-500-g\/"]}]},{"@type":"ImageObject","inLanguage":"en-GB","@id":"https:\/\/www.zoko.ro\/p\/detergent-rufe-hg-133-pentru-indepartarea-mirosurilor-de-pe-haine-500-g\/#primaryimage","url":"https:\/\/www.zoko.ro\/wp-content\/uploads\/2025\/03\/detergent-rufe-hg-133-pentru-indepartarea-mirosurilor-de-pe-haine-500-g.jpg","contentUrl":"https:\/\/www.zoko.ro\/wp-content\/uploads\/2025\/03\/detergent-rufe-hg-133-pentru-indepartarea-mirosurilor-de-pe-haine-500-g.jpg","width":2365,"height":2365},{"@type":"BreadcrumbList","@id":"https:\/\/www.zoko.ro\/p\/detergent-rufe-hg-133-pentru-indepartarea-mirosurilor-de-pe-haine-500-g\/#breadcrumb","itemListElement":[{"@type":"ListItem","position":1,"name":"Home","item":"https:\/\/www.zoko.ro\/"},{"@type":"ListItem","position":2,"name":"Magazin","item":"https:\/\/www.zoko.ro\/magazin\/"},{"@type":"ListItem","position":3,"name":"Detergent rufe, HG, 133, pentru indepartarea mirosurilor de pe haine, 500 g"}]},{"@type":"WebSite","@id":"https:\/\/www.zoko.ro\/#website","url":"https:\/\/www.zoko.ro\/","name":"ZOKO.ro","description":"Cump\u0103r\u0103 inteligent","publisher":{"@id":"https:\/\/www.zoko.ro\/#organization"},"potentialAction":[{"@type":"SearchAction","target":{"@type":"EntryPoint","urlTemplate":"https:\/\/www.zoko.ro\/?s={search_term_string}"},"query-input":{"@type":"PropertyValueSpecification","valueRequired":true,"valueName":"search_term_string"}}],"inLanguage":"en-GB"},{"@type":"Organization","@id":"https:\/\/www.zoko.ro\/#organization","name":"ZOKO","url":"https:\/\/www.zoko.ro\/","logo":{"@type":"ImageObject","inLanguage":"en-GB","@id":"https:\/\/www.zoko.ro\/#\/schema\/logo\/image\/","url":"https:\/\/www.zoko.ro\/wp-content\/uploads\/2025\/03\/logo1.svg","contentUrl":"https:\/\/www.zoko.ro\/wp-content\/uploads\/2025\/03\/logo1.svg","width":799,"height":216,"caption":"ZOKO"},"image":{"@id":"https:\/\/www.zoko.ro\/#\/schema\/logo\/image\/"},"sameAs":["https:\/\/www.facebook.com\/profile.php?id=61584344135075"]}]}},"_links":{"self":[{"href":"https:\/\/www.zoko.ro\/en\/wp-json\/wp\/v2\/product\/13679","targetHints":{"allow":["GET"]}}],"collection":[{"href":"https:\/\/www.zoko.ro\/en\/wp-json\/wp\/v2\/product"}],"about":[{"href":"https:\/\/www.zoko.ro\/en\/wp-json\/wp\/v2\/types\/product"}],"replies":[{"embeddable":true,"href":"https:\/\/www.zoko.ro\/en\/wp-json\/wp\/v2\/comments?post=13679"}],"version-history":[{"count":1,"href":"https:\/\/www.zoko.ro\/en\/wp-json\/wp\/v2\/product\/13679\/revisions"}],"predecessor-version":[{"id":13726,"href":"https:\/\/www.zoko.ro\/en\/wp-json\/wp\/v2\/product\/13679\/revisions\/13726"}],"wp:featuredmedia":[{"embeddable":true,"href":"https:\/\/www.zoko.ro\/en\/wp-json\/wp\/v2\/media\/13680"}],"wp:attachment":[{"href":"https:\/\/www.zoko.ro\/en\/wp-json\/wp\/v2\/media?parent=13679"}],"wp:term":[{"taxonomy":"product_brand","embeddable":true,"href":"https:\/\/www.zoko.ro\/en\/wp-json\/wp\/v2\/product_brand?post=13679"},{"taxonomy":"product_cat","embeddable":true,"href":"https:\/\/www.zoko.ro\/en\/wp-json\/wp\/v2\/product_cat?post=13679"},{"taxonomy":"product_tag","embeddable":true,"href":"https:\/\/www.zoko.ro\/en\/wp-json\/wp\/v2\/product_tag?post=13679"}],"curies":[{"name":"wp","href":"https:\/\/api.w.org\/{rel}","templated":true}]}}