{"id":13681,"date":"2026-04-28T23:36:59","date_gmt":"2026-04-28T21:36:59","guid":{"rendered":"https:\/\/www.zoko.ro\/?post_type=product&#038;p=13681"},"modified":"2026-04-28T23:36:59","modified_gmt":"2026-04-28T21:36:59","slug":"pendul-in-stil-retro-realizat-din-otel-galvanizat-diametru-51-cm-e27-20-w-gonga","status":"publish","type":"product","link":"https:\/\/www.zoko.ro\/en\/p\/pendul-in-stil-retro-realizat-din-otel-galvanizat-diametru-51-cm-e27-20-w-gonga\/","title":{"rendered":"Pendul in stil retro, realizat din o\u021bel galvanizat, diametru 51 cm, E27 20 W, Gonga\u00ae"},"content":{"rendered":"<p><strong>Culoare:<\/strong> Crem<\/p>\n<p><strong>Lampa suspendat\u0103 retro din o\u021bel galvanizat \u2013 negru &amp; crem<\/strong><\/p>\n<p>O lamp\u0103 robust\u0103, cu un design retro, realizat\u0103 din o\u021bel galvanizat de culoare neagr\u0103, perfect\u0103 pentru diverse stiluri de interior.<\/p>\n<p><img loading=\"lazy\" decoding=\"async\" src=\"https:\/\/gonga.ro\/img\/cms\/Pendul%20in%20stil%20retro,%20realizat%20din%20o%C8%9Bel%20galvanizat,%20diametru%2051%20cm,%20E27%2020%20W,%20Gonga%C2%AE4.jpg\" alt=\"\" width=\"1024\" height=\"682\" \/><\/p>\n<p><strong>Caracteristici:<\/strong><\/p>\n<p>Ideal\u0103 pentru iluminarea mesei, biroului, holului sau spa\u021biilor comerciale<\/p>\n<p>Design versatil, potrivit pentru orice stil de interior<\/p>\n<p>Fabricat\u0103 din metal de \u00eenalt\u0103 calitate pentru durabilitate<\/p>\n<p>Include materialele de fixare necesare<\/p>\n<p>Suport\u0103 becuri standard E27 (becul nu este inclus)<\/p>\n<p><img loading=\"lazy\" decoding=\"async\" src=\"https:\/\/gonga.ro\/img\/cms\/Pendul%20in%20stil%20retro,%20realizat%20din%20o%C8%9Bel%20galvanizat,%20diametru%2051%20cm,%20E27%2020%20W,%20Gonga%C2%AE3.jpg\" alt=\"\" width=\"2560\" height=\"2560\" \/><\/p>\n<p><strong>Specificatii:<\/strong><\/p>\n<\/p>\n<p>&#8211; Culoare structur\u0103: crem<\/p>\n<p>&#8211; Material: o\u021bel galvanizat<\/p>\n<p>&#8211; \u00cen\u0103l\u021bime reglabil\u0103: p\u00e2n\u0103 la 200 cm<\/p>\n<p>&#8211; Diametru: p\u00e2n\u0103 la 51 cm<\/p>\n<p>&#8211; Stil: modern, potrivit pentru orice decor<\/p>\n<p>&#8211; Suprafa\u021b\u0103 recomandat\u0103: 8 \u2013 20 m\u00b2<\/p>\n<p>&#8211; Compatibilitate bec: E27, LED, max. 20W<\/p>","protected":false},"excerpt":{"rendered":"<p>Culoare: Crem Lampa suspendat\u0103 retro din o\u021bel galvanizat \u2013 negru &amp; crem O lamp\u0103 robust\u0103, cu un design retro, realizat\u0103<\/p>","protected":false},"featured_media":13682,"comment_status":"open","ping_status":"open","template":"","meta":[],"product_brand":[],"product_cat":[99,100,138,112,139],"product_tag":[104],"class_list":{"0":"post-13681","1":"product","2":"type-product","3":"status-publish","4":"has-post-thumbnail","6":"product_cat-acasa","7":"product_cat-casa-gradina","8":"product_cat-corpuri-de-iluminat","9":"product_cat-iluminat-electrice","10":"product_cat-lampi-si-veioze","11":"product_tag-in-stoc","12":"pa_culoare-crem","14":"first","15":"instock","16":"sale","17":"purchasable","18":"product-type-simple"},"yoast_head":"<!-- This site is optimized with the Yoast SEO plugin v27.2 - https:\/\/yoast.com\/product\/yoast-seo-wordpress\/ -->\n<title>Pendul in stil retro, realizat din o\u021bel galvanizat, diametru 51 cm, E27 20 W, Gonga\u00ae | ZOKO<\/title>\n<meta name=\"robots\" content=\"index, follow, max-snippet:-1, max-image-preview:large, max-video-preview:-1\" \/>\n<link rel=\"canonical\" href=\"https:\/\/www.zoko.ro\/en\/p\/pendul-in-stil-retro-realizat-din-otel-galvanizat-diametru-51-cm-e27-20-w-gonga\/\" \/>\n<meta property=\"og:locale\" content=\"en_GB\" \/>\n<meta property=\"og:type\" content=\"article\" \/>\n<meta property=\"og:title\" content=\"Pendul in stil retro, realizat din o\u021bel galvanizat, diametru 51 cm, E27 20 W, Gonga\u00ae | ZOKO\" \/>\n<meta property=\"og:description\" content=\"Culoare: Crem Lampa suspendat\u0103 retro din o\u021bel galvanizat \u2013 negru &amp; crem O lamp\u0103 robust\u0103, cu un design retro, realizat\u0103\" \/>\n<meta property=\"og:url\" content=\"https:\/\/www.zoko.ro\/en\/p\/pendul-in-stil-retro-realizat-din-otel-galvanizat-diametru-51-cm-e27-20-w-gonga\/\" \/>\n<meta property=\"og:site_name\" content=\"ZOKO\" \/>\n<meta property=\"article:publisher\" content=\"https:\/\/www.facebook.com\/profile.php?id=61584344135075\" \/>\n<meta property=\"og:image\" content=\"https:\/\/www.zoko.ro\/wp-content\/uploads\/2025\/03\/pendul-in-stil-retro-realizat-din-oel-galvanizat-diametru-51-cm-e27-20-w-gonga.jpg\" \/>\n\t<meta property=\"og:image:width\" content=\"2560\" \/>\n\t<meta property=\"og:image:height\" content=\"2560\" \/>\n\t<meta property=\"og:image:type\" content=\"image\/jpeg\" \/>\n<meta name=\"twitter:card\" content=\"summary_large_image\" \/>\n<meta name=\"twitter:label1\" content=\"Estimated reading time\" \/>\n\t<meta name=\"twitter:data1\" content=\"1 minute\" \/>\n<script type=\"application\/ld+json\" class=\"yoast-schema-graph\">{\"@context\":\"https:\/\/schema.org\",\"@graph\":[{\"@type\":\"WebPage\",\"@id\":\"https:\/\/www.zoko.ro\/p\/pendul-in-stil-retro-realizat-din-otel-galvanizat-diametru-51-cm-e27-20-w-gonga\/\",\"url\":\"https:\/\/www.zoko.ro\/p\/pendul-in-stil-retro-realizat-din-otel-galvanizat-diametru-51-cm-e27-20-w-gonga\/\",\"name\":\"Pendul in stil retro, realizat din o\u021bel galvanizat, diametru 51 cm, E27 20 W, Gonga\u00ae | ZOKO\",\"isPartOf\":{\"@id\":\"https:\/\/www.zoko.ro\/#website\"},\"primaryImageOfPage\":{\"@id\":\"https:\/\/www.zoko.ro\/p\/pendul-in-stil-retro-realizat-din-otel-galvanizat-diametru-51-cm-e27-20-w-gonga\/#primaryimage\"},\"image\":{\"@id\":\"https:\/\/www.zoko.ro\/p\/pendul-in-stil-retro-realizat-din-otel-galvanizat-diametru-51-cm-e27-20-w-gonga\/#primaryimage\"},\"thumbnailUrl\":\"https:\/\/www.zoko.ro\/wp-content\/uploads\/2025\/03\/pendul-in-stil-retro-realizat-din-oel-galvanizat-diametru-51-cm-e27-20-w-gonga.jpg\",\"datePublished\":\"2026-04-28T21:36:59+00:00\",\"breadcrumb\":{\"@id\":\"https:\/\/www.zoko.ro\/p\/pendul-in-stil-retro-realizat-din-otel-galvanizat-diametru-51-cm-e27-20-w-gonga\/#breadcrumb\"},\"inLanguage\":\"en-GB\",\"potentialAction\":[{\"@type\":\"ReadAction\",\"target\":[\"https:\/\/www.zoko.ro\/p\/pendul-in-stil-retro-realizat-din-otel-galvanizat-diametru-51-cm-e27-20-w-gonga\/\"]}]},{\"@type\":\"ImageObject\",\"inLanguage\":\"en-GB\",\"@id\":\"https:\/\/www.zoko.ro\/p\/pendul-in-stil-retro-realizat-din-otel-galvanizat-diametru-51-cm-e27-20-w-gonga\/#primaryimage\",\"url\":\"https:\/\/www.zoko.ro\/wp-content\/uploads\/2025\/03\/pendul-in-stil-retro-realizat-din-oel-galvanizat-diametru-51-cm-e27-20-w-gonga.jpg\",\"contentUrl\":\"https:\/\/www.zoko.ro\/wp-content\/uploads\/2025\/03\/pendul-in-stil-retro-realizat-din-oel-galvanizat-diametru-51-cm-e27-20-w-gonga.jpg\",\"width\":2560,\"height\":2560},{\"@type\":\"BreadcrumbList\",\"@id\":\"https:\/\/www.zoko.ro\/p\/pendul-in-stil-retro-realizat-din-otel-galvanizat-diametru-51-cm-e27-20-w-gonga\/#breadcrumb\",\"itemListElement\":[{\"@type\":\"ListItem\",\"position\":1,\"name\":\"Home\",\"item\":\"https:\/\/www.zoko.ro\/\"},{\"@type\":\"ListItem\",\"position\":2,\"name\":\"Magazin\",\"item\":\"https:\/\/www.zoko.ro\/magazin\/\"},{\"@type\":\"ListItem\",\"position\":3,\"name\":\"Pendul in stil retro, realizat din o\u021bel galvanizat, diametru 51 cm, E27 20 W, Gonga\u00ae\"}]},{\"@type\":\"WebSite\",\"@id\":\"https:\/\/www.zoko.ro\/#website\",\"url\":\"https:\/\/www.zoko.ro\/\",\"name\":\"ZOKO.ro\",\"description\":\"Cump\u0103r\u0103 inteligent\",\"publisher\":{\"@id\":\"https:\/\/www.zoko.ro\/#organization\"},\"potentialAction\":[{\"@type\":\"SearchAction\",\"target\":{\"@type\":\"EntryPoint\",\"urlTemplate\":\"https:\/\/www.zoko.ro\/?s={search_term_string}\"},\"query-input\":{\"@type\":\"PropertyValueSpecification\",\"valueRequired\":true,\"valueName\":\"search_term_string\"}}],\"inLanguage\":\"en-GB\"},{\"@type\":\"Organization\",\"@id\":\"https:\/\/www.zoko.ro\/#organization\",\"name\":\"ZOKO\",\"url\":\"https:\/\/www.zoko.ro\/\",\"logo\":{\"@type\":\"ImageObject\",\"inLanguage\":\"en-GB\",\"@id\":\"https:\/\/www.zoko.ro\/#\/schema\/logo\/image\/\",\"url\":\"https:\/\/www.zoko.ro\/wp-content\/uploads\/2025\/03\/logo1.svg\",\"contentUrl\":\"https:\/\/www.zoko.ro\/wp-content\/uploads\/2025\/03\/logo1.svg\",\"width\":799,\"height\":216,\"caption\":\"ZOKO\"},\"image\":{\"@id\":\"https:\/\/www.zoko.ro\/#\/schema\/logo\/image\/\"},\"sameAs\":[\"https:\/\/www.facebook.com\/profile.php?id=61584344135075\"]}]}<\/script>\n<!-- \/ Yoast SEO plugin. -->","yoast_head_json":{"title":"Pendul in stil retro, realizat din o\u021bel galvanizat, diametru 51 cm, E27 20 W, Gonga\u00ae | ZOKO","robots":{"index":"index","follow":"follow","max-snippet":"max-snippet:-1","max-image-preview":"max-image-preview:large","max-video-preview":"max-video-preview:-1"},"canonical":"https:\/\/www.zoko.ro\/en\/p\/pendul-in-stil-retro-realizat-din-otel-galvanizat-diametru-51-cm-e27-20-w-gonga\/","og_locale":"en_GB","og_type":"article","og_title":"Pendul in stil retro, realizat din o\u021bel galvanizat, diametru 51 cm, E27 20 W, Gonga\u00ae | ZOKO","og_description":"Culoare: Crem Lampa suspendat\u0103 retro din o\u021bel galvanizat \u2013 negru &amp; crem O lamp\u0103 robust\u0103, cu un design retro, realizat\u0103","og_url":"https:\/\/www.zoko.ro\/en\/p\/pendul-in-stil-retro-realizat-din-otel-galvanizat-diametru-51-cm-e27-20-w-gonga\/","og_site_name":"ZOKO","article_publisher":"https:\/\/www.facebook.com\/profile.php?id=61584344135075","og_image":[{"width":2560,"height":2560,"url":"https:\/\/www.zoko.ro\/wp-content\/uploads\/2025\/03\/pendul-in-stil-retro-realizat-din-oel-galvanizat-diametru-51-cm-e27-20-w-gonga.jpg","type":"image\/jpeg"}],"twitter_card":"summary_large_image","twitter_misc":{"Estimated reading time":"1 minute"},"schema":{"@context":"https:\/\/schema.org","@graph":[{"@type":"WebPage","@id":"https:\/\/www.zoko.ro\/p\/pendul-in-stil-retro-realizat-din-otel-galvanizat-diametru-51-cm-e27-20-w-gonga\/","url":"https:\/\/www.zoko.ro\/p\/pendul-in-stil-retro-realizat-din-otel-galvanizat-diametru-51-cm-e27-20-w-gonga\/","name":"Pendul in stil retro, realizat din o\u021bel galvanizat, diametru 51 cm, E27 20 W, Gonga\u00ae | ZOKO","isPartOf":{"@id":"https:\/\/www.zoko.ro\/#website"},"primaryImageOfPage":{"@id":"https:\/\/www.zoko.ro\/p\/pendul-in-stil-retro-realizat-din-otel-galvanizat-diametru-51-cm-e27-20-w-gonga\/#primaryimage"},"image":{"@id":"https:\/\/www.zoko.ro\/p\/pendul-in-stil-retro-realizat-din-otel-galvanizat-diametru-51-cm-e27-20-w-gonga\/#primaryimage"},"thumbnailUrl":"https:\/\/www.zoko.ro\/wp-content\/uploads\/2025\/03\/pendul-in-stil-retro-realizat-din-oel-galvanizat-diametru-51-cm-e27-20-w-gonga.jpg","datePublished":"2026-04-28T21:36:59+00:00","breadcrumb":{"@id":"https:\/\/www.zoko.ro\/p\/pendul-in-stil-retro-realizat-din-otel-galvanizat-diametru-51-cm-e27-20-w-gonga\/#breadcrumb"},"inLanguage":"en-GB","potentialAction":[{"@type":"ReadAction","target":["https:\/\/www.zoko.ro\/p\/pendul-in-stil-retro-realizat-din-otel-galvanizat-diametru-51-cm-e27-20-w-gonga\/"]}]},{"@type":"ImageObject","inLanguage":"en-GB","@id":"https:\/\/www.zoko.ro\/p\/pendul-in-stil-retro-realizat-din-otel-galvanizat-diametru-51-cm-e27-20-w-gonga\/#primaryimage","url":"https:\/\/www.zoko.ro\/wp-content\/uploads\/2025\/03\/pendul-in-stil-retro-realizat-din-oel-galvanizat-diametru-51-cm-e27-20-w-gonga.jpg","contentUrl":"https:\/\/www.zoko.ro\/wp-content\/uploads\/2025\/03\/pendul-in-stil-retro-realizat-din-oel-galvanizat-diametru-51-cm-e27-20-w-gonga.jpg","width":2560,"height":2560},{"@type":"BreadcrumbList","@id":"https:\/\/www.zoko.ro\/p\/pendul-in-stil-retro-realizat-din-otel-galvanizat-diametru-51-cm-e27-20-w-gonga\/#breadcrumb","itemListElement":[{"@type":"ListItem","position":1,"name":"Home","item":"https:\/\/www.zoko.ro\/"},{"@type":"ListItem","position":2,"name":"Magazin","item":"https:\/\/www.zoko.ro\/magazin\/"},{"@type":"ListItem","position":3,"name":"Pendul in stil retro, realizat din o\u021bel galvanizat, diametru 51 cm, E27 20 W, Gonga\u00ae"}]},{"@type":"WebSite","@id":"https:\/\/www.zoko.ro\/#website","url":"https:\/\/www.zoko.ro\/","name":"ZOKO.ro","description":"Cump\u0103r\u0103 inteligent","publisher":{"@id":"https:\/\/www.zoko.ro\/#organization"},"potentialAction":[{"@type":"SearchAction","target":{"@type":"EntryPoint","urlTemplate":"https:\/\/www.zoko.ro\/?s={search_term_string}"},"query-input":{"@type":"PropertyValueSpecification","valueRequired":true,"valueName":"search_term_string"}}],"inLanguage":"en-GB"},{"@type":"Organization","@id":"https:\/\/www.zoko.ro\/#organization","name":"ZOKO","url":"https:\/\/www.zoko.ro\/","logo":{"@type":"ImageObject","inLanguage":"en-GB","@id":"https:\/\/www.zoko.ro\/#\/schema\/logo\/image\/","url":"https:\/\/www.zoko.ro\/wp-content\/uploads\/2025\/03\/logo1.svg","contentUrl":"https:\/\/www.zoko.ro\/wp-content\/uploads\/2025\/03\/logo1.svg","width":799,"height":216,"caption":"ZOKO"},"image":{"@id":"https:\/\/www.zoko.ro\/#\/schema\/logo\/image\/"},"sameAs":["https:\/\/www.facebook.com\/profile.php?id=61584344135075"]}]}},"_links":{"self":[{"href":"https:\/\/www.zoko.ro\/en\/wp-json\/wp\/v2\/product\/13681","targetHints":{"allow":["GET"]}}],"collection":[{"href":"https:\/\/www.zoko.ro\/en\/wp-json\/wp\/v2\/product"}],"about":[{"href":"https:\/\/www.zoko.ro\/en\/wp-json\/wp\/v2\/types\/product"}],"replies":[{"embeddable":true,"href":"https:\/\/www.zoko.ro\/en\/wp-json\/wp\/v2\/comments?post=13681"}],"version-history":[{"count":1,"href":"https:\/\/www.zoko.ro\/en\/wp-json\/wp\/v2\/product\/13681\/revisions"}],"predecessor-version":[{"id":13727,"href":"https:\/\/www.zoko.ro\/en\/wp-json\/wp\/v2\/product\/13681\/revisions\/13727"}],"wp:featuredmedia":[{"embeddable":true,"href":"https:\/\/www.zoko.ro\/en\/wp-json\/wp\/v2\/media\/13682"}],"wp:attachment":[{"href":"https:\/\/www.zoko.ro\/en\/wp-json\/wp\/v2\/media?parent=13681"}],"wp:term":[{"taxonomy":"product_brand","embeddable":true,"href":"https:\/\/www.zoko.ro\/en\/wp-json\/wp\/v2\/product_brand?post=13681"},{"taxonomy":"product_cat","embeddable":true,"href":"https:\/\/www.zoko.ro\/en\/wp-json\/wp\/v2\/product_cat?post=13681"},{"taxonomy":"product_tag","embeddable":true,"href":"https:\/\/www.zoko.ro\/en\/wp-json\/wp\/v2\/product_tag?post=13681"}],"curies":[{"name":"wp","href":"https:\/\/api.w.org\/{rel}","templated":true}]}}