{"id":13714,"date":"2026-04-28T23:38:02","date_gmt":"2026-04-28T21:38:02","guid":{"rendered":"https:\/\/www.zoko.ro\/?post_type=product&#038;p=13714"},"modified":"2026-04-28T23:38:02","modified_gmt":"2026-04-28T21:38:02","slug":"set-4-pensete-otel-inoxidabil-diferite-latimi-tip-4-gonga","status":"publish","type":"product","link":"https:\/\/www.zoko.ro\/en\/p\/set-4-pensete-otel-inoxidabil-diferite-latimi-tip-4-gonga\/","title":{"rendered":"Set 4 pensete otel inoxidabil, diferite latimi, Tip 4, Gonga\u00ae"},"content":{"rendered":"<p><strong>Culoare:<\/strong> Negru<\/p>\n<p><strong>Set 4 pensete profesionale pentru gene \u0219i spr\u00e2ncene \u2013 precizie \u0219i durabilitate<\/strong><\/p>\n<p>Ob\u021bine spr\u00e2ncene perfect conturate \u0219i gene impecabile cu acest set de 4 pensete profesionale, realizate din o\u021bel inoxidabil de \u00eenalt\u0103 calitate. Designul ergonomic, cu m\u00e2ner lung \u0219i confortabil, asigur\u0103 o prindere ferm\u0103 \u0219i precizie maxim\u0103.<\/p>\n<p><img loading=\"lazy\" decoding=\"async\" src=\"https:\/\/gonga.ro\/img\/cms\/Set%204%20pensete%20otel%20inoxidabil,%20diferite%20latimi,%20Tip%204,%20Gonga%C2%AE5.jpg\" alt=\"\" width=\"1194\" height=\"1200\" \/><\/p>\n<p>\u00a0Ideal pentru stilizarea spr\u00e2ncenelor \u0219i aplicarea genelor<\/p>\n<p>\u00a0Durabil \u0219i rezistent \u2013 fabricat din o\u021bel inoxidabil<\/p>\n<p>\u00a0U\u0219or de folosit \u2013 design ergonomic pentru control perfect<\/p>\n<p>\u00a0Depozitare practic\u0103 \u2013 setul include un toc din piele ecologic\u0103<\/p>\n<p><img loading=\"lazy\" decoding=\"async\" src=\"https:\/\/gonga.ro\/img\/cms\/Set%204%20pensete%20otel%20inoxidabil,%20diferite%20latimi,%20Tip%204,%20Gonga%C2%AE4.jpg\" alt=\"\" width=\"1200\" height=\"1153\" \/><\/p>\n<p><strong>Specifica\u021bii:<\/strong><\/p>\n<p><strong><\/strong><\/p>\n<p>&#8211; Material: o\u021bel inoxidabil + hus\u0103 din piele ecologic\u0103<\/p>\n<p>&#8211; Dimensiuni penset\u0103: 9,6 cm x 1 cm x 0,4 cm<\/p>\n<p>&#8211; Dimensiuni hus\u0103: 11,5 cm x 7 cm x 1,5 cm<\/p>\n<p>&#8211; Culoare: negru<\/p>","protected":false},"excerpt":{"rendered":"<p>Culoare: Negru Set 4 pensete profesionale pentru gene \u0219i spr\u00e2ncene \u2013 precizie \u0219i durabilitate Ob\u021bine spr\u00e2ncene perfect conturate \u0219i gene<\/p>","protected":false},"featured_media":13715,"comment_status":"open","ping_status":"open","template":"","meta":[],"product_brand":[],"product_cat":[99,115,114],"product_tag":[104],"class_list":{"0":"post-13714","1":"product","2":"type-product","3":"status-publish","4":"has-post-thumbnail","6":"product_cat-acasa","7":"product_cat-aparate-accesorii-ingrijire-personala","8":"product_cat-ingrijire-personala-cosmetice","9":"product_tag-in-stoc","10":"pa_culoare-negru","12":"first","13":"instock","14":"sale","15":"purchasable","16":"product-type-simple"},"yoast_head":"<!-- This site is optimized with the Yoast SEO plugin v27.2 - https:\/\/yoast.com\/product\/yoast-seo-wordpress\/ -->\n<title>Set 4 pensete otel inoxidabil, diferite latimi, Tip 4, Gonga\u00ae | ZOKO<\/title>\n<meta name=\"robots\" content=\"index, follow, max-snippet:-1, max-image-preview:large, max-video-preview:-1\" \/>\n<link rel=\"canonical\" href=\"https:\/\/www.zoko.ro\/en\/p\/set-4-pensete-otel-inoxidabil-diferite-latimi-tip-4-gonga\/\" \/>\n<meta property=\"og:locale\" content=\"en_GB\" \/>\n<meta property=\"og:type\" content=\"article\" \/>\n<meta property=\"og:title\" content=\"Set 4 pensete otel inoxidabil, diferite latimi, Tip 4, Gonga\u00ae | ZOKO\" \/>\n<meta property=\"og:description\" content=\"Culoare: Negru Set 4 pensete profesionale pentru gene \u0219i spr\u00e2ncene \u2013 precizie \u0219i durabilitate Ob\u021bine spr\u00e2ncene perfect conturate \u0219i gene\" \/>\n<meta property=\"og:url\" content=\"https:\/\/www.zoko.ro\/en\/p\/set-4-pensete-otel-inoxidabil-diferite-latimi-tip-4-gonga\/\" \/>\n<meta property=\"og:site_name\" content=\"ZOKO\" \/>\n<meta property=\"article:publisher\" content=\"https:\/\/www.facebook.com\/profile.php?id=61584344135075\" \/>\n<meta property=\"og:image\" content=\"https:\/\/www.zoko.ro\/wp-content\/uploads\/2025\/03\/set-4-pensete-otel-inoxidabil-diferite-latimi-tip-4-gonga.jpg\" \/>\n\t<meta property=\"og:image:width\" content=\"1187\" \/>\n\t<meta property=\"og:image:height\" content=\"1200\" \/>\n\t<meta property=\"og:image:type\" content=\"image\/jpeg\" \/>\n<meta name=\"twitter:card\" content=\"summary_large_image\" \/>\n<meta name=\"twitter:label1\" content=\"Estimated reading time\" \/>\n\t<meta name=\"twitter:data1\" content=\"1 minute\" \/>\n<script type=\"application\/ld+json\" class=\"yoast-schema-graph\">{\"@context\":\"https:\/\/schema.org\",\"@graph\":[{\"@type\":\"WebPage\",\"@id\":\"https:\/\/www.zoko.ro\/p\/set-4-pensete-otel-inoxidabil-diferite-latimi-tip-4-gonga\/\",\"url\":\"https:\/\/www.zoko.ro\/p\/set-4-pensete-otel-inoxidabil-diferite-latimi-tip-4-gonga\/\",\"name\":\"Set 4 pensete otel inoxidabil, diferite latimi, Tip 4, Gonga\u00ae | ZOKO\",\"isPartOf\":{\"@id\":\"https:\/\/www.zoko.ro\/#website\"},\"primaryImageOfPage\":{\"@id\":\"https:\/\/www.zoko.ro\/p\/set-4-pensete-otel-inoxidabil-diferite-latimi-tip-4-gonga\/#primaryimage\"},\"image\":{\"@id\":\"https:\/\/www.zoko.ro\/p\/set-4-pensete-otel-inoxidabil-diferite-latimi-tip-4-gonga\/#primaryimage\"},\"thumbnailUrl\":\"https:\/\/www.zoko.ro\/wp-content\/uploads\/2025\/03\/set-4-pensete-otel-inoxidabil-diferite-latimi-tip-4-gonga.jpg\",\"datePublished\":\"2026-04-28T21:38:02+00:00\",\"breadcrumb\":{\"@id\":\"https:\/\/www.zoko.ro\/p\/set-4-pensete-otel-inoxidabil-diferite-latimi-tip-4-gonga\/#breadcrumb\"},\"inLanguage\":\"en-GB\",\"potentialAction\":[{\"@type\":\"ReadAction\",\"target\":[\"https:\/\/www.zoko.ro\/p\/set-4-pensete-otel-inoxidabil-diferite-latimi-tip-4-gonga\/\"]}]},{\"@type\":\"ImageObject\",\"inLanguage\":\"en-GB\",\"@id\":\"https:\/\/www.zoko.ro\/p\/set-4-pensete-otel-inoxidabil-diferite-latimi-tip-4-gonga\/#primaryimage\",\"url\":\"https:\/\/www.zoko.ro\/wp-content\/uploads\/2025\/03\/set-4-pensete-otel-inoxidabil-diferite-latimi-tip-4-gonga.jpg\",\"contentUrl\":\"https:\/\/www.zoko.ro\/wp-content\/uploads\/2025\/03\/set-4-pensete-otel-inoxidabil-diferite-latimi-tip-4-gonga.jpg\",\"width\":1187,\"height\":1200},{\"@type\":\"BreadcrumbList\",\"@id\":\"https:\/\/www.zoko.ro\/p\/set-4-pensete-otel-inoxidabil-diferite-latimi-tip-4-gonga\/#breadcrumb\",\"itemListElement\":[{\"@type\":\"ListItem\",\"position\":1,\"name\":\"Home\",\"item\":\"https:\/\/www.zoko.ro\/\"},{\"@type\":\"ListItem\",\"position\":2,\"name\":\"Magazin\",\"item\":\"https:\/\/www.zoko.ro\/magazin\/\"},{\"@type\":\"ListItem\",\"position\":3,\"name\":\"Set 4 pensete otel inoxidabil, diferite latimi, Tip 4, Gonga\u00ae\"}]},{\"@type\":\"WebSite\",\"@id\":\"https:\/\/www.zoko.ro\/#website\",\"url\":\"https:\/\/www.zoko.ro\/\",\"name\":\"ZOKO.ro\",\"description\":\"Cump\u0103r\u0103 inteligent\",\"publisher\":{\"@id\":\"https:\/\/www.zoko.ro\/#organization\"},\"potentialAction\":[{\"@type\":\"SearchAction\",\"target\":{\"@type\":\"EntryPoint\",\"urlTemplate\":\"https:\/\/www.zoko.ro\/?s={search_term_string}\"},\"query-input\":{\"@type\":\"PropertyValueSpecification\",\"valueRequired\":true,\"valueName\":\"search_term_string\"}}],\"inLanguage\":\"en-GB\"},{\"@type\":\"Organization\",\"@id\":\"https:\/\/www.zoko.ro\/#organization\",\"name\":\"ZOKO\",\"url\":\"https:\/\/www.zoko.ro\/\",\"logo\":{\"@type\":\"ImageObject\",\"inLanguage\":\"en-GB\",\"@id\":\"https:\/\/www.zoko.ro\/#\/schema\/logo\/image\/\",\"url\":\"https:\/\/www.zoko.ro\/wp-content\/uploads\/2025\/03\/logo1.svg\",\"contentUrl\":\"https:\/\/www.zoko.ro\/wp-content\/uploads\/2025\/03\/logo1.svg\",\"width\":799,\"height\":216,\"caption\":\"ZOKO\"},\"image\":{\"@id\":\"https:\/\/www.zoko.ro\/#\/schema\/logo\/image\/\"},\"sameAs\":[\"https:\/\/www.facebook.com\/profile.php?id=61584344135075\"]}]}<\/script>\n<!-- \/ Yoast SEO plugin. -->","yoast_head_json":{"title":"Set 4 pensete otel inoxidabil, diferite latimi, Tip 4, Gonga\u00ae | ZOKO","robots":{"index":"index","follow":"follow","max-snippet":"max-snippet:-1","max-image-preview":"max-image-preview:large","max-video-preview":"max-video-preview:-1"},"canonical":"https:\/\/www.zoko.ro\/en\/p\/set-4-pensete-otel-inoxidabil-diferite-latimi-tip-4-gonga\/","og_locale":"en_GB","og_type":"article","og_title":"Set 4 pensete otel inoxidabil, diferite latimi, Tip 4, Gonga\u00ae | ZOKO","og_description":"Culoare: Negru Set 4 pensete profesionale pentru gene \u0219i spr\u00e2ncene \u2013 precizie \u0219i durabilitate Ob\u021bine spr\u00e2ncene perfect conturate \u0219i gene","og_url":"https:\/\/www.zoko.ro\/en\/p\/set-4-pensete-otel-inoxidabil-diferite-latimi-tip-4-gonga\/","og_site_name":"ZOKO","article_publisher":"https:\/\/www.facebook.com\/profile.php?id=61584344135075","og_image":[{"width":1187,"height":1200,"url":"https:\/\/www.zoko.ro\/wp-content\/uploads\/2025\/03\/set-4-pensete-otel-inoxidabil-diferite-latimi-tip-4-gonga.jpg","type":"image\/jpeg"}],"twitter_card":"summary_large_image","twitter_misc":{"Estimated reading time":"1 minute"},"schema":{"@context":"https:\/\/schema.org","@graph":[{"@type":"WebPage","@id":"https:\/\/www.zoko.ro\/p\/set-4-pensete-otel-inoxidabil-diferite-latimi-tip-4-gonga\/","url":"https:\/\/www.zoko.ro\/p\/set-4-pensete-otel-inoxidabil-diferite-latimi-tip-4-gonga\/","name":"Set 4 pensete otel inoxidabil, diferite latimi, Tip 4, Gonga\u00ae | ZOKO","isPartOf":{"@id":"https:\/\/www.zoko.ro\/#website"},"primaryImageOfPage":{"@id":"https:\/\/www.zoko.ro\/p\/set-4-pensete-otel-inoxidabil-diferite-latimi-tip-4-gonga\/#primaryimage"},"image":{"@id":"https:\/\/www.zoko.ro\/p\/set-4-pensete-otel-inoxidabil-diferite-latimi-tip-4-gonga\/#primaryimage"},"thumbnailUrl":"https:\/\/www.zoko.ro\/wp-content\/uploads\/2025\/03\/set-4-pensete-otel-inoxidabil-diferite-latimi-tip-4-gonga.jpg","datePublished":"2026-04-28T21:38:02+00:00","breadcrumb":{"@id":"https:\/\/www.zoko.ro\/p\/set-4-pensete-otel-inoxidabil-diferite-latimi-tip-4-gonga\/#breadcrumb"},"inLanguage":"en-GB","potentialAction":[{"@type":"ReadAction","target":["https:\/\/www.zoko.ro\/p\/set-4-pensete-otel-inoxidabil-diferite-latimi-tip-4-gonga\/"]}]},{"@type":"ImageObject","inLanguage":"en-GB","@id":"https:\/\/www.zoko.ro\/p\/set-4-pensete-otel-inoxidabil-diferite-latimi-tip-4-gonga\/#primaryimage","url":"https:\/\/www.zoko.ro\/wp-content\/uploads\/2025\/03\/set-4-pensete-otel-inoxidabil-diferite-latimi-tip-4-gonga.jpg","contentUrl":"https:\/\/www.zoko.ro\/wp-content\/uploads\/2025\/03\/set-4-pensete-otel-inoxidabil-diferite-latimi-tip-4-gonga.jpg","width":1187,"height":1200},{"@type":"BreadcrumbList","@id":"https:\/\/www.zoko.ro\/p\/set-4-pensete-otel-inoxidabil-diferite-latimi-tip-4-gonga\/#breadcrumb","itemListElement":[{"@type":"ListItem","position":1,"name":"Home","item":"https:\/\/www.zoko.ro\/"},{"@type":"ListItem","position":2,"name":"Magazin","item":"https:\/\/www.zoko.ro\/magazin\/"},{"@type":"ListItem","position":3,"name":"Set 4 pensete otel inoxidabil, diferite latimi, Tip 4, Gonga\u00ae"}]},{"@type":"WebSite","@id":"https:\/\/www.zoko.ro\/#website","url":"https:\/\/www.zoko.ro\/","name":"ZOKO.ro","description":"Cump\u0103r\u0103 inteligent","publisher":{"@id":"https:\/\/www.zoko.ro\/#organization"},"potentialAction":[{"@type":"SearchAction","target":{"@type":"EntryPoint","urlTemplate":"https:\/\/www.zoko.ro\/?s={search_term_string}"},"query-input":{"@type":"PropertyValueSpecification","valueRequired":true,"valueName":"search_term_string"}}],"inLanguage":"en-GB"},{"@type":"Organization","@id":"https:\/\/www.zoko.ro\/#organization","name":"ZOKO","url":"https:\/\/www.zoko.ro\/","logo":{"@type":"ImageObject","inLanguage":"en-GB","@id":"https:\/\/www.zoko.ro\/#\/schema\/logo\/image\/","url":"https:\/\/www.zoko.ro\/wp-content\/uploads\/2025\/03\/logo1.svg","contentUrl":"https:\/\/www.zoko.ro\/wp-content\/uploads\/2025\/03\/logo1.svg","width":799,"height":216,"caption":"ZOKO"},"image":{"@id":"https:\/\/www.zoko.ro\/#\/schema\/logo\/image\/"},"sameAs":["https:\/\/www.facebook.com\/profile.php?id=61584344135075"]}]}},"_links":{"self":[{"href":"https:\/\/www.zoko.ro\/en\/wp-json\/wp\/v2\/product\/13714","targetHints":{"allow":["GET"]}}],"collection":[{"href":"https:\/\/www.zoko.ro\/en\/wp-json\/wp\/v2\/product"}],"about":[{"href":"https:\/\/www.zoko.ro\/en\/wp-json\/wp\/v2\/types\/product"}],"replies":[{"embeddable":true,"href":"https:\/\/www.zoko.ro\/en\/wp-json\/wp\/v2\/comments?post=13714"}],"version-history":[{"count":1,"href":"https:\/\/www.zoko.ro\/en\/wp-json\/wp\/v2\/product\/13714\/revisions"}],"predecessor-version":[{"id":13732,"href":"https:\/\/www.zoko.ro\/en\/wp-json\/wp\/v2\/product\/13714\/revisions\/13732"}],"wp:featuredmedia":[{"embeddable":true,"href":"https:\/\/www.zoko.ro\/en\/wp-json\/wp\/v2\/media\/13715"}],"wp:attachment":[{"href":"https:\/\/www.zoko.ro\/en\/wp-json\/wp\/v2\/media?parent=13714"}],"wp:term":[{"taxonomy":"product_brand","embeddable":true,"href":"https:\/\/www.zoko.ro\/en\/wp-json\/wp\/v2\/product_brand?post=13714"},{"taxonomy":"product_cat","embeddable":true,"href":"https:\/\/www.zoko.ro\/en\/wp-json\/wp\/v2\/product_cat?post=13714"},{"taxonomy":"product_tag","embeddable":true,"href":"https:\/\/www.zoko.ro\/en\/wp-json\/wp\/v2\/product_tag?post=13714"}],"curies":[{"name":"wp","href":"https:\/\/api.w.org\/{rel}","templated":true}]}}