{"id":13832,"date":"2026-04-28T23:38:05","date_gmt":"2026-04-28T21:38:05","guid":{"rendered":"https:\/\/www.zoko.ro\/p\/lampa-solara-led-de-gradina-ip-67-44-cm-gonga-3\/"},"modified":"2026-04-28T23:38:05","modified_gmt":"2026-04-28T21:38:05","slug":"lampa-solara-led-de-gradina-ip-67-44-cm-gonga-3","status":"publish","type":"product","link":"https:\/\/www.zoko.ro\/en\/p\/lampa-solara-led-de-gradina-ip-67-44-cm-gonga-3\/","title":{"rendered":"Lampa solara LED de gradina, IP 67, 44 cm, Gonga\u00ae"},"content":{"rendered":"<p><strong>Culoare:<\/strong> Galben<\/p>\n<p><strong>Lamp\u0103 solar\u0103 LED de gr\u0103din\u0103, IP67, 44 cm<\/strong><\/p>\n<p>Ilumineaz\u0103-\u021bi gr\u0103dina cu stil \u0219i eficien\u021b\u0103 energetic\u0103 folosind aceast\u0103 lamp\u0103 solar\u0103 LED de 44 cm \u00een\u0103l\u021bime. Cu un design modern \u0219i rezisten\u021b\u0103 ridicat\u0103 la intemperii (certificare IP67), este perfect\u0103 pentru alei, terase, cur\u021bi sau spa\u021bii verzi.<\/p>\n<\/p>\n<p><strong>Caracteristici principale:<\/strong><\/p>\n<ul>\n<li>Alimentare solar \u2013 f\u0103r\u0103 cabluri, economise\u0219te energie<\/li>\n<li>LED integrat \u2013 lumin\u0103 alb\u0103 rece, ideal\u0103 pentru exterior<\/li>\n<li>Certificare IP67 \u2013 complet rezistent\u0103 la praf \u0219i ap\u0103, potrivit\u0103 pentru toate anotimpurile<\/li>\n<li>\u00cen\u0103l\u021bime: 44 cm \u2013 ofer\u0103 o lumin\u0103 ambiental\u0103 pl\u0103cut\u0103<\/li>\n<li>Se aprinde automat la l\u0103sarea \u00eentunericului \u0219i se \u00eencarc\u0103 ziua<\/li>\n<li>V\u00e2rful puternic permite instalarea rapid\u0103 \u0219i sigur\u0103 a l\u0103mpii \u00een p\u0103m\u00e2nt, \u00een timp ce carcasa impermeabil\u0103 garanteaz\u0103 o utilizare f\u0103r\u0103 probleme indiferent de condi\u021biile meteorologice<\/li>\n<\/ul>\n<p>Elegant\u0103, practic\u0103 \u0219i ecologic\u0103 \u2013 o solu\u021bie inteligent\u0103 pentru a-\u021bi transforma gr\u0103dina \u00eentr-un spa\u021biu luminos \u0219i primitor.<\/p>\n<\/p>\n<p><strong>Specificatii:<\/strong><\/p>\n<\/p>\n<p>&#8211; Tip produs: Lampa<\/p>\n<p>&#8211; Tip bec: LED<\/p>\n<p>&#8211; Alimentare: Solar<\/p>\n<p>&#8211; Potrivit pentru: Gradina<\/p>\n<p>&#8211; Material: plastic PP<\/p>\n<p>&#8211; Baterie \u00eenlocuibil\u0103: 1.2V \/ 250mAh \/ Ni-MH<\/p>\n<p>&#8211; Putere: 2W<\/p>","protected":false},"excerpt":{"rendered":"<p>Culoare: Galben Lamp\u0103 solar\u0103 LED de gr\u0103din\u0103, IP67, 44 cm Ilumineaz\u0103-\u021bi gr\u0103dina cu stil \u0219i eficien\u021b\u0103 energetic\u0103 folosind aceast\u0103 lamp\u0103<\/p>","protected":false},"featured_media":13833,"comment_status":"open","ping_status":"open","template":"","meta":[],"product_brand":[],"product_cat":[99,100,138,112,139],"product_tag":[],"class_list":{"0":"post-13832","1":"product","2":"type-product","3":"status-publish","4":"has-post-thumbnail","6":"product_cat-acasa","7":"product_cat-casa-gradina","8":"product_cat-corpuri-de-iluminat","9":"product_cat-iluminat-electrice","10":"product_cat-lampi-si-veioze","11":"pa_culoare-galben","13":"first","14":"outofstock","15":"sale","16":"purchasable","17":"product-type-simple"},"yoast_head":"<!-- This site is optimized with the Yoast SEO plugin v27.2 - https:\/\/yoast.com\/product\/yoast-seo-wordpress\/ -->\n<title>Lampa solara LED de gradina, IP 67, 44 cm, Gonga\u00ae | ZOKO<\/title>\n<meta name=\"robots\" content=\"index, follow, max-snippet:-1, max-image-preview:large, max-video-preview:-1\" \/>\n<link rel=\"canonical\" href=\"https:\/\/www.zoko.ro\/en\/p\/lampa-solara-led-de-gradina-ip-67-44-cm-gonga-3\/\" \/>\n<meta property=\"og:locale\" content=\"en_GB\" \/>\n<meta property=\"og:type\" content=\"article\" \/>\n<meta property=\"og:title\" content=\"Lampa solara LED de gradina, IP 67, 44 cm, Gonga\u00ae | ZOKO\" \/>\n<meta property=\"og:description\" content=\"Culoare: Galben Lamp\u0103 solar\u0103 LED de gr\u0103din\u0103, IP67, 44 cm Ilumineaz\u0103-\u021bi gr\u0103dina cu stil \u0219i eficien\u021b\u0103 energetic\u0103 folosind aceast\u0103 lamp\u0103\" \/>\n<meta property=\"og:url\" content=\"https:\/\/www.zoko.ro\/en\/p\/lampa-solara-led-de-gradina-ip-67-44-cm-gonga-3\/\" \/>\n<meta property=\"og:site_name\" content=\"ZOKO\" \/>\n<meta property=\"article:publisher\" content=\"https:\/\/www.facebook.com\/profile.php?id=61584344135075\" \/>\n<meta property=\"og:image\" content=\"https:\/\/www.zoko.ro\/wp-content\/uploads\/2025\/04\/lampa-solara-led-de-gradina-ip-67-44-cm-gonga-35.jpg\" \/>\n\t<meta property=\"og:image:width\" content=\"1181\" \/>\n\t<meta property=\"og:image:height\" content=\"1200\" \/>\n\t<meta property=\"og:image:type\" content=\"image\/jpeg\" \/>\n<meta name=\"twitter:card\" content=\"summary_large_image\" \/>\n<meta name=\"twitter:label1\" content=\"Estimated reading time\" \/>\n\t<meta name=\"twitter:data1\" content=\"1 minute\" \/>\n<script type=\"application\/ld+json\" class=\"yoast-schema-graph\">{\"@context\":\"https:\/\/schema.org\",\"@graph\":[{\"@type\":\"WebPage\",\"@id\":\"https:\/\/www.zoko.ro\/p\/lampa-solara-led-de-gradina-ip-67-44-cm-gonga-3\/\",\"url\":\"https:\/\/www.zoko.ro\/p\/lampa-solara-led-de-gradina-ip-67-44-cm-gonga-3\/\",\"name\":\"Lampa solara LED de gradina, IP 67, 44 cm, Gonga\u00ae | ZOKO\",\"isPartOf\":{\"@id\":\"https:\/\/www.zoko.ro\/#website\"},\"primaryImageOfPage\":{\"@id\":\"https:\/\/www.zoko.ro\/p\/lampa-solara-led-de-gradina-ip-67-44-cm-gonga-3\/#primaryimage\"},\"image\":{\"@id\":\"https:\/\/www.zoko.ro\/p\/lampa-solara-led-de-gradina-ip-67-44-cm-gonga-3\/#primaryimage\"},\"thumbnailUrl\":\"https:\/\/www.zoko.ro\/wp-content\/uploads\/2025\/04\/lampa-solara-led-de-gradina-ip-67-44-cm-gonga-35.jpg\",\"datePublished\":\"2026-04-28T21:38:05+00:00\",\"breadcrumb\":{\"@id\":\"https:\/\/www.zoko.ro\/p\/lampa-solara-led-de-gradina-ip-67-44-cm-gonga-3\/#breadcrumb\"},\"inLanguage\":\"en-GB\",\"potentialAction\":[{\"@type\":\"ReadAction\",\"target\":[\"https:\/\/www.zoko.ro\/p\/lampa-solara-led-de-gradina-ip-67-44-cm-gonga-3\/\"]}]},{\"@type\":\"ImageObject\",\"inLanguage\":\"en-GB\",\"@id\":\"https:\/\/www.zoko.ro\/p\/lampa-solara-led-de-gradina-ip-67-44-cm-gonga-3\/#primaryimage\",\"url\":\"https:\/\/www.zoko.ro\/wp-content\/uploads\/2025\/04\/lampa-solara-led-de-gradina-ip-67-44-cm-gonga-35.jpg\",\"contentUrl\":\"https:\/\/www.zoko.ro\/wp-content\/uploads\/2025\/04\/lampa-solara-led-de-gradina-ip-67-44-cm-gonga-35.jpg\",\"width\":1181,\"height\":1200},{\"@type\":\"BreadcrumbList\",\"@id\":\"https:\/\/www.zoko.ro\/p\/lampa-solara-led-de-gradina-ip-67-44-cm-gonga-3\/#breadcrumb\",\"itemListElement\":[{\"@type\":\"ListItem\",\"position\":1,\"name\":\"Home\",\"item\":\"https:\/\/www.zoko.ro\/\"},{\"@type\":\"ListItem\",\"position\":2,\"name\":\"Magazin\",\"item\":\"https:\/\/www.zoko.ro\/magazin\/\"},{\"@type\":\"ListItem\",\"position\":3,\"name\":\"Lampa solara LED de gradina, IP 67, 44 cm, Gonga\u00ae\"}]},{\"@type\":\"WebSite\",\"@id\":\"https:\/\/www.zoko.ro\/#website\",\"url\":\"https:\/\/www.zoko.ro\/\",\"name\":\"ZOKO.ro\",\"description\":\"Cump\u0103r\u0103 inteligent\",\"publisher\":{\"@id\":\"https:\/\/www.zoko.ro\/#organization\"},\"potentialAction\":[{\"@type\":\"SearchAction\",\"target\":{\"@type\":\"EntryPoint\",\"urlTemplate\":\"https:\/\/www.zoko.ro\/?s={search_term_string}\"},\"query-input\":{\"@type\":\"PropertyValueSpecification\",\"valueRequired\":true,\"valueName\":\"search_term_string\"}}],\"inLanguage\":\"en-GB\"},{\"@type\":\"Organization\",\"@id\":\"https:\/\/www.zoko.ro\/#organization\",\"name\":\"ZOKO\",\"url\":\"https:\/\/www.zoko.ro\/\",\"logo\":{\"@type\":\"ImageObject\",\"inLanguage\":\"en-GB\",\"@id\":\"https:\/\/www.zoko.ro\/#\/schema\/logo\/image\/\",\"url\":\"https:\/\/www.zoko.ro\/wp-content\/uploads\/2025\/03\/logo1.svg\",\"contentUrl\":\"https:\/\/www.zoko.ro\/wp-content\/uploads\/2025\/03\/logo1.svg\",\"width\":799,\"height\":216,\"caption\":\"ZOKO\"},\"image\":{\"@id\":\"https:\/\/www.zoko.ro\/#\/schema\/logo\/image\/\"},\"sameAs\":[\"https:\/\/www.facebook.com\/profile.php?id=61584344135075\"]}]}<\/script>\n<!-- \/ Yoast SEO plugin. -->","yoast_head_json":{"title":"Lampa solara LED de gradina, IP 67, 44 cm, Gonga\u00ae | ZOKO","robots":{"index":"index","follow":"follow","max-snippet":"max-snippet:-1","max-image-preview":"max-image-preview:large","max-video-preview":"max-video-preview:-1"},"canonical":"https:\/\/www.zoko.ro\/en\/p\/lampa-solara-led-de-gradina-ip-67-44-cm-gonga-3\/","og_locale":"en_GB","og_type":"article","og_title":"Lampa solara LED de gradina, IP 67, 44 cm, Gonga\u00ae | ZOKO","og_description":"Culoare: Galben Lamp\u0103 solar\u0103 LED de gr\u0103din\u0103, IP67, 44 cm Ilumineaz\u0103-\u021bi gr\u0103dina cu stil \u0219i eficien\u021b\u0103 energetic\u0103 folosind aceast\u0103 lamp\u0103","og_url":"https:\/\/www.zoko.ro\/en\/p\/lampa-solara-led-de-gradina-ip-67-44-cm-gonga-3\/","og_site_name":"ZOKO","article_publisher":"https:\/\/www.facebook.com\/profile.php?id=61584344135075","og_image":[{"width":1181,"height":1200,"url":"https:\/\/www.zoko.ro\/wp-content\/uploads\/2025\/04\/lampa-solara-led-de-gradina-ip-67-44-cm-gonga-35.jpg","type":"image\/jpeg"}],"twitter_card":"summary_large_image","twitter_misc":{"Estimated reading time":"1 minute"},"schema":{"@context":"https:\/\/schema.org","@graph":[{"@type":"WebPage","@id":"https:\/\/www.zoko.ro\/p\/lampa-solara-led-de-gradina-ip-67-44-cm-gonga-3\/","url":"https:\/\/www.zoko.ro\/p\/lampa-solara-led-de-gradina-ip-67-44-cm-gonga-3\/","name":"Lampa solara LED de gradina, IP 67, 44 cm, Gonga\u00ae | ZOKO","isPartOf":{"@id":"https:\/\/www.zoko.ro\/#website"},"primaryImageOfPage":{"@id":"https:\/\/www.zoko.ro\/p\/lampa-solara-led-de-gradina-ip-67-44-cm-gonga-3\/#primaryimage"},"image":{"@id":"https:\/\/www.zoko.ro\/p\/lampa-solara-led-de-gradina-ip-67-44-cm-gonga-3\/#primaryimage"},"thumbnailUrl":"https:\/\/www.zoko.ro\/wp-content\/uploads\/2025\/04\/lampa-solara-led-de-gradina-ip-67-44-cm-gonga-35.jpg","datePublished":"2026-04-28T21:38:05+00:00","breadcrumb":{"@id":"https:\/\/www.zoko.ro\/p\/lampa-solara-led-de-gradina-ip-67-44-cm-gonga-3\/#breadcrumb"},"inLanguage":"en-GB","potentialAction":[{"@type":"ReadAction","target":["https:\/\/www.zoko.ro\/p\/lampa-solara-led-de-gradina-ip-67-44-cm-gonga-3\/"]}]},{"@type":"ImageObject","inLanguage":"en-GB","@id":"https:\/\/www.zoko.ro\/p\/lampa-solara-led-de-gradina-ip-67-44-cm-gonga-3\/#primaryimage","url":"https:\/\/www.zoko.ro\/wp-content\/uploads\/2025\/04\/lampa-solara-led-de-gradina-ip-67-44-cm-gonga-35.jpg","contentUrl":"https:\/\/www.zoko.ro\/wp-content\/uploads\/2025\/04\/lampa-solara-led-de-gradina-ip-67-44-cm-gonga-35.jpg","width":1181,"height":1200},{"@type":"BreadcrumbList","@id":"https:\/\/www.zoko.ro\/p\/lampa-solara-led-de-gradina-ip-67-44-cm-gonga-3\/#breadcrumb","itemListElement":[{"@type":"ListItem","position":1,"name":"Home","item":"https:\/\/www.zoko.ro\/"},{"@type":"ListItem","position":2,"name":"Magazin","item":"https:\/\/www.zoko.ro\/magazin\/"},{"@type":"ListItem","position":3,"name":"Lampa solara LED de gradina, IP 67, 44 cm, Gonga\u00ae"}]},{"@type":"WebSite","@id":"https:\/\/www.zoko.ro\/#website","url":"https:\/\/www.zoko.ro\/","name":"ZOKO.ro","description":"Cump\u0103r\u0103 inteligent","publisher":{"@id":"https:\/\/www.zoko.ro\/#organization"},"potentialAction":[{"@type":"SearchAction","target":{"@type":"EntryPoint","urlTemplate":"https:\/\/www.zoko.ro\/?s={search_term_string}"},"query-input":{"@type":"PropertyValueSpecification","valueRequired":true,"valueName":"search_term_string"}}],"inLanguage":"en-GB"},{"@type":"Organization","@id":"https:\/\/www.zoko.ro\/#organization","name":"ZOKO","url":"https:\/\/www.zoko.ro\/","logo":{"@type":"ImageObject","inLanguage":"en-GB","@id":"https:\/\/www.zoko.ro\/#\/schema\/logo\/image\/","url":"https:\/\/www.zoko.ro\/wp-content\/uploads\/2025\/03\/logo1.svg","contentUrl":"https:\/\/www.zoko.ro\/wp-content\/uploads\/2025\/03\/logo1.svg","width":799,"height":216,"caption":"ZOKO"},"image":{"@id":"https:\/\/www.zoko.ro\/#\/schema\/logo\/image\/"},"sameAs":["https:\/\/www.facebook.com\/profile.php?id=61584344135075"]}]}},"_links":{"self":[{"href":"https:\/\/www.zoko.ro\/en\/wp-json\/wp\/v2\/product\/13832","targetHints":{"allow":["GET"]}}],"collection":[{"href":"https:\/\/www.zoko.ro\/en\/wp-json\/wp\/v2\/product"}],"about":[{"href":"https:\/\/www.zoko.ro\/en\/wp-json\/wp\/v2\/types\/product"}],"replies":[{"embeddable":true,"href":"https:\/\/www.zoko.ro\/en\/wp-json\/wp\/v2\/comments?post=13832"}],"version-history":[{"count":1,"href":"https:\/\/www.zoko.ro\/en\/wp-json\/wp\/v2\/product\/13832\/revisions"}],"predecessor-version":[{"id":14018,"href":"https:\/\/www.zoko.ro\/en\/wp-json\/wp\/v2\/product\/13832\/revisions\/14018"}],"wp:featuredmedia":[{"embeddable":true,"href":"https:\/\/www.zoko.ro\/en\/wp-json\/wp\/v2\/media\/13833"}],"wp:attachment":[{"href":"https:\/\/www.zoko.ro\/en\/wp-json\/wp\/v2\/media?parent=13832"}],"wp:term":[{"taxonomy":"product_brand","embeddable":true,"href":"https:\/\/www.zoko.ro\/en\/wp-json\/wp\/v2\/product_brand?post=13832"},{"taxonomy":"product_cat","embeddable":true,"href":"https:\/\/www.zoko.ro\/en\/wp-json\/wp\/v2\/product_cat?post=13832"},{"taxonomy":"product_tag","embeddable":true,"href":"https:\/\/www.zoko.ro\/en\/wp-json\/wp\/v2\/product_tag?post=13832"}],"curies":[{"name":"wp","href":"https:\/\/api.w.org\/{rel}","templated":true}]}}