{"id":13857,"date":"2026-04-28T23:38:06","date_gmt":"2026-04-28T21:38:06","guid":{"rendered":"https:\/\/www.zoko.ro\/p\/cutit-pentru-deget-din-silicon-protectie-pentru-degete-multifunctional-gonga\/"},"modified":"2026-04-28T23:38:06","modified_gmt":"2026-04-28T21:38:06","slug":"cutit-pentru-deget-din-silicon-protectie-pentru-degete-multifunctional-gonga","status":"publish","type":"product","link":"https:\/\/www.zoko.ro\/en\/p\/cutit-pentru-deget-din-silicon-protectie-pentru-degete-multifunctional-gonga\/","title":{"rendered":"Cutit pentru deget din silicon, protectie pentru degete, multifunctional, Gonga\u00ae"},"content":{"rendered":"<p><strong>Culoare:<\/strong> Portocaliu<\/p>\n<p>Culege, taie \u0219i recolteaz\u0103 mai u\u0219or cu acest degetar inovator cu lam\u0103 integrat\u0103, ideal pentru gr\u0103din\u0103rit! Fabricat din silicon moale \u0219i flexibil, ofer\u0103 confort sporit \u0219i protec\u021bie \u00een timpul lucrului, \u00een timp ce lama din inox ajut\u0103 la t\u0103ierea rapid\u0103 a tulpinilor, fructelor sau legumelor.<\/p>\n<p><img loading=\"lazy\" decoding=\"async\" src=\"https:\/\/gonga.ro\/img\/cms\/Cutit%20pentru%20deget%20din%20silicon,%20protectie%20pentru%20degete,%20multifunctional,%20Gonga%C2%AE3.jpg\" alt=\"\" width=\"720\" height=\"720\" \/><\/p>\n<p><strong>Caracteristici principale:<\/strong><\/p>\n<\/p>\n<ul>\n<li>Confec\u021bionat din silicon elastic, pl\u0103cut la purtare \u0219i u\u0219or de cur\u0103\u021bat<\/li>\n<li>Lam\u0103 inoxidabil\u0103 \u00eencorporat\u0103 \u2013 pentru t\u0103ieri precise \u0219i eficiente<\/li>\n<li>Ideal pentru recoltat ro\u0219ii, ardei, c\u0103p\u0219uni, ierburi aromatice \u0219i multe altele<\/li>\n<li>Include protec\u021bie pentru degetul mare \u0219i inel de fixare reglabil<\/li>\n<li>U\u0219or, practic \u0219i sigur \u2013 perfect pentru orice gr\u0103dinar, \u00eencep\u0103tor sau pasionat<\/li>\n<\/ul>\n<p>Un instrument mic, dar extrem de util, care \u00ee\u021bi face munca \u00een gr\u0103din\u0103 mai rapid\u0103 \u0219i mai pl\u0103cut\u0103!<\/p>\n<p><img loading=\"lazy\" decoding=\"async\" src=\"https:\/\/gonga.ro\/img\/cms\/Cutit%20pentru%20deget%20din%20silicon,%20protectie%20pentru%20degete,%20multifunctional,%20Gonga%C2%AE1.jpg\" alt=\"\" width=\"800\" height=\"800\" \/><\/p>\n<\/p>\n<p><strong>Specificatii:<\/strong><\/p>\n<\/p>\n<p>&#8211; Material: silicon, metal, plastic, cauciuc<\/p>\n<p>&#8211; Dimensiune: universal<\/p>\n<p>&#8211; Greutate cu ambalaj: 0,02 kg<\/p>","protected":false},"excerpt":{"rendered":"<p>Culoare: Portocaliu Culege, taie \u0219i recolteaz\u0103 mai u\u0219or cu acest degetar inovator cu lam\u0103 integrat\u0103, ideal pentru gr\u0103din\u0103rit! Fabricat din<\/p>","protected":false},"featured_media":13858,"comment_status":"open","ping_status":"open","template":"","meta":[],"product_brand":[],"product_cat":[99,100,129,321],"product_tag":[104],"class_list":{"0":"post-13857","1":"product","2":"type-product","3":"status-publish","4":"has-post-thumbnail","6":"product_cat-acasa","7":"product_cat-casa-gradina","8":"product_cat-gradinarit","9":"product_cat-unelte-gradinarit","10":"product_tag-in-stoc","11":"pa_culoare-portocaliu","13":"first","14":"instock","15":"sale","16":"purchasable","17":"product-type-simple"},"yoast_head":"<!-- This site is optimized with the Yoast SEO plugin v27.2 - https:\/\/yoast.com\/product\/yoast-seo-wordpress\/ -->\n<title>Cutit pentru deget din silicon, protectie pentru degete, multifunctional, Gonga\u00ae | ZOKO<\/title>\n<meta name=\"robots\" content=\"index, follow, max-snippet:-1, max-image-preview:large, max-video-preview:-1\" \/>\n<link rel=\"canonical\" href=\"https:\/\/www.zoko.ro\/en\/p\/cutit-pentru-deget-din-silicon-protectie-pentru-degete-multifunctional-gonga\/\" \/>\n<meta property=\"og:locale\" content=\"en_GB\" \/>\n<meta property=\"og:type\" content=\"article\" \/>\n<meta property=\"og:title\" content=\"Cutit pentru deget din silicon, protectie pentru degete, multifunctional, Gonga\u00ae | ZOKO\" \/>\n<meta property=\"og:description\" content=\"Culoare: Portocaliu Culege, taie \u0219i recolteaz\u0103 mai u\u0219or cu acest degetar inovator cu lam\u0103 integrat\u0103, ideal pentru gr\u0103din\u0103rit! Fabricat din\" \/>\n<meta property=\"og:url\" content=\"https:\/\/www.zoko.ro\/en\/p\/cutit-pentru-deget-din-silicon-protectie-pentru-degete-multifunctional-gonga\/\" \/>\n<meta property=\"og:site_name\" content=\"ZOKO\" \/>\n<meta property=\"article:publisher\" content=\"https:\/\/www.facebook.com\/profile.php?id=61584344135075\" \/>\n<meta property=\"og:image\" content=\"https:\/\/www.zoko.ro\/wp-content\/uploads\/2025\/04\/cutit-pentru-deget-din-silicon-protectie-pentru-degete-multifunctional-gonga-14.jpg\" \/>\n\t<meta property=\"og:image:width\" content=\"730\" \/>\n\t<meta property=\"og:image:height\" content=\"730\" \/>\n\t<meta property=\"og:image:type\" content=\"image\/jpeg\" \/>\n<meta name=\"twitter:card\" content=\"summary_large_image\" \/>\n<meta name=\"twitter:label1\" content=\"Estimated reading time\" \/>\n\t<meta name=\"twitter:data1\" content=\"1 minute\" \/>\n<script type=\"application\/ld+json\" class=\"yoast-schema-graph\">{\"@context\":\"https:\/\/schema.org\",\"@graph\":[{\"@type\":\"WebPage\",\"@id\":\"https:\/\/www.zoko.ro\/p\/cutit-pentru-deget-din-silicon-protectie-pentru-degete-multifunctional-gonga\/\",\"url\":\"https:\/\/www.zoko.ro\/p\/cutit-pentru-deget-din-silicon-protectie-pentru-degete-multifunctional-gonga\/\",\"name\":\"Cutit pentru deget din silicon, protectie pentru degete, multifunctional, Gonga\u00ae | ZOKO\",\"isPartOf\":{\"@id\":\"https:\/\/www.zoko.ro\/#website\"},\"primaryImageOfPage\":{\"@id\":\"https:\/\/www.zoko.ro\/p\/cutit-pentru-deget-din-silicon-protectie-pentru-degete-multifunctional-gonga\/#primaryimage\"},\"image\":{\"@id\":\"https:\/\/www.zoko.ro\/p\/cutit-pentru-deget-din-silicon-protectie-pentru-degete-multifunctional-gonga\/#primaryimage\"},\"thumbnailUrl\":\"https:\/\/www.zoko.ro\/wp-content\/uploads\/2025\/04\/cutit-pentru-deget-din-silicon-protectie-pentru-degete-multifunctional-gonga-14.jpg\",\"datePublished\":\"2026-04-28T21:38:06+00:00\",\"breadcrumb\":{\"@id\":\"https:\/\/www.zoko.ro\/p\/cutit-pentru-deget-din-silicon-protectie-pentru-degete-multifunctional-gonga\/#breadcrumb\"},\"inLanguage\":\"en-GB\",\"potentialAction\":[{\"@type\":\"ReadAction\",\"target\":[\"https:\/\/www.zoko.ro\/p\/cutit-pentru-deget-din-silicon-protectie-pentru-degete-multifunctional-gonga\/\"]}]},{\"@type\":\"ImageObject\",\"inLanguage\":\"en-GB\",\"@id\":\"https:\/\/www.zoko.ro\/p\/cutit-pentru-deget-din-silicon-protectie-pentru-degete-multifunctional-gonga\/#primaryimage\",\"url\":\"https:\/\/www.zoko.ro\/wp-content\/uploads\/2025\/04\/cutit-pentru-deget-din-silicon-protectie-pentru-degete-multifunctional-gonga-14.jpg\",\"contentUrl\":\"https:\/\/www.zoko.ro\/wp-content\/uploads\/2025\/04\/cutit-pentru-deget-din-silicon-protectie-pentru-degete-multifunctional-gonga-14.jpg\",\"width\":730,\"height\":730},{\"@type\":\"BreadcrumbList\",\"@id\":\"https:\/\/www.zoko.ro\/p\/cutit-pentru-deget-din-silicon-protectie-pentru-degete-multifunctional-gonga\/#breadcrumb\",\"itemListElement\":[{\"@type\":\"ListItem\",\"position\":1,\"name\":\"Home\",\"item\":\"https:\/\/www.zoko.ro\/\"},{\"@type\":\"ListItem\",\"position\":2,\"name\":\"Magazin\",\"item\":\"https:\/\/www.zoko.ro\/magazin\/\"},{\"@type\":\"ListItem\",\"position\":3,\"name\":\"Cutit pentru deget din silicon, protectie pentru degete, multifunctional, Gonga\u00ae\"}]},{\"@type\":\"WebSite\",\"@id\":\"https:\/\/www.zoko.ro\/#website\",\"url\":\"https:\/\/www.zoko.ro\/\",\"name\":\"ZOKO.ro\",\"description\":\"Cump\u0103r\u0103 inteligent\",\"publisher\":{\"@id\":\"https:\/\/www.zoko.ro\/#organization\"},\"potentialAction\":[{\"@type\":\"SearchAction\",\"target\":{\"@type\":\"EntryPoint\",\"urlTemplate\":\"https:\/\/www.zoko.ro\/?s={search_term_string}\"},\"query-input\":{\"@type\":\"PropertyValueSpecification\",\"valueRequired\":true,\"valueName\":\"search_term_string\"}}],\"inLanguage\":\"en-GB\"},{\"@type\":\"Organization\",\"@id\":\"https:\/\/www.zoko.ro\/#organization\",\"name\":\"ZOKO\",\"url\":\"https:\/\/www.zoko.ro\/\",\"logo\":{\"@type\":\"ImageObject\",\"inLanguage\":\"en-GB\",\"@id\":\"https:\/\/www.zoko.ro\/#\/schema\/logo\/image\/\",\"url\":\"https:\/\/www.zoko.ro\/wp-content\/uploads\/2025\/03\/logo1.svg\",\"contentUrl\":\"https:\/\/www.zoko.ro\/wp-content\/uploads\/2025\/03\/logo1.svg\",\"width\":799,\"height\":216,\"caption\":\"ZOKO\"},\"image\":{\"@id\":\"https:\/\/www.zoko.ro\/#\/schema\/logo\/image\/\"},\"sameAs\":[\"https:\/\/www.facebook.com\/profile.php?id=61584344135075\"]}]}<\/script>\n<!-- \/ Yoast SEO plugin. -->","yoast_head_json":{"title":"Cutit pentru deget din silicon, protectie pentru degete, multifunctional, Gonga\u00ae | ZOKO","robots":{"index":"index","follow":"follow","max-snippet":"max-snippet:-1","max-image-preview":"max-image-preview:large","max-video-preview":"max-video-preview:-1"},"canonical":"https:\/\/www.zoko.ro\/en\/p\/cutit-pentru-deget-din-silicon-protectie-pentru-degete-multifunctional-gonga\/","og_locale":"en_GB","og_type":"article","og_title":"Cutit pentru deget din silicon, protectie pentru degete, multifunctional, Gonga\u00ae | ZOKO","og_description":"Culoare: Portocaliu Culege, taie \u0219i recolteaz\u0103 mai u\u0219or cu acest degetar inovator cu lam\u0103 integrat\u0103, ideal pentru gr\u0103din\u0103rit! Fabricat din","og_url":"https:\/\/www.zoko.ro\/en\/p\/cutit-pentru-deget-din-silicon-protectie-pentru-degete-multifunctional-gonga\/","og_site_name":"ZOKO","article_publisher":"https:\/\/www.facebook.com\/profile.php?id=61584344135075","og_image":[{"width":730,"height":730,"url":"https:\/\/www.zoko.ro\/wp-content\/uploads\/2025\/04\/cutit-pentru-deget-din-silicon-protectie-pentru-degete-multifunctional-gonga-14.jpg","type":"image\/jpeg"}],"twitter_card":"summary_large_image","twitter_misc":{"Estimated reading time":"1 minute"},"schema":{"@context":"https:\/\/schema.org","@graph":[{"@type":"WebPage","@id":"https:\/\/www.zoko.ro\/p\/cutit-pentru-deget-din-silicon-protectie-pentru-degete-multifunctional-gonga\/","url":"https:\/\/www.zoko.ro\/p\/cutit-pentru-deget-din-silicon-protectie-pentru-degete-multifunctional-gonga\/","name":"Cutit pentru deget din silicon, protectie pentru degete, multifunctional, Gonga\u00ae | ZOKO","isPartOf":{"@id":"https:\/\/www.zoko.ro\/#website"},"primaryImageOfPage":{"@id":"https:\/\/www.zoko.ro\/p\/cutit-pentru-deget-din-silicon-protectie-pentru-degete-multifunctional-gonga\/#primaryimage"},"image":{"@id":"https:\/\/www.zoko.ro\/p\/cutit-pentru-deget-din-silicon-protectie-pentru-degete-multifunctional-gonga\/#primaryimage"},"thumbnailUrl":"https:\/\/www.zoko.ro\/wp-content\/uploads\/2025\/04\/cutit-pentru-deget-din-silicon-protectie-pentru-degete-multifunctional-gonga-14.jpg","datePublished":"2026-04-28T21:38:06+00:00","breadcrumb":{"@id":"https:\/\/www.zoko.ro\/p\/cutit-pentru-deget-din-silicon-protectie-pentru-degete-multifunctional-gonga\/#breadcrumb"},"inLanguage":"en-GB","potentialAction":[{"@type":"ReadAction","target":["https:\/\/www.zoko.ro\/p\/cutit-pentru-deget-din-silicon-protectie-pentru-degete-multifunctional-gonga\/"]}]},{"@type":"ImageObject","inLanguage":"en-GB","@id":"https:\/\/www.zoko.ro\/p\/cutit-pentru-deget-din-silicon-protectie-pentru-degete-multifunctional-gonga\/#primaryimage","url":"https:\/\/www.zoko.ro\/wp-content\/uploads\/2025\/04\/cutit-pentru-deget-din-silicon-protectie-pentru-degete-multifunctional-gonga-14.jpg","contentUrl":"https:\/\/www.zoko.ro\/wp-content\/uploads\/2025\/04\/cutit-pentru-deget-din-silicon-protectie-pentru-degete-multifunctional-gonga-14.jpg","width":730,"height":730},{"@type":"BreadcrumbList","@id":"https:\/\/www.zoko.ro\/p\/cutit-pentru-deget-din-silicon-protectie-pentru-degete-multifunctional-gonga\/#breadcrumb","itemListElement":[{"@type":"ListItem","position":1,"name":"Home","item":"https:\/\/www.zoko.ro\/"},{"@type":"ListItem","position":2,"name":"Magazin","item":"https:\/\/www.zoko.ro\/magazin\/"},{"@type":"ListItem","position":3,"name":"Cutit pentru deget din silicon, protectie pentru degete, multifunctional, Gonga\u00ae"}]},{"@type":"WebSite","@id":"https:\/\/www.zoko.ro\/#website","url":"https:\/\/www.zoko.ro\/","name":"ZOKO.ro","description":"Cump\u0103r\u0103 inteligent","publisher":{"@id":"https:\/\/www.zoko.ro\/#organization"},"potentialAction":[{"@type":"SearchAction","target":{"@type":"EntryPoint","urlTemplate":"https:\/\/www.zoko.ro\/?s={search_term_string}"},"query-input":{"@type":"PropertyValueSpecification","valueRequired":true,"valueName":"search_term_string"}}],"inLanguage":"en-GB"},{"@type":"Organization","@id":"https:\/\/www.zoko.ro\/#organization","name":"ZOKO","url":"https:\/\/www.zoko.ro\/","logo":{"@type":"ImageObject","inLanguage":"en-GB","@id":"https:\/\/www.zoko.ro\/#\/schema\/logo\/image\/","url":"https:\/\/www.zoko.ro\/wp-content\/uploads\/2025\/03\/logo1.svg","contentUrl":"https:\/\/www.zoko.ro\/wp-content\/uploads\/2025\/03\/logo1.svg","width":799,"height":216,"caption":"ZOKO"},"image":{"@id":"https:\/\/www.zoko.ro\/#\/schema\/logo\/image\/"},"sameAs":["https:\/\/www.facebook.com\/profile.php?id=61584344135075"]}]}},"_links":{"self":[{"href":"https:\/\/www.zoko.ro\/en\/wp-json\/wp\/v2\/product\/13857","targetHints":{"allow":["GET"]}}],"collection":[{"href":"https:\/\/www.zoko.ro\/en\/wp-json\/wp\/v2\/product"}],"about":[{"href":"https:\/\/www.zoko.ro\/en\/wp-json\/wp\/v2\/types\/product"}],"replies":[{"embeddable":true,"href":"https:\/\/www.zoko.ro\/en\/wp-json\/wp\/v2\/comments?post=13857"}],"version-history":[{"count":1,"href":"https:\/\/www.zoko.ro\/en\/wp-json\/wp\/v2\/product\/13857\/revisions"}],"predecessor-version":[{"id":14023,"href":"https:\/\/www.zoko.ro\/en\/wp-json\/wp\/v2\/product\/13857\/revisions\/14023"}],"wp:featuredmedia":[{"embeddable":true,"href":"https:\/\/www.zoko.ro\/en\/wp-json\/wp\/v2\/media\/13858"}],"wp:attachment":[{"href":"https:\/\/www.zoko.ro\/en\/wp-json\/wp\/v2\/media?parent=13857"}],"wp:term":[{"taxonomy":"product_brand","embeddable":true,"href":"https:\/\/www.zoko.ro\/en\/wp-json\/wp\/v2\/product_brand?post=13857"},{"taxonomy":"product_cat","embeddable":true,"href":"https:\/\/www.zoko.ro\/en\/wp-json\/wp\/v2\/product_cat?post=13857"},{"taxonomy":"product_tag","embeddable":true,"href":"https:\/\/www.zoko.ro\/en\/wp-json\/wp\/v2\/product_tag?post=13857"}],"curies":[{"name":"wp","href":"https:\/\/api.w.org\/{rel}","templated":true}]}}