{"id":13885,"date":"2026-04-28T23:38:08","date_gmt":"2026-04-28T21:38:08","guid":{"rendered":"https:\/\/www.zoko.ro\/p\/storcator-manual-portabil-fructe-reutilizabil-din-plastic-cu-capac-ideal-pentru-casa-si-calatorii-gonga\/"},"modified":"2026-04-28T23:38:08","modified_gmt":"2026-04-28T21:38:08","slug":"storcator-manual-portabil-fructe-reutilizabil-din-plastic-cu-capac-ideal-pentru-casa-si-calatorii-gonga","status":"publish","type":"product","link":"https:\/\/www.zoko.ro\/en\/p\/storcator-manual-portabil-fructe-reutilizabil-din-plastic-cu-capac-ideal-pentru-casa-si-calatorii-gonga\/","title":{"rendered":"Storcator manual portabil fructe, reutilizabil din plastic, cu capac, ideal pentru casa si calatorii, Gonga\u00ae"},"content":{"rendered":"<p><strong>Culoare:<\/strong> Transparent<\/p>\n<p><strong>Storc\u0103tor manual portabil pentru fructe \u2013 reutilizabil, din plastic, cu capac<\/strong><\/p>\n<p>Bucur\u0103-te de prospe\u021bimea natural\u0103 a fructelor oriunde te-ai afla! Acest storc\u0103tor manual portabil este solu\u021bia perfect\u0103 pentru a ob\u021bine rapid \u0219i u\u0219or suc proasp\u0103t, direct din fructe, f\u0103r\u0103 a avea nevoie de electricitate.<\/p>\n<p><img loading=\"lazy\" decoding=\"async\" src=\"https:\/\/gonga.ro\/img\/cms\/Storcator%20manual%20portabil%20fructe,%20reutilizabil%20din%20plastic,%20cu%20capac,%20ideal%20pentru%20casa%20si%20calatorii,%20Gonga%C2%AE1.jpg\" alt=\"\" width=\"1195\" height=\"1500\" \/><\/p>\n<p>Fabricat din plastic rezistent \u0219i reutilizabil, storc\u0103torul este compus dintr-o parte special conceput\u0103 pentru a fi introdus direct \u00een fruct (precum portocale, l\u0103m\u00e2i, grapefruit etc.), \u0219i un castronel de depozitare pentru fruct. Capacul inclus ajut\u0103 la p\u0103strarea sucului proasp\u0103t \u0219i curat p\u00e2n\u0103 \u00een momentul servirii.<\/p>\n<p>Ideal at\u00e2t pentru uz casnic, c\u00e2t \u0219i pentru c\u0103l\u0103torii, picnicuri sau birou \u2013 este u\u0219or de folosit, cur\u0103\u021bat \u0219i transportat. Designul compact \u00eel face un companion practic \u0219i eficient pentru un stil de via\u021b\u0103 s\u0103n\u0103tos, oriunde ai merge.<\/p>\n<\/p>\n<p><img loading=\"lazy\" decoding=\"async\" src=\"https:\/\/gonga.ro\/img\/cms\/Storcator%20manual%20portabil%20fructe,%20reutilizabil%20din%20plastic,%20cu%20capac,%20ideal%20pentru%20casa%20si%20calatorii,%20Gonga%C2%AE2.jpg\" alt=\"\" width=\"1200\" height=\"1024\" \/><\/p>\n<\/p>\n<p><strong>Speciifcatii:<\/strong><\/p>\n<\/p>\n<p>&#8211; Culoare storcator: transparent<\/p>\n<p>&#8211; Culoare suport: galben<\/p>\n<p>&#8211; Material: plastic<\/p>\n<p>&#8211; Dimensiuni exterioare ale p\u00e2lniei: 7 x 2,9 cm<\/p>\n<p>&#8211; Diametrul exterior al bazei: 5,8 cm<\/p><\/p>","protected":false},"excerpt":{"rendered":"<p>Culoare: Transparent Storc\u0103tor manual portabil pentru fructe \u2013 reutilizabil, din plastic, cu capac Bucur\u0103-te de prospe\u021bimea natural\u0103 a fructelor oriunde<\/p>","protected":false},"featured_media":13886,"comment_status":"open","ping_status":"open","template":"","meta":[],"product_brand":[],"product_cat":[99,107,100,323,131],"product_tag":[104],"class_list":{"0":"post-13885","1":"product","2":"type-product","3":"status-publish","4":"has-post-thumbnail","6":"product_cat-acasa","7":"product_cat-bucatarie-si-servire","8":"product_cat-casa-gradina","9":"product_cat-storcatoare-manuale","10":"product_cat-ustensile-gatit","11":"product_tag-in-stoc","12":"pa_culoare-transparent","14":"first","15":"instock","16":"sale","17":"purchasable","18":"product-type-simple"},"yoast_head":"<!-- This site is optimized with the Yoast SEO plugin v27.2 - https:\/\/yoast.com\/product\/yoast-seo-wordpress\/ -->\n<title>Storcator manual portabil fructe, reutilizabil din plastic, cu capac, ideal pentru casa si calatorii, Gonga\u00ae | ZOKO<\/title>\n<meta name=\"robots\" content=\"index, follow, max-snippet:-1, max-image-preview:large, max-video-preview:-1\" \/>\n<link rel=\"canonical\" href=\"https:\/\/www.zoko.ro\/en\/p\/storcator-manual-portabil-fructe-reutilizabil-din-plastic-cu-capac-ideal-pentru-casa-si-calatorii-gonga\/\" \/>\n<meta property=\"og:locale\" content=\"en_GB\" \/>\n<meta property=\"og:type\" content=\"article\" \/>\n<meta property=\"og:title\" content=\"Storcator manual portabil fructe, reutilizabil din plastic, cu capac, ideal pentru casa si calatorii, Gonga\u00ae | ZOKO\" \/>\n<meta property=\"og:description\" content=\"Culoare: Transparent Storc\u0103tor manual portabil pentru fructe \u2013 reutilizabil, din plastic, cu capac Bucur\u0103-te de prospe\u021bimea natural\u0103 a fructelor oriunde\" \/>\n<meta property=\"og:url\" content=\"https:\/\/www.zoko.ro\/en\/p\/storcator-manual-portabil-fructe-reutilizabil-din-plastic-cu-capac-ideal-pentru-casa-si-calatorii-gonga\/\" \/>\n<meta property=\"og:site_name\" content=\"ZOKO\" \/>\n<meta property=\"article:publisher\" content=\"https:\/\/www.facebook.com\/profile.php?id=61584344135075\" \/>\n<meta property=\"og:image\" content=\"https:\/\/www.zoko.ro\/wp-content\/uploads\/2025\/04\/storcator-manual-portabil-fructe-reutilizabil-din-plastic-cu-capac-ideal-pentru-casa-si-calatorii-gonga-8.jpg\" \/>\n\t<meta property=\"og:image:width\" content=\"650\" \/>\n\t<meta property=\"og:image:height\" content=\"650\" \/>\n\t<meta property=\"og:image:type\" content=\"image\/jpeg\" \/>\n<meta name=\"twitter:card\" content=\"summary_large_image\" \/>\n<meta name=\"twitter:label1\" content=\"Estimated reading time\" \/>\n\t<meta name=\"twitter:data1\" content=\"1 minute\" \/>\n<script type=\"application\/ld+json\" class=\"yoast-schema-graph\">{\"@context\":\"https:\/\/schema.org\",\"@graph\":[{\"@type\":\"WebPage\",\"@id\":\"https:\/\/www.zoko.ro\/p\/storcator-manual-portabil-fructe-reutilizabil-din-plastic-cu-capac-ideal-pentru-casa-si-calatorii-gonga\/\",\"url\":\"https:\/\/www.zoko.ro\/p\/storcator-manual-portabil-fructe-reutilizabil-din-plastic-cu-capac-ideal-pentru-casa-si-calatorii-gonga\/\",\"name\":\"Storcator manual portabil fructe, reutilizabil din plastic, cu capac, ideal pentru casa si calatorii, Gonga\u00ae | ZOKO\",\"isPartOf\":{\"@id\":\"https:\/\/www.zoko.ro\/#website\"},\"primaryImageOfPage\":{\"@id\":\"https:\/\/www.zoko.ro\/p\/storcator-manual-portabil-fructe-reutilizabil-din-plastic-cu-capac-ideal-pentru-casa-si-calatorii-gonga\/#primaryimage\"},\"image\":{\"@id\":\"https:\/\/www.zoko.ro\/p\/storcator-manual-portabil-fructe-reutilizabil-din-plastic-cu-capac-ideal-pentru-casa-si-calatorii-gonga\/#primaryimage\"},\"thumbnailUrl\":\"https:\/\/www.zoko.ro\/wp-content\/uploads\/2025\/04\/storcator-manual-portabil-fructe-reutilizabil-din-plastic-cu-capac-ideal-pentru-casa-si-calatorii-gonga-8.jpg\",\"datePublished\":\"2026-04-28T21:38:08+00:00\",\"breadcrumb\":{\"@id\":\"https:\/\/www.zoko.ro\/p\/storcator-manual-portabil-fructe-reutilizabil-din-plastic-cu-capac-ideal-pentru-casa-si-calatorii-gonga\/#breadcrumb\"},\"inLanguage\":\"en-GB\",\"potentialAction\":[{\"@type\":\"ReadAction\",\"target\":[\"https:\/\/www.zoko.ro\/p\/storcator-manual-portabil-fructe-reutilizabil-din-plastic-cu-capac-ideal-pentru-casa-si-calatorii-gonga\/\"]}]},{\"@type\":\"ImageObject\",\"inLanguage\":\"en-GB\",\"@id\":\"https:\/\/www.zoko.ro\/p\/storcator-manual-portabil-fructe-reutilizabil-din-plastic-cu-capac-ideal-pentru-casa-si-calatorii-gonga\/#primaryimage\",\"url\":\"https:\/\/www.zoko.ro\/wp-content\/uploads\/2025\/04\/storcator-manual-portabil-fructe-reutilizabil-din-plastic-cu-capac-ideal-pentru-casa-si-calatorii-gonga-8.jpg\",\"contentUrl\":\"https:\/\/www.zoko.ro\/wp-content\/uploads\/2025\/04\/storcator-manual-portabil-fructe-reutilizabil-din-plastic-cu-capac-ideal-pentru-casa-si-calatorii-gonga-8.jpg\",\"width\":650,\"height\":650},{\"@type\":\"BreadcrumbList\",\"@id\":\"https:\/\/www.zoko.ro\/p\/storcator-manual-portabil-fructe-reutilizabil-din-plastic-cu-capac-ideal-pentru-casa-si-calatorii-gonga\/#breadcrumb\",\"itemListElement\":[{\"@type\":\"ListItem\",\"position\":1,\"name\":\"Home\",\"item\":\"https:\/\/www.zoko.ro\/\"},{\"@type\":\"ListItem\",\"position\":2,\"name\":\"Magazin\",\"item\":\"https:\/\/www.zoko.ro\/magazin\/\"},{\"@type\":\"ListItem\",\"position\":3,\"name\":\"Storcator manual portabil fructe, reutilizabil din plastic, cu capac, ideal pentru casa si calatorii, Gonga\u00ae\"}]},{\"@type\":\"WebSite\",\"@id\":\"https:\/\/www.zoko.ro\/#website\",\"url\":\"https:\/\/www.zoko.ro\/\",\"name\":\"ZOKO.ro\",\"description\":\"Cump\u0103r\u0103 inteligent\",\"publisher\":{\"@id\":\"https:\/\/www.zoko.ro\/#organization\"},\"potentialAction\":[{\"@type\":\"SearchAction\",\"target\":{\"@type\":\"EntryPoint\",\"urlTemplate\":\"https:\/\/www.zoko.ro\/?s={search_term_string}\"},\"query-input\":{\"@type\":\"PropertyValueSpecification\",\"valueRequired\":true,\"valueName\":\"search_term_string\"}}],\"inLanguage\":\"en-GB\"},{\"@type\":\"Organization\",\"@id\":\"https:\/\/www.zoko.ro\/#organization\",\"name\":\"ZOKO\",\"url\":\"https:\/\/www.zoko.ro\/\",\"logo\":{\"@type\":\"ImageObject\",\"inLanguage\":\"en-GB\",\"@id\":\"https:\/\/www.zoko.ro\/#\/schema\/logo\/image\/\",\"url\":\"https:\/\/www.zoko.ro\/wp-content\/uploads\/2025\/03\/logo1.svg\",\"contentUrl\":\"https:\/\/www.zoko.ro\/wp-content\/uploads\/2025\/03\/logo1.svg\",\"width\":799,\"height\":216,\"caption\":\"ZOKO\"},\"image\":{\"@id\":\"https:\/\/www.zoko.ro\/#\/schema\/logo\/image\/\"},\"sameAs\":[\"https:\/\/www.facebook.com\/profile.php?id=61584344135075\"]}]}<\/script>\n<!-- \/ Yoast SEO plugin. -->","yoast_head_json":{"title":"Storcator manual portabil fructe, reutilizabil din plastic, cu capac, ideal pentru casa si calatorii, Gonga\u00ae | ZOKO","robots":{"index":"index","follow":"follow","max-snippet":"max-snippet:-1","max-image-preview":"max-image-preview:large","max-video-preview":"max-video-preview:-1"},"canonical":"https:\/\/www.zoko.ro\/en\/p\/storcator-manual-portabil-fructe-reutilizabil-din-plastic-cu-capac-ideal-pentru-casa-si-calatorii-gonga\/","og_locale":"en_GB","og_type":"article","og_title":"Storcator manual portabil fructe, reutilizabil din plastic, cu capac, ideal pentru casa si calatorii, Gonga\u00ae | ZOKO","og_description":"Culoare: Transparent Storc\u0103tor manual portabil pentru fructe \u2013 reutilizabil, din plastic, cu capac Bucur\u0103-te de prospe\u021bimea natural\u0103 a fructelor oriunde","og_url":"https:\/\/www.zoko.ro\/en\/p\/storcator-manual-portabil-fructe-reutilizabil-din-plastic-cu-capac-ideal-pentru-casa-si-calatorii-gonga\/","og_site_name":"ZOKO","article_publisher":"https:\/\/www.facebook.com\/profile.php?id=61584344135075","og_image":[{"width":650,"height":650,"url":"https:\/\/www.zoko.ro\/wp-content\/uploads\/2025\/04\/storcator-manual-portabil-fructe-reutilizabil-din-plastic-cu-capac-ideal-pentru-casa-si-calatorii-gonga-8.jpg","type":"image\/jpeg"}],"twitter_card":"summary_large_image","twitter_misc":{"Estimated reading time":"1 minute"},"schema":{"@context":"https:\/\/schema.org","@graph":[{"@type":"WebPage","@id":"https:\/\/www.zoko.ro\/p\/storcator-manual-portabil-fructe-reutilizabil-din-plastic-cu-capac-ideal-pentru-casa-si-calatorii-gonga\/","url":"https:\/\/www.zoko.ro\/p\/storcator-manual-portabil-fructe-reutilizabil-din-plastic-cu-capac-ideal-pentru-casa-si-calatorii-gonga\/","name":"Storcator manual portabil fructe, reutilizabil din plastic, cu capac, ideal pentru casa si calatorii, Gonga\u00ae | ZOKO","isPartOf":{"@id":"https:\/\/www.zoko.ro\/#website"},"primaryImageOfPage":{"@id":"https:\/\/www.zoko.ro\/p\/storcator-manual-portabil-fructe-reutilizabil-din-plastic-cu-capac-ideal-pentru-casa-si-calatorii-gonga\/#primaryimage"},"image":{"@id":"https:\/\/www.zoko.ro\/p\/storcator-manual-portabil-fructe-reutilizabil-din-plastic-cu-capac-ideal-pentru-casa-si-calatorii-gonga\/#primaryimage"},"thumbnailUrl":"https:\/\/www.zoko.ro\/wp-content\/uploads\/2025\/04\/storcator-manual-portabil-fructe-reutilizabil-din-plastic-cu-capac-ideal-pentru-casa-si-calatorii-gonga-8.jpg","datePublished":"2026-04-28T21:38:08+00:00","breadcrumb":{"@id":"https:\/\/www.zoko.ro\/p\/storcator-manual-portabil-fructe-reutilizabil-din-plastic-cu-capac-ideal-pentru-casa-si-calatorii-gonga\/#breadcrumb"},"inLanguage":"en-GB","potentialAction":[{"@type":"ReadAction","target":["https:\/\/www.zoko.ro\/p\/storcator-manual-portabil-fructe-reutilizabil-din-plastic-cu-capac-ideal-pentru-casa-si-calatorii-gonga\/"]}]},{"@type":"ImageObject","inLanguage":"en-GB","@id":"https:\/\/www.zoko.ro\/p\/storcator-manual-portabil-fructe-reutilizabil-din-plastic-cu-capac-ideal-pentru-casa-si-calatorii-gonga\/#primaryimage","url":"https:\/\/www.zoko.ro\/wp-content\/uploads\/2025\/04\/storcator-manual-portabil-fructe-reutilizabil-din-plastic-cu-capac-ideal-pentru-casa-si-calatorii-gonga-8.jpg","contentUrl":"https:\/\/www.zoko.ro\/wp-content\/uploads\/2025\/04\/storcator-manual-portabil-fructe-reutilizabil-din-plastic-cu-capac-ideal-pentru-casa-si-calatorii-gonga-8.jpg","width":650,"height":650},{"@type":"BreadcrumbList","@id":"https:\/\/www.zoko.ro\/p\/storcator-manual-portabil-fructe-reutilizabil-din-plastic-cu-capac-ideal-pentru-casa-si-calatorii-gonga\/#breadcrumb","itemListElement":[{"@type":"ListItem","position":1,"name":"Home","item":"https:\/\/www.zoko.ro\/"},{"@type":"ListItem","position":2,"name":"Magazin","item":"https:\/\/www.zoko.ro\/magazin\/"},{"@type":"ListItem","position":3,"name":"Storcator manual portabil fructe, reutilizabil din plastic, cu capac, ideal pentru casa si calatorii, Gonga\u00ae"}]},{"@type":"WebSite","@id":"https:\/\/www.zoko.ro\/#website","url":"https:\/\/www.zoko.ro\/","name":"ZOKO.ro","description":"Cump\u0103r\u0103 inteligent","publisher":{"@id":"https:\/\/www.zoko.ro\/#organization"},"potentialAction":[{"@type":"SearchAction","target":{"@type":"EntryPoint","urlTemplate":"https:\/\/www.zoko.ro\/?s={search_term_string}"},"query-input":{"@type":"PropertyValueSpecification","valueRequired":true,"valueName":"search_term_string"}}],"inLanguage":"en-GB"},{"@type":"Organization","@id":"https:\/\/www.zoko.ro\/#organization","name":"ZOKO","url":"https:\/\/www.zoko.ro\/","logo":{"@type":"ImageObject","inLanguage":"en-GB","@id":"https:\/\/www.zoko.ro\/#\/schema\/logo\/image\/","url":"https:\/\/www.zoko.ro\/wp-content\/uploads\/2025\/03\/logo1.svg","contentUrl":"https:\/\/www.zoko.ro\/wp-content\/uploads\/2025\/03\/logo1.svg","width":799,"height":216,"caption":"ZOKO"},"image":{"@id":"https:\/\/www.zoko.ro\/#\/schema\/logo\/image\/"},"sameAs":["https:\/\/www.facebook.com\/profile.php?id=61584344135075"]}]}},"_links":{"self":[{"href":"https:\/\/www.zoko.ro\/en\/wp-json\/wp\/v2\/product\/13885","targetHints":{"allow":["GET"]}}],"collection":[{"href":"https:\/\/www.zoko.ro\/en\/wp-json\/wp\/v2\/product"}],"about":[{"href":"https:\/\/www.zoko.ro\/en\/wp-json\/wp\/v2\/types\/product"}],"replies":[{"embeddable":true,"href":"https:\/\/www.zoko.ro\/en\/wp-json\/wp\/v2\/comments?post=13885"}],"version-history":[{"count":1,"href":"https:\/\/www.zoko.ro\/en\/wp-json\/wp\/v2\/product\/13885\/revisions"}],"predecessor-version":[{"id":14029,"href":"https:\/\/www.zoko.ro\/en\/wp-json\/wp\/v2\/product\/13885\/revisions\/14029"}],"wp:featuredmedia":[{"embeddable":true,"href":"https:\/\/www.zoko.ro\/en\/wp-json\/wp\/v2\/media\/13886"}],"wp:attachment":[{"href":"https:\/\/www.zoko.ro\/en\/wp-json\/wp\/v2\/media?parent=13885"}],"wp:term":[{"taxonomy":"product_brand","embeddable":true,"href":"https:\/\/www.zoko.ro\/en\/wp-json\/wp\/v2\/product_brand?post=13885"},{"taxonomy":"product_cat","embeddable":true,"href":"https:\/\/www.zoko.ro\/en\/wp-json\/wp\/v2\/product_cat?post=13885"},{"taxonomy":"product_tag","embeddable":true,"href":"https:\/\/www.zoko.ro\/en\/wp-json\/wp\/v2\/product_tag?post=13885"}],"curies":[{"name":"wp","href":"https:\/\/api.w.org\/{rel}","templated":true}]}}