{"id":13890,"date":"2026-04-28T23:38:08","date_gmt":"2026-04-28T21:38:08","guid":{"rendered":"https:\/\/www.zoko.ro\/p\/forma-pentru-perisoare-cu-37-de-ochiuri-care-va-permite-sa-le-pregatiti-rapid-diametru-25-cm-gonga\/"},"modified":"2026-04-28T23:38:08","modified_gmt":"2026-04-28T21:38:08","slug":"forma-pentru-perisoare-cu-37-de-ochiuri-care-va-permite-sa-le-pregatiti-rapid-diametru-25-cm-gonga","status":"publish","type":"product","link":"https:\/\/www.zoko.ro\/en\/p\/forma-pentru-perisoare-cu-37-de-ochiuri-care-va-permite-sa-le-pregatiti-rapid-diametru-25-cm-gonga\/","title":{"rendered":"Form\u0103 pentru perisoare cu 37 de ochiuri care v\u0103 permite s\u0103 le preg\u0103ti\u021bi rapid, diametru 2,5 cm, Gonga\u00ae"},"content":{"rendered":"<p><strong>Culoare:<\/strong> Alb<\/p>\n<p><strong>Form\u0103 pentru peri\u0219oare \u2013 37 de ochiuri, diametru 2,5 cm<\/strong>, pentru preparare rapid\u0103 \u0219i uniform\u0103<\/p>\n<p>Prepar\u0103 peri\u0219oare perfect rotunde, rapid \u0219i f\u0103r\u0103 efort! Aceast\u0103 form\u0103 practic\u0103 cu 37 de ochiuri este ideal\u0103 pentru gospodinele care vor s\u0103 economiseasc\u0103 timp \u00een buc\u0103t\u0103rie f\u0103r\u0103 s\u0103 fac\u0103 rabat la calitate.<\/p>\n<p><img loading=\"lazy\" decoding=\"async\" src=\"https:\/\/gonga.ro\/img\/cms\/Form%C4%83%20pentru%20perisoare%20cu%2037%20de%20ochiuri%20care%20v%C4%83%20permite%20s%C4%83%20le%20preg%C4%83ti%C8%9Bi%20rapid,%20diametru%202,5%20cm,%20Gonga%C2%AE1.jpg\" alt=\"\" width=\"1003\" height=\"1003\" \/><\/p>\n<p>Cu un diametru de 2,5 cm pentru fiecare compartiment, forma asigur\u0103 m\u0103rimea uniform\u0103 a peri\u0219oarelor, fie c\u0103 le folose\u0219ti pentru ciorb\u0103, chiftelu\u021be sau gust\u0103ri. Este simplu de utilizat: a\u0219ezi amestecul de carne \u00een form\u0103, presezi u\u0219or, \u0219i \u00een c\u00e2teva secunde ai 37 de peri\u0219oare gata de g\u0103tit.<\/p>\n<p>Fabricat\u0103 din material durabil \u0219i u\u0219or de cur\u0103\u021bat, forma este un ajutor de n\u0103dejde \u00een buc\u0103t\u0103rie, perfect\u0103 pentru mesele de zi cu zi sau pentru momentele c\u00e2nd ai mul\u021bi musafiri.<\/p>\n<p><img loading=\"lazy\" decoding=\"async\" src=\"https:\/\/gonga.ro\/img\/cms\/Form%C4%83%20pentru%20perisoare%20cu%2037%20de%20ochiuri%20care%20v%C4%83%20permite%20s%C4%83%20le%20preg%C4%83ti%C8%9Bi%20rapid,%20diametru%202,5%20cm,%20Gonga%C2%AE3.jpg\" alt=\"\" width=\"1229\" height=\"1500\" \/><\/p>\n<\/p>\n<p><strong>Specificatii:<\/strong><\/p>\n<\/p>\n<p>&#8211; Culoare: alb<\/p>\n<p>&#8211; Material: PP potrivit pentru contactul cu alimentele<\/p>\n<p>&#8211; Diametrul g\u0103lu\u0219tei: 24 cm<\/p>\n<p>&#8211; In\u0103l\u021bime: g\u0103lu\u0219te: 2 cm<\/p>\n<p>&#8211; Diametrul ochiului: 2,5 cm<\/p>\n<p>&#8211; Num\u0103rul de ochiuri: 37<\/p>","protected":false},"excerpt":{"rendered":"<p>Culoare: Alb Form\u0103 pentru peri\u0219oare \u2013 37 de ochiuri, diametru 2,5 cm, pentru preparare rapid\u0103 \u0219i uniform\u0103 Prepar\u0103 peri\u0219oare perfect<\/p>","protected":false},"featured_media":13891,"comment_status":"open","ping_status":"open","template":"","meta":[],"product_brand":[],"product_cat":[99,107,100,131],"product_tag":[104],"class_list":{"0":"post-13890","1":"product","2":"type-product","3":"status-publish","4":"has-post-thumbnail","6":"product_cat-acasa","7":"product_cat-bucatarie-si-servire","8":"product_cat-casa-gradina","9":"product_cat-ustensile-gatit","10":"product_tag-in-stoc","11":"pa_culoare-alb","13":"first","14":"instock","15":"sale","16":"purchasable","17":"product-type-simple"},"yoast_head":"<!-- This site is optimized with the Yoast SEO plugin v27.2 - https:\/\/yoast.com\/product\/yoast-seo-wordpress\/ -->\n<title>Form\u0103 pentru perisoare cu 37 de ochiuri care v\u0103 permite s\u0103 le preg\u0103ti\u021bi rapid, diametru 2,5 cm, Gonga\u00ae | ZOKO<\/title>\n<meta name=\"robots\" content=\"index, follow, max-snippet:-1, max-image-preview:large, max-video-preview:-1\" \/>\n<link rel=\"canonical\" href=\"https:\/\/www.zoko.ro\/en\/p\/forma-pentru-perisoare-cu-37-de-ochiuri-care-va-permite-sa-le-pregatiti-rapid-diametru-25-cm-gonga\/\" \/>\n<meta property=\"og:locale\" content=\"en_GB\" \/>\n<meta property=\"og:type\" content=\"article\" \/>\n<meta property=\"og:title\" content=\"Form\u0103 pentru perisoare cu 37 de ochiuri care v\u0103 permite s\u0103 le preg\u0103ti\u021bi rapid, diametru 2,5 cm, Gonga\u00ae | ZOKO\" \/>\n<meta property=\"og:description\" content=\"Culoare: Alb Form\u0103 pentru peri\u0219oare \u2013 37 de ochiuri, diametru 2,5 cm, pentru preparare rapid\u0103 \u0219i uniform\u0103 Prepar\u0103 peri\u0219oare perfect\" \/>\n<meta property=\"og:url\" content=\"https:\/\/www.zoko.ro\/en\/p\/forma-pentru-perisoare-cu-37-de-ochiuri-care-va-permite-sa-le-pregatiti-rapid-diametru-25-cm-gonga\/\" \/>\n<meta property=\"og:site_name\" content=\"ZOKO\" \/>\n<meta property=\"article:publisher\" content=\"https:\/\/www.facebook.com\/profile.php?id=61584344135075\" \/>\n<meta property=\"og:image\" content=\"https:\/\/www.zoko.ro\/wp-content\/uploads\/2025\/04\/forma-pentru-perisoare-cu-37-de-ochiuri-care-va-permite-sa-le-pregatii-rapid-diametru-25-cm-gonga-12.jpg\" \/>\n\t<meta property=\"og:image:width\" content=\"1600\" \/>\n\t<meta property=\"og:image:height\" content=\"1600\" \/>\n\t<meta property=\"og:image:type\" content=\"image\/jpeg\" \/>\n<meta name=\"twitter:card\" content=\"summary_large_image\" \/>\n<meta name=\"twitter:label1\" content=\"Estimated reading time\" \/>\n\t<meta name=\"twitter:data1\" content=\"1 minute\" \/>\n<script type=\"application\/ld+json\" class=\"yoast-schema-graph\">{\"@context\":\"https:\/\/schema.org\",\"@graph\":[{\"@type\":\"WebPage\",\"@id\":\"https:\/\/www.zoko.ro\/p\/forma-pentru-perisoare-cu-37-de-ochiuri-care-va-permite-sa-le-pregatiti-rapid-diametru-25-cm-gonga\/\",\"url\":\"https:\/\/www.zoko.ro\/p\/forma-pentru-perisoare-cu-37-de-ochiuri-care-va-permite-sa-le-pregatiti-rapid-diametru-25-cm-gonga\/\",\"name\":\"Form\u0103 pentru perisoare cu 37 de ochiuri care v\u0103 permite s\u0103 le preg\u0103ti\u021bi rapid, diametru 2,5 cm, Gonga\u00ae | ZOKO\",\"isPartOf\":{\"@id\":\"https:\/\/www.zoko.ro\/#website\"},\"primaryImageOfPage\":{\"@id\":\"https:\/\/www.zoko.ro\/p\/forma-pentru-perisoare-cu-37-de-ochiuri-care-va-permite-sa-le-pregatiti-rapid-diametru-25-cm-gonga\/#primaryimage\"},\"image\":{\"@id\":\"https:\/\/www.zoko.ro\/p\/forma-pentru-perisoare-cu-37-de-ochiuri-care-va-permite-sa-le-pregatiti-rapid-diametru-25-cm-gonga\/#primaryimage\"},\"thumbnailUrl\":\"https:\/\/www.zoko.ro\/wp-content\/uploads\/2025\/04\/forma-pentru-perisoare-cu-37-de-ochiuri-care-va-permite-sa-le-pregatii-rapid-diametru-25-cm-gonga-12.jpg\",\"datePublished\":\"2026-04-28T21:38:08+00:00\",\"breadcrumb\":{\"@id\":\"https:\/\/www.zoko.ro\/p\/forma-pentru-perisoare-cu-37-de-ochiuri-care-va-permite-sa-le-pregatiti-rapid-diametru-25-cm-gonga\/#breadcrumb\"},\"inLanguage\":\"en-GB\",\"potentialAction\":[{\"@type\":\"ReadAction\",\"target\":[\"https:\/\/www.zoko.ro\/p\/forma-pentru-perisoare-cu-37-de-ochiuri-care-va-permite-sa-le-pregatiti-rapid-diametru-25-cm-gonga\/\"]}]},{\"@type\":\"ImageObject\",\"inLanguage\":\"en-GB\",\"@id\":\"https:\/\/www.zoko.ro\/p\/forma-pentru-perisoare-cu-37-de-ochiuri-care-va-permite-sa-le-pregatiti-rapid-diametru-25-cm-gonga\/#primaryimage\",\"url\":\"https:\/\/www.zoko.ro\/wp-content\/uploads\/2025\/04\/forma-pentru-perisoare-cu-37-de-ochiuri-care-va-permite-sa-le-pregatii-rapid-diametru-25-cm-gonga-12.jpg\",\"contentUrl\":\"https:\/\/www.zoko.ro\/wp-content\/uploads\/2025\/04\/forma-pentru-perisoare-cu-37-de-ochiuri-care-va-permite-sa-le-pregatii-rapid-diametru-25-cm-gonga-12.jpg\",\"width\":1600,\"height\":1600},{\"@type\":\"BreadcrumbList\",\"@id\":\"https:\/\/www.zoko.ro\/p\/forma-pentru-perisoare-cu-37-de-ochiuri-care-va-permite-sa-le-pregatiti-rapid-diametru-25-cm-gonga\/#breadcrumb\",\"itemListElement\":[{\"@type\":\"ListItem\",\"position\":1,\"name\":\"Home\",\"item\":\"https:\/\/www.zoko.ro\/\"},{\"@type\":\"ListItem\",\"position\":2,\"name\":\"Magazin\",\"item\":\"https:\/\/www.zoko.ro\/magazin\/\"},{\"@type\":\"ListItem\",\"position\":3,\"name\":\"Form\u0103 pentru perisoare cu 37 de ochiuri care v\u0103 permite s\u0103 le preg\u0103ti\u021bi rapid, diametru 2,5 cm, Gonga\u00ae\"}]},{\"@type\":\"WebSite\",\"@id\":\"https:\/\/www.zoko.ro\/#website\",\"url\":\"https:\/\/www.zoko.ro\/\",\"name\":\"ZOKO.ro\",\"description\":\"Cump\u0103r\u0103 inteligent\",\"publisher\":{\"@id\":\"https:\/\/www.zoko.ro\/#organization\"},\"potentialAction\":[{\"@type\":\"SearchAction\",\"target\":{\"@type\":\"EntryPoint\",\"urlTemplate\":\"https:\/\/www.zoko.ro\/?s={search_term_string}\"},\"query-input\":{\"@type\":\"PropertyValueSpecification\",\"valueRequired\":true,\"valueName\":\"search_term_string\"}}],\"inLanguage\":\"en-GB\"},{\"@type\":\"Organization\",\"@id\":\"https:\/\/www.zoko.ro\/#organization\",\"name\":\"ZOKO\",\"url\":\"https:\/\/www.zoko.ro\/\",\"logo\":{\"@type\":\"ImageObject\",\"inLanguage\":\"en-GB\",\"@id\":\"https:\/\/www.zoko.ro\/#\/schema\/logo\/image\/\",\"url\":\"https:\/\/www.zoko.ro\/wp-content\/uploads\/2025\/03\/logo1.svg\",\"contentUrl\":\"https:\/\/www.zoko.ro\/wp-content\/uploads\/2025\/03\/logo1.svg\",\"width\":799,\"height\":216,\"caption\":\"ZOKO\"},\"image\":{\"@id\":\"https:\/\/www.zoko.ro\/#\/schema\/logo\/image\/\"},\"sameAs\":[\"https:\/\/www.facebook.com\/profile.php?id=61584344135075\"]}]}<\/script>\n<!-- \/ Yoast SEO plugin. -->","yoast_head_json":{"title":"Form\u0103 pentru perisoare cu 37 de ochiuri care v\u0103 permite s\u0103 le preg\u0103ti\u021bi rapid, diametru 2,5 cm, Gonga\u00ae | ZOKO","robots":{"index":"index","follow":"follow","max-snippet":"max-snippet:-1","max-image-preview":"max-image-preview:large","max-video-preview":"max-video-preview:-1"},"canonical":"https:\/\/www.zoko.ro\/en\/p\/forma-pentru-perisoare-cu-37-de-ochiuri-care-va-permite-sa-le-pregatiti-rapid-diametru-25-cm-gonga\/","og_locale":"en_GB","og_type":"article","og_title":"Form\u0103 pentru perisoare cu 37 de ochiuri care v\u0103 permite s\u0103 le preg\u0103ti\u021bi rapid, diametru 2,5 cm, Gonga\u00ae | ZOKO","og_description":"Culoare: Alb Form\u0103 pentru peri\u0219oare \u2013 37 de ochiuri, diametru 2,5 cm, pentru preparare rapid\u0103 \u0219i uniform\u0103 Prepar\u0103 peri\u0219oare perfect","og_url":"https:\/\/www.zoko.ro\/en\/p\/forma-pentru-perisoare-cu-37-de-ochiuri-care-va-permite-sa-le-pregatiti-rapid-diametru-25-cm-gonga\/","og_site_name":"ZOKO","article_publisher":"https:\/\/www.facebook.com\/profile.php?id=61584344135075","og_image":[{"width":1600,"height":1600,"url":"https:\/\/www.zoko.ro\/wp-content\/uploads\/2025\/04\/forma-pentru-perisoare-cu-37-de-ochiuri-care-va-permite-sa-le-pregatii-rapid-diametru-25-cm-gonga-12.jpg","type":"image\/jpeg"}],"twitter_card":"summary_large_image","twitter_misc":{"Estimated reading time":"1 minute"},"schema":{"@context":"https:\/\/schema.org","@graph":[{"@type":"WebPage","@id":"https:\/\/www.zoko.ro\/p\/forma-pentru-perisoare-cu-37-de-ochiuri-care-va-permite-sa-le-pregatiti-rapid-diametru-25-cm-gonga\/","url":"https:\/\/www.zoko.ro\/p\/forma-pentru-perisoare-cu-37-de-ochiuri-care-va-permite-sa-le-pregatiti-rapid-diametru-25-cm-gonga\/","name":"Form\u0103 pentru perisoare cu 37 de ochiuri care v\u0103 permite s\u0103 le preg\u0103ti\u021bi rapid, diametru 2,5 cm, Gonga\u00ae | ZOKO","isPartOf":{"@id":"https:\/\/www.zoko.ro\/#website"},"primaryImageOfPage":{"@id":"https:\/\/www.zoko.ro\/p\/forma-pentru-perisoare-cu-37-de-ochiuri-care-va-permite-sa-le-pregatiti-rapid-diametru-25-cm-gonga\/#primaryimage"},"image":{"@id":"https:\/\/www.zoko.ro\/p\/forma-pentru-perisoare-cu-37-de-ochiuri-care-va-permite-sa-le-pregatiti-rapid-diametru-25-cm-gonga\/#primaryimage"},"thumbnailUrl":"https:\/\/www.zoko.ro\/wp-content\/uploads\/2025\/04\/forma-pentru-perisoare-cu-37-de-ochiuri-care-va-permite-sa-le-pregatii-rapid-diametru-25-cm-gonga-12.jpg","datePublished":"2026-04-28T21:38:08+00:00","breadcrumb":{"@id":"https:\/\/www.zoko.ro\/p\/forma-pentru-perisoare-cu-37-de-ochiuri-care-va-permite-sa-le-pregatiti-rapid-diametru-25-cm-gonga\/#breadcrumb"},"inLanguage":"en-GB","potentialAction":[{"@type":"ReadAction","target":["https:\/\/www.zoko.ro\/p\/forma-pentru-perisoare-cu-37-de-ochiuri-care-va-permite-sa-le-pregatiti-rapid-diametru-25-cm-gonga\/"]}]},{"@type":"ImageObject","inLanguage":"en-GB","@id":"https:\/\/www.zoko.ro\/p\/forma-pentru-perisoare-cu-37-de-ochiuri-care-va-permite-sa-le-pregatiti-rapid-diametru-25-cm-gonga\/#primaryimage","url":"https:\/\/www.zoko.ro\/wp-content\/uploads\/2025\/04\/forma-pentru-perisoare-cu-37-de-ochiuri-care-va-permite-sa-le-pregatii-rapid-diametru-25-cm-gonga-12.jpg","contentUrl":"https:\/\/www.zoko.ro\/wp-content\/uploads\/2025\/04\/forma-pentru-perisoare-cu-37-de-ochiuri-care-va-permite-sa-le-pregatii-rapid-diametru-25-cm-gonga-12.jpg","width":1600,"height":1600},{"@type":"BreadcrumbList","@id":"https:\/\/www.zoko.ro\/p\/forma-pentru-perisoare-cu-37-de-ochiuri-care-va-permite-sa-le-pregatiti-rapid-diametru-25-cm-gonga\/#breadcrumb","itemListElement":[{"@type":"ListItem","position":1,"name":"Home","item":"https:\/\/www.zoko.ro\/"},{"@type":"ListItem","position":2,"name":"Magazin","item":"https:\/\/www.zoko.ro\/magazin\/"},{"@type":"ListItem","position":3,"name":"Form\u0103 pentru perisoare cu 37 de ochiuri care v\u0103 permite s\u0103 le preg\u0103ti\u021bi rapid, diametru 2,5 cm, Gonga\u00ae"}]},{"@type":"WebSite","@id":"https:\/\/www.zoko.ro\/#website","url":"https:\/\/www.zoko.ro\/","name":"ZOKO.ro","description":"Cump\u0103r\u0103 inteligent","publisher":{"@id":"https:\/\/www.zoko.ro\/#organization"},"potentialAction":[{"@type":"SearchAction","target":{"@type":"EntryPoint","urlTemplate":"https:\/\/www.zoko.ro\/?s={search_term_string}"},"query-input":{"@type":"PropertyValueSpecification","valueRequired":true,"valueName":"search_term_string"}}],"inLanguage":"en-GB"},{"@type":"Organization","@id":"https:\/\/www.zoko.ro\/#organization","name":"ZOKO","url":"https:\/\/www.zoko.ro\/","logo":{"@type":"ImageObject","inLanguage":"en-GB","@id":"https:\/\/www.zoko.ro\/#\/schema\/logo\/image\/","url":"https:\/\/www.zoko.ro\/wp-content\/uploads\/2025\/03\/logo1.svg","contentUrl":"https:\/\/www.zoko.ro\/wp-content\/uploads\/2025\/03\/logo1.svg","width":799,"height":216,"caption":"ZOKO"},"image":{"@id":"https:\/\/www.zoko.ro\/#\/schema\/logo\/image\/"},"sameAs":["https:\/\/www.facebook.com\/profile.php?id=61584344135075"]}]}},"_links":{"self":[{"href":"https:\/\/www.zoko.ro\/en\/wp-json\/wp\/v2\/product\/13890","targetHints":{"allow":["GET"]}}],"collection":[{"href":"https:\/\/www.zoko.ro\/en\/wp-json\/wp\/v2\/product"}],"about":[{"href":"https:\/\/www.zoko.ro\/en\/wp-json\/wp\/v2\/types\/product"}],"replies":[{"embeddable":true,"href":"https:\/\/www.zoko.ro\/en\/wp-json\/wp\/v2\/comments?post=13890"}],"version-history":[{"count":1,"href":"https:\/\/www.zoko.ro\/en\/wp-json\/wp\/v2\/product\/13890\/revisions"}],"predecessor-version":[{"id":14030,"href":"https:\/\/www.zoko.ro\/en\/wp-json\/wp\/v2\/product\/13890\/revisions\/14030"}],"wp:featuredmedia":[{"embeddable":true,"href":"https:\/\/www.zoko.ro\/en\/wp-json\/wp\/v2\/media\/13891"}],"wp:attachment":[{"href":"https:\/\/www.zoko.ro\/en\/wp-json\/wp\/v2\/media?parent=13890"}],"wp:term":[{"taxonomy":"product_brand","embeddable":true,"href":"https:\/\/www.zoko.ro\/en\/wp-json\/wp\/v2\/product_brand?post=13890"},{"taxonomy":"product_cat","embeddable":true,"href":"https:\/\/www.zoko.ro\/en\/wp-json\/wp\/v2\/product_cat?post=13890"},{"taxonomy":"product_tag","embeddable":true,"href":"https:\/\/www.zoko.ro\/en\/wp-json\/wp\/v2\/product_tag?post=13890"}],"curies":[{"name":"wp","href":"https:\/\/api.w.org\/{rel}","templated":true}]}}