{"id":13900,"date":"2026-04-28T23:38:08","date_gmt":"2026-04-28T21:38:08","guid":{"rendered":"https:\/\/www.zoko.ro\/p\/ou-de-pasti-din-lemn-pictate-manual-marimea-m-gonga\/"},"modified":"2026-04-28T23:38:08","modified_gmt":"2026-04-28T21:38:08","slug":"ou-de-pasti-din-lemn-pictate-manual-marimea-m-gonga","status":"publish","type":"product","link":"https:\/\/www.zoko.ro\/en\/p\/ou-de-pasti-din-lemn-pictate-manual-marimea-m-gonga\/","title":{"rendered":"Ou de Pa\u0219ti, din lemn, pictate manual, m\u0103rimea M, Gonga\u00ae"},"content":{"rendered":"<p><strong>Culoare:<\/strong> Multicolor<\/p>\n<p><strong>Ou de Pa\u0219ti din lemn \u2013 pictat manual, m\u0103rimea M<\/strong><\/p>\n<p>Adaug\u0103 un strop de tradi\u021bie \u0219i rafinament decorului t\u0103u pascal cu aceste ou\u0103 din lemn, pictate manual cu grij\u0103 \u0219i aten\u021bie la detalii. Fiecare pies\u0103 este unic\u0103, realizat\u0103 artizanal, cu motive inspirate din folclorul rom\u00e2nesc sau modele florale delicate.<\/p>\n<p><img loading=\"lazy\" decoding=\"async\" src=\"https:\/\/gonga.ro\/img\/cms\/Ou%20de%20Pa%C8%99ti,%20din%20lemn,%20pictate%20manual,%20m%C4%83rimea%20M,%20Gonga%C2%AE.jpg\" alt=\"\" width=\"1200\" height=\"900\" \/><\/p>\n<p>Realizate din lemn de calitate \u0219i disponibile \u00een m\u0103rimea M, aceste ou\u0103 decorative sunt ideale pentru aranjamente de Pa\u0219te, cadouri simbolice sau colec\u021bii cu specific tradi\u021bional. Rezistente \u0219i durabile, pot fi p\u0103strate ani la r\u00e2nd ca amintire sau element decorativ.<\/p>\n<p>Perfecte pentru cei care apreciaz\u0103 me\u0219te\u0219ugul autentic \u0219i frumuse\u021bea lucrului manual!<\/p>\n<\/p>\n<p><strong>Specificatii:<\/strong><\/p>\n<p><strong><\/strong><\/p>\n<p>&#8211; Material: lemn<\/p>\n<p>\u00a0-Inaltime: 4,5 &#8211; 4,6 cm<\/p>\n<\/p>\n<p>&#8211; Diametru: 3 cm<\/p>","protected":false},"excerpt":{"rendered":"<p>Culoare: Multicolor Ou de Pa\u0219ti din lemn \u2013 pictat manual, m\u0103rimea M Adaug\u0103 un strop de tradi\u021bie \u0219i rafinament decorului<\/p>","protected":false},"featured_media":13901,"comment_status":"open","ping_status":"open","template":"","meta":[],"product_brand":[],"product_cat":[99,324,100,125],"product_tag":[104],"class_list":{"0":"post-13900","1":"product","2":"type-product","3":"status-publish","4":"has-post-thumbnail","6":"product_cat-acasa","7":"product_cat-accesorii-si-decoratiuni-paste","8":"product_cat-casa-gradina","9":"product_cat-decoratiuni","10":"product_tag-in-stoc","11":"pa_culoare-multicolor","13":"first","14":"instock","15":"sale","16":"purchasable","17":"product-type-simple"},"yoast_head":"<!-- This site is optimized with the Yoast SEO plugin v27.2 - https:\/\/yoast.com\/product\/yoast-seo-wordpress\/ -->\n<title>Ou de Pa\u0219ti, din lemn, pictate manual, m\u0103rimea M, Gonga\u00ae | ZOKO<\/title>\n<meta name=\"robots\" content=\"index, follow, max-snippet:-1, max-image-preview:large, max-video-preview:-1\" \/>\n<link rel=\"canonical\" href=\"https:\/\/www.zoko.ro\/en\/p\/ou-de-pasti-din-lemn-pictate-manual-marimea-m-gonga\/\" \/>\n<meta property=\"og:locale\" content=\"en_GB\" \/>\n<meta property=\"og:type\" content=\"article\" \/>\n<meta property=\"og:title\" content=\"Ou de Pa\u0219ti, din lemn, pictate manual, m\u0103rimea M, Gonga\u00ae | ZOKO\" \/>\n<meta property=\"og:description\" content=\"Culoare: Multicolor Ou de Pa\u0219ti din lemn \u2013 pictat manual, m\u0103rimea M Adaug\u0103 un strop de tradi\u021bie \u0219i rafinament decorului\" \/>\n<meta property=\"og:url\" content=\"https:\/\/www.zoko.ro\/en\/p\/ou-de-pasti-din-lemn-pictate-manual-marimea-m-gonga\/\" \/>\n<meta property=\"og:site_name\" content=\"ZOKO\" \/>\n<meta property=\"article:publisher\" content=\"https:\/\/www.facebook.com\/profile.php?id=61584344135075\" \/>\n<meta property=\"og:image\" content=\"https:\/\/www.zoko.ro\/wp-content\/uploads\/2025\/04\/ou-de-pati-din-lemn-pictate-manual-marimea-m-gonga-2.jpg\" \/>\n\t<meta property=\"og:image:width\" content=\"1200\" \/>\n\t<meta property=\"og:image:height\" content=\"900\" \/>\n\t<meta property=\"og:image:type\" content=\"image\/jpeg\" \/>\n<meta name=\"twitter:card\" content=\"summary_large_image\" \/>\n<meta name=\"twitter:label1\" content=\"Estimated reading time\" \/>\n\t<meta name=\"twitter:data1\" content=\"1 minute\" \/>\n<script type=\"application\/ld+json\" class=\"yoast-schema-graph\">{\"@context\":\"https:\/\/schema.org\",\"@graph\":[{\"@type\":\"WebPage\",\"@id\":\"https:\/\/www.zoko.ro\/p\/ou-de-pasti-din-lemn-pictate-manual-marimea-m-gonga\/\",\"url\":\"https:\/\/www.zoko.ro\/p\/ou-de-pasti-din-lemn-pictate-manual-marimea-m-gonga\/\",\"name\":\"Ou de Pa\u0219ti, din lemn, pictate manual, m\u0103rimea M, Gonga\u00ae | ZOKO\",\"isPartOf\":{\"@id\":\"https:\/\/www.zoko.ro\/#website\"},\"primaryImageOfPage\":{\"@id\":\"https:\/\/www.zoko.ro\/p\/ou-de-pasti-din-lemn-pictate-manual-marimea-m-gonga\/#primaryimage\"},\"image\":{\"@id\":\"https:\/\/www.zoko.ro\/p\/ou-de-pasti-din-lemn-pictate-manual-marimea-m-gonga\/#primaryimage\"},\"thumbnailUrl\":\"https:\/\/www.zoko.ro\/wp-content\/uploads\/2025\/04\/ou-de-pati-din-lemn-pictate-manual-marimea-m-gonga-2.jpg\",\"datePublished\":\"2026-04-28T21:38:08+00:00\",\"breadcrumb\":{\"@id\":\"https:\/\/www.zoko.ro\/p\/ou-de-pasti-din-lemn-pictate-manual-marimea-m-gonga\/#breadcrumb\"},\"inLanguage\":\"en-GB\",\"potentialAction\":[{\"@type\":\"ReadAction\",\"target\":[\"https:\/\/www.zoko.ro\/p\/ou-de-pasti-din-lemn-pictate-manual-marimea-m-gonga\/\"]}]},{\"@type\":\"ImageObject\",\"inLanguage\":\"en-GB\",\"@id\":\"https:\/\/www.zoko.ro\/p\/ou-de-pasti-din-lemn-pictate-manual-marimea-m-gonga\/#primaryimage\",\"url\":\"https:\/\/www.zoko.ro\/wp-content\/uploads\/2025\/04\/ou-de-pati-din-lemn-pictate-manual-marimea-m-gonga-2.jpg\",\"contentUrl\":\"https:\/\/www.zoko.ro\/wp-content\/uploads\/2025\/04\/ou-de-pati-din-lemn-pictate-manual-marimea-m-gonga-2.jpg\",\"width\":1200,\"height\":900},{\"@type\":\"BreadcrumbList\",\"@id\":\"https:\/\/www.zoko.ro\/p\/ou-de-pasti-din-lemn-pictate-manual-marimea-m-gonga\/#breadcrumb\",\"itemListElement\":[{\"@type\":\"ListItem\",\"position\":1,\"name\":\"Home\",\"item\":\"https:\/\/www.zoko.ro\/\"},{\"@type\":\"ListItem\",\"position\":2,\"name\":\"Magazin\",\"item\":\"https:\/\/www.zoko.ro\/magazin\/\"},{\"@type\":\"ListItem\",\"position\":3,\"name\":\"Ou de Pa\u0219ti, din lemn, pictate manual, m\u0103rimea M, Gonga\u00ae\"}]},{\"@type\":\"WebSite\",\"@id\":\"https:\/\/www.zoko.ro\/#website\",\"url\":\"https:\/\/www.zoko.ro\/\",\"name\":\"ZOKO.ro\",\"description\":\"Cump\u0103r\u0103 inteligent\",\"publisher\":{\"@id\":\"https:\/\/www.zoko.ro\/#organization\"},\"potentialAction\":[{\"@type\":\"SearchAction\",\"target\":{\"@type\":\"EntryPoint\",\"urlTemplate\":\"https:\/\/www.zoko.ro\/?s={search_term_string}\"},\"query-input\":{\"@type\":\"PropertyValueSpecification\",\"valueRequired\":true,\"valueName\":\"search_term_string\"}}],\"inLanguage\":\"en-GB\"},{\"@type\":\"Organization\",\"@id\":\"https:\/\/www.zoko.ro\/#organization\",\"name\":\"ZOKO\",\"url\":\"https:\/\/www.zoko.ro\/\",\"logo\":{\"@type\":\"ImageObject\",\"inLanguage\":\"en-GB\",\"@id\":\"https:\/\/www.zoko.ro\/#\/schema\/logo\/image\/\",\"url\":\"https:\/\/www.zoko.ro\/wp-content\/uploads\/2025\/03\/logo1.svg\",\"contentUrl\":\"https:\/\/www.zoko.ro\/wp-content\/uploads\/2025\/03\/logo1.svg\",\"width\":799,\"height\":216,\"caption\":\"ZOKO\"},\"image\":{\"@id\":\"https:\/\/www.zoko.ro\/#\/schema\/logo\/image\/\"},\"sameAs\":[\"https:\/\/www.facebook.com\/profile.php?id=61584344135075\"]}]}<\/script>\n<!-- \/ Yoast SEO plugin. -->","yoast_head_json":{"title":"Ou de Pa\u0219ti, din lemn, pictate manual, m\u0103rimea M, Gonga\u00ae | ZOKO","robots":{"index":"index","follow":"follow","max-snippet":"max-snippet:-1","max-image-preview":"max-image-preview:large","max-video-preview":"max-video-preview:-1"},"canonical":"https:\/\/www.zoko.ro\/en\/p\/ou-de-pasti-din-lemn-pictate-manual-marimea-m-gonga\/","og_locale":"en_GB","og_type":"article","og_title":"Ou de Pa\u0219ti, din lemn, pictate manual, m\u0103rimea M, Gonga\u00ae | ZOKO","og_description":"Culoare: Multicolor Ou de Pa\u0219ti din lemn \u2013 pictat manual, m\u0103rimea M Adaug\u0103 un strop de tradi\u021bie \u0219i rafinament decorului","og_url":"https:\/\/www.zoko.ro\/en\/p\/ou-de-pasti-din-lemn-pictate-manual-marimea-m-gonga\/","og_site_name":"ZOKO","article_publisher":"https:\/\/www.facebook.com\/profile.php?id=61584344135075","og_image":[{"width":1200,"height":900,"url":"https:\/\/www.zoko.ro\/wp-content\/uploads\/2025\/04\/ou-de-pati-din-lemn-pictate-manual-marimea-m-gonga-2.jpg","type":"image\/jpeg"}],"twitter_card":"summary_large_image","twitter_misc":{"Estimated reading time":"1 minute"},"schema":{"@context":"https:\/\/schema.org","@graph":[{"@type":"WebPage","@id":"https:\/\/www.zoko.ro\/p\/ou-de-pasti-din-lemn-pictate-manual-marimea-m-gonga\/","url":"https:\/\/www.zoko.ro\/p\/ou-de-pasti-din-lemn-pictate-manual-marimea-m-gonga\/","name":"Ou de Pa\u0219ti, din lemn, pictate manual, m\u0103rimea M, Gonga\u00ae | ZOKO","isPartOf":{"@id":"https:\/\/www.zoko.ro\/#website"},"primaryImageOfPage":{"@id":"https:\/\/www.zoko.ro\/p\/ou-de-pasti-din-lemn-pictate-manual-marimea-m-gonga\/#primaryimage"},"image":{"@id":"https:\/\/www.zoko.ro\/p\/ou-de-pasti-din-lemn-pictate-manual-marimea-m-gonga\/#primaryimage"},"thumbnailUrl":"https:\/\/www.zoko.ro\/wp-content\/uploads\/2025\/04\/ou-de-pati-din-lemn-pictate-manual-marimea-m-gonga-2.jpg","datePublished":"2026-04-28T21:38:08+00:00","breadcrumb":{"@id":"https:\/\/www.zoko.ro\/p\/ou-de-pasti-din-lemn-pictate-manual-marimea-m-gonga\/#breadcrumb"},"inLanguage":"en-GB","potentialAction":[{"@type":"ReadAction","target":["https:\/\/www.zoko.ro\/p\/ou-de-pasti-din-lemn-pictate-manual-marimea-m-gonga\/"]}]},{"@type":"ImageObject","inLanguage":"en-GB","@id":"https:\/\/www.zoko.ro\/p\/ou-de-pasti-din-lemn-pictate-manual-marimea-m-gonga\/#primaryimage","url":"https:\/\/www.zoko.ro\/wp-content\/uploads\/2025\/04\/ou-de-pati-din-lemn-pictate-manual-marimea-m-gonga-2.jpg","contentUrl":"https:\/\/www.zoko.ro\/wp-content\/uploads\/2025\/04\/ou-de-pati-din-lemn-pictate-manual-marimea-m-gonga-2.jpg","width":1200,"height":900},{"@type":"BreadcrumbList","@id":"https:\/\/www.zoko.ro\/p\/ou-de-pasti-din-lemn-pictate-manual-marimea-m-gonga\/#breadcrumb","itemListElement":[{"@type":"ListItem","position":1,"name":"Home","item":"https:\/\/www.zoko.ro\/"},{"@type":"ListItem","position":2,"name":"Magazin","item":"https:\/\/www.zoko.ro\/magazin\/"},{"@type":"ListItem","position":3,"name":"Ou de Pa\u0219ti, din lemn, pictate manual, m\u0103rimea M, Gonga\u00ae"}]},{"@type":"WebSite","@id":"https:\/\/www.zoko.ro\/#website","url":"https:\/\/www.zoko.ro\/","name":"ZOKO.ro","description":"Cump\u0103r\u0103 inteligent","publisher":{"@id":"https:\/\/www.zoko.ro\/#organization"},"potentialAction":[{"@type":"SearchAction","target":{"@type":"EntryPoint","urlTemplate":"https:\/\/www.zoko.ro\/?s={search_term_string}"},"query-input":{"@type":"PropertyValueSpecification","valueRequired":true,"valueName":"search_term_string"}}],"inLanguage":"en-GB"},{"@type":"Organization","@id":"https:\/\/www.zoko.ro\/#organization","name":"ZOKO","url":"https:\/\/www.zoko.ro\/","logo":{"@type":"ImageObject","inLanguage":"en-GB","@id":"https:\/\/www.zoko.ro\/#\/schema\/logo\/image\/","url":"https:\/\/www.zoko.ro\/wp-content\/uploads\/2025\/03\/logo1.svg","contentUrl":"https:\/\/www.zoko.ro\/wp-content\/uploads\/2025\/03\/logo1.svg","width":799,"height":216,"caption":"ZOKO"},"image":{"@id":"https:\/\/www.zoko.ro\/#\/schema\/logo\/image\/"},"sameAs":["https:\/\/www.facebook.com\/profile.php?id=61584344135075"]}]}},"_links":{"self":[{"href":"https:\/\/www.zoko.ro\/en\/wp-json\/wp\/v2\/product\/13900","targetHints":{"allow":["GET"]}}],"collection":[{"href":"https:\/\/www.zoko.ro\/en\/wp-json\/wp\/v2\/product"}],"about":[{"href":"https:\/\/www.zoko.ro\/en\/wp-json\/wp\/v2\/types\/product"}],"replies":[{"embeddable":true,"href":"https:\/\/www.zoko.ro\/en\/wp-json\/wp\/v2\/comments?post=13900"}],"version-history":[{"count":1,"href":"https:\/\/www.zoko.ro\/en\/wp-json\/wp\/v2\/product\/13900\/revisions"}],"predecessor-version":[{"id":14032,"href":"https:\/\/www.zoko.ro\/en\/wp-json\/wp\/v2\/product\/13900\/revisions\/14032"}],"wp:featuredmedia":[{"embeddable":true,"href":"https:\/\/www.zoko.ro\/en\/wp-json\/wp\/v2\/media\/13901"}],"wp:attachment":[{"href":"https:\/\/www.zoko.ro\/en\/wp-json\/wp\/v2\/media?parent=13900"}],"wp:term":[{"taxonomy":"product_brand","embeddable":true,"href":"https:\/\/www.zoko.ro\/en\/wp-json\/wp\/v2\/product_brand?post=13900"},{"taxonomy":"product_cat","embeddable":true,"href":"https:\/\/www.zoko.ro\/en\/wp-json\/wp\/v2\/product_cat?post=13900"},{"taxonomy":"product_tag","embeddable":true,"href":"https:\/\/www.zoko.ro\/en\/wp-json\/wp\/v2\/product_tag?post=13900"}],"curies":[{"name":"wp","href":"https:\/\/api.w.org\/{rel}","templated":true}]}}