{"id":13902,"date":"2026-04-28T23:38:08","date_gmt":"2026-04-28T21:38:08","guid":{"rendered":"https:\/\/www.zoko.ro\/p\/set-5-bureti-de-baie-diverse-culori-gonga\/"},"modified":"2026-04-28T23:38:08","modified_gmt":"2026-04-28T21:38:08","slug":"set-5-bureti-de-baie-diverse-culori-gonga","status":"publish","type":"product","link":"https:\/\/www.zoko.ro\/en\/p\/set-5-bureti-de-baie-diverse-culori-gonga\/","title":{"rendered":"Set 5 bureti de baie, diverse culori, Gonga\u00ae"},"content":{"rendered":"<p><strong>Culoare:<\/strong> Multicolor<\/p>\n<p><strong>Set 5 bure\u021bi de baie \u2013 culori diverse<\/strong>, pentru o cur\u0103\u021bare delicat\u0103 \u0219i eficient\u0103<\/p>\n<p>R\u0103sfa\u021b\u0103-te zilnic cu o baie relaxant\u0103 \u0219i revigorant\u0103 folosind acest set practic de 5 bure\u021bi de baie \u00een culori vesele \u0219i variate. Ideali pentru \u00eentreaga familie, ace\u0219ti bure\u021bi asigur\u0103 o spumare bogat\u0103 \u0219i o cur\u0103\u021bare delicat\u0103 a pielii, l\u0103s\u00e2nd-o neted\u0103 \u0219i revigorat\u0103.<\/p>\n<p><img loading=\"lazy\" decoding=\"async\" src=\"https:\/\/gonga.ro\/img\/cms\/Set%205%20bureti%20de%20baie,%20diverse%20culori,%20Gonga%C2%AE1.png\" alt=\"\" width=\"966\" height=\"885\" \/><\/p>\n<p>Textura moale maseaz\u0103 u\u0219or pielea, ajut\u00e2nd la \u00eendep\u0103rtarea celulelor moarte \u0219i la stimularea circula\u021biei. Sunt u\u0219or de ag\u0103\u021bat pentru uscare datorit\u0103 \u0219nurului integrat \u0219i pot fi folosi\u021bi at\u00e2t cu gel de du\u0219, c\u00e2t \u0219i cu s\u0103pun solid.<\/p>\n<p>Un set colorat, practic \u0219i accesibil \u2013 perfect pentru baie, cad\u0103 sau du\u0219!<\/p>\n<p><img loading=\"lazy\" decoding=\"async\" src=\"https:\/\/gonga.ro\/img\/cms\/Set%205%20bureti%20de%20baie,%20diverse%20culori,%20Gonga%C2%AE2.png\" alt=\"\" width=\"894\" height=\"881\" \/><\/p>\n<\/p>\n<p><strong>Specificatii:<\/strong><\/p>\n<\/p>\n<p>&#8211; Dimensiuni burete: 12 x 7 x 4 cm<\/p>","protected":false},"excerpt":{"rendered":"<p>Culoare: Multicolor Set 5 bure\u021bi de baie \u2013 culori diverse, pentru o cur\u0103\u021bare delicat\u0103 \u0219i eficient\u0103 R\u0103sfa\u021b\u0103-te zilnic cu o<\/p>","protected":false},"featured_media":13903,"comment_status":"open","ping_status":"open","template":"","meta":[],"product_brand":[],"product_cat":[99,118,114],"product_tag":[104],"class_list":{"0":"post-13902","1":"product","2":"type-product","3":"status-publish","4":"has-post-thumbnail","6":"product_cat-acasa","7":"product_cat-cosmetice-produse-ingrijire-personala","8":"product_cat-ingrijire-personala-cosmetice","9":"product_tag-in-stoc","10":"pa_culoare-multicolor","12":"first","13":"instock","14":"sale","15":"purchasable","16":"product-type-simple"},"yoast_head":"<!-- This site is optimized with the Yoast SEO plugin v27.2 - https:\/\/yoast.com\/product\/yoast-seo-wordpress\/ -->\n<title>Set 5 bureti de baie, diverse culori, Gonga\u00ae | ZOKO<\/title>\n<meta name=\"robots\" content=\"index, follow, max-snippet:-1, max-image-preview:large, max-video-preview:-1\" \/>\n<link rel=\"canonical\" href=\"https:\/\/www.zoko.ro\/en\/p\/set-5-bureti-de-baie-diverse-culori-gonga\/\" \/>\n<meta property=\"og:locale\" content=\"en_GB\" \/>\n<meta property=\"og:type\" content=\"article\" \/>\n<meta property=\"og:title\" content=\"Set 5 bureti de baie, diverse culori, Gonga\u00ae | ZOKO\" \/>\n<meta property=\"og:description\" content=\"Culoare: Multicolor Set 5 bure\u021bi de baie \u2013 culori diverse, pentru o cur\u0103\u021bare delicat\u0103 \u0219i eficient\u0103 R\u0103sfa\u021b\u0103-te zilnic cu o\" \/>\n<meta property=\"og:url\" content=\"https:\/\/www.zoko.ro\/en\/p\/set-5-bureti-de-baie-diverse-culori-gonga\/\" \/>\n<meta property=\"og:site_name\" content=\"ZOKO\" \/>\n<meta property=\"article:publisher\" content=\"https:\/\/www.facebook.com\/profile.php?id=61584344135075\" \/>\n<meta property=\"og:image\" content=\"https:\/\/www.zoko.ro\/wp-content\/uploads\/2025\/04\/set-5-bureti-de-baie-diverse-culori-gonga-6.jpg\" \/>\n\t<meta property=\"og:image:width\" content=\"881\" \/>\n\t<meta property=\"og:image:height\" content=\"883\" \/>\n\t<meta property=\"og:image:type\" content=\"image\/png\" \/>\n<meta name=\"twitter:card\" content=\"summary_large_image\" \/>\n<meta name=\"twitter:label1\" content=\"Estimated reading time\" \/>\n\t<meta name=\"twitter:data1\" content=\"1 minute\" \/>\n<script type=\"application\/ld+json\" class=\"yoast-schema-graph\">{\"@context\":\"https:\/\/schema.org\",\"@graph\":[{\"@type\":\"WebPage\",\"@id\":\"https:\/\/www.zoko.ro\/p\/set-5-bureti-de-baie-diverse-culori-gonga\/\",\"url\":\"https:\/\/www.zoko.ro\/p\/set-5-bureti-de-baie-diverse-culori-gonga\/\",\"name\":\"Set 5 bureti de baie, diverse culori, Gonga\u00ae | ZOKO\",\"isPartOf\":{\"@id\":\"https:\/\/www.zoko.ro\/#website\"},\"primaryImageOfPage\":{\"@id\":\"https:\/\/www.zoko.ro\/p\/set-5-bureti-de-baie-diverse-culori-gonga\/#primaryimage\"},\"image\":{\"@id\":\"https:\/\/www.zoko.ro\/p\/set-5-bureti-de-baie-diverse-culori-gonga\/#primaryimage\"},\"thumbnailUrl\":\"https:\/\/www.zoko.ro\/wp-content\/uploads\/2025\/04\/set-5-bureti-de-baie-diverse-culori-gonga-6.jpg\",\"datePublished\":\"2026-04-28T21:38:08+00:00\",\"breadcrumb\":{\"@id\":\"https:\/\/www.zoko.ro\/p\/set-5-bureti-de-baie-diverse-culori-gonga\/#breadcrumb\"},\"inLanguage\":\"en-GB\",\"potentialAction\":[{\"@type\":\"ReadAction\",\"target\":[\"https:\/\/www.zoko.ro\/p\/set-5-bureti-de-baie-diverse-culori-gonga\/\"]}]},{\"@type\":\"ImageObject\",\"inLanguage\":\"en-GB\",\"@id\":\"https:\/\/www.zoko.ro\/p\/set-5-bureti-de-baie-diverse-culori-gonga\/#primaryimage\",\"url\":\"https:\/\/www.zoko.ro\/wp-content\/uploads\/2025\/04\/set-5-bureti-de-baie-diverse-culori-gonga-6.jpg\",\"contentUrl\":\"https:\/\/www.zoko.ro\/wp-content\/uploads\/2025\/04\/set-5-bureti-de-baie-diverse-culori-gonga-6.jpg\",\"width\":881,\"height\":883},{\"@type\":\"BreadcrumbList\",\"@id\":\"https:\/\/www.zoko.ro\/p\/set-5-bureti-de-baie-diverse-culori-gonga\/#breadcrumb\",\"itemListElement\":[{\"@type\":\"ListItem\",\"position\":1,\"name\":\"Home\",\"item\":\"https:\/\/www.zoko.ro\/\"},{\"@type\":\"ListItem\",\"position\":2,\"name\":\"Magazin\",\"item\":\"https:\/\/www.zoko.ro\/magazin\/\"},{\"@type\":\"ListItem\",\"position\":3,\"name\":\"Set 5 bureti de baie, diverse culori, Gonga\u00ae\"}]},{\"@type\":\"WebSite\",\"@id\":\"https:\/\/www.zoko.ro\/#website\",\"url\":\"https:\/\/www.zoko.ro\/\",\"name\":\"ZOKO.ro\",\"description\":\"Cump\u0103r\u0103 inteligent\",\"publisher\":{\"@id\":\"https:\/\/www.zoko.ro\/#organization\"},\"potentialAction\":[{\"@type\":\"SearchAction\",\"target\":{\"@type\":\"EntryPoint\",\"urlTemplate\":\"https:\/\/www.zoko.ro\/?s={search_term_string}\"},\"query-input\":{\"@type\":\"PropertyValueSpecification\",\"valueRequired\":true,\"valueName\":\"search_term_string\"}}],\"inLanguage\":\"en-GB\"},{\"@type\":\"Organization\",\"@id\":\"https:\/\/www.zoko.ro\/#organization\",\"name\":\"ZOKO\",\"url\":\"https:\/\/www.zoko.ro\/\",\"logo\":{\"@type\":\"ImageObject\",\"inLanguage\":\"en-GB\",\"@id\":\"https:\/\/www.zoko.ro\/#\/schema\/logo\/image\/\",\"url\":\"https:\/\/www.zoko.ro\/wp-content\/uploads\/2025\/03\/logo1.svg\",\"contentUrl\":\"https:\/\/www.zoko.ro\/wp-content\/uploads\/2025\/03\/logo1.svg\",\"width\":799,\"height\":216,\"caption\":\"ZOKO\"},\"image\":{\"@id\":\"https:\/\/www.zoko.ro\/#\/schema\/logo\/image\/\"},\"sameAs\":[\"https:\/\/www.facebook.com\/profile.php?id=61584344135075\"]}]}<\/script>\n<!-- \/ Yoast SEO plugin. -->","yoast_head_json":{"title":"Set 5 bureti de baie, diverse culori, Gonga\u00ae | ZOKO","robots":{"index":"index","follow":"follow","max-snippet":"max-snippet:-1","max-image-preview":"max-image-preview:large","max-video-preview":"max-video-preview:-1"},"canonical":"https:\/\/www.zoko.ro\/en\/p\/set-5-bureti-de-baie-diverse-culori-gonga\/","og_locale":"en_GB","og_type":"article","og_title":"Set 5 bureti de baie, diverse culori, Gonga\u00ae | ZOKO","og_description":"Culoare: Multicolor Set 5 bure\u021bi de baie \u2013 culori diverse, pentru o cur\u0103\u021bare delicat\u0103 \u0219i eficient\u0103 R\u0103sfa\u021b\u0103-te zilnic cu o","og_url":"https:\/\/www.zoko.ro\/en\/p\/set-5-bureti-de-baie-diverse-culori-gonga\/","og_site_name":"ZOKO","article_publisher":"https:\/\/www.facebook.com\/profile.php?id=61584344135075","og_image":[{"width":881,"height":883,"url":"https:\/\/www.zoko.ro\/wp-content\/uploads\/2025\/04\/set-5-bureti-de-baie-diverse-culori-gonga-6.jpg","type":"image\/png"}],"twitter_card":"summary_large_image","twitter_misc":{"Estimated reading time":"1 minute"},"schema":{"@context":"https:\/\/schema.org","@graph":[{"@type":"WebPage","@id":"https:\/\/www.zoko.ro\/p\/set-5-bureti-de-baie-diverse-culori-gonga\/","url":"https:\/\/www.zoko.ro\/p\/set-5-bureti-de-baie-diverse-culori-gonga\/","name":"Set 5 bureti de baie, diverse culori, Gonga\u00ae | ZOKO","isPartOf":{"@id":"https:\/\/www.zoko.ro\/#website"},"primaryImageOfPage":{"@id":"https:\/\/www.zoko.ro\/p\/set-5-bureti-de-baie-diverse-culori-gonga\/#primaryimage"},"image":{"@id":"https:\/\/www.zoko.ro\/p\/set-5-bureti-de-baie-diverse-culori-gonga\/#primaryimage"},"thumbnailUrl":"https:\/\/www.zoko.ro\/wp-content\/uploads\/2025\/04\/set-5-bureti-de-baie-diverse-culori-gonga-6.jpg","datePublished":"2026-04-28T21:38:08+00:00","breadcrumb":{"@id":"https:\/\/www.zoko.ro\/p\/set-5-bureti-de-baie-diverse-culori-gonga\/#breadcrumb"},"inLanguage":"en-GB","potentialAction":[{"@type":"ReadAction","target":["https:\/\/www.zoko.ro\/p\/set-5-bureti-de-baie-diverse-culori-gonga\/"]}]},{"@type":"ImageObject","inLanguage":"en-GB","@id":"https:\/\/www.zoko.ro\/p\/set-5-bureti-de-baie-diverse-culori-gonga\/#primaryimage","url":"https:\/\/www.zoko.ro\/wp-content\/uploads\/2025\/04\/set-5-bureti-de-baie-diverse-culori-gonga-6.jpg","contentUrl":"https:\/\/www.zoko.ro\/wp-content\/uploads\/2025\/04\/set-5-bureti-de-baie-diverse-culori-gonga-6.jpg","width":881,"height":883},{"@type":"BreadcrumbList","@id":"https:\/\/www.zoko.ro\/p\/set-5-bureti-de-baie-diverse-culori-gonga\/#breadcrumb","itemListElement":[{"@type":"ListItem","position":1,"name":"Home","item":"https:\/\/www.zoko.ro\/"},{"@type":"ListItem","position":2,"name":"Magazin","item":"https:\/\/www.zoko.ro\/magazin\/"},{"@type":"ListItem","position":3,"name":"Set 5 bureti de baie, diverse culori, Gonga\u00ae"}]},{"@type":"WebSite","@id":"https:\/\/www.zoko.ro\/#website","url":"https:\/\/www.zoko.ro\/","name":"ZOKO.ro","description":"Cump\u0103r\u0103 inteligent","publisher":{"@id":"https:\/\/www.zoko.ro\/#organization"},"potentialAction":[{"@type":"SearchAction","target":{"@type":"EntryPoint","urlTemplate":"https:\/\/www.zoko.ro\/?s={search_term_string}"},"query-input":{"@type":"PropertyValueSpecification","valueRequired":true,"valueName":"search_term_string"}}],"inLanguage":"en-GB"},{"@type":"Organization","@id":"https:\/\/www.zoko.ro\/#organization","name":"ZOKO","url":"https:\/\/www.zoko.ro\/","logo":{"@type":"ImageObject","inLanguage":"en-GB","@id":"https:\/\/www.zoko.ro\/#\/schema\/logo\/image\/","url":"https:\/\/www.zoko.ro\/wp-content\/uploads\/2025\/03\/logo1.svg","contentUrl":"https:\/\/www.zoko.ro\/wp-content\/uploads\/2025\/03\/logo1.svg","width":799,"height":216,"caption":"ZOKO"},"image":{"@id":"https:\/\/www.zoko.ro\/#\/schema\/logo\/image\/"},"sameAs":["https:\/\/www.facebook.com\/profile.php?id=61584344135075"]}]}},"_links":{"self":[{"href":"https:\/\/www.zoko.ro\/en\/wp-json\/wp\/v2\/product\/13902","targetHints":{"allow":["GET"]}}],"collection":[{"href":"https:\/\/www.zoko.ro\/en\/wp-json\/wp\/v2\/product"}],"about":[{"href":"https:\/\/www.zoko.ro\/en\/wp-json\/wp\/v2\/types\/product"}],"replies":[{"embeddable":true,"href":"https:\/\/www.zoko.ro\/en\/wp-json\/wp\/v2\/comments?post=13902"}],"version-history":[{"count":1,"href":"https:\/\/www.zoko.ro\/en\/wp-json\/wp\/v2\/product\/13902\/revisions"}],"predecessor-version":[{"id":14033,"href":"https:\/\/www.zoko.ro\/en\/wp-json\/wp\/v2\/product\/13902\/revisions\/14033"}],"wp:featuredmedia":[{"embeddable":true,"href":"https:\/\/www.zoko.ro\/en\/wp-json\/wp\/v2\/media\/13903"}],"wp:attachment":[{"href":"https:\/\/www.zoko.ro\/en\/wp-json\/wp\/v2\/media?parent=13902"}],"wp:term":[{"taxonomy":"product_brand","embeddable":true,"href":"https:\/\/www.zoko.ro\/en\/wp-json\/wp\/v2\/product_brand?post=13902"},{"taxonomy":"product_cat","embeddable":true,"href":"https:\/\/www.zoko.ro\/en\/wp-json\/wp\/v2\/product_cat?post=13902"},{"taxonomy":"product_tag","embeddable":true,"href":"https:\/\/www.zoko.ro\/en\/wp-json\/wp\/v2\/product_tag?post=13902"}],"curies":[{"name":"wp","href":"https:\/\/api.w.org\/{rel}","templated":true}]}}