{"id":13922,"date":"2026-04-28T23:38:09","date_gmt":"2026-04-28T21:38:09","guid":{"rendered":"https:\/\/www.zoko.ro\/p\/dispozitiv-anti-sforait-tip-banda-pentru-barbie-gonga\/"},"modified":"2026-04-28T23:38:09","modified_gmt":"2026-04-28T21:38:09","slug":"dispozitiv-anti-sforait-tip-banda-pentru-barbie-gonga","status":"publish","type":"product","link":"https:\/\/www.zoko.ro\/en\/p\/dispozitiv-anti-sforait-tip-banda-pentru-barbie-gonga\/","title":{"rendered":"Dispozitiv anti-sforait tip band\u0103 pentru b\u0103rbie, Gonga\u00ae"},"content":{"rendered":"<p><strong>Culoare:<\/strong> Negru<\/p>\n<p><strong>Dispozitiv anti-sfor\u0103it tip band\u0103 pentru b\u0103rbie<\/strong> \u2013 somn lini\u0219tit \u0219i odihnitor<\/p>\n<p>Spune adio nop\u021bilor \u00eentrerupte de sfor\u0103it cu acest dispozitiv anti-sfor\u0103it tip band\u0103 pentru b\u0103rbie, conceput pentru a sus\u021bine maxilarul inferior \u0219i a men\u021bine c\u0103ile respiratorii deschise \u00een timpul somnului.<\/p>\n<p><img loading=\"lazy\" decoding=\"async\" src=\"https:\/\/gonga.ro\/img\/cms\/Dispozitiv%20anti-sforait%20tip%20band%C4%83%20pentru%20b%C4%83rbie,%20Gonga%C2%AE2.jpg\" alt=\"\" width=\"850\" height=\"850\" \/><\/p>\n<p>Fabricat\u0103 din material elastic, moale \u0219i respirabil, banda se fixeaz\u0103 confortabil \u00een jurul capului \u0219i b\u0103rbiei, f\u0103r\u0103 a crea disconfort. Ideal\u0103 pentru persoanele care sfor\u0103ie \u00een special atunci c\u00e2nd dorm pe spate, aceast\u0103 solu\u021bie non-invaziv\u0103 contribuie la un somn mai lini\u0219tit, at\u00e2t pentru tine, c\u00e2t \u0219i pentru partener.<\/p>\n<p>U\u0219or de folosit, ajustabil\u0103 \u0219i reutilizabil\u0103 \u2013 o alegere practic\u0103 pentru un somn odihnitor, f\u0103r\u0103 zgomote nedorite.<\/p>\n<p><img loading=\"lazy\" decoding=\"async\" src=\"https:\/\/gonga.ro\/img\/cms\/Dispozitiv%20anti-sforait%20tip%20band%C4%83%20pentru%20b%C4%83rbie,%20Gonga%C2%AE3.jpg\" alt=\"\" width=\"850\" height=\"850\" \/><\/p>\n<\/p>\n<p><strong>Specificatii:<\/strong><\/p>\n<\/p>\n<p>&#8211; Material: neopren<\/p>\n<p>&#8211; Lungime benti\u021b\u0103: 66 p\u00e2n\u0103 la 73 cm<\/p>\n<p>&#8211; Latime totala: 7,5 cm<\/p>","protected":false},"excerpt":{"rendered":"<p>Culoare: Negru Dispozitiv anti-sfor\u0103it tip band\u0103 pentru b\u0103rbie \u2013 somn lini\u0219tit \u0219i odihnitor Spune adio nop\u021bilor \u00eentrerupte de sfor\u0103it cu<\/p>","protected":false},"featured_media":13923,"comment_status":"open","ping_status":"open","template":"","meta":[],"product_brand":[],"product_cat":[99,115,114],"product_tag":[],"class_list":{"0":"post-13922","1":"product","2":"type-product","3":"status-publish","4":"has-post-thumbnail","6":"product_cat-acasa","7":"product_cat-aparate-accesorii-ingrijire-personala","8":"product_cat-ingrijire-personala-cosmetice","9":"pa_culoare-negru","11":"first","12":"outofstock","13":"sale","14":"purchasable","15":"product-type-simple"},"yoast_head":"<!-- This site is optimized with the Yoast SEO plugin v27.2 - https:\/\/yoast.com\/product\/yoast-seo-wordpress\/ -->\n<title>Dispozitiv anti-sforait tip band\u0103 pentru b\u0103rbie, Gonga\u00ae | ZOKO<\/title>\n<meta name=\"robots\" content=\"index, follow, max-snippet:-1, max-image-preview:large, max-video-preview:-1\" \/>\n<link rel=\"canonical\" href=\"https:\/\/www.zoko.ro\/en\/p\/dispozitiv-anti-sforait-tip-banda-pentru-barbie-gonga\/\" \/>\n<meta property=\"og:locale\" content=\"en_GB\" \/>\n<meta property=\"og:type\" content=\"article\" \/>\n<meta property=\"og:title\" content=\"Dispozitiv anti-sforait tip band\u0103 pentru b\u0103rbie, Gonga\u00ae | ZOKO\" \/>\n<meta property=\"og:description\" content=\"Culoare: Negru Dispozitiv anti-sfor\u0103it tip band\u0103 pentru b\u0103rbie \u2013 somn lini\u0219tit \u0219i odihnitor Spune adio nop\u021bilor \u00eentrerupte de sfor\u0103it cu\" \/>\n<meta property=\"og:url\" content=\"https:\/\/www.zoko.ro\/en\/p\/dispozitiv-anti-sforait-tip-banda-pentru-barbie-gonga\/\" \/>\n<meta property=\"og:site_name\" content=\"ZOKO\" \/>\n<meta property=\"article:publisher\" content=\"https:\/\/www.facebook.com\/profile.php?id=61584344135075\" \/>\n<meta property=\"og:image\" content=\"https:\/\/www.zoko.ro\/wp-content\/uploads\/2025\/04\/dispozitiv-anti-sforait-tip-banda-pentru-barbie-gonga-12.jpg\" \/>\n\t<meta property=\"og:image:width\" content=\"800\" \/>\n\t<meta property=\"og:image:height\" content=\"800\" \/>\n\t<meta property=\"og:image:type\" content=\"image\/jpeg\" \/>\n<meta name=\"twitter:card\" content=\"summary_large_image\" \/>\n<meta name=\"twitter:label1\" content=\"Estimated reading time\" \/>\n\t<meta name=\"twitter:data1\" content=\"1 minute\" \/>\n<script type=\"application\/ld+json\" class=\"yoast-schema-graph\">{\"@context\":\"https:\/\/schema.org\",\"@graph\":[{\"@type\":\"WebPage\",\"@id\":\"https:\/\/www.zoko.ro\/p\/dispozitiv-anti-sforait-tip-banda-pentru-barbie-gonga\/\",\"url\":\"https:\/\/www.zoko.ro\/p\/dispozitiv-anti-sforait-tip-banda-pentru-barbie-gonga\/\",\"name\":\"Dispozitiv anti-sforait tip band\u0103 pentru b\u0103rbie, Gonga\u00ae | ZOKO\",\"isPartOf\":{\"@id\":\"https:\/\/www.zoko.ro\/#website\"},\"primaryImageOfPage\":{\"@id\":\"https:\/\/www.zoko.ro\/p\/dispozitiv-anti-sforait-tip-banda-pentru-barbie-gonga\/#primaryimage\"},\"image\":{\"@id\":\"https:\/\/www.zoko.ro\/p\/dispozitiv-anti-sforait-tip-banda-pentru-barbie-gonga\/#primaryimage\"},\"thumbnailUrl\":\"https:\/\/www.zoko.ro\/wp-content\/uploads\/2025\/04\/dispozitiv-anti-sforait-tip-banda-pentru-barbie-gonga-12.jpg\",\"datePublished\":\"2026-04-28T21:38:09+00:00\",\"breadcrumb\":{\"@id\":\"https:\/\/www.zoko.ro\/p\/dispozitiv-anti-sforait-tip-banda-pentru-barbie-gonga\/#breadcrumb\"},\"inLanguage\":\"en-GB\",\"potentialAction\":[{\"@type\":\"ReadAction\",\"target\":[\"https:\/\/www.zoko.ro\/p\/dispozitiv-anti-sforait-tip-banda-pentru-barbie-gonga\/\"]}]},{\"@type\":\"ImageObject\",\"inLanguage\":\"en-GB\",\"@id\":\"https:\/\/www.zoko.ro\/p\/dispozitiv-anti-sforait-tip-banda-pentru-barbie-gonga\/#primaryimage\",\"url\":\"https:\/\/www.zoko.ro\/wp-content\/uploads\/2025\/04\/dispozitiv-anti-sforait-tip-banda-pentru-barbie-gonga-12.jpg\",\"contentUrl\":\"https:\/\/www.zoko.ro\/wp-content\/uploads\/2025\/04\/dispozitiv-anti-sforait-tip-banda-pentru-barbie-gonga-12.jpg\",\"width\":800,\"height\":800},{\"@type\":\"BreadcrumbList\",\"@id\":\"https:\/\/www.zoko.ro\/p\/dispozitiv-anti-sforait-tip-banda-pentru-barbie-gonga\/#breadcrumb\",\"itemListElement\":[{\"@type\":\"ListItem\",\"position\":1,\"name\":\"Home\",\"item\":\"https:\/\/www.zoko.ro\/\"},{\"@type\":\"ListItem\",\"position\":2,\"name\":\"Magazin\",\"item\":\"https:\/\/www.zoko.ro\/magazin\/\"},{\"@type\":\"ListItem\",\"position\":3,\"name\":\"Dispozitiv anti-sforait tip band\u0103 pentru b\u0103rbie, Gonga\u00ae\"}]},{\"@type\":\"WebSite\",\"@id\":\"https:\/\/www.zoko.ro\/#website\",\"url\":\"https:\/\/www.zoko.ro\/\",\"name\":\"ZOKO.ro\",\"description\":\"Cump\u0103r\u0103 inteligent\",\"publisher\":{\"@id\":\"https:\/\/www.zoko.ro\/#organization\"},\"potentialAction\":[{\"@type\":\"SearchAction\",\"target\":{\"@type\":\"EntryPoint\",\"urlTemplate\":\"https:\/\/www.zoko.ro\/?s={search_term_string}\"},\"query-input\":{\"@type\":\"PropertyValueSpecification\",\"valueRequired\":true,\"valueName\":\"search_term_string\"}}],\"inLanguage\":\"en-GB\"},{\"@type\":\"Organization\",\"@id\":\"https:\/\/www.zoko.ro\/#organization\",\"name\":\"ZOKO\",\"url\":\"https:\/\/www.zoko.ro\/\",\"logo\":{\"@type\":\"ImageObject\",\"inLanguage\":\"en-GB\",\"@id\":\"https:\/\/www.zoko.ro\/#\/schema\/logo\/image\/\",\"url\":\"https:\/\/www.zoko.ro\/wp-content\/uploads\/2025\/03\/logo1.svg\",\"contentUrl\":\"https:\/\/www.zoko.ro\/wp-content\/uploads\/2025\/03\/logo1.svg\",\"width\":799,\"height\":216,\"caption\":\"ZOKO\"},\"image\":{\"@id\":\"https:\/\/www.zoko.ro\/#\/schema\/logo\/image\/\"},\"sameAs\":[\"https:\/\/www.facebook.com\/profile.php?id=61584344135075\"]}]}<\/script>\n<!-- \/ Yoast SEO plugin. -->","yoast_head_json":{"title":"Dispozitiv anti-sforait tip band\u0103 pentru b\u0103rbie, Gonga\u00ae | ZOKO","robots":{"index":"index","follow":"follow","max-snippet":"max-snippet:-1","max-image-preview":"max-image-preview:large","max-video-preview":"max-video-preview:-1"},"canonical":"https:\/\/www.zoko.ro\/en\/p\/dispozitiv-anti-sforait-tip-banda-pentru-barbie-gonga\/","og_locale":"en_GB","og_type":"article","og_title":"Dispozitiv anti-sforait tip band\u0103 pentru b\u0103rbie, Gonga\u00ae | ZOKO","og_description":"Culoare: Negru Dispozitiv anti-sfor\u0103it tip band\u0103 pentru b\u0103rbie \u2013 somn lini\u0219tit \u0219i odihnitor Spune adio nop\u021bilor \u00eentrerupte de sfor\u0103it cu","og_url":"https:\/\/www.zoko.ro\/en\/p\/dispozitiv-anti-sforait-tip-banda-pentru-barbie-gonga\/","og_site_name":"ZOKO","article_publisher":"https:\/\/www.facebook.com\/profile.php?id=61584344135075","og_image":[{"width":800,"height":800,"url":"https:\/\/www.zoko.ro\/wp-content\/uploads\/2025\/04\/dispozitiv-anti-sforait-tip-banda-pentru-barbie-gonga-12.jpg","type":"image\/jpeg"}],"twitter_card":"summary_large_image","twitter_misc":{"Estimated reading time":"1 minute"},"schema":{"@context":"https:\/\/schema.org","@graph":[{"@type":"WebPage","@id":"https:\/\/www.zoko.ro\/p\/dispozitiv-anti-sforait-tip-banda-pentru-barbie-gonga\/","url":"https:\/\/www.zoko.ro\/p\/dispozitiv-anti-sforait-tip-banda-pentru-barbie-gonga\/","name":"Dispozitiv anti-sforait tip band\u0103 pentru b\u0103rbie, Gonga\u00ae | ZOKO","isPartOf":{"@id":"https:\/\/www.zoko.ro\/#website"},"primaryImageOfPage":{"@id":"https:\/\/www.zoko.ro\/p\/dispozitiv-anti-sforait-tip-banda-pentru-barbie-gonga\/#primaryimage"},"image":{"@id":"https:\/\/www.zoko.ro\/p\/dispozitiv-anti-sforait-tip-banda-pentru-barbie-gonga\/#primaryimage"},"thumbnailUrl":"https:\/\/www.zoko.ro\/wp-content\/uploads\/2025\/04\/dispozitiv-anti-sforait-tip-banda-pentru-barbie-gonga-12.jpg","datePublished":"2026-04-28T21:38:09+00:00","breadcrumb":{"@id":"https:\/\/www.zoko.ro\/p\/dispozitiv-anti-sforait-tip-banda-pentru-barbie-gonga\/#breadcrumb"},"inLanguage":"en-GB","potentialAction":[{"@type":"ReadAction","target":["https:\/\/www.zoko.ro\/p\/dispozitiv-anti-sforait-tip-banda-pentru-barbie-gonga\/"]}]},{"@type":"ImageObject","inLanguage":"en-GB","@id":"https:\/\/www.zoko.ro\/p\/dispozitiv-anti-sforait-tip-banda-pentru-barbie-gonga\/#primaryimage","url":"https:\/\/www.zoko.ro\/wp-content\/uploads\/2025\/04\/dispozitiv-anti-sforait-tip-banda-pentru-barbie-gonga-12.jpg","contentUrl":"https:\/\/www.zoko.ro\/wp-content\/uploads\/2025\/04\/dispozitiv-anti-sforait-tip-banda-pentru-barbie-gonga-12.jpg","width":800,"height":800},{"@type":"BreadcrumbList","@id":"https:\/\/www.zoko.ro\/p\/dispozitiv-anti-sforait-tip-banda-pentru-barbie-gonga\/#breadcrumb","itemListElement":[{"@type":"ListItem","position":1,"name":"Home","item":"https:\/\/www.zoko.ro\/"},{"@type":"ListItem","position":2,"name":"Magazin","item":"https:\/\/www.zoko.ro\/magazin\/"},{"@type":"ListItem","position":3,"name":"Dispozitiv anti-sforait tip band\u0103 pentru b\u0103rbie, Gonga\u00ae"}]},{"@type":"WebSite","@id":"https:\/\/www.zoko.ro\/#website","url":"https:\/\/www.zoko.ro\/","name":"ZOKO.ro","description":"Cump\u0103r\u0103 inteligent","publisher":{"@id":"https:\/\/www.zoko.ro\/#organization"},"potentialAction":[{"@type":"SearchAction","target":{"@type":"EntryPoint","urlTemplate":"https:\/\/www.zoko.ro\/?s={search_term_string}"},"query-input":{"@type":"PropertyValueSpecification","valueRequired":true,"valueName":"search_term_string"}}],"inLanguage":"en-GB"},{"@type":"Organization","@id":"https:\/\/www.zoko.ro\/#organization","name":"ZOKO","url":"https:\/\/www.zoko.ro\/","logo":{"@type":"ImageObject","inLanguage":"en-GB","@id":"https:\/\/www.zoko.ro\/#\/schema\/logo\/image\/","url":"https:\/\/www.zoko.ro\/wp-content\/uploads\/2025\/03\/logo1.svg","contentUrl":"https:\/\/www.zoko.ro\/wp-content\/uploads\/2025\/03\/logo1.svg","width":799,"height":216,"caption":"ZOKO"},"image":{"@id":"https:\/\/www.zoko.ro\/#\/schema\/logo\/image\/"},"sameAs":["https:\/\/www.facebook.com\/profile.php?id=61584344135075"]}]}},"_links":{"self":[{"href":"https:\/\/www.zoko.ro\/en\/wp-json\/wp\/v2\/product\/13922","targetHints":{"allow":["GET"]}}],"collection":[{"href":"https:\/\/www.zoko.ro\/en\/wp-json\/wp\/v2\/product"}],"about":[{"href":"https:\/\/www.zoko.ro\/en\/wp-json\/wp\/v2\/types\/product"}],"replies":[{"embeddable":true,"href":"https:\/\/www.zoko.ro\/en\/wp-json\/wp\/v2\/comments?post=13922"}],"version-history":[{"count":1,"href":"https:\/\/www.zoko.ro\/en\/wp-json\/wp\/v2\/product\/13922\/revisions"}],"predecessor-version":[{"id":14036,"href":"https:\/\/www.zoko.ro\/en\/wp-json\/wp\/v2\/product\/13922\/revisions\/14036"}],"wp:featuredmedia":[{"embeddable":true,"href":"https:\/\/www.zoko.ro\/en\/wp-json\/wp\/v2\/media\/13923"}],"wp:attachment":[{"href":"https:\/\/www.zoko.ro\/en\/wp-json\/wp\/v2\/media?parent=13922"}],"wp:term":[{"taxonomy":"product_brand","embeddable":true,"href":"https:\/\/www.zoko.ro\/en\/wp-json\/wp\/v2\/product_brand?post=13922"},{"taxonomy":"product_cat","embeddable":true,"href":"https:\/\/www.zoko.ro\/en\/wp-json\/wp\/v2\/product_cat?post=13922"},{"taxonomy":"product_tag","embeddable":true,"href":"https:\/\/www.zoko.ro\/en\/wp-json\/wp\/v2\/product_tag?post=13922"}],"curies":[{"name":"wp","href":"https:\/\/api.w.org\/{rel}","templated":true}]}}