{"id":13929,"date":"2026-04-28T23:38:10","date_gmt":"2026-04-28T21:38:10","guid":{"rendered":"https:\/\/www.zoko.ro\/?post_type=product&#038;p=13929"},"modified":"2026-04-28T23:38:11","modified_gmt":"2026-04-28T21:38:11","slug":"pistol-pentru-aparat-spalat-cu-presiune-duza-metal-piedica-garnitura-anti-scurgere-19x18cm-gonga","status":"publish","type":"product","link":"https:\/\/www.zoko.ro\/en\/p\/pistol-pentru-aparat-spalat-cu-presiune-duza-metal-piedica-garnitura-anti-scurgere-19x18cm-gonga\/","title":{"rendered":"Pistol pentru aparat spalat cu presiune, duza metal, piedica, garnitura anti-scurgere, 19x18cm, Gonga\u00ae"},"content":{"rendered":"<p><strong>Culoare:<\/strong> Negru<\/p>\n<p><strong>Pistol universal pentru furtun de gr\u0103din\u0103<\/strong> \u2013 udare eficient\u0103, f\u0103r\u0103 efort<\/p>\n<p>Ideal pentru \u00eengrijirea gr\u0103dinii, acest pistol de udare universal se conecteaz\u0103 u\u0219or la orice furtun standard \u0219i este gata de utilizare imediat ce deschide\u021bi robinetul. Conceput pentru confort \u0219i eficien\u021b\u0103, dispune de un m\u00e2ner ergonomic ce asigur\u0103 o prindere comod\u0103 chiar \u0219i \u00een timpul utiliz\u0103rii prelungite.<\/p>\n<p><img loading=\"lazy\" decoding=\"async\" src=\"https:\/\/gonga.ro\/img\/cms\/Pistol%20pentru%20aparat%20spalat%20cu%20presiune,%20duza%20metal,%20piedica,%20garnitura%20anti-scurgere,%2019x18cm,%20Gonga%C2%AE2.jpg\" alt=\"\" width=\"1200\" height=\"1182\" \/><\/p>\n<p>Cu patru niveluri de reglare a pulveriz\u0103rii, pute\u021bi ajusta cu u\u0219urin\u021b\u0103 presiunea apei \u00een func\u021bie de nevoile plantei sau de tipul de udare dorit \u2013 de la un jet concentrat la o pulverizare delicat\u0103.<\/p>\n<p><img loading=\"lazy\" decoding=\"async\" src=\"https:\/\/gonga.ro\/img\/cms\/Pistol%20pentru%20aparat%20spalat%20cu%20presiune,%20duza%20metal,%20piedica,%20garnitura%20anti-scurgere,%2019x18cm,%20Gonga%C2%AE4.jpg\" alt=\"\" width=\"1194\" height=\"1200\" \/><\/p>\n<p><strong>Caracteristici principale:<\/strong><\/p>\n<ul>\n<li>Pistol de gr\u0103din\u0103 universal, compatibil cu toate furtunurile standard<\/li>\n<li>Instalare rapid\u0103 \u0219i utilizare extrem de simpl\u0103 \u2013 doar conecta\u021bi \u0219i deschide\u021bi robinetul<\/li>\n<li>M\u00e2ner ergonomic pentru confort sporit \u00een utilizare<\/li>\n<li>4 moduri de pulverizare reglabile, adaptabile pentru diverse tipuri de udare<\/li>\n<\/ul>\n<p><img loading=\"lazy\" decoding=\"async\" src=\"https:\/\/gonga.ro\/img\/cms\/Pistol%20pentru%20aparat%20spalat%20cu%20presiune,%20duza%20metal,%20piedica,%20garnitura%20anti-scurgere,%2019x18cm,%20Gonga%C2%AE3.jpg\" alt=\"\" width=\"1200\" height=\"1200\" \/><\/p>\n<\/p>\n<p><strong>Specificatii:<\/strong><\/p>\n<\/p>\n<p>&#8211; Materiale durabile: plastic ABS \u0219i aluminiu<\/p>\n<p>&#8211; Dimensiuni: 15 cm (\u00een\u0103l\u021bime) x 18,5 cm (lungime)<\/p>\n<p>&#8211; Culoare: negru\u00a0<\/p><\/p>","protected":false},"excerpt":{"rendered":"<p>Culoare: Negru Pistol universal pentru furtun de gr\u0103din\u0103 \u2013 udare eficient\u0103, f\u0103r\u0103 efort Ideal pentru \u00eengrijirea gr\u0103dinii, acest pistol de<\/p>","protected":false},"featured_media":13930,"comment_status":"open","ping_status":"open","template":"","meta":[],"product_brand":[],"product_cat":[99,325,100,129],"product_tag":[104],"class_list":{"0":"post-13929","1":"product","2":"type-product","3":"status-publish","4":"has-post-thumbnail","6":"product_cat-acasa","7":"product_cat-aspersoare","8":"product_cat-casa-gradina","9":"product_cat-gradinarit","10":"product_tag-in-stoc","11":"pa_culoare-negru","13":"first","14":"instock","15":"sale","16":"purchasable","17":"product-type-simple"},"yoast_head":"<!-- This site is optimized with the Yoast SEO plugin v27.2 - https:\/\/yoast.com\/product\/yoast-seo-wordpress\/ -->\n<title>Pistol pentru aparat spalat cu presiune, duza metal, piedica, garnitura anti-scurgere, 19x18cm, Gonga\u00ae | ZOKO<\/title>\n<meta name=\"robots\" content=\"index, follow, max-snippet:-1, max-image-preview:large, max-video-preview:-1\" \/>\n<link rel=\"canonical\" href=\"https:\/\/www.zoko.ro\/en\/p\/pistol-pentru-aparat-spalat-cu-presiune-duza-metal-piedica-garnitura-anti-scurgere-19x18cm-gonga\/\" \/>\n<meta property=\"og:locale\" content=\"en_GB\" \/>\n<meta property=\"og:type\" content=\"article\" \/>\n<meta property=\"og:title\" content=\"Pistol pentru aparat spalat cu presiune, duza metal, piedica, garnitura anti-scurgere, 19x18cm, Gonga\u00ae | ZOKO\" \/>\n<meta property=\"og:description\" content=\"Culoare: Negru Pistol universal pentru furtun de gr\u0103din\u0103 \u2013 udare eficient\u0103, f\u0103r\u0103 efort Ideal pentru \u00eengrijirea gr\u0103dinii, acest pistol de\" \/>\n<meta property=\"og:url\" content=\"https:\/\/www.zoko.ro\/en\/p\/pistol-pentru-aparat-spalat-cu-presiune-duza-metal-piedica-garnitura-anti-scurgere-19x18cm-gonga\/\" \/>\n<meta property=\"og:site_name\" content=\"ZOKO\" \/>\n<meta property=\"article:publisher\" content=\"https:\/\/www.facebook.com\/profile.php?id=61584344135075\" \/>\n<meta property=\"article:modified_time\" content=\"2026-04-28T21:38:11+00:00\" \/>\n<meta property=\"og:image\" content=\"https:\/\/www.zoko.ro\/wp-content\/uploads\/2025\/04\/pistol-pentru-aparat-spalat-cu-presiune-duza-metal-piedica-garnitura-anti-scurgere-19x18cm-gonga-5.jpg\" \/>\n\t<meta property=\"og:image:width\" content=\"1195\" \/>\n\t<meta property=\"og:image:height\" content=\"1200\" \/>\n\t<meta property=\"og:image:type\" content=\"image\/jpeg\" \/>\n<meta name=\"twitter:card\" content=\"summary_large_image\" \/>\n<meta name=\"twitter:label1\" content=\"Estimated reading time\" \/>\n\t<meta name=\"twitter:data1\" content=\"1 minute\" \/>\n<script type=\"application\/ld+json\" class=\"yoast-schema-graph\">{\"@context\":\"https:\/\/schema.org\",\"@graph\":[{\"@type\":\"WebPage\",\"@id\":\"https:\/\/www.zoko.ro\/p\/pistol-pentru-aparat-spalat-cu-presiune-duza-metal-piedica-garnitura-anti-scurgere-19x18cm-gonga\/\",\"url\":\"https:\/\/www.zoko.ro\/p\/pistol-pentru-aparat-spalat-cu-presiune-duza-metal-piedica-garnitura-anti-scurgere-19x18cm-gonga\/\",\"name\":\"Pistol pentru aparat spalat cu presiune, duza metal, piedica, garnitura anti-scurgere, 19x18cm, Gonga\u00ae | ZOKO\",\"isPartOf\":{\"@id\":\"https:\/\/www.zoko.ro\/#website\"},\"primaryImageOfPage\":{\"@id\":\"https:\/\/www.zoko.ro\/p\/pistol-pentru-aparat-spalat-cu-presiune-duza-metal-piedica-garnitura-anti-scurgere-19x18cm-gonga\/#primaryimage\"},\"image\":{\"@id\":\"https:\/\/www.zoko.ro\/p\/pistol-pentru-aparat-spalat-cu-presiune-duza-metal-piedica-garnitura-anti-scurgere-19x18cm-gonga\/#primaryimage\"},\"thumbnailUrl\":\"https:\/\/www.zoko.ro\/wp-content\/uploads\/2025\/04\/pistol-pentru-aparat-spalat-cu-presiune-duza-metal-piedica-garnitura-anti-scurgere-19x18cm-gonga-5.jpg\",\"datePublished\":\"2026-04-28T21:38:10+00:00\",\"dateModified\":\"2026-04-28T21:38:11+00:00\",\"breadcrumb\":{\"@id\":\"https:\/\/www.zoko.ro\/p\/pistol-pentru-aparat-spalat-cu-presiune-duza-metal-piedica-garnitura-anti-scurgere-19x18cm-gonga\/#breadcrumb\"},\"inLanguage\":\"en-GB\",\"potentialAction\":[{\"@type\":\"ReadAction\",\"target\":[\"https:\/\/www.zoko.ro\/p\/pistol-pentru-aparat-spalat-cu-presiune-duza-metal-piedica-garnitura-anti-scurgere-19x18cm-gonga\/\"]}]},{\"@type\":\"ImageObject\",\"inLanguage\":\"en-GB\",\"@id\":\"https:\/\/www.zoko.ro\/p\/pistol-pentru-aparat-spalat-cu-presiune-duza-metal-piedica-garnitura-anti-scurgere-19x18cm-gonga\/#primaryimage\",\"url\":\"https:\/\/www.zoko.ro\/wp-content\/uploads\/2025\/04\/pistol-pentru-aparat-spalat-cu-presiune-duza-metal-piedica-garnitura-anti-scurgere-19x18cm-gonga-5.jpg\",\"contentUrl\":\"https:\/\/www.zoko.ro\/wp-content\/uploads\/2025\/04\/pistol-pentru-aparat-spalat-cu-presiune-duza-metal-piedica-garnitura-anti-scurgere-19x18cm-gonga-5.jpg\",\"width\":1195,\"height\":1200},{\"@type\":\"BreadcrumbList\",\"@id\":\"https:\/\/www.zoko.ro\/p\/pistol-pentru-aparat-spalat-cu-presiune-duza-metal-piedica-garnitura-anti-scurgere-19x18cm-gonga\/#breadcrumb\",\"itemListElement\":[{\"@type\":\"ListItem\",\"position\":1,\"name\":\"Home\",\"item\":\"https:\/\/www.zoko.ro\/\"},{\"@type\":\"ListItem\",\"position\":2,\"name\":\"Magazin\",\"item\":\"https:\/\/www.zoko.ro\/magazin\/\"},{\"@type\":\"ListItem\",\"position\":3,\"name\":\"Pistol pentru aparat spalat cu presiune, duza metal, piedica, garnitura anti-scurgere, 19x18cm, Gonga\u00ae\"}]},{\"@type\":\"WebSite\",\"@id\":\"https:\/\/www.zoko.ro\/#website\",\"url\":\"https:\/\/www.zoko.ro\/\",\"name\":\"ZOKO.ro\",\"description\":\"Cump\u0103r\u0103 inteligent\",\"publisher\":{\"@id\":\"https:\/\/www.zoko.ro\/#organization\"},\"potentialAction\":[{\"@type\":\"SearchAction\",\"target\":{\"@type\":\"EntryPoint\",\"urlTemplate\":\"https:\/\/www.zoko.ro\/?s={search_term_string}\"},\"query-input\":{\"@type\":\"PropertyValueSpecification\",\"valueRequired\":true,\"valueName\":\"search_term_string\"}}],\"inLanguage\":\"en-GB\"},{\"@type\":\"Organization\",\"@id\":\"https:\/\/www.zoko.ro\/#organization\",\"name\":\"ZOKO\",\"url\":\"https:\/\/www.zoko.ro\/\",\"logo\":{\"@type\":\"ImageObject\",\"inLanguage\":\"en-GB\",\"@id\":\"https:\/\/www.zoko.ro\/#\/schema\/logo\/image\/\",\"url\":\"https:\/\/www.zoko.ro\/wp-content\/uploads\/2025\/03\/logo1.svg\",\"contentUrl\":\"https:\/\/www.zoko.ro\/wp-content\/uploads\/2025\/03\/logo1.svg\",\"width\":799,\"height\":216,\"caption\":\"ZOKO\"},\"image\":{\"@id\":\"https:\/\/www.zoko.ro\/#\/schema\/logo\/image\/\"},\"sameAs\":[\"https:\/\/www.facebook.com\/profile.php?id=61584344135075\"]}]}<\/script>\n<!-- \/ Yoast SEO plugin. -->","yoast_head_json":{"title":"Pistol pentru aparat spalat cu presiune, duza metal, piedica, garnitura anti-scurgere, 19x18cm, Gonga\u00ae | ZOKO","robots":{"index":"index","follow":"follow","max-snippet":"max-snippet:-1","max-image-preview":"max-image-preview:large","max-video-preview":"max-video-preview:-1"},"canonical":"https:\/\/www.zoko.ro\/en\/p\/pistol-pentru-aparat-spalat-cu-presiune-duza-metal-piedica-garnitura-anti-scurgere-19x18cm-gonga\/","og_locale":"en_GB","og_type":"article","og_title":"Pistol pentru aparat spalat cu presiune, duza metal, piedica, garnitura anti-scurgere, 19x18cm, Gonga\u00ae | ZOKO","og_description":"Culoare: Negru Pistol universal pentru furtun de gr\u0103din\u0103 \u2013 udare eficient\u0103, f\u0103r\u0103 efort Ideal pentru \u00eengrijirea gr\u0103dinii, acest pistol de","og_url":"https:\/\/www.zoko.ro\/en\/p\/pistol-pentru-aparat-spalat-cu-presiune-duza-metal-piedica-garnitura-anti-scurgere-19x18cm-gonga\/","og_site_name":"ZOKO","article_publisher":"https:\/\/www.facebook.com\/profile.php?id=61584344135075","article_modified_time":"2026-04-28T21:38:11+00:00","og_image":[{"width":1195,"height":1200,"url":"https:\/\/www.zoko.ro\/wp-content\/uploads\/2025\/04\/pistol-pentru-aparat-spalat-cu-presiune-duza-metal-piedica-garnitura-anti-scurgere-19x18cm-gonga-5.jpg","type":"image\/jpeg"}],"twitter_card":"summary_large_image","twitter_misc":{"Estimated reading time":"1 minute"},"schema":{"@context":"https:\/\/schema.org","@graph":[{"@type":"WebPage","@id":"https:\/\/www.zoko.ro\/p\/pistol-pentru-aparat-spalat-cu-presiune-duza-metal-piedica-garnitura-anti-scurgere-19x18cm-gonga\/","url":"https:\/\/www.zoko.ro\/p\/pistol-pentru-aparat-spalat-cu-presiune-duza-metal-piedica-garnitura-anti-scurgere-19x18cm-gonga\/","name":"Pistol pentru aparat spalat cu presiune, duza metal, piedica, garnitura anti-scurgere, 19x18cm, Gonga\u00ae | ZOKO","isPartOf":{"@id":"https:\/\/www.zoko.ro\/#website"},"primaryImageOfPage":{"@id":"https:\/\/www.zoko.ro\/p\/pistol-pentru-aparat-spalat-cu-presiune-duza-metal-piedica-garnitura-anti-scurgere-19x18cm-gonga\/#primaryimage"},"image":{"@id":"https:\/\/www.zoko.ro\/p\/pistol-pentru-aparat-spalat-cu-presiune-duza-metal-piedica-garnitura-anti-scurgere-19x18cm-gonga\/#primaryimage"},"thumbnailUrl":"https:\/\/www.zoko.ro\/wp-content\/uploads\/2025\/04\/pistol-pentru-aparat-spalat-cu-presiune-duza-metal-piedica-garnitura-anti-scurgere-19x18cm-gonga-5.jpg","datePublished":"2026-04-28T21:38:10+00:00","dateModified":"2026-04-28T21:38:11+00:00","breadcrumb":{"@id":"https:\/\/www.zoko.ro\/p\/pistol-pentru-aparat-spalat-cu-presiune-duza-metal-piedica-garnitura-anti-scurgere-19x18cm-gonga\/#breadcrumb"},"inLanguage":"en-GB","potentialAction":[{"@type":"ReadAction","target":["https:\/\/www.zoko.ro\/p\/pistol-pentru-aparat-spalat-cu-presiune-duza-metal-piedica-garnitura-anti-scurgere-19x18cm-gonga\/"]}]},{"@type":"ImageObject","inLanguage":"en-GB","@id":"https:\/\/www.zoko.ro\/p\/pistol-pentru-aparat-spalat-cu-presiune-duza-metal-piedica-garnitura-anti-scurgere-19x18cm-gonga\/#primaryimage","url":"https:\/\/www.zoko.ro\/wp-content\/uploads\/2025\/04\/pistol-pentru-aparat-spalat-cu-presiune-duza-metal-piedica-garnitura-anti-scurgere-19x18cm-gonga-5.jpg","contentUrl":"https:\/\/www.zoko.ro\/wp-content\/uploads\/2025\/04\/pistol-pentru-aparat-spalat-cu-presiune-duza-metal-piedica-garnitura-anti-scurgere-19x18cm-gonga-5.jpg","width":1195,"height":1200},{"@type":"BreadcrumbList","@id":"https:\/\/www.zoko.ro\/p\/pistol-pentru-aparat-spalat-cu-presiune-duza-metal-piedica-garnitura-anti-scurgere-19x18cm-gonga\/#breadcrumb","itemListElement":[{"@type":"ListItem","position":1,"name":"Home","item":"https:\/\/www.zoko.ro\/"},{"@type":"ListItem","position":2,"name":"Magazin","item":"https:\/\/www.zoko.ro\/magazin\/"},{"@type":"ListItem","position":3,"name":"Pistol pentru aparat spalat cu presiune, duza metal, piedica, garnitura anti-scurgere, 19x18cm, Gonga\u00ae"}]},{"@type":"WebSite","@id":"https:\/\/www.zoko.ro\/#website","url":"https:\/\/www.zoko.ro\/","name":"ZOKO.ro","description":"Cump\u0103r\u0103 inteligent","publisher":{"@id":"https:\/\/www.zoko.ro\/#organization"},"potentialAction":[{"@type":"SearchAction","target":{"@type":"EntryPoint","urlTemplate":"https:\/\/www.zoko.ro\/?s={search_term_string}"},"query-input":{"@type":"PropertyValueSpecification","valueRequired":true,"valueName":"search_term_string"}}],"inLanguage":"en-GB"},{"@type":"Organization","@id":"https:\/\/www.zoko.ro\/#organization","name":"ZOKO","url":"https:\/\/www.zoko.ro\/","logo":{"@type":"ImageObject","inLanguage":"en-GB","@id":"https:\/\/www.zoko.ro\/#\/schema\/logo\/image\/","url":"https:\/\/www.zoko.ro\/wp-content\/uploads\/2025\/03\/logo1.svg","contentUrl":"https:\/\/www.zoko.ro\/wp-content\/uploads\/2025\/03\/logo1.svg","width":799,"height":216,"caption":"ZOKO"},"image":{"@id":"https:\/\/www.zoko.ro\/#\/schema\/logo\/image\/"},"sameAs":["https:\/\/www.facebook.com\/profile.php?id=61584344135075"]}]}},"_links":{"self":[{"href":"https:\/\/www.zoko.ro\/en\/wp-json\/wp\/v2\/product\/13929","targetHints":{"allow":["GET"]}}],"collection":[{"href":"https:\/\/www.zoko.ro\/en\/wp-json\/wp\/v2\/product"}],"about":[{"href":"https:\/\/www.zoko.ro\/en\/wp-json\/wp\/v2\/types\/product"}],"replies":[{"embeddable":true,"href":"https:\/\/www.zoko.ro\/en\/wp-json\/wp\/v2\/comments?post=13929"}],"version-history":[{"count":1,"href":"https:\/\/www.zoko.ro\/en\/wp-json\/wp\/v2\/product\/13929\/revisions"}],"predecessor-version":[{"id":14037,"href":"https:\/\/www.zoko.ro\/en\/wp-json\/wp\/v2\/product\/13929\/revisions\/14037"}],"wp:featuredmedia":[{"embeddable":true,"href":"https:\/\/www.zoko.ro\/en\/wp-json\/wp\/v2\/media\/13930"}],"wp:attachment":[{"href":"https:\/\/www.zoko.ro\/en\/wp-json\/wp\/v2\/media?parent=13929"}],"wp:term":[{"taxonomy":"product_brand","embeddable":true,"href":"https:\/\/www.zoko.ro\/en\/wp-json\/wp\/v2\/product_brand?post=13929"},{"taxonomy":"product_cat","embeddable":true,"href":"https:\/\/www.zoko.ro\/en\/wp-json\/wp\/v2\/product_cat?post=13929"},{"taxonomy":"product_tag","embeddable":true,"href":"https:\/\/www.zoko.ro\/en\/wp-json\/wp\/v2\/product_tag?post=13929"}],"curies":[{"name":"wp","href":"https:\/\/api.w.org\/{rel}","templated":true}]}}