{"id":14071,"date":"2026-04-28T23:36:54","date_gmt":"2026-04-28T21:36:54","guid":{"rendered":"https:\/\/www.zoko.ro\/p\/toc-solid-pentru-ochelari-de-citit-dimensiuni-165-cm-x-6-cm-x-35-cm-gonga-4\/"},"modified":"2026-04-28T23:36:54","modified_gmt":"2026-04-28T21:36:54","slug":"toc-solid-pentru-ochelari-de-citit-dimensiuni-165-cm-x-6-cm-x-35-cm-gonga-4","status":"publish","type":"product","link":"https:\/\/www.zoko.ro\/en\/p\/toc-solid-pentru-ochelari-de-citit-dimensiuni-165-cm-x-6-cm-x-35-cm-gonga-4\/","title":{"rendered":"Toc solid pentru ochelari de citit, dimensiuni 16,5 cm x 6 cm x 3,5 cm, Gonga\u00ae"},"content":{"rendered":"<p><strong>Culoare:<\/strong> Mov<\/p>\n<p><strong>Toc solid pentru ochelari de citit \u2013 16,5 x 6 x 3,5 cm<\/strong><\/p>\n<p><strong><img loading=\"lazy\" decoding=\"async\" src=\"https:\/\/gonga.ro\/img\/cms\/Toc%20solid%20pentru%20ochelari%20de%20citit,%20dimensiuni%2016,5%20cm%20x%206%20cm%20x%203,5%20cm,%20mov,%20Noem%C2%AE1.jpg\" alt=\"\" width=\"800\" height=\"800\" \/><\/strong><\/p>\n<p>Acest toc solid pentru ochelari de citit ofer\u0103 protec\u021bie maxim\u0103 \u0219i un design elegant, fiind ideal pentru p\u0103strarea \u0219i transportul \u00een siguran\u021b\u0103 al ochelarilor t\u0103i.<\/p>\n<p><img loading=\"lazy\" decoding=\"async\" src=\"https:\/\/gonga.ro\/img\/cms\/Toc%20solid%20pentru%20ochelari%20de%20citit,%20dimensiuni%2016,5%20cm%20x%206%20cm%20x%203,5%20cm,%20Gonga%C2%AE.jpg\" alt=\"\" width=\"800\" height=\"800\" \/><\/p>\n<p>Cu dimensiunile de 16,5 cm x 6 cm x 3,5 cm, este compatibil cu majoritatea modelelor de ochelari de citit. Fabricat din materiale rezistente, protejeaz\u0103 \u00eempotriva zg\u00e2rieturilor, prafului \u0219i impactului. Interiorul moale previne deteriorarea lentilelor, iar \u00eenchiderea sigur\u0103 men\u021bine ochelarii bine fixa\u021bi.<\/p>\n<p><img loading=\"lazy\" decoding=\"async\" src=\"https:\/\/gonga.ro\/img\/cms\/Toc%20solid%20pentru%20ochelari%20de%20citit,%20dimensiuni%2016,5%20cm%20x%206%20cm%20x%203,5%20cm,%20albastru,%20Noem%C2%AE1.jpg\" alt=\"\" width=\"800\" height=\"800\" \/><\/p>\n<p>U\u0219or \u0219i practic, acest toc este accesoriul perfect pentru a-\u021bi proteja ochelarii oriunde te afli.<\/p>\n<p><img loading=\"lazy\" decoding=\"async\" src=\"https:\/\/gonga.ro\/img\/cms\/Toc%20solid%20pentru%20ochelari%20de%20citit,%20dimensiuni%2016,5%20cm%20x%206%20cm%20x%203,5%20cm,%20Gonga%C2%AE2.jpg\" alt=\"\" width=\"800\" height=\"800\" \/><\/p>\n<\/p>\n<p><strong>Specificatii:<\/strong><\/p>\n<\/p>\n<p>&#8211; Dimensiuni: 16,5 cm x 6 cm x 3,5 cm<\/p>\n<p>&#8211; Tip inchidere: Ermetic<\/p>","protected":false},"excerpt":{"rendered":"<p>Culoare: Mov Toc solid pentru ochelari de citit \u2013 16,5 x 6 x 3,5 cm Acest toc solid pentru ochelari<\/p>","protected":false},"featured_media":14072,"comment_status":"open","ping_status":"open","template":"","meta":[],"product_brand":[],"product_cat":[99,106,122,187],"product_tag":[104],"class_list":{"0":"post-14071","1":"product","2":"type-product","3":"status-publish","4":"has-post-thumbnail","6":"product_cat-acasa","7":"product_cat-fashion-accesorii","8":"product_cat-ochelari","9":"product_cat-tocuri-pentru-ochelari","10":"product_tag-in-stoc","11":"pa_culoare-mov","13":"first","14":"instock","15":"sale","16":"purchasable","17":"product-type-simple"},"yoast_head":"<!-- This site is optimized with the Yoast SEO plugin v27.2 - https:\/\/yoast.com\/product\/yoast-seo-wordpress\/ -->\n<title>Toc solid pentru ochelari de citit, dimensiuni 16,5 cm x 6 cm x 3,5 cm, Gonga\u00ae | ZOKO<\/title>\n<meta name=\"robots\" content=\"index, follow, max-snippet:-1, max-image-preview:large, max-video-preview:-1\" \/>\n<link rel=\"canonical\" href=\"https:\/\/www.zoko.ro\/en\/p\/toc-solid-pentru-ochelari-de-citit-dimensiuni-165-cm-x-6-cm-x-35-cm-gonga-4\/\" \/>\n<meta property=\"og:locale\" content=\"en_GB\" \/>\n<meta property=\"og:type\" content=\"article\" \/>\n<meta property=\"og:title\" content=\"Toc solid pentru ochelari de citit, dimensiuni 16,5 cm x 6 cm x 3,5 cm, Gonga\u00ae | ZOKO\" \/>\n<meta property=\"og:description\" content=\"Culoare: Mov Toc solid pentru ochelari de citit \u2013 16,5 x 6 x 3,5 cm Acest toc solid pentru ochelari\" \/>\n<meta property=\"og:url\" content=\"https:\/\/www.zoko.ro\/en\/p\/toc-solid-pentru-ochelari-de-citit-dimensiuni-165-cm-x-6-cm-x-35-cm-gonga-4\/\" \/>\n<meta property=\"og:site_name\" content=\"ZOKO\" \/>\n<meta property=\"article:publisher\" content=\"https:\/\/www.facebook.com\/profile.php?id=61584344135075\" \/>\n<meta property=\"og:image\" content=\"https:\/\/www.zoko.ro\/wp-content\/uploads\/2025\/07\/toc-solid-pentru-ochelari-de-citit-dimensiuni-165-cm-x-6-cm-x-35-cm-gonga-2.jpg\" \/>\n\t<meta property=\"og:image:width\" content=\"800\" \/>\n\t<meta property=\"og:image:height\" content=\"800\" \/>\n\t<meta property=\"og:image:type\" content=\"image\/jpeg\" \/>\n<meta name=\"twitter:card\" content=\"summary_large_image\" \/>\n<meta name=\"twitter:label1\" content=\"Estimated reading time\" \/>\n\t<meta name=\"twitter:data1\" content=\"1 minute\" \/>\n<script type=\"application\/ld+json\" class=\"yoast-schema-graph\">{\"@context\":\"https:\/\/schema.org\",\"@graph\":[{\"@type\":\"WebPage\",\"@id\":\"https:\/\/www.zoko.ro\/p\/toc-solid-pentru-ochelari-de-citit-dimensiuni-165-cm-x-6-cm-x-35-cm-gonga-4\/\",\"url\":\"https:\/\/www.zoko.ro\/p\/toc-solid-pentru-ochelari-de-citit-dimensiuni-165-cm-x-6-cm-x-35-cm-gonga-4\/\",\"name\":\"Toc solid pentru ochelari de citit, dimensiuni 16,5 cm x 6 cm x 3,5 cm, Gonga\u00ae | ZOKO\",\"isPartOf\":{\"@id\":\"https:\/\/www.zoko.ro\/#website\"},\"primaryImageOfPage\":{\"@id\":\"https:\/\/www.zoko.ro\/p\/toc-solid-pentru-ochelari-de-citit-dimensiuni-165-cm-x-6-cm-x-35-cm-gonga-4\/#primaryimage\"},\"image\":{\"@id\":\"https:\/\/www.zoko.ro\/p\/toc-solid-pentru-ochelari-de-citit-dimensiuni-165-cm-x-6-cm-x-35-cm-gonga-4\/#primaryimage\"},\"thumbnailUrl\":\"https:\/\/www.zoko.ro\/wp-content\/uploads\/2025\/07\/toc-solid-pentru-ochelari-de-citit-dimensiuni-165-cm-x-6-cm-x-35-cm-gonga-2.jpg\",\"datePublished\":\"2026-04-28T21:36:54+00:00\",\"breadcrumb\":{\"@id\":\"https:\/\/www.zoko.ro\/p\/toc-solid-pentru-ochelari-de-citit-dimensiuni-165-cm-x-6-cm-x-35-cm-gonga-4\/#breadcrumb\"},\"inLanguage\":\"en-GB\",\"potentialAction\":[{\"@type\":\"ReadAction\",\"target\":[\"https:\/\/www.zoko.ro\/p\/toc-solid-pentru-ochelari-de-citit-dimensiuni-165-cm-x-6-cm-x-35-cm-gonga-4\/\"]}]},{\"@type\":\"ImageObject\",\"inLanguage\":\"en-GB\",\"@id\":\"https:\/\/www.zoko.ro\/p\/toc-solid-pentru-ochelari-de-citit-dimensiuni-165-cm-x-6-cm-x-35-cm-gonga-4\/#primaryimage\",\"url\":\"https:\/\/www.zoko.ro\/wp-content\/uploads\/2025\/07\/toc-solid-pentru-ochelari-de-citit-dimensiuni-165-cm-x-6-cm-x-35-cm-gonga-2.jpg\",\"contentUrl\":\"https:\/\/www.zoko.ro\/wp-content\/uploads\/2025\/07\/toc-solid-pentru-ochelari-de-citit-dimensiuni-165-cm-x-6-cm-x-35-cm-gonga-2.jpg\",\"width\":800,\"height\":800},{\"@type\":\"BreadcrumbList\",\"@id\":\"https:\/\/www.zoko.ro\/p\/toc-solid-pentru-ochelari-de-citit-dimensiuni-165-cm-x-6-cm-x-35-cm-gonga-4\/#breadcrumb\",\"itemListElement\":[{\"@type\":\"ListItem\",\"position\":1,\"name\":\"Home\",\"item\":\"https:\/\/www.zoko.ro\/\"},{\"@type\":\"ListItem\",\"position\":2,\"name\":\"Magazin\",\"item\":\"https:\/\/www.zoko.ro\/magazin\/\"},{\"@type\":\"ListItem\",\"position\":3,\"name\":\"Toc solid pentru ochelari de citit, dimensiuni 16,5 cm x 6 cm x 3,5 cm, Gonga\u00ae\"}]},{\"@type\":\"WebSite\",\"@id\":\"https:\/\/www.zoko.ro\/#website\",\"url\":\"https:\/\/www.zoko.ro\/\",\"name\":\"ZOKO.ro\",\"description\":\"Cump\u0103r\u0103 inteligent\",\"publisher\":{\"@id\":\"https:\/\/www.zoko.ro\/#organization\"},\"potentialAction\":[{\"@type\":\"SearchAction\",\"target\":{\"@type\":\"EntryPoint\",\"urlTemplate\":\"https:\/\/www.zoko.ro\/?s={search_term_string}\"},\"query-input\":{\"@type\":\"PropertyValueSpecification\",\"valueRequired\":true,\"valueName\":\"search_term_string\"}}],\"inLanguage\":\"en-GB\"},{\"@type\":\"Organization\",\"@id\":\"https:\/\/www.zoko.ro\/#organization\",\"name\":\"ZOKO\",\"url\":\"https:\/\/www.zoko.ro\/\",\"logo\":{\"@type\":\"ImageObject\",\"inLanguage\":\"en-GB\",\"@id\":\"https:\/\/www.zoko.ro\/#\/schema\/logo\/image\/\",\"url\":\"https:\/\/www.zoko.ro\/wp-content\/uploads\/2025\/03\/logo1.svg\",\"contentUrl\":\"https:\/\/www.zoko.ro\/wp-content\/uploads\/2025\/03\/logo1.svg\",\"width\":799,\"height\":216,\"caption\":\"ZOKO\"},\"image\":{\"@id\":\"https:\/\/www.zoko.ro\/#\/schema\/logo\/image\/\"},\"sameAs\":[\"https:\/\/www.facebook.com\/profile.php?id=61584344135075\"]}]}<\/script>\n<!-- \/ Yoast SEO plugin. -->","yoast_head_json":{"title":"Toc solid pentru ochelari de citit, dimensiuni 16,5 cm x 6 cm x 3,5 cm, Gonga\u00ae | ZOKO","robots":{"index":"index","follow":"follow","max-snippet":"max-snippet:-1","max-image-preview":"max-image-preview:large","max-video-preview":"max-video-preview:-1"},"canonical":"https:\/\/www.zoko.ro\/en\/p\/toc-solid-pentru-ochelari-de-citit-dimensiuni-165-cm-x-6-cm-x-35-cm-gonga-4\/","og_locale":"en_GB","og_type":"article","og_title":"Toc solid pentru ochelari de citit, dimensiuni 16,5 cm x 6 cm x 3,5 cm, Gonga\u00ae | ZOKO","og_description":"Culoare: Mov Toc solid pentru ochelari de citit \u2013 16,5 x 6 x 3,5 cm Acest toc solid pentru ochelari","og_url":"https:\/\/www.zoko.ro\/en\/p\/toc-solid-pentru-ochelari-de-citit-dimensiuni-165-cm-x-6-cm-x-35-cm-gonga-4\/","og_site_name":"ZOKO","article_publisher":"https:\/\/www.facebook.com\/profile.php?id=61584344135075","og_image":[{"width":800,"height":800,"url":"https:\/\/www.zoko.ro\/wp-content\/uploads\/2025\/07\/toc-solid-pentru-ochelari-de-citit-dimensiuni-165-cm-x-6-cm-x-35-cm-gonga-2.jpg","type":"image\/jpeg"}],"twitter_card":"summary_large_image","twitter_misc":{"Estimated reading time":"1 minute"},"schema":{"@context":"https:\/\/schema.org","@graph":[{"@type":"WebPage","@id":"https:\/\/www.zoko.ro\/p\/toc-solid-pentru-ochelari-de-citit-dimensiuni-165-cm-x-6-cm-x-35-cm-gonga-4\/","url":"https:\/\/www.zoko.ro\/p\/toc-solid-pentru-ochelari-de-citit-dimensiuni-165-cm-x-6-cm-x-35-cm-gonga-4\/","name":"Toc solid pentru ochelari de citit, dimensiuni 16,5 cm x 6 cm x 3,5 cm, Gonga\u00ae | ZOKO","isPartOf":{"@id":"https:\/\/www.zoko.ro\/#website"},"primaryImageOfPage":{"@id":"https:\/\/www.zoko.ro\/p\/toc-solid-pentru-ochelari-de-citit-dimensiuni-165-cm-x-6-cm-x-35-cm-gonga-4\/#primaryimage"},"image":{"@id":"https:\/\/www.zoko.ro\/p\/toc-solid-pentru-ochelari-de-citit-dimensiuni-165-cm-x-6-cm-x-35-cm-gonga-4\/#primaryimage"},"thumbnailUrl":"https:\/\/www.zoko.ro\/wp-content\/uploads\/2025\/07\/toc-solid-pentru-ochelari-de-citit-dimensiuni-165-cm-x-6-cm-x-35-cm-gonga-2.jpg","datePublished":"2026-04-28T21:36:54+00:00","breadcrumb":{"@id":"https:\/\/www.zoko.ro\/p\/toc-solid-pentru-ochelari-de-citit-dimensiuni-165-cm-x-6-cm-x-35-cm-gonga-4\/#breadcrumb"},"inLanguage":"en-GB","potentialAction":[{"@type":"ReadAction","target":["https:\/\/www.zoko.ro\/p\/toc-solid-pentru-ochelari-de-citit-dimensiuni-165-cm-x-6-cm-x-35-cm-gonga-4\/"]}]},{"@type":"ImageObject","inLanguage":"en-GB","@id":"https:\/\/www.zoko.ro\/p\/toc-solid-pentru-ochelari-de-citit-dimensiuni-165-cm-x-6-cm-x-35-cm-gonga-4\/#primaryimage","url":"https:\/\/www.zoko.ro\/wp-content\/uploads\/2025\/07\/toc-solid-pentru-ochelari-de-citit-dimensiuni-165-cm-x-6-cm-x-35-cm-gonga-2.jpg","contentUrl":"https:\/\/www.zoko.ro\/wp-content\/uploads\/2025\/07\/toc-solid-pentru-ochelari-de-citit-dimensiuni-165-cm-x-6-cm-x-35-cm-gonga-2.jpg","width":800,"height":800},{"@type":"BreadcrumbList","@id":"https:\/\/www.zoko.ro\/p\/toc-solid-pentru-ochelari-de-citit-dimensiuni-165-cm-x-6-cm-x-35-cm-gonga-4\/#breadcrumb","itemListElement":[{"@type":"ListItem","position":1,"name":"Home","item":"https:\/\/www.zoko.ro\/"},{"@type":"ListItem","position":2,"name":"Magazin","item":"https:\/\/www.zoko.ro\/magazin\/"},{"@type":"ListItem","position":3,"name":"Toc solid pentru ochelari de citit, dimensiuni 16,5 cm x 6 cm x 3,5 cm, Gonga\u00ae"}]},{"@type":"WebSite","@id":"https:\/\/www.zoko.ro\/#website","url":"https:\/\/www.zoko.ro\/","name":"ZOKO.ro","description":"Cump\u0103r\u0103 inteligent","publisher":{"@id":"https:\/\/www.zoko.ro\/#organization"},"potentialAction":[{"@type":"SearchAction","target":{"@type":"EntryPoint","urlTemplate":"https:\/\/www.zoko.ro\/?s={search_term_string}"},"query-input":{"@type":"PropertyValueSpecification","valueRequired":true,"valueName":"search_term_string"}}],"inLanguage":"en-GB"},{"@type":"Organization","@id":"https:\/\/www.zoko.ro\/#organization","name":"ZOKO","url":"https:\/\/www.zoko.ro\/","logo":{"@type":"ImageObject","inLanguage":"en-GB","@id":"https:\/\/www.zoko.ro\/#\/schema\/logo\/image\/","url":"https:\/\/www.zoko.ro\/wp-content\/uploads\/2025\/03\/logo1.svg","contentUrl":"https:\/\/www.zoko.ro\/wp-content\/uploads\/2025\/03\/logo1.svg","width":799,"height":216,"caption":"ZOKO"},"image":{"@id":"https:\/\/www.zoko.ro\/#\/schema\/logo\/image\/"},"sameAs":["https:\/\/www.facebook.com\/profile.php?id=61584344135075"]}]}},"_links":{"self":[{"href":"https:\/\/www.zoko.ro\/en\/wp-json\/wp\/v2\/product\/14071","targetHints":{"allow":["GET"]}}],"collection":[{"href":"https:\/\/www.zoko.ro\/en\/wp-json\/wp\/v2\/product"}],"about":[{"href":"https:\/\/www.zoko.ro\/en\/wp-json\/wp\/v2\/types\/product"}],"replies":[{"embeddable":true,"href":"https:\/\/www.zoko.ro\/en\/wp-json\/wp\/v2\/comments?post=14071"}],"version-history":[{"count":1,"href":"https:\/\/www.zoko.ro\/en\/wp-json\/wp\/v2\/product\/14071\/revisions"}],"predecessor-version":[{"id":14138,"href":"https:\/\/www.zoko.ro\/en\/wp-json\/wp\/v2\/product\/14071\/revisions\/14138"}],"wp:featuredmedia":[{"embeddable":true,"href":"https:\/\/www.zoko.ro\/en\/wp-json\/wp\/v2\/media\/14072"}],"wp:attachment":[{"href":"https:\/\/www.zoko.ro\/en\/wp-json\/wp\/v2\/media?parent=14071"}],"wp:term":[{"taxonomy":"product_brand","embeddable":true,"href":"https:\/\/www.zoko.ro\/en\/wp-json\/wp\/v2\/product_brand?post=14071"},{"taxonomy":"product_cat","embeddable":true,"href":"https:\/\/www.zoko.ro\/en\/wp-json\/wp\/v2\/product_cat?post=14071"},{"taxonomy":"product_tag","embeddable":true,"href":"https:\/\/www.zoko.ro\/en\/wp-json\/wp\/v2\/product_tag?post=14071"}],"curies":[{"name":"wp","href":"https:\/\/api.w.org\/{rel}","templated":true}]}}