{"id":14088,"date":"2026-04-28T23:38:13","date_gmt":"2026-04-28T21:38:13","guid":{"rendered":"https:\/\/www.zoko.ro\/?post_type=product&#038;p=14088"},"modified":"2026-04-28T23:38:13","modified_gmt":"2026-04-28T21:38:13","slug":"geanta-termica-pentru-transportul-alimentelor-lunch-box-29x20x21cm-gonga","status":"publish","type":"product","link":"https:\/\/www.zoko.ro\/en\/p\/geanta-termica-pentru-transportul-alimentelor-lunch-box-29x20x21cm-gonga\/","title":{"rendered":"Geant\u0103 termic\u0103 pentru transportul alimentelor LUNCH BOX 29x20x21cm, Gonga\u00ae"},"content":{"rendered":"<p><strong>Culoare:<\/strong> Gri<\/p>\n<p><strong>Geant\u0103 termic\u0103 pentru transportul alimentelor LUNCH BOX 29x20x21cm<\/strong><\/p>\n<p><img loading=\"lazy\" decoding=\"async\" src=\"https:\/\/gonga.ro\/img\/cms\/Geant%C4%83%20termic%C4%83%20pentru%20transportul%20alimentelor%20LUNCH%20BOX%2029x20x21cm,%20Noem%C2%AE3.jpg\" alt=\"\" width=\"800\" height=\"800\" \/><\/p>\n<p>Transport\u0103-\u021bi mesele \u00een siguran\u021b\u0103 \u0219i p\u0103streaz\u0103-le proaspete mai mult timp cu aceast\u0103 geant\u0103 termic\u0103 practic\u0103 \u0219i elegant\u0103. Cu dimensiunile de 29x20x21 cm, geanta ofer\u0103 suficient spa\u021biu pentru caserole, sticle sau gust\u0103ri, fiind ideal\u0103 pentru birou, \u0219coal\u0103, picnicuri sau c\u0103l\u0103torii.<\/p>\n<p>Realizat\u0103 din materiale izolatoare de calitate, geanta men\u021bine alimentele calde sau reci timp \u00eendelungat. Este prev\u0103zut\u0103 cu \u00eenchidere cu fermoar, m\u00e2nere rezistente pentru transport u\u0219or \u0219i, op\u021bional, curea reglabil\u0103 pentru um\u0103r. Compartimentul principal este u\u0219or de cur\u0103\u021bat, iar designul compact permite depozitarea f\u0103r\u0103 probleme c\u00e2nd nu este folosit\u0103.<\/p>\n<p><img loading=\"lazy\" decoding=\"async\" src=\"https:\/\/gonga.ro\/img\/cms\/Geant%C4%83%20termic%C4%83%20pentru%20transportul%20alimentelor%20LUNCH%20BOX%2029x20x21cm,%20Noem%C2%AE4.jpg\" alt=\"\" width=\"800\" height=\"800\" \/><\/p>\n<p><strong>Caracteristici principale:<\/strong><\/p>\n<ul>\n<li>Ideal\u0103 pentru pr\u00e2nzuri, gust\u0103ri, b\u0103uturi<\/li>\n<li>Design practic \u0219i modern<\/li>\n<li>U\u0219or de transportat \u0219i \u00eentre\u021binut<\/li>\n<\/ul>\n<p><img loading=\"lazy\" decoding=\"async\" src=\"https:\/\/gonga.ro\/img\/cms\/Geant%C4%83%20termic%C4%83%20pentru%20transportul%20alimentelor%20LUNCH%20BOX%2029x20x21cm,%20Noem%C2%AE5_1.jpg\" alt=\"\" width=\"800\" height=\"800\" \/><\/p>\n<\/p>\n<p><strong>Specificatii:<\/strong><\/p>\n<\/p>\n<p>&#8211; Dimensiuni: 29 x 20 x 21 cm<\/p>\n<p>&#8211; Material izoterm pentru p\u0103strarea temperaturii<\/p>","protected":false},"excerpt":{"rendered":"<p>Culoare: Gri Geant\u0103 termic\u0103 pentru transportul alimentelor LUNCH BOX 29x20x21cm Transport\u0103-\u021bi mesele \u00een siguran\u021b\u0103 \u0219i p\u0103streaz\u0103-le proaspete mai mult timp<\/p>","protected":false},"featured_media":14089,"comment_status":"open","ping_status":"open","template":"","meta":[],"product_brand":[],"product_cat":[99,177,102],"product_tag":[104],"class_list":{"0":"post-14088","1":"product","2":"type-product","3":"status-publish","4":"has-post-thumbnail","6":"product_cat-acasa","7":"product_cat-genti-alimentare-genti-termo-izolante","8":"product_cat-sport-activitati-in-aer-liber","9":"product_tag-in-stoc","10":"pa_culoare-gri","12":"first","13":"instock","14":"sale","15":"purchasable","16":"product-type-simple"},"yoast_head":"<!-- This site is optimized with the Yoast SEO plugin v27.2 - https:\/\/yoast.com\/product\/yoast-seo-wordpress\/ -->\n<title>Geant\u0103 termic\u0103 pentru transportul alimentelor LUNCH BOX 29x20x21cm, Gonga\u00ae | ZOKO<\/title>\n<meta name=\"robots\" content=\"index, follow, max-snippet:-1, max-image-preview:large, max-video-preview:-1\" \/>\n<link rel=\"canonical\" href=\"https:\/\/www.zoko.ro\/en\/p\/geanta-termica-pentru-transportul-alimentelor-lunch-box-29x20x21cm-gonga\/\" \/>\n<meta property=\"og:locale\" content=\"en_GB\" \/>\n<meta property=\"og:type\" content=\"article\" \/>\n<meta property=\"og:title\" content=\"Geant\u0103 termic\u0103 pentru transportul alimentelor LUNCH BOX 29x20x21cm, Gonga\u00ae | ZOKO\" \/>\n<meta property=\"og:description\" content=\"Culoare: Gri Geant\u0103 termic\u0103 pentru transportul alimentelor LUNCH BOX 29x20x21cm Transport\u0103-\u021bi mesele \u00een siguran\u021b\u0103 \u0219i p\u0103streaz\u0103-le proaspete mai mult timp\" \/>\n<meta property=\"og:url\" content=\"https:\/\/www.zoko.ro\/en\/p\/geanta-termica-pentru-transportul-alimentelor-lunch-box-29x20x21cm-gonga\/\" \/>\n<meta property=\"og:site_name\" content=\"ZOKO\" \/>\n<meta property=\"article:publisher\" content=\"https:\/\/www.facebook.com\/profile.php?id=61584344135075\" \/>\n<meta property=\"og:image\" content=\"https:\/\/www.zoko.ro\/wp-content\/uploads\/2025\/07\/geanta-termica-pentru-transportul-alimentelor-lunch-box-29x20x21cm-gonga.jpg\" \/>\n\t<meta property=\"og:image:width\" content=\"800\" \/>\n\t<meta property=\"og:image:height\" content=\"800\" \/>\n\t<meta property=\"og:image:type\" content=\"image\/jpeg\" \/>\n<meta name=\"twitter:card\" content=\"summary_large_image\" \/>\n<meta name=\"twitter:label1\" content=\"Estimated reading time\" \/>\n\t<meta name=\"twitter:data1\" content=\"1 minute\" \/>\n<script type=\"application\/ld+json\" class=\"yoast-schema-graph\">{\"@context\":\"https:\/\/schema.org\",\"@graph\":[{\"@type\":\"WebPage\",\"@id\":\"https:\/\/www.zoko.ro\/p\/geanta-termica-pentru-transportul-alimentelor-lunch-box-29x20x21cm-gonga\/\",\"url\":\"https:\/\/www.zoko.ro\/p\/geanta-termica-pentru-transportul-alimentelor-lunch-box-29x20x21cm-gonga\/\",\"name\":\"Geant\u0103 termic\u0103 pentru transportul alimentelor LUNCH BOX 29x20x21cm, Gonga\u00ae | ZOKO\",\"isPartOf\":{\"@id\":\"https:\/\/www.zoko.ro\/#website\"},\"primaryImageOfPage\":{\"@id\":\"https:\/\/www.zoko.ro\/p\/geanta-termica-pentru-transportul-alimentelor-lunch-box-29x20x21cm-gonga\/#primaryimage\"},\"image\":{\"@id\":\"https:\/\/www.zoko.ro\/p\/geanta-termica-pentru-transportul-alimentelor-lunch-box-29x20x21cm-gonga\/#primaryimage\"},\"thumbnailUrl\":\"https:\/\/www.zoko.ro\/wp-content\/uploads\/2025\/07\/geanta-termica-pentru-transportul-alimentelor-lunch-box-29x20x21cm-gonga.jpg\",\"datePublished\":\"2026-04-28T21:38:13+00:00\",\"breadcrumb\":{\"@id\":\"https:\/\/www.zoko.ro\/p\/geanta-termica-pentru-transportul-alimentelor-lunch-box-29x20x21cm-gonga\/#breadcrumb\"},\"inLanguage\":\"en-GB\",\"potentialAction\":[{\"@type\":\"ReadAction\",\"target\":[\"https:\/\/www.zoko.ro\/p\/geanta-termica-pentru-transportul-alimentelor-lunch-box-29x20x21cm-gonga\/\"]}]},{\"@type\":\"ImageObject\",\"inLanguage\":\"en-GB\",\"@id\":\"https:\/\/www.zoko.ro\/p\/geanta-termica-pentru-transportul-alimentelor-lunch-box-29x20x21cm-gonga\/#primaryimage\",\"url\":\"https:\/\/www.zoko.ro\/wp-content\/uploads\/2025\/07\/geanta-termica-pentru-transportul-alimentelor-lunch-box-29x20x21cm-gonga.jpg\",\"contentUrl\":\"https:\/\/www.zoko.ro\/wp-content\/uploads\/2025\/07\/geanta-termica-pentru-transportul-alimentelor-lunch-box-29x20x21cm-gonga.jpg\",\"width\":800,\"height\":800},{\"@type\":\"BreadcrumbList\",\"@id\":\"https:\/\/www.zoko.ro\/p\/geanta-termica-pentru-transportul-alimentelor-lunch-box-29x20x21cm-gonga\/#breadcrumb\",\"itemListElement\":[{\"@type\":\"ListItem\",\"position\":1,\"name\":\"Home\",\"item\":\"https:\/\/www.zoko.ro\/\"},{\"@type\":\"ListItem\",\"position\":2,\"name\":\"Magazin\",\"item\":\"https:\/\/www.zoko.ro\/magazin\/\"},{\"@type\":\"ListItem\",\"position\":3,\"name\":\"Geant\u0103 termic\u0103 pentru transportul alimentelor LUNCH BOX 29x20x21cm, Gonga\u00ae\"}]},{\"@type\":\"WebSite\",\"@id\":\"https:\/\/www.zoko.ro\/#website\",\"url\":\"https:\/\/www.zoko.ro\/\",\"name\":\"ZOKO.ro\",\"description\":\"Cump\u0103r\u0103 inteligent\",\"publisher\":{\"@id\":\"https:\/\/www.zoko.ro\/#organization\"},\"potentialAction\":[{\"@type\":\"SearchAction\",\"target\":{\"@type\":\"EntryPoint\",\"urlTemplate\":\"https:\/\/www.zoko.ro\/?s={search_term_string}\"},\"query-input\":{\"@type\":\"PropertyValueSpecification\",\"valueRequired\":true,\"valueName\":\"search_term_string\"}}],\"inLanguage\":\"en-GB\"},{\"@type\":\"Organization\",\"@id\":\"https:\/\/www.zoko.ro\/#organization\",\"name\":\"ZOKO\",\"url\":\"https:\/\/www.zoko.ro\/\",\"logo\":{\"@type\":\"ImageObject\",\"inLanguage\":\"en-GB\",\"@id\":\"https:\/\/www.zoko.ro\/#\/schema\/logo\/image\/\",\"url\":\"https:\/\/www.zoko.ro\/wp-content\/uploads\/2025\/03\/logo1.svg\",\"contentUrl\":\"https:\/\/www.zoko.ro\/wp-content\/uploads\/2025\/03\/logo1.svg\",\"width\":799,\"height\":216,\"caption\":\"ZOKO\"},\"image\":{\"@id\":\"https:\/\/www.zoko.ro\/#\/schema\/logo\/image\/\"},\"sameAs\":[\"https:\/\/www.facebook.com\/profile.php?id=61584344135075\"]}]}<\/script>\n<!-- \/ Yoast SEO plugin. -->","yoast_head_json":{"title":"Geant\u0103 termic\u0103 pentru transportul alimentelor LUNCH BOX 29x20x21cm, Gonga\u00ae | ZOKO","robots":{"index":"index","follow":"follow","max-snippet":"max-snippet:-1","max-image-preview":"max-image-preview:large","max-video-preview":"max-video-preview:-1"},"canonical":"https:\/\/www.zoko.ro\/en\/p\/geanta-termica-pentru-transportul-alimentelor-lunch-box-29x20x21cm-gonga\/","og_locale":"en_GB","og_type":"article","og_title":"Geant\u0103 termic\u0103 pentru transportul alimentelor LUNCH BOX 29x20x21cm, Gonga\u00ae | ZOKO","og_description":"Culoare: Gri Geant\u0103 termic\u0103 pentru transportul alimentelor LUNCH BOX 29x20x21cm Transport\u0103-\u021bi mesele \u00een siguran\u021b\u0103 \u0219i p\u0103streaz\u0103-le proaspete mai mult timp","og_url":"https:\/\/www.zoko.ro\/en\/p\/geanta-termica-pentru-transportul-alimentelor-lunch-box-29x20x21cm-gonga\/","og_site_name":"ZOKO","article_publisher":"https:\/\/www.facebook.com\/profile.php?id=61584344135075","og_image":[{"width":800,"height":800,"url":"https:\/\/www.zoko.ro\/wp-content\/uploads\/2025\/07\/geanta-termica-pentru-transportul-alimentelor-lunch-box-29x20x21cm-gonga.jpg","type":"image\/jpeg"}],"twitter_card":"summary_large_image","twitter_misc":{"Estimated reading time":"1 minute"},"schema":{"@context":"https:\/\/schema.org","@graph":[{"@type":"WebPage","@id":"https:\/\/www.zoko.ro\/p\/geanta-termica-pentru-transportul-alimentelor-lunch-box-29x20x21cm-gonga\/","url":"https:\/\/www.zoko.ro\/p\/geanta-termica-pentru-transportul-alimentelor-lunch-box-29x20x21cm-gonga\/","name":"Geant\u0103 termic\u0103 pentru transportul alimentelor LUNCH BOX 29x20x21cm, Gonga\u00ae | ZOKO","isPartOf":{"@id":"https:\/\/www.zoko.ro\/#website"},"primaryImageOfPage":{"@id":"https:\/\/www.zoko.ro\/p\/geanta-termica-pentru-transportul-alimentelor-lunch-box-29x20x21cm-gonga\/#primaryimage"},"image":{"@id":"https:\/\/www.zoko.ro\/p\/geanta-termica-pentru-transportul-alimentelor-lunch-box-29x20x21cm-gonga\/#primaryimage"},"thumbnailUrl":"https:\/\/www.zoko.ro\/wp-content\/uploads\/2025\/07\/geanta-termica-pentru-transportul-alimentelor-lunch-box-29x20x21cm-gonga.jpg","datePublished":"2026-04-28T21:38:13+00:00","breadcrumb":{"@id":"https:\/\/www.zoko.ro\/p\/geanta-termica-pentru-transportul-alimentelor-lunch-box-29x20x21cm-gonga\/#breadcrumb"},"inLanguage":"en-GB","potentialAction":[{"@type":"ReadAction","target":["https:\/\/www.zoko.ro\/p\/geanta-termica-pentru-transportul-alimentelor-lunch-box-29x20x21cm-gonga\/"]}]},{"@type":"ImageObject","inLanguage":"en-GB","@id":"https:\/\/www.zoko.ro\/p\/geanta-termica-pentru-transportul-alimentelor-lunch-box-29x20x21cm-gonga\/#primaryimage","url":"https:\/\/www.zoko.ro\/wp-content\/uploads\/2025\/07\/geanta-termica-pentru-transportul-alimentelor-lunch-box-29x20x21cm-gonga.jpg","contentUrl":"https:\/\/www.zoko.ro\/wp-content\/uploads\/2025\/07\/geanta-termica-pentru-transportul-alimentelor-lunch-box-29x20x21cm-gonga.jpg","width":800,"height":800},{"@type":"BreadcrumbList","@id":"https:\/\/www.zoko.ro\/p\/geanta-termica-pentru-transportul-alimentelor-lunch-box-29x20x21cm-gonga\/#breadcrumb","itemListElement":[{"@type":"ListItem","position":1,"name":"Home","item":"https:\/\/www.zoko.ro\/"},{"@type":"ListItem","position":2,"name":"Magazin","item":"https:\/\/www.zoko.ro\/magazin\/"},{"@type":"ListItem","position":3,"name":"Geant\u0103 termic\u0103 pentru transportul alimentelor LUNCH BOX 29x20x21cm, Gonga\u00ae"}]},{"@type":"WebSite","@id":"https:\/\/www.zoko.ro\/#website","url":"https:\/\/www.zoko.ro\/","name":"ZOKO.ro","description":"Cump\u0103r\u0103 inteligent","publisher":{"@id":"https:\/\/www.zoko.ro\/#organization"},"potentialAction":[{"@type":"SearchAction","target":{"@type":"EntryPoint","urlTemplate":"https:\/\/www.zoko.ro\/?s={search_term_string}"},"query-input":{"@type":"PropertyValueSpecification","valueRequired":true,"valueName":"search_term_string"}}],"inLanguage":"en-GB"},{"@type":"Organization","@id":"https:\/\/www.zoko.ro\/#organization","name":"ZOKO","url":"https:\/\/www.zoko.ro\/","logo":{"@type":"ImageObject","inLanguage":"en-GB","@id":"https:\/\/www.zoko.ro\/#\/schema\/logo\/image\/","url":"https:\/\/www.zoko.ro\/wp-content\/uploads\/2025\/03\/logo1.svg","contentUrl":"https:\/\/www.zoko.ro\/wp-content\/uploads\/2025\/03\/logo1.svg","width":799,"height":216,"caption":"ZOKO"},"image":{"@id":"https:\/\/www.zoko.ro\/#\/schema\/logo\/image\/"},"sameAs":["https:\/\/www.facebook.com\/profile.php?id=61584344135075"]}]}},"_links":{"self":[{"href":"https:\/\/www.zoko.ro\/en\/wp-json\/wp\/v2\/product\/14088","targetHints":{"allow":["GET"]}}],"collection":[{"href":"https:\/\/www.zoko.ro\/en\/wp-json\/wp\/v2\/product"}],"about":[{"href":"https:\/\/www.zoko.ro\/en\/wp-json\/wp\/v2\/types\/product"}],"replies":[{"embeddable":true,"href":"https:\/\/www.zoko.ro\/en\/wp-json\/wp\/v2\/comments?post=14088"}],"version-history":[{"count":1,"href":"https:\/\/www.zoko.ro\/en\/wp-json\/wp\/v2\/product\/14088\/revisions"}],"predecessor-version":[{"id":14140,"href":"https:\/\/www.zoko.ro\/en\/wp-json\/wp\/v2\/product\/14088\/revisions\/14140"}],"wp:featuredmedia":[{"embeddable":true,"href":"https:\/\/www.zoko.ro\/en\/wp-json\/wp\/v2\/media\/14089"}],"wp:attachment":[{"href":"https:\/\/www.zoko.ro\/en\/wp-json\/wp\/v2\/media?parent=14088"}],"wp:term":[{"taxonomy":"product_brand","embeddable":true,"href":"https:\/\/www.zoko.ro\/en\/wp-json\/wp\/v2\/product_brand?post=14088"},{"taxonomy":"product_cat","embeddable":true,"href":"https:\/\/www.zoko.ro\/en\/wp-json\/wp\/v2\/product_cat?post=14088"},{"taxonomy":"product_tag","embeddable":true,"href":"https:\/\/www.zoko.ro\/en\/wp-json\/wp\/v2\/product_tag?post=14088"}],"curies":[{"name":"wp","href":"https:\/\/api.w.org\/{rel}","templated":true}]}}