{"id":14095,"date":"2026-04-28T23:38:14","date_gmt":"2026-04-28T21:38:14","guid":{"rendered":"https:\/\/www.zoko.ro\/?post_type=product&#038;p=14095"},"modified":"2026-04-28T23:38:14","modified_gmt":"2026-04-28T21:38:14","slug":"geanta-de-plaja-pentru-cumparaturi-mare-si-incapatoare-cu-franjuri-boho-gonga","status":"publish","type":"product","link":"https:\/\/www.zoko.ro\/en\/p\/geanta-de-plaja-pentru-cumparaturi-mare-si-incapatoare-cu-franjuri-boho-gonga\/","title":{"rendered":"Geanta de plaja, pentru cump\u0103r\u0103turi, mare \u0219i \u00eenc\u0103p\u0103toare, cu franjuri BOHO, Gonga\u00ae"},"content":{"rendered":"<p><strong>Culoare:<\/strong> Crem<\/p>\n<p><strong>Geant\u0103 de plaj\u0103 \u0219i cump\u0103r\u0103turi, mare \u0219i \u00eenc\u0103p\u0103toare, cu franjuri \u2013 stil BOHO<\/strong><\/p>\n<p><img loading=\"lazy\" decoding=\"async\" src=\"https:\/\/gonga.ro\/img\/cms\/Geanta%20de%20plaja,%20pentru%20cump%C4%83r%C4%83turi,%20mare%20%C8%99i%20%C3%AEnc%C4%83p%C4%83toare,%20cu%20franjuri%20BOHO,%20crem,%20Noem%C2%AE2.jpg\" alt=\"\" width=\"800\" height=\"800\" \/><\/p>\n<p>Adaug\u0103 un strop de libertate \u0219i stil relaxat zilelor tale cu aceast\u0103 geant\u0103 de plaj\u0103 spa\u021bioas\u0103, inspirat\u0103 din estetica boho-chic! Perfect\u0103 pentru vacan\u021be, plimb\u0103ri sau cump\u0103r\u0103turi, geanta \u00eembin\u0103 func\u021bionalitatea cu un design boem \u0219i modern.<\/p>\n<p>Cu o form\u0103 generoas\u0103, este \u00eenc\u0103p\u0103toare \u0219i ideal\u0103 pentru a transporta prosopul, crema de soare, cartea preferat\u0103, sau produsele de la pia\u021b\u0103. Confec\u021bionat\u0103 din materiale u\u0219oare, dar rezistente, geanta este confortabil\u0103 de purtat pe um\u0103r \u0219i u\u0219or de \u00eentre\u021binut.<\/p>\n<p>Detaliile decorative cu franjuri BOHO ofer\u0103 un aer relaxat \u0219i original, fiind un accesoriu statement pentru zilele \u00eensorite.<\/p>\n<p><img loading=\"lazy\" decoding=\"async\" src=\"https:\/\/gonga.ro\/img\/cms\/Geanta%20de%20plaja,%20pentru%20cump%C4%83r%C4%83turi,%20mare%20%C8%99i%20%C3%AEnc%C4%83p%C4%83toare,%20cu%20franjuri%20BOHO,%20crem,%20Noem%C2%AE1.jpg\" alt=\"\" width=\"800\" height=\"800\" \/><\/p>\n<p><strong>Caracteristici principale:<\/strong><\/p>\n<\/p>\n<ul>\n<li>Dimensiune mare \u0219i capacitate \u00eenc\u0103p\u0103toare<\/li>\n<li>Design boho cu franjuri decorativi<\/li>\n<li>Ideal\u0103 pentru plaj\u0103, picnicuri sau cump\u0103r\u0103turi<\/li>\n<li>M\u00e2nere confortabile pentru purtat pe um\u0103r<\/li>\n<li>U\u0219or de pliat \u0219i depozitat<\/li>\n<\/ul>\n<p><img loading=\"lazy\" decoding=\"async\" src=\"https:\/\/gonga.ro\/img\/cms\/Geanta%20de%20plaja,%20pentru%20cump%C4%83r%C4%83turi,%20mare%20%C8%99i%20%C3%AEnc%C4%83p%C4%83toare,%20cu%20franjuri%20BOHO,%20crem,%20Noem%C2%AE.jpg\" alt=\"\" width=\"800\" height=\"800\" \/><\/p>\n<\/p>\n<p><strong>Specificatii:<\/strong><\/p>\n<p><strong><\/strong><\/p>\n<p>&#8211; L\u0103\u021bime 50 cm<\/p>\n<p>&#8211; In\u0103l\u021bime 36 cm<\/p>\n<p>&#8211; Grosime 14 cm<\/p>\n<p>&#8211; Material: 100% &#8211; poliester<\/p>","protected":false},"excerpt":{"rendered":"<p>Culoare: Crem Geant\u0103 de plaj\u0103 \u0219i cump\u0103r\u0103turi, mare \u0219i \u00eenc\u0103p\u0103toare, cu franjuri \u2013 stil BOHO Adaug\u0103 un strop de libertate<\/p>","protected":false},"featured_media":14096,"comment_status":"open","ping_status":"open","template":"","meta":[],"product_brand":[],"product_cat":[99,328,102],"product_tag":[104],"class_list":{"0":"post-14095","1":"product","2":"type-product","3":"status-publish","4":"has-post-thumbnail","6":"product_cat-acasa","7":"product_cat-accesorii-plaja","8":"product_cat-sport-activitati-in-aer-liber","9":"product_tag-in-stoc","10":"pa_culoare-crem","12":"first","13":"instock","14":"sale","15":"purchasable","16":"product-type-simple"},"yoast_head":"<!-- This site is optimized with the Yoast SEO plugin v27.2 - https:\/\/yoast.com\/product\/yoast-seo-wordpress\/ -->\n<title>Geanta de plaja, pentru cump\u0103r\u0103turi, mare \u0219i \u00eenc\u0103p\u0103toare, cu franjuri BOHO, Gonga\u00ae | ZOKO<\/title>\n<meta name=\"robots\" content=\"index, follow, max-snippet:-1, max-image-preview:large, max-video-preview:-1\" \/>\n<link rel=\"canonical\" href=\"https:\/\/www.zoko.ro\/en\/p\/geanta-de-plaja-pentru-cumparaturi-mare-si-incapatoare-cu-franjuri-boho-gonga\/\" \/>\n<meta property=\"og:locale\" content=\"en_GB\" \/>\n<meta property=\"og:type\" content=\"article\" \/>\n<meta property=\"og:title\" content=\"Geanta de plaja, pentru cump\u0103r\u0103turi, mare \u0219i \u00eenc\u0103p\u0103toare, cu franjuri BOHO, Gonga\u00ae | ZOKO\" \/>\n<meta property=\"og:description\" content=\"Culoare: Crem Geant\u0103 de plaj\u0103 \u0219i cump\u0103r\u0103turi, mare \u0219i \u00eenc\u0103p\u0103toare, cu franjuri \u2013 stil BOHO Adaug\u0103 un strop de libertate\" \/>\n<meta property=\"og:url\" content=\"https:\/\/www.zoko.ro\/en\/p\/geanta-de-plaja-pentru-cumparaturi-mare-si-incapatoare-cu-franjuri-boho-gonga\/\" \/>\n<meta property=\"og:site_name\" content=\"ZOKO\" \/>\n<meta property=\"article:publisher\" content=\"https:\/\/www.facebook.com\/profile.php?id=61584344135075\" \/>\n<meta property=\"og:image\" content=\"https:\/\/www.zoko.ro\/wp-content\/uploads\/2025\/07\/geanta-de-plaja-pentru-cumparaturi-mare-i-incapatoare-cu-franjuri-boho-gonga.jpg\" \/>\n\t<meta property=\"og:image:width\" content=\"800\" \/>\n\t<meta property=\"og:image:height\" content=\"800\" \/>\n\t<meta property=\"og:image:type\" content=\"image\/jpeg\" \/>\n<meta name=\"twitter:card\" content=\"summary_large_image\" \/>\n<meta name=\"twitter:label1\" content=\"Estimated reading time\" \/>\n\t<meta name=\"twitter:data1\" content=\"1 minute\" \/>\n<script type=\"application\/ld+json\" class=\"yoast-schema-graph\">{\"@context\":\"https:\/\/schema.org\",\"@graph\":[{\"@type\":\"WebPage\",\"@id\":\"https:\/\/www.zoko.ro\/p\/geanta-de-plaja-pentru-cumparaturi-mare-si-incapatoare-cu-franjuri-boho-gonga\/\",\"url\":\"https:\/\/www.zoko.ro\/p\/geanta-de-plaja-pentru-cumparaturi-mare-si-incapatoare-cu-franjuri-boho-gonga\/\",\"name\":\"Geanta de plaja, pentru cump\u0103r\u0103turi, mare \u0219i \u00eenc\u0103p\u0103toare, cu franjuri BOHO, Gonga\u00ae | ZOKO\",\"isPartOf\":{\"@id\":\"https:\/\/www.zoko.ro\/#website\"},\"primaryImageOfPage\":{\"@id\":\"https:\/\/www.zoko.ro\/p\/geanta-de-plaja-pentru-cumparaturi-mare-si-incapatoare-cu-franjuri-boho-gonga\/#primaryimage\"},\"image\":{\"@id\":\"https:\/\/www.zoko.ro\/p\/geanta-de-plaja-pentru-cumparaturi-mare-si-incapatoare-cu-franjuri-boho-gonga\/#primaryimage\"},\"thumbnailUrl\":\"https:\/\/www.zoko.ro\/wp-content\/uploads\/2025\/07\/geanta-de-plaja-pentru-cumparaturi-mare-i-incapatoare-cu-franjuri-boho-gonga.jpg\",\"datePublished\":\"2026-04-28T21:38:14+00:00\",\"breadcrumb\":{\"@id\":\"https:\/\/www.zoko.ro\/p\/geanta-de-plaja-pentru-cumparaturi-mare-si-incapatoare-cu-franjuri-boho-gonga\/#breadcrumb\"},\"inLanguage\":\"en-GB\",\"potentialAction\":[{\"@type\":\"ReadAction\",\"target\":[\"https:\/\/www.zoko.ro\/p\/geanta-de-plaja-pentru-cumparaturi-mare-si-incapatoare-cu-franjuri-boho-gonga\/\"]}]},{\"@type\":\"ImageObject\",\"inLanguage\":\"en-GB\",\"@id\":\"https:\/\/www.zoko.ro\/p\/geanta-de-plaja-pentru-cumparaturi-mare-si-incapatoare-cu-franjuri-boho-gonga\/#primaryimage\",\"url\":\"https:\/\/www.zoko.ro\/wp-content\/uploads\/2025\/07\/geanta-de-plaja-pentru-cumparaturi-mare-i-incapatoare-cu-franjuri-boho-gonga.jpg\",\"contentUrl\":\"https:\/\/www.zoko.ro\/wp-content\/uploads\/2025\/07\/geanta-de-plaja-pentru-cumparaturi-mare-i-incapatoare-cu-franjuri-boho-gonga.jpg\",\"width\":800,\"height\":800},{\"@type\":\"BreadcrumbList\",\"@id\":\"https:\/\/www.zoko.ro\/p\/geanta-de-plaja-pentru-cumparaturi-mare-si-incapatoare-cu-franjuri-boho-gonga\/#breadcrumb\",\"itemListElement\":[{\"@type\":\"ListItem\",\"position\":1,\"name\":\"Home\",\"item\":\"https:\/\/www.zoko.ro\/\"},{\"@type\":\"ListItem\",\"position\":2,\"name\":\"Magazin\",\"item\":\"https:\/\/www.zoko.ro\/magazin\/\"},{\"@type\":\"ListItem\",\"position\":3,\"name\":\"Geanta de plaja, pentru cump\u0103r\u0103turi, mare \u0219i \u00eenc\u0103p\u0103toare, cu franjuri BOHO, Gonga\u00ae\"}]},{\"@type\":\"WebSite\",\"@id\":\"https:\/\/www.zoko.ro\/#website\",\"url\":\"https:\/\/www.zoko.ro\/\",\"name\":\"ZOKO.ro\",\"description\":\"Cump\u0103r\u0103 inteligent\",\"publisher\":{\"@id\":\"https:\/\/www.zoko.ro\/#organization\"},\"potentialAction\":[{\"@type\":\"SearchAction\",\"target\":{\"@type\":\"EntryPoint\",\"urlTemplate\":\"https:\/\/www.zoko.ro\/?s={search_term_string}\"},\"query-input\":{\"@type\":\"PropertyValueSpecification\",\"valueRequired\":true,\"valueName\":\"search_term_string\"}}],\"inLanguage\":\"en-GB\"},{\"@type\":\"Organization\",\"@id\":\"https:\/\/www.zoko.ro\/#organization\",\"name\":\"ZOKO\",\"url\":\"https:\/\/www.zoko.ro\/\",\"logo\":{\"@type\":\"ImageObject\",\"inLanguage\":\"en-GB\",\"@id\":\"https:\/\/www.zoko.ro\/#\/schema\/logo\/image\/\",\"url\":\"https:\/\/www.zoko.ro\/wp-content\/uploads\/2025\/03\/logo1.svg\",\"contentUrl\":\"https:\/\/www.zoko.ro\/wp-content\/uploads\/2025\/03\/logo1.svg\",\"width\":799,\"height\":216,\"caption\":\"ZOKO\"},\"image\":{\"@id\":\"https:\/\/www.zoko.ro\/#\/schema\/logo\/image\/\"},\"sameAs\":[\"https:\/\/www.facebook.com\/profile.php?id=61584344135075\"]}]}<\/script>\n<!-- \/ Yoast SEO plugin. -->","yoast_head_json":{"title":"Geanta de plaja, pentru cump\u0103r\u0103turi, mare \u0219i \u00eenc\u0103p\u0103toare, cu franjuri BOHO, Gonga\u00ae | ZOKO","robots":{"index":"index","follow":"follow","max-snippet":"max-snippet:-1","max-image-preview":"max-image-preview:large","max-video-preview":"max-video-preview:-1"},"canonical":"https:\/\/www.zoko.ro\/en\/p\/geanta-de-plaja-pentru-cumparaturi-mare-si-incapatoare-cu-franjuri-boho-gonga\/","og_locale":"en_GB","og_type":"article","og_title":"Geanta de plaja, pentru cump\u0103r\u0103turi, mare \u0219i \u00eenc\u0103p\u0103toare, cu franjuri BOHO, Gonga\u00ae | ZOKO","og_description":"Culoare: Crem Geant\u0103 de plaj\u0103 \u0219i cump\u0103r\u0103turi, mare \u0219i \u00eenc\u0103p\u0103toare, cu franjuri \u2013 stil BOHO Adaug\u0103 un strop de libertate","og_url":"https:\/\/www.zoko.ro\/en\/p\/geanta-de-plaja-pentru-cumparaturi-mare-si-incapatoare-cu-franjuri-boho-gonga\/","og_site_name":"ZOKO","article_publisher":"https:\/\/www.facebook.com\/profile.php?id=61584344135075","og_image":[{"width":800,"height":800,"url":"https:\/\/www.zoko.ro\/wp-content\/uploads\/2025\/07\/geanta-de-plaja-pentru-cumparaturi-mare-i-incapatoare-cu-franjuri-boho-gonga.jpg","type":"image\/jpeg"}],"twitter_card":"summary_large_image","twitter_misc":{"Estimated reading time":"1 minute"},"schema":{"@context":"https:\/\/schema.org","@graph":[{"@type":"WebPage","@id":"https:\/\/www.zoko.ro\/p\/geanta-de-plaja-pentru-cumparaturi-mare-si-incapatoare-cu-franjuri-boho-gonga\/","url":"https:\/\/www.zoko.ro\/p\/geanta-de-plaja-pentru-cumparaturi-mare-si-incapatoare-cu-franjuri-boho-gonga\/","name":"Geanta de plaja, pentru cump\u0103r\u0103turi, mare \u0219i \u00eenc\u0103p\u0103toare, cu franjuri BOHO, Gonga\u00ae | ZOKO","isPartOf":{"@id":"https:\/\/www.zoko.ro\/#website"},"primaryImageOfPage":{"@id":"https:\/\/www.zoko.ro\/p\/geanta-de-plaja-pentru-cumparaturi-mare-si-incapatoare-cu-franjuri-boho-gonga\/#primaryimage"},"image":{"@id":"https:\/\/www.zoko.ro\/p\/geanta-de-plaja-pentru-cumparaturi-mare-si-incapatoare-cu-franjuri-boho-gonga\/#primaryimage"},"thumbnailUrl":"https:\/\/www.zoko.ro\/wp-content\/uploads\/2025\/07\/geanta-de-plaja-pentru-cumparaturi-mare-i-incapatoare-cu-franjuri-boho-gonga.jpg","datePublished":"2026-04-28T21:38:14+00:00","breadcrumb":{"@id":"https:\/\/www.zoko.ro\/p\/geanta-de-plaja-pentru-cumparaturi-mare-si-incapatoare-cu-franjuri-boho-gonga\/#breadcrumb"},"inLanguage":"en-GB","potentialAction":[{"@type":"ReadAction","target":["https:\/\/www.zoko.ro\/p\/geanta-de-plaja-pentru-cumparaturi-mare-si-incapatoare-cu-franjuri-boho-gonga\/"]}]},{"@type":"ImageObject","inLanguage":"en-GB","@id":"https:\/\/www.zoko.ro\/p\/geanta-de-plaja-pentru-cumparaturi-mare-si-incapatoare-cu-franjuri-boho-gonga\/#primaryimage","url":"https:\/\/www.zoko.ro\/wp-content\/uploads\/2025\/07\/geanta-de-plaja-pentru-cumparaturi-mare-i-incapatoare-cu-franjuri-boho-gonga.jpg","contentUrl":"https:\/\/www.zoko.ro\/wp-content\/uploads\/2025\/07\/geanta-de-plaja-pentru-cumparaturi-mare-i-incapatoare-cu-franjuri-boho-gonga.jpg","width":800,"height":800},{"@type":"BreadcrumbList","@id":"https:\/\/www.zoko.ro\/p\/geanta-de-plaja-pentru-cumparaturi-mare-si-incapatoare-cu-franjuri-boho-gonga\/#breadcrumb","itemListElement":[{"@type":"ListItem","position":1,"name":"Home","item":"https:\/\/www.zoko.ro\/"},{"@type":"ListItem","position":2,"name":"Magazin","item":"https:\/\/www.zoko.ro\/magazin\/"},{"@type":"ListItem","position":3,"name":"Geanta de plaja, pentru cump\u0103r\u0103turi, mare \u0219i \u00eenc\u0103p\u0103toare, cu franjuri BOHO, Gonga\u00ae"}]},{"@type":"WebSite","@id":"https:\/\/www.zoko.ro\/#website","url":"https:\/\/www.zoko.ro\/","name":"ZOKO.ro","description":"Cump\u0103r\u0103 inteligent","publisher":{"@id":"https:\/\/www.zoko.ro\/#organization"},"potentialAction":[{"@type":"SearchAction","target":{"@type":"EntryPoint","urlTemplate":"https:\/\/www.zoko.ro\/?s={search_term_string}"},"query-input":{"@type":"PropertyValueSpecification","valueRequired":true,"valueName":"search_term_string"}}],"inLanguage":"en-GB"},{"@type":"Organization","@id":"https:\/\/www.zoko.ro\/#organization","name":"ZOKO","url":"https:\/\/www.zoko.ro\/","logo":{"@type":"ImageObject","inLanguage":"en-GB","@id":"https:\/\/www.zoko.ro\/#\/schema\/logo\/image\/","url":"https:\/\/www.zoko.ro\/wp-content\/uploads\/2025\/03\/logo1.svg","contentUrl":"https:\/\/www.zoko.ro\/wp-content\/uploads\/2025\/03\/logo1.svg","width":799,"height":216,"caption":"ZOKO"},"image":{"@id":"https:\/\/www.zoko.ro\/#\/schema\/logo\/image\/"},"sameAs":["https:\/\/www.facebook.com\/profile.php?id=61584344135075"]}]}},"_links":{"self":[{"href":"https:\/\/www.zoko.ro\/en\/wp-json\/wp\/v2\/product\/14095","targetHints":{"allow":["GET"]}}],"collection":[{"href":"https:\/\/www.zoko.ro\/en\/wp-json\/wp\/v2\/product"}],"about":[{"href":"https:\/\/www.zoko.ro\/en\/wp-json\/wp\/v2\/types\/product"}],"replies":[{"embeddable":true,"href":"https:\/\/www.zoko.ro\/en\/wp-json\/wp\/v2\/comments?post=14095"}],"version-history":[{"count":1,"href":"https:\/\/www.zoko.ro\/en\/wp-json\/wp\/v2\/product\/14095\/revisions"}],"predecessor-version":[{"id":14141,"href":"https:\/\/www.zoko.ro\/en\/wp-json\/wp\/v2\/product\/14095\/revisions\/14141"}],"wp:featuredmedia":[{"embeddable":true,"href":"https:\/\/www.zoko.ro\/en\/wp-json\/wp\/v2\/media\/14096"}],"wp:attachment":[{"href":"https:\/\/www.zoko.ro\/en\/wp-json\/wp\/v2\/media?parent=14095"}],"wp:term":[{"taxonomy":"product_brand","embeddable":true,"href":"https:\/\/www.zoko.ro\/en\/wp-json\/wp\/v2\/product_brand?post=14095"},{"taxonomy":"product_cat","embeddable":true,"href":"https:\/\/www.zoko.ro\/en\/wp-json\/wp\/v2\/product_cat?post=14095"},{"taxonomy":"product_tag","embeddable":true,"href":"https:\/\/www.zoko.ro\/en\/wp-json\/wp\/v2\/product_tag?post=14095"}],"curies":[{"name":"wp","href":"https:\/\/api.w.org\/{rel}","templated":true}]}}