{"id":14099,"date":"2026-04-28T23:38:14","date_gmt":"2026-04-28T21:38:14","guid":{"rendered":"https:\/\/www.zoko.ro\/?post_type=product&#038;p=14099"},"modified":"2026-04-28T23:38:14","modified_gmt":"2026-04-28T21:38:14","slug":"cutie-pentru-chei-imitatie-piatra-8-3x5-7x4-5cm-gonga","status":"publish","type":"product","link":"https:\/\/www.zoko.ro\/en\/p\/cutie-pentru-chei-imitatie-piatra-8-3x5-7x4-5cm-gonga\/","title":{"rendered":"Cutie pentru chei imitatie piatra, 8.3&#215;5.7&#215;4.5cm, Gonga\u00ae"},"content":{"rendered":"<p><strong>Culoare:<\/strong> Gri<\/p>\n<p><strong>Cutie pentru chei imita\u021bie piatr\u0103, 8.3 x 5.7 x 4.5 cm<\/strong><\/p>\n<p><img loading=\"lazy\" decoding=\"async\" src=\"https:\/\/gonga.ro\/img\/cms\/Cutie%20pentru%20chei%20imitatie%20piatra,%208-3x5-7x4-5cm,%20Gri,%20Noem%C2%AE1.jpg\" alt=\"\" width=\"800\" height=\"800\" \/><\/p>\n<p>P\u0103streaz\u0103-\u021bi cheia de rezerv\u0103 \u00een siguran\u021b\u0103 \u0219i perfect camuflat\u0103 cu aceast\u0103 cutie pentru chei cu aspect de piatr\u0103 natural\u0103. Conceput\u0103 special pentru a se integra discret \u00een gr\u0103din\u0103, curte sau l\u00e2ng\u0103 alee, aceast\u0103 cutie este solu\u021bia ideal\u0103 pentru acces rapid \u00een caz de urgen\u021b\u0103, f\u0103r\u0103 a compromite siguran\u021ba locuin\u021bei.<\/p>\n<p>Fabricat\u0103 din material durabil, rezistent la intemperii, cutia are un compartiment ascuns suficient de mare pentru o cheie standard. Datorit\u0103 designului realist de piatr\u0103, se pierde u\u0219or printre celelalte pietre din decorul exterior, oferind camuflaj excelent \u0219i discre\u021bie total\u0103.<\/p>\n<p><img loading=\"lazy\" decoding=\"async\" src=\"https:\/\/gonga.ro\/img\/cms\/Cutie%20pentru%20chei%20imitatie%20piatra,%208-3x5-7x4-5cm,%20Gri,%20Noem%C2%AE2.jpg\" alt=\"\" width=\"800\" height=\"800\" \/><\/p>\n<p><strong>Caracteristici principale:<\/strong><\/p>\n<ul>\n<li>Compartiment ascuns pentru o cheie<\/li>\n<li>Design realist \u2013 imita\u021bie piatr\u0103 natural\u0103<\/li>\n<li>Material rezistent la ap\u0103 \u0219i intemperii<\/li>\n<li>Ideal\u0103 pentru gr\u0103din\u0103, teras\u0103 sau curte<\/li>\n<\/ul>\n<p><img loading=\"lazy\" decoding=\"async\" src=\"https:\/\/gonga.ro\/img\/cms\/Cutie%20pentru%20chei%20imitatie%20piatra,%208-3x5-7x4-5cm,%20Gri,%20Noem%C2%AE.jpg\" alt=\"\" width=\"800\" height=\"800\" \/><\/p>\n<\/p>\n<p><strong>Specificatii:<\/strong><\/p>\n<\/p>\n<p>&#8211; Dimensiuni: 8.3 x 5.7 x 4.5 cm<\/p>","protected":false},"excerpt":{"rendered":"<p>Culoare: Gri Cutie pentru chei imita\u021bie piatr\u0103, 8.3 x 5.7 x 4.5 cm P\u0103streaz\u0103-\u021bi cheia de rezerv\u0103 \u00een siguran\u021b\u0103 \u0219i<\/p>","protected":false},"featured_media":14100,"comment_status":"open","ping_status":"open","template":"","meta":[],"product_brand":[],"product_cat":[99,100,125],"product_tag":[104],"class_list":{"0":"post-14099","1":"product","2":"type-product","3":"status-publish","4":"has-post-thumbnail","6":"product_cat-acasa","7":"product_cat-casa-gradina","8":"product_cat-decoratiuni","9":"product_tag-in-stoc","10":"pa_culoare-gri","12":"first","13":"instock","14":"sale","15":"purchasable","16":"product-type-simple"},"yoast_head":"<!-- This site is optimized with the Yoast SEO plugin v27.2 - https:\/\/yoast.com\/product\/yoast-seo-wordpress\/ -->\n<title>Cutie pentru chei imitatie piatra, 8.3x5.7x4.5cm, Gonga\u00ae | ZOKO<\/title>\n<meta name=\"robots\" content=\"index, follow, max-snippet:-1, max-image-preview:large, max-video-preview:-1\" \/>\n<link rel=\"canonical\" href=\"https:\/\/www.zoko.ro\/en\/p\/cutie-pentru-chei-imitatie-piatra-8-3x5-7x4-5cm-gonga\/\" \/>\n<meta property=\"og:locale\" content=\"en_GB\" \/>\n<meta property=\"og:type\" content=\"article\" \/>\n<meta property=\"og:title\" content=\"Cutie pentru chei imitatie piatra, 8.3x5.7x4.5cm, Gonga\u00ae | ZOKO\" \/>\n<meta property=\"og:description\" content=\"Culoare: Gri Cutie pentru chei imita\u021bie piatr\u0103, 8.3 x 5.7 x 4.5 cm P\u0103streaz\u0103-\u021bi cheia de rezerv\u0103 \u00een siguran\u021b\u0103 \u0219i\" \/>\n<meta property=\"og:url\" content=\"https:\/\/www.zoko.ro\/en\/p\/cutie-pentru-chei-imitatie-piatra-8-3x5-7x4-5cm-gonga\/\" \/>\n<meta property=\"og:site_name\" content=\"ZOKO\" \/>\n<meta property=\"article:publisher\" content=\"https:\/\/www.facebook.com\/profile.php?id=61584344135075\" \/>\n<meta property=\"og:image\" content=\"https:\/\/www.zoko.ro\/wp-content\/uploads\/2025\/07\/cutie-pentru-chei-imitatie-piatra-83x57x45cm-gonga.jpg\" \/>\n\t<meta property=\"og:image:width\" content=\"800\" \/>\n\t<meta property=\"og:image:height\" content=\"800\" \/>\n\t<meta property=\"og:image:type\" content=\"image\/jpeg\" \/>\n<meta name=\"twitter:card\" content=\"summary_large_image\" \/>\n<meta name=\"twitter:label1\" content=\"Estimated reading time\" \/>\n\t<meta name=\"twitter:data1\" content=\"1 minute\" \/>\n<script type=\"application\/ld+json\" class=\"yoast-schema-graph\">{\"@context\":\"https:\/\/schema.org\",\"@graph\":[{\"@type\":\"WebPage\",\"@id\":\"https:\/\/www.zoko.ro\/p\/cutie-pentru-chei-imitatie-piatra-8-3x5-7x4-5cm-gonga\/\",\"url\":\"https:\/\/www.zoko.ro\/p\/cutie-pentru-chei-imitatie-piatra-8-3x5-7x4-5cm-gonga\/\",\"name\":\"Cutie pentru chei imitatie piatra, 8.3x5.7x4.5cm, Gonga\u00ae | ZOKO\",\"isPartOf\":{\"@id\":\"https:\/\/www.zoko.ro\/#website\"},\"primaryImageOfPage\":{\"@id\":\"https:\/\/www.zoko.ro\/p\/cutie-pentru-chei-imitatie-piatra-8-3x5-7x4-5cm-gonga\/#primaryimage\"},\"image\":{\"@id\":\"https:\/\/www.zoko.ro\/p\/cutie-pentru-chei-imitatie-piatra-8-3x5-7x4-5cm-gonga\/#primaryimage\"},\"thumbnailUrl\":\"https:\/\/www.zoko.ro\/wp-content\/uploads\/2025\/07\/cutie-pentru-chei-imitatie-piatra-83x57x45cm-gonga.jpg\",\"datePublished\":\"2026-04-28T21:38:14+00:00\",\"breadcrumb\":{\"@id\":\"https:\/\/www.zoko.ro\/p\/cutie-pentru-chei-imitatie-piatra-8-3x5-7x4-5cm-gonga\/#breadcrumb\"},\"inLanguage\":\"en-GB\",\"potentialAction\":[{\"@type\":\"ReadAction\",\"target\":[\"https:\/\/www.zoko.ro\/p\/cutie-pentru-chei-imitatie-piatra-8-3x5-7x4-5cm-gonga\/\"]}]},{\"@type\":\"ImageObject\",\"inLanguage\":\"en-GB\",\"@id\":\"https:\/\/www.zoko.ro\/p\/cutie-pentru-chei-imitatie-piatra-8-3x5-7x4-5cm-gonga\/#primaryimage\",\"url\":\"https:\/\/www.zoko.ro\/wp-content\/uploads\/2025\/07\/cutie-pentru-chei-imitatie-piatra-83x57x45cm-gonga.jpg\",\"contentUrl\":\"https:\/\/www.zoko.ro\/wp-content\/uploads\/2025\/07\/cutie-pentru-chei-imitatie-piatra-83x57x45cm-gonga.jpg\",\"width\":800,\"height\":800},{\"@type\":\"BreadcrumbList\",\"@id\":\"https:\/\/www.zoko.ro\/p\/cutie-pentru-chei-imitatie-piatra-8-3x5-7x4-5cm-gonga\/#breadcrumb\",\"itemListElement\":[{\"@type\":\"ListItem\",\"position\":1,\"name\":\"Home\",\"item\":\"https:\/\/www.zoko.ro\/\"},{\"@type\":\"ListItem\",\"position\":2,\"name\":\"Magazin\",\"item\":\"https:\/\/www.zoko.ro\/magazin\/\"},{\"@type\":\"ListItem\",\"position\":3,\"name\":\"Cutie pentru chei imitatie piatra, 8.3&#215;5.7&#215;4.5cm, Gonga\u00ae\"}]},{\"@type\":\"WebSite\",\"@id\":\"https:\/\/www.zoko.ro\/#website\",\"url\":\"https:\/\/www.zoko.ro\/\",\"name\":\"ZOKO.ro\",\"description\":\"Cump\u0103r\u0103 inteligent\",\"publisher\":{\"@id\":\"https:\/\/www.zoko.ro\/#organization\"},\"potentialAction\":[{\"@type\":\"SearchAction\",\"target\":{\"@type\":\"EntryPoint\",\"urlTemplate\":\"https:\/\/www.zoko.ro\/?s={search_term_string}\"},\"query-input\":{\"@type\":\"PropertyValueSpecification\",\"valueRequired\":true,\"valueName\":\"search_term_string\"}}],\"inLanguage\":\"en-GB\"},{\"@type\":\"Organization\",\"@id\":\"https:\/\/www.zoko.ro\/#organization\",\"name\":\"ZOKO\",\"url\":\"https:\/\/www.zoko.ro\/\",\"logo\":{\"@type\":\"ImageObject\",\"inLanguage\":\"en-GB\",\"@id\":\"https:\/\/www.zoko.ro\/#\/schema\/logo\/image\/\",\"url\":\"https:\/\/www.zoko.ro\/wp-content\/uploads\/2025\/03\/logo1.svg\",\"contentUrl\":\"https:\/\/www.zoko.ro\/wp-content\/uploads\/2025\/03\/logo1.svg\",\"width\":799,\"height\":216,\"caption\":\"ZOKO\"},\"image\":{\"@id\":\"https:\/\/www.zoko.ro\/#\/schema\/logo\/image\/\"},\"sameAs\":[\"https:\/\/www.facebook.com\/profile.php?id=61584344135075\"]}]}<\/script>\n<!-- \/ Yoast SEO plugin. -->","yoast_head_json":{"title":"Cutie pentru chei imitatie piatra, 8.3x5.7x4.5cm, Gonga\u00ae | ZOKO","robots":{"index":"index","follow":"follow","max-snippet":"max-snippet:-1","max-image-preview":"max-image-preview:large","max-video-preview":"max-video-preview:-1"},"canonical":"https:\/\/www.zoko.ro\/en\/p\/cutie-pentru-chei-imitatie-piatra-8-3x5-7x4-5cm-gonga\/","og_locale":"en_GB","og_type":"article","og_title":"Cutie pentru chei imitatie piatra, 8.3x5.7x4.5cm, Gonga\u00ae | ZOKO","og_description":"Culoare: Gri Cutie pentru chei imita\u021bie piatr\u0103, 8.3 x 5.7 x 4.5 cm P\u0103streaz\u0103-\u021bi cheia de rezerv\u0103 \u00een siguran\u021b\u0103 \u0219i","og_url":"https:\/\/www.zoko.ro\/en\/p\/cutie-pentru-chei-imitatie-piatra-8-3x5-7x4-5cm-gonga\/","og_site_name":"ZOKO","article_publisher":"https:\/\/www.facebook.com\/profile.php?id=61584344135075","og_image":[{"width":800,"height":800,"url":"https:\/\/www.zoko.ro\/wp-content\/uploads\/2025\/07\/cutie-pentru-chei-imitatie-piatra-83x57x45cm-gonga.jpg","type":"image\/jpeg"}],"twitter_card":"summary_large_image","twitter_misc":{"Estimated reading time":"1 minute"},"schema":{"@context":"https:\/\/schema.org","@graph":[{"@type":"WebPage","@id":"https:\/\/www.zoko.ro\/p\/cutie-pentru-chei-imitatie-piatra-8-3x5-7x4-5cm-gonga\/","url":"https:\/\/www.zoko.ro\/p\/cutie-pentru-chei-imitatie-piatra-8-3x5-7x4-5cm-gonga\/","name":"Cutie pentru chei imitatie piatra, 8.3x5.7x4.5cm, Gonga\u00ae | ZOKO","isPartOf":{"@id":"https:\/\/www.zoko.ro\/#website"},"primaryImageOfPage":{"@id":"https:\/\/www.zoko.ro\/p\/cutie-pentru-chei-imitatie-piatra-8-3x5-7x4-5cm-gonga\/#primaryimage"},"image":{"@id":"https:\/\/www.zoko.ro\/p\/cutie-pentru-chei-imitatie-piatra-8-3x5-7x4-5cm-gonga\/#primaryimage"},"thumbnailUrl":"https:\/\/www.zoko.ro\/wp-content\/uploads\/2025\/07\/cutie-pentru-chei-imitatie-piatra-83x57x45cm-gonga.jpg","datePublished":"2026-04-28T21:38:14+00:00","breadcrumb":{"@id":"https:\/\/www.zoko.ro\/p\/cutie-pentru-chei-imitatie-piatra-8-3x5-7x4-5cm-gonga\/#breadcrumb"},"inLanguage":"en-GB","potentialAction":[{"@type":"ReadAction","target":["https:\/\/www.zoko.ro\/p\/cutie-pentru-chei-imitatie-piatra-8-3x5-7x4-5cm-gonga\/"]}]},{"@type":"ImageObject","inLanguage":"en-GB","@id":"https:\/\/www.zoko.ro\/p\/cutie-pentru-chei-imitatie-piatra-8-3x5-7x4-5cm-gonga\/#primaryimage","url":"https:\/\/www.zoko.ro\/wp-content\/uploads\/2025\/07\/cutie-pentru-chei-imitatie-piatra-83x57x45cm-gonga.jpg","contentUrl":"https:\/\/www.zoko.ro\/wp-content\/uploads\/2025\/07\/cutie-pentru-chei-imitatie-piatra-83x57x45cm-gonga.jpg","width":800,"height":800},{"@type":"BreadcrumbList","@id":"https:\/\/www.zoko.ro\/p\/cutie-pentru-chei-imitatie-piatra-8-3x5-7x4-5cm-gonga\/#breadcrumb","itemListElement":[{"@type":"ListItem","position":1,"name":"Home","item":"https:\/\/www.zoko.ro\/"},{"@type":"ListItem","position":2,"name":"Magazin","item":"https:\/\/www.zoko.ro\/magazin\/"},{"@type":"ListItem","position":3,"name":"Cutie pentru chei imitatie piatra, 8.3&#215;5.7&#215;4.5cm, Gonga\u00ae"}]},{"@type":"WebSite","@id":"https:\/\/www.zoko.ro\/#website","url":"https:\/\/www.zoko.ro\/","name":"ZOKO.ro","description":"Cump\u0103r\u0103 inteligent","publisher":{"@id":"https:\/\/www.zoko.ro\/#organization"},"potentialAction":[{"@type":"SearchAction","target":{"@type":"EntryPoint","urlTemplate":"https:\/\/www.zoko.ro\/?s={search_term_string}"},"query-input":{"@type":"PropertyValueSpecification","valueRequired":true,"valueName":"search_term_string"}}],"inLanguage":"en-GB"},{"@type":"Organization","@id":"https:\/\/www.zoko.ro\/#organization","name":"ZOKO","url":"https:\/\/www.zoko.ro\/","logo":{"@type":"ImageObject","inLanguage":"en-GB","@id":"https:\/\/www.zoko.ro\/#\/schema\/logo\/image\/","url":"https:\/\/www.zoko.ro\/wp-content\/uploads\/2025\/03\/logo1.svg","contentUrl":"https:\/\/www.zoko.ro\/wp-content\/uploads\/2025\/03\/logo1.svg","width":799,"height":216,"caption":"ZOKO"},"image":{"@id":"https:\/\/www.zoko.ro\/#\/schema\/logo\/image\/"},"sameAs":["https:\/\/www.facebook.com\/profile.php?id=61584344135075"]}]}},"_links":{"self":[{"href":"https:\/\/www.zoko.ro\/en\/wp-json\/wp\/v2\/product\/14099","targetHints":{"allow":["GET"]}}],"collection":[{"href":"https:\/\/www.zoko.ro\/en\/wp-json\/wp\/v2\/product"}],"about":[{"href":"https:\/\/www.zoko.ro\/en\/wp-json\/wp\/v2\/types\/product"}],"replies":[{"embeddable":true,"href":"https:\/\/www.zoko.ro\/en\/wp-json\/wp\/v2\/comments?post=14099"}],"version-history":[{"count":1,"href":"https:\/\/www.zoko.ro\/en\/wp-json\/wp\/v2\/product\/14099\/revisions"}],"predecessor-version":[{"id":14142,"href":"https:\/\/www.zoko.ro\/en\/wp-json\/wp\/v2\/product\/14099\/revisions\/14142"}],"wp:featuredmedia":[{"embeddable":true,"href":"https:\/\/www.zoko.ro\/en\/wp-json\/wp\/v2\/media\/14100"}],"wp:attachment":[{"href":"https:\/\/www.zoko.ro\/en\/wp-json\/wp\/v2\/media?parent=14099"}],"wp:term":[{"taxonomy":"product_brand","embeddable":true,"href":"https:\/\/www.zoko.ro\/en\/wp-json\/wp\/v2\/product_brand?post=14099"},{"taxonomy":"product_cat","embeddable":true,"href":"https:\/\/www.zoko.ro\/en\/wp-json\/wp\/v2\/product_cat?post=14099"},{"taxonomy":"product_tag","embeddable":true,"href":"https:\/\/www.zoko.ro\/en\/wp-json\/wp\/v2\/product_tag?post=14099"}],"curies":[{"name":"wp","href":"https:\/\/api.w.org\/{rel}","templated":true}]}}