{"id":14104,"date":"2026-04-28T23:38:14","date_gmt":"2026-04-28T21:38:14","guid":{"rendered":"https:\/\/www.zoko.ro\/?post_type=product&#038;p=14104"},"modified":"2026-04-28T23:38:14","modified_gmt":"2026-04-28T21:38:14","slug":"sticla-de-cafea-si-ceai-ceasca-cu-maner-500-ml-gonga","status":"publish","type":"product","link":"https:\/\/www.zoko.ro\/en\/p\/sticla-de-cafea-si-ceai-ceasca-cu-maner-500-ml-gonga\/","title":{"rendered":"Sticl\u0103 de cafea \u0219i ceai, cea\u0219c\u0103 cu m\u00e2ner, 500 ml, Gonga\u00ae"},"content":{"rendered":"<p><strong>Culoare:<\/strong> Negru<\/p>\n<p><strong>Sticl\u0103 pentru cafea \u0219i ceai, cu m\u00e2ner \u2013 500 ml<\/strong><\/p>\n<p><img loading=\"lazy\" decoding=\"async\" src=\"https:\/\/gonga.ro\/img\/cms\/Sticl%C4%83%20de%20cafea%20%C8%99i%20ceai,%20cea%C8%99c%C4%83%20cu%20m%C3%A2ner,%20neagr%C4%83,%20500%20ml,%20Noem%C2%AE.jpg\" alt=\"\" width=\"800\" height=\"800\" \/><\/p>\n<p>Savureaz\u0103 b\u0103utura preferat\u0103 oriunde te-ai afla cu aceast\u0103 sticl\u0103 practic\u0103 \u0219i elegant\u0103 de 500 ml, ideal\u0103 pentru cafea, ceai sau alte b\u0103uturi calde ori reci. Conceput\u0103 sub forma unei ce\u0219ti cu m\u00e2ner ergonomic, \u00eembin\u0103 designul modern cu func\u021bionalitatea zilnic\u0103.<\/p>\n<p>Confec\u021bionat\u0103 din material rezistent la temperaturi ridicate, sticla men\u021bine b\u0103utura la temperatura optim\u0103 pentru mai mult timp. M\u00e2nerul solid asigur\u0103 o prindere confortabil\u0103, iar capacitatea de 500 ml este perfect\u0103 pentru por\u021bia ta generoas\u0103 de energie din fiecare diminea\u021b\u0103.<\/p>\n<p>Ideal\u0103 pentru acas\u0103, birou sau \u00een deplas\u0103ri, aceast\u0103 sticl\u0103 este at\u00e2t un accesoriu util, c\u00e2t \u0219i un obiect cu design pl\u0103cut.<\/p>\n<p><img loading=\"lazy\" decoding=\"async\" src=\"https:\/\/gonga.ro\/img\/cms\/Sticl%C4%83%20de%20cafea%20%C8%99i%20ceai,%20cea%C8%99c%C4%83%20cu%20m%C3%A2ner,%20neagr%C4%83,%20500%20ml,%20Noem%C2%AE3.jpg\" alt=\"\" width=\"800\" height=\"800\" \/><\/p>\n<p><strong>Caracteristici principale:<\/strong><\/p>\n<ul>\n<li>Potrivit\u0103 pentru cafea, ceai \u0219i alte b\u0103uturi<\/li>\n<li>Design tip cea\u0219c\u0103, cu m\u00e2ner confortabil<\/li>\n<li>Material rezistent la c\u0103ldur\u0103<\/li>\n<li>Reutilizabil\u0103 \u0219i u\u0219or de cur\u0103\u021bat<\/li>\n<\/ul>\n<p><strong><img loading=\"lazy\" decoding=\"async\" src=\"https:\/\/gonga.ro\/img\/cms\/Sticl%C4%83%20de%20cafea%20%C8%99i%20ceai,%20cea%C8%99c%C4%83%20cu%20m%C3%A2ner,%20neagr%C4%83,%20500%20ml,%20Noem%C2%AE2.jpg\" alt=\"\" width=\"800\" height=\"800\" \/><\/strong><\/p>\n<p><strong>Cur\u0103\u021bare:<\/strong><\/p>\n<ul>\n<li>Produsul este destinat sp\u0103l\u0103rii manuale \u00een ap\u0103 cald\u0103, dar nu fierbinte.<\/li>\n<li>Nu sp\u0103la\u021bi \u00een ma\u0219ina de sp\u0103lat vase, nu congela\u021bi, nu fierbe\u021bi, nu \u00eenc\u0103lzi\u021bi la microunde,<\/li>\n<li>Nu folosi\u021bi agen\u021bi de cur\u0103\u021bare puternici \u0219i lavete dure.<\/li>\n<\/ul>\n<p><strong><img loading=\"lazy\" decoding=\"async\" src=\"https:\/\/gonga.ro\/img\/cms\/Sticl%C4%83%20de%20cafea%20%C8%99i%20ceai,%20cea%C8%99c%C4%83%20cu%20m%C3%A2ner,%20neagr%C4%83,%20500%20ml,%20Noem%C2%AE1.jpg\" alt=\"\" width=\"800\" height=\"800\" \/><\/strong><\/p>\n<p><strong>Specifica\u021bii:<\/strong><\/p>\n<\/p>\n<p>&#8211; Capacitate:\u00a0 500 ml\u00a0<\/p>\n<p>&#8211; \u00cen\u0103l\u021bime: 14 cm<\/p>\n<p>&#8211; Diametru: 7,5 cm<\/p>\n<p>&#8211; Material: Sticl\u0103 borosilicat\u0103<\/p>","protected":false},"excerpt":{"rendered":"<p>Culoare: Negru Sticl\u0103 pentru cafea \u0219i ceai, cu m\u00e2ner \u2013 500 ml Savureaz\u0103 b\u0103utura preferat\u0103 oriunde te-ai afla cu aceast\u0103<\/p>","protected":false},"featured_media":14105,"comment_status":"open","ping_status":"open","template":"","meta":[],"product_brand":[],"product_cat":[99,107,100,154],"product_tag":[104],"class_list":{"0":"post-14104","1":"product","2":"type-product","3":"status-publish","4":"has-post-thumbnail","6":"product_cat-acasa","7":"product_cat-bucatarie-si-servire","8":"product_cat-casa-gradina","9":"product_cat-ceainice-si-infuzoare","10":"product_tag-in-stoc","11":"pa_culoare-negru","13":"first","14":"instock","15":"sale","16":"purchasable","17":"product-type-simple"},"yoast_head":"<!-- This site is optimized with the Yoast SEO plugin v27.2 - https:\/\/yoast.com\/product\/yoast-seo-wordpress\/ -->\n<title>Sticl\u0103 de cafea \u0219i ceai, cea\u0219c\u0103 cu m\u00e2ner, 500 ml, Gonga\u00ae | ZOKO<\/title>\n<meta name=\"robots\" content=\"index, follow, max-snippet:-1, max-image-preview:large, max-video-preview:-1\" \/>\n<link rel=\"canonical\" href=\"https:\/\/www.zoko.ro\/en\/p\/sticla-de-cafea-si-ceai-ceasca-cu-maner-500-ml-gonga\/\" \/>\n<meta property=\"og:locale\" content=\"en_GB\" \/>\n<meta property=\"og:type\" content=\"article\" \/>\n<meta property=\"og:title\" content=\"Sticl\u0103 de cafea \u0219i ceai, cea\u0219c\u0103 cu m\u00e2ner, 500 ml, Gonga\u00ae | ZOKO\" \/>\n<meta property=\"og:description\" content=\"Culoare: Negru Sticl\u0103 pentru cafea \u0219i ceai, cu m\u00e2ner \u2013 500 ml Savureaz\u0103 b\u0103utura preferat\u0103 oriunde te-ai afla cu aceast\u0103\" \/>\n<meta property=\"og:url\" content=\"https:\/\/www.zoko.ro\/en\/p\/sticla-de-cafea-si-ceai-ceasca-cu-maner-500-ml-gonga\/\" \/>\n<meta property=\"og:site_name\" content=\"ZOKO\" \/>\n<meta property=\"article:publisher\" content=\"https:\/\/www.facebook.com\/profile.php?id=61584344135075\" \/>\n<meta property=\"og:image\" content=\"https:\/\/www.zoko.ro\/wp-content\/uploads\/2025\/07\/sticla-de-cafea-i-ceai-ceaca-cu-maner-500-ml-gonga.jpg\" \/>\n\t<meta property=\"og:image:width\" content=\"800\" \/>\n\t<meta property=\"og:image:height\" content=\"800\" \/>\n\t<meta property=\"og:image:type\" content=\"image\/png\" \/>\n<meta name=\"twitter:card\" content=\"summary_large_image\" \/>\n<meta name=\"twitter:label1\" content=\"Estimated reading time\" \/>\n\t<meta name=\"twitter:data1\" content=\"1 minute\" \/>\n<script type=\"application\/ld+json\" class=\"yoast-schema-graph\">{\"@context\":\"https:\/\/schema.org\",\"@graph\":[{\"@type\":\"WebPage\",\"@id\":\"https:\/\/www.zoko.ro\/p\/sticla-de-cafea-si-ceai-ceasca-cu-maner-500-ml-gonga\/\",\"url\":\"https:\/\/www.zoko.ro\/p\/sticla-de-cafea-si-ceai-ceasca-cu-maner-500-ml-gonga\/\",\"name\":\"Sticl\u0103 de cafea \u0219i ceai, cea\u0219c\u0103 cu m\u00e2ner, 500 ml, Gonga\u00ae | ZOKO\",\"isPartOf\":{\"@id\":\"https:\/\/www.zoko.ro\/#website\"},\"primaryImageOfPage\":{\"@id\":\"https:\/\/www.zoko.ro\/p\/sticla-de-cafea-si-ceai-ceasca-cu-maner-500-ml-gonga\/#primaryimage\"},\"image\":{\"@id\":\"https:\/\/www.zoko.ro\/p\/sticla-de-cafea-si-ceai-ceasca-cu-maner-500-ml-gonga\/#primaryimage\"},\"thumbnailUrl\":\"https:\/\/www.zoko.ro\/wp-content\/uploads\/2025\/07\/sticla-de-cafea-i-ceai-ceaca-cu-maner-500-ml-gonga.jpg\",\"datePublished\":\"2026-04-28T21:38:14+00:00\",\"breadcrumb\":{\"@id\":\"https:\/\/www.zoko.ro\/p\/sticla-de-cafea-si-ceai-ceasca-cu-maner-500-ml-gonga\/#breadcrumb\"},\"inLanguage\":\"en-GB\",\"potentialAction\":[{\"@type\":\"ReadAction\",\"target\":[\"https:\/\/www.zoko.ro\/p\/sticla-de-cafea-si-ceai-ceasca-cu-maner-500-ml-gonga\/\"]}]},{\"@type\":\"ImageObject\",\"inLanguage\":\"en-GB\",\"@id\":\"https:\/\/www.zoko.ro\/p\/sticla-de-cafea-si-ceai-ceasca-cu-maner-500-ml-gonga\/#primaryimage\",\"url\":\"https:\/\/www.zoko.ro\/wp-content\/uploads\/2025\/07\/sticla-de-cafea-i-ceai-ceaca-cu-maner-500-ml-gonga.jpg\",\"contentUrl\":\"https:\/\/www.zoko.ro\/wp-content\/uploads\/2025\/07\/sticla-de-cafea-i-ceai-ceaca-cu-maner-500-ml-gonga.jpg\",\"width\":800,\"height\":800},{\"@type\":\"BreadcrumbList\",\"@id\":\"https:\/\/www.zoko.ro\/p\/sticla-de-cafea-si-ceai-ceasca-cu-maner-500-ml-gonga\/#breadcrumb\",\"itemListElement\":[{\"@type\":\"ListItem\",\"position\":1,\"name\":\"Home\",\"item\":\"https:\/\/www.zoko.ro\/\"},{\"@type\":\"ListItem\",\"position\":2,\"name\":\"Magazin\",\"item\":\"https:\/\/www.zoko.ro\/magazin\/\"},{\"@type\":\"ListItem\",\"position\":3,\"name\":\"Sticl\u0103 de cafea \u0219i ceai, cea\u0219c\u0103 cu m\u00e2ner, 500 ml, Gonga\u00ae\"}]},{\"@type\":\"WebSite\",\"@id\":\"https:\/\/www.zoko.ro\/#website\",\"url\":\"https:\/\/www.zoko.ro\/\",\"name\":\"ZOKO.ro\",\"description\":\"Cump\u0103r\u0103 inteligent\",\"publisher\":{\"@id\":\"https:\/\/www.zoko.ro\/#organization\"},\"potentialAction\":[{\"@type\":\"SearchAction\",\"target\":{\"@type\":\"EntryPoint\",\"urlTemplate\":\"https:\/\/www.zoko.ro\/?s={search_term_string}\"},\"query-input\":{\"@type\":\"PropertyValueSpecification\",\"valueRequired\":true,\"valueName\":\"search_term_string\"}}],\"inLanguage\":\"en-GB\"},{\"@type\":\"Organization\",\"@id\":\"https:\/\/www.zoko.ro\/#organization\",\"name\":\"ZOKO\",\"url\":\"https:\/\/www.zoko.ro\/\",\"logo\":{\"@type\":\"ImageObject\",\"inLanguage\":\"en-GB\",\"@id\":\"https:\/\/www.zoko.ro\/#\/schema\/logo\/image\/\",\"url\":\"https:\/\/www.zoko.ro\/wp-content\/uploads\/2025\/03\/logo1.svg\",\"contentUrl\":\"https:\/\/www.zoko.ro\/wp-content\/uploads\/2025\/03\/logo1.svg\",\"width\":799,\"height\":216,\"caption\":\"ZOKO\"},\"image\":{\"@id\":\"https:\/\/www.zoko.ro\/#\/schema\/logo\/image\/\"},\"sameAs\":[\"https:\/\/www.facebook.com\/profile.php?id=61584344135075\"]}]}<\/script>\n<!-- \/ Yoast SEO plugin. -->","yoast_head_json":{"title":"Sticl\u0103 de cafea \u0219i ceai, cea\u0219c\u0103 cu m\u00e2ner, 500 ml, Gonga\u00ae | ZOKO","robots":{"index":"index","follow":"follow","max-snippet":"max-snippet:-1","max-image-preview":"max-image-preview:large","max-video-preview":"max-video-preview:-1"},"canonical":"https:\/\/www.zoko.ro\/en\/p\/sticla-de-cafea-si-ceai-ceasca-cu-maner-500-ml-gonga\/","og_locale":"en_GB","og_type":"article","og_title":"Sticl\u0103 de cafea \u0219i ceai, cea\u0219c\u0103 cu m\u00e2ner, 500 ml, Gonga\u00ae | ZOKO","og_description":"Culoare: Negru Sticl\u0103 pentru cafea \u0219i ceai, cu m\u00e2ner \u2013 500 ml Savureaz\u0103 b\u0103utura preferat\u0103 oriunde te-ai afla cu aceast\u0103","og_url":"https:\/\/www.zoko.ro\/en\/p\/sticla-de-cafea-si-ceai-ceasca-cu-maner-500-ml-gonga\/","og_site_name":"ZOKO","article_publisher":"https:\/\/www.facebook.com\/profile.php?id=61584344135075","og_image":[{"width":800,"height":800,"url":"https:\/\/www.zoko.ro\/wp-content\/uploads\/2025\/07\/sticla-de-cafea-i-ceai-ceaca-cu-maner-500-ml-gonga.jpg","type":"image\/png"}],"twitter_card":"summary_large_image","twitter_misc":{"Estimated reading time":"1 minute"},"schema":{"@context":"https:\/\/schema.org","@graph":[{"@type":"WebPage","@id":"https:\/\/www.zoko.ro\/p\/sticla-de-cafea-si-ceai-ceasca-cu-maner-500-ml-gonga\/","url":"https:\/\/www.zoko.ro\/p\/sticla-de-cafea-si-ceai-ceasca-cu-maner-500-ml-gonga\/","name":"Sticl\u0103 de cafea \u0219i ceai, cea\u0219c\u0103 cu m\u00e2ner, 500 ml, Gonga\u00ae | ZOKO","isPartOf":{"@id":"https:\/\/www.zoko.ro\/#website"},"primaryImageOfPage":{"@id":"https:\/\/www.zoko.ro\/p\/sticla-de-cafea-si-ceai-ceasca-cu-maner-500-ml-gonga\/#primaryimage"},"image":{"@id":"https:\/\/www.zoko.ro\/p\/sticla-de-cafea-si-ceai-ceasca-cu-maner-500-ml-gonga\/#primaryimage"},"thumbnailUrl":"https:\/\/www.zoko.ro\/wp-content\/uploads\/2025\/07\/sticla-de-cafea-i-ceai-ceaca-cu-maner-500-ml-gonga.jpg","datePublished":"2026-04-28T21:38:14+00:00","breadcrumb":{"@id":"https:\/\/www.zoko.ro\/p\/sticla-de-cafea-si-ceai-ceasca-cu-maner-500-ml-gonga\/#breadcrumb"},"inLanguage":"en-GB","potentialAction":[{"@type":"ReadAction","target":["https:\/\/www.zoko.ro\/p\/sticla-de-cafea-si-ceai-ceasca-cu-maner-500-ml-gonga\/"]}]},{"@type":"ImageObject","inLanguage":"en-GB","@id":"https:\/\/www.zoko.ro\/p\/sticla-de-cafea-si-ceai-ceasca-cu-maner-500-ml-gonga\/#primaryimage","url":"https:\/\/www.zoko.ro\/wp-content\/uploads\/2025\/07\/sticla-de-cafea-i-ceai-ceaca-cu-maner-500-ml-gonga.jpg","contentUrl":"https:\/\/www.zoko.ro\/wp-content\/uploads\/2025\/07\/sticla-de-cafea-i-ceai-ceaca-cu-maner-500-ml-gonga.jpg","width":800,"height":800},{"@type":"BreadcrumbList","@id":"https:\/\/www.zoko.ro\/p\/sticla-de-cafea-si-ceai-ceasca-cu-maner-500-ml-gonga\/#breadcrumb","itemListElement":[{"@type":"ListItem","position":1,"name":"Home","item":"https:\/\/www.zoko.ro\/"},{"@type":"ListItem","position":2,"name":"Magazin","item":"https:\/\/www.zoko.ro\/magazin\/"},{"@type":"ListItem","position":3,"name":"Sticl\u0103 de cafea \u0219i ceai, cea\u0219c\u0103 cu m\u00e2ner, 500 ml, Gonga\u00ae"}]},{"@type":"WebSite","@id":"https:\/\/www.zoko.ro\/#website","url":"https:\/\/www.zoko.ro\/","name":"ZOKO.ro","description":"Cump\u0103r\u0103 inteligent","publisher":{"@id":"https:\/\/www.zoko.ro\/#organization"},"potentialAction":[{"@type":"SearchAction","target":{"@type":"EntryPoint","urlTemplate":"https:\/\/www.zoko.ro\/?s={search_term_string}"},"query-input":{"@type":"PropertyValueSpecification","valueRequired":true,"valueName":"search_term_string"}}],"inLanguage":"en-GB"},{"@type":"Organization","@id":"https:\/\/www.zoko.ro\/#organization","name":"ZOKO","url":"https:\/\/www.zoko.ro\/","logo":{"@type":"ImageObject","inLanguage":"en-GB","@id":"https:\/\/www.zoko.ro\/#\/schema\/logo\/image\/","url":"https:\/\/www.zoko.ro\/wp-content\/uploads\/2025\/03\/logo1.svg","contentUrl":"https:\/\/www.zoko.ro\/wp-content\/uploads\/2025\/03\/logo1.svg","width":799,"height":216,"caption":"ZOKO"},"image":{"@id":"https:\/\/www.zoko.ro\/#\/schema\/logo\/image\/"},"sameAs":["https:\/\/www.facebook.com\/profile.php?id=61584344135075"]}]}},"_links":{"self":[{"href":"https:\/\/www.zoko.ro\/en\/wp-json\/wp\/v2\/product\/14104","targetHints":{"allow":["GET"]}}],"collection":[{"href":"https:\/\/www.zoko.ro\/en\/wp-json\/wp\/v2\/product"}],"about":[{"href":"https:\/\/www.zoko.ro\/en\/wp-json\/wp\/v2\/types\/product"}],"replies":[{"embeddable":true,"href":"https:\/\/www.zoko.ro\/en\/wp-json\/wp\/v2\/comments?post=14104"}],"version-history":[{"count":1,"href":"https:\/\/www.zoko.ro\/en\/wp-json\/wp\/v2\/product\/14104\/revisions"}],"predecessor-version":[{"id":14143,"href":"https:\/\/www.zoko.ro\/en\/wp-json\/wp\/v2\/product\/14104\/revisions\/14143"}],"wp:featuredmedia":[{"embeddable":true,"href":"https:\/\/www.zoko.ro\/en\/wp-json\/wp\/v2\/media\/14105"}],"wp:attachment":[{"href":"https:\/\/www.zoko.ro\/en\/wp-json\/wp\/v2\/media?parent=14104"}],"wp:term":[{"taxonomy":"product_brand","embeddable":true,"href":"https:\/\/www.zoko.ro\/en\/wp-json\/wp\/v2\/product_brand?post=14104"},{"taxonomy":"product_cat","embeddable":true,"href":"https:\/\/www.zoko.ro\/en\/wp-json\/wp\/v2\/product_cat?post=14104"},{"taxonomy":"product_tag","embeddable":true,"href":"https:\/\/www.zoko.ro\/en\/wp-json\/wp\/v2\/product_tag?post=14104"}],"curies":[{"name":"wp","href":"https:\/\/api.w.org\/{rel}","templated":true}]}}