{"id":14114,"date":"2026-04-28T23:38:15","date_gmt":"2026-04-28T21:38:15","guid":{"rendered":"https:\/\/www.zoko.ro\/?post_type=product&#038;p=14114"},"modified":"2026-04-28T23:38:15","modified_gmt":"2026-04-28T21:38:15","slug":"umbrela-automata-eleganta-impermeabila-diametru-98-cmsmile-gonga","status":"publish","type":"product","link":"https:\/\/www.zoko.ro\/en\/p\/umbrela-automata-eleganta-impermeabila-diametru-98-cmsmile-gonga\/","title":{"rendered":"Umbrel\u0103 automat\u0103 elegant\u0103, impermeabil\u0103, diametru 98 cm,&#8221;Smile&#8221;, Gonga\u00ae"},"content":{"rendered":"<p><strong>Culoare:<\/strong> Crem<\/p>\n<p><strong>Umbrel\u0103 automat\u0103 elegant\u0103 \u201eSmile\u201d, impermeabil\u0103 \u2013 diametru 98 cm<\/strong><\/p>\n<p><img loading=\"lazy\" decoding=\"async\" src=\"https:\/\/gonga.ro\/img\/cms\/Umbrel%C4%83%20automat%C4%83%20elegant%C4%83,%20impermeabil%C4%83,%20diametru%2098%20cm,Smile,%20Noem%C2%AE1.jpg\" alt=\"\" width=\"800\" height=\"800\" \/><\/p>\n<p>\u00cenfrunt\u0103 zilele ploioase cu z\u00e2mbetul pe buze datorit\u0103 umbrelei automate \u201eSmile\u201d, care \u00eembin\u0103 elegan\u021ba clasic\u0103 cu un detaliu vesel \u0219i original. Cu un diametru de 98 cm, ofer\u0103 protec\u021bie optim\u0103 \u00eempotriva ploii, fiind suficient de mare pentru o acoperire confortabil\u0103, dar u\u0219or de transportat.<\/p>\n<p>Sistemul automat de deschidere permite utilizarea rapid\u0103 cu o singur\u0103 ap\u0103sare de buton, ideal pentru momentele c\u00e2nd e\u0219ti pe fug\u0103. Materialul impermeabil de \u00eenalt\u0103 calitate \u0219i cadrul rezistent asigur\u0103 durabilitate \u0219i protec\u021bie \u00een condi\u021bii de v\u00e2nt u\u0219or sau ploaie intens\u0103.<\/p>\n<p>Designul este completat de un detaliu simpatic \u2013 inscrip\u021bia \u201eSmile\u201d, care adaug\u0103 o not\u0103 pozitiv\u0103 \u0219i un strop de bun\u0103 dispozi\u021bie \u00een orice zi mohor\u00e2t\u0103.<\/p>\n<p><img loading=\"lazy\" decoding=\"async\" src=\"https:\/\/gonga.ro\/img\/cms\/Umbrel%C4%83%20automat%C4%83%20elegant%C4%83,%20impermeabil%C4%83,%20diametru%2098%20cm,Smile,%20Noem%C2%AE2.jpg\" alt=\"\" width=\"800\" height=\"800\" \/><\/p>\n<p><strong>Caracteristici principale:<\/strong><\/p>\n<p>Sistem automat de deschidere<\/p>\n<p>Material impermeabil, de calitate<\/p>\n<p>Cadru rezistent \u0219i durabil<\/p>\n<p>Design elegant cu mesaj pozitiv \u201eSmile\u201d<\/p>\n<p><img loading=\"lazy\" decoding=\"async\" src=\"https:\/\/gonga.ro\/img\/cms\/Umbrel%C4%83%20automat%C4%83%20elegant%C4%83,%20impermeabil%C4%83,%20diametru%2098%20cm,Smile,%20Noem%C2%AE.jpg\" alt=\"\" width=\"800\" height=\"800\" \/><\/p>\n<\/p>\n<p><strong>Specificatii:<\/strong><\/p>\n<\/p>\n<p>&#8211; Diametrul umbrelei atunci c\u00e2nd este deschis\u0103 este de 98 cm<\/p>\n<p>&#8211; Lungimea m\u0103surat\u0103 de la m\u00e2ner este de 66 cm, iar pliat\u0103 de 28 cm.<\/p>\n<p>&#8211; Greutate : 330 g<\/p>","protected":false},"excerpt":{"rendered":"<p>Culoare: Crem Umbrel\u0103 automat\u0103 elegant\u0103 \u201eSmile\u201d, impermeabil\u0103 \u2013 diametru 98 cm \u00cenfrunt\u0103 zilele ploioase cu z\u00e2mbetul pe buze datorit\u0103 umbrelei<\/p>","protected":false},"featured_media":14115,"comment_status":"open","ping_status":"open","template":"","meta":[],"product_brand":[],"product_cat":[99,106,188],"product_tag":[104],"class_list":{"0":"post-14114","1":"product","2":"type-product","3":"status-publish","4":"has-post-thumbnail","6":"product_cat-acasa","7":"product_cat-fashion-accesorii","8":"product_cat-umbrele","9":"product_tag-in-stoc","10":"pa_culoare-crem","12":"first","13":"instock","14":"sale","15":"purchasable","16":"product-type-simple"},"yoast_head":"<!-- This site is optimized with the Yoast SEO plugin v27.2 - https:\/\/yoast.com\/product\/yoast-seo-wordpress\/ -->\n<title>Umbrel\u0103 automat\u0103 elegant\u0103, impermeabil\u0103, diametru 98 cm,&quot;Smile&quot;, Gonga\u00ae | ZOKO<\/title>\n<meta name=\"robots\" content=\"index, follow, max-snippet:-1, max-image-preview:large, max-video-preview:-1\" \/>\n<link rel=\"canonical\" href=\"https:\/\/www.zoko.ro\/en\/p\/umbrela-automata-eleganta-impermeabila-diametru-98-cmsmile-gonga\/\" \/>\n<meta property=\"og:locale\" content=\"en_GB\" \/>\n<meta property=\"og:type\" content=\"article\" \/>\n<meta property=\"og:title\" content=\"Umbrel\u0103 automat\u0103 elegant\u0103, impermeabil\u0103, diametru 98 cm,&quot;Smile&quot;, Gonga\u00ae | ZOKO\" \/>\n<meta property=\"og:description\" content=\"Culoare: Crem Umbrel\u0103 automat\u0103 elegant\u0103 \u201eSmile\u201d, impermeabil\u0103 \u2013 diametru 98 cm \u00cenfrunt\u0103 zilele ploioase cu z\u00e2mbetul pe buze datorit\u0103 umbrelei\" \/>\n<meta property=\"og:url\" content=\"https:\/\/www.zoko.ro\/en\/p\/umbrela-automata-eleganta-impermeabila-diametru-98-cmsmile-gonga\/\" \/>\n<meta property=\"og:site_name\" content=\"ZOKO\" \/>\n<meta property=\"article:publisher\" content=\"https:\/\/www.facebook.com\/profile.php?id=61584344135075\" \/>\n<meta property=\"og:image\" content=\"https:\/\/www.zoko.ro\/wp-content\/uploads\/2025\/07\/umbrela-automata-eleganta-impermeabila-diametru-98-cmsmile-gonga.jpg\" \/>\n\t<meta property=\"og:image:width\" content=\"800\" \/>\n\t<meta property=\"og:image:height\" content=\"800\" \/>\n\t<meta property=\"og:image:type\" content=\"image\/jpeg\" \/>\n<meta name=\"twitter:card\" content=\"summary_large_image\" \/>\n<meta name=\"twitter:label1\" content=\"Estimated reading time\" \/>\n\t<meta name=\"twitter:data1\" content=\"1 minute\" \/>\n<script type=\"application\/ld+json\" class=\"yoast-schema-graph\">{\"@context\":\"https:\/\/schema.org\",\"@graph\":[{\"@type\":\"WebPage\",\"@id\":\"https:\/\/www.zoko.ro\/p\/umbrela-automata-eleganta-impermeabila-diametru-98-cmsmile-gonga\/\",\"url\":\"https:\/\/www.zoko.ro\/p\/umbrela-automata-eleganta-impermeabila-diametru-98-cmsmile-gonga\/\",\"name\":\"Umbrel\u0103 automat\u0103 elegant\u0103, impermeabil\u0103, diametru 98 cm,\\\"Smile\\\", Gonga\u00ae | ZOKO\",\"isPartOf\":{\"@id\":\"https:\/\/www.zoko.ro\/#website\"},\"primaryImageOfPage\":{\"@id\":\"https:\/\/www.zoko.ro\/p\/umbrela-automata-eleganta-impermeabila-diametru-98-cmsmile-gonga\/#primaryimage\"},\"image\":{\"@id\":\"https:\/\/www.zoko.ro\/p\/umbrela-automata-eleganta-impermeabila-diametru-98-cmsmile-gonga\/#primaryimage\"},\"thumbnailUrl\":\"https:\/\/www.zoko.ro\/wp-content\/uploads\/2025\/07\/umbrela-automata-eleganta-impermeabila-diametru-98-cmsmile-gonga.jpg\",\"datePublished\":\"2026-04-28T21:38:15+00:00\",\"breadcrumb\":{\"@id\":\"https:\/\/www.zoko.ro\/p\/umbrela-automata-eleganta-impermeabila-diametru-98-cmsmile-gonga\/#breadcrumb\"},\"inLanguage\":\"en-GB\",\"potentialAction\":[{\"@type\":\"ReadAction\",\"target\":[\"https:\/\/www.zoko.ro\/p\/umbrela-automata-eleganta-impermeabila-diametru-98-cmsmile-gonga\/\"]}]},{\"@type\":\"ImageObject\",\"inLanguage\":\"en-GB\",\"@id\":\"https:\/\/www.zoko.ro\/p\/umbrela-automata-eleganta-impermeabila-diametru-98-cmsmile-gonga\/#primaryimage\",\"url\":\"https:\/\/www.zoko.ro\/wp-content\/uploads\/2025\/07\/umbrela-automata-eleganta-impermeabila-diametru-98-cmsmile-gonga.jpg\",\"contentUrl\":\"https:\/\/www.zoko.ro\/wp-content\/uploads\/2025\/07\/umbrela-automata-eleganta-impermeabila-diametru-98-cmsmile-gonga.jpg\",\"width\":800,\"height\":800},{\"@type\":\"BreadcrumbList\",\"@id\":\"https:\/\/www.zoko.ro\/p\/umbrela-automata-eleganta-impermeabila-diametru-98-cmsmile-gonga\/#breadcrumb\",\"itemListElement\":[{\"@type\":\"ListItem\",\"position\":1,\"name\":\"Home\",\"item\":\"https:\/\/www.zoko.ro\/\"},{\"@type\":\"ListItem\",\"position\":2,\"name\":\"Magazin\",\"item\":\"https:\/\/www.zoko.ro\/magazin\/\"},{\"@type\":\"ListItem\",\"position\":3,\"name\":\"Umbrel\u0103 automat\u0103 elegant\u0103, impermeabil\u0103, diametru 98 cm,&#8221;Smile&#8221;, Gonga\u00ae\"}]},{\"@type\":\"WebSite\",\"@id\":\"https:\/\/www.zoko.ro\/#website\",\"url\":\"https:\/\/www.zoko.ro\/\",\"name\":\"ZOKO.ro\",\"description\":\"Cump\u0103r\u0103 inteligent\",\"publisher\":{\"@id\":\"https:\/\/www.zoko.ro\/#organization\"},\"potentialAction\":[{\"@type\":\"SearchAction\",\"target\":{\"@type\":\"EntryPoint\",\"urlTemplate\":\"https:\/\/www.zoko.ro\/?s={search_term_string}\"},\"query-input\":{\"@type\":\"PropertyValueSpecification\",\"valueRequired\":true,\"valueName\":\"search_term_string\"}}],\"inLanguage\":\"en-GB\"},{\"@type\":\"Organization\",\"@id\":\"https:\/\/www.zoko.ro\/#organization\",\"name\":\"ZOKO\",\"url\":\"https:\/\/www.zoko.ro\/\",\"logo\":{\"@type\":\"ImageObject\",\"inLanguage\":\"en-GB\",\"@id\":\"https:\/\/www.zoko.ro\/#\/schema\/logo\/image\/\",\"url\":\"https:\/\/www.zoko.ro\/wp-content\/uploads\/2025\/03\/logo1.svg\",\"contentUrl\":\"https:\/\/www.zoko.ro\/wp-content\/uploads\/2025\/03\/logo1.svg\",\"width\":799,\"height\":216,\"caption\":\"ZOKO\"},\"image\":{\"@id\":\"https:\/\/www.zoko.ro\/#\/schema\/logo\/image\/\"},\"sameAs\":[\"https:\/\/www.facebook.com\/profile.php?id=61584344135075\"]}]}<\/script>\n<!-- \/ Yoast SEO plugin. -->","yoast_head_json":{"title":"Umbrel\u0103 automat\u0103 elegant\u0103, impermeabil\u0103, diametru 98 cm,\"Smile\", Gonga\u00ae | ZOKO","robots":{"index":"index","follow":"follow","max-snippet":"max-snippet:-1","max-image-preview":"max-image-preview:large","max-video-preview":"max-video-preview:-1"},"canonical":"https:\/\/www.zoko.ro\/en\/p\/umbrela-automata-eleganta-impermeabila-diametru-98-cmsmile-gonga\/","og_locale":"en_GB","og_type":"article","og_title":"Umbrel\u0103 automat\u0103 elegant\u0103, impermeabil\u0103, diametru 98 cm,\"Smile\", Gonga\u00ae | ZOKO","og_description":"Culoare: Crem Umbrel\u0103 automat\u0103 elegant\u0103 \u201eSmile\u201d, impermeabil\u0103 \u2013 diametru 98 cm \u00cenfrunt\u0103 zilele ploioase cu z\u00e2mbetul pe buze datorit\u0103 umbrelei","og_url":"https:\/\/www.zoko.ro\/en\/p\/umbrela-automata-eleganta-impermeabila-diametru-98-cmsmile-gonga\/","og_site_name":"ZOKO","article_publisher":"https:\/\/www.facebook.com\/profile.php?id=61584344135075","og_image":[{"width":800,"height":800,"url":"https:\/\/www.zoko.ro\/wp-content\/uploads\/2025\/07\/umbrela-automata-eleganta-impermeabila-diametru-98-cmsmile-gonga.jpg","type":"image\/jpeg"}],"twitter_card":"summary_large_image","twitter_misc":{"Estimated reading time":"1 minute"},"schema":{"@context":"https:\/\/schema.org","@graph":[{"@type":"WebPage","@id":"https:\/\/www.zoko.ro\/p\/umbrela-automata-eleganta-impermeabila-diametru-98-cmsmile-gonga\/","url":"https:\/\/www.zoko.ro\/p\/umbrela-automata-eleganta-impermeabila-diametru-98-cmsmile-gonga\/","name":"Umbrel\u0103 automat\u0103 elegant\u0103, impermeabil\u0103, diametru 98 cm,\"Smile\", Gonga\u00ae | ZOKO","isPartOf":{"@id":"https:\/\/www.zoko.ro\/#website"},"primaryImageOfPage":{"@id":"https:\/\/www.zoko.ro\/p\/umbrela-automata-eleganta-impermeabila-diametru-98-cmsmile-gonga\/#primaryimage"},"image":{"@id":"https:\/\/www.zoko.ro\/p\/umbrela-automata-eleganta-impermeabila-diametru-98-cmsmile-gonga\/#primaryimage"},"thumbnailUrl":"https:\/\/www.zoko.ro\/wp-content\/uploads\/2025\/07\/umbrela-automata-eleganta-impermeabila-diametru-98-cmsmile-gonga.jpg","datePublished":"2026-04-28T21:38:15+00:00","breadcrumb":{"@id":"https:\/\/www.zoko.ro\/p\/umbrela-automata-eleganta-impermeabila-diametru-98-cmsmile-gonga\/#breadcrumb"},"inLanguage":"en-GB","potentialAction":[{"@type":"ReadAction","target":["https:\/\/www.zoko.ro\/p\/umbrela-automata-eleganta-impermeabila-diametru-98-cmsmile-gonga\/"]}]},{"@type":"ImageObject","inLanguage":"en-GB","@id":"https:\/\/www.zoko.ro\/p\/umbrela-automata-eleganta-impermeabila-diametru-98-cmsmile-gonga\/#primaryimage","url":"https:\/\/www.zoko.ro\/wp-content\/uploads\/2025\/07\/umbrela-automata-eleganta-impermeabila-diametru-98-cmsmile-gonga.jpg","contentUrl":"https:\/\/www.zoko.ro\/wp-content\/uploads\/2025\/07\/umbrela-automata-eleganta-impermeabila-diametru-98-cmsmile-gonga.jpg","width":800,"height":800},{"@type":"BreadcrumbList","@id":"https:\/\/www.zoko.ro\/p\/umbrela-automata-eleganta-impermeabila-diametru-98-cmsmile-gonga\/#breadcrumb","itemListElement":[{"@type":"ListItem","position":1,"name":"Home","item":"https:\/\/www.zoko.ro\/"},{"@type":"ListItem","position":2,"name":"Magazin","item":"https:\/\/www.zoko.ro\/magazin\/"},{"@type":"ListItem","position":3,"name":"Umbrel\u0103 automat\u0103 elegant\u0103, impermeabil\u0103, diametru 98 cm,&#8221;Smile&#8221;, Gonga\u00ae"}]},{"@type":"WebSite","@id":"https:\/\/www.zoko.ro\/#website","url":"https:\/\/www.zoko.ro\/","name":"ZOKO.ro","description":"Cump\u0103r\u0103 inteligent","publisher":{"@id":"https:\/\/www.zoko.ro\/#organization"},"potentialAction":[{"@type":"SearchAction","target":{"@type":"EntryPoint","urlTemplate":"https:\/\/www.zoko.ro\/?s={search_term_string}"},"query-input":{"@type":"PropertyValueSpecification","valueRequired":true,"valueName":"search_term_string"}}],"inLanguage":"en-GB"},{"@type":"Organization","@id":"https:\/\/www.zoko.ro\/#organization","name":"ZOKO","url":"https:\/\/www.zoko.ro\/","logo":{"@type":"ImageObject","inLanguage":"en-GB","@id":"https:\/\/www.zoko.ro\/#\/schema\/logo\/image\/","url":"https:\/\/www.zoko.ro\/wp-content\/uploads\/2025\/03\/logo1.svg","contentUrl":"https:\/\/www.zoko.ro\/wp-content\/uploads\/2025\/03\/logo1.svg","width":799,"height":216,"caption":"ZOKO"},"image":{"@id":"https:\/\/www.zoko.ro\/#\/schema\/logo\/image\/"},"sameAs":["https:\/\/www.facebook.com\/profile.php?id=61584344135075"]}]}},"_links":{"self":[{"href":"https:\/\/www.zoko.ro\/en\/wp-json\/wp\/v2\/product\/14114","targetHints":{"allow":["GET"]}}],"collection":[{"href":"https:\/\/www.zoko.ro\/en\/wp-json\/wp\/v2\/product"}],"about":[{"href":"https:\/\/www.zoko.ro\/en\/wp-json\/wp\/v2\/types\/product"}],"replies":[{"embeddable":true,"href":"https:\/\/www.zoko.ro\/en\/wp-json\/wp\/v2\/comments?post=14114"}],"version-history":[{"count":1,"href":"https:\/\/www.zoko.ro\/en\/wp-json\/wp\/v2\/product\/14114\/revisions"}],"predecessor-version":[{"id":14145,"href":"https:\/\/www.zoko.ro\/en\/wp-json\/wp\/v2\/product\/14114\/revisions\/14145"}],"wp:featuredmedia":[{"embeddable":true,"href":"https:\/\/www.zoko.ro\/en\/wp-json\/wp\/v2\/media\/14115"}],"wp:attachment":[{"href":"https:\/\/www.zoko.ro\/en\/wp-json\/wp\/v2\/media?parent=14114"}],"wp:term":[{"taxonomy":"product_brand","embeddable":true,"href":"https:\/\/www.zoko.ro\/en\/wp-json\/wp\/v2\/product_brand?post=14114"},{"taxonomy":"product_cat","embeddable":true,"href":"https:\/\/www.zoko.ro\/en\/wp-json\/wp\/v2\/product_cat?post=14114"},{"taxonomy":"product_tag","embeddable":true,"href":"https:\/\/www.zoko.ro\/en\/wp-json\/wp\/v2\/product_tag?post=14114"}],"curies":[{"name":"wp","href":"https:\/\/api.w.org\/{rel}","templated":true}]}}