{"id":14118,"date":"2026-04-28T23:38:15","date_gmt":"2026-04-28T21:38:15","guid":{"rendered":"https:\/\/www.zoko.ro\/?post_type=product&#038;p=14118"},"modified":"2026-04-28T23:38:15","modified_gmt":"2026-04-28T21:38:15","slug":"sort-de-bucatarie-universal-cu-buzunar-gonga","status":"publish","type":"product","link":"https:\/\/www.zoko.ro\/en\/p\/sort-de-bucatarie-universal-cu-buzunar-gonga\/","title":{"rendered":"Sort de bucatarie universal cu buzunar, Gonga\u00ae"},"content":{"rendered":"<p><strong>Culoare:<\/strong> Negru<\/p>\n<p><strong>\u0218or\u021b de buc\u0103t\u0103rie universal cu buzunar<\/strong><\/p>\n<p><img loading=\"lazy\" decoding=\"async\" src=\"https:\/\/gonga.ro\/img\/cms\/Sort%20de%20bucatarie%20universal%20cu%20buzunar,%20negru,%20Noem%C2%AE1.jpg\" alt=\"\" width=\"800\" height=\"800\" \/><\/p>\n<p>G\u0103te\u0219te cu stil \u0219i confort cu acest \u0219or\u021b de buc\u0103t\u0103rie universal, ideal at\u00e2t pentru buc\u0103tari pasiona\u021bi, c\u00e2t \u0219i pentru uz zilnic \u00een cas\u0103. Realizat din material rezistent \u0219i u\u0219or de \u00eentre\u021binut, \u0219or\u021bul ofer\u0103 protec\u021bie eficient\u0103 \u00eempotriva stropilor, petelor \u0219i murd\u0103riei din timpul g\u0103titului.<\/p>\n<p>Designul s\u0103u universal se potrive\u0219te majorit\u0103\u021bii siluetelor, fiind prev\u0103zut cu bretele reglabile \u0219i prindere la spate pentru un plus de confort. Buzunarul frontal spa\u021bios este perfect pentru a \u021bine la \u00eendem\u00e2n\u0103 ustensile, \u0219erve\u021bele, telefonul sau re\u021betele preferate.<\/p>\n<p><img loading=\"lazy\" decoding=\"async\" src=\"https:\/\/gonga.ro\/img\/cms\/Sort%20de%20bucatarie%20universal%20cu%20buzunar,%20negru,%20Noem%C2%AE2.jpg\" alt=\"\" width=\"800\" height=\"800\" \/><\/p>\n<p><strong>Caracteristici principale:<\/strong><\/p>\n<ul>\n<li>M\u0103rime universal\u0103, ajustabil\u0103<\/li>\n<li>Buzunar frontal practic<\/li>\n<li>Material rezistent \u0219i u\u0219or de cur\u0103\u021bat<\/li>\n<li>Design simplu, potrivit pentru femei \u0219i b\u0103rba\u021bi<\/li>\n<li>Ideal pentru g\u0103tit, gr\u0103tar sau activit\u0103\u021bi casnice<\/li>\n<\/ul>\n<p><img loading=\"lazy\" decoding=\"async\" src=\"https:\/\/gonga.ro\/img\/cms\/Sort%20de%20bucatarie%20universal%20cu%20buzunar,%20negru,%20Noem%C2%AE.jpg\" alt=\"\" width=\"800\" height=\"800\" \/><\/p>\n<\/p>\n<p><strong>Specificatii:<\/strong><\/p>\n<\/p>\n<p>&#8211; Material: Poliester<\/p>\n<p>&#8211; Dimensiuni: 70 x 60 cm<\/p>\n<p>&#8211; Greutate: 93 g<\/p>","protected":false},"excerpt":{"rendered":"<p>Culoare: Negru \u0218or\u021b de buc\u0103t\u0103rie universal cu buzunar G\u0103te\u0219te cu stil \u0219i confort cu acest \u0219or\u021b de buc\u0103t\u0103rie universal, ideal<\/p>","protected":false},"featured_media":14119,"comment_status":"open","ping_status":"open","template":"","meta":[],"product_brand":[],"product_cat":[99,107,100],"product_tag":[104],"class_list":{"0":"post-14118","1":"product","2":"type-product","3":"status-publish","4":"has-post-thumbnail","6":"product_cat-acasa","7":"product_cat-bucatarie-si-servire","8":"product_cat-casa-gradina","9":"product_tag-in-stoc","10":"pa_culoare-negru","12":"first","13":"instock","14":"sale","15":"purchasable","16":"product-type-simple"},"yoast_head":"<!-- This site is optimized with the Yoast SEO plugin v27.2 - https:\/\/yoast.com\/product\/yoast-seo-wordpress\/ -->\n<title>Sort de bucatarie universal cu buzunar, Gonga\u00ae | ZOKO<\/title>\n<meta name=\"robots\" content=\"index, follow, max-snippet:-1, max-image-preview:large, max-video-preview:-1\" \/>\n<link rel=\"canonical\" href=\"https:\/\/www.zoko.ro\/en\/p\/sort-de-bucatarie-universal-cu-buzunar-gonga\/\" \/>\n<meta property=\"og:locale\" content=\"en_GB\" \/>\n<meta property=\"og:type\" content=\"article\" \/>\n<meta property=\"og:title\" content=\"Sort de bucatarie universal cu buzunar, Gonga\u00ae | ZOKO\" \/>\n<meta property=\"og:description\" content=\"Culoare: Negru \u0218or\u021b de buc\u0103t\u0103rie universal cu buzunar G\u0103te\u0219te cu stil \u0219i confort cu acest \u0219or\u021b de buc\u0103t\u0103rie universal, ideal\" \/>\n<meta property=\"og:url\" content=\"https:\/\/www.zoko.ro\/en\/p\/sort-de-bucatarie-universal-cu-buzunar-gonga\/\" \/>\n<meta property=\"og:site_name\" content=\"ZOKO\" \/>\n<meta property=\"article:publisher\" content=\"https:\/\/www.facebook.com\/profile.php?id=61584344135075\" \/>\n<meta property=\"og:image\" content=\"https:\/\/www.zoko.ro\/wp-content\/uploads\/2025\/07\/sort-de-bucatarie-universal-cu-buzunar-gonga.jpg\" \/>\n\t<meta property=\"og:image:width\" content=\"800\" \/>\n\t<meta property=\"og:image:height\" content=\"800\" \/>\n\t<meta property=\"og:image:type\" content=\"image\/jpeg\" \/>\n<meta name=\"twitter:card\" content=\"summary_large_image\" \/>\n<meta name=\"twitter:label1\" content=\"Estimated reading time\" \/>\n\t<meta name=\"twitter:data1\" content=\"1 minute\" \/>\n<script type=\"application\/ld+json\" class=\"yoast-schema-graph\">{\"@context\":\"https:\/\/schema.org\",\"@graph\":[{\"@type\":\"WebPage\",\"@id\":\"https:\/\/www.zoko.ro\/p\/sort-de-bucatarie-universal-cu-buzunar-gonga\/\",\"url\":\"https:\/\/www.zoko.ro\/p\/sort-de-bucatarie-universal-cu-buzunar-gonga\/\",\"name\":\"Sort de bucatarie universal cu buzunar, Gonga\u00ae | ZOKO\",\"isPartOf\":{\"@id\":\"https:\/\/www.zoko.ro\/#website\"},\"primaryImageOfPage\":{\"@id\":\"https:\/\/www.zoko.ro\/p\/sort-de-bucatarie-universal-cu-buzunar-gonga\/#primaryimage\"},\"image\":{\"@id\":\"https:\/\/www.zoko.ro\/p\/sort-de-bucatarie-universal-cu-buzunar-gonga\/#primaryimage\"},\"thumbnailUrl\":\"https:\/\/www.zoko.ro\/wp-content\/uploads\/2025\/07\/sort-de-bucatarie-universal-cu-buzunar-gonga.jpg\",\"datePublished\":\"2026-04-28T21:38:15+00:00\",\"breadcrumb\":{\"@id\":\"https:\/\/www.zoko.ro\/p\/sort-de-bucatarie-universal-cu-buzunar-gonga\/#breadcrumb\"},\"inLanguage\":\"en-GB\",\"potentialAction\":[{\"@type\":\"ReadAction\",\"target\":[\"https:\/\/www.zoko.ro\/p\/sort-de-bucatarie-universal-cu-buzunar-gonga\/\"]}]},{\"@type\":\"ImageObject\",\"inLanguage\":\"en-GB\",\"@id\":\"https:\/\/www.zoko.ro\/p\/sort-de-bucatarie-universal-cu-buzunar-gonga\/#primaryimage\",\"url\":\"https:\/\/www.zoko.ro\/wp-content\/uploads\/2025\/07\/sort-de-bucatarie-universal-cu-buzunar-gonga.jpg\",\"contentUrl\":\"https:\/\/www.zoko.ro\/wp-content\/uploads\/2025\/07\/sort-de-bucatarie-universal-cu-buzunar-gonga.jpg\",\"width\":800,\"height\":800},{\"@type\":\"BreadcrumbList\",\"@id\":\"https:\/\/www.zoko.ro\/p\/sort-de-bucatarie-universal-cu-buzunar-gonga\/#breadcrumb\",\"itemListElement\":[{\"@type\":\"ListItem\",\"position\":1,\"name\":\"Home\",\"item\":\"https:\/\/www.zoko.ro\/\"},{\"@type\":\"ListItem\",\"position\":2,\"name\":\"Magazin\",\"item\":\"https:\/\/www.zoko.ro\/magazin\/\"},{\"@type\":\"ListItem\",\"position\":3,\"name\":\"Sort de bucatarie universal cu buzunar, Gonga\u00ae\"}]},{\"@type\":\"WebSite\",\"@id\":\"https:\/\/www.zoko.ro\/#website\",\"url\":\"https:\/\/www.zoko.ro\/\",\"name\":\"ZOKO.ro\",\"description\":\"Cump\u0103r\u0103 inteligent\",\"publisher\":{\"@id\":\"https:\/\/www.zoko.ro\/#organization\"},\"potentialAction\":[{\"@type\":\"SearchAction\",\"target\":{\"@type\":\"EntryPoint\",\"urlTemplate\":\"https:\/\/www.zoko.ro\/?s={search_term_string}\"},\"query-input\":{\"@type\":\"PropertyValueSpecification\",\"valueRequired\":true,\"valueName\":\"search_term_string\"}}],\"inLanguage\":\"en-GB\"},{\"@type\":\"Organization\",\"@id\":\"https:\/\/www.zoko.ro\/#organization\",\"name\":\"ZOKO\",\"url\":\"https:\/\/www.zoko.ro\/\",\"logo\":{\"@type\":\"ImageObject\",\"inLanguage\":\"en-GB\",\"@id\":\"https:\/\/www.zoko.ro\/#\/schema\/logo\/image\/\",\"url\":\"https:\/\/www.zoko.ro\/wp-content\/uploads\/2025\/03\/logo1.svg\",\"contentUrl\":\"https:\/\/www.zoko.ro\/wp-content\/uploads\/2025\/03\/logo1.svg\",\"width\":799,\"height\":216,\"caption\":\"ZOKO\"},\"image\":{\"@id\":\"https:\/\/www.zoko.ro\/#\/schema\/logo\/image\/\"},\"sameAs\":[\"https:\/\/www.facebook.com\/profile.php?id=61584344135075\"]}]}<\/script>\n<!-- \/ Yoast SEO plugin. -->","yoast_head_json":{"title":"Sort de bucatarie universal cu buzunar, Gonga\u00ae | ZOKO","robots":{"index":"index","follow":"follow","max-snippet":"max-snippet:-1","max-image-preview":"max-image-preview:large","max-video-preview":"max-video-preview:-1"},"canonical":"https:\/\/www.zoko.ro\/en\/p\/sort-de-bucatarie-universal-cu-buzunar-gonga\/","og_locale":"en_GB","og_type":"article","og_title":"Sort de bucatarie universal cu buzunar, Gonga\u00ae | ZOKO","og_description":"Culoare: Negru \u0218or\u021b de buc\u0103t\u0103rie universal cu buzunar G\u0103te\u0219te cu stil \u0219i confort cu acest \u0219or\u021b de buc\u0103t\u0103rie universal, ideal","og_url":"https:\/\/www.zoko.ro\/en\/p\/sort-de-bucatarie-universal-cu-buzunar-gonga\/","og_site_name":"ZOKO","article_publisher":"https:\/\/www.facebook.com\/profile.php?id=61584344135075","og_image":[{"width":800,"height":800,"url":"https:\/\/www.zoko.ro\/wp-content\/uploads\/2025\/07\/sort-de-bucatarie-universal-cu-buzunar-gonga.jpg","type":"image\/jpeg"}],"twitter_card":"summary_large_image","twitter_misc":{"Estimated reading time":"1 minute"},"schema":{"@context":"https:\/\/schema.org","@graph":[{"@type":"WebPage","@id":"https:\/\/www.zoko.ro\/p\/sort-de-bucatarie-universal-cu-buzunar-gonga\/","url":"https:\/\/www.zoko.ro\/p\/sort-de-bucatarie-universal-cu-buzunar-gonga\/","name":"Sort de bucatarie universal cu buzunar, Gonga\u00ae | ZOKO","isPartOf":{"@id":"https:\/\/www.zoko.ro\/#website"},"primaryImageOfPage":{"@id":"https:\/\/www.zoko.ro\/p\/sort-de-bucatarie-universal-cu-buzunar-gonga\/#primaryimage"},"image":{"@id":"https:\/\/www.zoko.ro\/p\/sort-de-bucatarie-universal-cu-buzunar-gonga\/#primaryimage"},"thumbnailUrl":"https:\/\/www.zoko.ro\/wp-content\/uploads\/2025\/07\/sort-de-bucatarie-universal-cu-buzunar-gonga.jpg","datePublished":"2026-04-28T21:38:15+00:00","breadcrumb":{"@id":"https:\/\/www.zoko.ro\/p\/sort-de-bucatarie-universal-cu-buzunar-gonga\/#breadcrumb"},"inLanguage":"en-GB","potentialAction":[{"@type":"ReadAction","target":["https:\/\/www.zoko.ro\/p\/sort-de-bucatarie-universal-cu-buzunar-gonga\/"]}]},{"@type":"ImageObject","inLanguage":"en-GB","@id":"https:\/\/www.zoko.ro\/p\/sort-de-bucatarie-universal-cu-buzunar-gonga\/#primaryimage","url":"https:\/\/www.zoko.ro\/wp-content\/uploads\/2025\/07\/sort-de-bucatarie-universal-cu-buzunar-gonga.jpg","contentUrl":"https:\/\/www.zoko.ro\/wp-content\/uploads\/2025\/07\/sort-de-bucatarie-universal-cu-buzunar-gonga.jpg","width":800,"height":800},{"@type":"BreadcrumbList","@id":"https:\/\/www.zoko.ro\/p\/sort-de-bucatarie-universal-cu-buzunar-gonga\/#breadcrumb","itemListElement":[{"@type":"ListItem","position":1,"name":"Home","item":"https:\/\/www.zoko.ro\/"},{"@type":"ListItem","position":2,"name":"Magazin","item":"https:\/\/www.zoko.ro\/magazin\/"},{"@type":"ListItem","position":3,"name":"Sort de bucatarie universal cu buzunar, Gonga\u00ae"}]},{"@type":"WebSite","@id":"https:\/\/www.zoko.ro\/#website","url":"https:\/\/www.zoko.ro\/","name":"ZOKO.ro","description":"Cump\u0103r\u0103 inteligent","publisher":{"@id":"https:\/\/www.zoko.ro\/#organization"},"potentialAction":[{"@type":"SearchAction","target":{"@type":"EntryPoint","urlTemplate":"https:\/\/www.zoko.ro\/?s={search_term_string}"},"query-input":{"@type":"PropertyValueSpecification","valueRequired":true,"valueName":"search_term_string"}}],"inLanguage":"en-GB"},{"@type":"Organization","@id":"https:\/\/www.zoko.ro\/#organization","name":"ZOKO","url":"https:\/\/www.zoko.ro\/","logo":{"@type":"ImageObject","inLanguage":"en-GB","@id":"https:\/\/www.zoko.ro\/#\/schema\/logo\/image\/","url":"https:\/\/www.zoko.ro\/wp-content\/uploads\/2025\/03\/logo1.svg","contentUrl":"https:\/\/www.zoko.ro\/wp-content\/uploads\/2025\/03\/logo1.svg","width":799,"height":216,"caption":"ZOKO"},"image":{"@id":"https:\/\/www.zoko.ro\/#\/schema\/logo\/image\/"},"sameAs":["https:\/\/www.facebook.com\/profile.php?id=61584344135075"]}]}},"_links":{"self":[{"href":"https:\/\/www.zoko.ro\/en\/wp-json\/wp\/v2\/product\/14118","targetHints":{"allow":["GET"]}}],"collection":[{"href":"https:\/\/www.zoko.ro\/en\/wp-json\/wp\/v2\/product"}],"about":[{"href":"https:\/\/www.zoko.ro\/en\/wp-json\/wp\/v2\/types\/product"}],"replies":[{"embeddable":true,"href":"https:\/\/www.zoko.ro\/en\/wp-json\/wp\/v2\/comments?post=14118"}],"version-history":[{"count":1,"href":"https:\/\/www.zoko.ro\/en\/wp-json\/wp\/v2\/product\/14118\/revisions"}],"predecessor-version":[{"id":14146,"href":"https:\/\/www.zoko.ro\/en\/wp-json\/wp\/v2\/product\/14118\/revisions\/14146"}],"wp:featuredmedia":[{"embeddable":true,"href":"https:\/\/www.zoko.ro\/en\/wp-json\/wp\/v2\/media\/14119"}],"wp:attachment":[{"href":"https:\/\/www.zoko.ro\/en\/wp-json\/wp\/v2\/media?parent=14118"}],"wp:term":[{"taxonomy":"product_brand","embeddable":true,"href":"https:\/\/www.zoko.ro\/en\/wp-json\/wp\/v2\/product_brand?post=14118"},{"taxonomy":"product_cat","embeddable":true,"href":"https:\/\/www.zoko.ro\/en\/wp-json\/wp\/v2\/product_cat?post=14118"},{"taxonomy":"product_tag","embeddable":true,"href":"https:\/\/www.zoko.ro\/en\/wp-json\/wp\/v2\/product_tag?post=14118"}],"curies":[{"name":"wp","href":"https:\/\/api.w.org\/{rel}","templated":true}]}}