{"id":14122,"date":"2026-04-28T23:38:15","date_gmt":"2026-04-28T21:38:15","guid":{"rendered":"https:\/\/www.zoko.ro\/?post_type=product&#038;p=14122"},"modified":"2026-04-28T23:38:15","modified_gmt":"2026-04-28T21:38:15","slug":"organizator-tip-cutie-pentru-medicamente-7-compartimente-plastic-gonga","status":"publish","type":"product","link":"https:\/\/www.zoko.ro\/en\/p\/organizator-tip-cutie-pentru-medicamente-7-compartimente-plastic-gonga\/","title":{"rendered":"Organizator tip cutie pentru medicamente, 7 compartimente, plastic, Gonga\u00ae"},"content":{"rendered":"<p><strong>Culoare:<\/strong> Bej<\/p>\n<p><strong>Organizator tip cutie pentru medicamente \u2013 7 compartimente, plastic<\/strong><\/p>\n<p><img loading=\"lazy\" decoding=\"async\" src=\"https:\/\/gonga.ro\/img\/cms\/Organizator%20tip%20cutie%20pentru%20medicamente,%207%20compartimente,%20plastic,%20Noem%C2%AE1.jpg\" alt=\"\" width=\"800\" height=\"800\" \/><\/p>\n<p>P\u0103streaz\u0103-\u021bi tratamentele zilnice organizate \u0219i mereu la \u00eendem\u00e2n\u0103 cu acest organizator practic pentru medicamente, prev\u0103zut cu 7 compartimente separate \u2013 c\u00e2te unul pentru fiecare zi a s\u0103pt\u0103m\u00e2nii. Ideal pentru pastile, suplimente sau vitamine, te ajut\u0103 s\u0103 \u00ee\u021bi administrezi corect dozele \u0219i s\u0103 nu mai ui\u021bi niciun pas important din rutina ta de s\u0103n\u0103tate.<\/p>\n<p>Fabricat din plastic durabil \u0219i u\u0219or, organizatorul este compact, u\u0219or de transportat \u00een geant\u0103, rucsac sau bagaj, fiind perfect at\u00e2t pentru acas\u0103, c\u00e2t \u0219i pentru c\u0103l\u0103torii.<\/p>\n<p><img loading=\"lazy\" decoding=\"async\" src=\"https:\/\/gonga.ro\/img\/cms\/Organizator%20tip%20cutie%20pentru%20medicamente,%207%20compartimente,%20plastic,%20Noem%C2%AE3.jpg\" alt=\"\" width=\"800\" height=\"800\" \/><\/p>\n<p><strong>Caracteristici principale:<\/strong><\/p>\n<ul>\n<li>Dimensiune compact\u0103, ideal\u0103 pentru transport<\/li>\n<li>Capace individuale pentru acces rapid \u0219i sigur<\/li>\n<li>Potrivit pentru pastile, suplimente, vitamine<\/li>\n<\/ul>\n<p><img loading=\"lazy\" decoding=\"async\" src=\"https:\/\/gonga.ro\/img\/cms\/Organizator%20tip%20cutie%20pentru%20medicamente,%207%20compartimente,%20plastic,%20Noem%C2%AE2.jpg\" alt=\"\" width=\"800\" height=\"800\" \/><\/p>\n<\/p>\n<p><strong>Speciifcatii:<\/strong><\/p>\n<\/p>\n<p>&#8211; Material: Plastic<\/p>\n<p>&#8211; Dimensiuni: 11,5 x 8 x 54 cm<\/p>\n<p>&#8211; Numar compartimente: 7<\/p>\n<p>&#8211; Greutate: 92 g<\/p>","protected":false},"excerpt":{"rendered":"<p>Culoare: Bej Organizator tip cutie pentru medicamente \u2013 7 compartimente, plastic P\u0103streaz\u0103-\u021bi tratamentele zilnice organizate \u0219i mereu la \u00eendem\u00e2n\u0103 cu<\/p>","protected":false},"featured_media":14123,"comment_status":"open","ping_status":"open","template":"","meta":[],"product_brand":[],"product_cat":[99,114,167],"product_tag":[104],"class_list":{"0":"post-14122","1":"product","2":"type-product","3":"status-publish","4":"has-post-thumbnail","6":"product_cat-acasa","7":"product_cat-ingrijire-personala-cosmetice","8":"product_cat-organizatoare-pastile","9":"product_tag-in-stoc","10":"pa_culoare-bej","12":"first","13":"instock","14":"sale","15":"purchasable","16":"product-type-simple"},"yoast_head":"<!-- This site is optimized with the Yoast SEO plugin v27.2 - https:\/\/yoast.com\/product\/yoast-seo-wordpress\/ -->\n<title>Organizator tip cutie pentru medicamente, 7 compartimente, plastic, Gonga\u00ae | ZOKO<\/title>\n<meta name=\"robots\" content=\"index, follow, max-snippet:-1, max-image-preview:large, max-video-preview:-1\" \/>\n<link rel=\"canonical\" href=\"https:\/\/www.zoko.ro\/en\/p\/organizator-tip-cutie-pentru-medicamente-7-compartimente-plastic-gonga\/\" \/>\n<meta property=\"og:locale\" content=\"en_GB\" \/>\n<meta property=\"og:type\" content=\"article\" \/>\n<meta property=\"og:title\" content=\"Organizator tip cutie pentru medicamente, 7 compartimente, plastic, Gonga\u00ae | ZOKO\" \/>\n<meta property=\"og:description\" content=\"Culoare: Bej Organizator tip cutie pentru medicamente \u2013 7 compartimente, plastic P\u0103streaz\u0103-\u021bi tratamentele zilnice organizate \u0219i mereu la \u00eendem\u00e2n\u0103 cu\" \/>\n<meta property=\"og:url\" content=\"https:\/\/www.zoko.ro\/en\/p\/organizator-tip-cutie-pentru-medicamente-7-compartimente-plastic-gonga\/\" \/>\n<meta property=\"og:site_name\" content=\"ZOKO\" \/>\n<meta property=\"article:publisher\" content=\"https:\/\/www.facebook.com\/profile.php?id=61584344135075\" \/>\n<meta property=\"og:image\" content=\"https:\/\/www.zoko.ro\/wp-content\/uploads\/2025\/07\/organizator-tip-cutie-pentru-medicamente-7-compartimente-plastic-gonga.jpg\" \/>\n\t<meta property=\"og:image:width\" content=\"800\" \/>\n\t<meta property=\"og:image:height\" content=\"800\" \/>\n\t<meta property=\"og:image:type\" content=\"image\/png\" \/>\n<meta name=\"twitter:card\" content=\"summary_large_image\" \/>\n<meta name=\"twitter:label1\" content=\"Estimated reading time\" \/>\n\t<meta name=\"twitter:data1\" content=\"1 minute\" \/>\n<script type=\"application\/ld+json\" class=\"yoast-schema-graph\">{\"@context\":\"https:\/\/schema.org\",\"@graph\":[{\"@type\":\"WebPage\",\"@id\":\"https:\/\/www.zoko.ro\/p\/organizator-tip-cutie-pentru-medicamente-7-compartimente-plastic-gonga\/\",\"url\":\"https:\/\/www.zoko.ro\/p\/organizator-tip-cutie-pentru-medicamente-7-compartimente-plastic-gonga\/\",\"name\":\"Organizator tip cutie pentru medicamente, 7 compartimente, plastic, Gonga\u00ae | ZOKO\",\"isPartOf\":{\"@id\":\"https:\/\/www.zoko.ro\/#website\"},\"primaryImageOfPage\":{\"@id\":\"https:\/\/www.zoko.ro\/p\/organizator-tip-cutie-pentru-medicamente-7-compartimente-plastic-gonga\/#primaryimage\"},\"image\":{\"@id\":\"https:\/\/www.zoko.ro\/p\/organizator-tip-cutie-pentru-medicamente-7-compartimente-plastic-gonga\/#primaryimage\"},\"thumbnailUrl\":\"https:\/\/www.zoko.ro\/wp-content\/uploads\/2025\/07\/organizator-tip-cutie-pentru-medicamente-7-compartimente-plastic-gonga.jpg\",\"datePublished\":\"2026-04-28T21:38:15+00:00\",\"breadcrumb\":{\"@id\":\"https:\/\/www.zoko.ro\/p\/organizator-tip-cutie-pentru-medicamente-7-compartimente-plastic-gonga\/#breadcrumb\"},\"inLanguage\":\"en-GB\",\"potentialAction\":[{\"@type\":\"ReadAction\",\"target\":[\"https:\/\/www.zoko.ro\/p\/organizator-tip-cutie-pentru-medicamente-7-compartimente-plastic-gonga\/\"]}]},{\"@type\":\"ImageObject\",\"inLanguage\":\"en-GB\",\"@id\":\"https:\/\/www.zoko.ro\/p\/organizator-tip-cutie-pentru-medicamente-7-compartimente-plastic-gonga\/#primaryimage\",\"url\":\"https:\/\/www.zoko.ro\/wp-content\/uploads\/2025\/07\/organizator-tip-cutie-pentru-medicamente-7-compartimente-plastic-gonga.jpg\",\"contentUrl\":\"https:\/\/www.zoko.ro\/wp-content\/uploads\/2025\/07\/organizator-tip-cutie-pentru-medicamente-7-compartimente-plastic-gonga.jpg\",\"width\":800,\"height\":800},{\"@type\":\"BreadcrumbList\",\"@id\":\"https:\/\/www.zoko.ro\/p\/organizator-tip-cutie-pentru-medicamente-7-compartimente-plastic-gonga\/#breadcrumb\",\"itemListElement\":[{\"@type\":\"ListItem\",\"position\":1,\"name\":\"Home\",\"item\":\"https:\/\/www.zoko.ro\/\"},{\"@type\":\"ListItem\",\"position\":2,\"name\":\"Magazin\",\"item\":\"https:\/\/www.zoko.ro\/magazin\/\"},{\"@type\":\"ListItem\",\"position\":3,\"name\":\"Organizator tip cutie pentru medicamente, 7 compartimente, plastic, Gonga\u00ae\"}]},{\"@type\":\"WebSite\",\"@id\":\"https:\/\/www.zoko.ro\/#website\",\"url\":\"https:\/\/www.zoko.ro\/\",\"name\":\"ZOKO.ro\",\"description\":\"Cump\u0103r\u0103 inteligent\",\"publisher\":{\"@id\":\"https:\/\/www.zoko.ro\/#organization\"},\"potentialAction\":[{\"@type\":\"SearchAction\",\"target\":{\"@type\":\"EntryPoint\",\"urlTemplate\":\"https:\/\/www.zoko.ro\/?s={search_term_string}\"},\"query-input\":{\"@type\":\"PropertyValueSpecification\",\"valueRequired\":true,\"valueName\":\"search_term_string\"}}],\"inLanguage\":\"en-GB\"},{\"@type\":\"Organization\",\"@id\":\"https:\/\/www.zoko.ro\/#organization\",\"name\":\"ZOKO\",\"url\":\"https:\/\/www.zoko.ro\/\",\"logo\":{\"@type\":\"ImageObject\",\"inLanguage\":\"en-GB\",\"@id\":\"https:\/\/www.zoko.ro\/#\/schema\/logo\/image\/\",\"url\":\"https:\/\/www.zoko.ro\/wp-content\/uploads\/2025\/03\/logo1.svg\",\"contentUrl\":\"https:\/\/www.zoko.ro\/wp-content\/uploads\/2025\/03\/logo1.svg\",\"width\":799,\"height\":216,\"caption\":\"ZOKO\"},\"image\":{\"@id\":\"https:\/\/www.zoko.ro\/#\/schema\/logo\/image\/\"},\"sameAs\":[\"https:\/\/www.facebook.com\/profile.php?id=61584344135075\"]}]}<\/script>\n<!-- \/ Yoast SEO plugin. -->","yoast_head_json":{"title":"Organizator tip cutie pentru medicamente, 7 compartimente, plastic, Gonga\u00ae | ZOKO","robots":{"index":"index","follow":"follow","max-snippet":"max-snippet:-1","max-image-preview":"max-image-preview:large","max-video-preview":"max-video-preview:-1"},"canonical":"https:\/\/www.zoko.ro\/en\/p\/organizator-tip-cutie-pentru-medicamente-7-compartimente-plastic-gonga\/","og_locale":"en_GB","og_type":"article","og_title":"Organizator tip cutie pentru medicamente, 7 compartimente, plastic, Gonga\u00ae | ZOKO","og_description":"Culoare: Bej Organizator tip cutie pentru medicamente \u2013 7 compartimente, plastic P\u0103streaz\u0103-\u021bi tratamentele zilnice organizate \u0219i mereu la \u00eendem\u00e2n\u0103 cu","og_url":"https:\/\/www.zoko.ro\/en\/p\/organizator-tip-cutie-pentru-medicamente-7-compartimente-plastic-gonga\/","og_site_name":"ZOKO","article_publisher":"https:\/\/www.facebook.com\/profile.php?id=61584344135075","og_image":[{"width":800,"height":800,"url":"https:\/\/www.zoko.ro\/wp-content\/uploads\/2025\/07\/organizator-tip-cutie-pentru-medicamente-7-compartimente-plastic-gonga.jpg","type":"image\/png"}],"twitter_card":"summary_large_image","twitter_misc":{"Estimated reading time":"1 minute"},"schema":{"@context":"https:\/\/schema.org","@graph":[{"@type":"WebPage","@id":"https:\/\/www.zoko.ro\/p\/organizator-tip-cutie-pentru-medicamente-7-compartimente-plastic-gonga\/","url":"https:\/\/www.zoko.ro\/p\/organizator-tip-cutie-pentru-medicamente-7-compartimente-plastic-gonga\/","name":"Organizator tip cutie pentru medicamente, 7 compartimente, plastic, Gonga\u00ae | ZOKO","isPartOf":{"@id":"https:\/\/www.zoko.ro\/#website"},"primaryImageOfPage":{"@id":"https:\/\/www.zoko.ro\/p\/organizator-tip-cutie-pentru-medicamente-7-compartimente-plastic-gonga\/#primaryimage"},"image":{"@id":"https:\/\/www.zoko.ro\/p\/organizator-tip-cutie-pentru-medicamente-7-compartimente-plastic-gonga\/#primaryimage"},"thumbnailUrl":"https:\/\/www.zoko.ro\/wp-content\/uploads\/2025\/07\/organizator-tip-cutie-pentru-medicamente-7-compartimente-plastic-gonga.jpg","datePublished":"2026-04-28T21:38:15+00:00","breadcrumb":{"@id":"https:\/\/www.zoko.ro\/p\/organizator-tip-cutie-pentru-medicamente-7-compartimente-plastic-gonga\/#breadcrumb"},"inLanguage":"en-GB","potentialAction":[{"@type":"ReadAction","target":["https:\/\/www.zoko.ro\/p\/organizator-tip-cutie-pentru-medicamente-7-compartimente-plastic-gonga\/"]}]},{"@type":"ImageObject","inLanguage":"en-GB","@id":"https:\/\/www.zoko.ro\/p\/organizator-tip-cutie-pentru-medicamente-7-compartimente-plastic-gonga\/#primaryimage","url":"https:\/\/www.zoko.ro\/wp-content\/uploads\/2025\/07\/organizator-tip-cutie-pentru-medicamente-7-compartimente-plastic-gonga.jpg","contentUrl":"https:\/\/www.zoko.ro\/wp-content\/uploads\/2025\/07\/organizator-tip-cutie-pentru-medicamente-7-compartimente-plastic-gonga.jpg","width":800,"height":800},{"@type":"BreadcrumbList","@id":"https:\/\/www.zoko.ro\/p\/organizator-tip-cutie-pentru-medicamente-7-compartimente-plastic-gonga\/#breadcrumb","itemListElement":[{"@type":"ListItem","position":1,"name":"Home","item":"https:\/\/www.zoko.ro\/"},{"@type":"ListItem","position":2,"name":"Magazin","item":"https:\/\/www.zoko.ro\/magazin\/"},{"@type":"ListItem","position":3,"name":"Organizator tip cutie pentru medicamente, 7 compartimente, plastic, Gonga\u00ae"}]},{"@type":"WebSite","@id":"https:\/\/www.zoko.ro\/#website","url":"https:\/\/www.zoko.ro\/","name":"ZOKO.ro","description":"Cump\u0103r\u0103 inteligent","publisher":{"@id":"https:\/\/www.zoko.ro\/#organization"},"potentialAction":[{"@type":"SearchAction","target":{"@type":"EntryPoint","urlTemplate":"https:\/\/www.zoko.ro\/?s={search_term_string}"},"query-input":{"@type":"PropertyValueSpecification","valueRequired":true,"valueName":"search_term_string"}}],"inLanguage":"en-GB"},{"@type":"Organization","@id":"https:\/\/www.zoko.ro\/#organization","name":"ZOKO","url":"https:\/\/www.zoko.ro\/","logo":{"@type":"ImageObject","inLanguage":"en-GB","@id":"https:\/\/www.zoko.ro\/#\/schema\/logo\/image\/","url":"https:\/\/www.zoko.ro\/wp-content\/uploads\/2025\/03\/logo1.svg","contentUrl":"https:\/\/www.zoko.ro\/wp-content\/uploads\/2025\/03\/logo1.svg","width":799,"height":216,"caption":"ZOKO"},"image":{"@id":"https:\/\/www.zoko.ro\/#\/schema\/logo\/image\/"},"sameAs":["https:\/\/www.facebook.com\/profile.php?id=61584344135075"]}]}},"_links":{"self":[{"href":"https:\/\/www.zoko.ro\/en\/wp-json\/wp\/v2\/product\/14122","targetHints":{"allow":["GET"]}}],"collection":[{"href":"https:\/\/www.zoko.ro\/en\/wp-json\/wp\/v2\/product"}],"about":[{"href":"https:\/\/www.zoko.ro\/en\/wp-json\/wp\/v2\/types\/product"}],"replies":[{"embeddable":true,"href":"https:\/\/www.zoko.ro\/en\/wp-json\/wp\/v2\/comments?post=14122"}],"version-history":[{"count":1,"href":"https:\/\/www.zoko.ro\/en\/wp-json\/wp\/v2\/product\/14122\/revisions"}],"predecessor-version":[{"id":14147,"href":"https:\/\/www.zoko.ro\/en\/wp-json\/wp\/v2\/product\/14122\/revisions\/14147"}],"wp:featuredmedia":[{"embeddable":true,"href":"https:\/\/www.zoko.ro\/en\/wp-json\/wp\/v2\/media\/14123"}],"wp:attachment":[{"href":"https:\/\/www.zoko.ro\/en\/wp-json\/wp\/v2\/media?parent=14122"}],"wp:term":[{"taxonomy":"product_brand","embeddable":true,"href":"https:\/\/www.zoko.ro\/en\/wp-json\/wp\/v2\/product_brand?post=14122"},{"taxonomy":"product_cat","embeddable":true,"href":"https:\/\/www.zoko.ro\/en\/wp-json\/wp\/v2\/product_cat?post=14122"},{"taxonomy":"product_tag","embeddable":true,"href":"https:\/\/www.zoko.ro\/en\/wp-json\/wp\/v2\/product_tag?post=14122"}],"curies":[{"name":"wp","href":"https:\/\/api.w.org\/{rel}","templated":true}]}}