{"id":14128,"date":"2026-04-28T23:38:15","date_gmt":"2026-04-28T21:38:15","guid":{"rendered":"https:\/\/www.zoko.ro\/?post_type=product&#038;p=14128"},"modified":"2026-04-28T23:38:15","modified_gmt":"2026-04-28T21:38:15","slug":"suport-bijuterii-tip-bust-din-plastic-22cm-x-31cm-x-85cm-gonga","status":"publish","type":"product","link":"https:\/\/www.zoko.ro\/en\/p\/suport-bijuterii-tip-bust-din-plastic-22cm-x-31cm-x-85cm-gonga\/","title":{"rendered":"Suport bijuterii, tip bust, din plastic, 22cm x 31cm x 8,5cm, Gonga\u00ae"},"content":{"rendered":"<p><strong>Culoare:<\/strong> Negru<\/p>\n<p><strong>Suport pentru bijuterii, tip bust \u2013 din plastic, 22 x 31 x 8,5 cm<\/strong><\/p>\n<p><img loading=\"lazy\" decoding=\"async\" src=\"https:\/\/gonga.ro\/img\/cms\/Suport%20bijuterii,%20tip%20bust,%20din%20plastic,%2022cm%20x%2031cm%20x%208,5cm,%20Noem%C2%AE.jpg\" alt=\"\" width=\"800\" height=\"800\" \/><\/p>\n<p>Expune-\u021bi colierele, lan\u021burile sau pandantivele cu stil \u0219i elegan\u021b\u0103 cu acest suport pentru bijuterii tip bust, ideal at\u00e2t pentru uz personal, c\u00e2t \u0219i pentru vitrine de magazin sau expozi\u021bii. Cu dimensiunile de 22 x 31 x 8,5 cm, ofer\u0103 un format vertical ideal pentru eviden\u021bierea detaliilor bijuteriilor tale preferate.<\/p>\n<p>Realizat din plastic rezistent, suportul are o form\u0103 anatomic\u0103, care imit\u0103 bustul uman, pun\u00e2nd \u00een valoare bijuteriile \u00eentr-un mod natural \u0219i estetic. Designul s\u0103u simplu \u0219i elegant se potrive\u0219te perfect \u00een orice decor, de la dormitor la showroom.<\/p>\n<\/p>\n<p><strong>Caracteristici principale:<\/strong><\/p>\n<ul>\n<li>Design tip bust \u2013 ideal pentru coliere, lan\u021buri \u0219i pandantive<\/li>\n<li>Potrivit pentru acas\u0103, vitrine sau expozi\u021bii<\/li>\n<li>Stabil, u\u0219or de cur\u0103\u021bat \u0219i de depozitat<\/li>\n<\/ul>\n<p><strong>Specificatii:<\/strong><\/p>\n<\/p>\n<p>&#8211; Material: Plastic<\/p>\n<p>&#8211; Finisaj: Lucios<\/p>\n<p>&#8211; Dimensiuni: 22 x 31 x 8.5 cm<\/p>","protected":false},"excerpt":{"rendered":"<p>Culoare: Negru Suport pentru bijuterii, tip bust \u2013 din plastic, 22 x 31 x 8,5 cm Expune-\u021bi colierele, lan\u021burile sau<\/p>","protected":false},"featured_media":14129,"comment_status":"open","ping_status":"open","template":"","meta":[],"product_brand":[],"product_cat":[99,186,106],"product_tag":[104],"class_list":{"0":"post-14128","1":"product","2":"type-product","3":"status-publish","4":"has-post-thumbnail","6":"product_cat-acasa","7":"product_cat-bratari-si-bijuterii","8":"product_cat-fashion-accesorii","9":"product_tag-in-stoc","10":"pa_culoare-negru","12":"first","13":"instock","14":"sale","15":"purchasable","16":"product-type-simple"},"yoast_head":"<!-- This site is optimized with the Yoast SEO plugin v27.2 - https:\/\/yoast.com\/product\/yoast-seo-wordpress\/ -->\n<title>Suport bijuterii, tip bust, din plastic, 22cm x 31cm x 8,5cm, Gonga\u00ae | ZOKO<\/title>\n<meta name=\"robots\" content=\"index, follow, max-snippet:-1, max-image-preview:large, max-video-preview:-1\" \/>\n<link rel=\"canonical\" href=\"https:\/\/www.zoko.ro\/en\/p\/suport-bijuterii-tip-bust-din-plastic-22cm-x-31cm-x-85cm-gonga\/\" \/>\n<meta property=\"og:locale\" content=\"en_GB\" \/>\n<meta property=\"og:type\" content=\"article\" \/>\n<meta property=\"og:title\" content=\"Suport bijuterii, tip bust, din plastic, 22cm x 31cm x 8,5cm, Gonga\u00ae | ZOKO\" \/>\n<meta property=\"og:description\" content=\"Culoare: Negru Suport pentru bijuterii, tip bust \u2013 din plastic, 22 x 31 x 8,5 cm Expune-\u021bi colierele, lan\u021burile sau\" \/>\n<meta property=\"og:url\" content=\"https:\/\/www.zoko.ro\/en\/p\/suport-bijuterii-tip-bust-din-plastic-22cm-x-31cm-x-85cm-gonga\/\" \/>\n<meta property=\"og:site_name\" content=\"ZOKO\" \/>\n<meta property=\"article:publisher\" content=\"https:\/\/www.facebook.com\/profile.php?id=61584344135075\" \/>\n<meta property=\"og:image\" content=\"https:\/\/www.zoko.ro\/wp-content\/uploads\/2025\/07\/suport-bijuterii-tip-bust-din-plastic-22cm-x-31cm-x-85cm-gonga.jpg\" \/>\n\t<meta property=\"og:image:width\" content=\"800\" \/>\n\t<meta property=\"og:image:height\" content=\"800\" \/>\n\t<meta property=\"og:image:type\" content=\"image\/jpeg\" \/>\n<meta name=\"twitter:card\" content=\"summary_large_image\" \/>\n<meta name=\"twitter:label1\" content=\"Estimated reading time\" \/>\n\t<meta name=\"twitter:data1\" content=\"1 minute\" \/>\n<script type=\"application\/ld+json\" class=\"yoast-schema-graph\">{\"@context\":\"https:\/\/schema.org\",\"@graph\":[{\"@type\":\"WebPage\",\"@id\":\"https:\/\/www.zoko.ro\/p\/suport-bijuterii-tip-bust-din-plastic-22cm-x-31cm-x-85cm-gonga\/\",\"url\":\"https:\/\/www.zoko.ro\/p\/suport-bijuterii-tip-bust-din-plastic-22cm-x-31cm-x-85cm-gonga\/\",\"name\":\"Suport bijuterii, tip bust, din plastic, 22cm x 31cm x 8,5cm, Gonga\u00ae | ZOKO\",\"isPartOf\":{\"@id\":\"https:\/\/www.zoko.ro\/#website\"},\"primaryImageOfPage\":{\"@id\":\"https:\/\/www.zoko.ro\/p\/suport-bijuterii-tip-bust-din-plastic-22cm-x-31cm-x-85cm-gonga\/#primaryimage\"},\"image\":{\"@id\":\"https:\/\/www.zoko.ro\/p\/suport-bijuterii-tip-bust-din-plastic-22cm-x-31cm-x-85cm-gonga\/#primaryimage\"},\"thumbnailUrl\":\"https:\/\/www.zoko.ro\/wp-content\/uploads\/2025\/07\/suport-bijuterii-tip-bust-din-plastic-22cm-x-31cm-x-85cm-gonga.jpg\",\"datePublished\":\"2026-04-28T21:38:15+00:00\",\"breadcrumb\":{\"@id\":\"https:\/\/www.zoko.ro\/p\/suport-bijuterii-tip-bust-din-plastic-22cm-x-31cm-x-85cm-gonga\/#breadcrumb\"},\"inLanguage\":\"en-GB\",\"potentialAction\":[{\"@type\":\"ReadAction\",\"target\":[\"https:\/\/www.zoko.ro\/p\/suport-bijuterii-tip-bust-din-plastic-22cm-x-31cm-x-85cm-gonga\/\"]}]},{\"@type\":\"ImageObject\",\"inLanguage\":\"en-GB\",\"@id\":\"https:\/\/www.zoko.ro\/p\/suport-bijuterii-tip-bust-din-plastic-22cm-x-31cm-x-85cm-gonga\/#primaryimage\",\"url\":\"https:\/\/www.zoko.ro\/wp-content\/uploads\/2025\/07\/suport-bijuterii-tip-bust-din-plastic-22cm-x-31cm-x-85cm-gonga.jpg\",\"contentUrl\":\"https:\/\/www.zoko.ro\/wp-content\/uploads\/2025\/07\/suport-bijuterii-tip-bust-din-plastic-22cm-x-31cm-x-85cm-gonga.jpg\",\"width\":800,\"height\":800},{\"@type\":\"BreadcrumbList\",\"@id\":\"https:\/\/www.zoko.ro\/p\/suport-bijuterii-tip-bust-din-plastic-22cm-x-31cm-x-85cm-gonga\/#breadcrumb\",\"itemListElement\":[{\"@type\":\"ListItem\",\"position\":1,\"name\":\"Home\",\"item\":\"https:\/\/www.zoko.ro\/\"},{\"@type\":\"ListItem\",\"position\":2,\"name\":\"Magazin\",\"item\":\"https:\/\/www.zoko.ro\/magazin\/\"},{\"@type\":\"ListItem\",\"position\":3,\"name\":\"Suport bijuterii, tip bust, din plastic, 22cm x 31cm x 8,5cm, Gonga\u00ae\"}]},{\"@type\":\"WebSite\",\"@id\":\"https:\/\/www.zoko.ro\/#website\",\"url\":\"https:\/\/www.zoko.ro\/\",\"name\":\"ZOKO.ro\",\"description\":\"Cump\u0103r\u0103 inteligent\",\"publisher\":{\"@id\":\"https:\/\/www.zoko.ro\/#organization\"},\"potentialAction\":[{\"@type\":\"SearchAction\",\"target\":{\"@type\":\"EntryPoint\",\"urlTemplate\":\"https:\/\/www.zoko.ro\/?s={search_term_string}\"},\"query-input\":{\"@type\":\"PropertyValueSpecification\",\"valueRequired\":true,\"valueName\":\"search_term_string\"}}],\"inLanguage\":\"en-GB\"},{\"@type\":\"Organization\",\"@id\":\"https:\/\/www.zoko.ro\/#organization\",\"name\":\"ZOKO\",\"url\":\"https:\/\/www.zoko.ro\/\",\"logo\":{\"@type\":\"ImageObject\",\"inLanguage\":\"en-GB\",\"@id\":\"https:\/\/www.zoko.ro\/#\/schema\/logo\/image\/\",\"url\":\"https:\/\/www.zoko.ro\/wp-content\/uploads\/2025\/03\/logo1.svg\",\"contentUrl\":\"https:\/\/www.zoko.ro\/wp-content\/uploads\/2025\/03\/logo1.svg\",\"width\":799,\"height\":216,\"caption\":\"ZOKO\"},\"image\":{\"@id\":\"https:\/\/www.zoko.ro\/#\/schema\/logo\/image\/\"},\"sameAs\":[\"https:\/\/www.facebook.com\/profile.php?id=61584344135075\"]}]}<\/script>\n<!-- \/ Yoast SEO plugin. -->","yoast_head_json":{"title":"Suport bijuterii, tip bust, din plastic, 22cm x 31cm x 8,5cm, Gonga\u00ae | ZOKO","robots":{"index":"index","follow":"follow","max-snippet":"max-snippet:-1","max-image-preview":"max-image-preview:large","max-video-preview":"max-video-preview:-1"},"canonical":"https:\/\/www.zoko.ro\/en\/p\/suport-bijuterii-tip-bust-din-plastic-22cm-x-31cm-x-85cm-gonga\/","og_locale":"en_GB","og_type":"article","og_title":"Suport bijuterii, tip bust, din plastic, 22cm x 31cm x 8,5cm, Gonga\u00ae | ZOKO","og_description":"Culoare: Negru Suport pentru bijuterii, tip bust \u2013 din plastic, 22 x 31 x 8,5 cm Expune-\u021bi colierele, lan\u021burile sau","og_url":"https:\/\/www.zoko.ro\/en\/p\/suport-bijuterii-tip-bust-din-plastic-22cm-x-31cm-x-85cm-gonga\/","og_site_name":"ZOKO","article_publisher":"https:\/\/www.facebook.com\/profile.php?id=61584344135075","og_image":[{"width":800,"height":800,"url":"https:\/\/www.zoko.ro\/wp-content\/uploads\/2025\/07\/suport-bijuterii-tip-bust-din-plastic-22cm-x-31cm-x-85cm-gonga.jpg","type":"image\/jpeg"}],"twitter_card":"summary_large_image","twitter_misc":{"Estimated reading time":"1 minute"},"schema":{"@context":"https:\/\/schema.org","@graph":[{"@type":"WebPage","@id":"https:\/\/www.zoko.ro\/p\/suport-bijuterii-tip-bust-din-plastic-22cm-x-31cm-x-85cm-gonga\/","url":"https:\/\/www.zoko.ro\/p\/suport-bijuterii-tip-bust-din-plastic-22cm-x-31cm-x-85cm-gonga\/","name":"Suport bijuterii, tip bust, din plastic, 22cm x 31cm x 8,5cm, Gonga\u00ae | ZOKO","isPartOf":{"@id":"https:\/\/www.zoko.ro\/#website"},"primaryImageOfPage":{"@id":"https:\/\/www.zoko.ro\/p\/suport-bijuterii-tip-bust-din-plastic-22cm-x-31cm-x-85cm-gonga\/#primaryimage"},"image":{"@id":"https:\/\/www.zoko.ro\/p\/suport-bijuterii-tip-bust-din-plastic-22cm-x-31cm-x-85cm-gonga\/#primaryimage"},"thumbnailUrl":"https:\/\/www.zoko.ro\/wp-content\/uploads\/2025\/07\/suport-bijuterii-tip-bust-din-plastic-22cm-x-31cm-x-85cm-gonga.jpg","datePublished":"2026-04-28T21:38:15+00:00","breadcrumb":{"@id":"https:\/\/www.zoko.ro\/p\/suport-bijuterii-tip-bust-din-plastic-22cm-x-31cm-x-85cm-gonga\/#breadcrumb"},"inLanguage":"en-GB","potentialAction":[{"@type":"ReadAction","target":["https:\/\/www.zoko.ro\/p\/suport-bijuterii-tip-bust-din-plastic-22cm-x-31cm-x-85cm-gonga\/"]}]},{"@type":"ImageObject","inLanguage":"en-GB","@id":"https:\/\/www.zoko.ro\/p\/suport-bijuterii-tip-bust-din-plastic-22cm-x-31cm-x-85cm-gonga\/#primaryimage","url":"https:\/\/www.zoko.ro\/wp-content\/uploads\/2025\/07\/suport-bijuterii-tip-bust-din-plastic-22cm-x-31cm-x-85cm-gonga.jpg","contentUrl":"https:\/\/www.zoko.ro\/wp-content\/uploads\/2025\/07\/suport-bijuterii-tip-bust-din-plastic-22cm-x-31cm-x-85cm-gonga.jpg","width":800,"height":800},{"@type":"BreadcrumbList","@id":"https:\/\/www.zoko.ro\/p\/suport-bijuterii-tip-bust-din-plastic-22cm-x-31cm-x-85cm-gonga\/#breadcrumb","itemListElement":[{"@type":"ListItem","position":1,"name":"Home","item":"https:\/\/www.zoko.ro\/"},{"@type":"ListItem","position":2,"name":"Magazin","item":"https:\/\/www.zoko.ro\/magazin\/"},{"@type":"ListItem","position":3,"name":"Suport bijuterii, tip bust, din plastic, 22cm x 31cm x 8,5cm, Gonga\u00ae"}]},{"@type":"WebSite","@id":"https:\/\/www.zoko.ro\/#website","url":"https:\/\/www.zoko.ro\/","name":"ZOKO.ro","description":"Cump\u0103r\u0103 inteligent","publisher":{"@id":"https:\/\/www.zoko.ro\/#organization"},"potentialAction":[{"@type":"SearchAction","target":{"@type":"EntryPoint","urlTemplate":"https:\/\/www.zoko.ro\/?s={search_term_string}"},"query-input":{"@type":"PropertyValueSpecification","valueRequired":true,"valueName":"search_term_string"}}],"inLanguage":"en-GB"},{"@type":"Organization","@id":"https:\/\/www.zoko.ro\/#organization","name":"ZOKO","url":"https:\/\/www.zoko.ro\/","logo":{"@type":"ImageObject","inLanguage":"en-GB","@id":"https:\/\/www.zoko.ro\/#\/schema\/logo\/image\/","url":"https:\/\/www.zoko.ro\/wp-content\/uploads\/2025\/03\/logo1.svg","contentUrl":"https:\/\/www.zoko.ro\/wp-content\/uploads\/2025\/03\/logo1.svg","width":799,"height":216,"caption":"ZOKO"},"image":{"@id":"https:\/\/www.zoko.ro\/#\/schema\/logo\/image\/"},"sameAs":["https:\/\/www.facebook.com\/profile.php?id=61584344135075"]}]}},"_links":{"self":[{"href":"https:\/\/www.zoko.ro\/en\/wp-json\/wp\/v2\/product\/14128","targetHints":{"allow":["GET"]}}],"collection":[{"href":"https:\/\/www.zoko.ro\/en\/wp-json\/wp\/v2\/product"}],"about":[{"href":"https:\/\/www.zoko.ro\/en\/wp-json\/wp\/v2\/types\/product"}],"replies":[{"embeddable":true,"href":"https:\/\/www.zoko.ro\/en\/wp-json\/wp\/v2\/comments?post=14128"}],"version-history":[{"count":1,"href":"https:\/\/www.zoko.ro\/en\/wp-json\/wp\/v2\/product\/14128\/revisions"}],"predecessor-version":[{"id":14148,"href":"https:\/\/www.zoko.ro\/en\/wp-json\/wp\/v2\/product\/14128\/revisions\/14148"}],"wp:featuredmedia":[{"embeddable":true,"href":"https:\/\/www.zoko.ro\/en\/wp-json\/wp\/v2\/media\/14129"}],"wp:attachment":[{"href":"https:\/\/www.zoko.ro\/en\/wp-json\/wp\/v2\/media?parent=14128"}],"wp:term":[{"taxonomy":"product_brand","embeddable":true,"href":"https:\/\/www.zoko.ro\/en\/wp-json\/wp\/v2\/product_brand?post=14128"},{"taxonomy":"product_cat","embeddable":true,"href":"https:\/\/www.zoko.ro\/en\/wp-json\/wp\/v2\/product_cat?post=14128"},{"taxonomy":"product_tag","embeddable":true,"href":"https:\/\/www.zoko.ro\/en\/wp-json\/wp\/v2\/product_tag?post=14128"}],"curies":[{"name":"wp","href":"https:\/\/api.w.org\/{rel}","templated":true}]}}