{"id":14130,"date":"2026-04-28T23:38:16","date_gmt":"2026-04-28T21:38:16","guid":{"rendered":"https:\/\/www.zoko.ro\/?post_type=product&#038;p=14130"},"modified":"2026-04-28T23:38:16","modified_gmt":"2026-04-28T21:38:16","slug":"suport-cilindric-pentru-bratari-expunere-eleganta-din-catifea-inaltime-16-cm-gonga","status":"publish","type":"product","link":"https:\/\/www.zoko.ro\/en\/p\/suport-cilindric-pentru-bratari-expunere-eleganta-din-catifea-inaltime-16-cm-gonga\/","title":{"rendered":"Suport cilindric pentru br\u0103\u021b\u0103ri, expunere elegant\u0103 din catifea, \u00een\u0103l\u021bime 16 cm, Gonga\u00ae"},"content":{"rendered":"<p><strong>Culoare:<\/strong> Roz<\/p>\n<p><strong>Suport cilindric pentru br\u0103\u021b\u0103ri \u2013 catifea roz, \u00een\u0103l\u021bime 16 cm<\/strong><\/p>\n<p><img loading=\"lazy\" decoding=\"async\" src=\"https:\/\/gonga.ro\/img\/cms\/Suport%20cilindric%20pentru%20br%C4%83%C8%9B%C4%83ri,%20expunere%20elegant%C4%83%20din%20catifea,%20%C3%AEn%C4%83l%C8%9Bime%2015%20cm,%20roz,%20Noem%C2%AE.jpg\" alt=\"\" width=\"800\" height=\"800\" \/><\/p>\n<p>Adu un plus de elegan\u021b\u0103 organiz\u0103rii bijuteriilor tale cu acest suport cilindric pentru br\u0103\u021b\u0103ri, special conceput pentru expunerea estetic\u0103 \u0219i protejarea accesoriilor. Cu o \u00een\u0103l\u021bime de 16 cm, suportul este ideal pentru br\u0103\u021b\u0103ri, ceasuri, elastice de p\u0103r sau chiar lan\u021buri mai scurte.<\/p>\n<p>\u00cembr\u0103cat \u00een catifea fin\u0103 de culoare roz, ofer\u0103 un aspect rafinat \u0219i delicat, protej\u00e2nd bijuteriile de zg\u00e2rieturi \u0219i praf. Forma sa cilindric\u0103 permite o vizualizare clar\u0103 \u0219i acces rapid la fiecare pies\u0103, fiind perfect at\u00e2t pentru uz personal, c\u00e2t \u0219i pentru vitrine sau standuri de prezentare.<\/p>\n<\/p>\n<p><strong>Caracteristici principale:<\/strong><\/p>\n<ol>\n<li>Design cilindric pentru expunere elegant\u0103<\/li>\n<li>Ideal pentru br\u0103\u021b\u0103ri, ceasuri \u0219i accesorii<\/li>\n<li>Potrivit pentru acas\u0103, magazine sau expozi\u021bii<\/li>\n<\/ol>\n<p><strong>Specificatii:<\/strong><\/p>\n<\/p>\n<p>&#8211; Material: Catifea<\/p>\n<p>&#8211; Lungime: 23,2 cm<\/p>\n<p>&#8211; \u00cen\u0103l\u021bime: 16 cm<\/p>\n<p>&#8211; Lungimea piciorului: 10 cm<\/p>\n<p>&#8211; L\u0103\u021bimea piciorului: 7,1 cm<\/p>","protected":false},"excerpt":{"rendered":"<p>Culoare: Roz Suport cilindric pentru br\u0103\u021b\u0103ri \u2013 catifea roz, \u00een\u0103l\u021bime 16 cm Adu un plus de elegan\u021b\u0103 organiz\u0103rii bijuteriilor tale<\/p>","protected":false},"featured_media":14131,"comment_status":"open","ping_status":"open","template":"","meta":[],"product_brand":[],"product_cat":[99,186,106],"product_tag":[104],"class_list":{"0":"post-14130","1":"product","2":"type-product","3":"status-publish","4":"has-post-thumbnail","6":"product_cat-acasa","7":"product_cat-bratari-si-bijuterii","8":"product_cat-fashion-accesorii","9":"product_tag-in-stoc","10":"pa_culoare-roz","12":"first","13":"instock","14":"sale","15":"purchasable","16":"product-type-simple"},"yoast_head":"<!-- This site is optimized with the Yoast SEO plugin v27.2 - https:\/\/yoast.com\/product\/yoast-seo-wordpress\/ -->\n<title>Suport cilindric pentru br\u0103\u021b\u0103ri, expunere elegant\u0103 din catifea, \u00een\u0103l\u021bime 16 cm, Gonga\u00ae | ZOKO<\/title>\n<meta name=\"robots\" content=\"index, follow, max-snippet:-1, max-image-preview:large, max-video-preview:-1\" \/>\n<link rel=\"canonical\" href=\"https:\/\/www.zoko.ro\/en\/p\/suport-cilindric-pentru-bratari-expunere-eleganta-din-catifea-inaltime-16-cm-gonga\/\" \/>\n<meta property=\"og:locale\" content=\"en_GB\" \/>\n<meta property=\"og:type\" content=\"article\" \/>\n<meta property=\"og:title\" content=\"Suport cilindric pentru br\u0103\u021b\u0103ri, expunere elegant\u0103 din catifea, \u00een\u0103l\u021bime 16 cm, Gonga\u00ae | ZOKO\" \/>\n<meta property=\"og:description\" content=\"Culoare: Roz Suport cilindric pentru br\u0103\u021b\u0103ri \u2013 catifea roz, \u00een\u0103l\u021bime 16 cm Adu un plus de elegan\u021b\u0103 organiz\u0103rii bijuteriilor tale\" \/>\n<meta property=\"og:url\" content=\"https:\/\/www.zoko.ro\/en\/p\/suport-cilindric-pentru-bratari-expunere-eleganta-din-catifea-inaltime-16-cm-gonga\/\" \/>\n<meta property=\"og:site_name\" content=\"ZOKO\" \/>\n<meta property=\"article:publisher\" content=\"https:\/\/www.facebook.com\/profile.php?id=61584344135075\" \/>\n<meta property=\"og:image\" content=\"https:\/\/www.zoko.ro\/wp-content\/uploads\/2025\/07\/suport-cilindric-pentru-braari-expunere-eleganta-din-catifea-inalime-16-cm-roz.jpg\" \/>\n\t<meta property=\"og:image:width\" content=\"800\" \/>\n\t<meta property=\"og:image:height\" content=\"800\" \/>\n\t<meta property=\"og:image:type\" content=\"image\/jpeg\" \/>\n<meta name=\"twitter:card\" content=\"summary_large_image\" \/>\n<meta name=\"twitter:label1\" content=\"Estimated reading time\" \/>\n\t<meta name=\"twitter:data1\" content=\"1 minute\" \/>\n<script type=\"application\/ld+json\" class=\"yoast-schema-graph\">{\"@context\":\"https:\/\/schema.org\",\"@graph\":[{\"@type\":\"WebPage\",\"@id\":\"https:\/\/www.zoko.ro\/p\/suport-cilindric-pentru-bratari-expunere-eleganta-din-catifea-inaltime-16-cm-gonga\/\",\"url\":\"https:\/\/www.zoko.ro\/p\/suport-cilindric-pentru-bratari-expunere-eleganta-din-catifea-inaltime-16-cm-gonga\/\",\"name\":\"Suport cilindric pentru br\u0103\u021b\u0103ri, expunere elegant\u0103 din catifea, \u00een\u0103l\u021bime 16 cm, Gonga\u00ae | ZOKO\",\"isPartOf\":{\"@id\":\"https:\/\/www.zoko.ro\/#website\"},\"primaryImageOfPage\":{\"@id\":\"https:\/\/www.zoko.ro\/p\/suport-cilindric-pentru-bratari-expunere-eleganta-din-catifea-inaltime-16-cm-gonga\/#primaryimage\"},\"image\":{\"@id\":\"https:\/\/www.zoko.ro\/p\/suport-cilindric-pentru-bratari-expunere-eleganta-din-catifea-inaltime-16-cm-gonga\/#primaryimage\"},\"thumbnailUrl\":\"https:\/\/www.zoko.ro\/wp-content\/uploads\/2025\/07\/suport-cilindric-pentru-braari-expunere-eleganta-din-catifea-inalime-16-cm-roz.jpg\",\"datePublished\":\"2026-04-28T21:38:16+00:00\",\"breadcrumb\":{\"@id\":\"https:\/\/www.zoko.ro\/p\/suport-cilindric-pentru-bratari-expunere-eleganta-din-catifea-inaltime-16-cm-gonga\/#breadcrumb\"},\"inLanguage\":\"en-GB\",\"potentialAction\":[{\"@type\":\"ReadAction\",\"target\":[\"https:\/\/www.zoko.ro\/p\/suport-cilindric-pentru-bratari-expunere-eleganta-din-catifea-inaltime-16-cm-gonga\/\"]}]},{\"@type\":\"ImageObject\",\"inLanguage\":\"en-GB\",\"@id\":\"https:\/\/www.zoko.ro\/p\/suport-cilindric-pentru-bratari-expunere-eleganta-din-catifea-inaltime-16-cm-gonga\/#primaryimage\",\"url\":\"https:\/\/www.zoko.ro\/wp-content\/uploads\/2025\/07\/suport-cilindric-pentru-braari-expunere-eleganta-din-catifea-inalime-16-cm-roz.jpg\",\"contentUrl\":\"https:\/\/www.zoko.ro\/wp-content\/uploads\/2025\/07\/suport-cilindric-pentru-braari-expunere-eleganta-din-catifea-inalime-16-cm-roz.jpg\",\"width\":800,\"height\":800},{\"@type\":\"BreadcrumbList\",\"@id\":\"https:\/\/www.zoko.ro\/p\/suport-cilindric-pentru-bratari-expunere-eleganta-din-catifea-inaltime-16-cm-gonga\/#breadcrumb\",\"itemListElement\":[{\"@type\":\"ListItem\",\"position\":1,\"name\":\"Home\",\"item\":\"https:\/\/www.zoko.ro\/\"},{\"@type\":\"ListItem\",\"position\":2,\"name\":\"Magazin\",\"item\":\"https:\/\/www.zoko.ro\/magazin\/\"},{\"@type\":\"ListItem\",\"position\":3,\"name\":\"Suport cilindric pentru br\u0103\u021b\u0103ri, expunere elegant\u0103 din catifea, \u00een\u0103l\u021bime 16 cm, Gonga\u00ae\"}]},{\"@type\":\"WebSite\",\"@id\":\"https:\/\/www.zoko.ro\/#website\",\"url\":\"https:\/\/www.zoko.ro\/\",\"name\":\"ZOKO.ro\",\"description\":\"Cump\u0103r\u0103 inteligent\",\"publisher\":{\"@id\":\"https:\/\/www.zoko.ro\/#organization\"},\"potentialAction\":[{\"@type\":\"SearchAction\",\"target\":{\"@type\":\"EntryPoint\",\"urlTemplate\":\"https:\/\/www.zoko.ro\/?s={search_term_string}\"},\"query-input\":{\"@type\":\"PropertyValueSpecification\",\"valueRequired\":true,\"valueName\":\"search_term_string\"}}],\"inLanguage\":\"en-GB\"},{\"@type\":\"Organization\",\"@id\":\"https:\/\/www.zoko.ro\/#organization\",\"name\":\"ZOKO\",\"url\":\"https:\/\/www.zoko.ro\/\",\"logo\":{\"@type\":\"ImageObject\",\"inLanguage\":\"en-GB\",\"@id\":\"https:\/\/www.zoko.ro\/#\/schema\/logo\/image\/\",\"url\":\"https:\/\/www.zoko.ro\/wp-content\/uploads\/2025\/03\/logo1.svg\",\"contentUrl\":\"https:\/\/www.zoko.ro\/wp-content\/uploads\/2025\/03\/logo1.svg\",\"width\":799,\"height\":216,\"caption\":\"ZOKO\"},\"image\":{\"@id\":\"https:\/\/www.zoko.ro\/#\/schema\/logo\/image\/\"},\"sameAs\":[\"https:\/\/www.facebook.com\/profile.php?id=61584344135075\"]}]}<\/script>\n<!-- \/ Yoast SEO plugin. -->","yoast_head_json":{"title":"Suport cilindric pentru br\u0103\u021b\u0103ri, expunere elegant\u0103 din catifea, \u00een\u0103l\u021bime 16 cm, Gonga\u00ae | ZOKO","robots":{"index":"index","follow":"follow","max-snippet":"max-snippet:-1","max-image-preview":"max-image-preview:large","max-video-preview":"max-video-preview:-1"},"canonical":"https:\/\/www.zoko.ro\/en\/p\/suport-cilindric-pentru-bratari-expunere-eleganta-din-catifea-inaltime-16-cm-gonga\/","og_locale":"en_GB","og_type":"article","og_title":"Suport cilindric pentru br\u0103\u021b\u0103ri, expunere elegant\u0103 din catifea, \u00een\u0103l\u021bime 16 cm, Gonga\u00ae | ZOKO","og_description":"Culoare: Roz Suport cilindric pentru br\u0103\u021b\u0103ri \u2013 catifea roz, \u00een\u0103l\u021bime 16 cm Adu un plus de elegan\u021b\u0103 organiz\u0103rii bijuteriilor tale","og_url":"https:\/\/www.zoko.ro\/en\/p\/suport-cilindric-pentru-bratari-expunere-eleganta-din-catifea-inaltime-16-cm-gonga\/","og_site_name":"ZOKO","article_publisher":"https:\/\/www.facebook.com\/profile.php?id=61584344135075","og_image":[{"width":800,"height":800,"url":"https:\/\/www.zoko.ro\/wp-content\/uploads\/2025\/07\/suport-cilindric-pentru-braari-expunere-eleganta-din-catifea-inalime-16-cm-roz.jpg","type":"image\/jpeg"}],"twitter_card":"summary_large_image","twitter_misc":{"Estimated reading time":"1 minute"},"schema":{"@context":"https:\/\/schema.org","@graph":[{"@type":"WebPage","@id":"https:\/\/www.zoko.ro\/p\/suport-cilindric-pentru-bratari-expunere-eleganta-din-catifea-inaltime-16-cm-gonga\/","url":"https:\/\/www.zoko.ro\/p\/suport-cilindric-pentru-bratari-expunere-eleganta-din-catifea-inaltime-16-cm-gonga\/","name":"Suport cilindric pentru br\u0103\u021b\u0103ri, expunere elegant\u0103 din catifea, \u00een\u0103l\u021bime 16 cm, Gonga\u00ae | ZOKO","isPartOf":{"@id":"https:\/\/www.zoko.ro\/#website"},"primaryImageOfPage":{"@id":"https:\/\/www.zoko.ro\/p\/suport-cilindric-pentru-bratari-expunere-eleganta-din-catifea-inaltime-16-cm-gonga\/#primaryimage"},"image":{"@id":"https:\/\/www.zoko.ro\/p\/suport-cilindric-pentru-bratari-expunere-eleganta-din-catifea-inaltime-16-cm-gonga\/#primaryimage"},"thumbnailUrl":"https:\/\/www.zoko.ro\/wp-content\/uploads\/2025\/07\/suport-cilindric-pentru-braari-expunere-eleganta-din-catifea-inalime-16-cm-roz.jpg","datePublished":"2026-04-28T21:38:16+00:00","breadcrumb":{"@id":"https:\/\/www.zoko.ro\/p\/suport-cilindric-pentru-bratari-expunere-eleganta-din-catifea-inaltime-16-cm-gonga\/#breadcrumb"},"inLanguage":"en-GB","potentialAction":[{"@type":"ReadAction","target":["https:\/\/www.zoko.ro\/p\/suport-cilindric-pentru-bratari-expunere-eleganta-din-catifea-inaltime-16-cm-gonga\/"]}]},{"@type":"ImageObject","inLanguage":"en-GB","@id":"https:\/\/www.zoko.ro\/p\/suport-cilindric-pentru-bratari-expunere-eleganta-din-catifea-inaltime-16-cm-gonga\/#primaryimage","url":"https:\/\/www.zoko.ro\/wp-content\/uploads\/2025\/07\/suport-cilindric-pentru-braari-expunere-eleganta-din-catifea-inalime-16-cm-roz.jpg","contentUrl":"https:\/\/www.zoko.ro\/wp-content\/uploads\/2025\/07\/suport-cilindric-pentru-braari-expunere-eleganta-din-catifea-inalime-16-cm-roz.jpg","width":800,"height":800},{"@type":"BreadcrumbList","@id":"https:\/\/www.zoko.ro\/p\/suport-cilindric-pentru-bratari-expunere-eleganta-din-catifea-inaltime-16-cm-gonga\/#breadcrumb","itemListElement":[{"@type":"ListItem","position":1,"name":"Home","item":"https:\/\/www.zoko.ro\/"},{"@type":"ListItem","position":2,"name":"Magazin","item":"https:\/\/www.zoko.ro\/magazin\/"},{"@type":"ListItem","position":3,"name":"Suport cilindric pentru br\u0103\u021b\u0103ri, expunere elegant\u0103 din catifea, \u00een\u0103l\u021bime 16 cm, Gonga\u00ae"}]},{"@type":"WebSite","@id":"https:\/\/www.zoko.ro\/#website","url":"https:\/\/www.zoko.ro\/","name":"ZOKO.ro","description":"Cump\u0103r\u0103 inteligent","publisher":{"@id":"https:\/\/www.zoko.ro\/#organization"},"potentialAction":[{"@type":"SearchAction","target":{"@type":"EntryPoint","urlTemplate":"https:\/\/www.zoko.ro\/?s={search_term_string}"},"query-input":{"@type":"PropertyValueSpecification","valueRequired":true,"valueName":"search_term_string"}}],"inLanguage":"en-GB"},{"@type":"Organization","@id":"https:\/\/www.zoko.ro\/#organization","name":"ZOKO","url":"https:\/\/www.zoko.ro\/","logo":{"@type":"ImageObject","inLanguage":"en-GB","@id":"https:\/\/www.zoko.ro\/#\/schema\/logo\/image\/","url":"https:\/\/www.zoko.ro\/wp-content\/uploads\/2025\/03\/logo1.svg","contentUrl":"https:\/\/www.zoko.ro\/wp-content\/uploads\/2025\/03\/logo1.svg","width":799,"height":216,"caption":"ZOKO"},"image":{"@id":"https:\/\/www.zoko.ro\/#\/schema\/logo\/image\/"},"sameAs":["https:\/\/www.facebook.com\/profile.php?id=61584344135075"]}]}},"_links":{"self":[{"href":"https:\/\/www.zoko.ro\/en\/wp-json\/wp\/v2\/product\/14130","targetHints":{"allow":["GET"]}}],"collection":[{"href":"https:\/\/www.zoko.ro\/en\/wp-json\/wp\/v2\/product"}],"about":[{"href":"https:\/\/www.zoko.ro\/en\/wp-json\/wp\/v2\/types\/product"}],"replies":[{"embeddable":true,"href":"https:\/\/www.zoko.ro\/en\/wp-json\/wp\/v2\/comments?post=14130"}],"version-history":[{"count":1,"href":"https:\/\/www.zoko.ro\/en\/wp-json\/wp\/v2\/product\/14130\/revisions"}],"predecessor-version":[{"id":14149,"href":"https:\/\/www.zoko.ro\/en\/wp-json\/wp\/v2\/product\/14130\/revisions\/14149"}],"wp:featuredmedia":[{"embeddable":true,"href":"https:\/\/www.zoko.ro\/en\/wp-json\/wp\/v2\/media\/14131"}],"wp:attachment":[{"href":"https:\/\/www.zoko.ro\/en\/wp-json\/wp\/v2\/media?parent=14130"}],"wp:term":[{"taxonomy":"product_brand","embeddable":true,"href":"https:\/\/www.zoko.ro\/en\/wp-json\/wp\/v2\/product_brand?post=14130"},{"taxonomy":"product_cat","embeddable":true,"href":"https:\/\/www.zoko.ro\/en\/wp-json\/wp\/v2\/product_cat?post=14130"},{"taxonomy":"product_tag","embeddable":true,"href":"https:\/\/www.zoko.ro\/en\/wp-json\/wp\/v2\/product_tag?post=14130"}],"curies":[{"name":"wp","href":"https:\/\/api.w.org\/{rel}","templated":true}]}}