{"id":14191,"date":"2026-04-28T23:38:18","date_gmt":"2026-04-28T21:38:18","guid":{"rendered":"https:\/\/www.zoko.ro\/?post_type=product&#038;p=14191"},"modified":"2026-04-28T23:38:18","modified_gmt":"2026-04-28T21:38:18","slug":"tigaie-din-fonta-cu-maner-lung-pentru-foc-de-tabara-semineu-gratar-12x12x4-cm-gonga","status":"publish","type":"product","link":"https:\/\/www.zoko.ro\/en\/p\/tigaie-din-fonta-cu-maner-lung-pentru-foc-de-tabara-semineu-gratar-12x12x4-cm-gonga\/","title":{"rendered":"Tigaie din font\u0103 cu m\u00e2ner lung pentru foc de tab\u0103r\u0103\/\u0219emineu\/gr\u0103tar, 12x12x4 cm, Gonga\u00ae"},"content":{"rendered":"<p><strong>Culoare:<\/strong> Negru<\/p>\n<p><strong>Tigaie din font\u0103 cu m\u00e2ner lung \u2013 pentru foc de tab\u0103r\u0103, \u0219emineu sau gr\u0103tar<\/strong><\/p>\n<p><img loading=\"lazy\" decoding=\"async\" src=\"https:\/\/gonga.ro\/img\/cms\/Tigaie%20din%20font%C4%83%20cu%20m%C3%A2ner%20lung%20pentru%20foc%20de%20tab%C4%83r%C4%832.jpeg\" alt=\"\" width=\"567\" height=\"850\" \/><\/p>\n<p>Descoper\u0103 pl\u0103cerea g\u0103titului \u00een aer liber sau la \u0219emineu cu tigaia din font\u0103. Solid\u0103 \u0219i durabil\u0103, cu m\u00e2ner lung, aceasta este alternativa perfect\u0103 la cazan pentru prepararea m\u00e2nc\u0103rurilor delicioase direct \u00een jarul focului.<\/p>\n<p>Pur \u0219i simplu pune legumele, carnea sau br\u00e2nza feta \u00een tigaie \u0219i las-o c\u00e2teva zeci de minute \u00een focul de tab\u0103r\u0103 pentru o gustare savuroas\u0103, aromat\u0103 \u0219i perfect g\u0103tit\u0103.<\/p>\n<p><img loading=\"lazy\" decoding=\"async\" src=\"https:\/\/gonga.ro\/img\/cms\/Tigaie%20din%20font%C4%83%20cu%20m%C3%A2ner%20lung%20pentru%20foc%20de%20tab%C4%83r%C4%831.jpeg\" alt=\"\" width=\"567\" height=\"850\" \/><\/p>\n<p><strong>Caracteristici principale:<\/strong><\/p>\n<ul>\n<li>Material: font\u0103 solid\u0103, durabil\u0103 \u0219i rezistent\u0103 la temperaturi ridicate<\/li>\n<li>M\u00e2ner lung: pentru manipulare sigur\u0103 deasupra jarului sau gr\u0103tarului<\/li>\n<li>Dimensiuni: 12 \u00d7 12 \u00d7 4 cm<\/li>\n<li>Utilizare: foc de tab\u0103r\u0103, \u0219emineu, gr\u0103tar, camping<\/li>\n<\/ul>\n<p><strong><img loading=\"lazy\" decoding=\"async\" src=\"https:\/\/gonga.ro\/img\/cms\/Tigaie%20din%20font%C4%83%20cu%20m%C3%A2ner%20lung%20pentru%20foc%20de%20tab%C4%83r%C4%83.jpeg\" alt=\"\" width=\"720\" height=\"723\" \/><\/strong><\/p>\n<p><strong>Beneficii:<\/strong><\/p>\n<ul>\n<li>G\u0103tit direct pe jar sau flac\u0103r\u0103 deschis\u0103<\/li>\n<li>Distribuie uniform c\u0103ldura pentru rezultate perfecte<\/li>\n<li>Ideal\u0103 pentru legume, carne, br\u00e2nzeturi sau toc\u0103ni\u021be<\/li>\n<li>Compact\u0103 \u0219i u\u0219or de transportat pentru camping \u0219i drume\u021bii<\/li>\n<\/ul>","protected":false},"excerpt":{"rendered":"<p>Culoare: Negru Tigaie din font\u0103 cu m\u00e2ner lung \u2013 pentru foc de tab\u0103r\u0103, \u0219emineu sau gr\u0103tar Descoper\u0103 pl\u0103cerea g\u0103titului \u00een<\/p>","protected":false},"featured_media":14192,"comment_status":"open","ping_status":"open","template":"","meta":[],"product_brand":[],"product_cat":[99,111,102],"product_tag":[104],"class_list":{"0":"post-14191","1":"product","2":"type-product","3":"status-publish","4":"has-post-thumbnail","6":"product_cat-acasa","7":"product_cat-camping-si-drumetii","8":"product_cat-sport-activitati-in-aer-liber","9":"product_tag-in-stoc","10":"pa_culoare-negru","12":"first","13":"instock","14":"sale","15":"purchasable","16":"product-type-simple"},"yoast_head":"<!-- This site is optimized with the Yoast SEO plugin v27.2 - https:\/\/yoast.com\/product\/yoast-seo-wordpress\/ -->\n<title>Tigaie din font\u0103 cu m\u00e2ner lung pentru foc de tab\u0103r\u0103\/\u0219emineu\/gr\u0103tar, 12x12x4 cm, Gonga\u00ae | ZOKO<\/title>\n<meta name=\"robots\" content=\"index, follow, max-snippet:-1, max-image-preview:large, max-video-preview:-1\" \/>\n<link rel=\"canonical\" href=\"https:\/\/www.zoko.ro\/en\/p\/tigaie-din-fonta-cu-maner-lung-pentru-foc-de-tabara-semineu-gratar-12x12x4-cm-gonga\/\" \/>\n<meta property=\"og:locale\" content=\"en_GB\" \/>\n<meta property=\"og:type\" content=\"article\" \/>\n<meta property=\"og:title\" content=\"Tigaie din font\u0103 cu m\u00e2ner lung pentru foc de tab\u0103r\u0103\/\u0219emineu\/gr\u0103tar, 12x12x4 cm, Gonga\u00ae | ZOKO\" \/>\n<meta property=\"og:description\" content=\"Culoare: Negru Tigaie din font\u0103 cu m\u00e2ner lung \u2013 pentru foc de tab\u0103r\u0103, \u0219emineu sau gr\u0103tar Descoper\u0103 pl\u0103cerea g\u0103titului \u00een\" \/>\n<meta property=\"og:url\" content=\"https:\/\/www.zoko.ro\/en\/p\/tigaie-din-fonta-cu-maner-lung-pentru-foc-de-tabara-semineu-gratar-12x12x4-cm-gonga\/\" \/>\n<meta property=\"og:site_name\" content=\"ZOKO\" \/>\n<meta property=\"article:publisher\" content=\"https:\/\/www.facebook.com\/profile.php?id=61584344135075\" \/>\n<meta property=\"og:image\" content=\"https:\/\/www.zoko.ro\/wp-content\/uploads\/2025\/10\/tigaie-din-fonta-cu-maner-lung-pentru-foc-de-tabaraemineugratar-12x12x4-cm-gonga.jpg\" \/>\n\t<meta property=\"og:image:width\" content=\"720\" \/>\n\t<meta property=\"og:image:height\" content=\"723\" \/>\n\t<meta property=\"og:image:type\" content=\"image\/jpeg\" \/>\n<meta name=\"twitter:card\" content=\"summary_large_image\" \/>\n<meta name=\"twitter:label1\" content=\"Estimated reading time\" \/>\n\t<meta name=\"twitter:data1\" content=\"1 minute\" \/>\n<script type=\"application\/ld+json\" class=\"yoast-schema-graph\">{\"@context\":\"https:\/\/schema.org\",\"@graph\":[{\"@type\":\"WebPage\",\"@id\":\"https:\/\/www.zoko.ro\/p\/tigaie-din-fonta-cu-maner-lung-pentru-foc-de-tabara-semineu-gratar-12x12x4-cm-gonga\/\",\"url\":\"https:\/\/www.zoko.ro\/p\/tigaie-din-fonta-cu-maner-lung-pentru-foc-de-tabara-semineu-gratar-12x12x4-cm-gonga\/\",\"name\":\"Tigaie din font\u0103 cu m\u00e2ner lung pentru foc de tab\u0103r\u0103\/\u0219emineu\/gr\u0103tar, 12x12x4 cm, Gonga\u00ae | ZOKO\",\"isPartOf\":{\"@id\":\"https:\/\/www.zoko.ro\/#website\"},\"primaryImageOfPage\":{\"@id\":\"https:\/\/www.zoko.ro\/p\/tigaie-din-fonta-cu-maner-lung-pentru-foc-de-tabara-semineu-gratar-12x12x4-cm-gonga\/#primaryimage\"},\"image\":{\"@id\":\"https:\/\/www.zoko.ro\/p\/tigaie-din-fonta-cu-maner-lung-pentru-foc-de-tabara-semineu-gratar-12x12x4-cm-gonga\/#primaryimage\"},\"thumbnailUrl\":\"https:\/\/www.zoko.ro\/wp-content\/uploads\/2025\/10\/tigaie-din-fonta-cu-maner-lung-pentru-foc-de-tabaraemineugratar-12x12x4-cm-gonga.jpg\",\"datePublished\":\"2026-04-28T21:38:18+00:00\",\"breadcrumb\":{\"@id\":\"https:\/\/www.zoko.ro\/p\/tigaie-din-fonta-cu-maner-lung-pentru-foc-de-tabara-semineu-gratar-12x12x4-cm-gonga\/#breadcrumb\"},\"inLanguage\":\"en-GB\",\"potentialAction\":[{\"@type\":\"ReadAction\",\"target\":[\"https:\/\/www.zoko.ro\/p\/tigaie-din-fonta-cu-maner-lung-pentru-foc-de-tabara-semineu-gratar-12x12x4-cm-gonga\/\"]}]},{\"@type\":\"ImageObject\",\"inLanguage\":\"en-GB\",\"@id\":\"https:\/\/www.zoko.ro\/p\/tigaie-din-fonta-cu-maner-lung-pentru-foc-de-tabara-semineu-gratar-12x12x4-cm-gonga\/#primaryimage\",\"url\":\"https:\/\/www.zoko.ro\/wp-content\/uploads\/2025\/10\/tigaie-din-fonta-cu-maner-lung-pentru-foc-de-tabaraemineugratar-12x12x4-cm-gonga.jpg\",\"contentUrl\":\"https:\/\/www.zoko.ro\/wp-content\/uploads\/2025\/10\/tigaie-din-fonta-cu-maner-lung-pentru-foc-de-tabaraemineugratar-12x12x4-cm-gonga.jpg\",\"width\":720,\"height\":723},{\"@type\":\"BreadcrumbList\",\"@id\":\"https:\/\/www.zoko.ro\/p\/tigaie-din-fonta-cu-maner-lung-pentru-foc-de-tabara-semineu-gratar-12x12x4-cm-gonga\/#breadcrumb\",\"itemListElement\":[{\"@type\":\"ListItem\",\"position\":1,\"name\":\"Home\",\"item\":\"https:\/\/www.zoko.ro\/\"},{\"@type\":\"ListItem\",\"position\":2,\"name\":\"Magazin\",\"item\":\"https:\/\/www.zoko.ro\/magazin\/\"},{\"@type\":\"ListItem\",\"position\":3,\"name\":\"Tigaie din font\u0103 cu m\u00e2ner lung pentru foc de tab\u0103r\u0103\/\u0219emineu\/gr\u0103tar, 12x12x4 cm, Gonga\u00ae\"}]},{\"@type\":\"WebSite\",\"@id\":\"https:\/\/www.zoko.ro\/#website\",\"url\":\"https:\/\/www.zoko.ro\/\",\"name\":\"ZOKO.ro\",\"description\":\"Cump\u0103r\u0103 inteligent\",\"publisher\":{\"@id\":\"https:\/\/www.zoko.ro\/#organization\"},\"potentialAction\":[{\"@type\":\"SearchAction\",\"target\":{\"@type\":\"EntryPoint\",\"urlTemplate\":\"https:\/\/www.zoko.ro\/?s={search_term_string}\"},\"query-input\":{\"@type\":\"PropertyValueSpecification\",\"valueRequired\":true,\"valueName\":\"search_term_string\"}}],\"inLanguage\":\"en-GB\"},{\"@type\":\"Organization\",\"@id\":\"https:\/\/www.zoko.ro\/#organization\",\"name\":\"ZOKO\",\"url\":\"https:\/\/www.zoko.ro\/\",\"logo\":{\"@type\":\"ImageObject\",\"inLanguage\":\"en-GB\",\"@id\":\"https:\/\/www.zoko.ro\/#\/schema\/logo\/image\/\",\"url\":\"https:\/\/www.zoko.ro\/wp-content\/uploads\/2025\/03\/logo1.svg\",\"contentUrl\":\"https:\/\/www.zoko.ro\/wp-content\/uploads\/2025\/03\/logo1.svg\",\"width\":799,\"height\":216,\"caption\":\"ZOKO\"},\"image\":{\"@id\":\"https:\/\/www.zoko.ro\/#\/schema\/logo\/image\/\"},\"sameAs\":[\"https:\/\/www.facebook.com\/profile.php?id=61584344135075\"]}]}<\/script>\n<!-- \/ Yoast SEO plugin. -->","yoast_head_json":{"title":"Tigaie din font\u0103 cu m\u00e2ner lung pentru foc de tab\u0103r\u0103\/\u0219emineu\/gr\u0103tar, 12x12x4 cm, Gonga\u00ae | ZOKO","robots":{"index":"index","follow":"follow","max-snippet":"max-snippet:-1","max-image-preview":"max-image-preview:large","max-video-preview":"max-video-preview:-1"},"canonical":"https:\/\/www.zoko.ro\/en\/p\/tigaie-din-fonta-cu-maner-lung-pentru-foc-de-tabara-semineu-gratar-12x12x4-cm-gonga\/","og_locale":"en_GB","og_type":"article","og_title":"Tigaie din font\u0103 cu m\u00e2ner lung pentru foc de tab\u0103r\u0103\/\u0219emineu\/gr\u0103tar, 12x12x4 cm, Gonga\u00ae | ZOKO","og_description":"Culoare: Negru Tigaie din font\u0103 cu m\u00e2ner lung \u2013 pentru foc de tab\u0103r\u0103, \u0219emineu sau gr\u0103tar Descoper\u0103 pl\u0103cerea g\u0103titului \u00een","og_url":"https:\/\/www.zoko.ro\/en\/p\/tigaie-din-fonta-cu-maner-lung-pentru-foc-de-tabara-semineu-gratar-12x12x4-cm-gonga\/","og_site_name":"ZOKO","article_publisher":"https:\/\/www.facebook.com\/profile.php?id=61584344135075","og_image":[{"width":720,"height":723,"url":"https:\/\/www.zoko.ro\/wp-content\/uploads\/2025\/10\/tigaie-din-fonta-cu-maner-lung-pentru-foc-de-tabaraemineugratar-12x12x4-cm-gonga.jpg","type":"image\/jpeg"}],"twitter_card":"summary_large_image","twitter_misc":{"Estimated reading time":"1 minute"},"schema":{"@context":"https:\/\/schema.org","@graph":[{"@type":"WebPage","@id":"https:\/\/www.zoko.ro\/p\/tigaie-din-fonta-cu-maner-lung-pentru-foc-de-tabara-semineu-gratar-12x12x4-cm-gonga\/","url":"https:\/\/www.zoko.ro\/p\/tigaie-din-fonta-cu-maner-lung-pentru-foc-de-tabara-semineu-gratar-12x12x4-cm-gonga\/","name":"Tigaie din font\u0103 cu m\u00e2ner lung pentru foc de tab\u0103r\u0103\/\u0219emineu\/gr\u0103tar, 12x12x4 cm, Gonga\u00ae | ZOKO","isPartOf":{"@id":"https:\/\/www.zoko.ro\/#website"},"primaryImageOfPage":{"@id":"https:\/\/www.zoko.ro\/p\/tigaie-din-fonta-cu-maner-lung-pentru-foc-de-tabara-semineu-gratar-12x12x4-cm-gonga\/#primaryimage"},"image":{"@id":"https:\/\/www.zoko.ro\/p\/tigaie-din-fonta-cu-maner-lung-pentru-foc-de-tabara-semineu-gratar-12x12x4-cm-gonga\/#primaryimage"},"thumbnailUrl":"https:\/\/www.zoko.ro\/wp-content\/uploads\/2025\/10\/tigaie-din-fonta-cu-maner-lung-pentru-foc-de-tabaraemineugratar-12x12x4-cm-gonga.jpg","datePublished":"2026-04-28T21:38:18+00:00","breadcrumb":{"@id":"https:\/\/www.zoko.ro\/p\/tigaie-din-fonta-cu-maner-lung-pentru-foc-de-tabara-semineu-gratar-12x12x4-cm-gonga\/#breadcrumb"},"inLanguage":"en-GB","potentialAction":[{"@type":"ReadAction","target":["https:\/\/www.zoko.ro\/p\/tigaie-din-fonta-cu-maner-lung-pentru-foc-de-tabara-semineu-gratar-12x12x4-cm-gonga\/"]}]},{"@type":"ImageObject","inLanguage":"en-GB","@id":"https:\/\/www.zoko.ro\/p\/tigaie-din-fonta-cu-maner-lung-pentru-foc-de-tabara-semineu-gratar-12x12x4-cm-gonga\/#primaryimage","url":"https:\/\/www.zoko.ro\/wp-content\/uploads\/2025\/10\/tigaie-din-fonta-cu-maner-lung-pentru-foc-de-tabaraemineugratar-12x12x4-cm-gonga.jpg","contentUrl":"https:\/\/www.zoko.ro\/wp-content\/uploads\/2025\/10\/tigaie-din-fonta-cu-maner-lung-pentru-foc-de-tabaraemineugratar-12x12x4-cm-gonga.jpg","width":720,"height":723},{"@type":"BreadcrumbList","@id":"https:\/\/www.zoko.ro\/p\/tigaie-din-fonta-cu-maner-lung-pentru-foc-de-tabara-semineu-gratar-12x12x4-cm-gonga\/#breadcrumb","itemListElement":[{"@type":"ListItem","position":1,"name":"Home","item":"https:\/\/www.zoko.ro\/"},{"@type":"ListItem","position":2,"name":"Magazin","item":"https:\/\/www.zoko.ro\/magazin\/"},{"@type":"ListItem","position":3,"name":"Tigaie din font\u0103 cu m\u00e2ner lung pentru foc de tab\u0103r\u0103\/\u0219emineu\/gr\u0103tar, 12x12x4 cm, Gonga\u00ae"}]},{"@type":"WebSite","@id":"https:\/\/www.zoko.ro\/#website","url":"https:\/\/www.zoko.ro\/","name":"ZOKO.ro","description":"Cump\u0103r\u0103 inteligent","publisher":{"@id":"https:\/\/www.zoko.ro\/#organization"},"potentialAction":[{"@type":"SearchAction","target":{"@type":"EntryPoint","urlTemplate":"https:\/\/www.zoko.ro\/?s={search_term_string}"},"query-input":{"@type":"PropertyValueSpecification","valueRequired":true,"valueName":"search_term_string"}}],"inLanguage":"en-GB"},{"@type":"Organization","@id":"https:\/\/www.zoko.ro\/#organization","name":"ZOKO","url":"https:\/\/www.zoko.ro\/","logo":{"@type":"ImageObject","inLanguage":"en-GB","@id":"https:\/\/www.zoko.ro\/#\/schema\/logo\/image\/","url":"https:\/\/www.zoko.ro\/wp-content\/uploads\/2025\/03\/logo1.svg","contentUrl":"https:\/\/www.zoko.ro\/wp-content\/uploads\/2025\/03\/logo1.svg","width":799,"height":216,"caption":"ZOKO"},"image":{"@id":"https:\/\/www.zoko.ro\/#\/schema\/logo\/image\/"},"sameAs":["https:\/\/www.facebook.com\/profile.php?id=61584344135075"]}]}},"_links":{"self":[{"href":"https:\/\/www.zoko.ro\/en\/wp-json\/wp\/v2\/product\/14191","targetHints":{"allow":["GET"]}}],"collection":[{"href":"https:\/\/www.zoko.ro\/en\/wp-json\/wp\/v2\/product"}],"about":[{"href":"https:\/\/www.zoko.ro\/en\/wp-json\/wp\/v2\/types\/product"}],"replies":[{"embeddable":true,"href":"https:\/\/www.zoko.ro\/en\/wp-json\/wp\/v2\/comments?post=14191"}],"version-history":[{"count":1,"href":"https:\/\/www.zoko.ro\/en\/wp-json\/wp\/v2\/product\/14191\/revisions"}],"predecessor-version":[{"id":33579,"href":"https:\/\/www.zoko.ro\/en\/wp-json\/wp\/v2\/product\/14191\/revisions\/33579"}],"wp:featuredmedia":[{"embeddable":true,"href":"https:\/\/www.zoko.ro\/en\/wp-json\/wp\/v2\/media\/14192"}],"wp:attachment":[{"href":"https:\/\/www.zoko.ro\/en\/wp-json\/wp\/v2\/media?parent=14191"}],"wp:term":[{"taxonomy":"product_brand","embeddable":true,"href":"https:\/\/www.zoko.ro\/en\/wp-json\/wp\/v2\/product_brand?post=14191"},{"taxonomy":"product_cat","embeddable":true,"href":"https:\/\/www.zoko.ro\/en\/wp-json\/wp\/v2\/product_cat?post=14191"},{"taxonomy":"product_tag","embeddable":true,"href":"https:\/\/www.zoko.ro\/en\/wp-json\/wp\/v2\/product_tag?post=14191"}],"curies":[{"name":"wp","href":"https:\/\/api.w.org\/{rel}","templated":true}]}}