{"id":14213,"date":"2026-04-28T23:38:19","date_gmt":"2026-04-28T21:38:19","guid":{"rendered":"https:\/\/www.zoko.ro\/?post_type=product&#038;p=14213"},"modified":"2026-04-28T23:38:19","modified_gmt":"2026-04-28T21:38:19","slug":"suport-de-picioare-ergonomic-pentru-birou-cu-balansoar-bonmedico","status":"publish","type":"product","link":"https:\/\/www.zoko.ro\/en\/p\/suport-de-picioare-ergonomic-pentru-birou-cu-balansoar-bonmedico\/","title":{"rendered":"Suport de picioare ergonomic pentru birou, cu balansoar, Bonmedico"},"content":{"rendered":"<p><strong>Culoare:<\/strong> Negru<\/p>\n<p><strong>Bonmedico Suport de Picioare Ergonomic cu Balansoar pentru Birou<\/strong><\/p>\n<p><img loading=\"lazy\" decoding=\"async\" src=\"https:\/\/gonga.ro\/img\/cms\/Suport%20de%20picioare%20ergonomic%20pentru%20birou,%20cu%20balansoar,%20Bonmedico2.jpeg\" alt=\"\" width=\"720\" height=\"619\" \/><\/p>\n<p>Alege confortul la birou cu suportul de picioare Bonmedico Svingo, conceput pentru a \u00eembun\u0103t\u0103\u021bi postura \u0219i a reduce tensiunea \u00een picioare \u00een timpul \u0219ederii prelungite.<\/p>\n<p><img loading=\"lazy\" decoding=\"async\" src=\"https:\/\/gonga.ro\/img\/cms\/Suport%20de%20picioare%20ergonomic%20pentru%20birou,%20cu%20balansoar,%20Bonmedico3.jpeg\" alt=\"\" width=\"750\" height=\"750\" \/><\/p>\n<p><strong>Design ergonomic \u0219i func\u021bional<\/strong><\/p>\n<p>Suportul men\u021bine picioarele \u00eentr-o pozi\u021bie ridicat\u0103, contribuind la o postur\u0103 corect\u0103 \u0219i la circula\u021bia optim\u0103 a s\u00e2ngelui. Mi\u0219carea de balansare u\u0219oar\u0103 mobilizeaz\u0103 picioarele \u0219i gleznele, prevenind amor\u021beala \u0219i oboseala.<\/p>\n<p><img loading=\"lazy\" decoding=\"async\" src=\"https:\/\/gonga.ro\/img\/cms\/Suport%20de%20picioare%20ergonomic%20pentru%20birou,%20cu%20balansoar,%20Bonmedico1.jpeg\" alt=\"\" width=\"720\" height=\"720\" \/><\/p>\n<p><strong>Reglabil pe \u00een\u0103l\u021bime<\/strong><\/p>\n<ul>\n<li>Dou\u0103 pozi\u021bii reglabile prin rotire la 180\u00b0<\/li>\n<li>Po\u021bi alege \u00eentre o pozi\u021bie joas\u0103 (6,5 cm) pentru sprijin stabil sau o pozi\u021bie \u00eenalt\u0103 (9,5 cm) pentru mi\u0219care activ\u0103 \u0219i libertate suplimentar\u0103.<\/li>\n<\/ul>\n<p><img loading=\"lazy\" decoding=\"async\" src=\"https:\/\/gonga.ro\/img\/cms\/Suport%20de%20picioare%20ergonomic%20pentru%20birou,%20cu%20balansoar,%20Bonmedico.jpeg\" alt=\"\" width=\"720\" height=\"720\" \/><\/p>\n<p><strong>Confort \u0219i durabilitate<\/strong><\/p>\n<ul>\n<li>Suprafa\u021b\u0103 texturat\u0103, antiderapant\u0103 \u0219i pl\u0103cut\u0103 la atingere, ideal\u0103 \u0219i pentru utilizare descul\u021b.<\/li>\n<li>Material robust \u0219i u\u0219or de cur\u0103\u021bat \u2013 se \u0219terge rapid cu o lavet\u0103 umed\u0103.<\/li>\n<li>Capacitate maxim\u0103 de \u00eenc\u0103rcare: 10 kg.<\/li>\n<\/ul>\n<p><strong><\/strong><\/p>\n<p><strong>Dimensiuni:<\/strong><\/p>\n<ul>\n<li>L\u0103\u021bime: 50,2 cm<\/li>\n<li>Ad\u00e2ncime: 27,7 cm<\/li>\n<li>\u00cen\u0103l\u021bime total\u0103: 13,5 cm<\/li>\n<\/ul>","protected":false},"excerpt":{"rendered":"<p>Culoare: Negru Bonmedico Suport de Picioare Ergonomic cu Balansoar pentru Birou Alege confortul la birou cu suportul de picioare Bonmedico<\/p>","protected":false},"featured_media":14214,"comment_status":"open","ping_status":"open","template":"","meta":[],"product_brand":[],"product_cat":[99,117,100],"product_tag":[104],"class_list":{"0":"post-14213","1":"product","2":"type-product","3":"status-publish","4":"has-post-thumbnail","6":"product_cat-acasa","7":"product_cat-articole-si-accesorii-birou","8":"product_cat-casa-gradina","9":"product_tag-in-stoc","10":"pa_culoare-negru","12":"first","13":"instock","14":"sale","15":"purchasable","16":"product-type-simple"},"yoast_head":"<!-- This site is optimized with the Yoast SEO plugin v27.2 - https:\/\/yoast.com\/product\/yoast-seo-wordpress\/ -->\n<title>Suport de picioare ergonomic pentru birou, cu balansoar, Bonmedico | ZOKO<\/title>\n<meta name=\"robots\" content=\"index, follow, max-snippet:-1, max-image-preview:large, max-video-preview:-1\" \/>\n<link rel=\"canonical\" href=\"https:\/\/www.zoko.ro\/en\/p\/suport-de-picioare-ergonomic-pentru-birou-cu-balansoar-bonmedico\/\" \/>\n<meta property=\"og:locale\" content=\"en_GB\" \/>\n<meta property=\"og:type\" content=\"article\" \/>\n<meta property=\"og:title\" content=\"Suport de picioare ergonomic pentru birou, cu balansoar, Bonmedico | ZOKO\" \/>\n<meta property=\"og:description\" content=\"Culoare: Negru Bonmedico Suport de Picioare Ergonomic cu Balansoar pentru Birou Alege confortul la birou cu suportul de picioare Bonmedico\" \/>\n<meta property=\"og:url\" content=\"https:\/\/www.zoko.ro\/en\/p\/suport-de-picioare-ergonomic-pentru-birou-cu-balansoar-bonmedico\/\" \/>\n<meta property=\"og:site_name\" content=\"ZOKO\" \/>\n<meta property=\"article:publisher\" content=\"https:\/\/www.facebook.com\/profile.php?id=61584344135075\" \/>\n<meta property=\"og:image\" content=\"https:\/\/www.zoko.ro\/wp-content\/uploads\/2025\/10\/suport-de-picioare-ergonomic-pentru-birou-cu-balansoar-bonmedico.jpg\" \/>\n\t<meta property=\"og:image:width\" content=\"800\" \/>\n\t<meta property=\"og:image:height\" content=\"801\" \/>\n\t<meta property=\"og:image:type\" content=\"image\/jpeg\" \/>\n<meta name=\"twitter:card\" content=\"summary_large_image\" \/>\n<meta name=\"twitter:label1\" content=\"Estimated reading time\" \/>\n\t<meta name=\"twitter:data1\" content=\"1 minute\" \/>\n<script type=\"application\/ld+json\" class=\"yoast-schema-graph\">{\"@context\":\"https:\/\/schema.org\",\"@graph\":[{\"@type\":\"WebPage\",\"@id\":\"https:\/\/www.zoko.ro\/p\/suport-de-picioare-ergonomic-pentru-birou-cu-balansoar-bonmedico\/\",\"url\":\"https:\/\/www.zoko.ro\/p\/suport-de-picioare-ergonomic-pentru-birou-cu-balansoar-bonmedico\/\",\"name\":\"Suport de picioare ergonomic pentru birou, cu balansoar, Bonmedico | ZOKO\",\"isPartOf\":{\"@id\":\"https:\/\/www.zoko.ro\/#website\"},\"primaryImageOfPage\":{\"@id\":\"https:\/\/www.zoko.ro\/p\/suport-de-picioare-ergonomic-pentru-birou-cu-balansoar-bonmedico\/#primaryimage\"},\"image\":{\"@id\":\"https:\/\/www.zoko.ro\/p\/suport-de-picioare-ergonomic-pentru-birou-cu-balansoar-bonmedico\/#primaryimage\"},\"thumbnailUrl\":\"https:\/\/www.zoko.ro\/wp-content\/uploads\/2025\/10\/suport-de-picioare-ergonomic-pentru-birou-cu-balansoar-bonmedico.jpg\",\"datePublished\":\"2026-04-28T21:38:19+00:00\",\"breadcrumb\":{\"@id\":\"https:\/\/www.zoko.ro\/p\/suport-de-picioare-ergonomic-pentru-birou-cu-balansoar-bonmedico\/#breadcrumb\"},\"inLanguage\":\"en-GB\",\"potentialAction\":[{\"@type\":\"ReadAction\",\"target\":[\"https:\/\/www.zoko.ro\/p\/suport-de-picioare-ergonomic-pentru-birou-cu-balansoar-bonmedico\/\"]}]},{\"@type\":\"ImageObject\",\"inLanguage\":\"en-GB\",\"@id\":\"https:\/\/www.zoko.ro\/p\/suport-de-picioare-ergonomic-pentru-birou-cu-balansoar-bonmedico\/#primaryimage\",\"url\":\"https:\/\/www.zoko.ro\/wp-content\/uploads\/2025\/10\/suport-de-picioare-ergonomic-pentru-birou-cu-balansoar-bonmedico.jpg\",\"contentUrl\":\"https:\/\/www.zoko.ro\/wp-content\/uploads\/2025\/10\/suport-de-picioare-ergonomic-pentru-birou-cu-balansoar-bonmedico.jpg\",\"width\":800,\"height\":801},{\"@type\":\"BreadcrumbList\",\"@id\":\"https:\/\/www.zoko.ro\/p\/suport-de-picioare-ergonomic-pentru-birou-cu-balansoar-bonmedico\/#breadcrumb\",\"itemListElement\":[{\"@type\":\"ListItem\",\"position\":1,\"name\":\"Home\",\"item\":\"https:\/\/www.zoko.ro\/\"},{\"@type\":\"ListItem\",\"position\":2,\"name\":\"Magazin\",\"item\":\"https:\/\/www.zoko.ro\/magazin\/\"},{\"@type\":\"ListItem\",\"position\":3,\"name\":\"Suport de picioare ergonomic pentru birou, cu balansoar, Bonmedico\"}]},{\"@type\":\"WebSite\",\"@id\":\"https:\/\/www.zoko.ro\/#website\",\"url\":\"https:\/\/www.zoko.ro\/\",\"name\":\"ZOKO.ro\",\"description\":\"Cump\u0103r\u0103 inteligent\",\"publisher\":{\"@id\":\"https:\/\/www.zoko.ro\/#organization\"},\"potentialAction\":[{\"@type\":\"SearchAction\",\"target\":{\"@type\":\"EntryPoint\",\"urlTemplate\":\"https:\/\/www.zoko.ro\/?s={search_term_string}\"},\"query-input\":{\"@type\":\"PropertyValueSpecification\",\"valueRequired\":true,\"valueName\":\"search_term_string\"}}],\"inLanguage\":\"en-GB\"},{\"@type\":\"Organization\",\"@id\":\"https:\/\/www.zoko.ro\/#organization\",\"name\":\"ZOKO\",\"url\":\"https:\/\/www.zoko.ro\/\",\"logo\":{\"@type\":\"ImageObject\",\"inLanguage\":\"en-GB\",\"@id\":\"https:\/\/www.zoko.ro\/#\/schema\/logo\/image\/\",\"url\":\"https:\/\/www.zoko.ro\/wp-content\/uploads\/2025\/03\/logo1.svg\",\"contentUrl\":\"https:\/\/www.zoko.ro\/wp-content\/uploads\/2025\/03\/logo1.svg\",\"width\":799,\"height\":216,\"caption\":\"ZOKO\"},\"image\":{\"@id\":\"https:\/\/www.zoko.ro\/#\/schema\/logo\/image\/\"},\"sameAs\":[\"https:\/\/www.facebook.com\/profile.php?id=61584344135075\"]}]}<\/script>\n<!-- \/ Yoast SEO plugin. -->","yoast_head_json":{"title":"Suport de picioare ergonomic pentru birou, cu balansoar, Bonmedico | ZOKO","robots":{"index":"index","follow":"follow","max-snippet":"max-snippet:-1","max-image-preview":"max-image-preview:large","max-video-preview":"max-video-preview:-1"},"canonical":"https:\/\/www.zoko.ro\/en\/p\/suport-de-picioare-ergonomic-pentru-birou-cu-balansoar-bonmedico\/","og_locale":"en_GB","og_type":"article","og_title":"Suport de picioare ergonomic pentru birou, cu balansoar, Bonmedico | ZOKO","og_description":"Culoare: Negru Bonmedico Suport de Picioare Ergonomic cu Balansoar pentru Birou Alege confortul la birou cu suportul de picioare Bonmedico","og_url":"https:\/\/www.zoko.ro\/en\/p\/suport-de-picioare-ergonomic-pentru-birou-cu-balansoar-bonmedico\/","og_site_name":"ZOKO","article_publisher":"https:\/\/www.facebook.com\/profile.php?id=61584344135075","og_image":[{"width":800,"height":801,"url":"https:\/\/www.zoko.ro\/wp-content\/uploads\/2025\/10\/suport-de-picioare-ergonomic-pentru-birou-cu-balansoar-bonmedico.jpg","type":"image\/jpeg"}],"twitter_card":"summary_large_image","twitter_misc":{"Estimated reading time":"1 minute"},"schema":{"@context":"https:\/\/schema.org","@graph":[{"@type":"WebPage","@id":"https:\/\/www.zoko.ro\/p\/suport-de-picioare-ergonomic-pentru-birou-cu-balansoar-bonmedico\/","url":"https:\/\/www.zoko.ro\/p\/suport-de-picioare-ergonomic-pentru-birou-cu-balansoar-bonmedico\/","name":"Suport de picioare ergonomic pentru birou, cu balansoar, Bonmedico | ZOKO","isPartOf":{"@id":"https:\/\/www.zoko.ro\/#website"},"primaryImageOfPage":{"@id":"https:\/\/www.zoko.ro\/p\/suport-de-picioare-ergonomic-pentru-birou-cu-balansoar-bonmedico\/#primaryimage"},"image":{"@id":"https:\/\/www.zoko.ro\/p\/suport-de-picioare-ergonomic-pentru-birou-cu-balansoar-bonmedico\/#primaryimage"},"thumbnailUrl":"https:\/\/www.zoko.ro\/wp-content\/uploads\/2025\/10\/suport-de-picioare-ergonomic-pentru-birou-cu-balansoar-bonmedico.jpg","datePublished":"2026-04-28T21:38:19+00:00","breadcrumb":{"@id":"https:\/\/www.zoko.ro\/p\/suport-de-picioare-ergonomic-pentru-birou-cu-balansoar-bonmedico\/#breadcrumb"},"inLanguage":"en-GB","potentialAction":[{"@type":"ReadAction","target":["https:\/\/www.zoko.ro\/p\/suport-de-picioare-ergonomic-pentru-birou-cu-balansoar-bonmedico\/"]}]},{"@type":"ImageObject","inLanguage":"en-GB","@id":"https:\/\/www.zoko.ro\/p\/suport-de-picioare-ergonomic-pentru-birou-cu-balansoar-bonmedico\/#primaryimage","url":"https:\/\/www.zoko.ro\/wp-content\/uploads\/2025\/10\/suport-de-picioare-ergonomic-pentru-birou-cu-balansoar-bonmedico.jpg","contentUrl":"https:\/\/www.zoko.ro\/wp-content\/uploads\/2025\/10\/suport-de-picioare-ergonomic-pentru-birou-cu-balansoar-bonmedico.jpg","width":800,"height":801},{"@type":"BreadcrumbList","@id":"https:\/\/www.zoko.ro\/p\/suport-de-picioare-ergonomic-pentru-birou-cu-balansoar-bonmedico\/#breadcrumb","itemListElement":[{"@type":"ListItem","position":1,"name":"Home","item":"https:\/\/www.zoko.ro\/"},{"@type":"ListItem","position":2,"name":"Magazin","item":"https:\/\/www.zoko.ro\/magazin\/"},{"@type":"ListItem","position":3,"name":"Suport de picioare ergonomic pentru birou, cu balansoar, Bonmedico"}]},{"@type":"WebSite","@id":"https:\/\/www.zoko.ro\/#website","url":"https:\/\/www.zoko.ro\/","name":"ZOKO.ro","description":"Cump\u0103r\u0103 inteligent","publisher":{"@id":"https:\/\/www.zoko.ro\/#organization"},"potentialAction":[{"@type":"SearchAction","target":{"@type":"EntryPoint","urlTemplate":"https:\/\/www.zoko.ro\/?s={search_term_string}"},"query-input":{"@type":"PropertyValueSpecification","valueRequired":true,"valueName":"search_term_string"}}],"inLanguage":"en-GB"},{"@type":"Organization","@id":"https:\/\/www.zoko.ro\/#organization","name":"ZOKO","url":"https:\/\/www.zoko.ro\/","logo":{"@type":"ImageObject","inLanguage":"en-GB","@id":"https:\/\/www.zoko.ro\/#\/schema\/logo\/image\/","url":"https:\/\/www.zoko.ro\/wp-content\/uploads\/2025\/03\/logo1.svg","contentUrl":"https:\/\/www.zoko.ro\/wp-content\/uploads\/2025\/03\/logo1.svg","width":799,"height":216,"caption":"ZOKO"},"image":{"@id":"https:\/\/www.zoko.ro\/#\/schema\/logo\/image\/"},"sameAs":["https:\/\/www.facebook.com\/profile.php?id=61584344135075"]}]}},"_links":{"self":[{"href":"https:\/\/www.zoko.ro\/en\/wp-json\/wp\/v2\/product\/14213","targetHints":{"allow":["GET"]}}],"collection":[{"href":"https:\/\/www.zoko.ro\/en\/wp-json\/wp\/v2\/product"}],"about":[{"href":"https:\/\/www.zoko.ro\/en\/wp-json\/wp\/v2\/types\/product"}],"replies":[{"embeddable":true,"href":"https:\/\/www.zoko.ro\/en\/wp-json\/wp\/v2\/comments?post=14213"}],"version-history":[{"count":1,"href":"https:\/\/www.zoko.ro\/en\/wp-json\/wp\/v2\/product\/14213\/revisions"}],"predecessor-version":[{"id":33583,"href":"https:\/\/www.zoko.ro\/en\/wp-json\/wp\/v2\/product\/14213\/revisions\/33583"}],"wp:featuredmedia":[{"embeddable":true,"href":"https:\/\/www.zoko.ro\/en\/wp-json\/wp\/v2\/media\/14214"}],"wp:attachment":[{"href":"https:\/\/www.zoko.ro\/en\/wp-json\/wp\/v2\/media?parent=14213"}],"wp:term":[{"taxonomy":"product_brand","embeddable":true,"href":"https:\/\/www.zoko.ro\/en\/wp-json\/wp\/v2\/product_brand?post=14213"},{"taxonomy":"product_cat","embeddable":true,"href":"https:\/\/www.zoko.ro\/en\/wp-json\/wp\/v2\/product_cat?post=14213"},{"taxonomy":"product_tag","embeddable":true,"href":"https:\/\/www.zoko.ro\/en\/wp-json\/wp\/v2\/product_tag?post=14213"}],"curies":[{"name":"wp","href":"https:\/\/api.w.org\/{rel}","templated":true}]}}