{"id":14220,"date":"2026-04-28T23:38:19","date_gmt":"2026-04-28T21:38:19","guid":{"rendered":"https:\/\/www.zoko.ro\/?post_type=product&#038;p=14220"},"modified":"2026-04-28T23:38:20","modified_gmt":"2026-04-28T21:38:20","slug":"nivela-laser-tacklife-35-metri-cu-baterii","status":"publish","type":"product","link":"https:\/\/www.zoko.ro\/en\/p\/nivela-laser-tacklife-35-metri-cu-baterii\/","title":{"rendered":"Nivela laser Tacklife, 35 metri, cu baterii"},"content":{"rendered":"<p><strong>Culoare:<\/strong> Portocaliu<\/p>\n<p><strong>Laser cu linii \u00een cruce TACKLIFE \u2013 Precizie profesional\u0103 \u00een fiecare proiect<\/strong><\/p>\n<p><img loading=\"lazy\" decoding=\"async\" src=\"https:\/\/gonga.ro\/img\/cms\/Nivela%20laser%20Tacklife,%2035%20metrii,%20cu%20baterii3.jpeg\" alt=\"\" width=\"750\" height=\"750\" \/><\/p>\n<p>Nivelul laser TACKLIFE SC-L01 este alegerea ideal\u0103 pentru lucr\u0103ri care cer acurate\u021be \u0219i eficien\u021b\u0103 \u2013 at\u00e2t \u00een gospod\u0103rie, c\u00e2t \u0219i \u00een construc\u021bii sau amenaj\u0103ri interioare. Perfect pentru montajul mobilierului, al corpurilor de iluminat, al pl\u0103cilor ceramice, ramelor sau rafturilor, acest dispozitiv ofer\u0103 o aliniere rapid\u0103 \u0219i precis\u0103 \u00een orice condi\u021bii.<\/p>\n<p><img loading=\"lazy\" decoding=\"async\" src=\"https:\/\/gonga.ro\/img\/cms\/Nivela%20laser%20Tacklife,%2035%20metrii,%20cu%20baterii1.jpeg\" alt=\"\" width=\"720\" height=\"720\" \/><\/p>\n<p><strong>Caracteristici principale:<\/strong><\/p>\n<ul>\n<li>Raz\u0103 de ac\u021biune: p\u00e2n\u0103 la 35 m (cu detector)<\/li>\n<li>Precizie: \u00b13 mm la 10 m<\/li>\n<li>Autonivelare rapid\u0103: \u00een mai pu\u021bin de 3 secunde<\/li>\n<li>Mod manual: blocare a fasciculului la orice unghi \u2013 ideal pentru linii diagonale sau 90\u00b0<\/li>\n<li>Rota\u021bie 360\u00b0: permite reglaje f\u0103r\u0103 a muta dispozitivul<\/li>\n<li>Suport magnetic integrat: se fixeaz\u0103 u\u0219or pe suprafe\u021be metalice<\/li>\n<li>Montare universal\u0103: compatibil\u0103 cu trepiede foto (muf\u0103 1\/4\u201d)<\/li>\n<li>Design compact \u0219i ergonomic: se potrive\u0219te perfect \u00een palm\u0103, u\u0219or de transportat \u0219i utilizat<\/li>\n<\/ul>\n<p><img loading=\"lazy\" decoding=\"async\" src=\"https:\/\/gonga.ro\/img\/cms\/Nivela%20laser%20Tacklife,%2035%20metrii,%20cu%20baterii.jpeg\" alt=\"\" width=\"750\" height=\"750\" \/><\/p>\n<p><strong>Specifica\u021bii:<\/strong><\/p>\n<\/p>\n<p>&#8211; Tip laser: Ro\u0219u, Clasa 2, &lt;1mW<\/p>\n<p>&#8211; Lungime de und\u0103: 635 \u00b1 5 nm<\/p>\n<p>&#8211; Distan\u021b\u0103 de lucru:<\/p>\n<p>\u25aa\ufe0f f\u0103r\u0103 detector: p\u00e2n\u0103 la 15,2 m<\/p>\n<p>\u25aa\ufe0f cu detector: p\u00e2n\u0103 la 35 m<\/p>\n<p>&#8211; Interval de autonivelare: 4\u00b0 \u00b1 1\u00b0<\/p>\n<p>&#8211; Timp de func\u021bionare: p\u00e2n\u0103 la 12 ore (2 baterii AA incluse)<\/p>\n<p>&#8211; Protec\u021bie: IP54 \u2013 rezistent la praf \u0219i stropire<\/p>\n<p>&#8211; Temperatur\u0103 de lucru: -10\u00b0C p\u00e2n\u0103 la +50\u00b0C<\/p>","protected":false},"excerpt":{"rendered":"<p>Culoare: Portocaliu Laser cu linii \u00een cruce TACKLIFE \u2013 Precizie profesional\u0103 \u00een fiecare proiect Nivelul laser TACKLIFE SC-L01 este alegerea<\/p>","protected":false},"featured_media":14221,"comment_status":"open","ping_status":"open","template":"","meta":[],"product_brand":[],"product_cat":[99,100,110,322],"product_tag":[104],"class_list":{"0":"post-14220","1":"product","2":"type-product","3":"status-publish","4":"has-post-thumbnail","6":"product_cat-acasa","7":"product_cat-casa-gradina","8":"product_cat-scule-electrice-unelte","9":"product_cat-unelte-de-mana-si-accesorii","10":"product_tag-in-stoc","11":"pa_culoare-portocaliu","13":"first","14":"instock","15":"sale","16":"purchasable","17":"product-type-simple"},"yoast_head":"<!-- This site is optimized with the Yoast SEO plugin v27.2 - https:\/\/yoast.com\/product\/yoast-seo-wordpress\/ -->\n<title>Nivela laser Tacklife, 35 metri, cu baterii | ZOKO<\/title>\n<meta name=\"robots\" content=\"index, follow, max-snippet:-1, max-image-preview:large, max-video-preview:-1\" \/>\n<link rel=\"canonical\" href=\"https:\/\/www.zoko.ro\/en\/p\/nivela-laser-tacklife-35-metri-cu-baterii\/\" \/>\n<meta property=\"og:locale\" content=\"en_GB\" \/>\n<meta property=\"og:type\" content=\"article\" \/>\n<meta property=\"og:title\" content=\"Nivela laser Tacklife, 35 metri, cu baterii | ZOKO\" \/>\n<meta property=\"og:description\" content=\"Culoare: Portocaliu Laser cu linii \u00een cruce TACKLIFE \u2013 Precizie profesional\u0103 \u00een fiecare proiect Nivelul laser TACKLIFE SC-L01 este alegerea\" \/>\n<meta property=\"og:url\" content=\"https:\/\/www.zoko.ro\/en\/p\/nivela-laser-tacklife-35-metri-cu-baterii\/\" \/>\n<meta property=\"og:site_name\" content=\"ZOKO\" \/>\n<meta property=\"article:publisher\" content=\"https:\/\/www.facebook.com\/profile.php?id=61584344135075\" \/>\n<meta property=\"article:modified_time\" content=\"2026-04-28T21:38:20+00:00\" \/>\n<meta property=\"og:image\" content=\"https:\/\/www.zoko.ro\/wp-content\/uploads\/2025\/10\/nivela-laser-tacklife-35-metrii-cu-baterii.jpg\" \/>\n\t<meta property=\"og:image:width\" content=\"800\" \/>\n\t<meta property=\"og:image:height\" content=\"819\" \/>\n\t<meta property=\"og:image:type\" content=\"image\/jpeg\" \/>\n<meta name=\"twitter:card\" content=\"summary_large_image\" \/>\n<meta name=\"twitter:label1\" content=\"Estimated reading time\" \/>\n\t<meta name=\"twitter:data1\" content=\"1 minute\" \/>\n<script type=\"application\/ld+json\" class=\"yoast-schema-graph\">{\"@context\":\"https:\/\/schema.org\",\"@graph\":[{\"@type\":\"WebPage\",\"@id\":\"https:\/\/www.zoko.ro\/p\/nivela-laser-tacklife-35-metri-cu-baterii\/\",\"url\":\"https:\/\/www.zoko.ro\/p\/nivela-laser-tacklife-35-metri-cu-baterii\/\",\"name\":\"Nivela laser Tacklife, 35 metri, cu baterii | ZOKO\",\"isPartOf\":{\"@id\":\"https:\/\/www.zoko.ro\/#website\"},\"primaryImageOfPage\":{\"@id\":\"https:\/\/www.zoko.ro\/p\/nivela-laser-tacklife-35-metri-cu-baterii\/#primaryimage\"},\"image\":{\"@id\":\"https:\/\/www.zoko.ro\/p\/nivela-laser-tacklife-35-metri-cu-baterii\/#primaryimage\"},\"thumbnailUrl\":\"https:\/\/www.zoko.ro\/wp-content\/uploads\/2025\/10\/nivela-laser-tacklife-35-metrii-cu-baterii.jpg\",\"datePublished\":\"2026-04-28T21:38:19+00:00\",\"dateModified\":\"2026-04-28T21:38:20+00:00\",\"breadcrumb\":{\"@id\":\"https:\/\/www.zoko.ro\/p\/nivela-laser-tacklife-35-metri-cu-baterii\/#breadcrumb\"},\"inLanguage\":\"en-GB\",\"potentialAction\":[{\"@type\":\"ReadAction\",\"target\":[\"https:\/\/www.zoko.ro\/p\/nivela-laser-tacklife-35-metri-cu-baterii\/\"]}]},{\"@type\":\"ImageObject\",\"inLanguage\":\"en-GB\",\"@id\":\"https:\/\/www.zoko.ro\/p\/nivela-laser-tacklife-35-metri-cu-baterii\/#primaryimage\",\"url\":\"https:\/\/www.zoko.ro\/wp-content\/uploads\/2025\/10\/nivela-laser-tacklife-35-metrii-cu-baterii.jpg\",\"contentUrl\":\"https:\/\/www.zoko.ro\/wp-content\/uploads\/2025\/10\/nivela-laser-tacklife-35-metrii-cu-baterii.jpg\",\"width\":800,\"height\":819},{\"@type\":\"BreadcrumbList\",\"@id\":\"https:\/\/www.zoko.ro\/p\/nivela-laser-tacklife-35-metri-cu-baterii\/#breadcrumb\",\"itemListElement\":[{\"@type\":\"ListItem\",\"position\":1,\"name\":\"Home\",\"item\":\"https:\/\/www.zoko.ro\/\"},{\"@type\":\"ListItem\",\"position\":2,\"name\":\"Magazin\",\"item\":\"https:\/\/www.zoko.ro\/magazin\/\"},{\"@type\":\"ListItem\",\"position\":3,\"name\":\"Nivela laser Tacklife, 35 metri, cu baterii\"}]},{\"@type\":\"WebSite\",\"@id\":\"https:\/\/www.zoko.ro\/#website\",\"url\":\"https:\/\/www.zoko.ro\/\",\"name\":\"ZOKO.ro\",\"description\":\"Cump\u0103r\u0103 inteligent\",\"publisher\":{\"@id\":\"https:\/\/www.zoko.ro\/#organization\"},\"potentialAction\":[{\"@type\":\"SearchAction\",\"target\":{\"@type\":\"EntryPoint\",\"urlTemplate\":\"https:\/\/www.zoko.ro\/?s={search_term_string}\"},\"query-input\":{\"@type\":\"PropertyValueSpecification\",\"valueRequired\":true,\"valueName\":\"search_term_string\"}}],\"inLanguage\":\"en-GB\"},{\"@type\":\"Organization\",\"@id\":\"https:\/\/www.zoko.ro\/#organization\",\"name\":\"ZOKO\",\"url\":\"https:\/\/www.zoko.ro\/\",\"logo\":{\"@type\":\"ImageObject\",\"inLanguage\":\"en-GB\",\"@id\":\"https:\/\/www.zoko.ro\/#\/schema\/logo\/image\/\",\"url\":\"https:\/\/www.zoko.ro\/wp-content\/uploads\/2025\/03\/logo1.svg\",\"contentUrl\":\"https:\/\/www.zoko.ro\/wp-content\/uploads\/2025\/03\/logo1.svg\",\"width\":799,\"height\":216,\"caption\":\"ZOKO\"},\"image\":{\"@id\":\"https:\/\/www.zoko.ro\/#\/schema\/logo\/image\/\"},\"sameAs\":[\"https:\/\/www.facebook.com\/profile.php?id=61584344135075\"]}]}<\/script>\n<!-- \/ Yoast SEO plugin. -->","yoast_head_json":{"title":"Nivela laser Tacklife, 35 metri, cu baterii | ZOKO","robots":{"index":"index","follow":"follow","max-snippet":"max-snippet:-1","max-image-preview":"max-image-preview:large","max-video-preview":"max-video-preview:-1"},"canonical":"https:\/\/www.zoko.ro\/en\/p\/nivela-laser-tacklife-35-metri-cu-baterii\/","og_locale":"en_GB","og_type":"article","og_title":"Nivela laser Tacklife, 35 metri, cu baterii | ZOKO","og_description":"Culoare: Portocaliu Laser cu linii \u00een cruce TACKLIFE \u2013 Precizie profesional\u0103 \u00een fiecare proiect Nivelul laser TACKLIFE SC-L01 este alegerea","og_url":"https:\/\/www.zoko.ro\/en\/p\/nivela-laser-tacklife-35-metri-cu-baterii\/","og_site_name":"ZOKO","article_publisher":"https:\/\/www.facebook.com\/profile.php?id=61584344135075","article_modified_time":"2026-04-28T21:38:20+00:00","og_image":[{"width":800,"height":819,"url":"https:\/\/www.zoko.ro\/wp-content\/uploads\/2025\/10\/nivela-laser-tacklife-35-metrii-cu-baterii.jpg","type":"image\/jpeg"}],"twitter_card":"summary_large_image","twitter_misc":{"Estimated reading time":"1 minute"},"schema":{"@context":"https:\/\/schema.org","@graph":[{"@type":"WebPage","@id":"https:\/\/www.zoko.ro\/p\/nivela-laser-tacklife-35-metri-cu-baterii\/","url":"https:\/\/www.zoko.ro\/p\/nivela-laser-tacklife-35-metri-cu-baterii\/","name":"Nivela laser Tacklife, 35 metri, cu baterii | ZOKO","isPartOf":{"@id":"https:\/\/www.zoko.ro\/#website"},"primaryImageOfPage":{"@id":"https:\/\/www.zoko.ro\/p\/nivela-laser-tacklife-35-metri-cu-baterii\/#primaryimage"},"image":{"@id":"https:\/\/www.zoko.ro\/p\/nivela-laser-tacklife-35-metri-cu-baterii\/#primaryimage"},"thumbnailUrl":"https:\/\/www.zoko.ro\/wp-content\/uploads\/2025\/10\/nivela-laser-tacklife-35-metrii-cu-baterii.jpg","datePublished":"2026-04-28T21:38:19+00:00","dateModified":"2026-04-28T21:38:20+00:00","breadcrumb":{"@id":"https:\/\/www.zoko.ro\/p\/nivela-laser-tacklife-35-metri-cu-baterii\/#breadcrumb"},"inLanguage":"en-GB","potentialAction":[{"@type":"ReadAction","target":["https:\/\/www.zoko.ro\/p\/nivela-laser-tacklife-35-metri-cu-baterii\/"]}]},{"@type":"ImageObject","inLanguage":"en-GB","@id":"https:\/\/www.zoko.ro\/p\/nivela-laser-tacklife-35-metri-cu-baterii\/#primaryimage","url":"https:\/\/www.zoko.ro\/wp-content\/uploads\/2025\/10\/nivela-laser-tacklife-35-metrii-cu-baterii.jpg","contentUrl":"https:\/\/www.zoko.ro\/wp-content\/uploads\/2025\/10\/nivela-laser-tacklife-35-metrii-cu-baterii.jpg","width":800,"height":819},{"@type":"BreadcrumbList","@id":"https:\/\/www.zoko.ro\/p\/nivela-laser-tacklife-35-metri-cu-baterii\/#breadcrumb","itemListElement":[{"@type":"ListItem","position":1,"name":"Home","item":"https:\/\/www.zoko.ro\/"},{"@type":"ListItem","position":2,"name":"Magazin","item":"https:\/\/www.zoko.ro\/magazin\/"},{"@type":"ListItem","position":3,"name":"Nivela laser Tacklife, 35 metri, cu baterii"}]},{"@type":"WebSite","@id":"https:\/\/www.zoko.ro\/#website","url":"https:\/\/www.zoko.ro\/","name":"ZOKO.ro","description":"Cump\u0103r\u0103 inteligent","publisher":{"@id":"https:\/\/www.zoko.ro\/#organization"},"potentialAction":[{"@type":"SearchAction","target":{"@type":"EntryPoint","urlTemplate":"https:\/\/www.zoko.ro\/?s={search_term_string}"},"query-input":{"@type":"PropertyValueSpecification","valueRequired":true,"valueName":"search_term_string"}}],"inLanguage":"en-GB"},{"@type":"Organization","@id":"https:\/\/www.zoko.ro\/#organization","name":"ZOKO","url":"https:\/\/www.zoko.ro\/","logo":{"@type":"ImageObject","inLanguage":"en-GB","@id":"https:\/\/www.zoko.ro\/#\/schema\/logo\/image\/","url":"https:\/\/www.zoko.ro\/wp-content\/uploads\/2025\/03\/logo1.svg","contentUrl":"https:\/\/www.zoko.ro\/wp-content\/uploads\/2025\/03\/logo1.svg","width":799,"height":216,"caption":"ZOKO"},"image":{"@id":"https:\/\/www.zoko.ro\/#\/schema\/logo\/image\/"},"sameAs":["https:\/\/www.facebook.com\/profile.php?id=61584344135075"]}]}},"_links":{"self":[{"href":"https:\/\/www.zoko.ro\/en\/wp-json\/wp\/v2\/product\/14220","targetHints":{"allow":["GET"]}}],"collection":[{"href":"https:\/\/www.zoko.ro\/en\/wp-json\/wp\/v2\/product"}],"about":[{"href":"https:\/\/www.zoko.ro\/en\/wp-json\/wp\/v2\/types\/product"}],"replies":[{"embeddable":true,"href":"https:\/\/www.zoko.ro\/en\/wp-json\/wp\/v2\/comments?post=14220"}],"version-history":[{"count":1,"href":"https:\/\/www.zoko.ro\/en\/wp-json\/wp\/v2\/product\/14220\/revisions"}],"predecessor-version":[{"id":33584,"href":"https:\/\/www.zoko.ro\/en\/wp-json\/wp\/v2\/product\/14220\/revisions\/33584"}],"wp:featuredmedia":[{"embeddable":true,"href":"https:\/\/www.zoko.ro\/en\/wp-json\/wp\/v2\/media\/14221"}],"wp:attachment":[{"href":"https:\/\/www.zoko.ro\/en\/wp-json\/wp\/v2\/media?parent=14220"}],"wp:term":[{"taxonomy":"product_brand","embeddable":true,"href":"https:\/\/www.zoko.ro\/en\/wp-json\/wp\/v2\/product_brand?post=14220"},{"taxonomy":"product_cat","embeddable":true,"href":"https:\/\/www.zoko.ro\/en\/wp-json\/wp\/v2\/product_cat?post=14220"},{"taxonomy":"product_tag","embeddable":true,"href":"https:\/\/www.zoko.ro\/en\/wp-json\/wp\/v2\/product_tag?post=14220"}],"curies":[{"name":"wp","href":"https:\/\/api.w.org\/{rel}","templated":true}]}}