{"id":14228,"date":"2026-04-28T23:38:20","date_gmt":"2026-04-28T21:38:20","guid":{"rendered":"https:\/\/www.zoko.ro\/?post_type=product&#038;p=14228"},"modified":"2026-04-28T23:38:20","modified_gmt":"2026-04-28T21:38:20","slug":"aparat-sifon-apa-minerala-levivo-cu-sticla-si-cilindru-co2-60l","status":"publish","type":"product","link":"https:\/\/www.zoko.ro\/en\/p\/aparat-sifon-apa-minerala-levivo-cu-sticla-si-cilindru-co2-60l\/","title":{"rendered":"Aparat sifon\/apa minerala, Levivo, cu sticla si cilindru CO2 60L"},"content":{"rendered":"<p><strong>Culoare:<\/strong> Alb<\/p>\n<p><strong><iframe loading=\"lazy\" width=\"560\" height=\"315\" src=\"https:\/\/www.youtube.com\/embed\/o8WV3nKbAhU?si=V8CtB0Z2i77wWX-C\" title=\"YouTube video player\" frameborder=\"0\"><\/iframe><\/strong><\/p>\n<p><strong>Sifon \/ Aparat de carbonatat ap\u0103 Levivo Classic \u2013 Alb + Sticl\u0103 + Cartu\u0219 CO\u2082<\/strong><\/p>\n<p><img loading=\"lazy\" decoding=\"async\" src=\"https:\/\/gonga.ro\/img\/cms\/Aparat%20sifon1.jpeg\" alt=\"\" width=\"720\" height=\"720\" \/><\/p>\n<p>Transform\u0103 apa de la robinet \u00een ap\u0103 mineral\u0103 carbogazoas\u0103 proasp\u0103t\u0103 \u00een doar c\u00e2teva secunde cu Levivo Classic \u2013 solu\u021bia elegant\u0103, economic\u0103 \u0219i ecologic\u0103 pentru casa ta.<\/p>\n<p><img loading=\"lazy\" decoding=\"async\" src=\"https:\/\/gonga.ro\/img\/cms\/Aparat%20sifon2.jpeg\" alt=\"\" width=\"720\" height=\"720\" \/><\/p>\n<p><strong>Caracteristici principale:<\/strong><\/p>\n<ul>\n<li>Set complet: include aparat Levivo Classic (alb), sticl\u0103 de sticl\u0103 reutilizabil\u0103 \u0219i butelie CO\u2082 de 0,6 L.<\/li>\n<li>P\u00e2n\u0103 la 60 L de ap\u0103 carbogazoas\u0103 dintr-un singur cartu\u0219.<\/li>\n<li>Nivel de carbonatare reglabil \u2013 de la u\u0219or la intens, \u00een func\u021bie de preferin\u021be.<\/li>\n<li>Compatibil universal: func\u021bioneaz\u0103 \u0219i cu cilindri standard SodaStream, Philips, Grohe, Brita etc.<\/li>\n<li>Design compact \u0219i modern \u2013 ocup\u0103 pu\u021bin spa\u021biu, ideal pentru orice buc\u0103t\u0103rie.<\/li>\n<li>Economie sustenabil\u0103 \u2013 \u00eenlocuie\u0219te p\u00e2n\u0103 la 1.000 de sticle de plastic pe an.<\/li>\n<li>Durabil \u0219i sigur \u2013 fabricat din materiale de \u00eenalt\u0103 calitate, f\u0103r\u0103 BPA.<\/li>\n<\/ul>\n<p><img loading=\"lazy\" decoding=\"async\" src=\"https:\/\/gonga.ro\/img\/cms\/Aparat%20sifon3.jpeg\" alt=\"\" width=\"745\" height=\"750\" \/><\/p>\n<p><strong>U\u0219or de utilizat:<\/strong><\/p>\n<ul>\n<li>Umple sticla Levivo cu ap\u0103 plat\u0103 sau filtrat\u0103.<\/li>\n<li>Monteaz\u0103 sticla \u00een aparat.<\/li>\n<li>Apas\u0103 butonul pentru a alege intensitatea bulelor (u\u0219or, mediu sau puternic).<\/li>\n<li>\u00cen doar c\u00e2teva secunde ai ap\u0103 mineral\u0103 carbogazoas\u0103, gata de servit!<\/li>\n<\/ul>\n<p><strong>Specifica\u021bii:<\/strong><\/p>\n<\/p>\n<p>&#8211; Culoare: alb<\/p>\n<p>&#8211; Capacitate cartu\u0219 CO\u2082: 0,6 L (re\u00eenc\u0103rcabil)<\/p>\n<p>&#8211; Durata buteliei: p\u00e2n\u0103 la 60 L de ap\u0103<\/p>\n<p>&#8211; Material: sticl\u0103 \u0219i plastic durabil<\/p>\n<p>&#8211; Data expir\u0103rii cilindrului CO\u2082: 2030<\/p>","protected":false},"excerpt":{"rendered":"<p>Culoare: Alb Sifon \/ Aparat de carbonatat ap\u0103 Levivo Classic \u2013 Alb + Sticl\u0103 + Cartu\u0219 CO\u2082 Transform\u0103 apa de<\/p>","protected":false},"featured_media":14229,"comment_status":"open","ping_status":"open","template":"","meta":[],"product_brand":[],"product_cat":[99,108,107,100,173],"product_tag":[104],"class_list":{"0":"post-14228","1":"product","2":"type-product","3":"status-publish","4":"has-post-thumbnail","6":"product_cat-acasa","7":"product_cat-accesorii-bar","8":"product_cat-bucatarie-si-servire","9":"product_cat-casa-gradina","10":"product_cat-dozator-pentru-bauturi","11":"product_tag-in-stoc","12":"pa_culoare-alb","14":"first","15":"instock","16":"sale","17":"purchasable","18":"product-type-simple"},"yoast_head":"<!-- This site is optimized with the Yoast SEO plugin v27.2 - https:\/\/yoast.com\/product\/yoast-seo-wordpress\/ -->\n<title>Aparat sifon\/apa minerala, Levivo, cu sticla si cilindru CO2 60L | ZOKO<\/title>\n<meta name=\"robots\" content=\"index, follow, max-snippet:-1, max-image-preview:large, max-video-preview:-1\" \/>\n<link rel=\"canonical\" href=\"https:\/\/www.zoko.ro\/en\/p\/aparat-sifon-apa-minerala-levivo-cu-sticla-si-cilindru-co2-60l\/\" \/>\n<meta property=\"og:locale\" content=\"en_GB\" \/>\n<meta property=\"og:type\" content=\"article\" \/>\n<meta property=\"og:title\" content=\"Aparat sifon\/apa minerala, Levivo, cu sticla si cilindru CO2 60L | ZOKO\" \/>\n<meta property=\"og:description\" content=\"Culoare: Alb Sifon \/ Aparat de carbonatat ap\u0103 Levivo Classic \u2013 Alb + Sticl\u0103 + Cartu\u0219 CO\u2082 Transform\u0103 apa de\" \/>\n<meta property=\"og:url\" content=\"https:\/\/www.zoko.ro\/en\/p\/aparat-sifon-apa-minerala-levivo-cu-sticla-si-cilindru-co2-60l\/\" \/>\n<meta property=\"og:site_name\" content=\"ZOKO\" \/>\n<meta property=\"article:publisher\" content=\"https:\/\/www.facebook.com\/profile.php?id=61584344135075\" \/>\n<meta property=\"og:image\" content=\"https:\/\/www.zoko.ro\/wp-content\/uploads\/2025\/10\/aparat-sifonapa-minerala-levivo-cu-sticla-si-cilindru-co2-60l.jpg\" \/>\n\t<meta property=\"og:image:width\" content=\"900\" \/>\n\t<meta property=\"og:image:height\" content=\"900\" \/>\n\t<meta property=\"og:image:type\" content=\"image\/jpeg\" \/>\n<meta name=\"twitter:card\" content=\"summary_large_image\" \/>\n<meta name=\"twitter:label1\" content=\"Estimated reading time\" \/>\n\t<meta name=\"twitter:data1\" content=\"1 minute\" \/>\n<script type=\"application\/ld+json\" class=\"yoast-schema-graph\">{\"@context\":\"https:\/\/schema.org\",\"@graph\":[{\"@type\":\"WebPage\",\"@id\":\"https:\/\/www.zoko.ro\/p\/aparat-sifon-apa-minerala-levivo-cu-sticla-si-cilindru-co2-60l\/\",\"url\":\"https:\/\/www.zoko.ro\/p\/aparat-sifon-apa-minerala-levivo-cu-sticla-si-cilindru-co2-60l\/\",\"name\":\"Aparat sifon\/apa minerala, Levivo, cu sticla si cilindru CO2 60L | ZOKO\",\"isPartOf\":{\"@id\":\"https:\/\/www.zoko.ro\/#website\"},\"primaryImageOfPage\":{\"@id\":\"https:\/\/www.zoko.ro\/p\/aparat-sifon-apa-minerala-levivo-cu-sticla-si-cilindru-co2-60l\/#primaryimage\"},\"image\":{\"@id\":\"https:\/\/www.zoko.ro\/p\/aparat-sifon-apa-minerala-levivo-cu-sticla-si-cilindru-co2-60l\/#primaryimage\"},\"thumbnailUrl\":\"https:\/\/www.zoko.ro\/wp-content\/uploads\/2025\/10\/aparat-sifonapa-minerala-levivo-cu-sticla-si-cilindru-co2-60l.jpg\",\"datePublished\":\"2026-04-28T21:38:20+00:00\",\"breadcrumb\":{\"@id\":\"https:\/\/www.zoko.ro\/p\/aparat-sifon-apa-minerala-levivo-cu-sticla-si-cilindru-co2-60l\/#breadcrumb\"},\"inLanguage\":\"en-GB\",\"potentialAction\":[{\"@type\":\"ReadAction\",\"target\":[\"https:\/\/www.zoko.ro\/p\/aparat-sifon-apa-minerala-levivo-cu-sticla-si-cilindru-co2-60l\/\"]}]},{\"@type\":\"ImageObject\",\"inLanguage\":\"en-GB\",\"@id\":\"https:\/\/www.zoko.ro\/p\/aparat-sifon-apa-minerala-levivo-cu-sticla-si-cilindru-co2-60l\/#primaryimage\",\"url\":\"https:\/\/www.zoko.ro\/wp-content\/uploads\/2025\/10\/aparat-sifonapa-minerala-levivo-cu-sticla-si-cilindru-co2-60l.jpg\",\"contentUrl\":\"https:\/\/www.zoko.ro\/wp-content\/uploads\/2025\/10\/aparat-sifonapa-minerala-levivo-cu-sticla-si-cilindru-co2-60l.jpg\",\"width\":900,\"height\":900},{\"@type\":\"BreadcrumbList\",\"@id\":\"https:\/\/www.zoko.ro\/p\/aparat-sifon-apa-minerala-levivo-cu-sticla-si-cilindru-co2-60l\/#breadcrumb\",\"itemListElement\":[{\"@type\":\"ListItem\",\"position\":1,\"name\":\"Home\",\"item\":\"https:\/\/www.zoko.ro\/\"},{\"@type\":\"ListItem\",\"position\":2,\"name\":\"Magazin\",\"item\":\"https:\/\/www.zoko.ro\/magazin\/\"},{\"@type\":\"ListItem\",\"position\":3,\"name\":\"Aparat sifon\/apa minerala, Levivo, cu sticla si cilindru CO2 60L\"}]},{\"@type\":\"WebSite\",\"@id\":\"https:\/\/www.zoko.ro\/#website\",\"url\":\"https:\/\/www.zoko.ro\/\",\"name\":\"ZOKO.ro\",\"description\":\"Cump\u0103r\u0103 inteligent\",\"publisher\":{\"@id\":\"https:\/\/www.zoko.ro\/#organization\"},\"potentialAction\":[{\"@type\":\"SearchAction\",\"target\":{\"@type\":\"EntryPoint\",\"urlTemplate\":\"https:\/\/www.zoko.ro\/?s={search_term_string}\"},\"query-input\":{\"@type\":\"PropertyValueSpecification\",\"valueRequired\":true,\"valueName\":\"search_term_string\"}}],\"inLanguage\":\"en-GB\"},{\"@type\":\"Organization\",\"@id\":\"https:\/\/www.zoko.ro\/#organization\",\"name\":\"ZOKO\",\"url\":\"https:\/\/www.zoko.ro\/\",\"logo\":{\"@type\":\"ImageObject\",\"inLanguage\":\"en-GB\",\"@id\":\"https:\/\/www.zoko.ro\/#\/schema\/logo\/image\/\",\"url\":\"https:\/\/www.zoko.ro\/wp-content\/uploads\/2025\/03\/logo1.svg\",\"contentUrl\":\"https:\/\/www.zoko.ro\/wp-content\/uploads\/2025\/03\/logo1.svg\",\"width\":799,\"height\":216,\"caption\":\"ZOKO\"},\"image\":{\"@id\":\"https:\/\/www.zoko.ro\/#\/schema\/logo\/image\/\"},\"sameAs\":[\"https:\/\/www.facebook.com\/profile.php?id=61584344135075\"]}]}<\/script>\n<!-- \/ Yoast SEO plugin. -->","yoast_head_json":{"title":"Aparat sifon\/apa minerala, Levivo, cu sticla si cilindru CO2 60L | ZOKO","robots":{"index":"index","follow":"follow","max-snippet":"max-snippet:-1","max-image-preview":"max-image-preview:large","max-video-preview":"max-video-preview:-1"},"canonical":"https:\/\/www.zoko.ro\/en\/p\/aparat-sifon-apa-minerala-levivo-cu-sticla-si-cilindru-co2-60l\/","og_locale":"en_GB","og_type":"article","og_title":"Aparat sifon\/apa minerala, Levivo, cu sticla si cilindru CO2 60L | ZOKO","og_description":"Culoare: Alb Sifon \/ Aparat de carbonatat ap\u0103 Levivo Classic \u2013 Alb + Sticl\u0103 + Cartu\u0219 CO\u2082 Transform\u0103 apa de","og_url":"https:\/\/www.zoko.ro\/en\/p\/aparat-sifon-apa-minerala-levivo-cu-sticla-si-cilindru-co2-60l\/","og_site_name":"ZOKO","article_publisher":"https:\/\/www.facebook.com\/profile.php?id=61584344135075","og_image":[{"width":900,"height":900,"url":"https:\/\/www.zoko.ro\/wp-content\/uploads\/2025\/10\/aparat-sifonapa-minerala-levivo-cu-sticla-si-cilindru-co2-60l.jpg","type":"image\/jpeg"}],"twitter_card":"summary_large_image","twitter_misc":{"Estimated reading time":"1 minute"},"schema":{"@context":"https:\/\/schema.org","@graph":[{"@type":"WebPage","@id":"https:\/\/www.zoko.ro\/p\/aparat-sifon-apa-minerala-levivo-cu-sticla-si-cilindru-co2-60l\/","url":"https:\/\/www.zoko.ro\/p\/aparat-sifon-apa-minerala-levivo-cu-sticla-si-cilindru-co2-60l\/","name":"Aparat sifon\/apa minerala, Levivo, cu sticla si cilindru CO2 60L | ZOKO","isPartOf":{"@id":"https:\/\/www.zoko.ro\/#website"},"primaryImageOfPage":{"@id":"https:\/\/www.zoko.ro\/p\/aparat-sifon-apa-minerala-levivo-cu-sticla-si-cilindru-co2-60l\/#primaryimage"},"image":{"@id":"https:\/\/www.zoko.ro\/p\/aparat-sifon-apa-minerala-levivo-cu-sticla-si-cilindru-co2-60l\/#primaryimage"},"thumbnailUrl":"https:\/\/www.zoko.ro\/wp-content\/uploads\/2025\/10\/aparat-sifonapa-minerala-levivo-cu-sticla-si-cilindru-co2-60l.jpg","datePublished":"2026-04-28T21:38:20+00:00","breadcrumb":{"@id":"https:\/\/www.zoko.ro\/p\/aparat-sifon-apa-minerala-levivo-cu-sticla-si-cilindru-co2-60l\/#breadcrumb"},"inLanguage":"en-GB","potentialAction":[{"@type":"ReadAction","target":["https:\/\/www.zoko.ro\/p\/aparat-sifon-apa-minerala-levivo-cu-sticla-si-cilindru-co2-60l\/"]}]},{"@type":"ImageObject","inLanguage":"en-GB","@id":"https:\/\/www.zoko.ro\/p\/aparat-sifon-apa-minerala-levivo-cu-sticla-si-cilindru-co2-60l\/#primaryimage","url":"https:\/\/www.zoko.ro\/wp-content\/uploads\/2025\/10\/aparat-sifonapa-minerala-levivo-cu-sticla-si-cilindru-co2-60l.jpg","contentUrl":"https:\/\/www.zoko.ro\/wp-content\/uploads\/2025\/10\/aparat-sifonapa-minerala-levivo-cu-sticla-si-cilindru-co2-60l.jpg","width":900,"height":900},{"@type":"BreadcrumbList","@id":"https:\/\/www.zoko.ro\/p\/aparat-sifon-apa-minerala-levivo-cu-sticla-si-cilindru-co2-60l\/#breadcrumb","itemListElement":[{"@type":"ListItem","position":1,"name":"Home","item":"https:\/\/www.zoko.ro\/"},{"@type":"ListItem","position":2,"name":"Magazin","item":"https:\/\/www.zoko.ro\/magazin\/"},{"@type":"ListItem","position":3,"name":"Aparat sifon\/apa minerala, Levivo, cu sticla si cilindru CO2 60L"}]},{"@type":"WebSite","@id":"https:\/\/www.zoko.ro\/#website","url":"https:\/\/www.zoko.ro\/","name":"ZOKO.ro","description":"Cump\u0103r\u0103 inteligent","publisher":{"@id":"https:\/\/www.zoko.ro\/#organization"},"potentialAction":[{"@type":"SearchAction","target":{"@type":"EntryPoint","urlTemplate":"https:\/\/www.zoko.ro\/?s={search_term_string}"},"query-input":{"@type":"PropertyValueSpecification","valueRequired":true,"valueName":"search_term_string"}}],"inLanguage":"en-GB"},{"@type":"Organization","@id":"https:\/\/www.zoko.ro\/#organization","name":"ZOKO","url":"https:\/\/www.zoko.ro\/","logo":{"@type":"ImageObject","inLanguage":"en-GB","@id":"https:\/\/www.zoko.ro\/#\/schema\/logo\/image\/","url":"https:\/\/www.zoko.ro\/wp-content\/uploads\/2025\/03\/logo1.svg","contentUrl":"https:\/\/www.zoko.ro\/wp-content\/uploads\/2025\/03\/logo1.svg","width":799,"height":216,"caption":"ZOKO"},"image":{"@id":"https:\/\/www.zoko.ro\/#\/schema\/logo\/image\/"},"sameAs":["https:\/\/www.facebook.com\/profile.php?id=61584344135075"]}]}},"_links":{"self":[{"href":"https:\/\/www.zoko.ro\/en\/wp-json\/wp\/v2\/product\/14228","targetHints":{"allow":["GET"]}}],"collection":[{"href":"https:\/\/www.zoko.ro\/en\/wp-json\/wp\/v2\/product"}],"about":[{"href":"https:\/\/www.zoko.ro\/en\/wp-json\/wp\/v2\/types\/product"}],"replies":[{"embeddable":true,"href":"https:\/\/www.zoko.ro\/en\/wp-json\/wp\/v2\/comments?post=14228"}],"version-history":[{"count":1,"href":"https:\/\/www.zoko.ro\/en\/wp-json\/wp\/v2\/product\/14228\/revisions"}],"predecessor-version":[{"id":33585,"href":"https:\/\/www.zoko.ro\/en\/wp-json\/wp\/v2\/product\/14228\/revisions\/33585"}],"wp:featuredmedia":[{"embeddable":true,"href":"https:\/\/www.zoko.ro\/en\/wp-json\/wp\/v2\/media\/14229"}],"wp:attachment":[{"href":"https:\/\/www.zoko.ro\/en\/wp-json\/wp\/v2\/media?parent=14228"}],"wp:term":[{"taxonomy":"product_brand","embeddable":true,"href":"https:\/\/www.zoko.ro\/en\/wp-json\/wp\/v2\/product_brand?post=14228"},{"taxonomy":"product_cat","embeddable":true,"href":"https:\/\/www.zoko.ro\/en\/wp-json\/wp\/v2\/product_cat?post=14228"},{"taxonomy":"product_tag","embeddable":true,"href":"https:\/\/www.zoko.ro\/en\/wp-json\/wp\/v2\/product_tag?post=14228"}],"curies":[{"name":"wp","href":"https:\/\/api.w.org\/{rel}","templated":true}]}}