{"id":14238,"date":"2026-04-28T23:38:22","date_gmt":"2026-04-28T21:38:22","guid":{"rendered":"https:\/\/www.zoko.ro\/?post_type=product&#038;p=14238"},"modified":"2026-04-28T23:38:22","modified_gmt":"2026-04-28T21:38:22","slug":"mini-polizor-fara-fir-3-7v-cu-reglare-viteza-si-31-accesorii-tacklife","status":"publish","type":"product","link":"https:\/\/www.zoko.ro\/en\/p\/mini-polizor-fara-fir-3-7v-cu-reglare-viteza-si-31-accesorii-tacklife\/","title":{"rendered":"Mini-polizor f\u0103r\u0103 fir, 3.7V cu reglare vitez\u0103 \u0219i 31 accesorii, Tacklife"},"content":{"rendered":"<p><strong>Culoare:<\/strong> Portocaliu<\/p>\n<p><strong>Mini-polizor de precizie f\u0103r\u0103 fir TACKLIFE PCG01B \u2013 compact, versatil \u0219i eficient<\/strong><\/p>\n<p><img loading=\"lazy\" decoding=\"async\" src=\"https:\/\/gonga.ro\/img\/cms\/Mini-polizor%20f%C4%83r%C4%83%20fir,%203-7V%20cu%20reglare%20vitez%C4%83%20%C8%99i%2031%20accesorii,%20Tacklife1.jpg\" alt=\"\" width=\"750\" height=\"750\" \/><\/p>\n<p>TACKLIFE PCG01B de la AUKEY este un mini-polizor portabil ideal pentru lucr\u0103ri de fine\u021be: g\u0103urire, \u0219lefuire, frezare, lustruire, cur\u0103\u021bare sau gravare. Perfect pentru pasiona\u021bii de bricolaj, modelism sau repara\u021bii casnice.<\/p>\n<p><img loading=\"lazy\" decoding=\"async\" src=\"https:\/\/gonga.ro\/img\/cms\/Mini-polizor%20f%C4%83r%C4%83%20fir,%203-7V%20cu%20reglare%20vitez%C4%83%20%C8%99i%2031%20accesorii,%20Tacklife2.jpg\" alt=\"\" width=\"750\" height=\"650\" \/><\/p>\n<p><strong>Caracteristici:<\/strong><\/p>\n<ul>\n<li>Putere constant\u0103 \u0219i mobilitate total\u0103 \u2013 func\u021bioneaz\u0103 cu o baterie litiu-ion de 3,7 V, re\u00eenc\u0103rcabil\u0103 prin USB (cablu inclus).<\/li>\n<li>3 trepte de vitez\u0103 reglabil\u0103 \u2013 5000 \/ 10000 \/ 15000 rot\/min, pentru control precis \u00een func\u021bie de material.<\/li>\n<li>Carcas\u0103 ergonomic\u0103 \u0219i antiderapant\u0103 \u2013 ofer\u0103 confort \u0219i stabilitate \u00een utilizare.<\/li>\n<li>Design ultracompact \u2013 doar 92 g, ideal pentru lucr\u0103ri detaliate \u0219i acces \u00een spa\u021bii \u00eenguste.<\/li>\n<li>Set complet de 31 accesorii \u2013 freze, discuri de \u0219lefuit, perii \u0219i alte v\u00e2rfuri pentru diferite aplica\u021bii.<\/li>\n<\/ul>\n<p><img loading=\"lazy\" decoding=\"async\" src=\"https:\/\/gonga.ro\/img\/cms\/Mini-polizor%20f%C4%83r%C4%83%20fir,%203-7V%20cu%20reglare%20vitez%C4%83%20%C8%99i%2031%20accesorii,%20Tacklife.jpg\" alt=\"\" width=\"750\" height=\"750\" \/><\/p>\n<p><strong>Con\u021binutul pachetului:<\/strong><\/p>\n<ul>\n<li>Mini-polizor f\u0103r\u0103 fir TACKLIFE PCG01B<\/li>\n<li>Cablu USB A \u2013 micro USB<\/li>\n<li>Cutie cu 31 de accesorii incluse<\/li>\n<li>Instrument ideal pentru detalii fine \u00een lemn, metal, plastic sau pentru cur\u0103\u021barea ruginii \u0219i gravur\u0103 de precizie.<\/li>\n<\/ul>\n<p><strong><\/strong><\/p>\n<p><strong>Specifica\u021bii:<\/strong><\/p>\n<\/p>\n<p>&#8211; Marc\u0103: Tacklife<\/p>\n<p>&#8211; Model: PCG01B<\/p>\n<p>&#8211; Dimensiuni: 146 \u00d7 31 \u00d7 31 mm<\/p>\n<p>&#8211; Greutate: 92 g<\/p>\n<p>&#8211; Vitez\u0103 de rota\u021bie: 5000\u201315000 rot\/min<\/p>\n<p>&#8211; M\u0103rimi mandrin\u0103: \u00d8 2,3 mm \/ \u00d8 3,2 mm<\/p>","protected":false},"excerpt":{"rendered":"<p>Culoare: Portocaliu Mini-polizor de precizie f\u0103r\u0103 fir TACKLIFE PCG01B \u2013 compact, versatil \u0219i eficient TACKLIFE PCG01B de la AUKEY este<\/p>","protected":false},"featured_media":14239,"comment_status":"open","ping_status":"open","template":"","meta":[],"product_brand":[],"product_cat":[99,100,110,322],"product_tag":[104],"class_list":{"0":"post-14238","1":"product","2":"type-product","3":"status-publish","4":"has-post-thumbnail","6":"product_cat-acasa","7":"product_cat-casa-gradina","8":"product_cat-scule-electrice-unelte","9":"product_cat-unelte-de-mana-si-accesorii","10":"product_tag-in-stoc","11":"pa_culoare-portocaliu","13":"first","14":"instock","15":"sale","16":"purchasable","17":"product-type-simple"},"yoast_head":"<!-- This site is optimized with the Yoast SEO plugin v27.2 - https:\/\/yoast.com\/product\/yoast-seo-wordpress\/ -->\n<title>Mini-polizor f\u0103r\u0103 fir, 3.7V cu reglare vitez\u0103 \u0219i 31 accesorii, Tacklife | ZOKO<\/title>\n<meta name=\"robots\" content=\"index, follow, max-snippet:-1, max-image-preview:large, max-video-preview:-1\" \/>\n<link rel=\"canonical\" href=\"https:\/\/www.zoko.ro\/en\/p\/mini-polizor-fara-fir-3-7v-cu-reglare-viteza-si-31-accesorii-tacklife\/\" \/>\n<meta property=\"og:locale\" content=\"en_GB\" \/>\n<meta property=\"og:type\" content=\"article\" \/>\n<meta property=\"og:title\" content=\"Mini-polizor f\u0103r\u0103 fir, 3.7V cu reglare vitez\u0103 \u0219i 31 accesorii, Tacklife | ZOKO\" \/>\n<meta property=\"og:description\" content=\"Culoare: Portocaliu Mini-polizor de precizie f\u0103r\u0103 fir TACKLIFE PCG01B \u2013 compact, versatil \u0219i eficient TACKLIFE PCG01B de la AUKEY este\" \/>\n<meta property=\"og:url\" content=\"https:\/\/www.zoko.ro\/en\/p\/mini-polizor-fara-fir-3-7v-cu-reglare-viteza-si-31-accesorii-tacklife\/\" \/>\n<meta property=\"og:site_name\" content=\"ZOKO\" \/>\n<meta property=\"article:publisher\" content=\"https:\/\/www.facebook.com\/profile.php?id=61584344135075\" \/>\n<meta property=\"og:image\" content=\"https:\/\/www.zoko.ro\/wp-content\/uploads\/2025\/10\/mini-polizor-fara-fir-37v-cu-reglare-viteza-i-31-accesorii-tacklife.jpg\" \/>\n\t<meta property=\"og:image:width\" content=\"2000\" \/>\n\t<meta property=\"og:image:height\" content=\"2000\" \/>\n\t<meta property=\"og:image:type\" content=\"image\/jpeg\" \/>\n<meta name=\"twitter:card\" content=\"summary_large_image\" \/>\n<meta name=\"twitter:label1\" content=\"Estimated reading time\" \/>\n\t<meta name=\"twitter:data1\" content=\"1 minute\" \/>\n<script type=\"application\/ld+json\" class=\"yoast-schema-graph\">{\"@context\":\"https:\/\/schema.org\",\"@graph\":[{\"@type\":\"WebPage\",\"@id\":\"https:\/\/www.zoko.ro\/p\/mini-polizor-fara-fir-3-7v-cu-reglare-viteza-si-31-accesorii-tacklife\/\",\"url\":\"https:\/\/www.zoko.ro\/p\/mini-polizor-fara-fir-3-7v-cu-reglare-viteza-si-31-accesorii-tacklife\/\",\"name\":\"Mini-polizor f\u0103r\u0103 fir, 3.7V cu reglare vitez\u0103 \u0219i 31 accesorii, Tacklife | ZOKO\",\"isPartOf\":{\"@id\":\"https:\/\/www.zoko.ro\/#website\"},\"primaryImageOfPage\":{\"@id\":\"https:\/\/www.zoko.ro\/p\/mini-polizor-fara-fir-3-7v-cu-reglare-viteza-si-31-accesorii-tacklife\/#primaryimage\"},\"image\":{\"@id\":\"https:\/\/www.zoko.ro\/p\/mini-polizor-fara-fir-3-7v-cu-reglare-viteza-si-31-accesorii-tacklife\/#primaryimage\"},\"thumbnailUrl\":\"https:\/\/www.zoko.ro\/wp-content\/uploads\/2025\/10\/mini-polizor-fara-fir-37v-cu-reglare-viteza-i-31-accesorii-tacklife.jpg\",\"datePublished\":\"2026-04-28T21:38:22+00:00\",\"breadcrumb\":{\"@id\":\"https:\/\/www.zoko.ro\/p\/mini-polizor-fara-fir-3-7v-cu-reglare-viteza-si-31-accesorii-tacklife\/#breadcrumb\"},\"inLanguage\":\"en-GB\",\"potentialAction\":[{\"@type\":\"ReadAction\",\"target\":[\"https:\/\/www.zoko.ro\/p\/mini-polizor-fara-fir-3-7v-cu-reglare-viteza-si-31-accesorii-tacklife\/\"]}]},{\"@type\":\"ImageObject\",\"inLanguage\":\"en-GB\",\"@id\":\"https:\/\/www.zoko.ro\/p\/mini-polizor-fara-fir-3-7v-cu-reglare-viteza-si-31-accesorii-tacklife\/#primaryimage\",\"url\":\"https:\/\/www.zoko.ro\/wp-content\/uploads\/2025\/10\/mini-polizor-fara-fir-37v-cu-reglare-viteza-i-31-accesorii-tacklife.jpg\",\"contentUrl\":\"https:\/\/www.zoko.ro\/wp-content\/uploads\/2025\/10\/mini-polizor-fara-fir-37v-cu-reglare-viteza-i-31-accesorii-tacklife.jpg\",\"width\":2000,\"height\":2000},{\"@type\":\"BreadcrumbList\",\"@id\":\"https:\/\/www.zoko.ro\/p\/mini-polizor-fara-fir-3-7v-cu-reglare-viteza-si-31-accesorii-tacklife\/#breadcrumb\",\"itemListElement\":[{\"@type\":\"ListItem\",\"position\":1,\"name\":\"Home\",\"item\":\"https:\/\/www.zoko.ro\/\"},{\"@type\":\"ListItem\",\"position\":2,\"name\":\"Magazin\",\"item\":\"https:\/\/www.zoko.ro\/magazin\/\"},{\"@type\":\"ListItem\",\"position\":3,\"name\":\"Mini-polizor f\u0103r\u0103 fir, 3.7V cu reglare vitez\u0103 \u0219i 31 accesorii, Tacklife\"}]},{\"@type\":\"WebSite\",\"@id\":\"https:\/\/www.zoko.ro\/#website\",\"url\":\"https:\/\/www.zoko.ro\/\",\"name\":\"ZOKO.ro\",\"description\":\"Cump\u0103r\u0103 inteligent\",\"publisher\":{\"@id\":\"https:\/\/www.zoko.ro\/#organization\"},\"potentialAction\":[{\"@type\":\"SearchAction\",\"target\":{\"@type\":\"EntryPoint\",\"urlTemplate\":\"https:\/\/www.zoko.ro\/?s={search_term_string}\"},\"query-input\":{\"@type\":\"PropertyValueSpecification\",\"valueRequired\":true,\"valueName\":\"search_term_string\"}}],\"inLanguage\":\"en-GB\"},{\"@type\":\"Organization\",\"@id\":\"https:\/\/www.zoko.ro\/#organization\",\"name\":\"ZOKO\",\"url\":\"https:\/\/www.zoko.ro\/\",\"logo\":{\"@type\":\"ImageObject\",\"inLanguage\":\"en-GB\",\"@id\":\"https:\/\/www.zoko.ro\/#\/schema\/logo\/image\/\",\"url\":\"https:\/\/www.zoko.ro\/wp-content\/uploads\/2025\/03\/logo1.svg\",\"contentUrl\":\"https:\/\/www.zoko.ro\/wp-content\/uploads\/2025\/03\/logo1.svg\",\"width\":799,\"height\":216,\"caption\":\"ZOKO\"},\"image\":{\"@id\":\"https:\/\/www.zoko.ro\/#\/schema\/logo\/image\/\"},\"sameAs\":[\"https:\/\/www.facebook.com\/profile.php?id=61584344135075\"]}]}<\/script>\n<!-- \/ Yoast SEO plugin. -->","yoast_head_json":{"title":"Mini-polizor f\u0103r\u0103 fir, 3.7V cu reglare vitez\u0103 \u0219i 31 accesorii, Tacklife | ZOKO","robots":{"index":"index","follow":"follow","max-snippet":"max-snippet:-1","max-image-preview":"max-image-preview:large","max-video-preview":"max-video-preview:-1"},"canonical":"https:\/\/www.zoko.ro\/en\/p\/mini-polizor-fara-fir-3-7v-cu-reglare-viteza-si-31-accesorii-tacklife\/","og_locale":"en_GB","og_type":"article","og_title":"Mini-polizor f\u0103r\u0103 fir, 3.7V cu reglare vitez\u0103 \u0219i 31 accesorii, Tacklife | ZOKO","og_description":"Culoare: Portocaliu Mini-polizor de precizie f\u0103r\u0103 fir TACKLIFE PCG01B \u2013 compact, versatil \u0219i eficient TACKLIFE PCG01B de la AUKEY este","og_url":"https:\/\/www.zoko.ro\/en\/p\/mini-polizor-fara-fir-3-7v-cu-reglare-viteza-si-31-accesorii-tacklife\/","og_site_name":"ZOKO","article_publisher":"https:\/\/www.facebook.com\/profile.php?id=61584344135075","og_image":[{"width":2000,"height":2000,"url":"https:\/\/www.zoko.ro\/wp-content\/uploads\/2025\/10\/mini-polizor-fara-fir-37v-cu-reglare-viteza-i-31-accesorii-tacklife.jpg","type":"image\/jpeg"}],"twitter_card":"summary_large_image","twitter_misc":{"Estimated reading time":"1 minute"},"schema":{"@context":"https:\/\/schema.org","@graph":[{"@type":"WebPage","@id":"https:\/\/www.zoko.ro\/p\/mini-polizor-fara-fir-3-7v-cu-reglare-viteza-si-31-accesorii-tacklife\/","url":"https:\/\/www.zoko.ro\/p\/mini-polizor-fara-fir-3-7v-cu-reglare-viteza-si-31-accesorii-tacklife\/","name":"Mini-polizor f\u0103r\u0103 fir, 3.7V cu reglare vitez\u0103 \u0219i 31 accesorii, Tacklife | ZOKO","isPartOf":{"@id":"https:\/\/www.zoko.ro\/#website"},"primaryImageOfPage":{"@id":"https:\/\/www.zoko.ro\/p\/mini-polizor-fara-fir-3-7v-cu-reglare-viteza-si-31-accesorii-tacklife\/#primaryimage"},"image":{"@id":"https:\/\/www.zoko.ro\/p\/mini-polizor-fara-fir-3-7v-cu-reglare-viteza-si-31-accesorii-tacklife\/#primaryimage"},"thumbnailUrl":"https:\/\/www.zoko.ro\/wp-content\/uploads\/2025\/10\/mini-polizor-fara-fir-37v-cu-reglare-viteza-i-31-accesorii-tacklife.jpg","datePublished":"2026-04-28T21:38:22+00:00","breadcrumb":{"@id":"https:\/\/www.zoko.ro\/p\/mini-polizor-fara-fir-3-7v-cu-reglare-viteza-si-31-accesorii-tacklife\/#breadcrumb"},"inLanguage":"en-GB","potentialAction":[{"@type":"ReadAction","target":["https:\/\/www.zoko.ro\/p\/mini-polizor-fara-fir-3-7v-cu-reglare-viteza-si-31-accesorii-tacklife\/"]}]},{"@type":"ImageObject","inLanguage":"en-GB","@id":"https:\/\/www.zoko.ro\/p\/mini-polizor-fara-fir-3-7v-cu-reglare-viteza-si-31-accesorii-tacklife\/#primaryimage","url":"https:\/\/www.zoko.ro\/wp-content\/uploads\/2025\/10\/mini-polizor-fara-fir-37v-cu-reglare-viteza-i-31-accesorii-tacklife.jpg","contentUrl":"https:\/\/www.zoko.ro\/wp-content\/uploads\/2025\/10\/mini-polizor-fara-fir-37v-cu-reglare-viteza-i-31-accesorii-tacklife.jpg","width":2000,"height":2000},{"@type":"BreadcrumbList","@id":"https:\/\/www.zoko.ro\/p\/mini-polizor-fara-fir-3-7v-cu-reglare-viteza-si-31-accesorii-tacklife\/#breadcrumb","itemListElement":[{"@type":"ListItem","position":1,"name":"Home","item":"https:\/\/www.zoko.ro\/"},{"@type":"ListItem","position":2,"name":"Magazin","item":"https:\/\/www.zoko.ro\/magazin\/"},{"@type":"ListItem","position":3,"name":"Mini-polizor f\u0103r\u0103 fir, 3.7V cu reglare vitez\u0103 \u0219i 31 accesorii, Tacklife"}]},{"@type":"WebSite","@id":"https:\/\/www.zoko.ro\/#website","url":"https:\/\/www.zoko.ro\/","name":"ZOKO.ro","description":"Cump\u0103r\u0103 inteligent","publisher":{"@id":"https:\/\/www.zoko.ro\/#organization"},"potentialAction":[{"@type":"SearchAction","target":{"@type":"EntryPoint","urlTemplate":"https:\/\/www.zoko.ro\/?s={search_term_string}"},"query-input":{"@type":"PropertyValueSpecification","valueRequired":true,"valueName":"search_term_string"}}],"inLanguage":"en-GB"},{"@type":"Organization","@id":"https:\/\/www.zoko.ro\/#organization","name":"ZOKO","url":"https:\/\/www.zoko.ro\/","logo":{"@type":"ImageObject","inLanguage":"en-GB","@id":"https:\/\/www.zoko.ro\/#\/schema\/logo\/image\/","url":"https:\/\/www.zoko.ro\/wp-content\/uploads\/2025\/03\/logo1.svg","contentUrl":"https:\/\/www.zoko.ro\/wp-content\/uploads\/2025\/03\/logo1.svg","width":799,"height":216,"caption":"ZOKO"},"image":{"@id":"https:\/\/www.zoko.ro\/#\/schema\/logo\/image\/"},"sameAs":["https:\/\/www.facebook.com\/profile.php?id=61584344135075"]}]}},"_links":{"self":[{"href":"https:\/\/www.zoko.ro\/en\/wp-json\/wp\/v2\/product\/14238","targetHints":{"allow":["GET"]}}],"collection":[{"href":"https:\/\/www.zoko.ro\/en\/wp-json\/wp\/v2\/product"}],"about":[{"href":"https:\/\/www.zoko.ro\/en\/wp-json\/wp\/v2\/types\/product"}],"replies":[{"embeddable":true,"href":"https:\/\/www.zoko.ro\/en\/wp-json\/wp\/v2\/comments?post=14238"}],"version-history":[{"count":1,"href":"https:\/\/www.zoko.ro\/en\/wp-json\/wp\/v2\/product\/14238\/revisions"}],"predecessor-version":[{"id":33626,"href":"https:\/\/www.zoko.ro\/en\/wp-json\/wp\/v2\/product\/14238\/revisions\/33626"}],"wp:featuredmedia":[{"embeddable":true,"href":"https:\/\/www.zoko.ro\/en\/wp-json\/wp\/v2\/media\/14239"}],"wp:attachment":[{"href":"https:\/\/www.zoko.ro\/en\/wp-json\/wp\/v2\/media?parent=14238"}],"wp:term":[{"taxonomy":"product_brand","embeddable":true,"href":"https:\/\/www.zoko.ro\/en\/wp-json\/wp\/v2\/product_brand?post=14238"},{"taxonomy":"product_cat","embeddable":true,"href":"https:\/\/www.zoko.ro\/en\/wp-json\/wp\/v2\/product_cat?post=14238"},{"taxonomy":"product_tag","embeddable":true,"href":"https:\/\/www.zoko.ro\/en\/wp-json\/wp\/v2\/product_tag?post=14238"}],"curies":[{"name":"wp","href":"https:\/\/api.w.org\/{rel}","templated":true}]}}