{"id":16725,"date":"2026-04-28T23:02:40","date_gmt":"2026-04-28T21:02:40","guid":{"rendered":"https:\/\/www.zoko.ro\/p\/camera-de-supraveghere-wifi-cu-senzor-de-miscare-720px-gonga\/"},"modified":"2026-04-28T23:02:40","modified_gmt":"2026-04-28T21:02:40","slug":"camera-de-supraveghere-wifi-cu-senzor-de-miscare-720px-gonga","status":"publish","type":"product","link":"https:\/\/www.zoko.ro\/en\/p\/camera-de-supraveghere-wifi-cu-senzor-de-miscare-720px-gonga\/","title":{"rendered":"Camera de supraveghere WiFi, cu senzor de miscare, 720px, Gonga\u00ae"},"content":{"rendered":"<p><strong>Culoare:<\/strong> Alb<\/p>\n<p><iframe loading=\"lazy\" width=\"560\" height=\"315\" src=\"https:\/\/www.youtube.com\/embed\/2ck4quQocPc\" title=\"YouTube video player\" frameborder=\"0\"><\/iframe><\/p>\n<\/p>\n<p>Nu v\u0103 mai face\u021bi niciodat\u0103 griji \u00een ceea ce prive\u0219te securitatea la domiciliu\u00a0 cu aceast\u0103 camer\u0103 WiFi CCTV . Se conecteaz\u0103 la telefon prin intermediul aplica\u021biei smartphone disponibil\u0103 pe Android \u0219i iOS, pentru a v\u0103 putea supraveghea casa oriunde v-a\u021bi afla.<\/p>\n<\/p>\n<p>Cu caracteristici cum ar fi senzorul de mi\u0219care, o comunica\u021bie video cu sens unic \u0219i un sistem audio cu dou\u0103 c\u0103i, pute\u021bi \u0219ti mereu ce se \u00eent\u00e2mpl\u0103 \u00een casa dvs. cu copiii \u0219i animalele de companie.<\/p>\n<\/p>\n<p>Acest produs este livrat cu un senzor \u00eencorporat de lumin\u0103 infraro\u0219ie pentru a detecta cantitatea de lumin\u0103 din camer\u0103, astfel \u00eenc\u00e2t s\u0103 pute\u021bi vedea \u00eentotdeauna chiar dac\u0103 luminile sunt stinse.<\/p>\n<\/p>\n<p><strong>Caracteristici principale:<\/strong><\/p>\n<\/p>\n<p>Conexiune WiFi<\/p>\n<\/p>\n<p>Conecta\u021bi dispozitivele aparatului foto multiplu<\/p>\n<\/p>\n<p>Aplica\u021bie mobil\u0103 pentru a putea accesa camera dvs. indiferent unde v\u0103 afla\u021bi (Android &amp; iOS, browser web PC \/ Mac)<\/p>\n<\/p>\n<p>Senzori de lumin\u0103 \u0219i aparat de fotografiat cu vizibilitate \u00een noapte<\/p>\n<\/p>\n<p>Pan \/ panorama panoramic\u0103 360 \u00b0<\/p>\n<\/p>\n<p>Microfon \u0219i difuzor \u00eencorporat (comunicare audio pe 2 c\u0103i activat\u0103)<\/p>\n<\/p>\n<p>Senzor de mi\u0219care<\/p>\n<\/p>\n<p>Push notification alarma<\/p>\n<\/p>\n<p>Afi\u0219\u0103ri \u00een timp real prin aplica\u021bie<\/p>\n<\/p>\n<p>Dimensiunea produsului: H (camera jos) &#8211; 11cm, H (camera in sus) &#8211; 12.5cm, W &#8211; 9cm,<\/p>\n<\/p>\n<p>Rezolu\u021bia camerei: 720p<\/p>\n<\/p>\n<p>Unghi de vizualizare: 110 (vertical), 355 (orizontal)<\/p>\n<\/p>\n<p>Lumina infrarosu: lumini cu LED-uri de 6x 850mm<\/p>\n<\/p>\n<p>Wifi:<\/p>\n<p>1. Standard: IEEE802.11b, 802.11g, 802.11n Draft<\/p>\n<p>2. Interval de frecven\u021b\u0103: 2,4 GHz ~ 2,4835 GHz<\/p>\n<p>3. L\u0103\u021bimea canalului canalului: 20\/40 MHz<\/p>\n<p>4. Securitate: WEP, WPA \/ WPA2, WPA-PSK \/ WPA2-PSK, WPS 64\/128-bit, WPS<\/p>\n<p>5. Rata de transmisie: 11b: 11Mbps, 11g: 54Mbps, 11n: 135Mbps<\/p>\n<\/p>\n<p>Audio: Interfon bidirec\u021bional<\/p>\n<\/p>\n<p>Lentila: 3,6mm<\/p>\n<\/p>\n<p>Card SD: Max. 64G (NU INCLUS)<\/p>\n<\/p>\n<p>Putere: DC 5V 2A<\/p>\n<\/p>\n<p>Tip Plug: Plug UK<\/p>\n<\/p>\n<p><strong>V\u0103 rug\u0103m s\u0103 re\u021bine\u021bi:<\/strong><\/p>\n<p>1. Cardul SD \/ TF nu este inclus, stocarea \u00een cloud este o op\u021biune alternativ\u0103 de plat\u0103.<\/p>\n<p>2. NU compatibil cu WiFi peste 2.4GHz.<\/p>\n<p>3. Conexiunea depinde de puterea \u0219i mediul WiFi. Se poate conecta de la 5-10m cu obstacole \u0219i 10-15m f\u0103r\u0103 obstacole. (pere\u021bi \/ plafoane etc.<\/p>\n<\/p>\n<p><strong>Not\u0103:<\/strong><\/p>\n<p>V\u0103 rug\u0103m s\u0103 permite\u021bi o diferen\u021b\u0103 de 1-3cm (0,4-1,18 &#8220;) datorit\u0103 m\u0103sur\u0103rii manuale \u0219i varia\u021bii u\u0219oare de culoare pentru diferite set\u0103ri de afi\u0219are.<\/p>\n<\/p>\n<p><strong>Pachetul include:<\/strong><\/p>\n<p>1 x camer\u0103 IP<\/p>\n<p>1 x cablu USB (1M)<\/p>\n<p>1 x adaptor de alimentare USB (tip op\u021bional)<\/p>\n<p>1 x Manual de utilizare \u00een limba englez\u0103<\/p>\n<p>1 x Plac\u0103 de montare pe perete<\/p>\n<p>1 x Pinul butonului Resetare<\/p>\n<p>2 x prize din plastic pentru perete<\/p>\n<p>2 x \u0218uruburi<\/p>","protected":false},"excerpt":{"rendered":"<p>Culoare: Alb Nu v\u0103 mai face\u021bi niciodat\u0103 griji \u00een ceea ce prive\u0219te securitatea la domiciliu\u00a0 cu aceast\u0103 camer\u0103 WiFi CCTV<\/p>","protected":false},"featured_media":16726,"comment_status":"open","ping_status":"open","template":"","meta":[],"product_brand":[],"product_cat":[99,361,363],"product_tag":[],"class_list":{"0":"post-16725","1":"product","2":"type-product","3":"status-publish","4":"has-post-thumbnail","6":"product_cat-acasa","7":"product_cat-audio-video-foto","8":"product_cat-camere-accesorii-foto","9":"pa_culoare-alb","11":"first","12":"outofstock","13":"sale","14":"purchasable","15":"product-type-simple"},"yoast_head":"<!-- This site is optimized with the Yoast SEO plugin v27.2 - https:\/\/yoast.com\/product\/yoast-seo-wordpress\/ -->\n<title>Camera de supraveghere WiFi, cu senzor de miscare, 720px, Gonga\u00ae | ZOKO<\/title>\n<meta name=\"robots\" content=\"index, follow, max-snippet:-1, max-image-preview:large, max-video-preview:-1\" \/>\n<link rel=\"canonical\" href=\"https:\/\/www.zoko.ro\/en\/p\/camera-de-supraveghere-wifi-cu-senzor-de-miscare-720px-gonga\/\" \/>\n<meta property=\"og:locale\" content=\"en_GB\" \/>\n<meta property=\"og:type\" content=\"article\" \/>\n<meta property=\"og:title\" content=\"Camera de supraveghere WiFi, cu senzor de miscare, 720px, Gonga\u00ae | ZOKO\" \/>\n<meta property=\"og:description\" content=\"Culoare: Alb Nu v\u0103 mai face\u021bi niciodat\u0103 griji \u00een ceea ce prive\u0219te securitatea la domiciliu\u00a0 cu aceast\u0103 camer\u0103 WiFi CCTV\" \/>\n<meta property=\"og:url\" content=\"https:\/\/www.zoko.ro\/en\/p\/camera-de-supraveghere-wifi-cu-senzor-de-miscare-720px-gonga\/\" \/>\n<meta property=\"og:site_name\" content=\"ZOKO\" \/>\n<meta property=\"article:publisher\" content=\"https:\/\/www.facebook.com\/profile.php?id=61584344135075\" \/>\n<meta property=\"og:image\" content=\"https:\/\/www.zoko.ro\/wp-content\/uploads\/2025\/12\/camera-de-supraveghere-wifi-cu-senzor-de-miscare-720px-alb-negru-gonga.jpg\" \/>\n\t<meta property=\"og:image:width\" content=\"800\" \/>\n\t<meta property=\"og:image:height\" content=\"800\" \/>\n\t<meta property=\"og:image:type\" content=\"image\/jpeg\" \/>\n<meta name=\"twitter:card\" content=\"summary_large_image\" \/>\n<meta name=\"twitter:label1\" content=\"Estimated reading time\" \/>\n\t<meta name=\"twitter:data1\" content=\"2 minutes\" \/>\n<script type=\"application\/ld+json\" class=\"yoast-schema-graph\">{\"@context\":\"https:\/\/schema.org\",\"@graph\":[{\"@type\":\"WebPage\",\"@id\":\"https:\/\/www.zoko.ro\/p\/camera-de-supraveghere-wifi-cu-senzor-de-miscare-720px-gonga\/\",\"url\":\"https:\/\/www.zoko.ro\/p\/camera-de-supraveghere-wifi-cu-senzor-de-miscare-720px-gonga\/\",\"name\":\"Camera de supraveghere WiFi, cu senzor de miscare, 720px, Gonga\u00ae | ZOKO\",\"isPartOf\":{\"@id\":\"https:\/\/www.zoko.ro\/#website\"},\"primaryImageOfPage\":{\"@id\":\"https:\/\/www.zoko.ro\/p\/camera-de-supraveghere-wifi-cu-senzor-de-miscare-720px-gonga\/#primaryimage\"},\"image\":{\"@id\":\"https:\/\/www.zoko.ro\/p\/camera-de-supraveghere-wifi-cu-senzor-de-miscare-720px-gonga\/#primaryimage\"},\"thumbnailUrl\":\"https:\/\/www.zoko.ro\/wp-content\/uploads\/2025\/12\/camera-de-supraveghere-wifi-cu-senzor-de-miscare-720px-alb-negru-gonga.jpg\",\"datePublished\":\"2026-04-28T21:02:40+00:00\",\"breadcrumb\":{\"@id\":\"https:\/\/www.zoko.ro\/p\/camera-de-supraveghere-wifi-cu-senzor-de-miscare-720px-gonga\/#breadcrumb\"},\"inLanguage\":\"en-GB\",\"potentialAction\":[{\"@type\":\"ReadAction\",\"target\":[\"https:\/\/www.zoko.ro\/p\/camera-de-supraveghere-wifi-cu-senzor-de-miscare-720px-gonga\/\"]}]},{\"@type\":\"ImageObject\",\"inLanguage\":\"en-GB\",\"@id\":\"https:\/\/www.zoko.ro\/p\/camera-de-supraveghere-wifi-cu-senzor-de-miscare-720px-gonga\/#primaryimage\",\"url\":\"https:\/\/www.zoko.ro\/wp-content\/uploads\/2025\/12\/camera-de-supraveghere-wifi-cu-senzor-de-miscare-720px-alb-negru-gonga.jpg\",\"contentUrl\":\"https:\/\/www.zoko.ro\/wp-content\/uploads\/2025\/12\/camera-de-supraveghere-wifi-cu-senzor-de-miscare-720px-alb-negru-gonga.jpg\",\"width\":800,\"height\":800},{\"@type\":\"BreadcrumbList\",\"@id\":\"https:\/\/www.zoko.ro\/p\/camera-de-supraveghere-wifi-cu-senzor-de-miscare-720px-gonga\/#breadcrumb\",\"itemListElement\":[{\"@type\":\"ListItem\",\"position\":1,\"name\":\"Home\",\"item\":\"https:\/\/www.zoko.ro\/\"},{\"@type\":\"ListItem\",\"position\":2,\"name\":\"Magazin\",\"item\":\"https:\/\/www.zoko.ro\/magazin\/\"},{\"@type\":\"ListItem\",\"position\":3,\"name\":\"Camera de supraveghere WiFi, cu senzor de miscare, 720px, Gonga\u00ae\"}]},{\"@type\":\"WebSite\",\"@id\":\"https:\/\/www.zoko.ro\/#website\",\"url\":\"https:\/\/www.zoko.ro\/\",\"name\":\"ZOKO.ro\",\"description\":\"Cump\u0103r\u0103 inteligent\",\"publisher\":{\"@id\":\"https:\/\/www.zoko.ro\/#organization\"},\"potentialAction\":[{\"@type\":\"SearchAction\",\"target\":{\"@type\":\"EntryPoint\",\"urlTemplate\":\"https:\/\/www.zoko.ro\/?s={search_term_string}\"},\"query-input\":{\"@type\":\"PropertyValueSpecification\",\"valueRequired\":true,\"valueName\":\"search_term_string\"}}],\"inLanguage\":\"en-GB\"},{\"@type\":\"Organization\",\"@id\":\"https:\/\/www.zoko.ro\/#organization\",\"name\":\"ZOKO\",\"url\":\"https:\/\/www.zoko.ro\/\",\"logo\":{\"@type\":\"ImageObject\",\"inLanguage\":\"en-GB\",\"@id\":\"https:\/\/www.zoko.ro\/#\/schema\/logo\/image\/\",\"url\":\"https:\/\/www.zoko.ro\/wp-content\/uploads\/2025\/03\/logo1.svg\",\"contentUrl\":\"https:\/\/www.zoko.ro\/wp-content\/uploads\/2025\/03\/logo1.svg\",\"width\":799,\"height\":216,\"caption\":\"ZOKO\"},\"image\":{\"@id\":\"https:\/\/www.zoko.ro\/#\/schema\/logo\/image\/\"},\"sameAs\":[\"https:\/\/www.facebook.com\/profile.php?id=61584344135075\"]}]}<\/script>\n<!-- \/ Yoast SEO plugin. -->","yoast_head_json":{"title":"Camera de supraveghere WiFi, cu senzor de miscare, 720px, Gonga\u00ae | ZOKO","robots":{"index":"index","follow":"follow","max-snippet":"max-snippet:-1","max-image-preview":"max-image-preview:large","max-video-preview":"max-video-preview:-1"},"canonical":"https:\/\/www.zoko.ro\/en\/p\/camera-de-supraveghere-wifi-cu-senzor-de-miscare-720px-gonga\/","og_locale":"en_GB","og_type":"article","og_title":"Camera de supraveghere WiFi, cu senzor de miscare, 720px, Gonga\u00ae | ZOKO","og_description":"Culoare: Alb Nu v\u0103 mai face\u021bi niciodat\u0103 griji \u00een ceea ce prive\u0219te securitatea la domiciliu\u00a0 cu aceast\u0103 camer\u0103 WiFi CCTV","og_url":"https:\/\/www.zoko.ro\/en\/p\/camera-de-supraveghere-wifi-cu-senzor-de-miscare-720px-gonga\/","og_site_name":"ZOKO","article_publisher":"https:\/\/www.facebook.com\/profile.php?id=61584344135075","og_image":[{"width":800,"height":800,"url":"https:\/\/www.zoko.ro\/wp-content\/uploads\/2025\/12\/camera-de-supraveghere-wifi-cu-senzor-de-miscare-720px-alb-negru-gonga.jpg","type":"image\/jpeg"}],"twitter_card":"summary_large_image","twitter_misc":{"Estimated reading time":"2 minutes"},"schema":{"@context":"https:\/\/schema.org","@graph":[{"@type":"WebPage","@id":"https:\/\/www.zoko.ro\/p\/camera-de-supraveghere-wifi-cu-senzor-de-miscare-720px-gonga\/","url":"https:\/\/www.zoko.ro\/p\/camera-de-supraveghere-wifi-cu-senzor-de-miscare-720px-gonga\/","name":"Camera de supraveghere WiFi, cu senzor de miscare, 720px, Gonga\u00ae | ZOKO","isPartOf":{"@id":"https:\/\/www.zoko.ro\/#website"},"primaryImageOfPage":{"@id":"https:\/\/www.zoko.ro\/p\/camera-de-supraveghere-wifi-cu-senzor-de-miscare-720px-gonga\/#primaryimage"},"image":{"@id":"https:\/\/www.zoko.ro\/p\/camera-de-supraveghere-wifi-cu-senzor-de-miscare-720px-gonga\/#primaryimage"},"thumbnailUrl":"https:\/\/www.zoko.ro\/wp-content\/uploads\/2025\/12\/camera-de-supraveghere-wifi-cu-senzor-de-miscare-720px-alb-negru-gonga.jpg","datePublished":"2026-04-28T21:02:40+00:00","breadcrumb":{"@id":"https:\/\/www.zoko.ro\/p\/camera-de-supraveghere-wifi-cu-senzor-de-miscare-720px-gonga\/#breadcrumb"},"inLanguage":"en-GB","potentialAction":[{"@type":"ReadAction","target":["https:\/\/www.zoko.ro\/p\/camera-de-supraveghere-wifi-cu-senzor-de-miscare-720px-gonga\/"]}]},{"@type":"ImageObject","inLanguage":"en-GB","@id":"https:\/\/www.zoko.ro\/p\/camera-de-supraveghere-wifi-cu-senzor-de-miscare-720px-gonga\/#primaryimage","url":"https:\/\/www.zoko.ro\/wp-content\/uploads\/2025\/12\/camera-de-supraveghere-wifi-cu-senzor-de-miscare-720px-alb-negru-gonga.jpg","contentUrl":"https:\/\/www.zoko.ro\/wp-content\/uploads\/2025\/12\/camera-de-supraveghere-wifi-cu-senzor-de-miscare-720px-alb-negru-gonga.jpg","width":800,"height":800},{"@type":"BreadcrumbList","@id":"https:\/\/www.zoko.ro\/p\/camera-de-supraveghere-wifi-cu-senzor-de-miscare-720px-gonga\/#breadcrumb","itemListElement":[{"@type":"ListItem","position":1,"name":"Home","item":"https:\/\/www.zoko.ro\/"},{"@type":"ListItem","position":2,"name":"Magazin","item":"https:\/\/www.zoko.ro\/magazin\/"},{"@type":"ListItem","position":3,"name":"Camera de supraveghere WiFi, cu senzor de miscare, 720px, Gonga\u00ae"}]},{"@type":"WebSite","@id":"https:\/\/www.zoko.ro\/#website","url":"https:\/\/www.zoko.ro\/","name":"ZOKO.ro","description":"Cump\u0103r\u0103 inteligent","publisher":{"@id":"https:\/\/www.zoko.ro\/#organization"},"potentialAction":[{"@type":"SearchAction","target":{"@type":"EntryPoint","urlTemplate":"https:\/\/www.zoko.ro\/?s={search_term_string}"},"query-input":{"@type":"PropertyValueSpecification","valueRequired":true,"valueName":"search_term_string"}}],"inLanguage":"en-GB"},{"@type":"Organization","@id":"https:\/\/www.zoko.ro\/#organization","name":"ZOKO","url":"https:\/\/www.zoko.ro\/","logo":{"@type":"ImageObject","inLanguage":"en-GB","@id":"https:\/\/www.zoko.ro\/#\/schema\/logo\/image\/","url":"https:\/\/www.zoko.ro\/wp-content\/uploads\/2025\/03\/logo1.svg","contentUrl":"https:\/\/www.zoko.ro\/wp-content\/uploads\/2025\/03\/logo1.svg","width":799,"height":216,"caption":"ZOKO"},"image":{"@id":"https:\/\/www.zoko.ro\/#\/schema\/logo\/image\/"},"sameAs":["https:\/\/www.facebook.com\/profile.php?id=61584344135075"]}]}},"_links":{"self":[{"href":"https:\/\/www.zoko.ro\/en\/wp-json\/wp\/v2\/product\/16725","targetHints":{"allow":["GET"]}}],"collection":[{"href":"https:\/\/www.zoko.ro\/en\/wp-json\/wp\/v2\/product"}],"about":[{"href":"https:\/\/www.zoko.ro\/en\/wp-json\/wp\/v2\/types\/product"}],"replies":[{"embeddable":true,"href":"https:\/\/www.zoko.ro\/en\/wp-json\/wp\/v2\/comments?post=16725"}],"version-history":[{"count":1,"href":"https:\/\/www.zoko.ro\/en\/wp-json\/wp\/v2\/product\/16725\/revisions"}],"predecessor-version":[{"id":34777,"href":"https:\/\/www.zoko.ro\/en\/wp-json\/wp\/v2\/product\/16725\/revisions\/34777"}],"wp:featuredmedia":[{"embeddable":true,"href":"https:\/\/www.zoko.ro\/en\/wp-json\/wp\/v2\/media\/16726"}],"wp:attachment":[{"href":"https:\/\/www.zoko.ro\/en\/wp-json\/wp\/v2\/media?parent=16725"}],"wp:term":[{"taxonomy":"product_brand","embeddable":true,"href":"https:\/\/www.zoko.ro\/en\/wp-json\/wp\/v2\/product_brand?post=16725"},{"taxonomy":"product_cat","embeddable":true,"href":"https:\/\/www.zoko.ro\/en\/wp-json\/wp\/v2\/product_cat?post=16725"},{"taxonomy":"product_tag","embeddable":true,"href":"https:\/\/www.zoko.ro\/en\/wp-json\/wp\/v2\/product_tag?post=16725"}],"curies":[{"name":"wp","href":"https:\/\/api.w.org\/{rel}","templated":true}]}}