{"id":2083,"date":"2026-04-28T23:02:55","date_gmt":"2026-04-28T21:02:55","guid":{"rendered":"https:\/\/www.zoko.ro\/p\/hamac-din-material-canvas-gonga\/"},"modified":"2026-04-28T23:02:55","modified_gmt":"2026-04-28T21:02:55","slug":"hamac-din-material-canvas-gonga","status":"publish","type":"product","link":"https:\/\/www.zoko.ro\/en\/p\/hamac-din-material-canvas-gonga\/","title":{"rendered":"Hamac din material canvas, Gonga\u00ae"},"content":{"rendered":"<p><strong>Culoare:<\/strong> Rosu<\/p>\n<p><strong>Descriere<\/strong><\/p>\n<\/p>\n<p>Pentru o relaxare \u0219i un stil de via\u021b\u0103 s\u0103n\u0103tos \u00een aer liber, cum ar fi curte,parc,camping,c\u0103l\u0103torii etc.<\/p>\n<\/p>\n<p>Construite din materiale moi, hamacurile din canvas premium ofer\u0103 relaxare super confortabil\u0103.<\/p>\n<\/p>\n<p>Inelurile suspendate \u0219i fr\u00e2nghiile de suspensie v\u0103 ajut\u0103 s\u0103 asambla\u021bi hamacul \u00een siguran\u021b\u0103 \u0219i u\u0219or.<\/p>\n<\/p>\n<p>Imagina\u021bi-v\u0103 c\u00e2t de minunat este s\u0103 v\u0103 culca\u021bi pe hamac \u0219i s\u0103 v\u0103 relaxa\u021bi \u00een briza rece!<\/p>\n<\/p>\n<p><strong>Specifica\u021bie<\/strong><\/p>\n<\/p>\n<p>Material: Premium Canvas<\/p>\n<\/p>\n<p>Marime: 190cm (L) x 80cm (l) ;<\/p>\n<\/p>\n<p>Maxim. \u00cenc\u0103rcare: 120 kg (o persoan\u0103)<\/p>\n<\/p>\n<p><strong>Pachetul include<\/strong><\/p>\n<p>1 x hamac de canvas<\/p>\n<p>1 x geant\u0103 de transport<\/p>","protected":false},"excerpt":{"rendered":"<p>Culoare: Rosu Descriere Pentru o relaxare \u0219i un stil de via\u021b\u0103 s\u0103n\u0103tos \u00een aer liber, cum ar fi curte,parc,camping,c\u0103l\u0103torii etc.<\/p>","protected":false},"featured_media":2085,"comment_status":"open","ping_status":"open","template":"","meta":[],"product_brand":[],"product_cat":[99,100,129],"product_tag":[104],"class_list":{"0":"post-2083","1":"product","2":"type-product","3":"status-publish","4":"has-post-thumbnail","6":"product_cat-acasa","7":"product_cat-casa-gradina","8":"product_cat-gradinarit","9":"product_tag-in-stoc","10":"pa_culoare-rosu","12":"first","13":"instock","14":"sale","15":"purchasable","16":"product-type-simple"},"yoast_head":"<!-- This site is optimized with the Yoast SEO plugin v27.2 - https:\/\/yoast.com\/product\/yoast-seo-wordpress\/ -->\n<title>Hamac din material canvas, Gonga\u00ae | ZOKO<\/title>\n<meta name=\"robots\" content=\"index, follow, max-snippet:-1, max-image-preview:large, max-video-preview:-1\" \/>\n<link rel=\"canonical\" href=\"https:\/\/www.zoko.ro\/en\/p\/hamac-din-material-canvas-gonga\/\" \/>\n<meta property=\"og:locale\" content=\"en_GB\" \/>\n<meta property=\"og:type\" content=\"article\" \/>\n<meta property=\"og:title\" content=\"Hamac din material canvas, Gonga\u00ae | ZOKO\" \/>\n<meta property=\"og:description\" content=\"Culoare: Rosu Descriere Pentru o relaxare \u0219i un stil de via\u021b\u0103 s\u0103n\u0103tos \u00een aer liber, cum ar fi curte,parc,camping,c\u0103l\u0103torii etc.\" \/>\n<meta property=\"og:url\" content=\"https:\/\/www.zoko.ro\/en\/p\/hamac-din-material-canvas-gonga\/\" \/>\n<meta property=\"og:site_name\" content=\"ZOKO\" \/>\n<meta property=\"article:publisher\" content=\"https:\/\/www.facebook.com\/profile.php?id=61584344135075\" \/>\n<meta property=\"og:image\" content=\"https:\/\/www.zoko.ro\/wp-content\/uploads\/2025\/03\/hamac-din-material-canvas-multicolor-gonga.jpg\" \/>\n\t<meta property=\"og:image:width\" content=\"1000\" \/>\n\t<meta property=\"og:image:height\" content=\"1000\" \/>\n\t<meta property=\"og:image:type\" content=\"image\/jpeg\" \/>\n<meta name=\"twitter:card\" content=\"summary_large_image\" \/>\n<meta name=\"twitter:label1\" content=\"Estimated reading time\" \/>\n\t<meta name=\"twitter:data1\" content=\"1 minute\" \/>\n<script type=\"application\/ld+json\" class=\"yoast-schema-graph\">{\"@context\":\"https:\/\/schema.org\",\"@graph\":[{\"@type\":\"WebPage\",\"@id\":\"https:\/\/www.zoko.ro\/p\/hamac-din-material-canvas-gonga\/\",\"url\":\"https:\/\/www.zoko.ro\/p\/hamac-din-material-canvas-gonga\/\",\"name\":\"Hamac din material canvas, Gonga\u00ae | ZOKO\",\"isPartOf\":{\"@id\":\"https:\/\/www.zoko.ro\/#website\"},\"primaryImageOfPage\":{\"@id\":\"https:\/\/www.zoko.ro\/p\/hamac-din-material-canvas-gonga\/#primaryimage\"},\"image\":{\"@id\":\"https:\/\/www.zoko.ro\/p\/hamac-din-material-canvas-gonga\/#primaryimage\"},\"thumbnailUrl\":\"https:\/\/www.zoko.ro\/wp-content\/uploads\/2025\/03\/hamac-din-material-canvas-multicolor-gonga.jpg\",\"datePublished\":\"2026-04-28T21:02:55+00:00\",\"breadcrumb\":{\"@id\":\"https:\/\/www.zoko.ro\/p\/hamac-din-material-canvas-gonga\/#breadcrumb\"},\"inLanguage\":\"en-GB\",\"potentialAction\":[{\"@type\":\"ReadAction\",\"target\":[\"https:\/\/www.zoko.ro\/p\/hamac-din-material-canvas-gonga\/\"]}]},{\"@type\":\"ImageObject\",\"inLanguage\":\"en-GB\",\"@id\":\"https:\/\/www.zoko.ro\/p\/hamac-din-material-canvas-gonga\/#primaryimage\",\"url\":\"https:\/\/www.zoko.ro\/wp-content\/uploads\/2025\/03\/hamac-din-material-canvas-multicolor-gonga.jpg\",\"contentUrl\":\"https:\/\/www.zoko.ro\/wp-content\/uploads\/2025\/03\/hamac-din-material-canvas-multicolor-gonga.jpg\",\"width\":1000,\"height\":1000},{\"@type\":\"BreadcrumbList\",\"@id\":\"https:\/\/www.zoko.ro\/p\/hamac-din-material-canvas-gonga\/#breadcrumb\",\"itemListElement\":[{\"@type\":\"ListItem\",\"position\":1,\"name\":\"Home\",\"item\":\"https:\/\/www.zoko.ro\/\"},{\"@type\":\"ListItem\",\"position\":2,\"name\":\"Magazin\",\"item\":\"https:\/\/www.zoko.ro\/magazin\/\"},{\"@type\":\"ListItem\",\"position\":3,\"name\":\"Hamac din material canvas, Gonga\u00ae\"}]},{\"@type\":\"WebSite\",\"@id\":\"https:\/\/www.zoko.ro\/#website\",\"url\":\"https:\/\/www.zoko.ro\/\",\"name\":\"ZOKO.ro\",\"description\":\"Cump\u0103r\u0103 inteligent\",\"publisher\":{\"@id\":\"https:\/\/www.zoko.ro\/#organization\"},\"potentialAction\":[{\"@type\":\"SearchAction\",\"target\":{\"@type\":\"EntryPoint\",\"urlTemplate\":\"https:\/\/www.zoko.ro\/?s={search_term_string}\"},\"query-input\":{\"@type\":\"PropertyValueSpecification\",\"valueRequired\":true,\"valueName\":\"search_term_string\"}}],\"inLanguage\":\"en-GB\"},{\"@type\":\"Organization\",\"@id\":\"https:\/\/www.zoko.ro\/#organization\",\"name\":\"ZOKO\",\"url\":\"https:\/\/www.zoko.ro\/\",\"logo\":{\"@type\":\"ImageObject\",\"inLanguage\":\"en-GB\",\"@id\":\"https:\/\/www.zoko.ro\/#\/schema\/logo\/image\/\",\"url\":\"https:\/\/www.zoko.ro\/wp-content\/uploads\/2025\/03\/logo1.svg\",\"contentUrl\":\"https:\/\/www.zoko.ro\/wp-content\/uploads\/2025\/03\/logo1.svg\",\"width\":799,\"height\":216,\"caption\":\"ZOKO\"},\"image\":{\"@id\":\"https:\/\/www.zoko.ro\/#\/schema\/logo\/image\/\"},\"sameAs\":[\"https:\/\/www.facebook.com\/profile.php?id=61584344135075\"]}]}<\/script>\n<!-- \/ Yoast SEO plugin. -->","yoast_head_json":{"title":"Hamac din material canvas, Gonga\u00ae | ZOKO","robots":{"index":"index","follow":"follow","max-snippet":"max-snippet:-1","max-image-preview":"max-image-preview:large","max-video-preview":"max-video-preview:-1"},"canonical":"https:\/\/www.zoko.ro\/en\/p\/hamac-din-material-canvas-gonga\/","og_locale":"en_GB","og_type":"article","og_title":"Hamac din material canvas, Gonga\u00ae | ZOKO","og_description":"Culoare: Rosu Descriere Pentru o relaxare \u0219i un stil de via\u021b\u0103 s\u0103n\u0103tos \u00een aer liber, cum ar fi curte,parc,camping,c\u0103l\u0103torii etc.","og_url":"https:\/\/www.zoko.ro\/en\/p\/hamac-din-material-canvas-gonga\/","og_site_name":"ZOKO","article_publisher":"https:\/\/www.facebook.com\/profile.php?id=61584344135075","og_image":[{"width":1000,"height":1000,"url":"https:\/\/www.zoko.ro\/wp-content\/uploads\/2025\/03\/hamac-din-material-canvas-multicolor-gonga.jpg","type":"image\/jpeg"}],"twitter_card":"summary_large_image","twitter_misc":{"Estimated reading time":"1 minute"},"schema":{"@context":"https:\/\/schema.org","@graph":[{"@type":"WebPage","@id":"https:\/\/www.zoko.ro\/p\/hamac-din-material-canvas-gonga\/","url":"https:\/\/www.zoko.ro\/p\/hamac-din-material-canvas-gonga\/","name":"Hamac din material canvas, Gonga\u00ae | ZOKO","isPartOf":{"@id":"https:\/\/www.zoko.ro\/#website"},"primaryImageOfPage":{"@id":"https:\/\/www.zoko.ro\/p\/hamac-din-material-canvas-gonga\/#primaryimage"},"image":{"@id":"https:\/\/www.zoko.ro\/p\/hamac-din-material-canvas-gonga\/#primaryimage"},"thumbnailUrl":"https:\/\/www.zoko.ro\/wp-content\/uploads\/2025\/03\/hamac-din-material-canvas-multicolor-gonga.jpg","datePublished":"2026-04-28T21:02:55+00:00","breadcrumb":{"@id":"https:\/\/www.zoko.ro\/p\/hamac-din-material-canvas-gonga\/#breadcrumb"},"inLanguage":"en-GB","potentialAction":[{"@type":"ReadAction","target":["https:\/\/www.zoko.ro\/p\/hamac-din-material-canvas-gonga\/"]}]},{"@type":"ImageObject","inLanguage":"en-GB","@id":"https:\/\/www.zoko.ro\/p\/hamac-din-material-canvas-gonga\/#primaryimage","url":"https:\/\/www.zoko.ro\/wp-content\/uploads\/2025\/03\/hamac-din-material-canvas-multicolor-gonga.jpg","contentUrl":"https:\/\/www.zoko.ro\/wp-content\/uploads\/2025\/03\/hamac-din-material-canvas-multicolor-gonga.jpg","width":1000,"height":1000},{"@type":"BreadcrumbList","@id":"https:\/\/www.zoko.ro\/p\/hamac-din-material-canvas-gonga\/#breadcrumb","itemListElement":[{"@type":"ListItem","position":1,"name":"Home","item":"https:\/\/www.zoko.ro\/"},{"@type":"ListItem","position":2,"name":"Magazin","item":"https:\/\/www.zoko.ro\/magazin\/"},{"@type":"ListItem","position":3,"name":"Hamac din material canvas, Gonga\u00ae"}]},{"@type":"WebSite","@id":"https:\/\/www.zoko.ro\/#website","url":"https:\/\/www.zoko.ro\/","name":"ZOKO.ro","description":"Cump\u0103r\u0103 inteligent","publisher":{"@id":"https:\/\/www.zoko.ro\/#organization"},"potentialAction":[{"@type":"SearchAction","target":{"@type":"EntryPoint","urlTemplate":"https:\/\/www.zoko.ro\/?s={search_term_string}"},"query-input":{"@type":"PropertyValueSpecification","valueRequired":true,"valueName":"search_term_string"}}],"inLanguage":"en-GB"},{"@type":"Organization","@id":"https:\/\/www.zoko.ro\/#organization","name":"ZOKO","url":"https:\/\/www.zoko.ro\/","logo":{"@type":"ImageObject","inLanguage":"en-GB","@id":"https:\/\/www.zoko.ro\/#\/schema\/logo\/image\/","url":"https:\/\/www.zoko.ro\/wp-content\/uploads\/2025\/03\/logo1.svg","contentUrl":"https:\/\/www.zoko.ro\/wp-content\/uploads\/2025\/03\/logo1.svg","width":799,"height":216,"caption":"ZOKO"},"image":{"@id":"https:\/\/www.zoko.ro\/#\/schema\/logo\/image\/"},"sameAs":["https:\/\/www.facebook.com\/profile.php?id=61584344135075"]}]}},"_links":{"self":[{"href":"https:\/\/www.zoko.ro\/en\/wp-json\/wp\/v2\/product\/2083","targetHints":{"allow":["GET"]}}],"collection":[{"href":"https:\/\/www.zoko.ro\/en\/wp-json\/wp\/v2\/product"}],"about":[{"href":"https:\/\/www.zoko.ro\/en\/wp-json\/wp\/v2\/types\/product"}],"replies":[{"embeddable":true,"href":"https:\/\/www.zoko.ro\/en\/wp-json\/wp\/v2\/comments?post=2083"}],"version-history":[{"count":1,"href":"https:\/\/www.zoko.ro\/en\/wp-json\/wp\/v2\/product\/2083\/revisions"}],"predecessor-version":[{"id":2084,"href":"https:\/\/www.zoko.ro\/en\/wp-json\/wp\/v2\/product\/2083\/revisions\/2084"}],"wp:featuredmedia":[{"embeddable":true,"href":"https:\/\/www.zoko.ro\/en\/wp-json\/wp\/v2\/media\/2085"}],"wp:attachment":[{"href":"https:\/\/www.zoko.ro\/en\/wp-json\/wp\/v2\/media?parent=2083"}],"wp:term":[{"taxonomy":"product_brand","embeddable":true,"href":"https:\/\/www.zoko.ro\/en\/wp-json\/wp\/v2\/product_brand?post=2083"},{"taxonomy":"product_cat","embeddable":true,"href":"https:\/\/www.zoko.ro\/en\/wp-json\/wp\/v2\/product_cat?post=2083"},{"taxonomy":"product_tag","embeddable":true,"href":"https:\/\/www.zoko.ro\/en\/wp-json\/wp\/v2\/product_tag?post=2083"}],"curies":[{"name":"wp","href":"https:\/\/api.w.org\/{rel}","templated":true}]}}