{"id":22733,"date":"2026-04-28T23:12:40","date_gmt":"2026-04-28T21:12:40","guid":{"rendered":"https:\/\/www.zoko.ro\/p\/joc-interactiv-rol-spacerail-gonga-2\/"},"modified":"2026-04-28T23:12:40","modified_gmt":"2026-04-28T21:12:40","slug":"joc-interactiv-rol-spacerail-gonga-2","status":"publish","type":"product","link":"https:\/\/www.zoko.ro\/en\/p\/joc-interactiv-rol-spacerail-gonga-2\/","title":{"rendered":"Joc Interactiv Rol SpaceRail, Gonga\u00ae"},"content":{"rendered":"<\/p>\n<p>Crezi c\u0103 ai \u00eent\u00e2lnit un alt puzzle plictisitor? Spacerail este ceva ce nu ai mai v\u0103zut p\u00e2n\u0103 acum. Accept\u0103 provocarea \u0219i asambla-\u021bi propria pist\u0103!<\/p>\n<\/p>\n<p>\u00centreaga structur\u0103 este realizat\u0103 din metal, plastic \u0219i fir de pescuit. Combina\u021bia tuturor elementelor ofer\u0103 \u00een sf\u00e2r\u0219it o pist\u0103 grozav\u0103 pe care c\u0103l\u0103toresc bilele metalice. Alunec\u0103 printre bucle una dup\u0103 alta p\u00e2n\u0103 ajung la lift, care le duce chiar \u00een v\u00e2rful traseului, unde distrac\u021bia \u00eencepe din nou. Spacerail este un puzzle 3D care \u00ee\u021bi va st\u00e2rni creativitatea, pentru c\u0103 po\u021bi construi structuri dup\u0103 cum crezi de cuviin\u021b\u0103, nu neap\u0103rat conform pa\u0219ilor din manual.<\/p>\n<\/p>\n<p>Dezvolta perfect imagina\u021bia spa\u021bial\u0103. Combin\u0103 elemente de munc\u0103 creativ\u0103 cu abilit\u0103\u021bi manuale. Un set cadou perfect. Un obiect complex poate deveni un decor remarcabil al unei camere, precum \u0219i \u00eenceputul unei colec\u021bii.<\/p>","protected":false},"excerpt":{"rendered":"<p>Crezi c\u0103 ai \u00eent\u00e2lnit un alt puzzle plictisitor? Spacerail este ceva ce nu ai mai v\u0103zut p\u00e2n\u0103 acum. Accept\u0103 provocarea<\/p>","protected":false},"featured_media":22734,"comment_status":"open","ping_status":"open","template":"","meta":[],"product_brand":[],"product_cat":[99,335,333,334],"product_tag":[104],"class_list":{"0":"post-22733","1":"product","2":"type-product","3":"status-publish","4":"has-post-thumbnail","6":"product_cat-acasa","7":"product_cat-jocuri-educative","8":"product_cat-jucarii","9":"product_cat-jucarii-jocuri-educative","10":"product_tag-in-stoc","12":"first","13":"instock","14":"sale","15":"purchasable","16":"product-type-simple"},"yoast_head":"<!-- This site is optimized with the Yoast SEO plugin v27.2 - https:\/\/yoast.com\/product\/yoast-seo-wordpress\/ -->\n<title>Joc Interactiv Rol SpaceRail, Gonga\u00ae | ZOKO<\/title>\n<meta name=\"robots\" content=\"index, follow, max-snippet:-1, max-image-preview:large, max-video-preview:-1\" \/>\n<link rel=\"canonical\" href=\"https:\/\/www.zoko.ro\/en\/p\/joc-interactiv-rol-spacerail-gonga-2\/\" \/>\n<meta property=\"og:locale\" content=\"en_GB\" \/>\n<meta property=\"og:type\" content=\"article\" \/>\n<meta property=\"og:title\" content=\"Joc Interactiv Rol SpaceRail, Gonga\u00ae | ZOKO\" \/>\n<meta property=\"og:description\" content=\"Crezi c\u0103 ai \u00eent\u00e2lnit un alt puzzle plictisitor? Spacerail este ceva ce nu ai mai v\u0103zut p\u00e2n\u0103 acum. Accept\u0103 provocarea\" \/>\n<meta property=\"og:url\" content=\"https:\/\/www.zoko.ro\/en\/p\/joc-interactiv-rol-spacerail-gonga-2\/\" \/>\n<meta property=\"og:site_name\" content=\"ZOKO\" \/>\n<meta property=\"article:publisher\" content=\"https:\/\/www.facebook.com\/profile.php?id=61584344135075\" \/>\n<meta property=\"og:image\" content=\"https:\/\/www.zoko.ro\/wp-content\/uploads\/2025\/12\/joc-interactiv-rol-spacerail-level-1-6.jpg\" \/>\n\t<meta property=\"og:image:width\" content=\"800\" \/>\n\t<meta property=\"og:image:height\" content=\"800\" \/>\n\t<meta property=\"og:image:type\" content=\"image\/jpeg\" \/>\n<meta name=\"twitter:card\" content=\"summary_large_image\" \/>\n<meta name=\"twitter:label1\" content=\"Estimated reading time\" \/>\n\t<meta name=\"twitter:data1\" content=\"1 minute\" \/>\n<script type=\"application\/ld+json\" class=\"yoast-schema-graph\">{\"@context\":\"https:\/\/schema.org\",\"@graph\":[{\"@type\":\"WebPage\",\"@id\":\"https:\/\/www.zoko.ro\/p\/joc-interactiv-rol-spacerail-gonga-2\/\",\"url\":\"https:\/\/www.zoko.ro\/p\/joc-interactiv-rol-spacerail-gonga-2\/\",\"name\":\"Joc Interactiv Rol SpaceRail, Gonga\u00ae | ZOKO\",\"isPartOf\":{\"@id\":\"https:\/\/www.zoko.ro\/#website\"},\"primaryImageOfPage\":{\"@id\":\"https:\/\/www.zoko.ro\/p\/joc-interactiv-rol-spacerail-gonga-2\/#primaryimage\"},\"image\":{\"@id\":\"https:\/\/www.zoko.ro\/p\/joc-interactiv-rol-spacerail-gonga-2\/#primaryimage\"},\"thumbnailUrl\":\"https:\/\/www.zoko.ro\/wp-content\/uploads\/2025\/12\/joc-interactiv-rol-spacerail-level-1-6.jpg\",\"datePublished\":\"2026-04-28T21:12:40+00:00\",\"breadcrumb\":{\"@id\":\"https:\/\/www.zoko.ro\/p\/joc-interactiv-rol-spacerail-gonga-2\/#breadcrumb\"},\"inLanguage\":\"en-GB\",\"potentialAction\":[{\"@type\":\"ReadAction\",\"target\":[\"https:\/\/www.zoko.ro\/p\/joc-interactiv-rol-spacerail-gonga-2\/\"]}]},{\"@type\":\"ImageObject\",\"inLanguage\":\"en-GB\",\"@id\":\"https:\/\/www.zoko.ro\/p\/joc-interactiv-rol-spacerail-gonga-2\/#primaryimage\",\"url\":\"https:\/\/www.zoko.ro\/wp-content\/uploads\/2025\/12\/joc-interactiv-rol-spacerail-level-1-6.jpg\",\"contentUrl\":\"https:\/\/www.zoko.ro\/wp-content\/uploads\/2025\/12\/joc-interactiv-rol-spacerail-level-1-6.jpg\",\"width\":800,\"height\":800},{\"@type\":\"BreadcrumbList\",\"@id\":\"https:\/\/www.zoko.ro\/p\/joc-interactiv-rol-spacerail-gonga-2\/#breadcrumb\",\"itemListElement\":[{\"@type\":\"ListItem\",\"position\":1,\"name\":\"Home\",\"item\":\"https:\/\/www.zoko.ro\/\"},{\"@type\":\"ListItem\",\"position\":2,\"name\":\"Magazin\",\"item\":\"https:\/\/www.zoko.ro\/magazin\/\"},{\"@type\":\"ListItem\",\"position\":3,\"name\":\"Joc Interactiv Rol SpaceRail, Gonga\u00ae\"}]},{\"@type\":\"WebSite\",\"@id\":\"https:\/\/www.zoko.ro\/#website\",\"url\":\"https:\/\/www.zoko.ro\/\",\"name\":\"ZOKO.ro\",\"description\":\"Cump\u0103r\u0103 inteligent\",\"publisher\":{\"@id\":\"https:\/\/www.zoko.ro\/#organization\"},\"potentialAction\":[{\"@type\":\"SearchAction\",\"target\":{\"@type\":\"EntryPoint\",\"urlTemplate\":\"https:\/\/www.zoko.ro\/?s={search_term_string}\"},\"query-input\":{\"@type\":\"PropertyValueSpecification\",\"valueRequired\":true,\"valueName\":\"search_term_string\"}}],\"inLanguage\":\"en-GB\"},{\"@type\":\"Organization\",\"@id\":\"https:\/\/www.zoko.ro\/#organization\",\"name\":\"ZOKO\",\"url\":\"https:\/\/www.zoko.ro\/\",\"logo\":{\"@type\":\"ImageObject\",\"inLanguage\":\"en-GB\",\"@id\":\"https:\/\/www.zoko.ro\/#\/schema\/logo\/image\/\",\"url\":\"https:\/\/www.zoko.ro\/wp-content\/uploads\/2025\/03\/logo1.svg\",\"contentUrl\":\"https:\/\/www.zoko.ro\/wp-content\/uploads\/2025\/03\/logo1.svg\",\"width\":799,\"height\":216,\"caption\":\"ZOKO\"},\"image\":{\"@id\":\"https:\/\/www.zoko.ro\/#\/schema\/logo\/image\/\"},\"sameAs\":[\"https:\/\/www.facebook.com\/profile.php?id=61584344135075\"]}]}<\/script>\n<!-- \/ Yoast SEO plugin. -->","yoast_head_json":{"title":"Joc Interactiv Rol SpaceRail, Gonga\u00ae | ZOKO","robots":{"index":"index","follow":"follow","max-snippet":"max-snippet:-1","max-image-preview":"max-image-preview:large","max-video-preview":"max-video-preview:-1"},"canonical":"https:\/\/www.zoko.ro\/en\/p\/joc-interactiv-rol-spacerail-gonga-2\/","og_locale":"en_GB","og_type":"article","og_title":"Joc Interactiv Rol SpaceRail, Gonga\u00ae | ZOKO","og_description":"Crezi c\u0103 ai \u00eent\u00e2lnit un alt puzzle plictisitor? Spacerail este ceva ce nu ai mai v\u0103zut p\u00e2n\u0103 acum. Accept\u0103 provocarea","og_url":"https:\/\/www.zoko.ro\/en\/p\/joc-interactiv-rol-spacerail-gonga-2\/","og_site_name":"ZOKO","article_publisher":"https:\/\/www.facebook.com\/profile.php?id=61584344135075","og_image":[{"width":800,"height":800,"url":"https:\/\/www.zoko.ro\/wp-content\/uploads\/2025\/12\/joc-interactiv-rol-spacerail-level-1-6.jpg","type":"image\/jpeg"}],"twitter_card":"summary_large_image","twitter_misc":{"Estimated reading time":"1 minute"},"schema":{"@context":"https:\/\/schema.org","@graph":[{"@type":"WebPage","@id":"https:\/\/www.zoko.ro\/p\/joc-interactiv-rol-spacerail-gonga-2\/","url":"https:\/\/www.zoko.ro\/p\/joc-interactiv-rol-spacerail-gonga-2\/","name":"Joc Interactiv Rol SpaceRail, Gonga\u00ae | ZOKO","isPartOf":{"@id":"https:\/\/www.zoko.ro\/#website"},"primaryImageOfPage":{"@id":"https:\/\/www.zoko.ro\/p\/joc-interactiv-rol-spacerail-gonga-2\/#primaryimage"},"image":{"@id":"https:\/\/www.zoko.ro\/p\/joc-interactiv-rol-spacerail-gonga-2\/#primaryimage"},"thumbnailUrl":"https:\/\/www.zoko.ro\/wp-content\/uploads\/2025\/12\/joc-interactiv-rol-spacerail-level-1-6.jpg","datePublished":"2026-04-28T21:12:40+00:00","breadcrumb":{"@id":"https:\/\/www.zoko.ro\/p\/joc-interactiv-rol-spacerail-gonga-2\/#breadcrumb"},"inLanguage":"en-GB","potentialAction":[{"@type":"ReadAction","target":["https:\/\/www.zoko.ro\/p\/joc-interactiv-rol-spacerail-gonga-2\/"]}]},{"@type":"ImageObject","inLanguage":"en-GB","@id":"https:\/\/www.zoko.ro\/p\/joc-interactiv-rol-spacerail-gonga-2\/#primaryimage","url":"https:\/\/www.zoko.ro\/wp-content\/uploads\/2025\/12\/joc-interactiv-rol-spacerail-level-1-6.jpg","contentUrl":"https:\/\/www.zoko.ro\/wp-content\/uploads\/2025\/12\/joc-interactiv-rol-spacerail-level-1-6.jpg","width":800,"height":800},{"@type":"BreadcrumbList","@id":"https:\/\/www.zoko.ro\/p\/joc-interactiv-rol-spacerail-gonga-2\/#breadcrumb","itemListElement":[{"@type":"ListItem","position":1,"name":"Home","item":"https:\/\/www.zoko.ro\/"},{"@type":"ListItem","position":2,"name":"Magazin","item":"https:\/\/www.zoko.ro\/magazin\/"},{"@type":"ListItem","position":3,"name":"Joc Interactiv Rol SpaceRail, Gonga\u00ae"}]},{"@type":"WebSite","@id":"https:\/\/www.zoko.ro\/#website","url":"https:\/\/www.zoko.ro\/","name":"ZOKO.ro","description":"Cump\u0103r\u0103 inteligent","publisher":{"@id":"https:\/\/www.zoko.ro\/#organization"},"potentialAction":[{"@type":"SearchAction","target":{"@type":"EntryPoint","urlTemplate":"https:\/\/www.zoko.ro\/?s={search_term_string}"},"query-input":{"@type":"PropertyValueSpecification","valueRequired":true,"valueName":"search_term_string"}}],"inLanguage":"en-GB"},{"@type":"Organization","@id":"https:\/\/www.zoko.ro\/#organization","name":"ZOKO","url":"https:\/\/www.zoko.ro\/","logo":{"@type":"ImageObject","inLanguage":"en-GB","@id":"https:\/\/www.zoko.ro\/#\/schema\/logo\/image\/","url":"https:\/\/www.zoko.ro\/wp-content\/uploads\/2025\/03\/logo1.svg","contentUrl":"https:\/\/www.zoko.ro\/wp-content\/uploads\/2025\/03\/logo1.svg","width":799,"height":216,"caption":"ZOKO"},"image":{"@id":"https:\/\/www.zoko.ro\/#\/schema\/logo\/image\/"},"sameAs":["https:\/\/www.facebook.com\/profile.php?id=61584344135075"]}]}},"_links":{"self":[{"href":"https:\/\/www.zoko.ro\/en\/wp-json\/wp\/v2\/product\/22733","targetHints":{"allow":["GET"]}}],"collection":[{"href":"https:\/\/www.zoko.ro\/en\/wp-json\/wp\/v2\/product"}],"about":[{"href":"https:\/\/www.zoko.ro\/en\/wp-json\/wp\/v2\/types\/product"}],"replies":[{"embeddable":true,"href":"https:\/\/www.zoko.ro\/en\/wp-json\/wp\/v2\/comments?post=22733"}],"version-history":[{"count":1,"href":"https:\/\/www.zoko.ro\/en\/wp-json\/wp\/v2\/product\/22733\/revisions"}],"predecessor-version":[{"id":36254,"href":"https:\/\/www.zoko.ro\/en\/wp-json\/wp\/v2\/product\/22733\/revisions\/36254"}],"wp:featuredmedia":[{"embeddable":true,"href":"https:\/\/www.zoko.ro\/en\/wp-json\/wp\/v2\/media\/22734"}],"wp:attachment":[{"href":"https:\/\/www.zoko.ro\/en\/wp-json\/wp\/v2\/media?parent=22733"}],"wp:term":[{"taxonomy":"product_brand","embeddable":true,"href":"https:\/\/www.zoko.ro\/en\/wp-json\/wp\/v2\/product_brand?post=22733"},{"taxonomy":"product_cat","embeddable":true,"href":"https:\/\/www.zoko.ro\/en\/wp-json\/wp\/v2\/product_cat?post=22733"},{"taxonomy":"product_tag","embeddable":true,"href":"https:\/\/www.zoko.ro\/en\/wp-json\/wp\/v2\/product_tag?post=22733"}],"curies":[{"name":"wp","href":"https:\/\/api.w.org\/{rel}","templated":true}]}}