{"id":28780,"date":"2026-04-28T23:24:52","date_gmt":"2026-04-28T21:24:52","guid":{"rendered":"https:\/\/www.zoko.ro\/p\/masca-bandana-joker-din-neoprengonga\/"},"modified":"2026-04-28T23:24:53","modified_gmt":"2026-04-28T21:24:53","slug":"masca-bandana-joker-din-neoprengonga","status":"publish","type":"product","link":"https:\/\/www.zoko.ro\/en\/p\/masca-bandana-joker-din-neoprengonga\/","title":{"rendered":"Masca bandana Joker, din neopren,Gonga\u00ae"},"content":{"rendered":"<p><strong>Culoare:<\/strong> Negru<\/p>\n<p style=\"margin-top:0px;margin-bottom:7.5px;color:#333333;font-family:'Open Sans', Arial, sans-serif;font-size:15px;\">Masca bandana Joker, din neopren, pentru moto sau sporturi de iarna\u00a0<\/p>\n<p style=\"margin-top:0px;margin-bottom:7.5px;color:#333333;font-family:'Open Sans', Arial, sans-serif;font-size:15px;\">Masca moto cu model craniu . Masca este perfecta pentru protejarea fe\u021bei de frig recomandata atat biciclistilor cat si motociclistilor. De asemenea este recomandata pentru iubitorii de paintball \u0219i Halloween.<\/p>\n<p style=\"margin-top:0px;margin-bottom:7.5px;color:#333333;font-family:'Open Sans', Arial, sans-serif;font-size:15px;\">Caracteristici:<\/p>\n<p style=\"margin-top:0px;margin-bottom:7.5px;color:#333333;font-family:'Open Sans', Arial, sans-serif;font-size:15px;\">&#8211; pentru fa\u021b\u0103 \u0219i g\u00e2t &#8211; protec\u021bie perfect\u0103 a pielii \u00een timpul iernii. Perfecta pentru cele mai dificile condi\u021bii meteorologice.<br \/>&#8211; Masca protejeaza de praf si aer rece.<br \/>&#8211; Fabricata din microfibre din poliester, care protejeaz\u0103 termic, este utilizata cu succes \u00een timpul sporturilor de iarn\u0103.<br \/>&#8211; Poate fi sp\u0103lata in masina la o temperatura de 40 de grade.<br \/>&#8211; Se adapteaz\u0103 oric\u0103rui tip de fa\u021b\u0103.<br \/>&#8211; Dimensiune: universal<br \/>&#8211; Dimensiunea bandanei desf\u0103\u0219urate: 50 cm x 26 cm<br \/>&#8211; Culoare: negru ( model JOKER).<\/p>","protected":false},"excerpt":{"rendered":"<p>Culoare: Negru Masca bandana Joker, din neopren, pentru moto sau sporturi de iarna\u00a0 Masca moto cu model craniu . Masca<\/p>","protected":false},"featured_media":28781,"comment_status":"open","ping_status":"open","template":"","meta":[],"product_brand":[],"product_cat":[99,352],"product_tag":[104],"class_list":{"0":"post-28780","1":"product","2":"type-product","3":"status-publish","4":"has-post-thumbnail","6":"product_cat-acasa","7":"product_cat-costume-masti","8":"product_tag-in-stoc","9":"pa_culoare-negru","11":"first","12":"instock","13":"sale","14":"purchasable","15":"product-type-simple"},"yoast_head":"<!-- This site is optimized with the Yoast SEO plugin v27.2 - https:\/\/yoast.com\/product\/yoast-seo-wordpress\/ -->\n<title>Masca bandana Joker, din neopren,Gonga\u00ae | ZOKO<\/title>\n<meta name=\"robots\" content=\"index, follow, max-snippet:-1, max-image-preview:large, max-video-preview:-1\" \/>\n<link rel=\"canonical\" href=\"https:\/\/www.zoko.ro\/en\/p\/masca-bandana-joker-din-neoprengonga\/\" \/>\n<meta property=\"og:locale\" content=\"en_GB\" \/>\n<meta property=\"og:type\" content=\"article\" \/>\n<meta property=\"og:title\" content=\"Masca bandana Joker, din neopren,Gonga\u00ae | ZOKO\" \/>\n<meta property=\"og:description\" content=\"Culoare: Negru Masca bandana Joker, din neopren, pentru moto sau sporturi de iarna\u00a0 Masca moto cu model craniu . Masca\" \/>\n<meta property=\"og:url\" content=\"https:\/\/www.zoko.ro\/en\/p\/masca-bandana-joker-din-neoprengonga\/\" \/>\n<meta property=\"og:site_name\" content=\"ZOKO\" \/>\n<meta property=\"article:publisher\" content=\"https:\/\/www.facebook.com\/profile.php?id=61584344135075\" \/>\n<meta property=\"article:modified_time\" content=\"2026-04-28T21:24:53+00:00\" \/>\n<meta property=\"og:image\" content=\"https:\/\/www.zoko.ro\/wp-content\/uploads\/2025\/12\/masca-bandana-joker-din-neopren.jpg\" \/>\n\t<meta property=\"og:image:width\" content=\"800\" \/>\n\t<meta property=\"og:image:height\" content=\"684\" \/>\n\t<meta property=\"og:image:type\" content=\"image\/jpeg\" \/>\n<meta name=\"twitter:card\" content=\"summary_large_image\" \/>\n<meta name=\"twitter:label1\" content=\"Estimated reading time\" \/>\n\t<meta name=\"twitter:data1\" content=\"1 minute\" \/>\n<script type=\"application\/ld+json\" class=\"yoast-schema-graph\">{\"@context\":\"https:\/\/schema.org\",\"@graph\":[{\"@type\":\"WebPage\",\"@id\":\"https:\/\/www.zoko.ro\/p\/masca-bandana-joker-din-neoprengonga\/\",\"url\":\"https:\/\/www.zoko.ro\/p\/masca-bandana-joker-din-neoprengonga\/\",\"name\":\"Masca bandana Joker, din neopren,Gonga\u00ae | ZOKO\",\"isPartOf\":{\"@id\":\"https:\/\/www.zoko.ro\/#website\"},\"primaryImageOfPage\":{\"@id\":\"https:\/\/www.zoko.ro\/p\/masca-bandana-joker-din-neoprengonga\/#primaryimage\"},\"image\":{\"@id\":\"https:\/\/www.zoko.ro\/p\/masca-bandana-joker-din-neoprengonga\/#primaryimage\"},\"thumbnailUrl\":\"https:\/\/www.zoko.ro\/wp-content\/uploads\/2025\/12\/masca-bandana-joker-din-neopren.jpg\",\"datePublished\":\"2026-04-28T21:24:52+00:00\",\"dateModified\":\"2026-04-28T21:24:53+00:00\",\"breadcrumb\":{\"@id\":\"https:\/\/www.zoko.ro\/p\/masca-bandana-joker-din-neoprengonga\/#breadcrumb\"},\"inLanguage\":\"en-GB\",\"potentialAction\":[{\"@type\":\"ReadAction\",\"target\":[\"https:\/\/www.zoko.ro\/p\/masca-bandana-joker-din-neoprengonga\/\"]}]},{\"@type\":\"ImageObject\",\"inLanguage\":\"en-GB\",\"@id\":\"https:\/\/www.zoko.ro\/p\/masca-bandana-joker-din-neoprengonga\/#primaryimage\",\"url\":\"https:\/\/www.zoko.ro\/wp-content\/uploads\/2025\/12\/masca-bandana-joker-din-neopren.jpg\",\"contentUrl\":\"https:\/\/www.zoko.ro\/wp-content\/uploads\/2025\/12\/masca-bandana-joker-din-neopren.jpg\",\"width\":800,\"height\":684},{\"@type\":\"BreadcrumbList\",\"@id\":\"https:\/\/www.zoko.ro\/p\/masca-bandana-joker-din-neoprengonga\/#breadcrumb\",\"itemListElement\":[{\"@type\":\"ListItem\",\"position\":1,\"name\":\"Home\",\"item\":\"https:\/\/www.zoko.ro\/\"},{\"@type\":\"ListItem\",\"position\":2,\"name\":\"Magazin\",\"item\":\"https:\/\/www.zoko.ro\/magazin\/\"},{\"@type\":\"ListItem\",\"position\":3,\"name\":\"Masca bandana Joker, din neopren,Gonga\u00ae\"}]},{\"@type\":\"WebSite\",\"@id\":\"https:\/\/www.zoko.ro\/#website\",\"url\":\"https:\/\/www.zoko.ro\/\",\"name\":\"ZOKO.ro\",\"description\":\"Cump\u0103r\u0103 inteligent\",\"publisher\":{\"@id\":\"https:\/\/www.zoko.ro\/#organization\"},\"potentialAction\":[{\"@type\":\"SearchAction\",\"target\":{\"@type\":\"EntryPoint\",\"urlTemplate\":\"https:\/\/www.zoko.ro\/?s={search_term_string}\"},\"query-input\":{\"@type\":\"PropertyValueSpecification\",\"valueRequired\":true,\"valueName\":\"search_term_string\"}}],\"inLanguage\":\"en-GB\"},{\"@type\":\"Organization\",\"@id\":\"https:\/\/www.zoko.ro\/#organization\",\"name\":\"ZOKO\",\"url\":\"https:\/\/www.zoko.ro\/\",\"logo\":{\"@type\":\"ImageObject\",\"inLanguage\":\"en-GB\",\"@id\":\"https:\/\/www.zoko.ro\/#\/schema\/logo\/image\/\",\"url\":\"https:\/\/www.zoko.ro\/wp-content\/uploads\/2025\/03\/logo1.svg\",\"contentUrl\":\"https:\/\/www.zoko.ro\/wp-content\/uploads\/2025\/03\/logo1.svg\",\"width\":799,\"height\":216,\"caption\":\"ZOKO\"},\"image\":{\"@id\":\"https:\/\/www.zoko.ro\/#\/schema\/logo\/image\/\"},\"sameAs\":[\"https:\/\/www.facebook.com\/profile.php?id=61584344135075\"]}]}<\/script>\n<!-- \/ Yoast SEO plugin. -->","yoast_head_json":{"title":"Masca bandana Joker, din neopren,Gonga\u00ae | ZOKO","robots":{"index":"index","follow":"follow","max-snippet":"max-snippet:-1","max-image-preview":"max-image-preview:large","max-video-preview":"max-video-preview:-1"},"canonical":"https:\/\/www.zoko.ro\/en\/p\/masca-bandana-joker-din-neoprengonga\/","og_locale":"en_GB","og_type":"article","og_title":"Masca bandana Joker, din neopren,Gonga\u00ae | ZOKO","og_description":"Culoare: Negru Masca bandana Joker, din neopren, pentru moto sau sporturi de iarna\u00a0 Masca moto cu model craniu . Masca","og_url":"https:\/\/www.zoko.ro\/en\/p\/masca-bandana-joker-din-neoprengonga\/","og_site_name":"ZOKO","article_publisher":"https:\/\/www.facebook.com\/profile.php?id=61584344135075","article_modified_time":"2026-04-28T21:24:53+00:00","og_image":[{"width":800,"height":684,"url":"https:\/\/www.zoko.ro\/wp-content\/uploads\/2025\/12\/masca-bandana-joker-din-neopren.jpg","type":"image\/jpeg"}],"twitter_card":"summary_large_image","twitter_misc":{"Estimated reading time":"1 minute"},"schema":{"@context":"https:\/\/schema.org","@graph":[{"@type":"WebPage","@id":"https:\/\/www.zoko.ro\/p\/masca-bandana-joker-din-neoprengonga\/","url":"https:\/\/www.zoko.ro\/p\/masca-bandana-joker-din-neoprengonga\/","name":"Masca bandana Joker, din neopren,Gonga\u00ae | ZOKO","isPartOf":{"@id":"https:\/\/www.zoko.ro\/#website"},"primaryImageOfPage":{"@id":"https:\/\/www.zoko.ro\/p\/masca-bandana-joker-din-neoprengonga\/#primaryimage"},"image":{"@id":"https:\/\/www.zoko.ro\/p\/masca-bandana-joker-din-neoprengonga\/#primaryimage"},"thumbnailUrl":"https:\/\/www.zoko.ro\/wp-content\/uploads\/2025\/12\/masca-bandana-joker-din-neopren.jpg","datePublished":"2026-04-28T21:24:52+00:00","dateModified":"2026-04-28T21:24:53+00:00","breadcrumb":{"@id":"https:\/\/www.zoko.ro\/p\/masca-bandana-joker-din-neoprengonga\/#breadcrumb"},"inLanguage":"en-GB","potentialAction":[{"@type":"ReadAction","target":["https:\/\/www.zoko.ro\/p\/masca-bandana-joker-din-neoprengonga\/"]}]},{"@type":"ImageObject","inLanguage":"en-GB","@id":"https:\/\/www.zoko.ro\/p\/masca-bandana-joker-din-neoprengonga\/#primaryimage","url":"https:\/\/www.zoko.ro\/wp-content\/uploads\/2025\/12\/masca-bandana-joker-din-neopren.jpg","contentUrl":"https:\/\/www.zoko.ro\/wp-content\/uploads\/2025\/12\/masca-bandana-joker-din-neopren.jpg","width":800,"height":684},{"@type":"BreadcrumbList","@id":"https:\/\/www.zoko.ro\/p\/masca-bandana-joker-din-neoprengonga\/#breadcrumb","itemListElement":[{"@type":"ListItem","position":1,"name":"Home","item":"https:\/\/www.zoko.ro\/"},{"@type":"ListItem","position":2,"name":"Magazin","item":"https:\/\/www.zoko.ro\/magazin\/"},{"@type":"ListItem","position":3,"name":"Masca bandana Joker, din neopren,Gonga\u00ae"}]},{"@type":"WebSite","@id":"https:\/\/www.zoko.ro\/#website","url":"https:\/\/www.zoko.ro\/","name":"ZOKO.ro","description":"Cump\u0103r\u0103 inteligent","publisher":{"@id":"https:\/\/www.zoko.ro\/#organization"},"potentialAction":[{"@type":"SearchAction","target":{"@type":"EntryPoint","urlTemplate":"https:\/\/www.zoko.ro\/?s={search_term_string}"},"query-input":{"@type":"PropertyValueSpecification","valueRequired":true,"valueName":"search_term_string"}}],"inLanguage":"en-GB"},{"@type":"Organization","@id":"https:\/\/www.zoko.ro\/#organization","name":"ZOKO","url":"https:\/\/www.zoko.ro\/","logo":{"@type":"ImageObject","inLanguage":"en-GB","@id":"https:\/\/www.zoko.ro\/#\/schema\/logo\/image\/","url":"https:\/\/www.zoko.ro\/wp-content\/uploads\/2025\/03\/logo1.svg","contentUrl":"https:\/\/www.zoko.ro\/wp-content\/uploads\/2025\/03\/logo1.svg","width":799,"height":216,"caption":"ZOKO"},"image":{"@id":"https:\/\/www.zoko.ro\/#\/schema\/logo\/image\/"},"sameAs":["https:\/\/www.facebook.com\/profile.php?id=61584344135075"]}]}},"_links":{"self":[{"href":"https:\/\/www.zoko.ro\/en\/wp-json\/wp\/v2\/product\/28780","targetHints":{"allow":["GET"]}}],"collection":[{"href":"https:\/\/www.zoko.ro\/en\/wp-json\/wp\/v2\/product"}],"about":[{"href":"https:\/\/www.zoko.ro\/en\/wp-json\/wp\/v2\/types\/product"}],"replies":[{"embeddable":true,"href":"https:\/\/www.zoko.ro\/en\/wp-json\/wp\/v2\/comments?post=28780"}],"version-history":[{"count":1,"href":"https:\/\/www.zoko.ro\/en\/wp-json\/wp\/v2\/product\/28780\/revisions"}],"predecessor-version":[{"id":37637,"href":"https:\/\/www.zoko.ro\/en\/wp-json\/wp\/v2\/product\/28780\/revisions\/37637"}],"wp:featuredmedia":[{"embeddable":true,"href":"https:\/\/www.zoko.ro\/en\/wp-json\/wp\/v2\/media\/28781"}],"wp:attachment":[{"href":"https:\/\/www.zoko.ro\/en\/wp-json\/wp\/v2\/media?parent=28780"}],"wp:term":[{"taxonomy":"product_brand","embeddable":true,"href":"https:\/\/www.zoko.ro\/en\/wp-json\/wp\/v2\/product_brand?post=28780"},{"taxonomy":"product_cat","embeddable":true,"href":"https:\/\/www.zoko.ro\/en\/wp-json\/wp\/v2\/product_cat?post=28780"},{"taxonomy":"product_tag","embeddable":true,"href":"https:\/\/www.zoko.ro\/en\/wp-json\/wp\/v2\/product_tag?post=28780"}],"curies":[{"name":"wp","href":"https:\/\/api.w.org\/{rel}","templated":true}]}}