{"id":28954,"date":"2026-04-28T23:26:06","date_gmt":"2026-04-28T21:26:06","guid":{"rendered":"https:\/\/www.zoko.ro\/p\/set-markere-cu-doua-varfuri-48-piese-gonga\/"},"modified":"2026-04-28T23:26:06","modified_gmt":"2026-04-28T21:26:06","slug":"set-markere-cu-doua-varfuri-48-piese-gonga","status":"publish","type":"product","link":"https:\/\/www.zoko.ro\/en\/p\/set-markere-cu-doua-varfuri-48-piese-gonga\/","title":{"rendered":"Set Markere Cu Doua Varfuri, 48 Piese, Gonga\u00ae"},"content":{"rendered":"<p><strong>Culoare:<\/strong> Multicolor<\/p>\n<p><span style=\"color:#2f2f2f;font-family:Ubuntu, Helvetica, sans-serif;font-size:13px;text-align:justify;background-color:#ffffff;\"><span style=\"font-size:16px;color:#222222;font-family:'Open Sans', sans-serif;vertical-align:inherit;\"><span style=\"vertical-align:inherit;\">Un set de vis pentru arti\u0219tii mici \u0219i mari, \u00een v\u00e2rst\u0103 pre\u0219colar\u0103 \u0219i \u0219colar\u0103, c\u0103rora le place s\u0103 deseneze \u0219i s\u0103 coloreze sau tocmai \u00ee\u0219i \u00eencep aventura cu arta.\u00a0<\/span><\/span><b style=\"font-size:16px;color:#222222;font-family:'Open Sans', sans-serif;\"><span style=\"vertical-align:inherit;\"><span style=\"vertical-align:inherit;\">\u00cencurajeaz\u0103 dezvoltarea imagina\u021biei \u0219i a creativit\u0103\u021bii.<\/p>\n<p>O idee minunat\u0103 pentru a \u00eenlocui lumea virtual\u0103!<br \/><\/span><\/span><\/b><\/span><\/p>\n<p><span style=\"vertical-align:inherit;\"><span style=\"vertical-align:inherit;\">Exist\u0103 multe avantaje ale desenului, este modalitatea perfect\u0103 de a dezvolta abilit\u0103\u021bi motorii \u0219i mentale fine la copii.\u00a0<\/span><span style=\"vertical-align:inherit;\">De asemenea, le \u00eembun\u0103t\u0103\u021be\u0219te dezvoltarea exploratorie, psihologic\u0103 \u0219i emo\u021bional\u0103.\u00a0<\/span><\/span><b>Creativitatea este o modalitate de a observa dezvoltarea copilului, dezvolt\u0103 sensibilitatea, stimuleaz\u0103 concentrarea \u0219i promoveaz\u0103 observarea atent\u0103 \u0219i inteligen\u021ba emo\u021bional\u0103.<\/b><\/p>\n<ul style=\"font-size:16px;color:#222222;font-family:'Open Sans', sans-serif;background-color:#ffffff;\">\n<li style=\"text-align:left;\">Material: plastic<\/li>\n<li style=\"text-align:left;\">Umplutur\u0103: alcool<\/li>\n<li style=\"text-align:left;\">Dimensiuni marker: 1,6 x 15,3 cm<\/li>\n<li style=\"text-align:left;\">Num\u0103rul de culori diferite din set:\u00a048<\/li>\n<li style=\"text-align:left;\">Lungime scriere: aproximativ 300m<\/li>\n<li style=\"text-align:left;\">Tipul de cerneal\u0103: cu alcool<\/li>\n<li>Geanta cu m\u00e2ner inclusa<\/li>\n<\/ul>","protected":false},"excerpt":{"rendered":"<p>Culoare: Multicolor Un set de vis pentru arti\u0219tii mici \u0219i mari, \u00een v\u00e2rst\u0103 pre\u0219colar\u0103 \u0219i \u0219colar\u0103, c\u0103rora le place s\u0103<\/p>","protected":false},"featured_media":28955,"comment_status":"open","ping_status":"open","template":"","meta":[],"product_brand":[],"product_cat":[99,333,334,396],"product_tag":[104],"class_list":{"0":"post-28954","1":"product","2":"type-product","3":"status-publish","4":"has-post-thumbnail","6":"product_cat-acasa","7":"product_cat-jucarii","8":"product_cat-jucarii-jocuri-educative","9":"product_cat-jucarii-creative-seturi-pictura-si-desen","10":"product_tag-in-stoc","11":"pa_culoare-multicolor","13":"first","14":"instock","15":"sale","16":"purchasable","17":"product-type-simple"},"yoast_head":"<!-- This site is optimized with the Yoast SEO plugin v27.2 - https:\/\/yoast.com\/product\/yoast-seo-wordpress\/ -->\n<title>Set Markere Cu Doua Varfuri, 48 Piese, Gonga\u00ae | ZOKO<\/title>\n<meta name=\"robots\" content=\"index, follow, max-snippet:-1, max-image-preview:large, max-video-preview:-1\" \/>\n<link rel=\"canonical\" href=\"https:\/\/www.zoko.ro\/en\/p\/set-markere-cu-doua-varfuri-48-piese-gonga\/\" \/>\n<meta property=\"og:locale\" content=\"en_GB\" \/>\n<meta property=\"og:type\" content=\"article\" \/>\n<meta property=\"og:title\" content=\"Set Markere Cu Doua Varfuri, 48 Piese, Gonga\u00ae | ZOKO\" \/>\n<meta property=\"og:description\" content=\"Culoare: Multicolor Un set de vis pentru arti\u0219tii mici \u0219i mari, \u00een v\u00e2rst\u0103 pre\u0219colar\u0103 \u0219i \u0219colar\u0103, c\u0103rora le place s\u0103\" \/>\n<meta property=\"og:url\" content=\"https:\/\/www.zoko.ro\/en\/p\/set-markere-cu-doua-varfuri-48-piese-gonga\/\" \/>\n<meta property=\"og:site_name\" content=\"ZOKO\" \/>\n<meta property=\"article:publisher\" content=\"https:\/\/www.facebook.com\/profile.php?id=61584344135075\" \/>\n<meta property=\"og:image\" content=\"https:\/\/www.zoko.ro\/wp-content\/uploads\/2025\/12\/set-markere-cu-doua-varfuri-48-piese-gonga.jpg\" \/>\n\t<meta property=\"og:image:width\" content=\"714\" \/>\n\t<meta property=\"og:image:height\" content=\"716\" \/>\n\t<meta property=\"og:image:type\" content=\"image\/png\" \/>\n<meta name=\"twitter:card\" content=\"summary_large_image\" \/>\n<meta name=\"twitter:label1\" content=\"Estimated reading time\" \/>\n\t<meta name=\"twitter:data1\" content=\"1 minute\" \/>\n<script type=\"application\/ld+json\" class=\"yoast-schema-graph\">{\"@context\":\"https:\/\/schema.org\",\"@graph\":[{\"@type\":\"WebPage\",\"@id\":\"https:\/\/www.zoko.ro\/p\/set-markere-cu-doua-varfuri-48-piese-gonga\/\",\"url\":\"https:\/\/www.zoko.ro\/p\/set-markere-cu-doua-varfuri-48-piese-gonga\/\",\"name\":\"Set Markere Cu Doua Varfuri, 48 Piese, Gonga\u00ae | ZOKO\",\"isPartOf\":{\"@id\":\"https:\/\/www.zoko.ro\/#website\"},\"primaryImageOfPage\":{\"@id\":\"https:\/\/www.zoko.ro\/p\/set-markere-cu-doua-varfuri-48-piese-gonga\/#primaryimage\"},\"image\":{\"@id\":\"https:\/\/www.zoko.ro\/p\/set-markere-cu-doua-varfuri-48-piese-gonga\/#primaryimage\"},\"thumbnailUrl\":\"https:\/\/www.zoko.ro\/wp-content\/uploads\/2025\/12\/set-markere-cu-doua-varfuri-48-piese-gonga.jpg\",\"datePublished\":\"2026-04-28T21:26:06+00:00\",\"breadcrumb\":{\"@id\":\"https:\/\/www.zoko.ro\/p\/set-markere-cu-doua-varfuri-48-piese-gonga\/#breadcrumb\"},\"inLanguage\":\"en-GB\",\"potentialAction\":[{\"@type\":\"ReadAction\",\"target\":[\"https:\/\/www.zoko.ro\/p\/set-markere-cu-doua-varfuri-48-piese-gonga\/\"]}]},{\"@type\":\"ImageObject\",\"inLanguage\":\"en-GB\",\"@id\":\"https:\/\/www.zoko.ro\/p\/set-markere-cu-doua-varfuri-48-piese-gonga\/#primaryimage\",\"url\":\"https:\/\/www.zoko.ro\/wp-content\/uploads\/2025\/12\/set-markere-cu-doua-varfuri-48-piese-gonga.jpg\",\"contentUrl\":\"https:\/\/www.zoko.ro\/wp-content\/uploads\/2025\/12\/set-markere-cu-doua-varfuri-48-piese-gonga.jpg\",\"width\":714,\"height\":716},{\"@type\":\"BreadcrumbList\",\"@id\":\"https:\/\/www.zoko.ro\/p\/set-markere-cu-doua-varfuri-48-piese-gonga\/#breadcrumb\",\"itemListElement\":[{\"@type\":\"ListItem\",\"position\":1,\"name\":\"Home\",\"item\":\"https:\/\/www.zoko.ro\/\"},{\"@type\":\"ListItem\",\"position\":2,\"name\":\"Magazin\",\"item\":\"https:\/\/www.zoko.ro\/magazin\/\"},{\"@type\":\"ListItem\",\"position\":3,\"name\":\"Set Markere Cu Doua Varfuri, 48 Piese, Gonga\u00ae\"}]},{\"@type\":\"WebSite\",\"@id\":\"https:\/\/www.zoko.ro\/#website\",\"url\":\"https:\/\/www.zoko.ro\/\",\"name\":\"ZOKO.ro\",\"description\":\"Cump\u0103r\u0103 inteligent\",\"publisher\":{\"@id\":\"https:\/\/www.zoko.ro\/#organization\"},\"potentialAction\":[{\"@type\":\"SearchAction\",\"target\":{\"@type\":\"EntryPoint\",\"urlTemplate\":\"https:\/\/www.zoko.ro\/?s={search_term_string}\"},\"query-input\":{\"@type\":\"PropertyValueSpecification\",\"valueRequired\":true,\"valueName\":\"search_term_string\"}}],\"inLanguage\":\"en-GB\"},{\"@type\":\"Organization\",\"@id\":\"https:\/\/www.zoko.ro\/#organization\",\"name\":\"ZOKO\",\"url\":\"https:\/\/www.zoko.ro\/\",\"logo\":{\"@type\":\"ImageObject\",\"inLanguage\":\"en-GB\",\"@id\":\"https:\/\/www.zoko.ro\/#\/schema\/logo\/image\/\",\"url\":\"https:\/\/www.zoko.ro\/wp-content\/uploads\/2025\/03\/logo1.svg\",\"contentUrl\":\"https:\/\/www.zoko.ro\/wp-content\/uploads\/2025\/03\/logo1.svg\",\"width\":799,\"height\":216,\"caption\":\"ZOKO\"},\"image\":{\"@id\":\"https:\/\/www.zoko.ro\/#\/schema\/logo\/image\/\"},\"sameAs\":[\"https:\/\/www.facebook.com\/profile.php?id=61584344135075\"]}]}<\/script>\n<!-- \/ Yoast SEO plugin. -->","yoast_head_json":{"title":"Set Markere Cu Doua Varfuri, 48 Piese, Gonga\u00ae | ZOKO","robots":{"index":"index","follow":"follow","max-snippet":"max-snippet:-1","max-image-preview":"max-image-preview:large","max-video-preview":"max-video-preview:-1"},"canonical":"https:\/\/www.zoko.ro\/en\/p\/set-markere-cu-doua-varfuri-48-piese-gonga\/","og_locale":"en_GB","og_type":"article","og_title":"Set Markere Cu Doua Varfuri, 48 Piese, Gonga\u00ae | ZOKO","og_description":"Culoare: Multicolor Un set de vis pentru arti\u0219tii mici \u0219i mari, \u00een v\u00e2rst\u0103 pre\u0219colar\u0103 \u0219i \u0219colar\u0103, c\u0103rora le place s\u0103","og_url":"https:\/\/www.zoko.ro\/en\/p\/set-markere-cu-doua-varfuri-48-piese-gonga\/","og_site_name":"ZOKO","article_publisher":"https:\/\/www.facebook.com\/profile.php?id=61584344135075","og_image":[{"width":714,"height":716,"url":"https:\/\/www.zoko.ro\/wp-content\/uploads\/2025\/12\/set-markere-cu-doua-varfuri-48-piese-gonga.jpg","type":"image\/png"}],"twitter_card":"summary_large_image","twitter_misc":{"Estimated reading time":"1 minute"},"schema":{"@context":"https:\/\/schema.org","@graph":[{"@type":"WebPage","@id":"https:\/\/www.zoko.ro\/p\/set-markere-cu-doua-varfuri-48-piese-gonga\/","url":"https:\/\/www.zoko.ro\/p\/set-markere-cu-doua-varfuri-48-piese-gonga\/","name":"Set Markere Cu Doua Varfuri, 48 Piese, Gonga\u00ae | ZOKO","isPartOf":{"@id":"https:\/\/www.zoko.ro\/#website"},"primaryImageOfPage":{"@id":"https:\/\/www.zoko.ro\/p\/set-markere-cu-doua-varfuri-48-piese-gonga\/#primaryimage"},"image":{"@id":"https:\/\/www.zoko.ro\/p\/set-markere-cu-doua-varfuri-48-piese-gonga\/#primaryimage"},"thumbnailUrl":"https:\/\/www.zoko.ro\/wp-content\/uploads\/2025\/12\/set-markere-cu-doua-varfuri-48-piese-gonga.jpg","datePublished":"2026-04-28T21:26:06+00:00","breadcrumb":{"@id":"https:\/\/www.zoko.ro\/p\/set-markere-cu-doua-varfuri-48-piese-gonga\/#breadcrumb"},"inLanguage":"en-GB","potentialAction":[{"@type":"ReadAction","target":["https:\/\/www.zoko.ro\/p\/set-markere-cu-doua-varfuri-48-piese-gonga\/"]}]},{"@type":"ImageObject","inLanguage":"en-GB","@id":"https:\/\/www.zoko.ro\/p\/set-markere-cu-doua-varfuri-48-piese-gonga\/#primaryimage","url":"https:\/\/www.zoko.ro\/wp-content\/uploads\/2025\/12\/set-markere-cu-doua-varfuri-48-piese-gonga.jpg","contentUrl":"https:\/\/www.zoko.ro\/wp-content\/uploads\/2025\/12\/set-markere-cu-doua-varfuri-48-piese-gonga.jpg","width":714,"height":716},{"@type":"BreadcrumbList","@id":"https:\/\/www.zoko.ro\/p\/set-markere-cu-doua-varfuri-48-piese-gonga\/#breadcrumb","itemListElement":[{"@type":"ListItem","position":1,"name":"Home","item":"https:\/\/www.zoko.ro\/"},{"@type":"ListItem","position":2,"name":"Magazin","item":"https:\/\/www.zoko.ro\/magazin\/"},{"@type":"ListItem","position":3,"name":"Set Markere Cu Doua Varfuri, 48 Piese, Gonga\u00ae"}]},{"@type":"WebSite","@id":"https:\/\/www.zoko.ro\/#website","url":"https:\/\/www.zoko.ro\/","name":"ZOKO.ro","description":"Cump\u0103r\u0103 inteligent","publisher":{"@id":"https:\/\/www.zoko.ro\/#organization"},"potentialAction":[{"@type":"SearchAction","target":{"@type":"EntryPoint","urlTemplate":"https:\/\/www.zoko.ro\/?s={search_term_string}"},"query-input":{"@type":"PropertyValueSpecification","valueRequired":true,"valueName":"search_term_string"}}],"inLanguage":"en-GB"},{"@type":"Organization","@id":"https:\/\/www.zoko.ro\/#organization","name":"ZOKO","url":"https:\/\/www.zoko.ro\/","logo":{"@type":"ImageObject","inLanguage":"en-GB","@id":"https:\/\/www.zoko.ro\/#\/schema\/logo\/image\/","url":"https:\/\/www.zoko.ro\/wp-content\/uploads\/2025\/03\/logo1.svg","contentUrl":"https:\/\/www.zoko.ro\/wp-content\/uploads\/2025\/03\/logo1.svg","width":799,"height":216,"caption":"ZOKO"},"image":{"@id":"https:\/\/www.zoko.ro\/#\/schema\/logo\/image\/"},"sameAs":["https:\/\/www.facebook.com\/profile.php?id=61584344135075"]}]}},"_links":{"self":[{"href":"https:\/\/www.zoko.ro\/en\/wp-json\/wp\/v2\/product\/28954","targetHints":{"allow":["GET"]}}],"collection":[{"href":"https:\/\/www.zoko.ro\/en\/wp-json\/wp\/v2\/product"}],"about":[{"href":"https:\/\/www.zoko.ro\/en\/wp-json\/wp\/v2\/types\/product"}],"replies":[{"embeddable":true,"href":"https:\/\/www.zoko.ro\/en\/wp-json\/wp\/v2\/comments?post=28954"}],"version-history":[{"count":1,"href":"https:\/\/www.zoko.ro\/en\/wp-json\/wp\/v2\/product\/28954\/revisions"}],"predecessor-version":[{"id":37678,"href":"https:\/\/www.zoko.ro\/en\/wp-json\/wp\/v2\/product\/28954\/revisions\/37678"}],"wp:featuredmedia":[{"embeddable":true,"href":"https:\/\/www.zoko.ro\/en\/wp-json\/wp\/v2\/media\/28955"}],"wp:attachment":[{"href":"https:\/\/www.zoko.ro\/en\/wp-json\/wp\/v2\/media?parent=28954"}],"wp:term":[{"taxonomy":"product_brand","embeddable":true,"href":"https:\/\/www.zoko.ro\/en\/wp-json\/wp\/v2\/product_brand?post=28954"},{"taxonomy":"product_cat","embeddable":true,"href":"https:\/\/www.zoko.ro\/en\/wp-json\/wp\/v2\/product_cat?post=28954"},{"taxonomy":"product_tag","embeddable":true,"href":"https:\/\/www.zoko.ro\/en\/wp-json\/wp\/v2\/product_tag?post=28954"}],"curies":[{"name":"wp","href":"https:\/\/api.w.org\/{rel}","templated":true}]}}