{"id":28973,"date":"2026-04-28T23:26:08","date_gmt":"2026-04-28T21:26:08","guid":{"rendered":"https:\/\/www.zoko.ro\/p\/tastatura-mecanica-rgb-model-bk1000-gonga\/"},"modified":"2026-04-28T23:26:08","modified_gmt":"2026-04-28T21:26:08","slug":"tastatura-mecanica-rgb-model-bk1000-gonga","status":"publish","type":"product","link":"https:\/\/www.zoko.ro\/en\/p\/tastatura-mecanica-rgb-model-bk1000-gonga\/","title":{"rendered":"Tastatur\u0103 mecanic\u0103 RGB, model BK1000, Gonga\u00ae"},"content":{"rendered":"<p><strong>Culoare:<\/strong> Negru<\/p>\n<p style=\"line-height:1.3;font-size:18px;color:#222222;font-family:'Open Sans', sans-serif;background-color:#ffffff;\"><strong><span style=\"vertical-align:inherit;\">Informa\u021bii despre produs:<\/span><\/strong><\/p>\n<ul style=\"font-size:16px;color:#222222;font-family:'Open Sans', sans-serif;background-color:#ffffff;\">\n<li>\n<p><span style=\"vertical-align:inherit;\">Material: Metal, ABS<\/span><\/p>\n<\/li>\n<li>\n<p><span style=\"vertical-align:inherit;\">Taste RGB<\/span><\/p>\n<\/li>\n<li>\n<p><span style=\"vertical-align:inherit;\">Buton special pentru schimbarea luminii de fundal a tastei (20 de modele pre\u00eenc\u0103rcate)<\/span><\/p>\n<\/li>\n<li>\n<p><span style=\"vertical-align:inherit;\">104 taste<\/span><\/p>\n<\/li>\n<li>\n<p><span style=\"vertical-align:inherit;\">Mecanism taste: mecanic<\/span><\/p>\n<\/li>\n<li>\n<p><span style=\"vertical-align:inherit;\">Durat\u0103 lung\u0103 de via\u021b\u0103 a tastelor, aproximativ 60 de milioane de ap\u0103s\u0103ri pe buton<\/span><\/p>\n<\/li>\n<li>\n<p><span style=\"vertical-align:inherit;\">Taste profilate pentru jocuri<\/span><\/p>\n<\/li>\n<li>\n<p><span style=\"vertical-align:inherit;\">Cablu USB lung de 1,6 metri protejat \u00eempotriva interferen\u021belor<\/span><\/p>\n<\/li>\n<li>\n<p><span style=\"vertical-align:inherit;\">BK1000 kn<\/span><\/p>\n<\/li>\n<\/ul>\n<p style=\"line-height:1.3;font-size:18px;color:#222222;font-family:'Open Sans', sans-serif;background-color:#ffffff;\"><strong><span style=\"vertical-align:inherit;\">Dimensiuni:<\/span><\/strong><\/p>\n<p><span style=\"vertical-align:inherit;\"><\/span><\/p>\n<p style=\"font-size:16px;color:#222222;font-family:'Open Sans', sans-serif;background-color:#ffffff;\"><span style=\"vertical-align:inherit;\">44,3 x 14,3 x 3,7 cm<\/span><\/p>","protected":false},"excerpt":{"rendered":"<p>Culoare: Negru Informa\u021bii despre produs: Material: Metal, ABS Taste RGB Buton special pentru schimbarea luminii de fundal a tastei (20<\/p>","protected":false},"featured_media":28974,"comment_status":"open","ping_status":"open","template":"","meta":[],"product_brand":[],"product_cat":[99,339,358],"product_tag":[104],"class_list":{"0":"post-28973","1":"product","2":"type-product","3":"status-publish","4":"has-post-thumbnail","6":"product_cat-acasa","7":"product_cat-pc-gaming","8":"product_cat-tastaturi","9":"product_tag-in-stoc","10":"pa_culoare-negru","12":"first","13":"instock","14":"sale","15":"purchasable","16":"product-type-simple"},"yoast_head":"<!-- This site is optimized with the Yoast SEO plugin v27.2 - https:\/\/yoast.com\/product\/yoast-seo-wordpress\/ -->\n<title>Tastatur\u0103 mecanic\u0103 RGB, model BK1000, Gonga\u00ae | ZOKO<\/title>\n<meta name=\"robots\" content=\"index, follow, max-snippet:-1, max-image-preview:large, max-video-preview:-1\" \/>\n<link rel=\"canonical\" href=\"https:\/\/www.zoko.ro\/en\/p\/tastatura-mecanica-rgb-model-bk1000-gonga\/\" \/>\n<meta property=\"og:locale\" content=\"en_GB\" \/>\n<meta property=\"og:type\" content=\"article\" \/>\n<meta property=\"og:title\" content=\"Tastatur\u0103 mecanic\u0103 RGB, model BK1000, Gonga\u00ae | ZOKO\" \/>\n<meta property=\"og:description\" content=\"Culoare: Negru Informa\u021bii despre produs: Material: Metal, ABS Taste RGB Buton special pentru schimbarea luminii de fundal a tastei (20\" \/>\n<meta property=\"og:url\" content=\"https:\/\/www.zoko.ro\/en\/p\/tastatura-mecanica-rgb-model-bk1000-gonga\/\" \/>\n<meta property=\"og:site_name\" content=\"ZOKO\" \/>\n<meta property=\"article:publisher\" content=\"https:\/\/www.facebook.com\/profile.php?id=61584344135075\" \/>\n<meta property=\"og:image\" content=\"https:\/\/www.zoko.ro\/wp-content\/uploads\/2025\/12\/tastatura-mecanica-rgb-model-bk1000-gonga.jpg\" \/>\n\t<meta property=\"og:image:width\" content=\"796\" \/>\n\t<meta property=\"og:image:height\" content=\"776\" \/>\n\t<meta property=\"og:image:type\" content=\"image\/png\" \/>\n<meta name=\"twitter:card\" content=\"summary_large_image\" \/>\n<script type=\"application\/ld+json\" class=\"yoast-schema-graph\">{\"@context\":\"https:\/\/schema.org\",\"@graph\":[{\"@type\":\"WebPage\",\"@id\":\"https:\/\/www.zoko.ro\/p\/tastatura-mecanica-rgb-model-bk1000-gonga\/\",\"url\":\"https:\/\/www.zoko.ro\/p\/tastatura-mecanica-rgb-model-bk1000-gonga\/\",\"name\":\"Tastatur\u0103 mecanic\u0103 RGB, model BK1000, Gonga\u00ae | ZOKO\",\"isPartOf\":{\"@id\":\"https:\/\/www.zoko.ro\/#website\"},\"primaryImageOfPage\":{\"@id\":\"https:\/\/www.zoko.ro\/p\/tastatura-mecanica-rgb-model-bk1000-gonga\/#primaryimage\"},\"image\":{\"@id\":\"https:\/\/www.zoko.ro\/p\/tastatura-mecanica-rgb-model-bk1000-gonga\/#primaryimage\"},\"thumbnailUrl\":\"https:\/\/www.zoko.ro\/wp-content\/uploads\/2025\/12\/tastatura-mecanica-rgb-model-bk1000-gonga.jpg\",\"datePublished\":\"2026-04-28T21:26:08+00:00\",\"breadcrumb\":{\"@id\":\"https:\/\/www.zoko.ro\/p\/tastatura-mecanica-rgb-model-bk1000-gonga\/#breadcrumb\"},\"inLanguage\":\"en-GB\",\"potentialAction\":[{\"@type\":\"ReadAction\",\"target\":[\"https:\/\/www.zoko.ro\/p\/tastatura-mecanica-rgb-model-bk1000-gonga\/\"]}]},{\"@type\":\"ImageObject\",\"inLanguage\":\"en-GB\",\"@id\":\"https:\/\/www.zoko.ro\/p\/tastatura-mecanica-rgb-model-bk1000-gonga\/#primaryimage\",\"url\":\"https:\/\/www.zoko.ro\/wp-content\/uploads\/2025\/12\/tastatura-mecanica-rgb-model-bk1000-gonga.jpg\",\"contentUrl\":\"https:\/\/www.zoko.ro\/wp-content\/uploads\/2025\/12\/tastatura-mecanica-rgb-model-bk1000-gonga.jpg\",\"width\":796,\"height\":776},{\"@type\":\"BreadcrumbList\",\"@id\":\"https:\/\/www.zoko.ro\/p\/tastatura-mecanica-rgb-model-bk1000-gonga\/#breadcrumb\",\"itemListElement\":[{\"@type\":\"ListItem\",\"position\":1,\"name\":\"Home\",\"item\":\"https:\/\/www.zoko.ro\/\"},{\"@type\":\"ListItem\",\"position\":2,\"name\":\"Magazin\",\"item\":\"https:\/\/www.zoko.ro\/magazin\/\"},{\"@type\":\"ListItem\",\"position\":3,\"name\":\"Tastatur\u0103 mecanic\u0103 RGB, model BK1000, Gonga\u00ae\"}]},{\"@type\":\"WebSite\",\"@id\":\"https:\/\/www.zoko.ro\/#website\",\"url\":\"https:\/\/www.zoko.ro\/\",\"name\":\"ZOKO.ro\",\"description\":\"Cump\u0103r\u0103 inteligent\",\"publisher\":{\"@id\":\"https:\/\/www.zoko.ro\/#organization\"},\"potentialAction\":[{\"@type\":\"SearchAction\",\"target\":{\"@type\":\"EntryPoint\",\"urlTemplate\":\"https:\/\/www.zoko.ro\/?s={search_term_string}\"},\"query-input\":{\"@type\":\"PropertyValueSpecification\",\"valueRequired\":true,\"valueName\":\"search_term_string\"}}],\"inLanguage\":\"en-GB\"},{\"@type\":\"Organization\",\"@id\":\"https:\/\/www.zoko.ro\/#organization\",\"name\":\"ZOKO\",\"url\":\"https:\/\/www.zoko.ro\/\",\"logo\":{\"@type\":\"ImageObject\",\"inLanguage\":\"en-GB\",\"@id\":\"https:\/\/www.zoko.ro\/#\/schema\/logo\/image\/\",\"url\":\"https:\/\/www.zoko.ro\/wp-content\/uploads\/2025\/03\/logo1.svg\",\"contentUrl\":\"https:\/\/www.zoko.ro\/wp-content\/uploads\/2025\/03\/logo1.svg\",\"width\":799,\"height\":216,\"caption\":\"ZOKO\"},\"image\":{\"@id\":\"https:\/\/www.zoko.ro\/#\/schema\/logo\/image\/\"},\"sameAs\":[\"https:\/\/www.facebook.com\/profile.php?id=61584344135075\"]}]}<\/script>\n<!-- \/ Yoast SEO plugin. -->","yoast_head_json":{"title":"Tastatur\u0103 mecanic\u0103 RGB, model BK1000, Gonga\u00ae | ZOKO","robots":{"index":"index","follow":"follow","max-snippet":"max-snippet:-1","max-image-preview":"max-image-preview:large","max-video-preview":"max-video-preview:-1"},"canonical":"https:\/\/www.zoko.ro\/en\/p\/tastatura-mecanica-rgb-model-bk1000-gonga\/","og_locale":"en_GB","og_type":"article","og_title":"Tastatur\u0103 mecanic\u0103 RGB, model BK1000, Gonga\u00ae | ZOKO","og_description":"Culoare: Negru Informa\u021bii despre produs: Material: Metal, ABS Taste RGB Buton special pentru schimbarea luminii de fundal a tastei (20","og_url":"https:\/\/www.zoko.ro\/en\/p\/tastatura-mecanica-rgb-model-bk1000-gonga\/","og_site_name":"ZOKO","article_publisher":"https:\/\/www.facebook.com\/profile.php?id=61584344135075","og_image":[{"width":796,"height":776,"url":"https:\/\/www.zoko.ro\/wp-content\/uploads\/2025\/12\/tastatura-mecanica-rgb-model-bk1000-gonga.jpg","type":"image\/png"}],"twitter_card":"summary_large_image","schema":{"@context":"https:\/\/schema.org","@graph":[{"@type":"WebPage","@id":"https:\/\/www.zoko.ro\/p\/tastatura-mecanica-rgb-model-bk1000-gonga\/","url":"https:\/\/www.zoko.ro\/p\/tastatura-mecanica-rgb-model-bk1000-gonga\/","name":"Tastatur\u0103 mecanic\u0103 RGB, model BK1000, Gonga\u00ae | ZOKO","isPartOf":{"@id":"https:\/\/www.zoko.ro\/#website"},"primaryImageOfPage":{"@id":"https:\/\/www.zoko.ro\/p\/tastatura-mecanica-rgb-model-bk1000-gonga\/#primaryimage"},"image":{"@id":"https:\/\/www.zoko.ro\/p\/tastatura-mecanica-rgb-model-bk1000-gonga\/#primaryimage"},"thumbnailUrl":"https:\/\/www.zoko.ro\/wp-content\/uploads\/2025\/12\/tastatura-mecanica-rgb-model-bk1000-gonga.jpg","datePublished":"2026-04-28T21:26:08+00:00","breadcrumb":{"@id":"https:\/\/www.zoko.ro\/p\/tastatura-mecanica-rgb-model-bk1000-gonga\/#breadcrumb"},"inLanguage":"en-GB","potentialAction":[{"@type":"ReadAction","target":["https:\/\/www.zoko.ro\/p\/tastatura-mecanica-rgb-model-bk1000-gonga\/"]}]},{"@type":"ImageObject","inLanguage":"en-GB","@id":"https:\/\/www.zoko.ro\/p\/tastatura-mecanica-rgb-model-bk1000-gonga\/#primaryimage","url":"https:\/\/www.zoko.ro\/wp-content\/uploads\/2025\/12\/tastatura-mecanica-rgb-model-bk1000-gonga.jpg","contentUrl":"https:\/\/www.zoko.ro\/wp-content\/uploads\/2025\/12\/tastatura-mecanica-rgb-model-bk1000-gonga.jpg","width":796,"height":776},{"@type":"BreadcrumbList","@id":"https:\/\/www.zoko.ro\/p\/tastatura-mecanica-rgb-model-bk1000-gonga\/#breadcrumb","itemListElement":[{"@type":"ListItem","position":1,"name":"Home","item":"https:\/\/www.zoko.ro\/"},{"@type":"ListItem","position":2,"name":"Magazin","item":"https:\/\/www.zoko.ro\/magazin\/"},{"@type":"ListItem","position":3,"name":"Tastatur\u0103 mecanic\u0103 RGB, model BK1000, Gonga\u00ae"}]},{"@type":"WebSite","@id":"https:\/\/www.zoko.ro\/#website","url":"https:\/\/www.zoko.ro\/","name":"ZOKO.ro","description":"Cump\u0103r\u0103 inteligent","publisher":{"@id":"https:\/\/www.zoko.ro\/#organization"},"potentialAction":[{"@type":"SearchAction","target":{"@type":"EntryPoint","urlTemplate":"https:\/\/www.zoko.ro\/?s={search_term_string}"},"query-input":{"@type":"PropertyValueSpecification","valueRequired":true,"valueName":"search_term_string"}}],"inLanguage":"en-GB"},{"@type":"Organization","@id":"https:\/\/www.zoko.ro\/#organization","name":"ZOKO","url":"https:\/\/www.zoko.ro\/","logo":{"@type":"ImageObject","inLanguage":"en-GB","@id":"https:\/\/www.zoko.ro\/#\/schema\/logo\/image\/","url":"https:\/\/www.zoko.ro\/wp-content\/uploads\/2025\/03\/logo1.svg","contentUrl":"https:\/\/www.zoko.ro\/wp-content\/uploads\/2025\/03\/logo1.svg","width":799,"height":216,"caption":"ZOKO"},"image":{"@id":"https:\/\/www.zoko.ro\/#\/schema\/logo\/image\/"},"sameAs":["https:\/\/www.facebook.com\/profile.php?id=61584344135075"]}]}},"_links":{"self":[{"href":"https:\/\/www.zoko.ro\/en\/wp-json\/wp\/v2\/product\/28973","targetHints":{"allow":["GET"]}}],"collection":[{"href":"https:\/\/www.zoko.ro\/en\/wp-json\/wp\/v2\/product"}],"about":[{"href":"https:\/\/www.zoko.ro\/en\/wp-json\/wp\/v2\/types\/product"}],"replies":[{"embeddable":true,"href":"https:\/\/www.zoko.ro\/en\/wp-json\/wp\/v2\/comments?post=28973"}],"version-history":[{"count":1,"href":"https:\/\/www.zoko.ro\/en\/wp-json\/wp\/v2\/product\/28973\/revisions"}],"predecessor-version":[{"id":34200,"href":"https:\/\/www.zoko.ro\/en\/wp-json\/wp\/v2\/product\/28973\/revisions\/34200"}],"wp:featuredmedia":[{"embeddable":true,"href":"https:\/\/www.zoko.ro\/en\/wp-json\/wp\/v2\/media\/28974"}],"wp:attachment":[{"href":"https:\/\/www.zoko.ro\/en\/wp-json\/wp\/v2\/media?parent=28973"}],"wp:term":[{"taxonomy":"product_brand","embeddable":true,"href":"https:\/\/www.zoko.ro\/en\/wp-json\/wp\/v2\/product_brand?post=28973"},{"taxonomy":"product_cat","embeddable":true,"href":"https:\/\/www.zoko.ro\/en\/wp-json\/wp\/v2\/product_cat?post=28973"},{"taxonomy":"product_tag","embeddable":true,"href":"https:\/\/www.zoko.ro\/en\/wp-json\/wp\/v2\/product_tag?post=28973"}],"curies":[{"name":"wp","href":"https:\/\/api.w.org\/{rel}","templated":true}]}}