{"id":29222,"date":"2026-04-28T23:26:27","date_gmt":"2026-04-28T21:26:27","guid":{"rendered":"https:\/\/www.zoko.ro\/p\/masca-creepy-din-latex-monstru-mumie-gonga\/"},"modified":"2026-04-28T23:26:27","modified_gmt":"2026-04-28T21:26:27","slug":"masca-creepy-din-latex-monstru-mumie-gonga","status":"publish","type":"product","link":"https:\/\/www.zoko.ro\/en\/p\/masca-creepy-din-latex-monstru-mumie-gonga\/","title":{"rendered":"Masca Creepy din latex, Monstru Mumie, Gonga\u00ae"},"content":{"rendered":"<p><strong>Culoare:<\/strong> Bej<\/p>\n<p>Melted este un personaj din filmele de groaz\u0103 \u0219i de groaz\u0103.\u00a0O masc\u0103 care acoper\u0103 \u00eentregul cap \u0219i o parte a g\u00e2tului.\u00a0\u00cen plus, are un trunchi extins, astfel \u00eenc\u00e2t poate fi b\u0103gat sub un tricou, va ar\u0103ta mai realist.\u00a0\u00centreaga fa\u021b\u0103 este acoperit\u0103 cu vopsea ro\u0219ie care seam\u0103n\u0103 cu s\u00e2ngele.\u00a0<\/p>\n<\/p>\n<p>Masca va fi o idee grozav\u0103 pentru o deghizare, v\u0103 garant\u0103m c\u0103 nu ve\u021bi \u00eent\u00e2lni o alt\u0103 persoan\u0103 cu aceea\u0219i deghizare ca \u0219i dumneavoastr\u0103 la petrecere!<\/p>\n<\/p>\n<p>G\u0103urile de vizionare sunt t\u0103iate acolo unde b\u0103rbatul are ochii.\u00a0\u00cen plus, masca este echipat\u0103 cu g\u0103uri pentru o respira\u021bie mai u\u0219oar\u0103 situate \u00een nas, ceea ce face \u0219i mai u\u0219or s\u0103 auzi persoana care o poart\u0103.<\/p><\/p>","protected":false},"excerpt":{"rendered":"<p>Culoare: Bej Melted este un personaj din filmele de groaz\u0103 \u0219i de groaz\u0103.\u00a0O masc\u0103 care acoper\u0103 \u00eentregul cap \u0219i o<\/p>","protected":false},"featured_media":29223,"comment_status":"open","ping_status":"open","template":"","meta":[],"product_brand":[],"product_cat":[99,352],"product_tag":[104],"class_list":{"0":"post-29222","1":"product","2":"type-product","3":"status-publish","4":"has-post-thumbnail","6":"product_cat-acasa","7":"product_cat-costume-masti","8":"product_tag-in-stoc","9":"pa_culoare-bej","11":"first","12":"instock","13":"sale","14":"purchasable","15":"product-type-simple"},"yoast_head":"<!-- This site is optimized with the Yoast SEO plugin v27.2 - https:\/\/yoast.com\/product\/yoast-seo-wordpress\/ -->\n<title>Masca Creepy din latex, Monstru Mumie, Gonga\u00ae | ZOKO<\/title>\n<meta name=\"robots\" content=\"index, follow, max-snippet:-1, max-image-preview:large, max-video-preview:-1\" \/>\n<link rel=\"canonical\" href=\"https:\/\/www.zoko.ro\/en\/p\/masca-creepy-din-latex-monstru-mumie-gonga\/\" \/>\n<meta property=\"og:locale\" content=\"en_GB\" \/>\n<meta property=\"og:type\" content=\"article\" \/>\n<meta property=\"og:title\" content=\"Masca Creepy din latex, Monstru Mumie, Gonga\u00ae | ZOKO\" \/>\n<meta property=\"og:description\" content=\"Culoare: Bej Melted este un personaj din filmele de groaz\u0103 \u0219i de groaz\u0103.\u00a0O masc\u0103 care acoper\u0103 \u00eentregul cap \u0219i o\" \/>\n<meta property=\"og:url\" content=\"https:\/\/www.zoko.ro\/en\/p\/masca-creepy-din-latex-monstru-mumie-gonga\/\" \/>\n<meta property=\"og:site_name\" content=\"ZOKO\" \/>\n<meta property=\"article:publisher\" content=\"https:\/\/www.facebook.com\/profile.php?id=61584344135075\" \/>\n<meta property=\"og:image\" content=\"https:\/\/www.zoko.ro\/wp-content\/uploads\/2025\/12\/masca-creepy-din-latex-monstru-mumie-gonga.jpg\" \/>\n\t<meta property=\"og:image:width\" content=\"780\" \/>\n\t<meta property=\"og:image:height\" content=\"781\" \/>\n\t<meta property=\"og:image:type\" content=\"image\/png\" \/>\n<meta name=\"twitter:card\" content=\"summary_large_image\" \/>\n<meta name=\"twitter:label1\" content=\"Estimated reading time\" \/>\n\t<meta name=\"twitter:data1\" content=\"1 minute\" \/>\n<script type=\"application\/ld+json\" class=\"yoast-schema-graph\">{\"@context\":\"https:\/\/schema.org\",\"@graph\":[{\"@type\":\"WebPage\",\"@id\":\"https:\/\/www.zoko.ro\/p\/masca-creepy-din-latex-monstru-mumie-gonga\/\",\"url\":\"https:\/\/www.zoko.ro\/p\/masca-creepy-din-latex-monstru-mumie-gonga\/\",\"name\":\"Masca Creepy din latex, Monstru Mumie, Gonga\u00ae | ZOKO\",\"isPartOf\":{\"@id\":\"https:\/\/www.zoko.ro\/#website\"},\"primaryImageOfPage\":{\"@id\":\"https:\/\/www.zoko.ro\/p\/masca-creepy-din-latex-monstru-mumie-gonga\/#primaryimage\"},\"image\":{\"@id\":\"https:\/\/www.zoko.ro\/p\/masca-creepy-din-latex-monstru-mumie-gonga\/#primaryimage\"},\"thumbnailUrl\":\"https:\/\/www.zoko.ro\/wp-content\/uploads\/2025\/12\/masca-creepy-din-latex-monstru-mumie-gonga.jpg\",\"datePublished\":\"2026-04-28T21:26:27+00:00\",\"breadcrumb\":{\"@id\":\"https:\/\/www.zoko.ro\/p\/masca-creepy-din-latex-monstru-mumie-gonga\/#breadcrumb\"},\"inLanguage\":\"en-GB\",\"potentialAction\":[{\"@type\":\"ReadAction\",\"target\":[\"https:\/\/www.zoko.ro\/p\/masca-creepy-din-latex-monstru-mumie-gonga\/\"]}]},{\"@type\":\"ImageObject\",\"inLanguage\":\"en-GB\",\"@id\":\"https:\/\/www.zoko.ro\/p\/masca-creepy-din-latex-monstru-mumie-gonga\/#primaryimage\",\"url\":\"https:\/\/www.zoko.ro\/wp-content\/uploads\/2025\/12\/masca-creepy-din-latex-monstru-mumie-gonga.jpg\",\"contentUrl\":\"https:\/\/www.zoko.ro\/wp-content\/uploads\/2025\/12\/masca-creepy-din-latex-monstru-mumie-gonga.jpg\",\"width\":780,\"height\":781},{\"@type\":\"BreadcrumbList\",\"@id\":\"https:\/\/www.zoko.ro\/p\/masca-creepy-din-latex-monstru-mumie-gonga\/#breadcrumb\",\"itemListElement\":[{\"@type\":\"ListItem\",\"position\":1,\"name\":\"Home\",\"item\":\"https:\/\/www.zoko.ro\/\"},{\"@type\":\"ListItem\",\"position\":2,\"name\":\"Magazin\",\"item\":\"https:\/\/www.zoko.ro\/magazin\/\"},{\"@type\":\"ListItem\",\"position\":3,\"name\":\"Masca Creepy din latex, Monstru Mumie, Gonga\u00ae\"}]},{\"@type\":\"WebSite\",\"@id\":\"https:\/\/www.zoko.ro\/#website\",\"url\":\"https:\/\/www.zoko.ro\/\",\"name\":\"ZOKO.ro\",\"description\":\"Cump\u0103r\u0103 inteligent\",\"publisher\":{\"@id\":\"https:\/\/www.zoko.ro\/#organization\"},\"potentialAction\":[{\"@type\":\"SearchAction\",\"target\":{\"@type\":\"EntryPoint\",\"urlTemplate\":\"https:\/\/www.zoko.ro\/?s={search_term_string}\"},\"query-input\":{\"@type\":\"PropertyValueSpecification\",\"valueRequired\":true,\"valueName\":\"search_term_string\"}}],\"inLanguage\":\"en-GB\"},{\"@type\":\"Organization\",\"@id\":\"https:\/\/www.zoko.ro\/#organization\",\"name\":\"ZOKO\",\"url\":\"https:\/\/www.zoko.ro\/\",\"logo\":{\"@type\":\"ImageObject\",\"inLanguage\":\"en-GB\",\"@id\":\"https:\/\/www.zoko.ro\/#\/schema\/logo\/image\/\",\"url\":\"https:\/\/www.zoko.ro\/wp-content\/uploads\/2025\/03\/logo1.svg\",\"contentUrl\":\"https:\/\/www.zoko.ro\/wp-content\/uploads\/2025\/03\/logo1.svg\",\"width\":799,\"height\":216,\"caption\":\"ZOKO\"},\"image\":{\"@id\":\"https:\/\/www.zoko.ro\/#\/schema\/logo\/image\/\"},\"sameAs\":[\"https:\/\/www.facebook.com\/profile.php?id=61584344135075\"]}]}<\/script>\n<!-- \/ Yoast SEO plugin. -->","yoast_head_json":{"title":"Masca Creepy din latex, Monstru Mumie, Gonga\u00ae | ZOKO","robots":{"index":"index","follow":"follow","max-snippet":"max-snippet:-1","max-image-preview":"max-image-preview:large","max-video-preview":"max-video-preview:-1"},"canonical":"https:\/\/www.zoko.ro\/en\/p\/masca-creepy-din-latex-monstru-mumie-gonga\/","og_locale":"en_GB","og_type":"article","og_title":"Masca Creepy din latex, Monstru Mumie, Gonga\u00ae | ZOKO","og_description":"Culoare: Bej Melted este un personaj din filmele de groaz\u0103 \u0219i de groaz\u0103.\u00a0O masc\u0103 care acoper\u0103 \u00eentregul cap \u0219i o","og_url":"https:\/\/www.zoko.ro\/en\/p\/masca-creepy-din-latex-monstru-mumie-gonga\/","og_site_name":"ZOKO","article_publisher":"https:\/\/www.facebook.com\/profile.php?id=61584344135075","og_image":[{"width":780,"height":781,"url":"https:\/\/www.zoko.ro\/wp-content\/uploads\/2025\/12\/masca-creepy-din-latex-monstru-mumie-gonga.jpg","type":"image\/png"}],"twitter_card":"summary_large_image","twitter_misc":{"Estimated reading time":"1 minute"},"schema":{"@context":"https:\/\/schema.org","@graph":[{"@type":"WebPage","@id":"https:\/\/www.zoko.ro\/p\/masca-creepy-din-latex-monstru-mumie-gonga\/","url":"https:\/\/www.zoko.ro\/p\/masca-creepy-din-latex-monstru-mumie-gonga\/","name":"Masca Creepy din latex, Monstru Mumie, Gonga\u00ae | ZOKO","isPartOf":{"@id":"https:\/\/www.zoko.ro\/#website"},"primaryImageOfPage":{"@id":"https:\/\/www.zoko.ro\/p\/masca-creepy-din-latex-monstru-mumie-gonga\/#primaryimage"},"image":{"@id":"https:\/\/www.zoko.ro\/p\/masca-creepy-din-latex-monstru-mumie-gonga\/#primaryimage"},"thumbnailUrl":"https:\/\/www.zoko.ro\/wp-content\/uploads\/2025\/12\/masca-creepy-din-latex-monstru-mumie-gonga.jpg","datePublished":"2026-04-28T21:26:27+00:00","breadcrumb":{"@id":"https:\/\/www.zoko.ro\/p\/masca-creepy-din-latex-monstru-mumie-gonga\/#breadcrumb"},"inLanguage":"en-GB","potentialAction":[{"@type":"ReadAction","target":["https:\/\/www.zoko.ro\/p\/masca-creepy-din-latex-monstru-mumie-gonga\/"]}]},{"@type":"ImageObject","inLanguage":"en-GB","@id":"https:\/\/www.zoko.ro\/p\/masca-creepy-din-latex-monstru-mumie-gonga\/#primaryimage","url":"https:\/\/www.zoko.ro\/wp-content\/uploads\/2025\/12\/masca-creepy-din-latex-monstru-mumie-gonga.jpg","contentUrl":"https:\/\/www.zoko.ro\/wp-content\/uploads\/2025\/12\/masca-creepy-din-latex-monstru-mumie-gonga.jpg","width":780,"height":781},{"@type":"BreadcrumbList","@id":"https:\/\/www.zoko.ro\/p\/masca-creepy-din-latex-monstru-mumie-gonga\/#breadcrumb","itemListElement":[{"@type":"ListItem","position":1,"name":"Home","item":"https:\/\/www.zoko.ro\/"},{"@type":"ListItem","position":2,"name":"Magazin","item":"https:\/\/www.zoko.ro\/magazin\/"},{"@type":"ListItem","position":3,"name":"Masca Creepy din latex, Monstru Mumie, Gonga\u00ae"}]},{"@type":"WebSite","@id":"https:\/\/www.zoko.ro\/#website","url":"https:\/\/www.zoko.ro\/","name":"ZOKO.ro","description":"Cump\u0103r\u0103 inteligent","publisher":{"@id":"https:\/\/www.zoko.ro\/#organization"},"potentialAction":[{"@type":"SearchAction","target":{"@type":"EntryPoint","urlTemplate":"https:\/\/www.zoko.ro\/?s={search_term_string}"},"query-input":{"@type":"PropertyValueSpecification","valueRequired":true,"valueName":"search_term_string"}}],"inLanguage":"en-GB"},{"@type":"Organization","@id":"https:\/\/www.zoko.ro\/#organization","name":"ZOKO","url":"https:\/\/www.zoko.ro\/","logo":{"@type":"ImageObject","inLanguage":"en-GB","@id":"https:\/\/www.zoko.ro\/#\/schema\/logo\/image\/","url":"https:\/\/www.zoko.ro\/wp-content\/uploads\/2025\/03\/logo1.svg","contentUrl":"https:\/\/www.zoko.ro\/wp-content\/uploads\/2025\/03\/logo1.svg","width":799,"height":216,"caption":"ZOKO"},"image":{"@id":"https:\/\/www.zoko.ro\/#\/schema\/logo\/image\/"},"sameAs":["https:\/\/www.facebook.com\/profile.php?id=61584344135075"]}]}},"_links":{"self":[{"href":"https:\/\/www.zoko.ro\/en\/wp-json\/wp\/v2\/product\/29222","targetHints":{"allow":["GET"]}}],"collection":[{"href":"https:\/\/www.zoko.ro\/en\/wp-json\/wp\/v2\/product"}],"about":[{"href":"https:\/\/www.zoko.ro\/en\/wp-json\/wp\/v2\/types\/product"}],"replies":[{"embeddable":true,"href":"https:\/\/www.zoko.ro\/en\/wp-json\/wp\/v2\/comments?post=29222"}],"version-history":[{"count":1,"href":"https:\/\/www.zoko.ro\/en\/wp-json\/wp\/v2\/product\/29222\/revisions"}],"predecessor-version":[{"id":34196,"href":"https:\/\/www.zoko.ro\/en\/wp-json\/wp\/v2\/product\/29222\/revisions\/34196"}],"wp:featuredmedia":[{"embeddable":true,"href":"https:\/\/www.zoko.ro\/en\/wp-json\/wp\/v2\/media\/29223"}],"wp:attachment":[{"href":"https:\/\/www.zoko.ro\/en\/wp-json\/wp\/v2\/media?parent=29222"}],"wp:term":[{"taxonomy":"product_brand","embeddable":true,"href":"https:\/\/www.zoko.ro\/en\/wp-json\/wp\/v2\/product_brand?post=29222"},{"taxonomy":"product_cat","embeddable":true,"href":"https:\/\/www.zoko.ro\/en\/wp-json\/wp\/v2\/product_cat?post=29222"},{"taxonomy":"product_tag","embeddable":true,"href":"https:\/\/www.zoko.ro\/en\/wp-json\/wp\/v2\/product_tag?post=29222"}],"curies":[{"name":"wp","href":"https:\/\/api.w.org\/{rel}","templated":true}]}}