{"id":29239,"date":"2026-04-28T23:26:27","date_gmt":"2026-04-28T21:26:27","guid":{"rendered":"https:\/\/www.zoko.ro\/p\/costum-pentru-femei-harley-quinn-gonga-2\/"},"modified":"2026-04-28T23:26:28","modified_gmt":"2026-04-28T21:26:28","slug":"costum-pentru-femei-harley-quinn-gonga-2","status":"publish","type":"product","link":"https:\/\/www.zoko.ro\/en\/p\/costum-pentru-femei-harley-quinn-gonga-2\/","title":{"rendered":"Costum pentru femei, HARLEY QUINN, Gonga\u00ae"},"content":{"rendered":"<p><strong>Culoare:<\/strong> Rosu<\/p>\n<p><strong>M\u0103rime:<\/strong> S<\/p>\n<p>Odat\u0103 un psihiatru, apoi un ajutor \u0219i, \u00een sf\u00e2r\u0219it, iubita lui Joker. Un personaj care apare \u00een benzi desenate \u0219i filme legate de Batman. \u00cen 2020, fanii acestui personaj au putut s\u0103 o revad\u0103 \u00eentr-un spin-off, care a fost dedicat doar acestei eroine, \u00een filmul numit \u201eP\u0103s\u0103ri de prad\u0103\u201d. Cu toate acestea, ea a c\u00e2\u0219tigat cea mai mare publicitate datorit\u0103 \u201eSuicide Squad\u201d.<\/p>\n<\/p>\n<p>Vrei s\u0103 devii o Harley ne\u00eenfricat\u0103 \u0219i nebun\u0103? Cump\u0103ra\u021bi un costum \u0219i alege\u021bi accesorii din celelalte licita\u021bii ale noastre \ud83d\ude42<\/p>\n<\/p>\n<p>Setul este format din 4 elemente:<\/p>\n<\/p>\n<p>&#8211; o jachet\u0103 de baseball str\u0103lucitoare cu inscrip\u021bii brodate<\/p>\n<p>&#8211; tricou cu maneca scurta<\/p>\n<p>&#8211; pantaloni scurti<\/p>\n<p>&#8211; m\u0103nu\u0219i<\/p>","protected":false},"excerpt":{"rendered":"<p>Culoare: Rosu M\u0103rime: S Odat\u0103 un psihiatru, apoi un ajutor \u0219i, \u00een sf\u00e2r\u0219it, iubita lui Joker. Un personaj care apare<\/p>","protected":false},"featured_media":29231,"comment_status":"open","ping_status":"open","template":"","meta":[],"product_brand":[],"product_cat":[99,352],"product_tag":[],"class_list":{"0":"post-29239","1":"product","2":"type-product","3":"status-publish","4":"has-post-thumbnail","6":"product_cat-acasa","7":"product_cat-costume-masti","8":"pa_culoare-rosu","9":"pa_marime-s","11":"first","12":"outofstock","13":"sale","14":"purchasable","15":"product-type-simple"},"yoast_head":"<!-- This site is optimized with the Yoast SEO plugin v27.2 - https:\/\/yoast.com\/product\/yoast-seo-wordpress\/ -->\n<title>Costum pentru femei, HARLEY QUINN, Gonga\u00ae | ZOKO<\/title>\n<meta name=\"robots\" content=\"index, follow, max-snippet:-1, max-image-preview:large, max-video-preview:-1\" \/>\n<link rel=\"canonical\" href=\"https:\/\/www.zoko.ro\/en\/p\/costum-pentru-femei-harley-quinn-gonga-2\/\" \/>\n<meta property=\"og:locale\" content=\"en_GB\" \/>\n<meta property=\"og:type\" content=\"article\" \/>\n<meta property=\"og:title\" content=\"Costum pentru femei, HARLEY QUINN, Gonga\u00ae | ZOKO\" \/>\n<meta property=\"og:description\" content=\"Culoare: Rosu M\u0103rime: S Odat\u0103 un psihiatru, apoi un ajutor \u0219i, \u00een sf\u00e2r\u0219it, iubita lui Joker. Un personaj care apare\" \/>\n<meta property=\"og:url\" content=\"https:\/\/www.zoko.ro\/en\/p\/costum-pentru-femei-harley-quinn-gonga-2\/\" \/>\n<meta property=\"og:site_name\" content=\"ZOKO\" \/>\n<meta property=\"article:publisher\" content=\"https:\/\/www.facebook.com\/profile.php?id=61584344135075\" \/>\n<meta property=\"article:modified_time\" content=\"2026-04-28T21:26:28+00:00\" \/>\n<meta property=\"og:image\" content=\"https:\/\/www.zoko.ro\/wp-content\/uploads\/2025\/12\/costum-pentru-femei-harley-quinn-gonga.jpg\" \/>\n\t<meta property=\"og:image:width\" content=\"664\" \/>\n\t<meta property=\"og:image:height\" content=\"664\" \/>\n\t<meta property=\"og:image:type\" content=\"image\/png\" \/>\n<meta name=\"twitter:card\" content=\"summary_large_image\" \/>\n<meta name=\"twitter:label1\" content=\"Estimated reading time\" \/>\n\t<meta name=\"twitter:data1\" content=\"1 minute\" \/>\n<script type=\"application\/ld+json\" class=\"yoast-schema-graph\">{\"@context\":\"https:\/\/schema.org\",\"@graph\":[{\"@type\":\"WebPage\",\"@id\":\"https:\/\/www.zoko.ro\/p\/costum-pentru-femei-harley-quinn-gonga-2\/\",\"url\":\"https:\/\/www.zoko.ro\/p\/costum-pentru-femei-harley-quinn-gonga-2\/\",\"name\":\"Costum pentru femei, HARLEY QUINN, Gonga\u00ae | ZOKO\",\"isPartOf\":{\"@id\":\"https:\/\/www.zoko.ro\/#website\"},\"primaryImageOfPage\":{\"@id\":\"https:\/\/www.zoko.ro\/p\/costum-pentru-femei-harley-quinn-gonga-2\/#primaryimage\"},\"image\":{\"@id\":\"https:\/\/www.zoko.ro\/p\/costum-pentru-femei-harley-quinn-gonga-2\/#primaryimage\"},\"thumbnailUrl\":\"https:\/\/www.zoko.ro\/wp-content\/uploads\/2025\/12\/costum-pentru-femei-harley-quinn-gonga.jpg\",\"datePublished\":\"2026-04-28T21:26:27+00:00\",\"dateModified\":\"2026-04-28T21:26:28+00:00\",\"breadcrumb\":{\"@id\":\"https:\/\/www.zoko.ro\/p\/costum-pentru-femei-harley-quinn-gonga-2\/#breadcrumb\"},\"inLanguage\":\"en-GB\",\"potentialAction\":[{\"@type\":\"ReadAction\",\"target\":[\"https:\/\/www.zoko.ro\/p\/costum-pentru-femei-harley-quinn-gonga-2\/\"]}]},{\"@type\":\"ImageObject\",\"inLanguage\":\"en-GB\",\"@id\":\"https:\/\/www.zoko.ro\/p\/costum-pentru-femei-harley-quinn-gonga-2\/#primaryimage\",\"url\":\"https:\/\/www.zoko.ro\/wp-content\/uploads\/2025\/12\/costum-pentru-femei-harley-quinn-gonga.jpg\",\"contentUrl\":\"https:\/\/www.zoko.ro\/wp-content\/uploads\/2025\/12\/costum-pentru-femei-harley-quinn-gonga.jpg\",\"width\":664,\"height\":664},{\"@type\":\"BreadcrumbList\",\"@id\":\"https:\/\/www.zoko.ro\/p\/costum-pentru-femei-harley-quinn-gonga-2\/#breadcrumb\",\"itemListElement\":[{\"@type\":\"ListItem\",\"position\":1,\"name\":\"Home\",\"item\":\"https:\/\/www.zoko.ro\/\"},{\"@type\":\"ListItem\",\"position\":2,\"name\":\"Magazin\",\"item\":\"https:\/\/www.zoko.ro\/magazin\/\"},{\"@type\":\"ListItem\",\"position\":3,\"name\":\"Costum pentru femei, HARLEY QUINN, Gonga\u00ae\"}]},{\"@type\":\"WebSite\",\"@id\":\"https:\/\/www.zoko.ro\/#website\",\"url\":\"https:\/\/www.zoko.ro\/\",\"name\":\"ZOKO.ro\",\"description\":\"Cump\u0103r\u0103 inteligent\",\"publisher\":{\"@id\":\"https:\/\/www.zoko.ro\/#organization\"},\"potentialAction\":[{\"@type\":\"SearchAction\",\"target\":{\"@type\":\"EntryPoint\",\"urlTemplate\":\"https:\/\/www.zoko.ro\/?s={search_term_string}\"},\"query-input\":{\"@type\":\"PropertyValueSpecification\",\"valueRequired\":true,\"valueName\":\"search_term_string\"}}],\"inLanguage\":\"en-GB\"},{\"@type\":\"Organization\",\"@id\":\"https:\/\/www.zoko.ro\/#organization\",\"name\":\"ZOKO\",\"url\":\"https:\/\/www.zoko.ro\/\",\"logo\":{\"@type\":\"ImageObject\",\"inLanguage\":\"en-GB\",\"@id\":\"https:\/\/www.zoko.ro\/#\/schema\/logo\/image\/\",\"url\":\"https:\/\/www.zoko.ro\/wp-content\/uploads\/2025\/03\/logo1.svg\",\"contentUrl\":\"https:\/\/www.zoko.ro\/wp-content\/uploads\/2025\/03\/logo1.svg\",\"width\":799,\"height\":216,\"caption\":\"ZOKO\"},\"image\":{\"@id\":\"https:\/\/www.zoko.ro\/#\/schema\/logo\/image\/\"},\"sameAs\":[\"https:\/\/www.facebook.com\/profile.php?id=61584344135075\"]}]}<\/script>\n<!-- \/ Yoast SEO plugin. -->","yoast_head_json":{"title":"Costum pentru femei, HARLEY QUINN, Gonga\u00ae | ZOKO","robots":{"index":"index","follow":"follow","max-snippet":"max-snippet:-1","max-image-preview":"max-image-preview:large","max-video-preview":"max-video-preview:-1"},"canonical":"https:\/\/www.zoko.ro\/en\/p\/costum-pentru-femei-harley-quinn-gonga-2\/","og_locale":"en_GB","og_type":"article","og_title":"Costum pentru femei, HARLEY QUINN, Gonga\u00ae | ZOKO","og_description":"Culoare: Rosu M\u0103rime: S Odat\u0103 un psihiatru, apoi un ajutor \u0219i, \u00een sf\u00e2r\u0219it, iubita lui Joker. Un personaj care apare","og_url":"https:\/\/www.zoko.ro\/en\/p\/costum-pentru-femei-harley-quinn-gonga-2\/","og_site_name":"ZOKO","article_publisher":"https:\/\/www.facebook.com\/profile.php?id=61584344135075","article_modified_time":"2026-04-28T21:26:28+00:00","og_image":[{"width":664,"height":664,"url":"https:\/\/www.zoko.ro\/wp-content\/uploads\/2025\/12\/costum-pentru-femei-harley-quinn-gonga.jpg","type":"image\/png"}],"twitter_card":"summary_large_image","twitter_misc":{"Estimated reading time":"1 minute"},"schema":{"@context":"https:\/\/schema.org","@graph":[{"@type":"WebPage","@id":"https:\/\/www.zoko.ro\/p\/costum-pentru-femei-harley-quinn-gonga-2\/","url":"https:\/\/www.zoko.ro\/p\/costum-pentru-femei-harley-quinn-gonga-2\/","name":"Costum pentru femei, HARLEY QUINN, Gonga\u00ae | ZOKO","isPartOf":{"@id":"https:\/\/www.zoko.ro\/#website"},"primaryImageOfPage":{"@id":"https:\/\/www.zoko.ro\/p\/costum-pentru-femei-harley-quinn-gonga-2\/#primaryimage"},"image":{"@id":"https:\/\/www.zoko.ro\/p\/costum-pentru-femei-harley-quinn-gonga-2\/#primaryimage"},"thumbnailUrl":"https:\/\/www.zoko.ro\/wp-content\/uploads\/2025\/12\/costum-pentru-femei-harley-quinn-gonga.jpg","datePublished":"2026-04-28T21:26:27+00:00","dateModified":"2026-04-28T21:26:28+00:00","breadcrumb":{"@id":"https:\/\/www.zoko.ro\/p\/costum-pentru-femei-harley-quinn-gonga-2\/#breadcrumb"},"inLanguage":"en-GB","potentialAction":[{"@type":"ReadAction","target":["https:\/\/www.zoko.ro\/p\/costum-pentru-femei-harley-quinn-gonga-2\/"]}]},{"@type":"ImageObject","inLanguage":"en-GB","@id":"https:\/\/www.zoko.ro\/p\/costum-pentru-femei-harley-quinn-gonga-2\/#primaryimage","url":"https:\/\/www.zoko.ro\/wp-content\/uploads\/2025\/12\/costum-pentru-femei-harley-quinn-gonga.jpg","contentUrl":"https:\/\/www.zoko.ro\/wp-content\/uploads\/2025\/12\/costum-pentru-femei-harley-quinn-gonga.jpg","width":664,"height":664},{"@type":"BreadcrumbList","@id":"https:\/\/www.zoko.ro\/p\/costum-pentru-femei-harley-quinn-gonga-2\/#breadcrumb","itemListElement":[{"@type":"ListItem","position":1,"name":"Home","item":"https:\/\/www.zoko.ro\/"},{"@type":"ListItem","position":2,"name":"Magazin","item":"https:\/\/www.zoko.ro\/magazin\/"},{"@type":"ListItem","position":3,"name":"Costum pentru femei, HARLEY QUINN, Gonga\u00ae"}]},{"@type":"WebSite","@id":"https:\/\/www.zoko.ro\/#website","url":"https:\/\/www.zoko.ro\/","name":"ZOKO.ro","description":"Cump\u0103r\u0103 inteligent","publisher":{"@id":"https:\/\/www.zoko.ro\/#organization"},"potentialAction":[{"@type":"SearchAction","target":{"@type":"EntryPoint","urlTemplate":"https:\/\/www.zoko.ro\/?s={search_term_string}"},"query-input":{"@type":"PropertyValueSpecification","valueRequired":true,"valueName":"search_term_string"}}],"inLanguage":"en-GB"},{"@type":"Organization","@id":"https:\/\/www.zoko.ro\/#organization","name":"ZOKO","url":"https:\/\/www.zoko.ro\/","logo":{"@type":"ImageObject","inLanguage":"en-GB","@id":"https:\/\/www.zoko.ro\/#\/schema\/logo\/image\/","url":"https:\/\/www.zoko.ro\/wp-content\/uploads\/2025\/03\/logo1.svg","contentUrl":"https:\/\/www.zoko.ro\/wp-content\/uploads\/2025\/03\/logo1.svg","width":799,"height":216,"caption":"ZOKO"},"image":{"@id":"https:\/\/www.zoko.ro\/#\/schema\/logo\/image\/"},"sameAs":["https:\/\/www.facebook.com\/profile.php?id=61584344135075"]}]}},"_links":{"self":[{"href":"https:\/\/www.zoko.ro\/en\/wp-json\/wp\/v2\/product\/29239","targetHints":{"allow":["GET"]}}],"collection":[{"href":"https:\/\/www.zoko.ro\/en\/wp-json\/wp\/v2\/product"}],"about":[{"href":"https:\/\/www.zoko.ro\/en\/wp-json\/wp\/v2\/types\/product"}],"replies":[{"embeddable":true,"href":"https:\/\/www.zoko.ro\/en\/wp-json\/wp\/v2\/comments?post=29239"}],"version-history":[{"count":1,"href":"https:\/\/www.zoko.ro\/en\/wp-json\/wp\/v2\/product\/29239\/revisions"}],"predecessor-version":[{"id":37721,"href":"https:\/\/www.zoko.ro\/en\/wp-json\/wp\/v2\/product\/29239\/revisions\/37721"}],"wp:featuredmedia":[{"embeddable":true,"href":"https:\/\/www.zoko.ro\/en\/wp-json\/wp\/v2\/media\/29231"}],"wp:attachment":[{"href":"https:\/\/www.zoko.ro\/en\/wp-json\/wp\/v2\/media?parent=29239"}],"wp:term":[{"taxonomy":"product_brand","embeddable":true,"href":"https:\/\/www.zoko.ro\/en\/wp-json\/wp\/v2\/product_brand?post=29239"},{"taxonomy":"product_cat","embeddable":true,"href":"https:\/\/www.zoko.ro\/en\/wp-json\/wp\/v2\/product_cat?post=29239"},{"taxonomy":"product_tag","embeddable":true,"href":"https:\/\/www.zoko.ro\/en\/wp-json\/wp\/v2\/product_tag?post=29239"}],"curies":[{"name":"wp","href":"https:\/\/api.w.org\/{rel}","templated":true}]}}