{"id":29542,"date":"2026-04-28T23:26:45","date_gmt":"2026-04-28T21:26:45","guid":{"rendered":"https:\/\/www.zoko.ro\/p\/adaptor-wireles-usb-600mbps-dual-gonga\/"},"modified":"2026-04-28T23:26:45","modified_gmt":"2026-04-28T21:26:45","slug":"adaptor-wireles-usb-600mbps-dual-gonga","status":"publish","type":"product","link":"https:\/\/www.zoko.ro\/en\/p\/adaptor-wireles-usb-600mbps-dual-gonga\/","title":{"rendered":"Adaptor Wireles USB, 600Mbps DUAL, Gonga\u00ae"},"content":{"rendered":"<p><strong>Culoare:<\/strong> Alb<\/p>\n<p><strong>Dual<\/strong>\u00a0&#8211;\u00a0 noua genera\u021bie a introdus o revolu\u021bie printre conexiunile Wi-Fi, respect\u0103 standardul 802.11ac. Ofer\u0103 viteze de transmisie de p\u00e2n\u0103 la 433Mb \/ s \u00een banda de 5 GHz &#8211; de aproape 3 ori mai rapid dec\u00e2t standardul 802.11n. Acest lucru ofer\u0103 posibilitatea de a utiliza cele mai moderne re\u021bele f\u0103r\u0103 fir care func\u021bioneaz\u0103 \u00een standardul 802.11ac \u0219i re\u021belele tradi\u021bionale care opereaz\u0103 \u00een banda de 2,4 GHz. Viteza datelor wireless cre\u0219te p\u00e2n\u0103 la 600 Mbps .\u00a0 \u00a0\u00a0<\/p>\n<p><strong>Sisteme suportate\u00a0<\/strong> \u00a0&#8211; adaptorul accept\u0103 sisteme precum WINDOWS XP \/ 7\/8 \/ 8.1 \/ 10 \/ MAC OCS \/ LINUX.<\/p>\n<p><strong>Dimensiuni compacte\u00a0<\/strong>&#8211;\u00a0 Adaptorul wireless este u\u0219or de transportat, \u00eel pute\u021bi a\u0219eza l\u00e2ng\u0103 laptop sau computer \u0219i, datorit\u0103 dimensiunilor sale, nu este nevoie s\u0103 v\u0103 deconecta\u021bi. V\u0103 pute\u021bi bucura de Wi-Fi rapid oriunde .\u00a0<\/p>\n<\/p>\n<p><strong>SPECIFICA\u021aII<\/strong><\/p>\n<\/p>\n<p>&#8211; interfa\u021b\u0103: USB 2.0- \/ \/ 1.1<\/p>\n<p>&#8211; securitate: WEP \/ WPA \/ WPA2 \/ TKIP \/ AES<\/p>\n<p>&#8211; standard: IEEE802.11ac \/ a \/ b \/ g \/ n<\/p>\n<p>&#8211; frecven\u021b\u0103: 2,4 GHz \/ 5 GHz<\/p>\n<p>&#8211; l\u0103\u021bime de band\u0103: p\u00e2n\u0103 la 600 Mbps (5G: 433M \/ 2.4G: 150M)<\/p>\n<p>&#8211; autonomie: 15m<\/p>\n<p>&#8211; sisteme acceptate: WINDOWS XP \/ 7\/8 \/ 8.1 \/ 10 \/ MAC OCS \/ LINUX<\/p>\n<p>&#8211; dimensiuni (lungime \/ latime \/ inaltime): 8\/5 \/ 1,5cm<\/p>\n<p>&#8211; greutate cu ambalaj: 0,04 kg<\/p>\n<\/p>\n<p>Adaptorul WiFi la USB v\u0103 permite s\u0103 m\u0103ri\u021bi raza de ac\u021biune a re\u021belei wireless, se caracterizeaz\u0103 prin dimensiuni reduse, putere de transmisie foarte bun\u0103 \u0219i performan\u021b\u0103.<\/p>\n<\/p>\n<p>Este compatibil cu standardul wireless 802.11ac \u0219i este compatibil cu standardele wireless 802.11a \/ b \/ g \/ n, permite conectarea cu dispozitive wireless at\u00e2t \u00een \u200b\u200bbanda de 2,4 GHz, cu viteze de p\u00e2n\u0103 la 150Mb \/ s \u0219i 5GHz, cu viteze de p\u00e2n\u0103 la 433Mb \/ s.\u00a0 \u00a0\u00a0<\/p>\n<\/p>\n<p>Dispozitivul permite utilizarea simultan\u0103 a dou\u0103 benzi de transmisie &#8211; banda f\u0103r\u0103 interferen\u021be de 5 GHz \u0219i l\u0103\u021bimea de band\u0103 tradi\u021bional\u0103 de 2,4 GHz . Vitezele de transmitere a datelor \u00een re\u021beaua wireless ajung p\u00e2n\u0103 la 600 Mbps.\u00a0 \u00a0 \u00a0\u00a0<\/p>\n<\/p>\n<p>Adaptorul se conecteaz\u0103 la portul USB 2.0 sau 1.1 \u0219i func\u021bioneaz\u0103 \u00een toate standardele de re\u021bea f\u0103r\u0103 fir.\u00a0 Dac\u0103 nu ave\u021bi un card wi-fi \u00een computer sau ave\u021bi unul deteriorat, adaptorul va fi o solu\u021bie excelent\u0103.<\/p>","protected":false},"excerpt":{"rendered":"<p>Culoare: Alb Dual\u00a0&#8211;\u00a0 noua genera\u021bie a introdus o revolu\u021bie printre conexiunile Wi-Fi, respect\u0103 standardul 802.11ac. Ofer\u0103 viteze de transmisie de<\/p>","protected":false},"featured_media":29543,"comment_status":"open","ping_status":"open","template":"","meta":[],"product_brand":[],"product_cat":[99,341,339],"product_tag":[104],"class_list":{"0":"post-29542","1":"product","2":"type-product","3":"status-publish","4":"has-post-thumbnail","6":"product_cat-acasa","7":"product_cat-accesorii","8":"product_cat-pc-gaming","9":"product_tag-in-stoc","10":"pa_culoare-alb","12":"first","13":"instock","14":"sale","15":"purchasable","16":"product-type-simple"},"yoast_head":"<!-- This site is optimized with the Yoast SEO plugin v27.2 - https:\/\/yoast.com\/product\/yoast-seo-wordpress\/ -->\n<title>Adaptor Wireles USB, 600Mbps DUAL, Gonga\u00ae | ZOKO<\/title>\n<meta name=\"robots\" content=\"index, follow, max-snippet:-1, max-image-preview:large, max-video-preview:-1\" \/>\n<link rel=\"canonical\" href=\"https:\/\/www.zoko.ro\/en\/p\/adaptor-wireles-usb-600mbps-dual-gonga\/\" \/>\n<meta property=\"og:locale\" content=\"en_GB\" \/>\n<meta property=\"og:type\" content=\"article\" \/>\n<meta property=\"og:title\" content=\"Adaptor Wireles USB, 600Mbps DUAL, Gonga\u00ae | ZOKO\" \/>\n<meta property=\"og:description\" content=\"Culoare: Alb Dual\u00a0&#8211;\u00a0 noua genera\u021bie a introdus o revolu\u021bie printre conexiunile Wi-Fi, respect\u0103 standardul 802.11ac. Ofer\u0103 viteze de transmisie de\" \/>\n<meta property=\"og:url\" content=\"https:\/\/www.zoko.ro\/en\/p\/adaptor-wireles-usb-600mbps-dual-gonga\/\" \/>\n<meta property=\"og:site_name\" content=\"ZOKO\" \/>\n<meta property=\"article:publisher\" content=\"https:\/\/www.facebook.com\/profile.php?id=61584344135075\" \/>\n<meta property=\"og:image\" content=\"https:\/\/www.zoko.ro\/wp-content\/uploads\/2025\/12\/adaptor-wireles-usb-600mbps-dual-gonga.jpg\" \/>\n\t<meta property=\"og:image:width\" content=\"568\" \/>\n\t<meta property=\"og:image:height\" content=\"500\" \/>\n\t<meta property=\"og:image:type\" content=\"image\/jpeg\" \/>\n<meta name=\"twitter:card\" content=\"summary_large_image\" \/>\n<meta name=\"twitter:label1\" content=\"Estimated reading time\" \/>\n\t<meta name=\"twitter:data1\" content=\"2 minutes\" \/>\n<script type=\"application\/ld+json\" class=\"yoast-schema-graph\">{\"@context\":\"https:\/\/schema.org\",\"@graph\":[{\"@type\":\"WebPage\",\"@id\":\"https:\/\/www.zoko.ro\/p\/adaptor-wireles-usb-600mbps-dual-gonga\/\",\"url\":\"https:\/\/www.zoko.ro\/p\/adaptor-wireles-usb-600mbps-dual-gonga\/\",\"name\":\"Adaptor Wireles USB, 600Mbps DUAL, Gonga\u00ae | ZOKO\",\"isPartOf\":{\"@id\":\"https:\/\/www.zoko.ro\/#website\"},\"primaryImageOfPage\":{\"@id\":\"https:\/\/www.zoko.ro\/p\/adaptor-wireles-usb-600mbps-dual-gonga\/#primaryimage\"},\"image\":{\"@id\":\"https:\/\/www.zoko.ro\/p\/adaptor-wireles-usb-600mbps-dual-gonga\/#primaryimage\"},\"thumbnailUrl\":\"https:\/\/www.zoko.ro\/wp-content\/uploads\/2025\/12\/adaptor-wireles-usb-600mbps-dual-gonga.jpg\",\"datePublished\":\"2026-04-28T21:26:45+00:00\",\"breadcrumb\":{\"@id\":\"https:\/\/www.zoko.ro\/p\/adaptor-wireles-usb-600mbps-dual-gonga\/#breadcrumb\"},\"inLanguage\":\"en-GB\",\"potentialAction\":[{\"@type\":\"ReadAction\",\"target\":[\"https:\/\/www.zoko.ro\/p\/adaptor-wireles-usb-600mbps-dual-gonga\/\"]}]},{\"@type\":\"ImageObject\",\"inLanguage\":\"en-GB\",\"@id\":\"https:\/\/www.zoko.ro\/p\/adaptor-wireles-usb-600mbps-dual-gonga\/#primaryimage\",\"url\":\"https:\/\/www.zoko.ro\/wp-content\/uploads\/2025\/12\/adaptor-wireles-usb-600mbps-dual-gonga.jpg\",\"contentUrl\":\"https:\/\/www.zoko.ro\/wp-content\/uploads\/2025\/12\/adaptor-wireles-usb-600mbps-dual-gonga.jpg\",\"width\":568,\"height\":500},{\"@type\":\"BreadcrumbList\",\"@id\":\"https:\/\/www.zoko.ro\/p\/adaptor-wireles-usb-600mbps-dual-gonga\/#breadcrumb\",\"itemListElement\":[{\"@type\":\"ListItem\",\"position\":1,\"name\":\"Home\",\"item\":\"https:\/\/www.zoko.ro\/\"},{\"@type\":\"ListItem\",\"position\":2,\"name\":\"Magazin\",\"item\":\"https:\/\/www.zoko.ro\/magazin\/\"},{\"@type\":\"ListItem\",\"position\":3,\"name\":\"Adaptor Wireles USB, 600Mbps DUAL, Gonga\u00ae\"}]},{\"@type\":\"WebSite\",\"@id\":\"https:\/\/www.zoko.ro\/#website\",\"url\":\"https:\/\/www.zoko.ro\/\",\"name\":\"ZOKO.ro\",\"description\":\"Cump\u0103r\u0103 inteligent\",\"publisher\":{\"@id\":\"https:\/\/www.zoko.ro\/#organization\"},\"potentialAction\":[{\"@type\":\"SearchAction\",\"target\":{\"@type\":\"EntryPoint\",\"urlTemplate\":\"https:\/\/www.zoko.ro\/?s={search_term_string}\"},\"query-input\":{\"@type\":\"PropertyValueSpecification\",\"valueRequired\":true,\"valueName\":\"search_term_string\"}}],\"inLanguage\":\"en-GB\"},{\"@type\":\"Organization\",\"@id\":\"https:\/\/www.zoko.ro\/#organization\",\"name\":\"ZOKO\",\"url\":\"https:\/\/www.zoko.ro\/\",\"logo\":{\"@type\":\"ImageObject\",\"inLanguage\":\"en-GB\",\"@id\":\"https:\/\/www.zoko.ro\/#\/schema\/logo\/image\/\",\"url\":\"https:\/\/www.zoko.ro\/wp-content\/uploads\/2025\/03\/logo1.svg\",\"contentUrl\":\"https:\/\/www.zoko.ro\/wp-content\/uploads\/2025\/03\/logo1.svg\",\"width\":799,\"height\":216,\"caption\":\"ZOKO\"},\"image\":{\"@id\":\"https:\/\/www.zoko.ro\/#\/schema\/logo\/image\/\"},\"sameAs\":[\"https:\/\/www.facebook.com\/profile.php?id=61584344135075\"]}]}<\/script>\n<!-- \/ Yoast SEO plugin. -->","yoast_head_json":{"title":"Adaptor Wireles USB, 600Mbps DUAL, Gonga\u00ae | ZOKO","robots":{"index":"index","follow":"follow","max-snippet":"max-snippet:-1","max-image-preview":"max-image-preview:large","max-video-preview":"max-video-preview:-1"},"canonical":"https:\/\/www.zoko.ro\/en\/p\/adaptor-wireles-usb-600mbps-dual-gonga\/","og_locale":"en_GB","og_type":"article","og_title":"Adaptor Wireles USB, 600Mbps DUAL, Gonga\u00ae | ZOKO","og_description":"Culoare: Alb Dual\u00a0&#8211;\u00a0 noua genera\u021bie a introdus o revolu\u021bie printre conexiunile Wi-Fi, respect\u0103 standardul 802.11ac. Ofer\u0103 viteze de transmisie de","og_url":"https:\/\/www.zoko.ro\/en\/p\/adaptor-wireles-usb-600mbps-dual-gonga\/","og_site_name":"ZOKO","article_publisher":"https:\/\/www.facebook.com\/profile.php?id=61584344135075","og_image":[{"width":568,"height":500,"url":"https:\/\/www.zoko.ro\/wp-content\/uploads\/2025\/12\/adaptor-wireles-usb-600mbps-dual-gonga.jpg","type":"image\/jpeg"}],"twitter_card":"summary_large_image","twitter_misc":{"Estimated reading time":"2 minutes"},"schema":{"@context":"https:\/\/schema.org","@graph":[{"@type":"WebPage","@id":"https:\/\/www.zoko.ro\/p\/adaptor-wireles-usb-600mbps-dual-gonga\/","url":"https:\/\/www.zoko.ro\/p\/adaptor-wireles-usb-600mbps-dual-gonga\/","name":"Adaptor Wireles USB, 600Mbps DUAL, Gonga\u00ae | ZOKO","isPartOf":{"@id":"https:\/\/www.zoko.ro\/#website"},"primaryImageOfPage":{"@id":"https:\/\/www.zoko.ro\/p\/adaptor-wireles-usb-600mbps-dual-gonga\/#primaryimage"},"image":{"@id":"https:\/\/www.zoko.ro\/p\/adaptor-wireles-usb-600mbps-dual-gonga\/#primaryimage"},"thumbnailUrl":"https:\/\/www.zoko.ro\/wp-content\/uploads\/2025\/12\/adaptor-wireles-usb-600mbps-dual-gonga.jpg","datePublished":"2026-04-28T21:26:45+00:00","breadcrumb":{"@id":"https:\/\/www.zoko.ro\/p\/adaptor-wireles-usb-600mbps-dual-gonga\/#breadcrumb"},"inLanguage":"en-GB","potentialAction":[{"@type":"ReadAction","target":["https:\/\/www.zoko.ro\/p\/adaptor-wireles-usb-600mbps-dual-gonga\/"]}]},{"@type":"ImageObject","inLanguage":"en-GB","@id":"https:\/\/www.zoko.ro\/p\/adaptor-wireles-usb-600mbps-dual-gonga\/#primaryimage","url":"https:\/\/www.zoko.ro\/wp-content\/uploads\/2025\/12\/adaptor-wireles-usb-600mbps-dual-gonga.jpg","contentUrl":"https:\/\/www.zoko.ro\/wp-content\/uploads\/2025\/12\/adaptor-wireles-usb-600mbps-dual-gonga.jpg","width":568,"height":500},{"@type":"BreadcrumbList","@id":"https:\/\/www.zoko.ro\/p\/adaptor-wireles-usb-600mbps-dual-gonga\/#breadcrumb","itemListElement":[{"@type":"ListItem","position":1,"name":"Home","item":"https:\/\/www.zoko.ro\/"},{"@type":"ListItem","position":2,"name":"Magazin","item":"https:\/\/www.zoko.ro\/magazin\/"},{"@type":"ListItem","position":3,"name":"Adaptor Wireles USB, 600Mbps DUAL, Gonga\u00ae"}]},{"@type":"WebSite","@id":"https:\/\/www.zoko.ro\/#website","url":"https:\/\/www.zoko.ro\/","name":"ZOKO.ro","description":"Cump\u0103r\u0103 inteligent","publisher":{"@id":"https:\/\/www.zoko.ro\/#organization"},"potentialAction":[{"@type":"SearchAction","target":{"@type":"EntryPoint","urlTemplate":"https:\/\/www.zoko.ro\/?s={search_term_string}"},"query-input":{"@type":"PropertyValueSpecification","valueRequired":true,"valueName":"search_term_string"}}],"inLanguage":"en-GB"},{"@type":"Organization","@id":"https:\/\/www.zoko.ro\/#organization","name":"ZOKO","url":"https:\/\/www.zoko.ro\/","logo":{"@type":"ImageObject","inLanguage":"en-GB","@id":"https:\/\/www.zoko.ro\/#\/schema\/logo\/image\/","url":"https:\/\/www.zoko.ro\/wp-content\/uploads\/2025\/03\/logo1.svg","contentUrl":"https:\/\/www.zoko.ro\/wp-content\/uploads\/2025\/03\/logo1.svg","width":799,"height":216,"caption":"ZOKO"},"image":{"@id":"https:\/\/www.zoko.ro\/#\/schema\/logo\/image\/"},"sameAs":["https:\/\/www.facebook.com\/profile.php?id=61584344135075"]}]}},"_links":{"self":[{"href":"https:\/\/www.zoko.ro\/en\/wp-json\/wp\/v2\/product\/29542","targetHints":{"allow":["GET"]}}],"collection":[{"href":"https:\/\/www.zoko.ro\/en\/wp-json\/wp\/v2\/product"}],"about":[{"href":"https:\/\/www.zoko.ro\/en\/wp-json\/wp\/v2\/types\/product"}],"replies":[{"embeddable":true,"href":"https:\/\/www.zoko.ro\/en\/wp-json\/wp\/v2\/comments?post=29542"}],"version-history":[{"count":1,"href":"https:\/\/www.zoko.ro\/en\/wp-json\/wp\/v2\/product\/29542\/revisions"}],"predecessor-version":[{"id":37818,"href":"https:\/\/www.zoko.ro\/en\/wp-json\/wp\/v2\/product\/29542\/revisions\/37818"}],"wp:featuredmedia":[{"embeddable":true,"href":"https:\/\/www.zoko.ro\/en\/wp-json\/wp\/v2\/media\/29543"}],"wp:attachment":[{"href":"https:\/\/www.zoko.ro\/en\/wp-json\/wp\/v2\/media?parent=29542"}],"wp:term":[{"taxonomy":"product_brand","embeddable":true,"href":"https:\/\/www.zoko.ro\/en\/wp-json\/wp\/v2\/product_brand?post=29542"},{"taxonomy":"product_cat","embeddable":true,"href":"https:\/\/www.zoko.ro\/en\/wp-json\/wp\/v2\/product_cat?post=29542"},{"taxonomy":"product_tag","embeddable":true,"href":"https:\/\/www.zoko.ro\/en\/wp-json\/wp\/v2\/product_tag?post=29542"}],"curies":[{"name":"wp","href":"https:\/\/api.w.org\/{rel}","templated":true}]}}