{"id":29597,"date":"2026-04-28T23:26:49","date_gmt":"2026-04-28T21:26:49","guid":{"rendered":"https:\/\/www.zoko.ro\/p\/adapator-apa-automat-pentru-animale-de-companie-healthy-pet-gonga\/"},"modified":"2026-04-28T23:26:49","modified_gmt":"2026-04-28T21:26:49","slug":"adapator-apa-automat-pentru-animale-de-companie-healthy-pet-gonga","status":"publish","type":"product","link":"https:\/\/www.zoko.ro\/en\/p\/adapator-apa-automat-pentru-animale-de-companie-healthy-pet-gonga\/","title":{"rendered":"Adapator apa automat pentru animale de companie, Healthy Pet, Gonga\u00ae"},"content":{"rendered":"<p><strong>Culoare:<\/strong> Alb<\/p>\n<p><strong>Uita\u021bi s\u0103 v\u0103\u00a0hidratati animalul de companie sau pur \u0219i simplu nu sunte\u021bi acas\u0103 des? Avem un dispozitiv care v\u0103 va oferi animalului de companie lichidele necesare. Acesta este Healthy Pet Feed Pur \u0219i simplu.<\/strong><\/p>\n<p>Animalul dvs. de companie decide c\u00e2nd \u0219i c\u00e2t\u0103\u00a0apa\u00a0sa consume\u00a0 . Recipientul pentru\u00a0lichide poate con\u021bine 2,1 l, ceea ce \u00eenseamn\u0103 ca\u00a0un c\u00e2ine mic sau o pisic\u0103 va\u00a0bea \u00een 10-12 zile , iar un c\u00e2ine mediu \u00een\u00a0 3-5 zile .<\/p>\n<p>Designul opac protejeaz\u0103 \u00eempotriva luminii \u0219i men\u021bine alimentele\u00a0 proaspete pentru mai mult timp . M\u00e2ncarea nu se blocheaz\u0103, deci \u00ee\u021bi po\u021bi l\u0103sa animalul singur acas\u0103 \u0219i nu trebuie s\u0103-\u021bi faci griji c\u0103 \u00eei este foame.<\/p>\n<p>Produsul este foarte\u00a0 minimalist,\u00a0 deci se armonizeaz\u0103 cu multe stiluri de cas\u0103.<\/p>\n<p>Produsul este u\u0219or de utilizat.\u00a0 Pentru a \u00eencepe adaparea, pune\u021bi lichidele \u00eentr-o parte a dispozitivului \u0219i apoi ata\u0219a\u021bi cel\u0103lalt element. Produsul\u00a0 este ecologic \u0219i nu necesit\u0103\u00a0 utilizarea bateriilor.<\/p>\n<p><strong>Specifica\u021bie:<\/strong><\/p>\n<p>&#8211; Culoare:\u00a0 alb<\/p>\n<p>&#8211; Material: PP<\/p>\n<p>&#8211; Capacitate de alimentare:\u00a0 2,1 kg<\/p>\n<p>&#8211; Alimentator u\u0219or de cur\u0103\u021bat<\/p>\n<p>&#8211; Produsul este sigur pentru animale<\/p>\n<p>&#8211; Simplu de utilizat<\/p>\n<p>&#8211; Potrivit pentru c\u00e2ini \u0219i pisici<\/p>\n<p>&#8211; Produsul nu are miros<\/p>\n<p>&#8211; Alimentatorul nu are nicio surs\u0103 de alimentare<\/p>\n<p>&#8211; Dimensiuni : 15 x 28 x 28<\/p>\n<p>&#8211; Greutate : 0,45 kg<\/p>","protected":false},"excerpt":{"rendered":"<p>Culoare: Alb Uita\u021bi s\u0103 v\u0103\u00a0hidratati animalul de companie sau pur \u0219i simplu nu sunte\u021bi acas\u0103 des? Avem un dispozitiv care<\/p>","protected":false},"featured_media":29598,"comment_status":"open","ping_status":"open","template":"","meta":[],"product_brand":[],"product_cat":[99,347,346],"product_tag":[104],"class_list":{"0":"post-29597","1":"product","2":"type-product","3":"status-publish","4":"has-post-thumbnail","6":"product_cat-acasa","7":"product_cat-castroane-adapatoare-animale","8":"product_cat-petshop","9":"product_tag-in-stoc","10":"pa_culoare-alb","12":"first","13":"instock","14":"sale","15":"purchasable","16":"product-type-simple"},"yoast_head":"<!-- This site is optimized with the Yoast SEO plugin v27.2 - https:\/\/yoast.com\/product\/yoast-seo-wordpress\/ -->\n<title>Adapator apa automat pentru animale de companie, Healthy Pet, Gonga\u00ae | ZOKO<\/title>\n<meta name=\"robots\" content=\"index, follow, max-snippet:-1, max-image-preview:large, max-video-preview:-1\" \/>\n<link rel=\"canonical\" href=\"https:\/\/www.zoko.ro\/en\/p\/adapator-apa-automat-pentru-animale-de-companie-healthy-pet-gonga\/\" \/>\n<meta property=\"og:locale\" content=\"en_GB\" \/>\n<meta property=\"og:type\" content=\"article\" \/>\n<meta property=\"og:title\" content=\"Adapator apa automat pentru animale de companie, Healthy Pet, Gonga\u00ae | ZOKO\" \/>\n<meta property=\"og:description\" content=\"Culoare: Alb Uita\u021bi s\u0103 v\u0103\u00a0hidratati animalul de companie sau pur \u0219i simplu nu sunte\u021bi acas\u0103 des? Avem un dispozitiv care\" \/>\n<meta property=\"og:url\" content=\"https:\/\/www.zoko.ro\/en\/p\/adapator-apa-automat-pentru-animale-de-companie-healthy-pet-gonga\/\" \/>\n<meta property=\"og:site_name\" content=\"ZOKO\" \/>\n<meta property=\"article:publisher\" content=\"https:\/\/www.facebook.com\/profile.php?id=61584344135075\" \/>\n<meta property=\"og:image\" content=\"https:\/\/www.zoko.ro\/wp-content\/uploads\/2025\/12\/adapator-automat-apa-pentru-animale-de-companie-healthy-pet-gonga.jpg\" \/>\n\t<meta property=\"og:image:width\" content=\"411\" \/>\n\t<meta property=\"og:image:height\" content=\"383\" \/>\n\t<meta property=\"og:image:type\" content=\"image\/png\" \/>\n<meta name=\"twitter:card\" content=\"summary_large_image\" \/>\n<meta name=\"twitter:label1\" content=\"Estimated reading time\" \/>\n\t<meta name=\"twitter:data1\" content=\"1 minute\" \/>\n<script type=\"application\/ld+json\" class=\"yoast-schema-graph\">{\"@context\":\"https:\/\/schema.org\",\"@graph\":[{\"@type\":\"WebPage\",\"@id\":\"https:\/\/www.zoko.ro\/p\/adapator-apa-automat-pentru-animale-de-companie-healthy-pet-gonga\/\",\"url\":\"https:\/\/www.zoko.ro\/p\/adapator-apa-automat-pentru-animale-de-companie-healthy-pet-gonga\/\",\"name\":\"Adapator apa automat pentru animale de companie, Healthy Pet, Gonga\u00ae | ZOKO\",\"isPartOf\":{\"@id\":\"https:\/\/www.zoko.ro\/#website\"},\"primaryImageOfPage\":{\"@id\":\"https:\/\/www.zoko.ro\/p\/adapator-apa-automat-pentru-animale-de-companie-healthy-pet-gonga\/#primaryimage\"},\"image\":{\"@id\":\"https:\/\/www.zoko.ro\/p\/adapator-apa-automat-pentru-animale-de-companie-healthy-pet-gonga\/#primaryimage\"},\"thumbnailUrl\":\"https:\/\/www.zoko.ro\/wp-content\/uploads\/2025\/12\/adapator-automat-apa-pentru-animale-de-companie-healthy-pet-gonga.jpg\",\"datePublished\":\"2026-04-28T21:26:49+00:00\",\"breadcrumb\":{\"@id\":\"https:\/\/www.zoko.ro\/p\/adapator-apa-automat-pentru-animale-de-companie-healthy-pet-gonga\/#breadcrumb\"},\"inLanguage\":\"en-GB\",\"potentialAction\":[{\"@type\":\"ReadAction\",\"target\":[\"https:\/\/www.zoko.ro\/p\/adapator-apa-automat-pentru-animale-de-companie-healthy-pet-gonga\/\"]}]},{\"@type\":\"ImageObject\",\"inLanguage\":\"en-GB\",\"@id\":\"https:\/\/www.zoko.ro\/p\/adapator-apa-automat-pentru-animale-de-companie-healthy-pet-gonga\/#primaryimage\",\"url\":\"https:\/\/www.zoko.ro\/wp-content\/uploads\/2025\/12\/adapator-automat-apa-pentru-animale-de-companie-healthy-pet-gonga.jpg\",\"contentUrl\":\"https:\/\/www.zoko.ro\/wp-content\/uploads\/2025\/12\/adapator-automat-apa-pentru-animale-de-companie-healthy-pet-gonga.jpg\",\"width\":411,\"height\":383},{\"@type\":\"BreadcrumbList\",\"@id\":\"https:\/\/www.zoko.ro\/p\/adapator-apa-automat-pentru-animale-de-companie-healthy-pet-gonga\/#breadcrumb\",\"itemListElement\":[{\"@type\":\"ListItem\",\"position\":1,\"name\":\"Home\",\"item\":\"https:\/\/www.zoko.ro\/\"},{\"@type\":\"ListItem\",\"position\":2,\"name\":\"Magazin\",\"item\":\"https:\/\/www.zoko.ro\/magazin\/\"},{\"@type\":\"ListItem\",\"position\":3,\"name\":\"Adapator apa automat pentru animale de companie, Healthy Pet, Gonga\u00ae\"}]},{\"@type\":\"WebSite\",\"@id\":\"https:\/\/www.zoko.ro\/#website\",\"url\":\"https:\/\/www.zoko.ro\/\",\"name\":\"ZOKO.ro\",\"description\":\"Cump\u0103r\u0103 inteligent\",\"publisher\":{\"@id\":\"https:\/\/www.zoko.ro\/#organization\"},\"potentialAction\":[{\"@type\":\"SearchAction\",\"target\":{\"@type\":\"EntryPoint\",\"urlTemplate\":\"https:\/\/www.zoko.ro\/?s={search_term_string}\"},\"query-input\":{\"@type\":\"PropertyValueSpecification\",\"valueRequired\":true,\"valueName\":\"search_term_string\"}}],\"inLanguage\":\"en-GB\"},{\"@type\":\"Organization\",\"@id\":\"https:\/\/www.zoko.ro\/#organization\",\"name\":\"ZOKO\",\"url\":\"https:\/\/www.zoko.ro\/\",\"logo\":{\"@type\":\"ImageObject\",\"inLanguage\":\"en-GB\",\"@id\":\"https:\/\/www.zoko.ro\/#\/schema\/logo\/image\/\",\"url\":\"https:\/\/www.zoko.ro\/wp-content\/uploads\/2025\/03\/logo1.svg\",\"contentUrl\":\"https:\/\/www.zoko.ro\/wp-content\/uploads\/2025\/03\/logo1.svg\",\"width\":799,\"height\":216,\"caption\":\"ZOKO\"},\"image\":{\"@id\":\"https:\/\/www.zoko.ro\/#\/schema\/logo\/image\/\"},\"sameAs\":[\"https:\/\/www.facebook.com\/profile.php?id=61584344135075\"]}]}<\/script>\n<!-- \/ Yoast SEO plugin. -->","yoast_head_json":{"title":"Adapator apa automat pentru animale de companie, Healthy Pet, Gonga\u00ae | ZOKO","robots":{"index":"index","follow":"follow","max-snippet":"max-snippet:-1","max-image-preview":"max-image-preview:large","max-video-preview":"max-video-preview:-1"},"canonical":"https:\/\/www.zoko.ro\/en\/p\/adapator-apa-automat-pentru-animale-de-companie-healthy-pet-gonga\/","og_locale":"en_GB","og_type":"article","og_title":"Adapator apa automat pentru animale de companie, Healthy Pet, Gonga\u00ae | ZOKO","og_description":"Culoare: Alb Uita\u021bi s\u0103 v\u0103\u00a0hidratati animalul de companie sau pur \u0219i simplu nu sunte\u021bi acas\u0103 des? Avem un dispozitiv care","og_url":"https:\/\/www.zoko.ro\/en\/p\/adapator-apa-automat-pentru-animale-de-companie-healthy-pet-gonga\/","og_site_name":"ZOKO","article_publisher":"https:\/\/www.facebook.com\/profile.php?id=61584344135075","og_image":[{"width":411,"height":383,"url":"https:\/\/www.zoko.ro\/wp-content\/uploads\/2025\/12\/adapator-automat-apa-pentru-animale-de-companie-healthy-pet-gonga.jpg","type":"image\/png"}],"twitter_card":"summary_large_image","twitter_misc":{"Estimated reading time":"1 minute"},"schema":{"@context":"https:\/\/schema.org","@graph":[{"@type":"WebPage","@id":"https:\/\/www.zoko.ro\/p\/adapator-apa-automat-pentru-animale-de-companie-healthy-pet-gonga\/","url":"https:\/\/www.zoko.ro\/p\/adapator-apa-automat-pentru-animale-de-companie-healthy-pet-gonga\/","name":"Adapator apa automat pentru animale de companie, Healthy Pet, Gonga\u00ae | ZOKO","isPartOf":{"@id":"https:\/\/www.zoko.ro\/#website"},"primaryImageOfPage":{"@id":"https:\/\/www.zoko.ro\/p\/adapator-apa-automat-pentru-animale-de-companie-healthy-pet-gonga\/#primaryimage"},"image":{"@id":"https:\/\/www.zoko.ro\/p\/adapator-apa-automat-pentru-animale-de-companie-healthy-pet-gonga\/#primaryimage"},"thumbnailUrl":"https:\/\/www.zoko.ro\/wp-content\/uploads\/2025\/12\/adapator-automat-apa-pentru-animale-de-companie-healthy-pet-gonga.jpg","datePublished":"2026-04-28T21:26:49+00:00","breadcrumb":{"@id":"https:\/\/www.zoko.ro\/p\/adapator-apa-automat-pentru-animale-de-companie-healthy-pet-gonga\/#breadcrumb"},"inLanguage":"en-GB","potentialAction":[{"@type":"ReadAction","target":["https:\/\/www.zoko.ro\/p\/adapator-apa-automat-pentru-animale-de-companie-healthy-pet-gonga\/"]}]},{"@type":"ImageObject","inLanguage":"en-GB","@id":"https:\/\/www.zoko.ro\/p\/adapator-apa-automat-pentru-animale-de-companie-healthy-pet-gonga\/#primaryimage","url":"https:\/\/www.zoko.ro\/wp-content\/uploads\/2025\/12\/adapator-automat-apa-pentru-animale-de-companie-healthy-pet-gonga.jpg","contentUrl":"https:\/\/www.zoko.ro\/wp-content\/uploads\/2025\/12\/adapator-automat-apa-pentru-animale-de-companie-healthy-pet-gonga.jpg","width":411,"height":383},{"@type":"BreadcrumbList","@id":"https:\/\/www.zoko.ro\/p\/adapator-apa-automat-pentru-animale-de-companie-healthy-pet-gonga\/#breadcrumb","itemListElement":[{"@type":"ListItem","position":1,"name":"Home","item":"https:\/\/www.zoko.ro\/"},{"@type":"ListItem","position":2,"name":"Magazin","item":"https:\/\/www.zoko.ro\/magazin\/"},{"@type":"ListItem","position":3,"name":"Adapator apa automat pentru animale de companie, Healthy Pet, Gonga\u00ae"}]},{"@type":"WebSite","@id":"https:\/\/www.zoko.ro\/#website","url":"https:\/\/www.zoko.ro\/","name":"ZOKO.ro","description":"Cump\u0103r\u0103 inteligent","publisher":{"@id":"https:\/\/www.zoko.ro\/#organization"},"potentialAction":[{"@type":"SearchAction","target":{"@type":"EntryPoint","urlTemplate":"https:\/\/www.zoko.ro\/?s={search_term_string}"},"query-input":{"@type":"PropertyValueSpecification","valueRequired":true,"valueName":"search_term_string"}}],"inLanguage":"en-GB"},{"@type":"Organization","@id":"https:\/\/www.zoko.ro\/#organization","name":"ZOKO","url":"https:\/\/www.zoko.ro\/","logo":{"@type":"ImageObject","inLanguage":"en-GB","@id":"https:\/\/www.zoko.ro\/#\/schema\/logo\/image\/","url":"https:\/\/www.zoko.ro\/wp-content\/uploads\/2025\/03\/logo1.svg","contentUrl":"https:\/\/www.zoko.ro\/wp-content\/uploads\/2025\/03\/logo1.svg","width":799,"height":216,"caption":"ZOKO"},"image":{"@id":"https:\/\/www.zoko.ro\/#\/schema\/logo\/image\/"},"sameAs":["https:\/\/www.facebook.com\/profile.php?id=61584344135075"]}]}},"_links":{"self":[{"href":"https:\/\/www.zoko.ro\/en\/wp-json\/wp\/v2\/product\/29597","targetHints":{"allow":["GET"]}}],"collection":[{"href":"https:\/\/www.zoko.ro\/en\/wp-json\/wp\/v2\/product"}],"about":[{"href":"https:\/\/www.zoko.ro\/en\/wp-json\/wp\/v2\/types\/product"}],"replies":[{"embeddable":true,"href":"https:\/\/www.zoko.ro\/en\/wp-json\/wp\/v2\/comments?post=29597"}],"version-history":[{"count":1,"href":"https:\/\/www.zoko.ro\/en\/wp-json\/wp\/v2\/product\/29597\/revisions"}],"predecessor-version":[{"id":34193,"href":"https:\/\/www.zoko.ro\/en\/wp-json\/wp\/v2\/product\/29597\/revisions\/34193"}],"wp:featuredmedia":[{"embeddable":true,"href":"https:\/\/www.zoko.ro\/en\/wp-json\/wp\/v2\/media\/29598"}],"wp:attachment":[{"href":"https:\/\/www.zoko.ro\/en\/wp-json\/wp\/v2\/media?parent=29597"}],"wp:term":[{"taxonomy":"product_brand","embeddable":true,"href":"https:\/\/www.zoko.ro\/en\/wp-json\/wp\/v2\/product_brand?post=29597"},{"taxonomy":"product_cat","embeddable":true,"href":"https:\/\/www.zoko.ro\/en\/wp-json\/wp\/v2\/product_cat?post=29597"},{"taxonomy":"product_tag","embeddable":true,"href":"https:\/\/www.zoko.ro\/en\/wp-json\/wp\/v2\/product_tag?post=29597"}],"curies":[{"name":"wp","href":"https:\/\/api.w.org\/{rel}","templated":true}]}}