{"id":29750,"date":"2026-04-28T23:28:02","date_gmt":"2026-04-28T21:28:02","guid":{"rendered":"https:\/\/www.zoko.ro\/p\/lampa-de-veche-cu-proiector-stele-pe-tavan-gonga-2\/"},"modified":"2026-04-28T23:28:02","modified_gmt":"2026-04-28T21:28:02","slug":"lampa-de-veche-cu-proiector-stele-pe-tavan-gonga-2","status":"publish","type":"product","link":"https:\/\/www.zoko.ro\/en\/p\/lampa-de-veche-cu-proiector-stele-pe-tavan-gonga-2\/","title":{"rendered":"Lampa de veche cu proiector, stele pe tavan, Gonga\u00ae"},"content":{"rendered":"<p><strong>Culoare:<\/strong> Maro<\/p>\n<p>Este ora de culcare, dar copilul t\u0103u iubit nu poate dormi pentru c\u0103 este at\u00e2t de \u00eentuneric? Dr\u0103g\u0103la\u0219ul animal de plu\u0219 proiecteaz\u0103 un cer \u00eenstelat cu o lun\u0103 \u0219i animale pe tavan, cre\u00e2nd o atmosfer\u0103 confortabil\u0103, protectoare, \u00een care copilul t\u0103u se simte confortabil &#8211; fie acas\u0103, fie \u00eentr-un mediu ciudat. <\/p>\n<p>\u00cen plus, stelele str\u0103lucesc cu multe culori \u0219i pute\u021bi schimba automat lumina sau pute\u021bi seta lampa la o singur\u0103 culoare. Asigura un somn linistit si confortabil.<\/p>\n<p>Dimensiuni la desfacere H x L x A: aproximativ 9 x 28 x 30 cm<\/p>","protected":false},"excerpt":{"rendered":"<p>Culoare: Maro Este ora de culcare, dar copilul t\u0103u iubit nu poate dormi pentru c\u0103 este at\u00e2t de \u00eentuneric? Dr\u0103g\u0103la\u0219ul<\/p>","protected":false},"featured_media":29751,"comment_status":"open","ping_status":"open","template":"","meta":[],"product_brand":[],"product_cat":[99,379,333,534],"product_tag":[104],"class_list":{"0":"post-29750","1":"product","2":"type-product","3":"status-publish","4":"has-post-thumbnail","6":"product_cat-acasa","7":"product_cat-camera-copilului","8":"product_cat-jucarii","9":"product_cat-lampi-de-veghe","10":"product_tag-in-stoc","11":"pa_culoare-maro","13":"first","14":"instock","15":"sale","16":"purchasable","17":"product-type-simple"},"yoast_head":"<!-- This site is optimized with the Yoast SEO plugin v27.2 - https:\/\/yoast.com\/product\/yoast-seo-wordpress\/ -->\n<title>Lampa de veche cu proiector, stele pe tavan, Gonga\u00ae | ZOKO<\/title>\n<meta name=\"robots\" content=\"index, follow, max-snippet:-1, max-image-preview:large, max-video-preview:-1\" \/>\n<link rel=\"canonical\" href=\"https:\/\/www.zoko.ro\/en\/p\/lampa-de-veche-cu-proiector-stele-pe-tavan-gonga-2\/\" \/>\n<meta property=\"og:locale\" content=\"en_GB\" \/>\n<meta property=\"og:type\" content=\"article\" \/>\n<meta property=\"og:title\" content=\"Lampa de veche cu proiector, stele pe tavan, Gonga\u00ae | ZOKO\" \/>\n<meta property=\"og:description\" content=\"Culoare: Maro Este ora de culcare, dar copilul t\u0103u iubit nu poate dormi pentru c\u0103 este at\u00e2t de \u00eentuneric? Dr\u0103g\u0103la\u0219ul\" \/>\n<meta property=\"og:url\" content=\"https:\/\/www.zoko.ro\/en\/p\/lampa-de-veche-cu-proiector-stele-pe-tavan-gonga-2\/\" \/>\n<meta property=\"og:site_name\" content=\"ZOKO\" \/>\n<meta property=\"article:publisher\" content=\"https:\/\/www.facebook.com\/profile.php?id=61584344135075\" \/>\n<meta property=\"og:image\" content=\"https:\/\/www.zoko.ro\/wp-content\/uploads\/2025\/12\/lampa-de-veche-model-pinguin-cu-proiector-stele-pe-tavan-gonga-5.jpg\" \/>\n\t<meta property=\"og:image:width\" content=\"1018\" \/>\n\t<meta property=\"og:image:height\" content=\"1024\" \/>\n\t<meta property=\"og:image:type\" content=\"image\/jpeg\" \/>\n<meta name=\"twitter:card\" content=\"summary_large_image\" \/>\n<meta name=\"twitter:label1\" content=\"Estimated reading time\" \/>\n\t<meta name=\"twitter:data1\" content=\"1 minute\" \/>\n<script type=\"application\/ld+json\" class=\"yoast-schema-graph\">{\"@context\":\"https:\/\/schema.org\",\"@graph\":[{\"@type\":\"WebPage\",\"@id\":\"https:\/\/www.zoko.ro\/p\/lampa-de-veche-cu-proiector-stele-pe-tavan-gonga-2\/\",\"url\":\"https:\/\/www.zoko.ro\/p\/lampa-de-veche-cu-proiector-stele-pe-tavan-gonga-2\/\",\"name\":\"Lampa de veche cu proiector, stele pe tavan, Gonga\u00ae | ZOKO\",\"isPartOf\":{\"@id\":\"https:\/\/www.zoko.ro\/#website\"},\"primaryImageOfPage\":{\"@id\":\"https:\/\/www.zoko.ro\/p\/lampa-de-veche-cu-proiector-stele-pe-tavan-gonga-2\/#primaryimage\"},\"image\":{\"@id\":\"https:\/\/www.zoko.ro\/p\/lampa-de-veche-cu-proiector-stele-pe-tavan-gonga-2\/#primaryimage\"},\"thumbnailUrl\":\"https:\/\/www.zoko.ro\/wp-content\/uploads\/2025\/12\/lampa-de-veche-model-pinguin-cu-proiector-stele-pe-tavan-gonga-5.jpg\",\"datePublished\":\"2026-04-28T21:28:02+00:00\",\"breadcrumb\":{\"@id\":\"https:\/\/www.zoko.ro\/p\/lampa-de-veche-cu-proiector-stele-pe-tavan-gonga-2\/#breadcrumb\"},\"inLanguage\":\"en-GB\",\"potentialAction\":[{\"@type\":\"ReadAction\",\"target\":[\"https:\/\/www.zoko.ro\/p\/lampa-de-veche-cu-proiector-stele-pe-tavan-gonga-2\/\"]}]},{\"@type\":\"ImageObject\",\"inLanguage\":\"en-GB\",\"@id\":\"https:\/\/www.zoko.ro\/p\/lampa-de-veche-cu-proiector-stele-pe-tavan-gonga-2\/#primaryimage\",\"url\":\"https:\/\/www.zoko.ro\/wp-content\/uploads\/2025\/12\/lampa-de-veche-model-pinguin-cu-proiector-stele-pe-tavan-gonga-5.jpg\",\"contentUrl\":\"https:\/\/www.zoko.ro\/wp-content\/uploads\/2025\/12\/lampa-de-veche-model-pinguin-cu-proiector-stele-pe-tavan-gonga-5.jpg\",\"width\":1018,\"height\":1024},{\"@type\":\"BreadcrumbList\",\"@id\":\"https:\/\/www.zoko.ro\/p\/lampa-de-veche-cu-proiector-stele-pe-tavan-gonga-2\/#breadcrumb\",\"itemListElement\":[{\"@type\":\"ListItem\",\"position\":1,\"name\":\"Home\",\"item\":\"https:\/\/www.zoko.ro\/\"},{\"@type\":\"ListItem\",\"position\":2,\"name\":\"Magazin\",\"item\":\"https:\/\/www.zoko.ro\/magazin\/\"},{\"@type\":\"ListItem\",\"position\":3,\"name\":\"Lampa de veche cu proiector, stele pe tavan, Gonga\u00ae\"}]},{\"@type\":\"WebSite\",\"@id\":\"https:\/\/www.zoko.ro\/#website\",\"url\":\"https:\/\/www.zoko.ro\/\",\"name\":\"ZOKO.ro\",\"description\":\"Cump\u0103r\u0103 inteligent\",\"publisher\":{\"@id\":\"https:\/\/www.zoko.ro\/#organization\"},\"potentialAction\":[{\"@type\":\"SearchAction\",\"target\":{\"@type\":\"EntryPoint\",\"urlTemplate\":\"https:\/\/www.zoko.ro\/?s={search_term_string}\"},\"query-input\":{\"@type\":\"PropertyValueSpecification\",\"valueRequired\":true,\"valueName\":\"search_term_string\"}}],\"inLanguage\":\"en-GB\"},{\"@type\":\"Organization\",\"@id\":\"https:\/\/www.zoko.ro\/#organization\",\"name\":\"ZOKO\",\"url\":\"https:\/\/www.zoko.ro\/\",\"logo\":{\"@type\":\"ImageObject\",\"inLanguage\":\"en-GB\",\"@id\":\"https:\/\/www.zoko.ro\/#\/schema\/logo\/image\/\",\"url\":\"https:\/\/www.zoko.ro\/wp-content\/uploads\/2025\/03\/logo1.svg\",\"contentUrl\":\"https:\/\/www.zoko.ro\/wp-content\/uploads\/2025\/03\/logo1.svg\",\"width\":799,\"height\":216,\"caption\":\"ZOKO\"},\"image\":{\"@id\":\"https:\/\/www.zoko.ro\/#\/schema\/logo\/image\/\"},\"sameAs\":[\"https:\/\/www.facebook.com\/profile.php?id=61584344135075\"]}]}<\/script>\n<!-- \/ Yoast SEO plugin. -->","yoast_head_json":{"title":"Lampa de veche cu proiector, stele pe tavan, Gonga\u00ae | ZOKO","robots":{"index":"index","follow":"follow","max-snippet":"max-snippet:-1","max-image-preview":"max-image-preview:large","max-video-preview":"max-video-preview:-1"},"canonical":"https:\/\/www.zoko.ro\/en\/p\/lampa-de-veche-cu-proiector-stele-pe-tavan-gonga-2\/","og_locale":"en_GB","og_type":"article","og_title":"Lampa de veche cu proiector, stele pe tavan, Gonga\u00ae | ZOKO","og_description":"Culoare: Maro Este ora de culcare, dar copilul t\u0103u iubit nu poate dormi pentru c\u0103 este at\u00e2t de \u00eentuneric? Dr\u0103g\u0103la\u0219ul","og_url":"https:\/\/www.zoko.ro\/en\/p\/lampa-de-veche-cu-proiector-stele-pe-tavan-gonga-2\/","og_site_name":"ZOKO","article_publisher":"https:\/\/www.facebook.com\/profile.php?id=61584344135075","og_image":[{"width":1018,"height":1024,"url":"https:\/\/www.zoko.ro\/wp-content\/uploads\/2025\/12\/lampa-de-veche-model-pinguin-cu-proiector-stele-pe-tavan-gonga-5.jpg","type":"image\/jpeg"}],"twitter_card":"summary_large_image","twitter_misc":{"Estimated reading time":"1 minute"},"schema":{"@context":"https:\/\/schema.org","@graph":[{"@type":"WebPage","@id":"https:\/\/www.zoko.ro\/p\/lampa-de-veche-cu-proiector-stele-pe-tavan-gonga-2\/","url":"https:\/\/www.zoko.ro\/p\/lampa-de-veche-cu-proiector-stele-pe-tavan-gonga-2\/","name":"Lampa de veche cu proiector, stele pe tavan, Gonga\u00ae | ZOKO","isPartOf":{"@id":"https:\/\/www.zoko.ro\/#website"},"primaryImageOfPage":{"@id":"https:\/\/www.zoko.ro\/p\/lampa-de-veche-cu-proiector-stele-pe-tavan-gonga-2\/#primaryimage"},"image":{"@id":"https:\/\/www.zoko.ro\/p\/lampa-de-veche-cu-proiector-stele-pe-tavan-gonga-2\/#primaryimage"},"thumbnailUrl":"https:\/\/www.zoko.ro\/wp-content\/uploads\/2025\/12\/lampa-de-veche-model-pinguin-cu-proiector-stele-pe-tavan-gonga-5.jpg","datePublished":"2026-04-28T21:28:02+00:00","breadcrumb":{"@id":"https:\/\/www.zoko.ro\/p\/lampa-de-veche-cu-proiector-stele-pe-tavan-gonga-2\/#breadcrumb"},"inLanguage":"en-GB","potentialAction":[{"@type":"ReadAction","target":["https:\/\/www.zoko.ro\/p\/lampa-de-veche-cu-proiector-stele-pe-tavan-gonga-2\/"]}]},{"@type":"ImageObject","inLanguage":"en-GB","@id":"https:\/\/www.zoko.ro\/p\/lampa-de-veche-cu-proiector-stele-pe-tavan-gonga-2\/#primaryimage","url":"https:\/\/www.zoko.ro\/wp-content\/uploads\/2025\/12\/lampa-de-veche-model-pinguin-cu-proiector-stele-pe-tavan-gonga-5.jpg","contentUrl":"https:\/\/www.zoko.ro\/wp-content\/uploads\/2025\/12\/lampa-de-veche-model-pinguin-cu-proiector-stele-pe-tavan-gonga-5.jpg","width":1018,"height":1024},{"@type":"BreadcrumbList","@id":"https:\/\/www.zoko.ro\/p\/lampa-de-veche-cu-proiector-stele-pe-tavan-gonga-2\/#breadcrumb","itemListElement":[{"@type":"ListItem","position":1,"name":"Home","item":"https:\/\/www.zoko.ro\/"},{"@type":"ListItem","position":2,"name":"Magazin","item":"https:\/\/www.zoko.ro\/magazin\/"},{"@type":"ListItem","position":3,"name":"Lampa de veche cu proiector, stele pe tavan, Gonga\u00ae"}]},{"@type":"WebSite","@id":"https:\/\/www.zoko.ro\/#website","url":"https:\/\/www.zoko.ro\/","name":"ZOKO.ro","description":"Cump\u0103r\u0103 inteligent","publisher":{"@id":"https:\/\/www.zoko.ro\/#organization"},"potentialAction":[{"@type":"SearchAction","target":{"@type":"EntryPoint","urlTemplate":"https:\/\/www.zoko.ro\/?s={search_term_string}"},"query-input":{"@type":"PropertyValueSpecification","valueRequired":true,"valueName":"search_term_string"}}],"inLanguage":"en-GB"},{"@type":"Organization","@id":"https:\/\/www.zoko.ro\/#organization","name":"ZOKO","url":"https:\/\/www.zoko.ro\/","logo":{"@type":"ImageObject","inLanguage":"en-GB","@id":"https:\/\/www.zoko.ro\/#\/schema\/logo\/image\/","url":"https:\/\/www.zoko.ro\/wp-content\/uploads\/2025\/03\/logo1.svg","contentUrl":"https:\/\/www.zoko.ro\/wp-content\/uploads\/2025\/03\/logo1.svg","width":799,"height":216,"caption":"ZOKO"},"image":{"@id":"https:\/\/www.zoko.ro\/#\/schema\/logo\/image\/"},"sameAs":["https:\/\/www.facebook.com\/profile.php?id=61584344135075"]}]}},"_links":{"self":[{"href":"https:\/\/www.zoko.ro\/en\/wp-json\/wp\/v2\/product\/29750","targetHints":{"allow":["GET"]}}],"collection":[{"href":"https:\/\/www.zoko.ro\/en\/wp-json\/wp\/v2\/product"}],"about":[{"href":"https:\/\/www.zoko.ro\/en\/wp-json\/wp\/v2\/types\/product"}],"replies":[{"embeddable":true,"href":"https:\/\/www.zoko.ro\/en\/wp-json\/wp\/v2\/comments?post=29750"}],"version-history":[{"count":1,"href":"https:\/\/www.zoko.ro\/en\/wp-json\/wp\/v2\/product\/29750\/revisions"}],"predecessor-version":[{"id":37863,"href":"https:\/\/www.zoko.ro\/en\/wp-json\/wp\/v2\/product\/29750\/revisions\/37863"}],"wp:featuredmedia":[{"embeddable":true,"href":"https:\/\/www.zoko.ro\/en\/wp-json\/wp\/v2\/media\/29751"}],"wp:attachment":[{"href":"https:\/\/www.zoko.ro\/en\/wp-json\/wp\/v2\/media?parent=29750"}],"wp:term":[{"taxonomy":"product_brand","embeddable":true,"href":"https:\/\/www.zoko.ro\/en\/wp-json\/wp\/v2\/product_brand?post=29750"},{"taxonomy":"product_cat","embeddable":true,"href":"https:\/\/www.zoko.ro\/en\/wp-json\/wp\/v2\/product_cat?post=29750"},{"taxonomy":"product_tag","embeddable":true,"href":"https:\/\/www.zoko.ro\/en\/wp-json\/wp\/v2\/product_tag?post=29750"}],"curies":[{"name":"wp","href":"https:\/\/api.w.org\/{rel}","templated":true}]}}