{"id":29760,"date":"2026-04-28T23:28:02","date_gmt":"2026-04-28T21:28:02","guid":{"rendered":"https:\/\/www.zoko.ro\/p\/petale-de-trandafir-artificiale-pentru-diverse-evenimente-gonga\/"},"modified":"2026-04-28T23:28:02","modified_gmt":"2026-04-28T21:28:02","slug":"petale-de-trandafir-artificiale-pentru-diverse-evenimente-gonga","status":"publish","type":"product","link":"https:\/\/www.zoko.ro\/en\/p\/petale-de-trandafir-artificiale-pentru-diverse-evenimente-gonga\/","title":{"rendered":"Petale de trandafir artificiale pentru diverse evenimente, Gonga\u00ae"},"content":{"rendered":"<p><strong>Culoare:<\/strong> Rosu<\/p>\n<p><strong>M\u0103rime:<\/strong> 900<\/p>\n<p>Petalele de trandafir transform\u0103 un moment romantic \u00een ceva special. Fie c\u0103 este vorba de o cin\u0103 la lumina lum\u00e2n\u0103rilor, de o \u00eent\u00e2lnire sau de o propunere: decora\u021bi masa, patul sau intrarea cu frunze str\u0103lucitoare. Priveli\u0219tea va r\u0103m\u00e2ne de neuitat pentru partenerul t\u0103u. Petalele de trandafir pot fi, de asemenea, folosite ca un decor elegant pentru ocazii speciale, cum ar fi Ziua \u00cendr\u0103gosti\u021bilor sau nun\u021bi. Umple\u021bi co\u0219urile de flori pentru copii cu frunze artificiale alese de dvs. \u0219i deschide\u021bi calea pentru tinerii c\u0103s\u0103tori\u021bi.<\/p>","protected":false},"excerpt":{"rendered":"<p>Culoare: Rosu M\u0103rime: 900 Petalele de trandafir transform\u0103 un moment romantic \u00een ceva special. Fie c\u0103 este vorba de o<\/p>","protected":false},"featured_media":29761,"comment_status":"open","ping_status":"open","template":"","meta":[],"product_brand":[],"product_cat":[99,376,342],"product_tag":[104],"class_list":{"0":"post-29760","1":"product","2":"type-product","3":"status-publish","4":"has-post-thumbnail","6":"product_cat-acasa","7":"product_cat-aranjamente-florale","8":"product_cat-cadouri","9":"product_tag-in-stoc","10":"pa_culoare-rosu","11":"pa_marime-535","13":"first","14":"instock","15":"sale","16":"purchasable","17":"product-type-simple"},"yoast_head":"<!-- This site is optimized with the Yoast SEO plugin v27.2 - https:\/\/yoast.com\/product\/yoast-seo-wordpress\/ -->\n<title>Petale de trandafir artificiale pentru diverse evenimente, Gonga\u00ae | ZOKO<\/title>\n<meta name=\"robots\" content=\"index, follow, max-snippet:-1, max-image-preview:large, max-video-preview:-1\" \/>\n<link rel=\"canonical\" href=\"https:\/\/www.zoko.ro\/en\/p\/petale-de-trandafir-artificiale-pentru-diverse-evenimente-gonga\/\" \/>\n<meta property=\"og:locale\" content=\"en_GB\" \/>\n<meta property=\"og:type\" content=\"article\" \/>\n<meta property=\"og:title\" content=\"Petale de trandafir artificiale pentru diverse evenimente, Gonga\u00ae | ZOKO\" \/>\n<meta property=\"og:description\" content=\"Culoare: Rosu M\u0103rime: 900 Petalele de trandafir transform\u0103 un moment romantic \u00een ceva special. Fie c\u0103 este vorba de o\" \/>\n<meta property=\"og:url\" content=\"https:\/\/www.zoko.ro\/en\/p\/petale-de-trandafir-artificiale-pentru-diverse-evenimente-gonga\/\" \/>\n<meta property=\"og:site_name\" content=\"ZOKO\" \/>\n<meta property=\"article:publisher\" content=\"https:\/\/www.facebook.com\/profile.php?id=61584344135075\" \/>\n<meta property=\"og:image\" content=\"https:\/\/www.zoko.ro\/wp-content\/uploads\/2025\/12\/3000-petale-de-trandafir-artificale-pentru-diverse-evenimente-gonga.jpg\" \/>\n\t<meta property=\"og:image:width\" content=\"800\" \/>\n\t<meta property=\"og:image:height\" content=\"800\" \/>\n\t<meta property=\"og:image:type\" content=\"image\/jpeg\" \/>\n<meta name=\"twitter:card\" content=\"summary_large_image\" \/>\n<meta name=\"twitter:label1\" content=\"Estimated reading time\" \/>\n\t<meta name=\"twitter:data1\" content=\"1 minute\" \/>\n<script type=\"application\/ld+json\" class=\"yoast-schema-graph\">{\"@context\":\"https:\/\/schema.org\",\"@graph\":[{\"@type\":\"WebPage\",\"@id\":\"https:\/\/www.zoko.ro\/p\/petale-de-trandafir-artificiale-pentru-diverse-evenimente-gonga\/\",\"url\":\"https:\/\/www.zoko.ro\/p\/petale-de-trandafir-artificiale-pentru-diverse-evenimente-gonga\/\",\"name\":\"Petale de trandafir artificiale pentru diverse evenimente, Gonga\u00ae | ZOKO\",\"isPartOf\":{\"@id\":\"https:\/\/www.zoko.ro\/#website\"},\"primaryImageOfPage\":{\"@id\":\"https:\/\/www.zoko.ro\/p\/petale-de-trandafir-artificiale-pentru-diverse-evenimente-gonga\/#primaryimage\"},\"image\":{\"@id\":\"https:\/\/www.zoko.ro\/p\/petale-de-trandafir-artificiale-pentru-diverse-evenimente-gonga\/#primaryimage\"},\"thumbnailUrl\":\"https:\/\/www.zoko.ro\/wp-content\/uploads\/2025\/12\/3000-petale-de-trandafir-artificale-pentru-diverse-evenimente-gonga.jpg\",\"datePublished\":\"2026-04-28T21:28:02+00:00\",\"breadcrumb\":{\"@id\":\"https:\/\/www.zoko.ro\/p\/petale-de-trandafir-artificiale-pentru-diverse-evenimente-gonga\/#breadcrumb\"},\"inLanguage\":\"en-GB\",\"potentialAction\":[{\"@type\":\"ReadAction\",\"target\":[\"https:\/\/www.zoko.ro\/p\/petale-de-trandafir-artificiale-pentru-diverse-evenimente-gonga\/\"]}]},{\"@type\":\"ImageObject\",\"inLanguage\":\"en-GB\",\"@id\":\"https:\/\/www.zoko.ro\/p\/petale-de-trandafir-artificiale-pentru-diverse-evenimente-gonga\/#primaryimage\",\"url\":\"https:\/\/www.zoko.ro\/wp-content\/uploads\/2025\/12\/3000-petale-de-trandafir-artificale-pentru-diverse-evenimente-gonga.jpg\",\"contentUrl\":\"https:\/\/www.zoko.ro\/wp-content\/uploads\/2025\/12\/3000-petale-de-trandafir-artificale-pentru-diverse-evenimente-gonga.jpg\",\"width\":800,\"height\":800},{\"@type\":\"BreadcrumbList\",\"@id\":\"https:\/\/www.zoko.ro\/p\/petale-de-trandafir-artificiale-pentru-diverse-evenimente-gonga\/#breadcrumb\",\"itemListElement\":[{\"@type\":\"ListItem\",\"position\":1,\"name\":\"Home\",\"item\":\"https:\/\/www.zoko.ro\/\"},{\"@type\":\"ListItem\",\"position\":2,\"name\":\"Magazin\",\"item\":\"https:\/\/www.zoko.ro\/magazin\/\"},{\"@type\":\"ListItem\",\"position\":3,\"name\":\"Petale de trandafir artificiale pentru diverse evenimente, Gonga\u00ae\"}]},{\"@type\":\"WebSite\",\"@id\":\"https:\/\/www.zoko.ro\/#website\",\"url\":\"https:\/\/www.zoko.ro\/\",\"name\":\"ZOKO.ro\",\"description\":\"Cump\u0103r\u0103 inteligent\",\"publisher\":{\"@id\":\"https:\/\/www.zoko.ro\/#organization\"},\"potentialAction\":[{\"@type\":\"SearchAction\",\"target\":{\"@type\":\"EntryPoint\",\"urlTemplate\":\"https:\/\/www.zoko.ro\/?s={search_term_string}\"},\"query-input\":{\"@type\":\"PropertyValueSpecification\",\"valueRequired\":true,\"valueName\":\"search_term_string\"}}],\"inLanguage\":\"en-GB\"},{\"@type\":\"Organization\",\"@id\":\"https:\/\/www.zoko.ro\/#organization\",\"name\":\"ZOKO\",\"url\":\"https:\/\/www.zoko.ro\/\",\"logo\":{\"@type\":\"ImageObject\",\"inLanguage\":\"en-GB\",\"@id\":\"https:\/\/www.zoko.ro\/#\/schema\/logo\/image\/\",\"url\":\"https:\/\/www.zoko.ro\/wp-content\/uploads\/2025\/03\/logo1.svg\",\"contentUrl\":\"https:\/\/www.zoko.ro\/wp-content\/uploads\/2025\/03\/logo1.svg\",\"width\":799,\"height\":216,\"caption\":\"ZOKO\"},\"image\":{\"@id\":\"https:\/\/www.zoko.ro\/#\/schema\/logo\/image\/\"},\"sameAs\":[\"https:\/\/www.facebook.com\/profile.php?id=61584344135075\"]}]}<\/script>\n<!-- \/ Yoast SEO plugin. -->","yoast_head_json":{"title":"Petale de trandafir artificiale pentru diverse evenimente, Gonga\u00ae | ZOKO","robots":{"index":"index","follow":"follow","max-snippet":"max-snippet:-1","max-image-preview":"max-image-preview:large","max-video-preview":"max-video-preview:-1"},"canonical":"https:\/\/www.zoko.ro\/en\/p\/petale-de-trandafir-artificiale-pentru-diverse-evenimente-gonga\/","og_locale":"en_GB","og_type":"article","og_title":"Petale de trandafir artificiale pentru diverse evenimente, Gonga\u00ae | ZOKO","og_description":"Culoare: Rosu M\u0103rime: 900 Petalele de trandafir transform\u0103 un moment romantic \u00een ceva special. Fie c\u0103 este vorba de o","og_url":"https:\/\/www.zoko.ro\/en\/p\/petale-de-trandafir-artificiale-pentru-diverse-evenimente-gonga\/","og_site_name":"ZOKO","article_publisher":"https:\/\/www.facebook.com\/profile.php?id=61584344135075","og_image":[{"width":800,"height":800,"url":"https:\/\/www.zoko.ro\/wp-content\/uploads\/2025\/12\/3000-petale-de-trandafir-artificale-pentru-diverse-evenimente-gonga.jpg","type":"image\/jpeg"}],"twitter_card":"summary_large_image","twitter_misc":{"Estimated reading time":"1 minute"},"schema":{"@context":"https:\/\/schema.org","@graph":[{"@type":"WebPage","@id":"https:\/\/www.zoko.ro\/p\/petale-de-trandafir-artificiale-pentru-diverse-evenimente-gonga\/","url":"https:\/\/www.zoko.ro\/p\/petale-de-trandafir-artificiale-pentru-diverse-evenimente-gonga\/","name":"Petale de trandafir artificiale pentru diverse evenimente, Gonga\u00ae | ZOKO","isPartOf":{"@id":"https:\/\/www.zoko.ro\/#website"},"primaryImageOfPage":{"@id":"https:\/\/www.zoko.ro\/p\/petale-de-trandafir-artificiale-pentru-diverse-evenimente-gonga\/#primaryimage"},"image":{"@id":"https:\/\/www.zoko.ro\/p\/petale-de-trandafir-artificiale-pentru-diverse-evenimente-gonga\/#primaryimage"},"thumbnailUrl":"https:\/\/www.zoko.ro\/wp-content\/uploads\/2025\/12\/3000-petale-de-trandafir-artificale-pentru-diverse-evenimente-gonga.jpg","datePublished":"2026-04-28T21:28:02+00:00","breadcrumb":{"@id":"https:\/\/www.zoko.ro\/p\/petale-de-trandafir-artificiale-pentru-diverse-evenimente-gonga\/#breadcrumb"},"inLanguage":"en-GB","potentialAction":[{"@type":"ReadAction","target":["https:\/\/www.zoko.ro\/p\/petale-de-trandafir-artificiale-pentru-diverse-evenimente-gonga\/"]}]},{"@type":"ImageObject","inLanguage":"en-GB","@id":"https:\/\/www.zoko.ro\/p\/petale-de-trandafir-artificiale-pentru-diverse-evenimente-gonga\/#primaryimage","url":"https:\/\/www.zoko.ro\/wp-content\/uploads\/2025\/12\/3000-petale-de-trandafir-artificale-pentru-diverse-evenimente-gonga.jpg","contentUrl":"https:\/\/www.zoko.ro\/wp-content\/uploads\/2025\/12\/3000-petale-de-trandafir-artificale-pentru-diverse-evenimente-gonga.jpg","width":800,"height":800},{"@type":"BreadcrumbList","@id":"https:\/\/www.zoko.ro\/p\/petale-de-trandafir-artificiale-pentru-diverse-evenimente-gonga\/#breadcrumb","itemListElement":[{"@type":"ListItem","position":1,"name":"Home","item":"https:\/\/www.zoko.ro\/"},{"@type":"ListItem","position":2,"name":"Magazin","item":"https:\/\/www.zoko.ro\/magazin\/"},{"@type":"ListItem","position":3,"name":"Petale de trandafir artificiale pentru diverse evenimente, Gonga\u00ae"}]},{"@type":"WebSite","@id":"https:\/\/www.zoko.ro\/#website","url":"https:\/\/www.zoko.ro\/","name":"ZOKO.ro","description":"Cump\u0103r\u0103 inteligent","publisher":{"@id":"https:\/\/www.zoko.ro\/#organization"},"potentialAction":[{"@type":"SearchAction","target":{"@type":"EntryPoint","urlTemplate":"https:\/\/www.zoko.ro\/?s={search_term_string}"},"query-input":{"@type":"PropertyValueSpecification","valueRequired":true,"valueName":"search_term_string"}}],"inLanguage":"en-GB"},{"@type":"Organization","@id":"https:\/\/www.zoko.ro\/#organization","name":"ZOKO","url":"https:\/\/www.zoko.ro\/","logo":{"@type":"ImageObject","inLanguage":"en-GB","@id":"https:\/\/www.zoko.ro\/#\/schema\/logo\/image\/","url":"https:\/\/www.zoko.ro\/wp-content\/uploads\/2025\/03\/logo1.svg","contentUrl":"https:\/\/www.zoko.ro\/wp-content\/uploads\/2025\/03\/logo1.svg","width":799,"height":216,"caption":"ZOKO"},"image":{"@id":"https:\/\/www.zoko.ro\/#\/schema\/logo\/image\/"},"sameAs":["https:\/\/www.facebook.com\/profile.php?id=61584344135075"]}]}},"_links":{"self":[{"href":"https:\/\/www.zoko.ro\/en\/wp-json\/wp\/v2\/product\/29760","targetHints":{"allow":["GET"]}}],"collection":[{"href":"https:\/\/www.zoko.ro\/en\/wp-json\/wp\/v2\/product"}],"about":[{"href":"https:\/\/www.zoko.ro\/en\/wp-json\/wp\/v2\/types\/product"}],"replies":[{"embeddable":true,"href":"https:\/\/www.zoko.ro\/en\/wp-json\/wp\/v2\/comments?post=29760"}],"version-history":[{"count":1,"href":"https:\/\/www.zoko.ro\/en\/wp-json\/wp\/v2\/product\/29760\/revisions"}],"predecessor-version":[{"id":37865,"href":"https:\/\/www.zoko.ro\/en\/wp-json\/wp\/v2\/product\/29760\/revisions\/37865"}],"wp:featuredmedia":[{"embeddable":true,"href":"https:\/\/www.zoko.ro\/en\/wp-json\/wp\/v2\/media\/29761"}],"wp:attachment":[{"href":"https:\/\/www.zoko.ro\/en\/wp-json\/wp\/v2\/media?parent=29760"}],"wp:term":[{"taxonomy":"product_brand","embeddable":true,"href":"https:\/\/www.zoko.ro\/en\/wp-json\/wp\/v2\/product_brand?post=29760"},{"taxonomy":"product_cat","embeddable":true,"href":"https:\/\/www.zoko.ro\/en\/wp-json\/wp\/v2\/product_cat?post=29760"},{"taxonomy":"product_tag","embeddable":true,"href":"https:\/\/www.zoko.ro\/en\/wp-json\/wp\/v2\/product_tag?post=29760"}],"curies":[{"name":"wp","href":"https:\/\/api.w.org\/{rel}","templated":true}]}}