{"id":29908,"date":"2026-04-28T23:28:10","date_gmt":"2026-04-28T21:28:10","guid":{"rendered":"https:\/\/www.zoko.ro\/p\/costum-zorro-pentru-copii-gonga\/"},"modified":"2026-04-28T23:28:10","modified_gmt":"2026-04-28T21:28:10","slug":"costum-zorro-pentru-copii-gonga","status":"publish","type":"product","link":"https:\/\/www.zoko.ro\/en\/p\/costum-zorro-pentru-copii-gonga\/","title":{"rendered":"Costum Zorro pentru copii, Gonga\u00ae"},"content":{"rendered":"<p><strong>Culoare:<\/strong> Negru<\/p>\n<p><strong>M\u0103rime:<\/strong> S<\/p>\n<p>Deveni\u021bi un super erou! Este mai u\u0219or dec\u00e2t crezi.<\/p>\n<\/p>\n<p>Costumul ZORRO va permite copilului dumneavoastr\u0103 s\u0103-\u0219i asume rolul unui adev\u0103rat erou.<\/p>\n<\/p>\n<p>Deghizarea din trei piese va face ca visele copiilor s\u0103 devin\u0103 realitate de a deveni un adev\u0103rat ZORRO.<\/p>\n<\/p>\n<p>Un tricou, pantaloni \u0219i o masc\u0103 sunt tot ceea ce este necesar pentru ca micul erou s\u0103-\u0219i trezeasc\u0103 super puterile adormite \u0219i s\u0103-\u0219i salveze mama de epuizare cur\u0103\u021b\u00e2ndu-\u0219i juc\u0103riile.<\/p>\n<\/p>\n<p>Setul este perfect ca deghizare pentru diferite tipuri de\u00a0 \u00a0carnaval, zile de nastere sau petreceri rochie.<\/p>\n<\/p>\n<p>Va fi, de asemenea, o mare diversiune pentru joaca de zi cu zi, datorit\u0103 c\u0103reia copilul:<\/p>\n<\/p>\n<\/p>\n<p>&#8211; va dezvolta\u00a0 creativitatea\u00a0 \u0219i va sprijini\u00a0 dezvoltarea intelectual\u0103 ,<\/p>\n<\/p>\n<p>&#8211; va dezvolta imagina\u021bia copiilor\u00a0 ,<\/p>\n<\/p>\n<p>&#8211; v\u0103 va permite s\u0103 \u00eembun\u0103t\u0103\u021bi\u021bi\u00a0 abilit\u0103\u021bile sociale\u00a0 \u0219i s\u0103 \u00eenv\u0103\u021ba\u021bi cum s\u0103 v\u0103 comporta\u021bi \u00een diferite situa\u021bii,<\/p>\n<\/p>\n<p>\u00a0&#8211; va \u00eembog\u0103\u021bi\u00a0 vocabularul\u00a0 copilului ,<\/p>\n<\/p>\n<p>\u00eenv\u0103\u021ba\u021bi cum\u00a0 s\u0103 exprima\u021bi emo\u021biile ,\u00a0 empatia \u0219i s\u0103 dezvolta\u021bi\u00a0 inteligen\u021ba emo\u021bional\u0103 ,<\/p>\n<\/p>\n<p>\u00a0\u00een timp ce te joci cu al\u021bi copii, te va \u00eenv\u0103\u021ba cum s\u0103\u00a0 lucrezi \u00een grup .<\/p>\n<\/p>\n<\/p>\n<p>Setul va aduce cu siguran\u021b\u0103 mult\u0103 distrac\u021bie \u0219i bucurie copilului dumneavoastr\u0103.<\/p>","protected":false},"excerpt":{"rendered":"<p>Culoare: Negru M\u0103rime: S Deveni\u021bi un super erou! Este mai u\u0219or dec\u00e2t crezi. Costumul ZORRO va permite copilului dumneavoastr\u0103 s\u0103-\u0219i<\/p>","protected":false},"featured_media":29909,"comment_status":"open","ping_status":"open","template":"","meta":[],"product_brand":[],"product_cat":[99,352,537],"product_tag":[],"class_list":{"0":"post-29908","1":"product","2":"type-product","3":"status-publish","4":"has-post-thumbnail","6":"product_cat-acasa","7":"product_cat-costume-masti","8":"product_cat-costume-copii","9":"pa_culoare-negru","10":"pa_marime-s","12":"first","13":"outofstock","14":"sale","15":"purchasable","16":"product-type-simple"},"yoast_head":"<!-- This site is optimized with the Yoast SEO plugin v27.2 - https:\/\/yoast.com\/product\/yoast-seo-wordpress\/ -->\n<title>Costum Zorro pentru copii, Gonga\u00ae | ZOKO<\/title>\n<meta name=\"robots\" content=\"index, follow, max-snippet:-1, max-image-preview:large, max-video-preview:-1\" \/>\n<link rel=\"canonical\" href=\"https:\/\/www.zoko.ro\/en\/p\/costum-zorro-pentru-copii-gonga\/\" \/>\n<meta property=\"og:locale\" content=\"en_GB\" \/>\n<meta property=\"og:type\" content=\"article\" \/>\n<meta property=\"og:title\" content=\"Costum Zorro pentru copii, Gonga\u00ae | ZOKO\" \/>\n<meta property=\"og:description\" content=\"Culoare: Negru M\u0103rime: S Deveni\u021bi un super erou! Este mai u\u0219or dec\u00e2t crezi. Costumul ZORRO va permite copilului dumneavoastr\u0103 s\u0103-\u0219i\" \/>\n<meta property=\"og:url\" content=\"https:\/\/www.zoko.ro\/en\/p\/costum-zorro-pentru-copii-gonga\/\" \/>\n<meta property=\"og:site_name\" content=\"ZOKO\" \/>\n<meta property=\"article:publisher\" content=\"https:\/\/www.facebook.com\/profile.php?id=61584344135075\" \/>\n<meta property=\"og:image\" content=\"https:\/\/www.zoko.ro\/wp-content\/uploads\/2025\/12\/costum-zorro-pentru-copii-gonga.jpg\" \/>\n\t<meta property=\"og:image:width\" content=\"1024\" \/>\n\t<meta property=\"og:image:height\" content=\"768\" \/>\n\t<meta property=\"og:image:type\" content=\"image\/jpeg\" \/>\n<meta name=\"twitter:card\" content=\"summary_large_image\" \/>\n<meta name=\"twitter:label1\" content=\"Estimated reading time\" \/>\n\t<meta name=\"twitter:data1\" content=\"1 minute\" \/>\n<script type=\"application\/ld+json\" class=\"yoast-schema-graph\">{\"@context\":\"https:\/\/schema.org\",\"@graph\":[{\"@type\":\"WebPage\",\"@id\":\"https:\/\/www.zoko.ro\/p\/costum-zorro-pentru-copii-gonga\/\",\"url\":\"https:\/\/www.zoko.ro\/p\/costum-zorro-pentru-copii-gonga\/\",\"name\":\"Costum Zorro pentru copii, Gonga\u00ae | ZOKO\",\"isPartOf\":{\"@id\":\"https:\/\/www.zoko.ro\/#website\"},\"primaryImageOfPage\":{\"@id\":\"https:\/\/www.zoko.ro\/p\/costum-zorro-pentru-copii-gonga\/#primaryimage\"},\"image\":{\"@id\":\"https:\/\/www.zoko.ro\/p\/costum-zorro-pentru-copii-gonga\/#primaryimage\"},\"thumbnailUrl\":\"https:\/\/www.zoko.ro\/wp-content\/uploads\/2025\/12\/costum-zorro-pentru-copii-gonga.jpg\",\"datePublished\":\"2026-04-28T21:28:10+00:00\",\"breadcrumb\":{\"@id\":\"https:\/\/www.zoko.ro\/p\/costum-zorro-pentru-copii-gonga\/#breadcrumb\"},\"inLanguage\":\"en-GB\",\"potentialAction\":[{\"@type\":\"ReadAction\",\"target\":[\"https:\/\/www.zoko.ro\/p\/costum-zorro-pentru-copii-gonga\/\"]}]},{\"@type\":\"ImageObject\",\"inLanguage\":\"en-GB\",\"@id\":\"https:\/\/www.zoko.ro\/p\/costum-zorro-pentru-copii-gonga\/#primaryimage\",\"url\":\"https:\/\/www.zoko.ro\/wp-content\/uploads\/2025\/12\/costum-zorro-pentru-copii-gonga.jpg\",\"contentUrl\":\"https:\/\/www.zoko.ro\/wp-content\/uploads\/2025\/12\/costum-zorro-pentru-copii-gonga.jpg\",\"width\":1024,\"height\":768},{\"@type\":\"BreadcrumbList\",\"@id\":\"https:\/\/www.zoko.ro\/p\/costum-zorro-pentru-copii-gonga\/#breadcrumb\",\"itemListElement\":[{\"@type\":\"ListItem\",\"position\":1,\"name\":\"Home\",\"item\":\"https:\/\/www.zoko.ro\/\"},{\"@type\":\"ListItem\",\"position\":2,\"name\":\"Magazin\",\"item\":\"https:\/\/www.zoko.ro\/magazin\/\"},{\"@type\":\"ListItem\",\"position\":3,\"name\":\"Costum Zorro pentru copii, Gonga\u00ae\"}]},{\"@type\":\"WebSite\",\"@id\":\"https:\/\/www.zoko.ro\/#website\",\"url\":\"https:\/\/www.zoko.ro\/\",\"name\":\"ZOKO.ro\",\"description\":\"Cump\u0103r\u0103 inteligent\",\"publisher\":{\"@id\":\"https:\/\/www.zoko.ro\/#organization\"},\"potentialAction\":[{\"@type\":\"SearchAction\",\"target\":{\"@type\":\"EntryPoint\",\"urlTemplate\":\"https:\/\/www.zoko.ro\/?s={search_term_string}\"},\"query-input\":{\"@type\":\"PropertyValueSpecification\",\"valueRequired\":true,\"valueName\":\"search_term_string\"}}],\"inLanguage\":\"en-GB\"},{\"@type\":\"Organization\",\"@id\":\"https:\/\/www.zoko.ro\/#organization\",\"name\":\"ZOKO\",\"url\":\"https:\/\/www.zoko.ro\/\",\"logo\":{\"@type\":\"ImageObject\",\"inLanguage\":\"en-GB\",\"@id\":\"https:\/\/www.zoko.ro\/#\/schema\/logo\/image\/\",\"url\":\"https:\/\/www.zoko.ro\/wp-content\/uploads\/2025\/03\/logo1.svg\",\"contentUrl\":\"https:\/\/www.zoko.ro\/wp-content\/uploads\/2025\/03\/logo1.svg\",\"width\":799,\"height\":216,\"caption\":\"ZOKO\"},\"image\":{\"@id\":\"https:\/\/www.zoko.ro\/#\/schema\/logo\/image\/\"},\"sameAs\":[\"https:\/\/www.facebook.com\/profile.php?id=61584344135075\"]}]}<\/script>\n<!-- \/ Yoast SEO plugin. -->","yoast_head_json":{"title":"Costum Zorro pentru copii, Gonga\u00ae | ZOKO","robots":{"index":"index","follow":"follow","max-snippet":"max-snippet:-1","max-image-preview":"max-image-preview:large","max-video-preview":"max-video-preview:-1"},"canonical":"https:\/\/www.zoko.ro\/en\/p\/costum-zorro-pentru-copii-gonga\/","og_locale":"en_GB","og_type":"article","og_title":"Costum Zorro pentru copii, Gonga\u00ae | ZOKO","og_description":"Culoare: Negru M\u0103rime: S Deveni\u021bi un super erou! Este mai u\u0219or dec\u00e2t crezi. Costumul ZORRO va permite copilului dumneavoastr\u0103 s\u0103-\u0219i","og_url":"https:\/\/www.zoko.ro\/en\/p\/costum-zorro-pentru-copii-gonga\/","og_site_name":"ZOKO","article_publisher":"https:\/\/www.facebook.com\/profile.php?id=61584344135075","og_image":[{"width":1024,"height":768,"url":"https:\/\/www.zoko.ro\/wp-content\/uploads\/2025\/12\/costum-zorro-pentru-copii-gonga.jpg","type":"image\/jpeg"}],"twitter_card":"summary_large_image","twitter_misc":{"Estimated reading time":"1 minute"},"schema":{"@context":"https:\/\/schema.org","@graph":[{"@type":"WebPage","@id":"https:\/\/www.zoko.ro\/p\/costum-zorro-pentru-copii-gonga\/","url":"https:\/\/www.zoko.ro\/p\/costum-zorro-pentru-copii-gonga\/","name":"Costum Zorro pentru copii, Gonga\u00ae | ZOKO","isPartOf":{"@id":"https:\/\/www.zoko.ro\/#website"},"primaryImageOfPage":{"@id":"https:\/\/www.zoko.ro\/p\/costum-zorro-pentru-copii-gonga\/#primaryimage"},"image":{"@id":"https:\/\/www.zoko.ro\/p\/costum-zorro-pentru-copii-gonga\/#primaryimage"},"thumbnailUrl":"https:\/\/www.zoko.ro\/wp-content\/uploads\/2025\/12\/costum-zorro-pentru-copii-gonga.jpg","datePublished":"2026-04-28T21:28:10+00:00","breadcrumb":{"@id":"https:\/\/www.zoko.ro\/p\/costum-zorro-pentru-copii-gonga\/#breadcrumb"},"inLanguage":"en-GB","potentialAction":[{"@type":"ReadAction","target":["https:\/\/www.zoko.ro\/p\/costum-zorro-pentru-copii-gonga\/"]}]},{"@type":"ImageObject","inLanguage":"en-GB","@id":"https:\/\/www.zoko.ro\/p\/costum-zorro-pentru-copii-gonga\/#primaryimage","url":"https:\/\/www.zoko.ro\/wp-content\/uploads\/2025\/12\/costum-zorro-pentru-copii-gonga.jpg","contentUrl":"https:\/\/www.zoko.ro\/wp-content\/uploads\/2025\/12\/costum-zorro-pentru-copii-gonga.jpg","width":1024,"height":768},{"@type":"BreadcrumbList","@id":"https:\/\/www.zoko.ro\/p\/costum-zorro-pentru-copii-gonga\/#breadcrumb","itemListElement":[{"@type":"ListItem","position":1,"name":"Home","item":"https:\/\/www.zoko.ro\/"},{"@type":"ListItem","position":2,"name":"Magazin","item":"https:\/\/www.zoko.ro\/magazin\/"},{"@type":"ListItem","position":3,"name":"Costum Zorro pentru copii, Gonga\u00ae"}]},{"@type":"WebSite","@id":"https:\/\/www.zoko.ro\/#website","url":"https:\/\/www.zoko.ro\/","name":"ZOKO.ro","description":"Cump\u0103r\u0103 inteligent","publisher":{"@id":"https:\/\/www.zoko.ro\/#organization"},"potentialAction":[{"@type":"SearchAction","target":{"@type":"EntryPoint","urlTemplate":"https:\/\/www.zoko.ro\/?s={search_term_string}"},"query-input":{"@type":"PropertyValueSpecification","valueRequired":true,"valueName":"search_term_string"}}],"inLanguage":"en-GB"},{"@type":"Organization","@id":"https:\/\/www.zoko.ro\/#organization","name":"ZOKO","url":"https:\/\/www.zoko.ro\/","logo":{"@type":"ImageObject","inLanguage":"en-GB","@id":"https:\/\/www.zoko.ro\/#\/schema\/logo\/image\/","url":"https:\/\/www.zoko.ro\/wp-content\/uploads\/2025\/03\/logo1.svg","contentUrl":"https:\/\/www.zoko.ro\/wp-content\/uploads\/2025\/03\/logo1.svg","width":799,"height":216,"caption":"ZOKO"},"image":{"@id":"https:\/\/www.zoko.ro\/#\/schema\/logo\/image\/"},"sameAs":["https:\/\/www.facebook.com\/profile.php?id=61584344135075"]}]}},"_links":{"self":[{"href":"https:\/\/www.zoko.ro\/en\/wp-json\/wp\/v2\/product\/29908","targetHints":{"allow":["GET"]}}],"collection":[{"href":"https:\/\/www.zoko.ro\/en\/wp-json\/wp\/v2\/product"}],"about":[{"href":"https:\/\/www.zoko.ro\/en\/wp-json\/wp\/v2\/types\/product"}],"replies":[{"embeddable":true,"href":"https:\/\/www.zoko.ro\/en\/wp-json\/wp\/v2\/comments?post=29908"}],"version-history":[{"count":1,"href":"https:\/\/www.zoko.ro\/en\/wp-json\/wp\/v2\/product\/29908\/revisions"}],"predecessor-version":[{"id":37902,"href":"https:\/\/www.zoko.ro\/en\/wp-json\/wp\/v2\/product\/29908\/revisions\/37902"}],"wp:featuredmedia":[{"embeddable":true,"href":"https:\/\/www.zoko.ro\/en\/wp-json\/wp\/v2\/media\/29909"}],"wp:attachment":[{"href":"https:\/\/www.zoko.ro\/en\/wp-json\/wp\/v2\/media?parent=29908"}],"wp:term":[{"taxonomy":"product_brand","embeddable":true,"href":"https:\/\/www.zoko.ro\/en\/wp-json\/wp\/v2\/product_brand?post=29908"},{"taxonomy":"product_cat","embeddable":true,"href":"https:\/\/www.zoko.ro\/en\/wp-json\/wp\/v2\/product_cat?post=29908"},{"taxonomy":"product_tag","embeddable":true,"href":"https:\/\/www.zoko.ro\/en\/wp-json\/wp\/v2\/product_tag?post=29908"}],"curies":[{"name":"wp","href":"https:\/\/api.w.org\/{rel}","templated":true}]}}