{"id":29957,"date":"2026-04-28T23:28:12","date_gmt":"2026-04-28T21:28:12","guid":{"rendered":"https:\/\/www.zoko.ro\/p\/dozator-automat-de-apa-cu-bol-dublu-pentru-mancare-gonga\/"},"modified":"2026-04-28T23:28:12","modified_gmt":"2026-04-28T21:28:12","slug":"dozator-automat-de-apa-cu-bol-dublu-pentru-mancare-gonga","status":"publish","type":"product","link":"https:\/\/www.zoko.ro\/en\/p\/dozator-automat-de-apa-cu-bol-dublu-pentru-mancare-gonga\/","title":{"rendered":"Dozator automat de apa cu bol dublu pentru mancare, Gonga\u00ae"},"content":{"rendered":"<p><strong>Culoare:<\/strong> Alb<\/p>\n<p>Dozator automat de apa si bol dublu pentru mancarea pisicilor.\u00a0<\/p>\n<\/p>\n<p>Caracteristicile produsului:<\/p>\n<\/p>\n<p>&#8211; Distribuitor automat de ap\u0103 \u0219i dou\u0103 boluri de hr\u0103nire \u00eenclinate.<\/p>\n<p>&#8211; \u00cenclinarea bolului la un unghi de 15 grade faciliteaz\u0103 hr\u0103nirea animalului.<\/p>\n<p>&#8211; Rezervor de ap\u0103 proasp\u0103t\u0103 cu o capacitate de 0,5 L.<\/p>\n<p>&#8211; Aspect discret \u0219i estetic.<\/p>\n<p>&#8211; Fabricat din plastic u\u0219or de cur\u0103\u021bat.<\/p>\n<p>&#8211; Dimensiune compacta &#8211; ideala pentru spatii mici.<\/p>\n<\/p>\n<p>Specifica\u021bie:<\/p>\n<\/p>\n<p>&#8211; Material: plastic<\/p>\n<p>&#8211; Lungime: 38 cm<\/p>\n<p>&#8211; Ad\u00e2ncime: 13,5 cm<\/p>\n<p>&#8211; \u00cen\u0103l\u021bime (total\u0103) 19 cm<\/p>\n<p>&#8211; Inaltimea bolurilor: 9,5 cm<\/p>\n<p>&#8211; Diametru bol: 12,5 cm<\/p>\n<p>&#8211; \u00cenclinarea bolului de alimentare: 15 grade<\/p>\n<p>&#8211; Capacitate rezervor ap\u0103: 0,5 L<\/p>\n<p>&#8211; culoare: alba<\/p>","protected":false},"excerpt":{"rendered":"<p>Culoare: Alb Dozator automat de apa si bol dublu pentru mancarea pisicilor.\u00a0 Caracteristicile produsului: &#8211; Distribuitor automat de ap\u0103 \u0219i<\/p>","protected":false},"featured_media":29958,"comment_status":"open","ping_status":"open","template":"","meta":[],"product_brand":[],"product_cat":[99,347,346],"product_tag":[],"class_list":{"0":"post-29957","1":"product","2":"type-product","3":"status-publish","4":"has-post-thumbnail","6":"product_cat-acasa","7":"product_cat-castroane-adapatoare-animale","8":"product_cat-petshop","9":"pa_culoare-alb","11":"first","12":"outofstock","13":"sale","14":"purchasable","15":"product-type-simple"},"yoast_head":"<!-- This site is optimized with the Yoast SEO plugin v27.2 - https:\/\/yoast.com\/product\/yoast-seo-wordpress\/ -->\n<title>Dozator automat de apa cu bol dublu pentru mancare, Gonga\u00ae | ZOKO<\/title>\n<meta name=\"robots\" content=\"index, follow, max-snippet:-1, max-image-preview:large, max-video-preview:-1\" \/>\n<link rel=\"canonical\" href=\"https:\/\/www.zoko.ro\/en\/p\/dozator-automat-de-apa-cu-bol-dublu-pentru-mancare-gonga\/\" \/>\n<meta property=\"og:locale\" content=\"en_GB\" \/>\n<meta property=\"og:type\" content=\"article\" \/>\n<meta property=\"og:title\" content=\"Dozator automat de apa cu bol dublu pentru mancare, Gonga\u00ae | ZOKO\" \/>\n<meta property=\"og:description\" content=\"Culoare: Alb Dozator automat de apa si bol dublu pentru mancarea pisicilor.\u00a0 Caracteristicile produsului: &#8211; Distribuitor automat de ap\u0103 \u0219i\" \/>\n<meta property=\"og:url\" content=\"https:\/\/www.zoko.ro\/en\/p\/dozator-automat-de-apa-cu-bol-dublu-pentru-mancare-gonga\/\" \/>\n<meta property=\"og:site_name\" content=\"ZOKO\" \/>\n<meta property=\"article:publisher\" content=\"https:\/\/www.facebook.com\/profile.php?id=61584344135075\" \/>\n<meta property=\"og:image\" content=\"https:\/\/www.zoko.ro\/wp-content\/uploads\/2025\/12\/dozator-automat-de-apa-cu-bol-dublu-pentru-mancare-gonga.jpg\" \/>\n\t<meta property=\"og:image:width\" content=\"1200\" \/>\n\t<meta property=\"og:image:height\" content=\"957\" \/>\n\t<meta property=\"og:image:type\" content=\"image\/jpeg\" \/>\n<meta name=\"twitter:card\" content=\"summary_large_image\" \/>\n<meta name=\"twitter:label1\" content=\"Estimated reading time\" \/>\n\t<meta name=\"twitter:data1\" content=\"1 minute\" \/>\n<script type=\"application\/ld+json\" class=\"yoast-schema-graph\">{\"@context\":\"https:\/\/schema.org\",\"@graph\":[{\"@type\":\"WebPage\",\"@id\":\"https:\/\/www.zoko.ro\/p\/dozator-automat-de-apa-cu-bol-dublu-pentru-mancare-gonga\/\",\"url\":\"https:\/\/www.zoko.ro\/p\/dozator-automat-de-apa-cu-bol-dublu-pentru-mancare-gonga\/\",\"name\":\"Dozator automat de apa cu bol dublu pentru mancare, Gonga\u00ae | ZOKO\",\"isPartOf\":{\"@id\":\"https:\/\/www.zoko.ro\/#website\"},\"primaryImageOfPage\":{\"@id\":\"https:\/\/www.zoko.ro\/p\/dozator-automat-de-apa-cu-bol-dublu-pentru-mancare-gonga\/#primaryimage\"},\"image\":{\"@id\":\"https:\/\/www.zoko.ro\/p\/dozator-automat-de-apa-cu-bol-dublu-pentru-mancare-gonga\/#primaryimage\"},\"thumbnailUrl\":\"https:\/\/www.zoko.ro\/wp-content\/uploads\/2025\/12\/dozator-automat-de-apa-cu-bol-dublu-pentru-mancare-gonga.jpg\",\"datePublished\":\"2026-04-28T21:28:12+00:00\",\"breadcrumb\":{\"@id\":\"https:\/\/www.zoko.ro\/p\/dozator-automat-de-apa-cu-bol-dublu-pentru-mancare-gonga\/#breadcrumb\"},\"inLanguage\":\"en-GB\",\"potentialAction\":[{\"@type\":\"ReadAction\",\"target\":[\"https:\/\/www.zoko.ro\/p\/dozator-automat-de-apa-cu-bol-dublu-pentru-mancare-gonga\/\"]}]},{\"@type\":\"ImageObject\",\"inLanguage\":\"en-GB\",\"@id\":\"https:\/\/www.zoko.ro\/p\/dozator-automat-de-apa-cu-bol-dublu-pentru-mancare-gonga\/#primaryimage\",\"url\":\"https:\/\/www.zoko.ro\/wp-content\/uploads\/2025\/12\/dozator-automat-de-apa-cu-bol-dublu-pentru-mancare-gonga.jpg\",\"contentUrl\":\"https:\/\/www.zoko.ro\/wp-content\/uploads\/2025\/12\/dozator-automat-de-apa-cu-bol-dublu-pentru-mancare-gonga.jpg\",\"width\":1200,\"height\":957},{\"@type\":\"BreadcrumbList\",\"@id\":\"https:\/\/www.zoko.ro\/p\/dozator-automat-de-apa-cu-bol-dublu-pentru-mancare-gonga\/#breadcrumb\",\"itemListElement\":[{\"@type\":\"ListItem\",\"position\":1,\"name\":\"Home\",\"item\":\"https:\/\/www.zoko.ro\/\"},{\"@type\":\"ListItem\",\"position\":2,\"name\":\"Magazin\",\"item\":\"https:\/\/www.zoko.ro\/magazin\/\"},{\"@type\":\"ListItem\",\"position\":3,\"name\":\"Dozator automat de apa cu bol dublu pentru mancare, Gonga\u00ae\"}]},{\"@type\":\"WebSite\",\"@id\":\"https:\/\/www.zoko.ro\/#website\",\"url\":\"https:\/\/www.zoko.ro\/\",\"name\":\"ZOKO.ro\",\"description\":\"Cump\u0103r\u0103 inteligent\",\"publisher\":{\"@id\":\"https:\/\/www.zoko.ro\/#organization\"},\"potentialAction\":[{\"@type\":\"SearchAction\",\"target\":{\"@type\":\"EntryPoint\",\"urlTemplate\":\"https:\/\/www.zoko.ro\/?s={search_term_string}\"},\"query-input\":{\"@type\":\"PropertyValueSpecification\",\"valueRequired\":true,\"valueName\":\"search_term_string\"}}],\"inLanguage\":\"en-GB\"},{\"@type\":\"Organization\",\"@id\":\"https:\/\/www.zoko.ro\/#organization\",\"name\":\"ZOKO\",\"url\":\"https:\/\/www.zoko.ro\/\",\"logo\":{\"@type\":\"ImageObject\",\"inLanguage\":\"en-GB\",\"@id\":\"https:\/\/www.zoko.ro\/#\/schema\/logo\/image\/\",\"url\":\"https:\/\/www.zoko.ro\/wp-content\/uploads\/2025\/03\/logo1.svg\",\"contentUrl\":\"https:\/\/www.zoko.ro\/wp-content\/uploads\/2025\/03\/logo1.svg\",\"width\":799,\"height\":216,\"caption\":\"ZOKO\"},\"image\":{\"@id\":\"https:\/\/www.zoko.ro\/#\/schema\/logo\/image\/\"},\"sameAs\":[\"https:\/\/www.facebook.com\/profile.php?id=61584344135075\"]}]}<\/script>\n<!-- \/ Yoast SEO plugin. -->","yoast_head_json":{"title":"Dozator automat de apa cu bol dublu pentru mancare, Gonga\u00ae | ZOKO","robots":{"index":"index","follow":"follow","max-snippet":"max-snippet:-1","max-image-preview":"max-image-preview:large","max-video-preview":"max-video-preview:-1"},"canonical":"https:\/\/www.zoko.ro\/en\/p\/dozator-automat-de-apa-cu-bol-dublu-pentru-mancare-gonga\/","og_locale":"en_GB","og_type":"article","og_title":"Dozator automat de apa cu bol dublu pentru mancare, Gonga\u00ae | ZOKO","og_description":"Culoare: Alb Dozator automat de apa si bol dublu pentru mancarea pisicilor.\u00a0 Caracteristicile produsului: &#8211; Distribuitor automat de ap\u0103 \u0219i","og_url":"https:\/\/www.zoko.ro\/en\/p\/dozator-automat-de-apa-cu-bol-dublu-pentru-mancare-gonga\/","og_site_name":"ZOKO","article_publisher":"https:\/\/www.facebook.com\/profile.php?id=61584344135075","og_image":[{"width":1200,"height":957,"url":"https:\/\/www.zoko.ro\/wp-content\/uploads\/2025\/12\/dozator-automat-de-apa-cu-bol-dublu-pentru-mancare-gonga.jpg","type":"image\/jpeg"}],"twitter_card":"summary_large_image","twitter_misc":{"Estimated reading time":"1 minute"},"schema":{"@context":"https:\/\/schema.org","@graph":[{"@type":"WebPage","@id":"https:\/\/www.zoko.ro\/p\/dozator-automat-de-apa-cu-bol-dublu-pentru-mancare-gonga\/","url":"https:\/\/www.zoko.ro\/p\/dozator-automat-de-apa-cu-bol-dublu-pentru-mancare-gonga\/","name":"Dozator automat de apa cu bol dublu pentru mancare, Gonga\u00ae | ZOKO","isPartOf":{"@id":"https:\/\/www.zoko.ro\/#website"},"primaryImageOfPage":{"@id":"https:\/\/www.zoko.ro\/p\/dozator-automat-de-apa-cu-bol-dublu-pentru-mancare-gonga\/#primaryimage"},"image":{"@id":"https:\/\/www.zoko.ro\/p\/dozator-automat-de-apa-cu-bol-dublu-pentru-mancare-gonga\/#primaryimage"},"thumbnailUrl":"https:\/\/www.zoko.ro\/wp-content\/uploads\/2025\/12\/dozator-automat-de-apa-cu-bol-dublu-pentru-mancare-gonga.jpg","datePublished":"2026-04-28T21:28:12+00:00","breadcrumb":{"@id":"https:\/\/www.zoko.ro\/p\/dozator-automat-de-apa-cu-bol-dublu-pentru-mancare-gonga\/#breadcrumb"},"inLanguage":"en-GB","potentialAction":[{"@type":"ReadAction","target":["https:\/\/www.zoko.ro\/p\/dozator-automat-de-apa-cu-bol-dublu-pentru-mancare-gonga\/"]}]},{"@type":"ImageObject","inLanguage":"en-GB","@id":"https:\/\/www.zoko.ro\/p\/dozator-automat-de-apa-cu-bol-dublu-pentru-mancare-gonga\/#primaryimage","url":"https:\/\/www.zoko.ro\/wp-content\/uploads\/2025\/12\/dozator-automat-de-apa-cu-bol-dublu-pentru-mancare-gonga.jpg","contentUrl":"https:\/\/www.zoko.ro\/wp-content\/uploads\/2025\/12\/dozator-automat-de-apa-cu-bol-dublu-pentru-mancare-gonga.jpg","width":1200,"height":957},{"@type":"BreadcrumbList","@id":"https:\/\/www.zoko.ro\/p\/dozator-automat-de-apa-cu-bol-dublu-pentru-mancare-gonga\/#breadcrumb","itemListElement":[{"@type":"ListItem","position":1,"name":"Home","item":"https:\/\/www.zoko.ro\/"},{"@type":"ListItem","position":2,"name":"Magazin","item":"https:\/\/www.zoko.ro\/magazin\/"},{"@type":"ListItem","position":3,"name":"Dozator automat de apa cu bol dublu pentru mancare, Gonga\u00ae"}]},{"@type":"WebSite","@id":"https:\/\/www.zoko.ro\/#website","url":"https:\/\/www.zoko.ro\/","name":"ZOKO.ro","description":"Cump\u0103r\u0103 inteligent","publisher":{"@id":"https:\/\/www.zoko.ro\/#organization"},"potentialAction":[{"@type":"SearchAction","target":{"@type":"EntryPoint","urlTemplate":"https:\/\/www.zoko.ro\/?s={search_term_string}"},"query-input":{"@type":"PropertyValueSpecification","valueRequired":true,"valueName":"search_term_string"}}],"inLanguage":"en-GB"},{"@type":"Organization","@id":"https:\/\/www.zoko.ro\/#organization","name":"ZOKO","url":"https:\/\/www.zoko.ro\/","logo":{"@type":"ImageObject","inLanguage":"en-GB","@id":"https:\/\/www.zoko.ro\/#\/schema\/logo\/image\/","url":"https:\/\/www.zoko.ro\/wp-content\/uploads\/2025\/03\/logo1.svg","contentUrl":"https:\/\/www.zoko.ro\/wp-content\/uploads\/2025\/03\/logo1.svg","width":799,"height":216,"caption":"ZOKO"},"image":{"@id":"https:\/\/www.zoko.ro\/#\/schema\/logo\/image\/"},"sameAs":["https:\/\/www.facebook.com\/profile.php?id=61584344135075"]}]}},"_links":{"self":[{"href":"https:\/\/www.zoko.ro\/en\/wp-json\/wp\/v2\/product\/29957","targetHints":{"allow":["GET"]}}],"collection":[{"href":"https:\/\/www.zoko.ro\/en\/wp-json\/wp\/v2\/product"}],"about":[{"href":"https:\/\/www.zoko.ro\/en\/wp-json\/wp\/v2\/types\/product"}],"replies":[{"embeddable":true,"href":"https:\/\/www.zoko.ro\/en\/wp-json\/wp\/v2\/comments?post=29957"}],"version-history":[{"count":1,"href":"https:\/\/www.zoko.ro\/en\/wp-json\/wp\/v2\/product\/29957\/revisions"}],"predecessor-version":[{"id":37908,"href":"https:\/\/www.zoko.ro\/en\/wp-json\/wp\/v2\/product\/29957\/revisions\/37908"}],"wp:featuredmedia":[{"embeddable":true,"href":"https:\/\/www.zoko.ro\/en\/wp-json\/wp\/v2\/media\/29958"}],"wp:attachment":[{"href":"https:\/\/www.zoko.ro\/en\/wp-json\/wp\/v2\/media?parent=29957"}],"wp:term":[{"taxonomy":"product_brand","embeddable":true,"href":"https:\/\/www.zoko.ro\/en\/wp-json\/wp\/v2\/product_brand?post=29957"},{"taxonomy":"product_cat","embeddable":true,"href":"https:\/\/www.zoko.ro\/en\/wp-json\/wp\/v2\/product_cat?post=29957"},{"taxonomy":"product_tag","embeddable":true,"href":"https:\/\/www.zoko.ro\/en\/wp-json\/wp\/v2\/product_tag?post=29957"}],"curies":[{"name":"wp","href":"https:\/\/api.w.org\/{rel}","templated":true}]}}