{"id":30024,"date":"2026-04-28T23:28:16","date_gmt":"2026-04-28T21:28:16","guid":{"rendered":"https:\/\/www.zoko.ro\/p\/lampa-de-veghe-pentru-copii-model-norisor-curcubeu-cu-autocolante-diferite-modele-gonga\/"},"modified":"2026-04-28T23:28:16","modified_gmt":"2026-04-28T21:28:16","slug":"lampa-de-veghe-pentru-copii-model-norisor-curcubeu-cu-autocolante-diferite-modele-gonga","status":"publish","type":"product","link":"https:\/\/www.zoko.ro\/en\/p\/lampa-de-veghe-pentru-copii-model-norisor-curcubeu-cu-autocolante-diferite-modele-gonga\/","title":{"rendered":"Lampa de veghe, pentru copii, model norisor , curcubeu cu autocolante diferite modele, Gonga\u00ae"},"content":{"rendered":"<p><strong>Culoare:<\/strong> Rainbow<\/p>\n<p><iframe loading=\"lazy\" width=\"560\" height=\"315\" src=\"https:\/\/www.youtube.com\/embed\/02T925AiT0M\" title=\"YouTube video player\" frameborder=\"0\"><\/iframe><\/p>\n<\/p>\n<p>O lamp\u0103 original\u0103 cu proiector curcubeu \u0219i autocolante, care este perfect\u0103 ca element decorativ \u0219i \u00een acela\u0219i timp lumin\u00e2nd o camer\u0103 pentru copii.\u00a0<\/p>\n<\/p>\n<p>Aceast\u0103 lamp\u0103 LED inovatoare \u0219i multifunc\u021bional\u0103 poate fi folosit\u0103 ca lamp\u0103 de noptier\u0103, deoarece \u00eei ajut\u0103 pe copii s\u0103 se relaxeze \u0219i s\u0103 adoarm\u0103.\u00a0<\/p>\n<\/p>\n<p>Setul include 8 autocolante decorative reutilizabile, datorit\u0103 c\u0103rora cei mai tineri membri ai gospod\u0103riei \u00ee\u0219i pot personaliza lampa dup\u0103 cum doresc \u00een fiecare sear\u0103.\u00a0<\/p>\n<\/p>\n<p>Functioneaza cu 3 baterii AAA, neincluse, si este foarte usor de folosit deoarece are un singur buton de pornire\/oprire.\u00a0<\/p>\n<\/p>\n<p>Lampa are forma unui nor si emite lumina alba, iar pe spate proiecteaza un curcubeu pe perete.\u00a0<\/p>\n<\/p>\n<p>Pentru ca efectul de curcubeu s\u0103 fie clar vizibil, camera trebuie s\u0103 fie \u00eentunecat\u0103, iar lampa s\u0103 fie amplasat\u0103 foarte aproape de perete (aprox. 5 p\u00e2n\u0103 la 15 cm).\u00a0<\/p>\n<\/p>\n<p>Lampa este u\u0219oar\u0103 \u0219i portabil\u0103.<\/p>\n<\/p>\n<p>Detalii:<\/p>\n<\/p>\n<p>&#8211; Material: ABS<\/p>\n<p>&#8211; culoare alba<\/p>\n<p>&#8211; Design: inovator \u0219i func\u021bional<\/p>\n<p>&#8211; Lumin\u0103 LED: 3x 23 lm<\/p>\n<p>&#8211; Tip de lumin\u0103: multicolor\u0103, lumin\u0103 alb\u0103<\/p>\n<p>&#8211; Set de autocolante: x8, reutilizabile<\/p>\n<p>&#8211; Buton unic: Buton pornit\/oprit<\/p>\n<p>&#8211; Convenabil, simplu \u0219i sigur de utilizat: nu se \u00eenc\u0103lze\u0219te \u0219i nu arde<\/p>\n<p>&#8211; Beneficii: Sprijin\u0103 somnul \u0219i odihna<\/p>\n<p>&#8211; Original \u0219i portabil: versatil \u0219i reglabil<\/p>\n<p>&#8211; Usor si usor de utilizat: usor de transportat si depozitat<\/p>\n<p>&#8211; Func\u021bioneaz\u0103 cu baterii: 3 x AAA, nu sunt incluse<\/p>\n<p>&#8211; Dimensiuni: 18 x 11 x 5,5 cm<\/p>","protected":false},"excerpt":{"rendered":"<p>Culoare: Rainbow O lamp\u0103 original\u0103 cu proiector curcubeu \u0219i autocolante, care este perfect\u0103 ca element decorativ \u0219i \u00een acela\u0219i timp<\/p>","protected":false},"featured_media":30025,"comment_status":"open","ping_status":"open","template":"","meta":[],"product_brand":[],"product_cat":[99,379,333],"product_tag":[104],"class_list":{"0":"post-30024","1":"product","2":"type-product","3":"status-publish","4":"has-post-thumbnail","6":"product_cat-acasa","7":"product_cat-camera-copilului","8":"product_cat-jucarii","9":"product_tag-in-stoc","10":"pa_culoare-rainbow","12":"first","13":"instock","14":"sale","15":"purchasable","16":"product-type-simple"},"yoast_head":"<!-- This site is optimized with the Yoast SEO plugin v27.2 - https:\/\/yoast.com\/product\/yoast-seo-wordpress\/ -->\n<title>Lampa de veghe, pentru copii, model norisor , curcubeu cu autocolante diferite modele, Gonga\u00ae | ZOKO<\/title>\n<meta name=\"robots\" content=\"index, follow, max-snippet:-1, max-image-preview:large, max-video-preview:-1\" \/>\n<link rel=\"canonical\" href=\"https:\/\/www.zoko.ro\/en\/p\/lampa-de-veghe-pentru-copii-model-norisor-curcubeu-cu-autocolante-diferite-modele-gonga\/\" \/>\n<meta property=\"og:locale\" content=\"en_GB\" \/>\n<meta property=\"og:type\" content=\"article\" \/>\n<meta property=\"og:title\" content=\"Lampa de veghe, pentru copii, model norisor , curcubeu cu autocolante diferite modele, Gonga\u00ae | ZOKO\" \/>\n<meta property=\"og:description\" content=\"Culoare: Rainbow O lamp\u0103 original\u0103 cu proiector curcubeu \u0219i autocolante, care este perfect\u0103 ca element decorativ \u0219i \u00een acela\u0219i timp\" \/>\n<meta property=\"og:url\" content=\"https:\/\/www.zoko.ro\/en\/p\/lampa-de-veghe-pentru-copii-model-norisor-curcubeu-cu-autocolante-diferite-modele-gonga\/\" \/>\n<meta property=\"og:site_name\" content=\"ZOKO\" \/>\n<meta property=\"article:publisher\" content=\"https:\/\/www.facebook.com\/profile.php?id=61584344135075\" \/>\n<meta property=\"og:image\" content=\"https:\/\/www.zoko.ro\/wp-content\/uploads\/2025\/12\/lampa-de-veghe-pentru-copii-model-norisor-curcubeu-cu-autocolante-diferite-modele-gonga.jpg\" \/>\n\t<meta property=\"og:image:width\" content=\"600\" \/>\n\t<meta property=\"og:image:height\" content=\"600\" \/>\n\t<meta property=\"og:image:type\" content=\"image\/jpeg\" \/>\n<meta name=\"twitter:card\" content=\"summary_large_image\" \/>\n<meta name=\"twitter:label1\" content=\"Estimated reading time\" \/>\n\t<meta name=\"twitter:data1\" content=\"1 minute\" \/>\n<script type=\"application\/ld+json\" class=\"yoast-schema-graph\">{\"@context\":\"https:\/\/schema.org\",\"@graph\":[{\"@type\":\"WebPage\",\"@id\":\"https:\/\/www.zoko.ro\/p\/lampa-de-veghe-pentru-copii-model-norisor-curcubeu-cu-autocolante-diferite-modele-gonga\/\",\"url\":\"https:\/\/www.zoko.ro\/p\/lampa-de-veghe-pentru-copii-model-norisor-curcubeu-cu-autocolante-diferite-modele-gonga\/\",\"name\":\"Lampa de veghe, pentru copii, model norisor , curcubeu cu autocolante diferite modele, Gonga\u00ae | ZOKO\",\"isPartOf\":{\"@id\":\"https:\/\/www.zoko.ro\/#website\"},\"primaryImageOfPage\":{\"@id\":\"https:\/\/www.zoko.ro\/p\/lampa-de-veghe-pentru-copii-model-norisor-curcubeu-cu-autocolante-diferite-modele-gonga\/#primaryimage\"},\"image\":{\"@id\":\"https:\/\/www.zoko.ro\/p\/lampa-de-veghe-pentru-copii-model-norisor-curcubeu-cu-autocolante-diferite-modele-gonga\/#primaryimage\"},\"thumbnailUrl\":\"https:\/\/www.zoko.ro\/wp-content\/uploads\/2025\/12\/lampa-de-veghe-pentru-copii-model-norisor-curcubeu-cu-autocolante-diferite-modele-gonga.jpg\",\"datePublished\":\"2026-04-28T21:28:16+00:00\",\"breadcrumb\":{\"@id\":\"https:\/\/www.zoko.ro\/p\/lampa-de-veghe-pentru-copii-model-norisor-curcubeu-cu-autocolante-diferite-modele-gonga\/#breadcrumb\"},\"inLanguage\":\"en-GB\",\"potentialAction\":[{\"@type\":\"ReadAction\",\"target\":[\"https:\/\/www.zoko.ro\/p\/lampa-de-veghe-pentru-copii-model-norisor-curcubeu-cu-autocolante-diferite-modele-gonga\/\"]}]},{\"@type\":\"ImageObject\",\"inLanguage\":\"en-GB\",\"@id\":\"https:\/\/www.zoko.ro\/p\/lampa-de-veghe-pentru-copii-model-norisor-curcubeu-cu-autocolante-diferite-modele-gonga\/#primaryimage\",\"url\":\"https:\/\/www.zoko.ro\/wp-content\/uploads\/2025\/12\/lampa-de-veghe-pentru-copii-model-norisor-curcubeu-cu-autocolante-diferite-modele-gonga.jpg\",\"contentUrl\":\"https:\/\/www.zoko.ro\/wp-content\/uploads\/2025\/12\/lampa-de-veghe-pentru-copii-model-norisor-curcubeu-cu-autocolante-diferite-modele-gonga.jpg\",\"width\":600,\"height\":600},{\"@type\":\"BreadcrumbList\",\"@id\":\"https:\/\/www.zoko.ro\/p\/lampa-de-veghe-pentru-copii-model-norisor-curcubeu-cu-autocolante-diferite-modele-gonga\/#breadcrumb\",\"itemListElement\":[{\"@type\":\"ListItem\",\"position\":1,\"name\":\"Home\",\"item\":\"https:\/\/www.zoko.ro\/\"},{\"@type\":\"ListItem\",\"position\":2,\"name\":\"Magazin\",\"item\":\"https:\/\/www.zoko.ro\/magazin\/\"},{\"@type\":\"ListItem\",\"position\":3,\"name\":\"Lampa de veghe, pentru copii, model norisor , curcubeu cu autocolante diferite modele, Gonga\u00ae\"}]},{\"@type\":\"WebSite\",\"@id\":\"https:\/\/www.zoko.ro\/#website\",\"url\":\"https:\/\/www.zoko.ro\/\",\"name\":\"ZOKO.ro\",\"description\":\"Cump\u0103r\u0103 inteligent\",\"publisher\":{\"@id\":\"https:\/\/www.zoko.ro\/#organization\"},\"potentialAction\":[{\"@type\":\"SearchAction\",\"target\":{\"@type\":\"EntryPoint\",\"urlTemplate\":\"https:\/\/www.zoko.ro\/?s={search_term_string}\"},\"query-input\":{\"@type\":\"PropertyValueSpecification\",\"valueRequired\":true,\"valueName\":\"search_term_string\"}}],\"inLanguage\":\"en-GB\"},{\"@type\":\"Organization\",\"@id\":\"https:\/\/www.zoko.ro\/#organization\",\"name\":\"ZOKO\",\"url\":\"https:\/\/www.zoko.ro\/\",\"logo\":{\"@type\":\"ImageObject\",\"inLanguage\":\"en-GB\",\"@id\":\"https:\/\/www.zoko.ro\/#\/schema\/logo\/image\/\",\"url\":\"https:\/\/www.zoko.ro\/wp-content\/uploads\/2025\/03\/logo1.svg\",\"contentUrl\":\"https:\/\/www.zoko.ro\/wp-content\/uploads\/2025\/03\/logo1.svg\",\"width\":799,\"height\":216,\"caption\":\"ZOKO\"},\"image\":{\"@id\":\"https:\/\/www.zoko.ro\/#\/schema\/logo\/image\/\"},\"sameAs\":[\"https:\/\/www.facebook.com\/profile.php?id=61584344135075\"]}]}<\/script>\n<!-- \/ Yoast SEO plugin. -->","yoast_head_json":{"title":"Lampa de veghe, pentru copii, model norisor , curcubeu cu autocolante diferite modele, Gonga\u00ae | ZOKO","robots":{"index":"index","follow":"follow","max-snippet":"max-snippet:-1","max-image-preview":"max-image-preview:large","max-video-preview":"max-video-preview:-1"},"canonical":"https:\/\/www.zoko.ro\/en\/p\/lampa-de-veghe-pentru-copii-model-norisor-curcubeu-cu-autocolante-diferite-modele-gonga\/","og_locale":"en_GB","og_type":"article","og_title":"Lampa de veghe, pentru copii, model norisor , curcubeu cu autocolante diferite modele, Gonga\u00ae | ZOKO","og_description":"Culoare: Rainbow O lamp\u0103 original\u0103 cu proiector curcubeu \u0219i autocolante, care este perfect\u0103 ca element decorativ \u0219i \u00een acela\u0219i timp","og_url":"https:\/\/www.zoko.ro\/en\/p\/lampa-de-veghe-pentru-copii-model-norisor-curcubeu-cu-autocolante-diferite-modele-gonga\/","og_site_name":"ZOKO","article_publisher":"https:\/\/www.facebook.com\/profile.php?id=61584344135075","og_image":[{"width":600,"height":600,"url":"https:\/\/www.zoko.ro\/wp-content\/uploads\/2025\/12\/lampa-de-veghe-pentru-copii-model-norisor-curcubeu-cu-autocolante-diferite-modele-gonga.jpg","type":"image\/jpeg"}],"twitter_card":"summary_large_image","twitter_misc":{"Estimated reading time":"1 minute"},"schema":{"@context":"https:\/\/schema.org","@graph":[{"@type":"WebPage","@id":"https:\/\/www.zoko.ro\/p\/lampa-de-veghe-pentru-copii-model-norisor-curcubeu-cu-autocolante-diferite-modele-gonga\/","url":"https:\/\/www.zoko.ro\/p\/lampa-de-veghe-pentru-copii-model-norisor-curcubeu-cu-autocolante-diferite-modele-gonga\/","name":"Lampa de veghe, pentru copii, model norisor , curcubeu cu autocolante diferite modele, Gonga\u00ae | ZOKO","isPartOf":{"@id":"https:\/\/www.zoko.ro\/#website"},"primaryImageOfPage":{"@id":"https:\/\/www.zoko.ro\/p\/lampa-de-veghe-pentru-copii-model-norisor-curcubeu-cu-autocolante-diferite-modele-gonga\/#primaryimage"},"image":{"@id":"https:\/\/www.zoko.ro\/p\/lampa-de-veghe-pentru-copii-model-norisor-curcubeu-cu-autocolante-diferite-modele-gonga\/#primaryimage"},"thumbnailUrl":"https:\/\/www.zoko.ro\/wp-content\/uploads\/2025\/12\/lampa-de-veghe-pentru-copii-model-norisor-curcubeu-cu-autocolante-diferite-modele-gonga.jpg","datePublished":"2026-04-28T21:28:16+00:00","breadcrumb":{"@id":"https:\/\/www.zoko.ro\/p\/lampa-de-veghe-pentru-copii-model-norisor-curcubeu-cu-autocolante-diferite-modele-gonga\/#breadcrumb"},"inLanguage":"en-GB","potentialAction":[{"@type":"ReadAction","target":["https:\/\/www.zoko.ro\/p\/lampa-de-veghe-pentru-copii-model-norisor-curcubeu-cu-autocolante-diferite-modele-gonga\/"]}]},{"@type":"ImageObject","inLanguage":"en-GB","@id":"https:\/\/www.zoko.ro\/p\/lampa-de-veghe-pentru-copii-model-norisor-curcubeu-cu-autocolante-diferite-modele-gonga\/#primaryimage","url":"https:\/\/www.zoko.ro\/wp-content\/uploads\/2025\/12\/lampa-de-veghe-pentru-copii-model-norisor-curcubeu-cu-autocolante-diferite-modele-gonga.jpg","contentUrl":"https:\/\/www.zoko.ro\/wp-content\/uploads\/2025\/12\/lampa-de-veghe-pentru-copii-model-norisor-curcubeu-cu-autocolante-diferite-modele-gonga.jpg","width":600,"height":600},{"@type":"BreadcrumbList","@id":"https:\/\/www.zoko.ro\/p\/lampa-de-veghe-pentru-copii-model-norisor-curcubeu-cu-autocolante-diferite-modele-gonga\/#breadcrumb","itemListElement":[{"@type":"ListItem","position":1,"name":"Home","item":"https:\/\/www.zoko.ro\/"},{"@type":"ListItem","position":2,"name":"Magazin","item":"https:\/\/www.zoko.ro\/magazin\/"},{"@type":"ListItem","position":3,"name":"Lampa de veghe, pentru copii, model norisor , curcubeu cu autocolante diferite modele, Gonga\u00ae"}]},{"@type":"WebSite","@id":"https:\/\/www.zoko.ro\/#website","url":"https:\/\/www.zoko.ro\/","name":"ZOKO.ro","description":"Cump\u0103r\u0103 inteligent","publisher":{"@id":"https:\/\/www.zoko.ro\/#organization"},"potentialAction":[{"@type":"SearchAction","target":{"@type":"EntryPoint","urlTemplate":"https:\/\/www.zoko.ro\/?s={search_term_string}"},"query-input":{"@type":"PropertyValueSpecification","valueRequired":true,"valueName":"search_term_string"}}],"inLanguage":"en-GB"},{"@type":"Organization","@id":"https:\/\/www.zoko.ro\/#organization","name":"ZOKO","url":"https:\/\/www.zoko.ro\/","logo":{"@type":"ImageObject","inLanguage":"en-GB","@id":"https:\/\/www.zoko.ro\/#\/schema\/logo\/image\/","url":"https:\/\/www.zoko.ro\/wp-content\/uploads\/2025\/03\/logo1.svg","contentUrl":"https:\/\/www.zoko.ro\/wp-content\/uploads\/2025\/03\/logo1.svg","width":799,"height":216,"caption":"ZOKO"},"image":{"@id":"https:\/\/www.zoko.ro\/#\/schema\/logo\/image\/"},"sameAs":["https:\/\/www.facebook.com\/profile.php?id=61584344135075"]}]}},"_links":{"self":[{"href":"https:\/\/www.zoko.ro\/en\/wp-json\/wp\/v2\/product\/30024","targetHints":{"allow":["GET"]}}],"collection":[{"href":"https:\/\/www.zoko.ro\/en\/wp-json\/wp\/v2\/product"}],"about":[{"href":"https:\/\/www.zoko.ro\/en\/wp-json\/wp\/v2\/types\/product"}],"replies":[{"embeddable":true,"href":"https:\/\/www.zoko.ro\/en\/wp-json\/wp\/v2\/comments?post=30024"}],"version-history":[{"count":1,"href":"https:\/\/www.zoko.ro\/en\/wp-json\/wp\/v2\/product\/30024\/revisions"}],"predecessor-version":[{"id":37921,"href":"https:\/\/www.zoko.ro\/en\/wp-json\/wp\/v2\/product\/30024\/revisions\/37921"}],"wp:featuredmedia":[{"embeddable":true,"href":"https:\/\/www.zoko.ro\/en\/wp-json\/wp\/v2\/media\/30025"}],"wp:attachment":[{"href":"https:\/\/www.zoko.ro\/en\/wp-json\/wp\/v2\/media?parent=30024"}],"wp:term":[{"taxonomy":"product_brand","embeddable":true,"href":"https:\/\/www.zoko.ro\/en\/wp-json\/wp\/v2\/product_brand?post=30024"},{"taxonomy":"product_cat","embeddable":true,"href":"https:\/\/www.zoko.ro\/en\/wp-json\/wp\/v2\/product_cat?post=30024"},{"taxonomy":"product_tag","embeddable":true,"href":"https:\/\/www.zoko.ro\/en\/wp-json\/wp\/v2\/product_tag?post=30024"}],"curies":[{"name":"wp","href":"https:\/\/api.w.org\/{rel}","templated":true}]}}