{"id":30067,"date":"2026-04-28T23:28:18","date_gmt":"2026-04-28T21:28:18","guid":{"rendered":"https:\/\/www.zoko.ro\/p\/pista-pentru-masinute-pe-7-nivele-multicolorgonga\/"},"modified":"2026-04-28T23:28:19","modified_gmt":"2026-04-28T21:28:19","slug":"pista-pentru-masinute-pe-7-nivele-multicolorgonga","status":"publish","type":"product","link":"https:\/\/www.zoko.ro\/en\/p\/pista-pentru-masinute-pe-7-nivele-multicolorgonga\/","title":{"rendered":"Pista pentru masinute pe 7 nivele, multicolor,Gonga\u00ae"},"content":{"rendered":"<p><strong>Culoare:<\/strong> Multicolor<\/p>\n<p>Un tobogan fabulos de colorat pentru ma\u0219ini va \u00eenc\u00e2nta orice mic pasionat de patru ro\u021bi.<\/p>\n<\/p>\n<p>Organiza\u021bi o competi\u021bie \u0219i verifica\u021bi a cui ma\u0219in\u0103 va fi mai rapid\u0103!<\/p>\n<\/p>\n<p>Accept\u0103 provocarea \u0219i d\u0103 jos ma\u0219ina. Pe drum te a\u0219teapt\u0103 s\u0103rituri palpitante de la un etaj la altul.<\/p>\n<\/p>\n<p>Vede\u021bi c\u00e2t de precis se deplaseaz\u0103 ma\u0219ina prin fiecare etaj.<\/p>\n<\/p>\n<p>L\u0103sa\u021bi-v\u0103 purtat de o aventur\u0103 captivant\u0103.<\/p>\n<\/p>\n<p>Pista este format\u0103 din 7 niveluri colorate diferit.<\/p>\n<\/p>\n<p>O juc\u0103rie grozav\u0103 care va oferi mult\u0103 bucurie \u0219i distrac\u021bie.<\/p>\n<\/p>\n<p>Pista nu este doar o mare distrac\u021bie, ci \u0219i o form\u0103 de \u00eenv\u0103\u021bare \u0219i sus\u021binere a dezvolt\u0103rii adecvate a copilului.<\/p>\n<\/p>\n<p>Joaca cu toboganul incurajeaza gandirea logica si sustine dezvoltarea abilitatilor manuale ale copilului.<\/p>\n<\/p>\n<p>Mai mult dec\u00e2t at\u00e2t, a juca \u00eempreun\u0103 competi\u021bii \u00eenva\u021b\u0103 cooperarea, comunicarea eficient\u0103, precum \u0219i pierderea \u0219i c\u00e2\u0219tigarea.<\/p>\n<\/p>\n<p>Un cadou genial pentru un mic fan auto.<\/p>\n<\/p>\n<p>Distrac\u021bie mare garantat\u0103!<\/p>\n<\/p>\n<p>Culorile vii, saturate \u0219i aten\u021bia la detalii \u00eel vor \u00eenc\u00e2nta chiar \u0219i pe cel mai preten\u021bios expert \u00een conducerea extrem\u0103.<\/p>\n<\/p>\n<p>Con\u021binut pachet:<\/p>\n<\/p>\n<p>&#8211; Pista<\/p>\n<\/p>\n<p>&#8211; 5 ma\u0219ini scurte<\/p>\n<\/p>\n<p>&#8211; 1x ma\u0219in\u0103 lung\u0103<\/p>\n<\/p>\n<p>Dimensiuni:<\/p>\n<\/p>\n<p>Pies\u0103: 7cm x 31cm x 43cm<\/p>\n<\/p>\n<p>Ma\u0219in\u0103 scurt\u0103: 4,5 cm x 2,8 cm x 1,8 cm<\/p>\n<\/p>\n<p>Ma\u0219in\u0103 lung\u0103: 9,5xm x 2,8cm x 1,8cm<\/p>\n<\/p>\n<p>Ambalaj: 43cm x 31cm x 12.5cm<\/p>","protected":false},"excerpt":{"rendered":"<p>Culoare: Multicolor Un tobogan fabulos de colorat pentru ma\u0219ini va \u00eenc\u00e2nta orice mic pasionat de patru ro\u021bi. Organiza\u021bi o competi\u021bie<\/p>","protected":false},"featured_media":30068,"comment_status":"open","ping_status":"open","template":"","meta":[],"product_brand":[],"product_cat":[99,333,334,381],"product_tag":[104],"class_list":{"0":"post-30067","1":"product","2":"type-product","3":"status-publish","4":"has-post-thumbnail","6":"product_cat-acasa","7":"product_cat-jucarii","8":"product_cat-jucarii-jocuri-educative","9":"product_cat-jucarii-interactive","10":"product_tag-in-stoc","11":"pa_culoare-multicolor","13":"first","14":"instock","15":"sale","16":"purchasable","17":"product-type-simple"},"yoast_head":"<!-- This site is optimized with the Yoast SEO plugin v27.2 - https:\/\/yoast.com\/product\/yoast-seo-wordpress\/ -->\n<title>Pista pentru masinute pe 7 nivele, multicolor,Gonga\u00ae | ZOKO<\/title>\n<meta name=\"robots\" content=\"index, follow, max-snippet:-1, max-image-preview:large, max-video-preview:-1\" \/>\n<link rel=\"canonical\" href=\"https:\/\/www.zoko.ro\/en\/p\/pista-pentru-masinute-pe-7-nivele-multicolorgonga\/\" \/>\n<meta property=\"og:locale\" content=\"en_GB\" \/>\n<meta property=\"og:type\" content=\"article\" \/>\n<meta property=\"og:title\" content=\"Pista pentru masinute pe 7 nivele, multicolor,Gonga\u00ae | ZOKO\" \/>\n<meta property=\"og:description\" content=\"Culoare: Multicolor Un tobogan fabulos de colorat pentru ma\u0219ini va \u00eenc\u00e2nta orice mic pasionat de patru ro\u021bi. Organiza\u021bi o competi\u021bie\" \/>\n<meta property=\"og:url\" content=\"https:\/\/www.zoko.ro\/en\/p\/pista-pentru-masinute-pe-7-nivele-multicolorgonga\/\" \/>\n<meta property=\"og:site_name\" content=\"ZOKO\" \/>\n<meta property=\"article:publisher\" content=\"https:\/\/www.facebook.com\/profile.php?id=61584344135075\" \/>\n<meta property=\"article:modified_time\" content=\"2026-04-28T21:28:19+00:00\" \/>\n<meta property=\"og:image\" content=\"https:\/\/www.zoko.ro\/wp-content\/uploads\/2025\/12\/pista-pentru-masinute-pe-7-nivele-multicolor.jpg\" \/>\n\t<meta property=\"og:image:width\" content=\"1600\" \/>\n\t<meta property=\"og:image:height\" content=\"1200\" \/>\n\t<meta property=\"og:image:type\" content=\"image\/jpeg\" \/>\n<meta name=\"twitter:card\" content=\"summary_large_image\" \/>\n<meta name=\"twitter:label1\" content=\"Estimated reading time\" \/>\n\t<meta name=\"twitter:data1\" content=\"1 minute\" \/>\n<script type=\"application\/ld+json\" class=\"yoast-schema-graph\">{\"@context\":\"https:\/\/schema.org\",\"@graph\":[{\"@type\":\"WebPage\",\"@id\":\"https:\/\/www.zoko.ro\/p\/pista-pentru-masinute-pe-7-nivele-multicolorgonga\/\",\"url\":\"https:\/\/www.zoko.ro\/p\/pista-pentru-masinute-pe-7-nivele-multicolorgonga\/\",\"name\":\"Pista pentru masinute pe 7 nivele, multicolor,Gonga\u00ae | ZOKO\",\"isPartOf\":{\"@id\":\"https:\/\/www.zoko.ro\/#website\"},\"primaryImageOfPage\":{\"@id\":\"https:\/\/www.zoko.ro\/p\/pista-pentru-masinute-pe-7-nivele-multicolorgonga\/#primaryimage\"},\"image\":{\"@id\":\"https:\/\/www.zoko.ro\/p\/pista-pentru-masinute-pe-7-nivele-multicolorgonga\/#primaryimage\"},\"thumbnailUrl\":\"https:\/\/www.zoko.ro\/wp-content\/uploads\/2025\/12\/pista-pentru-masinute-pe-7-nivele-multicolor.jpg\",\"datePublished\":\"2026-04-28T21:28:18+00:00\",\"dateModified\":\"2026-04-28T21:28:19+00:00\",\"breadcrumb\":{\"@id\":\"https:\/\/www.zoko.ro\/p\/pista-pentru-masinute-pe-7-nivele-multicolorgonga\/#breadcrumb\"},\"inLanguage\":\"en-GB\",\"potentialAction\":[{\"@type\":\"ReadAction\",\"target\":[\"https:\/\/www.zoko.ro\/p\/pista-pentru-masinute-pe-7-nivele-multicolorgonga\/\"]}]},{\"@type\":\"ImageObject\",\"inLanguage\":\"en-GB\",\"@id\":\"https:\/\/www.zoko.ro\/p\/pista-pentru-masinute-pe-7-nivele-multicolorgonga\/#primaryimage\",\"url\":\"https:\/\/www.zoko.ro\/wp-content\/uploads\/2025\/12\/pista-pentru-masinute-pe-7-nivele-multicolor.jpg\",\"contentUrl\":\"https:\/\/www.zoko.ro\/wp-content\/uploads\/2025\/12\/pista-pentru-masinute-pe-7-nivele-multicolor.jpg\",\"width\":1600,\"height\":1200},{\"@type\":\"BreadcrumbList\",\"@id\":\"https:\/\/www.zoko.ro\/p\/pista-pentru-masinute-pe-7-nivele-multicolorgonga\/#breadcrumb\",\"itemListElement\":[{\"@type\":\"ListItem\",\"position\":1,\"name\":\"Home\",\"item\":\"https:\/\/www.zoko.ro\/\"},{\"@type\":\"ListItem\",\"position\":2,\"name\":\"Magazin\",\"item\":\"https:\/\/www.zoko.ro\/magazin\/\"},{\"@type\":\"ListItem\",\"position\":3,\"name\":\"Pista pentru masinute pe 7 nivele, multicolor,Gonga\u00ae\"}]},{\"@type\":\"WebSite\",\"@id\":\"https:\/\/www.zoko.ro\/#website\",\"url\":\"https:\/\/www.zoko.ro\/\",\"name\":\"ZOKO.ro\",\"description\":\"Cump\u0103r\u0103 inteligent\",\"publisher\":{\"@id\":\"https:\/\/www.zoko.ro\/#organization\"},\"potentialAction\":[{\"@type\":\"SearchAction\",\"target\":{\"@type\":\"EntryPoint\",\"urlTemplate\":\"https:\/\/www.zoko.ro\/?s={search_term_string}\"},\"query-input\":{\"@type\":\"PropertyValueSpecification\",\"valueRequired\":true,\"valueName\":\"search_term_string\"}}],\"inLanguage\":\"en-GB\"},{\"@type\":\"Organization\",\"@id\":\"https:\/\/www.zoko.ro\/#organization\",\"name\":\"ZOKO\",\"url\":\"https:\/\/www.zoko.ro\/\",\"logo\":{\"@type\":\"ImageObject\",\"inLanguage\":\"en-GB\",\"@id\":\"https:\/\/www.zoko.ro\/#\/schema\/logo\/image\/\",\"url\":\"https:\/\/www.zoko.ro\/wp-content\/uploads\/2025\/03\/logo1.svg\",\"contentUrl\":\"https:\/\/www.zoko.ro\/wp-content\/uploads\/2025\/03\/logo1.svg\",\"width\":799,\"height\":216,\"caption\":\"ZOKO\"},\"image\":{\"@id\":\"https:\/\/www.zoko.ro\/#\/schema\/logo\/image\/\"},\"sameAs\":[\"https:\/\/www.facebook.com\/profile.php?id=61584344135075\"]}]}<\/script>\n<!-- \/ Yoast SEO plugin. -->","yoast_head_json":{"title":"Pista pentru masinute pe 7 nivele, multicolor,Gonga\u00ae | ZOKO","robots":{"index":"index","follow":"follow","max-snippet":"max-snippet:-1","max-image-preview":"max-image-preview:large","max-video-preview":"max-video-preview:-1"},"canonical":"https:\/\/www.zoko.ro\/en\/p\/pista-pentru-masinute-pe-7-nivele-multicolorgonga\/","og_locale":"en_GB","og_type":"article","og_title":"Pista pentru masinute pe 7 nivele, multicolor,Gonga\u00ae | ZOKO","og_description":"Culoare: Multicolor Un tobogan fabulos de colorat pentru ma\u0219ini va \u00eenc\u00e2nta orice mic pasionat de patru ro\u021bi. Organiza\u021bi o competi\u021bie","og_url":"https:\/\/www.zoko.ro\/en\/p\/pista-pentru-masinute-pe-7-nivele-multicolorgonga\/","og_site_name":"ZOKO","article_publisher":"https:\/\/www.facebook.com\/profile.php?id=61584344135075","article_modified_time":"2026-04-28T21:28:19+00:00","og_image":[{"width":1600,"height":1200,"url":"https:\/\/www.zoko.ro\/wp-content\/uploads\/2025\/12\/pista-pentru-masinute-pe-7-nivele-multicolor.jpg","type":"image\/jpeg"}],"twitter_card":"summary_large_image","twitter_misc":{"Estimated reading time":"1 minute"},"schema":{"@context":"https:\/\/schema.org","@graph":[{"@type":"WebPage","@id":"https:\/\/www.zoko.ro\/p\/pista-pentru-masinute-pe-7-nivele-multicolorgonga\/","url":"https:\/\/www.zoko.ro\/p\/pista-pentru-masinute-pe-7-nivele-multicolorgonga\/","name":"Pista pentru masinute pe 7 nivele, multicolor,Gonga\u00ae | ZOKO","isPartOf":{"@id":"https:\/\/www.zoko.ro\/#website"},"primaryImageOfPage":{"@id":"https:\/\/www.zoko.ro\/p\/pista-pentru-masinute-pe-7-nivele-multicolorgonga\/#primaryimage"},"image":{"@id":"https:\/\/www.zoko.ro\/p\/pista-pentru-masinute-pe-7-nivele-multicolorgonga\/#primaryimage"},"thumbnailUrl":"https:\/\/www.zoko.ro\/wp-content\/uploads\/2025\/12\/pista-pentru-masinute-pe-7-nivele-multicolor.jpg","datePublished":"2026-04-28T21:28:18+00:00","dateModified":"2026-04-28T21:28:19+00:00","breadcrumb":{"@id":"https:\/\/www.zoko.ro\/p\/pista-pentru-masinute-pe-7-nivele-multicolorgonga\/#breadcrumb"},"inLanguage":"en-GB","potentialAction":[{"@type":"ReadAction","target":["https:\/\/www.zoko.ro\/p\/pista-pentru-masinute-pe-7-nivele-multicolorgonga\/"]}]},{"@type":"ImageObject","inLanguage":"en-GB","@id":"https:\/\/www.zoko.ro\/p\/pista-pentru-masinute-pe-7-nivele-multicolorgonga\/#primaryimage","url":"https:\/\/www.zoko.ro\/wp-content\/uploads\/2025\/12\/pista-pentru-masinute-pe-7-nivele-multicolor.jpg","contentUrl":"https:\/\/www.zoko.ro\/wp-content\/uploads\/2025\/12\/pista-pentru-masinute-pe-7-nivele-multicolor.jpg","width":1600,"height":1200},{"@type":"BreadcrumbList","@id":"https:\/\/www.zoko.ro\/p\/pista-pentru-masinute-pe-7-nivele-multicolorgonga\/#breadcrumb","itemListElement":[{"@type":"ListItem","position":1,"name":"Home","item":"https:\/\/www.zoko.ro\/"},{"@type":"ListItem","position":2,"name":"Magazin","item":"https:\/\/www.zoko.ro\/magazin\/"},{"@type":"ListItem","position":3,"name":"Pista pentru masinute pe 7 nivele, multicolor,Gonga\u00ae"}]},{"@type":"WebSite","@id":"https:\/\/www.zoko.ro\/#website","url":"https:\/\/www.zoko.ro\/","name":"ZOKO.ro","description":"Cump\u0103r\u0103 inteligent","publisher":{"@id":"https:\/\/www.zoko.ro\/#organization"},"potentialAction":[{"@type":"SearchAction","target":{"@type":"EntryPoint","urlTemplate":"https:\/\/www.zoko.ro\/?s={search_term_string}"},"query-input":{"@type":"PropertyValueSpecification","valueRequired":true,"valueName":"search_term_string"}}],"inLanguage":"en-GB"},{"@type":"Organization","@id":"https:\/\/www.zoko.ro\/#organization","name":"ZOKO","url":"https:\/\/www.zoko.ro\/","logo":{"@type":"ImageObject","inLanguage":"en-GB","@id":"https:\/\/www.zoko.ro\/#\/schema\/logo\/image\/","url":"https:\/\/www.zoko.ro\/wp-content\/uploads\/2025\/03\/logo1.svg","contentUrl":"https:\/\/www.zoko.ro\/wp-content\/uploads\/2025\/03\/logo1.svg","width":799,"height":216,"caption":"ZOKO"},"image":{"@id":"https:\/\/www.zoko.ro\/#\/schema\/logo\/image\/"},"sameAs":["https:\/\/www.facebook.com\/profile.php?id=61584344135075"]}]}},"_links":{"self":[{"href":"https:\/\/www.zoko.ro\/en\/wp-json\/wp\/v2\/product\/30067","targetHints":{"allow":["GET"]}}],"collection":[{"href":"https:\/\/www.zoko.ro\/en\/wp-json\/wp\/v2\/product"}],"about":[{"href":"https:\/\/www.zoko.ro\/en\/wp-json\/wp\/v2\/types\/product"}],"replies":[{"embeddable":true,"href":"https:\/\/www.zoko.ro\/en\/wp-json\/wp\/v2\/comments?post=30067"}],"version-history":[{"count":1,"href":"https:\/\/www.zoko.ro\/en\/wp-json\/wp\/v2\/product\/30067\/revisions"}],"predecessor-version":[{"id":34163,"href":"https:\/\/www.zoko.ro\/en\/wp-json\/wp\/v2\/product\/30067\/revisions\/34163"}],"wp:featuredmedia":[{"embeddable":true,"href":"https:\/\/www.zoko.ro\/en\/wp-json\/wp\/v2\/media\/30068"}],"wp:attachment":[{"href":"https:\/\/www.zoko.ro\/en\/wp-json\/wp\/v2\/media?parent=30067"}],"wp:term":[{"taxonomy":"product_brand","embeddable":true,"href":"https:\/\/www.zoko.ro\/en\/wp-json\/wp\/v2\/product_brand?post=30067"},{"taxonomy":"product_cat","embeddable":true,"href":"https:\/\/www.zoko.ro\/en\/wp-json\/wp\/v2\/product_cat?post=30067"},{"taxonomy":"product_tag","embeddable":true,"href":"https:\/\/www.zoko.ro\/en\/wp-json\/wp\/v2\/product_tag?post=30067"}],"curies":[{"name":"wp","href":"https:\/\/api.w.org\/{rel}","templated":true}]}}