{"id":30117,"date":"2026-04-28T23:28:25","date_gmt":"2026-04-28T21:28:25","guid":{"rendered":"https:\/\/www.zoko.ro\/p\/set-costum-unicorn-pentru-fetite-gonga\/"},"modified":"2026-04-28T23:28:25","modified_gmt":"2026-04-28T21:28:25","slug":"set-costum-unicorn-pentru-fetite-gonga","status":"publish","type":"product","link":"https:\/\/www.zoko.ro\/en\/p\/set-costum-unicorn-pentru-fetite-gonga\/","title":{"rendered":"Set Costum Unicorn pentru fetite, Gonga\u00ae"},"content":{"rendered":"<p><strong>Culoare:<\/strong> Alb<\/p>\n<p>Tinuta de carnaval cu bentita de unicorn si fusta alba de printesa acoperita cu stele stralucitoare.<\/p>\n<\/p>\n<\/p>\n<p>Croiala preferat\u0103 de fust\u0103 &#8211; balerina este visul oric\u0103rei mici prin\u021bese.<\/p>\n<\/p>\n<p>Fusta este din poliester, talia are o banda elastica cusuta astfel incat sa o poti ajusta cu usurinta la marimea copilului.<\/p>\n<\/p>\n<p>\u00centreaga fustita este acoperita cu paiete \u00een form\u0103 de stea &#8211; arat\u0103 uluitor \u00een direct .<\/p>\n<\/p>\n<\/p>\n<p>Bentita din plastic este completata cu o \u021bes\u0103tur\u0103 roz, str\u0103lucitoare \u0219i decorat\u0103 cu un corn moale de plastic \u0219i urechi cu paiete .<\/p>\n<\/p>\n<p>Vede\u021bi deja acel z\u00e2mbet de satisfac\u021bie pe chipul bebelu\u0219ului?<\/p>\n<\/p>\n<\/p>\n<p>O idee grozav\u0103 de cadou pentru fiecare mic\u0103 prin\u021bes\u0103!<\/p>\n<\/p>\n<p>\u021ainuta de carnaval va fi perfect\u0103 ca deghizare pentru copil mic pentru diverse tipuri de petreceri de carnaval , baluri de costume ,<\/p>\n<\/p>\n<p>petreceri aniversare sau pentru distrac\u021bia de zi cu zi.<\/p>\n<\/p>\n<p>\u00cembr\u0103carea \u0219i jucarea diferitelor roluri sociale este un element indispensabil al copil\u0103riei.<\/p>\n<\/p>\n<p>Copiii sunt ferici\u021bi s\u0103 imite diverse personaje \u0219i jocuri de rol.<\/p>\n<\/p>\n<p>Costumul te va ajuta s\u0103 sim\u021bi 100% rolul unei prin\u021bese sau al unei vr\u0103jitoare.<\/p>\n<\/p>\n<p>Setul va aduce cu siguran\u021b\u0103 mult\u0103 distrac\u021bie \u0219i bucurie copilului dumneavoastr\u0103 .<\/p>\n<\/p>\n<p>\u00cen aceast\u0103 deghizare unic\u0103, copilul se va sim\u021bi special \u0219i va trezi interesul semenilor.<\/p>\n<\/p>\n<p>Costumul poate fi folosit \u00een scopuri private \u0219i comerciale.<\/p>\n<\/p>\n<p>Setul va fi perfect pentru spectacole de teatru sau sesiuni foto .<\/p>\n<\/p>\n<\/p>\n<\/p>\n<p>Costumul poate fi folosit pentru joaca zilnica a copilului datorita caruia:<\/p>\n<\/p>\n<p>&#8211; va dezvolta creativitatea \u0219i va sprijini dezvoltarea intelectual\u0103 ,<\/p>\n<\/p>\n<p>&#8211; va dezvolta imagina\u021bia copiilor ,<\/p>\n<\/p>\n<p>&#8211; v\u0103 va permite s\u0103 \u00eembun\u0103t\u0103\u021bi\u021bi abilit\u0103\u021bile sociale \u0219i s\u0103 \u00eenv\u0103\u021ba\u021bi cum s\u0103 v\u0103 comporta\u021bi \u00een diferite situa\u021bii,<\/p>\n<\/p>\n<p>&#8211; va \u00eembog\u0103\u021bi vocabularul copilului ,<\/p>\n<\/p>\n<p>&#8211; \u00eenv\u0103\u021ba\u021bi cum s\u0103 exprima\u021bi emo\u021biile , empatia \u0219i s\u0103 dezvolta\u021bi inteligen\u021ba emo\u021bional\u0103 ,<\/p>\n<\/p>\n<p>&#8211; c\u00e2nd te joci cu al\u021bi copii, te va \u00eenv\u0103\u021ba cum s\u0103 lucrezi \u00een grup .<\/p>\n<\/p>\n<\/p>\n<p>Lungimea totala a fustei: 30 cm<\/p>\n<\/p>\n<p>Material: poliester<\/p>\n<\/p>\n<p>Varsta: 3-6 ani<\/p><\/p>","protected":false},"excerpt":{"rendered":"<p>Culoare: Alb Tinuta de carnaval cu bentita de unicorn si fusta alba de printesa acoperita cu stele stralucitoare. Croiala preferat\u0103<\/p>","protected":false},"featured_media":30118,"comment_status":"open","ping_status":"open","template":"","meta":[],"product_brand":[],"product_cat":[99,333,446],"product_tag":[104],"class_list":{"0":"post-30117","1":"product","2":"type-product","3":"status-publish","4":"has-post-thumbnail","6":"product_cat-acasa","7":"product_cat-jucarii","8":"product_cat-masti-si-costume-copii","9":"product_tag-in-stoc","10":"pa_culoare-alb","12":"first","13":"instock","14":"sale","15":"purchasable","16":"product-type-simple"},"yoast_head":"<!-- This site is optimized with the Yoast SEO plugin v27.2 - https:\/\/yoast.com\/product\/yoast-seo-wordpress\/ -->\n<title>Set Costum Unicorn pentru fetite, Gonga\u00ae | ZOKO<\/title>\n<meta name=\"robots\" content=\"index, follow, max-snippet:-1, max-image-preview:large, max-video-preview:-1\" \/>\n<link rel=\"canonical\" href=\"https:\/\/www.zoko.ro\/en\/p\/set-costum-unicorn-pentru-fetite-gonga\/\" \/>\n<meta property=\"og:locale\" content=\"en_GB\" \/>\n<meta property=\"og:type\" content=\"article\" \/>\n<meta property=\"og:title\" content=\"Set Costum Unicorn pentru fetite, Gonga\u00ae | ZOKO\" \/>\n<meta property=\"og:description\" content=\"Culoare: Alb Tinuta de carnaval cu bentita de unicorn si fusta alba de printesa acoperita cu stele stralucitoare. Croiala preferat\u0103\" \/>\n<meta property=\"og:url\" content=\"https:\/\/www.zoko.ro\/en\/p\/set-costum-unicorn-pentru-fetite-gonga\/\" \/>\n<meta property=\"og:site_name\" content=\"ZOKO\" \/>\n<meta property=\"article:publisher\" content=\"https:\/\/www.facebook.com\/profile.php?id=61584344135075\" \/>\n<meta property=\"og:image\" content=\"https:\/\/www.zoko.ro\/wp-content\/uploads\/2025\/12\/set-costum-unicorn-pentru-fetite-gonga.jpg\" \/>\n\t<meta property=\"og:image:width\" content=\"1200\" \/>\n\t<meta property=\"og:image:height\" content=\"686\" \/>\n\t<meta property=\"og:image:type\" content=\"image\/jpeg\" \/>\n<meta name=\"twitter:card\" content=\"summary_large_image\" \/>\n<meta name=\"twitter:label1\" content=\"Estimated reading time\" \/>\n\t<meta name=\"twitter:data1\" content=\"2 minutes\" \/>\n<script type=\"application\/ld+json\" class=\"yoast-schema-graph\">{\"@context\":\"https:\/\/schema.org\",\"@graph\":[{\"@type\":\"WebPage\",\"@id\":\"https:\/\/www.zoko.ro\/p\/set-costum-unicorn-pentru-fetite-gonga\/\",\"url\":\"https:\/\/www.zoko.ro\/p\/set-costum-unicorn-pentru-fetite-gonga\/\",\"name\":\"Set Costum Unicorn pentru fetite, Gonga\u00ae | ZOKO\",\"isPartOf\":{\"@id\":\"https:\/\/www.zoko.ro\/#website\"},\"primaryImageOfPage\":{\"@id\":\"https:\/\/www.zoko.ro\/p\/set-costum-unicorn-pentru-fetite-gonga\/#primaryimage\"},\"image\":{\"@id\":\"https:\/\/www.zoko.ro\/p\/set-costum-unicorn-pentru-fetite-gonga\/#primaryimage\"},\"thumbnailUrl\":\"https:\/\/www.zoko.ro\/wp-content\/uploads\/2025\/12\/set-costum-unicorn-pentru-fetite-gonga.jpg\",\"datePublished\":\"2026-04-28T21:28:25+00:00\",\"breadcrumb\":{\"@id\":\"https:\/\/www.zoko.ro\/p\/set-costum-unicorn-pentru-fetite-gonga\/#breadcrumb\"},\"inLanguage\":\"en-GB\",\"potentialAction\":[{\"@type\":\"ReadAction\",\"target\":[\"https:\/\/www.zoko.ro\/p\/set-costum-unicorn-pentru-fetite-gonga\/\"]}]},{\"@type\":\"ImageObject\",\"inLanguage\":\"en-GB\",\"@id\":\"https:\/\/www.zoko.ro\/p\/set-costum-unicorn-pentru-fetite-gonga\/#primaryimage\",\"url\":\"https:\/\/www.zoko.ro\/wp-content\/uploads\/2025\/12\/set-costum-unicorn-pentru-fetite-gonga.jpg\",\"contentUrl\":\"https:\/\/www.zoko.ro\/wp-content\/uploads\/2025\/12\/set-costum-unicorn-pentru-fetite-gonga.jpg\",\"width\":1200,\"height\":686},{\"@type\":\"BreadcrumbList\",\"@id\":\"https:\/\/www.zoko.ro\/p\/set-costum-unicorn-pentru-fetite-gonga\/#breadcrumb\",\"itemListElement\":[{\"@type\":\"ListItem\",\"position\":1,\"name\":\"Home\",\"item\":\"https:\/\/www.zoko.ro\/\"},{\"@type\":\"ListItem\",\"position\":2,\"name\":\"Magazin\",\"item\":\"https:\/\/www.zoko.ro\/magazin\/\"},{\"@type\":\"ListItem\",\"position\":3,\"name\":\"Set Costum Unicorn pentru fetite, Gonga\u00ae\"}]},{\"@type\":\"WebSite\",\"@id\":\"https:\/\/www.zoko.ro\/#website\",\"url\":\"https:\/\/www.zoko.ro\/\",\"name\":\"ZOKO.ro\",\"description\":\"Cump\u0103r\u0103 inteligent\",\"publisher\":{\"@id\":\"https:\/\/www.zoko.ro\/#organization\"},\"potentialAction\":[{\"@type\":\"SearchAction\",\"target\":{\"@type\":\"EntryPoint\",\"urlTemplate\":\"https:\/\/www.zoko.ro\/?s={search_term_string}\"},\"query-input\":{\"@type\":\"PropertyValueSpecification\",\"valueRequired\":true,\"valueName\":\"search_term_string\"}}],\"inLanguage\":\"en-GB\"},{\"@type\":\"Organization\",\"@id\":\"https:\/\/www.zoko.ro\/#organization\",\"name\":\"ZOKO\",\"url\":\"https:\/\/www.zoko.ro\/\",\"logo\":{\"@type\":\"ImageObject\",\"inLanguage\":\"en-GB\",\"@id\":\"https:\/\/www.zoko.ro\/#\/schema\/logo\/image\/\",\"url\":\"https:\/\/www.zoko.ro\/wp-content\/uploads\/2025\/03\/logo1.svg\",\"contentUrl\":\"https:\/\/www.zoko.ro\/wp-content\/uploads\/2025\/03\/logo1.svg\",\"width\":799,\"height\":216,\"caption\":\"ZOKO\"},\"image\":{\"@id\":\"https:\/\/www.zoko.ro\/#\/schema\/logo\/image\/\"},\"sameAs\":[\"https:\/\/www.facebook.com\/profile.php?id=61584344135075\"]}]}<\/script>\n<!-- \/ Yoast SEO plugin. -->","yoast_head_json":{"title":"Set Costum Unicorn pentru fetite, Gonga\u00ae | ZOKO","robots":{"index":"index","follow":"follow","max-snippet":"max-snippet:-1","max-image-preview":"max-image-preview:large","max-video-preview":"max-video-preview:-1"},"canonical":"https:\/\/www.zoko.ro\/en\/p\/set-costum-unicorn-pentru-fetite-gonga\/","og_locale":"en_GB","og_type":"article","og_title":"Set Costum Unicorn pentru fetite, Gonga\u00ae | ZOKO","og_description":"Culoare: Alb Tinuta de carnaval cu bentita de unicorn si fusta alba de printesa acoperita cu stele stralucitoare. Croiala preferat\u0103","og_url":"https:\/\/www.zoko.ro\/en\/p\/set-costum-unicorn-pentru-fetite-gonga\/","og_site_name":"ZOKO","article_publisher":"https:\/\/www.facebook.com\/profile.php?id=61584344135075","og_image":[{"width":1200,"height":686,"url":"https:\/\/www.zoko.ro\/wp-content\/uploads\/2025\/12\/set-costum-unicorn-pentru-fetite-gonga.jpg","type":"image\/jpeg"}],"twitter_card":"summary_large_image","twitter_misc":{"Estimated reading time":"2 minutes"},"schema":{"@context":"https:\/\/schema.org","@graph":[{"@type":"WebPage","@id":"https:\/\/www.zoko.ro\/p\/set-costum-unicorn-pentru-fetite-gonga\/","url":"https:\/\/www.zoko.ro\/p\/set-costum-unicorn-pentru-fetite-gonga\/","name":"Set Costum Unicorn pentru fetite, Gonga\u00ae | ZOKO","isPartOf":{"@id":"https:\/\/www.zoko.ro\/#website"},"primaryImageOfPage":{"@id":"https:\/\/www.zoko.ro\/p\/set-costum-unicorn-pentru-fetite-gonga\/#primaryimage"},"image":{"@id":"https:\/\/www.zoko.ro\/p\/set-costum-unicorn-pentru-fetite-gonga\/#primaryimage"},"thumbnailUrl":"https:\/\/www.zoko.ro\/wp-content\/uploads\/2025\/12\/set-costum-unicorn-pentru-fetite-gonga.jpg","datePublished":"2026-04-28T21:28:25+00:00","breadcrumb":{"@id":"https:\/\/www.zoko.ro\/p\/set-costum-unicorn-pentru-fetite-gonga\/#breadcrumb"},"inLanguage":"en-GB","potentialAction":[{"@type":"ReadAction","target":["https:\/\/www.zoko.ro\/p\/set-costum-unicorn-pentru-fetite-gonga\/"]}]},{"@type":"ImageObject","inLanguage":"en-GB","@id":"https:\/\/www.zoko.ro\/p\/set-costum-unicorn-pentru-fetite-gonga\/#primaryimage","url":"https:\/\/www.zoko.ro\/wp-content\/uploads\/2025\/12\/set-costum-unicorn-pentru-fetite-gonga.jpg","contentUrl":"https:\/\/www.zoko.ro\/wp-content\/uploads\/2025\/12\/set-costum-unicorn-pentru-fetite-gonga.jpg","width":1200,"height":686},{"@type":"BreadcrumbList","@id":"https:\/\/www.zoko.ro\/p\/set-costum-unicorn-pentru-fetite-gonga\/#breadcrumb","itemListElement":[{"@type":"ListItem","position":1,"name":"Home","item":"https:\/\/www.zoko.ro\/"},{"@type":"ListItem","position":2,"name":"Magazin","item":"https:\/\/www.zoko.ro\/magazin\/"},{"@type":"ListItem","position":3,"name":"Set Costum Unicorn pentru fetite, Gonga\u00ae"}]},{"@type":"WebSite","@id":"https:\/\/www.zoko.ro\/#website","url":"https:\/\/www.zoko.ro\/","name":"ZOKO.ro","description":"Cump\u0103r\u0103 inteligent","publisher":{"@id":"https:\/\/www.zoko.ro\/#organization"},"potentialAction":[{"@type":"SearchAction","target":{"@type":"EntryPoint","urlTemplate":"https:\/\/www.zoko.ro\/?s={search_term_string}"},"query-input":{"@type":"PropertyValueSpecification","valueRequired":true,"valueName":"search_term_string"}}],"inLanguage":"en-GB"},{"@type":"Organization","@id":"https:\/\/www.zoko.ro\/#organization","name":"ZOKO","url":"https:\/\/www.zoko.ro\/","logo":{"@type":"ImageObject","inLanguage":"en-GB","@id":"https:\/\/www.zoko.ro\/#\/schema\/logo\/image\/","url":"https:\/\/www.zoko.ro\/wp-content\/uploads\/2025\/03\/logo1.svg","contentUrl":"https:\/\/www.zoko.ro\/wp-content\/uploads\/2025\/03\/logo1.svg","width":799,"height":216,"caption":"ZOKO"},"image":{"@id":"https:\/\/www.zoko.ro\/#\/schema\/logo\/image\/"},"sameAs":["https:\/\/www.facebook.com\/profile.php?id=61584344135075"]}]}},"_links":{"self":[{"href":"https:\/\/www.zoko.ro\/en\/wp-json\/wp\/v2\/product\/30117","targetHints":{"allow":["GET"]}}],"collection":[{"href":"https:\/\/www.zoko.ro\/en\/wp-json\/wp\/v2\/product"}],"about":[{"href":"https:\/\/www.zoko.ro\/en\/wp-json\/wp\/v2\/types\/product"}],"replies":[{"embeddable":true,"href":"https:\/\/www.zoko.ro\/en\/wp-json\/wp\/v2\/comments?post=30117"}],"version-history":[{"count":1,"href":"https:\/\/www.zoko.ro\/en\/wp-json\/wp\/v2\/product\/30117\/revisions"}],"predecessor-version":[{"id":37937,"href":"https:\/\/www.zoko.ro\/en\/wp-json\/wp\/v2\/product\/30117\/revisions\/37937"}],"wp:featuredmedia":[{"embeddable":true,"href":"https:\/\/www.zoko.ro\/en\/wp-json\/wp\/v2\/media\/30118"}],"wp:attachment":[{"href":"https:\/\/www.zoko.ro\/en\/wp-json\/wp\/v2\/media?parent=30117"}],"wp:term":[{"taxonomy":"product_brand","embeddable":true,"href":"https:\/\/www.zoko.ro\/en\/wp-json\/wp\/v2\/product_brand?post=30117"},{"taxonomy":"product_cat","embeddable":true,"href":"https:\/\/www.zoko.ro\/en\/wp-json\/wp\/v2\/product_cat?post=30117"},{"taxonomy":"product_tag","embeddable":true,"href":"https:\/\/www.zoko.ro\/en\/wp-json\/wp\/v2\/product_tag?post=30117"}],"curies":[{"name":"wp","href":"https:\/\/api.w.org\/{rel}","templated":true}]}}