{"id":30148,"date":"2026-04-28T23:28:26","date_gmt":"2026-04-28T21:28:26","guid":{"rendered":"https:\/\/www.zoko.ro\/p\/perie-din-silicon-pentru-spalarea-animalelor-de-companie-gonga-2\/"},"modified":"2026-04-28T23:28:26","modified_gmt":"2026-04-28T21:28:26","slug":"perie-din-silicon-pentru-spalarea-animalelor-de-companie-gonga-2","status":"publish","type":"product","link":"https:\/\/www.zoko.ro\/en\/p\/perie-din-silicon-pentru-spalarea-animalelor-de-companie-gonga-2\/","title":{"rendered":"Perie din silicon pentru spalarea animalelor de companie, Gonga\u00ae"},"content":{"rendered":"<p><strong>Culoare:<\/strong> Galben<\/p>\n<p>O perie de silicon cu dozator de sampon pentru spalarea animalelor.<\/p>\n<\/p>\n<p>Un gadget pe care to\u021bi proprietarii de animale de companie \u00eel vor \u00eendr\u0103gi.\u00a0<\/p>\n<\/p>\n<p>Gata cu p\u0103rul \u00eenc\u00e2lcit. Datorit\u0103 acesteia, pute\u021bi peria blana \u0219i v\u0103 pute\u021bi sp\u0103la animalul de companie \u00een acela\u0219i timp.\u00a0<\/p>\n<\/p>\n<p>Firele moi colecteaz\u0103 perfect murd\u0103ria \u0219i c\u0103derea p\u0103rului.<\/p>\n<\/p>\n<p>Peria ii va placea si animalului tau de companie &#8211; smulge parul, iar in timp ce il pieptani ii vei oferi animalului tau putina placere sub forma unui masaj delicat.<\/p>\n<\/p>\n<p>Echipata cu un rezervor special pentru sampon sau gel de dus. De\u0219uruba\u021bi capacul \u0219i turna\u021bi samponul.\u00a0<\/p>\n<\/p>\n<p>\u00cen timpul sp\u0103l\u0103rii, ap\u0103sa\u021bi u\u0219or pe perie pentru a elibera pu\u021bin lichid.<\/p>\n<\/p>\n<p>Poate fi folosit cu succes pentru piept\u0103narea uscat\u0103 a unui c\u00e2ine sau pisic\u0103.<\/p>\n<\/p>\n<p>Fabricat din silicon moale, po\u021bi \u00eendep\u0103rta cu u\u0219urin\u021b\u0103 p\u0103rul de pe acesta, iar c\u00e2nd se murd\u0103re\u0219te, \u00eel po\u021bi sp\u0103la cu u\u0219urin\u021b\u0103.<\/p>\n<\/p>\n<p>Caracteristicile produsului:<\/p>\n<\/p>\n<p>&#8211; Fabricat din silicon moale.<\/p>\n<\/p>\n<p>&#8211; Rezervor de \u0219ampon \u00eencorporat.<\/p>\n<\/p>\n<p>&#8211; Are din\u021bi moi care adun\u0103 bine murd\u0103ria \u0219i p\u0103rul.<\/p>\n<\/p>\n<p>&#8211; Echipat\u00a0 cu un m\u00e2ner confortabil care \u00eel face u\u0219or de \u021binut \u00een m\u00e2n\u0103.<\/p>\n<\/p>\n<p>&#8211; Nu smulge p\u0103rul.<\/p>\n<\/p>\n<p>&#8211; Poate fi folosit uscat.<\/p>\n<\/p>\n<p>&#8211; U\u0219oar\u0103 \u0219i ocup\u0103 pu\u021bin spa\u021biu<\/p>\n<\/p>\n<p>&#8211; Usor de curatat<\/p>\n<\/p>\n<p>&#8211; Material : silicon<\/p>\n<\/p>\n<p>&#8211; Dimensiuni perie: 7,5 cm x 7,5 cm x 4,5 cm<\/p>\n<\/p>\n<p>&#8211; Lungimea firelor de perie: 1,5 cm<\/p>\n<\/p>\n<p>&#8211; Dimensiuni pachet: 8cm x 8.5cm x 6cm<\/p><\/p>","protected":false},"excerpt":{"rendered":"<p>Culoare: Galben O perie de silicon cu dozator de sampon pentru spalarea animalelor. Un gadget pe care to\u021bi proprietarii de<\/p>","protected":false},"featured_media":30149,"comment_status":"open","ping_status":"open","template":"","meta":[],"product_brand":[],"product_cat":[99,378,346],"product_tag":[104],"class_list":{"0":"post-30148","1":"product","2":"type-product","3":"status-publish","4":"has-post-thumbnail","6":"product_cat-acasa","7":"product_cat-igiena-ingrijire-animale","8":"product_cat-petshop","9":"product_tag-in-stoc","10":"pa_culoare-galben","12":"first","13":"instock","14":"sale","15":"purchasable","16":"product-type-simple"},"yoast_head":"<!-- This site is optimized with the Yoast SEO plugin v27.2 - https:\/\/yoast.com\/product\/yoast-seo-wordpress\/ -->\n<title>Perie din silicon pentru spalarea animalelor de companie, Gonga\u00ae | ZOKO<\/title>\n<meta name=\"robots\" content=\"index, follow, max-snippet:-1, max-image-preview:large, max-video-preview:-1\" \/>\n<link rel=\"canonical\" href=\"https:\/\/www.zoko.ro\/en\/p\/perie-din-silicon-pentru-spalarea-animalelor-de-companie-gonga-2\/\" \/>\n<meta property=\"og:locale\" content=\"en_GB\" \/>\n<meta property=\"og:type\" content=\"article\" \/>\n<meta property=\"og:title\" content=\"Perie din silicon pentru spalarea animalelor de companie, Gonga\u00ae | ZOKO\" \/>\n<meta property=\"og:description\" content=\"Culoare: Galben O perie de silicon cu dozator de sampon pentru spalarea animalelor. Un gadget pe care to\u021bi proprietarii de\" \/>\n<meta property=\"og:url\" content=\"https:\/\/www.zoko.ro\/en\/p\/perie-din-silicon-pentru-spalarea-animalelor-de-companie-gonga-2\/\" \/>\n<meta property=\"og:site_name\" content=\"ZOKO\" \/>\n<meta property=\"article:publisher\" content=\"https:\/\/www.facebook.com\/profile.php?id=61584344135075\" \/>\n<meta property=\"og:image\" content=\"https:\/\/www.zoko.ro\/wp-content\/uploads\/2025\/12\/perie-din-silicon-pentru-spalarea-animalelor-de-companie-gonga-1.jpg\" \/>\n\t<meta property=\"og:image:width\" content=\"983\" \/>\n\t<meta property=\"og:image:height\" content=\"855\" \/>\n\t<meta property=\"og:image:type\" content=\"image\/jpeg\" \/>\n<meta name=\"twitter:card\" content=\"summary_large_image\" \/>\n<meta name=\"twitter:label1\" content=\"Estimated reading time\" \/>\n\t<meta name=\"twitter:data1\" content=\"1 minute\" \/>\n<script type=\"application\/ld+json\" class=\"yoast-schema-graph\">{\"@context\":\"https:\/\/schema.org\",\"@graph\":[{\"@type\":\"WebPage\",\"@id\":\"https:\/\/www.zoko.ro\/p\/perie-din-silicon-pentru-spalarea-animalelor-de-companie-gonga-2\/\",\"url\":\"https:\/\/www.zoko.ro\/p\/perie-din-silicon-pentru-spalarea-animalelor-de-companie-gonga-2\/\",\"name\":\"Perie din silicon pentru spalarea animalelor de companie, Gonga\u00ae | ZOKO\",\"isPartOf\":{\"@id\":\"https:\/\/www.zoko.ro\/#website\"},\"primaryImageOfPage\":{\"@id\":\"https:\/\/www.zoko.ro\/p\/perie-din-silicon-pentru-spalarea-animalelor-de-companie-gonga-2\/#primaryimage\"},\"image\":{\"@id\":\"https:\/\/www.zoko.ro\/p\/perie-din-silicon-pentru-spalarea-animalelor-de-companie-gonga-2\/#primaryimage\"},\"thumbnailUrl\":\"https:\/\/www.zoko.ro\/wp-content\/uploads\/2025\/12\/perie-din-silicon-pentru-spalarea-animalelor-de-companie-gonga-1.jpg\",\"datePublished\":\"2026-04-28T21:28:26+00:00\",\"breadcrumb\":{\"@id\":\"https:\/\/www.zoko.ro\/p\/perie-din-silicon-pentru-spalarea-animalelor-de-companie-gonga-2\/#breadcrumb\"},\"inLanguage\":\"en-GB\",\"potentialAction\":[{\"@type\":\"ReadAction\",\"target\":[\"https:\/\/www.zoko.ro\/p\/perie-din-silicon-pentru-spalarea-animalelor-de-companie-gonga-2\/\"]}]},{\"@type\":\"ImageObject\",\"inLanguage\":\"en-GB\",\"@id\":\"https:\/\/www.zoko.ro\/p\/perie-din-silicon-pentru-spalarea-animalelor-de-companie-gonga-2\/#primaryimage\",\"url\":\"https:\/\/www.zoko.ro\/wp-content\/uploads\/2025\/12\/perie-din-silicon-pentru-spalarea-animalelor-de-companie-gonga-1.jpg\",\"contentUrl\":\"https:\/\/www.zoko.ro\/wp-content\/uploads\/2025\/12\/perie-din-silicon-pentru-spalarea-animalelor-de-companie-gonga-1.jpg\",\"width\":983,\"height\":855},{\"@type\":\"BreadcrumbList\",\"@id\":\"https:\/\/www.zoko.ro\/p\/perie-din-silicon-pentru-spalarea-animalelor-de-companie-gonga-2\/#breadcrumb\",\"itemListElement\":[{\"@type\":\"ListItem\",\"position\":1,\"name\":\"Home\",\"item\":\"https:\/\/www.zoko.ro\/\"},{\"@type\":\"ListItem\",\"position\":2,\"name\":\"Magazin\",\"item\":\"https:\/\/www.zoko.ro\/magazin\/\"},{\"@type\":\"ListItem\",\"position\":3,\"name\":\"Perie din silicon pentru spalarea animalelor de companie, Gonga\u00ae\"}]},{\"@type\":\"WebSite\",\"@id\":\"https:\/\/www.zoko.ro\/#website\",\"url\":\"https:\/\/www.zoko.ro\/\",\"name\":\"ZOKO.ro\",\"description\":\"Cump\u0103r\u0103 inteligent\",\"publisher\":{\"@id\":\"https:\/\/www.zoko.ro\/#organization\"},\"potentialAction\":[{\"@type\":\"SearchAction\",\"target\":{\"@type\":\"EntryPoint\",\"urlTemplate\":\"https:\/\/www.zoko.ro\/?s={search_term_string}\"},\"query-input\":{\"@type\":\"PropertyValueSpecification\",\"valueRequired\":true,\"valueName\":\"search_term_string\"}}],\"inLanguage\":\"en-GB\"},{\"@type\":\"Organization\",\"@id\":\"https:\/\/www.zoko.ro\/#organization\",\"name\":\"ZOKO\",\"url\":\"https:\/\/www.zoko.ro\/\",\"logo\":{\"@type\":\"ImageObject\",\"inLanguage\":\"en-GB\",\"@id\":\"https:\/\/www.zoko.ro\/#\/schema\/logo\/image\/\",\"url\":\"https:\/\/www.zoko.ro\/wp-content\/uploads\/2025\/03\/logo1.svg\",\"contentUrl\":\"https:\/\/www.zoko.ro\/wp-content\/uploads\/2025\/03\/logo1.svg\",\"width\":799,\"height\":216,\"caption\":\"ZOKO\"},\"image\":{\"@id\":\"https:\/\/www.zoko.ro\/#\/schema\/logo\/image\/\"},\"sameAs\":[\"https:\/\/www.facebook.com\/profile.php?id=61584344135075\"]}]}<\/script>\n<!-- \/ Yoast SEO plugin. -->","yoast_head_json":{"title":"Perie din silicon pentru spalarea animalelor de companie, Gonga\u00ae | ZOKO","robots":{"index":"index","follow":"follow","max-snippet":"max-snippet:-1","max-image-preview":"max-image-preview:large","max-video-preview":"max-video-preview:-1"},"canonical":"https:\/\/www.zoko.ro\/en\/p\/perie-din-silicon-pentru-spalarea-animalelor-de-companie-gonga-2\/","og_locale":"en_GB","og_type":"article","og_title":"Perie din silicon pentru spalarea animalelor de companie, Gonga\u00ae | ZOKO","og_description":"Culoare: Galben O perie de silicon cu dozator de sampon pentru spalarea animalelor. Un gadget pe care to\u021bi proprietarii de","og_url":"https:\/\/www.zoko.ro\/en\/p\/perie-din-silicon-pentru-spalarea-animalelor-de-companie-gonga-2\/","og_site_name":"ZOKO","article_publisher":"https:\/\/www.facebook.com\/profile.php?id=61584344135075","og_image":[{"width":983,"height":855,"url":"https:\/\/www.zoko.ro\/wp-content\/uploads\/2025\/12\/perie-din-silicon-pentru-spalarea-animalelor-de-companie-gonga-1.jpg","type":"image\/jpeg"}],"twitter_card":"summary_large_image","twitter_misc":{"Estimated reading time":"1 minute"},"schema":{"@context":"https:\/\/schema.org","@graph":[{"@type":"WebPage","@id":"https:\/\/www.zoko.ro\/p\/perie-din-silicon-pentru-spalarea-animalelor-de-companie-gonga-2\/","url":"https:\/\/www.zoko.ro\/p\/perie-din-silicon-pentru-spalarea-animalelor-de-companie-gonga-2\/","name":"Perie din silicon pentru spalarea animalelor de companie, Gonga\u00ae | ZOKO","isPartOf":{"@id":"https:\/\/www.zoko.ro\/#website"},"primaryImageOfPage":{"@id":"https:\/\/www.zoko.ro\/p\/perie-din-silicon-pentru-spalarea-animalelor-de-companie-gonga-2\/#primaryimage"},"image":{"@id":"https:\/\/www.zoko.ro\/p\/perie-din-silicon-pentru-spalarea-animalelor-de-companie-gonga-2\/#primaryimage"},"thumbnailUrl":"https:\/\/www.zoko.ro\/wp-content\/uploads\/2025\/12\/perie-din-silicon-pentru-spalarea-animalelor-de-companie-gonga-1.jpg","datePublished":"2026-04-28T21:28:26+00:00","breadcrumb":{"@id":"https:\/\/www.zoko.ro\/p\/perie-din-silicon-pentru-spalarea-animalelor-de-companie-gonga-2\/#breadcrumb"},"inLanguage":"en-GB","potentialAction":[{"@type":"ReadAction","target":["https:\/\/www.zoko.ro\/p\/perie-din-silicon-pentru-spalarea-animalelor-de-companie-gonga-2\/"]}]},{"@type":"ImageObject","inLanguage":"en-GB","@id":"https:\/\/www.zoko.ro\/p\/perie-din-silicon-pentru-spalarea-animalelor-de-companie-gonga-2\/#primaryimage","url":"https:\/\/www.zoko.ro\/wp-content\/uploads\/2025\/12\/perie-din-silicon-pentru-spalarea-animalelor-de-companie-gonga-1.jpg","contentUrl":"https:\/\/www.zoko.ro\/wp-content\/uploads\/2025\/12\/perie-din-silicon-pentru-spalarea-animalelor-de-companie-gonga-1.jpg","width":983,"height":855},{"@type":"BreadcrumbList","@id":"https:\/\/www.zoko.ro\/p\/perie-din-silicon-pentru-spalarea-animalelor-de-companie-gonga-2\/#breadcrumb","itemListElement":[{"@type":"ListItem","position":1,"name":"Home","item":"https:\/\/www.zoko.ro\/"},{"@type":"ListItem","position":2,"name":"Magazin","item":"https:\/\/www.zoko.ro\/magazin\/"},{"@type":"ListItem","position":3,"name":"Perie din silicon pentru spalarea animalelor de companie, Gonga\u00ae"}]},{"@type":"WebSite","@id":"https:\/\/www.zoko.ro\/#website","url":"https:\/\/www.zoko.ro\/","name":"ZOKO.ro","description":"Cump\u0103r\u0103 inteligent","publisher":{"@id":"https:\/\/www.zoko.ro\/#organization"},"potentialAction":[{"@type":"SearchAction","target":{"@type":"EntryPoint","urlTemplate":"https:\/\/www.zoko.ro\/?s={search_term_string}"},"query-input":{"@type":"PropertyValueSpecification","valueRequired":true,"valueName":"search_term_string"}}],"inLanguage":"en-GB"},{"@type":"Organization","@id":"https:\/\/www.zoko.ro\/#organization","name":"ZOKO","url":"https:\/\/www.zoko.ro\/","logo":{"@type":"ImageObject","inLanguage":"en-GB","@id":"https:\/\/www.zoko.ro\/#\/schema\/logo\/image\/","url":"https:\/\/www.zoko.ro\/wp-content\/uploads\/2025\/03\/logo1.svg","contentUrl":"https:\/\/www.zoko.ro\/wp-content\/uploads\/2025\/03\/logo1.svg","width":799,"height":216,"caption":"ZOKO"},"image":{"@id":"https:\/\/www.zoko.ro\/#\/schema\/logo\/image\/"},"sameAs":["https:\/\/www.facebook.com\/profile.php?id=61584344135075"]}]}},"_links":{"self":[{"href":"https:\/\/www.zoko.ro\/en\/wp-json\/wp\/v2\/product\/30148","targetHints":{"allow":["GET"]}}],"collection":[{"href":"https:\/\/www.zoko.ro\/en\/wp-json\/wp\/v2\/product"}],"about":[{"href":"https:\/\/www.zoko.ro\/en\/wp-json\/wp\/v2\/types\/product"}],"replies":[{"embeddable":true,"href":"https:\/\/www.zoko.ro\/en\/wp-json\/wp\/v2\/comments?post=30148"}],"version-history":[{"count":1,"href":"https:\/\/www.zoko.ro\/en\/wp-json\/wp\/v2\/product\/30148\/revisions"}],"predecessor-version":[{"id":37944,"href":"https:\/\/www.zoko.ro\/en\/wp-json\/wp\/v2\/product\/30148\/revisions\/37944"}],"wp:featuredmedia":[{"embeddable":true,"href":"https:\/\/www.zoko.ro\/en\/wp-json\/wp\/v2\/media\/30149"}],"wp:attachment":[{"href":"https:\/\/www.zoko.ro\/en\/wp-json\/wp\/v2\/media?parent=30148"}],"wp:term":[{"taxonomy":"product_brand","embeddable":true,"href":"https:\/\/www.zoko.ro\/en\/wp-json\/wp\/v2\/product_brand?post=30148"},{"taxonomy":"product_cat","embeddable":true,"href":"https:\/\/www.zoko.ro\/en\/wp-json\/wp\/v2\/product_cat?post=30148"},{"taxonomy":"product_tag","embeddable":true,"href":"https:\/\/www.zoko.ro\/en\/wp-json\/wp\/v2\/product_tag?post=30148"}],"curies":[{"name":"wp","href":"https:\/\/api.w.org\/{rel}","templated":true}]}}