{"id":30155,"date":"2026-04-28T23:28:27","date_gmt":"2026-04-28T21:28:27","guid":{"rendered":"https:\/\/www.zoko.ro\/p\/ham-pentru-caini-pet-dog-senior-gonga-4\/"},"modified":"2026-04-28T23:28:27","modified_gmt":"2026-04-28T21:28:27","slug":"ham-pentru-caini-pet-dog-senior-gonga-4","status":"publish","type":"product","link":"https:\/\/www.zoko.ro\/en\/p\/ham-pentru-caini-pet-dog-senior-gonga-4\/","title":{"rendered":"Ham pentru caini, Pet Dog Senior, Gonga\u00ae"},"content":{"rendered":"<p><strong>Culoare:<\/strong> Negru<\/p>\n<p><strong>M\u0103rime:<\/strong> XL<\/p>\n<p>Ham pentru c\u00e2ini din material rezistent.<\/p>\n<p>Hamul este echipat cu reglaj pentru burt\u0103 \u0219i piept.<\/p>\n<\/p>\n<p>Un inel mare, metalic, este cusut \u00een spatele hamului, ceea ce v\u0103 permite s\u0103 ata\u0219a\u021bi o les\u0103.<\/p>\n<p>Hamul va fi extrem de confortabil pentru animalul tau.<\/p>\n<\/p>\n<p>Plimb\u0103rile zilnice vor deveni mult mai pl\u0103cute.<\/p>\n<p>La ham a fost cusuta o banda reflectorizanta, sporind siguranta in timpul plimbarilor de seara.<\/p>\n<\/p>\n<p>\u00cen plus, hamul are un m\u00e2ner confortabil pe spate.<\/p>\n<p>Hamul se pune rapid \u0219i foarte simplu.<\/p>\n<p>Este suficient s\u0103 trece\u021bi hamul peste capul animalului \u0219i s\u0103 fixa\u021bi cureaua pe abdomen.<\/p>\n<\/p>\n<p>C\u00e2nd hamul se murd\u0103re\u0219te, poate fi sp\u0103lat cu u\u0219urin\u021b\u0103.<\/p>\n<p>Dimensiuni: L (70-90cm), XL (80-110cm), XXL (90-120cm) &#8211; dimensiunile se calculeaza la circumferinta abdomen.<\/p>","protected":false},"excerpt":{"rendered":"<p>Culoare: Negru M\u0103rime: XL Ham pentru c\u00e2ini din material rezistent. Hamul este echipat cu reglaj pentru burt\u0103 \u0219i piept. Un<\/p>","protected":false},"featured_media":30154,"comment_status":"open","ping_status":"open","template":"","meta":[],"product_brand":[],"product_cat":[99,346,399],"product_tag":[],"class_list":{"0":"post-30155","1":"product","2":"type-product","3":"status-publish","4":"has-post-thumbnail","6":"product_cat-acasa","7":"product_cat-petshop","8":"product_cat-zgarzi-lese-hamuri","9":"pa_culoare-negru","10":"pa_marime-xl","12":"first","13":"outofstock","14":"sale","15":"purchasable","16":"product-type-simple"},"yoast_head":"<!-- This site is optimized with the Yoast SEO plugin v27.2 - https:\/\/yoast.com\/product\/yoast-seo-wordpress\/ -->\n<title>Ham pentru caini, Pet Dog Senior, Gonga\u00ae | ZOKO<\/title>\n<meta name=\"robots\" content=\"index, follow, max-snippet:-1, max-image-preview:large, max-video-preview:-1\" \/>\n<link rel=\"canonical\" href=\"https:\/\/www.zoko.ro\/en\/p\/ham-pentru-caini-pet-dog-senior-gonga-4\/\" \/>\n<meta property=\"og:locale\" content=\"en_GB\" \/>\n<meta property=\"og:type\" content=\"article\" \/>\n<meta property=\"og:title\" content=\"Ham pentru caini, Pet Dog Senior, Gonga\u00ae | ZOKO\" \/>\n<meta property=\"og:description\" content=\"Culoare: Negru M\u0103rime: XL Ham pentru c\u00e2ini din material rezistent. Hamul este echipat cu reglaj pentru burt\u0103 \u0219i piept. Un\" \/>\n<meta property=\"og:url\" content=\"https:\/\/www.zoko.ro\/en\/p\/ham-pentru-caini-pet-dog-senior-gonga-4\/\" \/>\n<meta property=\"og:site_name\" content=\"ZOKO\" \/>\n<meta property=\"article:publisher\" content=\"https:\/\/www.facebook.com\/profile.php?id=61584344135075\" \/>\n<meta property=\"og:image\" content=\"https:\/\/www.zoko.ro\/wp-content\/uploads\/2025\/12\/ham-pentru-caini-pet-dog-senior-gonga-1.jpg\" \/>\n\t<meta property=\"og:image:width\" content=\"693\" \/>\n\t<meta property=\"og:image:height\" content=\"643\" \/>\n\t<meta property=\"og:image:type\" content=\"image\/jpeg\" \/>\n<meta name=\"twitter:card\" content=\"summary_large_image\" \/>\n<meta name=\"twitter:label1\" content=\"Estimated reading time\" \/>\n\t<meta name=\"twitter:data1\" content=\"1 minute\" \/>\n<script type=\"application\/ld+json\" class=\"yoast-schema-graph\">{\"@context\":\"https:\/\/schema.org\",\"@graph\":[{\"@type\":\"WebPage\",\"@id\":\"https:\/\/www.zoko.ro\/p\/ham-pentru-caini-pet-dog-senior-gonga-4\/\",\"url\":\"https:\/\/www.zoko.ro\/p\/ham-pentru-caini-pet-dog-senior-gonga-4\/\",\"name\":\"Ham pentru caini, Pet Dog Senior, Gonga\u00ae | ZOKO\",\"isPartOf\":{\"@id\":\"https:\/\/www.zoko.ro\/#website\"},\"primaryImageOfPage\":{\"@id\":\"https:\/\/www.zoko.ro\/p\/ham-pentru-caini-pet-dog-senior-gonga-4\/#primaryimage\"},\"image\":{\"@id\":\"https:\/\/www.zoko.ro\/p\/ham-pentru-caini-pet-dog-senior-gonga-4\/#primaryimage\"},\"thumbnailUrl\":\"https:\/\/www.zoko.ro\/wp-content\/uploads\/2025\/12\/ham-pentru-caini-pet-dog-senior-gonga-1.jpg\",\"datePublished\":\"2026-04-28T21:28:27+00:00\",\"breadcrumb\":{\"@id\":\"https:\/\/www.zoko.ro\/p\/ham-pentru-caini-pet-dog-senior-gonga-4\/#breadcrumb\"},\"inLanguage\":\"en-GB\",\"potentialAction\":[{\"@type\":\"ReadAction\",\"target\":[\"https:\/\/www.zoko.ro\/p\/ham-pentru-caini-pet-dog-senior-gonga-4\/\"]}]},{\"@type\":\"ImageObject\",\"inLanguage\":\"en-GB\",\"@id\":\"https:\/\/www.zoko.ro\/p\/ham-pentru-caini-pet-dog-senior-gonga-4\/#primaryimage\",\"url\":\"https:\/\/www.zoko.ro\/wp-content\/uploads\/2025\/12\/ham-pentru-caini-pet-dog-senior-gonga-1.jpg\",\"contentUrl\":\"https:\/\/www.zoko.ro\/wp-content\/uploads\/2025\/12\/ham-pentru-caini-pet-dog-senior-gonga-1.jpg\",\"width\":693,\"height\":643},{\"@type\":\"BreadcrumbList\",\"@id\":\"https:\/\/www.zoko.ro\/p\/ham-pentru-caini-pet-dog-senior-gonga-4\/#breadcrumb\",\"itemListElement\":[{\"@type\":\"ListItem\",\"position\":1,\"name\":\"Home\",\"item\":\"https:\/\/www.zoko.ro\/\"},{\"@type\":\"ListItem\",\"position\":2,\"name\":\"Magazin\",\"item\":\"https:\/\/www.zoko.ro\/magazin\/\"},{\"@type\":\"ListItem\",\"position\":3,\"name\":\"Ham pentru caini, Pet Dog Senior, Gonga\u00ae\"}]},{\"@type\":\"WebSite\",\"@id\":\"https:\/\/www.zoko.ro\/#website\",\"url\":\"https:\/\/www.zoko.ro\/\",\"name\":\"ZOKO.ro\",\"description\":\"Cump\u0103r\u0103 inteligent\",\"publisher\":{\"@id\":\"https:\/\/www.zoko.ro\/#organization\"},\"potentialAction\":[{\"@type\":\"SearchAction\",\"target\":{\"@type\":\"EntryPoint\",\"urlTemplate\":\"https:\/\/www.zoko.ro\/?s={search_term_string}\"},\"query-input\":{\"@type\":\"PropertyValueSpecification\",\"valueRequired\":true,\"valueName\":\"search_term_string\"}}],\"inLanguage\":\"en-GB\"},{\"@type\":\"Organization\",\"@id\":\"https:\/\/www.zoko.ro\/#organization\",\"name\":\"ZOKO\",\"url\":\"https:\/\/www.zoko.ro\/\",\"logo\":{\"@type\":\"ImageObject\",\"inLanguage\":\"en-GB\",\"@id\":\"https:\/\/www.zoko.ro\/#\/schema\/logo\/image\/\",\"url\":\"https:\/\/www.zoko.ro\/wp-content\/uploads\/2025\/03\/logo1.svg\",\"contentUrl\":\"https:\/\/www.zoko.ro\/wp-content\/uploads\/2025\/03\/logo1.svg\",\"width\":799,\"height\":216,\"caption\":\"ZOKO\"},\"image\":{\"@id\":\"https:\/\/www.zoko.ro\/#\/schema\/logo\/image\/\"},\"sameAs\":[\"https:\/\/www.facebook.com\/profile.php?id=61584344135075\"]}]}<\/script>\n<!-- \/ Yoast SEO plugin. -->","yoast_head_json":{"title":"Ham pentru caini, Pet Dog Senior, Gonga\u00ae | ZOKO","robots":{"index":"index","follow":"follow","max-snippet":"max-snippet:-1","max-image-preview":"max-image-preview:large","max-video-preview":"max-video-preview:-1"},"canonical":"https:\/\/www.zoko.ro\/en\/p\/ham-pentru-caini-pet-dog-senior-gonga-4\/","og_locale":"en_GB","og_type":"article","og_title":"Ham pentru caini, Pet Dog Senior, Gonga\u00ae | ZOKO","og_description":"Culoare: Negru M\u0103rime: XL Ham pentru c\u00e2ini din material rezistent. Hamul este echipat cu reglaj pentru burt\u0103 \u0219i piept. Un","og_url":"https:\/\/www.zoko.ro\/en\/p\/ham-pentru-caini-pet-dog-senior-gonga-4\/","og_site_name":"ZOKO","article_publisher":"https:\/\/www.facebook.com\/profile.php?id=61584344135075","og_image":[{"width":693,"height":643,"url":"https:\/\/www.zoko.ro\/wp-content\/uploads\/2025\/12\/ham-pentru-caini-pet-dog-senior-gonga-1.jpg","type":"image\/jpeg"}],"twitter_card":"summary_large_image","twitter_misc":{"Estimated reading time":"1 minute"},"schema":{"@context":"https:\/\/schema.org","@graph":[{"@type":"WebPage","@id":"https:\/\/www.zoko.ro\/p\/ham-pentru-caini-pet-dog-senior-gonga-4\/","url":"https:\/\/www.zoko.ro\/p\/ham-pentru-caini-pet-dog-senior-gonga-4\/","name":"Ham pentru caini, Pet Dog Senior, Gonga\u00ae | ZOKO","isPartOf":{"@id":"https:\/\/www.zoko.ro\/#website"},"primaryImageOfPage":{"@id":"https:\/\/www.zoko.ro\/p\/ham-pentru-caini-pet-dog-senior-gonga-4\/#primaryimage"},"image":{"@id":"https:\/\/www.zoko.ro\/p\/ham-pentru-caini-pet-dog-senior-gonga-4\/#primaryimage"},"thumbnailUrl":"https:\/\/www.zoko.ro\/wp-content\/uploads\/2025\/12\/ham-pentru-caini-pet-dog-senior-gonga-1.jpg","datePublished":"2026-04-28T21:28:27+00:00","breadcrumb":{"@id":"https:\/\/www.zoko.ro\/p\/ham-pentru-caini-pet-dog-senior-gonga-4\/#breadcrumb"},"inLanguage":"en-GB","potentialAction":[{"@type":"ReadAction","target":["https:\/\/www.zoko.ro\/p\/ham-pentru-caini-pet-dog-senior-gonga-4\/"]}]},{"@type":"ImageObject","inLanguage":"en-GB","@id":"https:\/\/www.zoko.ro\/p\/ham-pentru-caini-pet-dog-senior-gonga-4\/#primaryimage","url":"https:\/\/www.zoko.ro\/wp-content\/uploads\/2025\/12\/ham-pentru-caini-pet-dog-senior-gonga-1.jpg","contentUrl":"https:\/\/www.zoko.ro\/wp-content\/uploads\/2025\/12\/ham-pentru-caini-pet-dog-senior-gonga-1.jpg","width":693,"height":643},{"@type":"BreadcrumbList","@id":"https:\/\/www.zoko.ro\/p\/ham-pentru-caini-pet-dog-senior-gonga-4\/#breadcrumb","itemListElement":[{"@type":"ListItem","position":1,"name":"Home","item":"https:\/\/www.zoko.ro\/"},{"@type":"ListItem","position":2,"name":"Magazin","item":"https:\/\/www.zoko.ro\/magazin\/"},{"@type":"ListItem","position":3,"name":"Ham pentru caini, Pet Dog Senior, Gonga\u00ae"}]},{"@type":"WebSite","@id":"https:\/\/www.zoko.ro\/#website","url":"https:\/\/www.zoko.ro\/","name":"ZOKO.ro","description":"Cump\u0103r\u0103 inteligent","publisher":{"@id":"https:\/\/www.zoko.ro\/#organization"},"potentialAction":[{"@type":"SearchAction","target":{"@type":"EntryPoint","urlTemplate":"https:\/\/www.zoko.ro\/?s={search_term_string}"},"query-input":{"@type":"PropertyValueSpecification","valueRequired":true,"valueName":"search_term_string"}}],"inLanguage":"en-GB"},{"@type":"Organization","@id":"https:\/\/www.zoko.ro\/#organization","name":"ZOKO","url":"https:\/\/www.zoko.ro\/","logo":{"@type":"ImageObject","inLanguage":"en-GB","@id":"https:\/\/www.zoko.ro\/#\/schema\/logo\/image\/","url":"https:\/\/www.zoko.ro\/wp-content\/uploads\/2025\/03\/logo1.svg","contentUrl":"https:\/\/www.zoko.ro\/wp-content\/uploads\/2025\/03\/logo1.svg","width":799,"height":216,"caption":"ZOKO"},"image":{"@id":"https:\/\/www.zoko.ro\/#\/schema\/logo\/image\/"},"sameAs":["https:\/\/www.facebook.com\/profile.php?id=61584344135075"]}]}},"_links":{"self":[{"href":"https:\/\/www.zoko.ro\/en\/wp-json\/wp\/v2\/product\/30155","targetHints":{"allow":["GET"]}}],"collection":[{"href":"https:\/\/www.zoko.ro\/en\/wp-json\/wp\/v2\/product"}],"about":[{"href":"https:\/\/www.zoko.ro\/en\/wp-json\/wp\/v2\/types\/product"}],"replies":[{"embeddable":true,"href":"https:\/\/www.zoko.ro\/en\/wp-json\/wp\/v2\/comments?post=30155"}],"version-history":[{"count":1,"href":"https:\/\/www.zoko.ro\/en\/wp-json\/wp\/v2\/product\/30155\/revisions"}],"predecessor-version":[{"id":37948,"href":"https:\/\/www.zoko.ro\/en\/wp-json\/wp\/v2\/product\/30155\/revisions\/37948"}],"wp:featuredmedia":[{"embeddable":true,"href":"https:\/\/www.zoko.ro\/en\/wp-json\/wp\/v2\/media\/30154"}],"wp:attachment":[{"href":"https:\/\/www.zoko.ro\/en\/wp-json\/wp\/v2\/media?parent=30155"}],"wp:term":[{"taxonomy":"product_brand","embeddable":true,"href":"https:\/\/www.zoko.ro\/en\/wp-json\/wp\/v2\/product_brand?post=30155"},{"taxonomy":"product_cat","embeddable":true,"href":"https:\/\/www.zoko.ro\/en\/wp-json\/wp\/v2\/product_cat?post=30155"},{"taxonomy":"product_tag","embeddable":true,"href":"https:\/\/www.zoko.ro\/en\/wp-json\/wp\/v2\/product_tag?post=30155"}],"curies":[{"name":"wp","href":"https:\/\/api.w.org\/{rel}","templated":true}]}}