{"id":30179,"date":"2026-04-28T23:28:28","date_gmt":"2026-04-28T21:28:28","guid":{"rendered":"https:\/\/www.zoko.ro\/p\/rucsac-cu-ham-de-siguranta-pentru-copii-gonga-3\/"},"modified":"2026-04-28T23:28:29","modified_gmt":"2026-04-28T21:28:29","slug":"rucsac-cu-ham-de-siguranta-pentru-copii-gonga-3","status":"publish","type":"product","link":"https:\/\/www.zoko.ro\/en\/p\/rucsac-cu-ham-de-siguranta-pentru-copii-gonga-3\/","title":{"rendered":"Rucsac cu ham de siguranta pentru copii, Gonga\u00ae"},"content":{"rendered":"<p><strong>Culoare:<\/strong> Rosu<\/p>\n<p>\u00cenva\u021b\u0103 bebelusul tau sa mearga \u00een siguran\u021b\u0103!<\/p>\n<p>Un liliac prietenos sau o albinuta va avea grija de siguranta copilului in timpul primilor pasi.<\/p>\n<p>Acesta va proteja capul \u0219i spatele \u00eempotriva r\u0103nilor care pot ap\u0103rea ca urmare a c\u0103derii.<\/p>\n<p>Un gadget grozav pe care copiii \u0219i p\u0103rin\u021bii \u00eel vor adora.<\/p>\n<p>Perfect ca o perna. Rucsacul nu va l\u0103sa copilul s\u0103 se r\u0103neasc\u0103 \u00een timpul c\u0103derii.\u00a0<\/p>\n<p>Acesta va acoperi capul \u0219i spatele, datorit\u0103 c\u0103rora te vei sim\u021bi mai \u00eencrez\u0103tor \u00een timp ce copilul \u00eencearc\u0103 s\u0103 cucereasc\u0103 lumea pe propriile picioare.<\/p>\n<p>Simplu de utilizat.\u00a0\u00a0<\/p>\n<p>Se imbraca in acelasi mod ca un rucsac traditional. Are bretele reglabile, a c\u0103ror lungime poate fi ajustat\u0103 la nevoile copilului.<\/p>\n<p>Setul include un ham datorita caruia vei avea control total asupra copilului tau.<\/p>\n<p>Forma original\u0103 va atrage cu siguran\u021b\u0103 aten\u021bia copilului \u0219i va face ca fiecare copil s\u0103 fie dispus s\u0103 \u00eenceap\u0103 s\u0103 \u00eenve\u021be s\u0103 mearg\u0103.<\/p>\n<p>O idee grozav\u0103 de cadou pentru un mic explorator care vrea s\u0103 descopere lumea singur.<\/p>\n<\/p>\n<p><b>Specificatii:<\/b><\/p>\n<p>&#8211; Material: poliester<\/p>\n<p>&#8211; Dimensiuni rucsac: 30cm x 20cm x 5cm<\/p>\n<p>&#8211; Lungime maxima a hamului : 34 cm<\/p>\n<p>&#8211; Snur: 100cm x 2cm<\/p>\n<p>&#8211; Dimensiuni pachet: 30cm x 25cm x 6cm<\/p>","protected":false},"excerpt":{"rendered":"<p>Culoare: Rosu \u00cenva\u021b\u0103 bebelusul tau sa mearga \u00een siguran\u021b\u0103! Un liliac prietenos sau o albinuta va avea grija de siguranta<\/p>","protected":false},"featured_media":30180,"comment_status":"open","ping_status":"open","template":"","meta":[],"product_brand":[],"product_cat":[99,357,333],"product_tag":[],"class_list":{"0":"post-30179","1":"product","2":"type-product","3":"status-publish","4":"has-post-thumbnail","6":"product_cat-acasa","7":"product_cat-accesorii-copii","8":"product_cat-jucarii","9":"pa_culoare-rosu","11":"first","12":"outofstock","13":"sale","14":"purchasable","15":"product-type-simple"},"yoast_head":"<!-- This site is optimized with the Yoast SEO plugin v27.2 - https:\/\/yoast.com\/product\/yoast-seo-wordpress\/ -->\n<title>Rucsac cu ham de siguranta pentru copii, Gonga\u00ae | ZOKO<\/title>\n<meta name=\"robots\" content=\"index, follow, max-snippet:-1, max-image-preview:large, max-video-preview:-1\" \/>\n<link rel=\"canonical\" href=\"https:\/\/www.zoko.ro\/en\/p\/rucsac-cu-ham-de-siguranta-pentru-copii-gonga-3\/\" \/>\n<meta property=\"og:locale\" content=\"en_GB\" \/>\n<meta property=\"og:type\" content=\"article\" \/>\n<meta property=\"og:title\" content=\"Rucsac cu ham de siguranta pentru copii, Gonga\u00ae | ZOKO\" \/>\n<meta property=\"og:description\" content=\"Culoare: Rosu \u00cenva\u021b\u0103 bebelusul tau sa mearga \u00een siguran\u021b\u0103! Un liliac prietenos sau o albinuta va avea grija de siguranta\" \/>\n<meta property=\"og:url\" content=\"https:\/\/www.zoko.ro\/en\/p\/rucsac-cu-ham-de-siguranta-pentru-copii-gonga-3\/\" \/>\n<meta property=\"og:site_name\" content=\"ZOKO\" \/>\n<meta property=\"article:publisher\" content=\"https:\/\/www.facebook.com\/profile.php?id=61584344135075\" \/>\n<meta property=\"article:modified_time\" content=\"2026-04-28T21:28:29+00:00\" \/>\n<meta property=\"og:image\" content=\"https:\/\/www.zoko.ro\/wp-content\/uploads\/2025\/12\/rucsac-cu-ham-de-siguranta-pentru-copii-gonga-12.jpg\" \/>\n\t<meta property=\"og:image:width\" content=\"800\" \/>\n\t<meta property=\"og:image:height\" content=\"800\" \/>\n\t<meta property=\"og:image:type\" content=\"image\/jpeg\" \/>\n<meta name=\"twitter:card\" content=\"summary_large_image\" \/>\n<meta name=\"twitter:label1\" content=\"Estimated reading time\" \/>\n\t<meta name=\"twitter:data1\" content=\"1 minute\" \/>\n<script type=\"application\/ld+json\" class=\"yoast-schema-graph\">{\"@context\":\"https:\/\/schema.org\",\"@graph\":[{\"@type\":\"WebPage\",\"@id\":\"https:\/\/www.zoko.ro\/p\/rucsac-cu-ham-de-siguranta-pentru-copii-gonga-3\/\",\"url\":\"https:\/\/www.zoko.ro\/p\/rucsac-cu-ham-de-siguranta-pentru-copii-gonga-3\/\",\"name\":\"Rucsac cu ham de siguranta pentru copii, Gonga\u00ae | ZOKO\",\"isPartOf\":{\"@id\":\"https:\/\/www.zoko.ro\/#website\"},\"primaryImageOfPage\":{\"@id\":\"https:\/\/www.zoko.ro\/p\/rucsac-cu-ham-de-siguranta-pentru-copii-gonga-3\/#primaryimage\"},\"image\":{\"@id\":\"https:\/\/www.zoko.ro\/p\/rucsac-cu-ham-de-siguranta-pentru-copii-gonga-3\/#primaryimage\"},\"thumbnailUrl\":\"https:\/\/www.zoko.ro\/wp-content\/uploads\/2025\/12\/rucsac-cu-ham-de-siguranta-pentru-copii-gonga-12.jpg\",\"datePublished\":\"2026-04-28T21:28:28+00:00\",\"dateModified\":\"2026-04-28T21:28:29+00:00\",\"breadcrumb\":{\"@id\":\"https:\/\/www.zoko.ro\/p\/rucsac-cu-ham-de-siguranta-pentru-copii-gonga-3\/#breadcrumb\"},\"inLanguage\":\"en-GB\",\"potentialAction\":[{\"@type\":\"ReadAction\",\"target\":[\"https:\/\/www.zoko.ro\/p\/rucsac-cu-ham-de-siguranta-pentru-copii-gonga-3\/\"]}]},{\"@type\":\"ImageObject\",\"inLanguage\":\"en-GB\",\"@id\":\"https:\/\/www.zoko.ro\/p\/rucsac-cu-ham-de-siguranta-pentru-copii-gonga-3\/#primaryimage\",\"url\":\"https:\/\/www.zoko.ro\/wp-content\/uploads\/2025\/12\/rucsac-cu-ham-de-siguranta-pentru-copii-gonga-12.jpg\",\"contentUrl\":\"https:\/\/www.zoko.ro\/wp-content\/uploads\/2025\/12\/rucsac-cu-ham-de-siguranta-pentru-copii-gonga-12.jpg\",\"width\":800,\"height\":800},{\"@type\":\"BreadcrumbList\",\"@id\":\"https:\/\/www.zoko.ro\/p\/rucsac-cu-ham-de-siguranta-pentru-copii-gonga-3\/#breadcrumb\",\"itemListElement\":[{\"@type\":\"ListItem\",\"position\":1,\"name\":\"Home\",\"item\":\"https:\/\/www.zoko.ro\/\"},{\"@type\":\"ListItem\",\"position\":2,\"name\":\"Magazin\",\"item\":\"https:\/\/www.zoko.ro\/magazin\/\"},{\"@type\":\"ListItem\",\"position\":3,\"name\":\"Rucsac cu ham de siguranta pentru copii, Gonga\u00ae\"}]},{\"@type\":\"WebSite\",\"@id\":\"https:\/\/www.zoko.ro\/#website\",\"url\":\"https:\/\/www.zoko.ro\/\",\"name\":\"ZOKO.ro\",\"description\":\"Cump\u0103r\u0103 inteligent\",\"publisher\":{\"@id\":\"https:\/\/www.zoko.ro\/#organization\"},\"potentialAction\":[{\"@type\":\"SearchAction\",\"target\":{\"@type\":\"EntryPoint\",\"urlTemplate\":\"https:\/\/www.zoko.ro\/?s={search_term_string}\"},\"query-input\":{\"@type\":\"PropertyValueSpecification\",\"valueRequired\":true,\"valueName\":\"search_term_string\"}}],\"inLanguage\":\"en-GB\"},{\"@type\":\"Organization\",\"@id\":\"https:\/\/www.zoko.ro\/#organization\",\"name\":\"ZOKO\",\"url\":\"https:\/\/www.zoko.ro\/\",\"logo\":{\"@type\":\"ImageObject\",\"inLanguage\":\"en-GB\",\"@id\":\"https:\/\/www.zoko.ro\/#\/schema\/logo\/image\/\",\"url\":\"https:\/\/www.zoko.ro\/wp-content\/uploads\/2025\/03\/logo1.svg\",\"contentUrl\":\"https:\/\/www.zoko.ro\/wp-content\/uploads\/2025\/03\/logo1.svg\",\"width\":799,\"height\":216,\"caption\":\"ZOKO\"},\"image\":{\"@id\":\"https:\/\/www.zoko.ro\/#\/schema\/logo\/image\/\"},\"sameAs\":[\"https:\/\/www.facebook.com\/profile.php?id=61584344135075\"]}]}<\/script>\n<!-- \/ Yoast SEO plugin. -->","yoast_head_json":{"title":"Rucsac cu ham de siguranta pentru copii, Gonga\u00ae | ZOKO","robots":{"index":"index","follow":"follow","max-snippet":"max-snippet:-1","max-image-preview":"max-image-preview:large","max-video-preview":"max-video-preview:-1"},"canonical":"https:\/\/www.zoko.ro\/en\/p\/rucsac-cu-ham-de-siguranta-pentru-copii-gonga-3\/","og_locale":"en_GB","og_type":"article","og_title":"Rucsac cu ham de siguranta pentru copii, Gonga\u00ae | ZOKO","og_description":"Culoare: Rosu \u00cenva\u021b\u0103 bebelusul tau sa mearga \u00een siguran\u021b\u0103! Un liliac prietenos sau o albinuta va avea grija de siguranta","og_url":"https:\/\/www.zoko.ro\/en\/p\/rucsac-cu-ham-de-siguranta-pentru-copii-gonga-3\/","og_site_name":"ZOKO","article_publisher":"https:\/\/www.facebook.com\/profile.php?id=61584344135075","article_modified_time":"2026-04-28T21:28:29+00:00","og_image":[{"width":800,"height":800,"url":"https:\/\/www.zoko.ro\/wp-content\/uploads\/2025\/12\/rucsac-cu-ham-de-siguranta-pentru-copii-gonga-12.jpg","type":"image\/jpeg"}],"twitter_card":"summary_large_image","twitter_misc":{"Estimated reading time":"1 minute"},"schema":{"@context":"https:\/\/schema.org","@graph":[{"@type":"WebPage","@id":"https:\/\/www.zoko.ro\/p\/rucsac-cu-ham-de-siguranta-pentru-copii-gonga-3\/","url":"https:\/\/www.zoko.ro\/p\/rucsac-cu-ham-de-siguranta-pentru-copii-gonga-3\/","name":"Rucsac cu ham de siguranta pentru copii, Gonga\u00ae | ZOKO","isPartOf":{"@id":"https:\/\/www.zoko.ro\/#website"},"primaryImageOfPage":{"@id":"https:\/\/www.zoko.ro\/p\/rucsac-cu-ham-de-siguranta-pentru-copii-gonga-3\/#primaryimage"},"image":{"@id":"https:\/\/www.zoko.ro\/p\/rucsac-cu-ham-de-siguranta-pentru-copii-gonga-3\/#primaryimage"},"thumbnailUrl":"https:\/\/www.zoko.ro\/wp-content\/uploads\/2025\/12\/rucsac-cu-ham-de-siguranta-pentru-copii-gonga-12.jpg","datePublished":"2026-04-28T21:28:28+00:00","dateModified":"2026-04-28T21:28:29+00:00","breadcrumb":{"@id":"https:\/\/www.zoko.ro\/p\/rucsac-cu-ham-de-siguranta-pentru-copii-gonga-3\/#breadcrumb"},"inLanguage":"en-GB","potentialAction":[{"@type":"ReadAction","target":["https:\/\/www.zoko.ro\/p\/rucsac-cu-ham-de-siguranta-pentru-copii-gonga-3\/"]}]},{"@type":"ImageObject","inLanguage":"en-GB","@id":"https:\/\/www.zoko.ro\/p\/rucsac-cu-ham-de-siguranta-pentru-copii-gonga-3\/#primaryimage","url":"https:\/\/www.zoko.ro\/wp-content\/uploads\/2025\/12\/rucsac-cu-ham-de-siguranta-pentru-copii-gonga-12.jpg","contentUrl":"https:\/\/www.zoko.ro\/wp-content\/uploads\/2025\/12\/rucsac-cu-ham-de-siguranta-pentru-copii-gonga-12.jpg","width":800,"height":800},{"@type":"BreadcrumbList","@id":"https:\/\/www.zoko.ro\/p\/rucsac-cu-ham-de-siguranta-pentru-copii-gonga-3\/#breadcrumb","itemListElement":[{"@type":"ListItem","position":1,"name":"Home","item":"https:\/\/www.zoko.ro\/"},{"@type":"ListItem","position":2,"name":"Magazin","item":"https:\/\/www.zoko.ro\/magazin\/"},{"@type":"ListItem","position":3,"name":"Rucsac cu ham de siguranta pentru copii, Gonga\u00ae"}]},{"@type":"WebSite","@id":"https:\/\/www.zoko.ro\/#website","url":"https:\/\/www.zoko.ro\/","name":"ZOKO.ro","description":"Cump\u0103r\u0103 inteligent","publisher":{"@id":"https:\/\/www.zoko.ro\/#organization"},"potentialAction":[{"@type":"SearchAction","target":{"@type":"EntryPoint","urlTemplate":"https:\/\/www.zoko.ro\/?s={search_term_string}"},"query-input":{"@type":"PropertyValueSpecification","valueRequired":true,"valueName":"search_term_string"}}],"inLanguage":"en-GB"},{"@type":"Organization","@id":"https:\/\/www.zoko.ro\/#organization","name":"ZOKO","url":"https:\/\/www.zoko.ro\/","logo":{"@type":"ImageObject","inLanguage":"en-GB","@id":"https:\/\/www.zoko.ro\/#\/schema\/logo\/image\/","url":"https:\/\/www.zoko.ro\/wp-content\/uploads\/2025\/03\/logo1.svg","contentUrl":"https:\/\/www.zoko.ro\/wp-content\/uploads\/2025\/03\/logo1.svg","width":799,"height":216,"caption":"ZOKO"},"image":{"@id":"https:\/\/www.zoko.ro\/#\/schema\/logo\/image\/"},"sameAs":["https:\/\/www.facebook.com\/profile.php?id=61584344135075"]}]}},"_links":{"self":[{"href":"https:\/\/www.zoko.ro\/en\/wp-json\/wp\/v2\/product\/30179","targetHints":{"allow":["GET"]}}],"collection":[{"href":"https:\/\/www.zoko.ro\/en\/wp-json\/wp\/v2\/product"}],"about":[{"href":"https:\/\/www.zoko.ro\/en\/wp-json\/wp\/v2\/types\/product"}],"replies":[{"embeddable":true,"href":"https:\/\/www.zoko.ro\/en\/wp-json\/wp\/v2\/comments?post=30179"}],"version-history":[{"count":1,"href":"https:\/\/www.zoko.ro\/en\/wp-json\/wp\/v2\/product\/30179\/revisions"}],"predecessor-version":[{"id":37954,"href":"https:\/\/www.zoko.ro\/en\/wp-json\/wp\/v2\/product\/30179\/revisions\/37954"}],"wp:featuredmedia":[{"embeddable":true,"href":"https:\/\/www.zoko.ro\/en\/wp-json\/wp\/v2\/media\/30180"}],"wp:attachment":[{"href":"https:\/\/www.zoko.ro\/en\/wp-json\/wp\/v2\/media?parent=30179"}],"wp:term":[{"taxonomy":"product_brand","embeddable":true,"href":"https:\/\/www.zoko.ro\/en\/wp-json\/wp\/v2\/product_brand?post=30179"},{"taxonomy":"product_cat","embeddable":true,"href":"https:\/\/www.zoko.ro\/en\/wp-json\/wp\/v2\/product_cat?post=30179"},{"taxonomy":"product_tag","embeddable":true,"href":"https:\/\/www.zoko.ro\/en\/wp-json\/wp\/v2\/product_tag?post=30179"}],"curies":[{"name":"wp","href":"https:\/\/api.w.org\/{rel}","templated":true}]}}