{"id":30183,"date":"2026-04-28T23:28:28","date_gmt":"2026-04-28T21:28:28","guid":{"rendered":"https:\/\/www.zoko.ro\/p\/set-pictura-tablou-cu-numere-model-caprioara-gonga\/"},"modified":"2026-04-28T23:28:29","modified_gmt":"2026-04-28T21:28:29","slug":"set-pictura-tablou-cu-numere-model-caprioara-gonga","status":"publish","type":"product","link":"https:\/\/www.zoko.ro\/en\/p\/set-pictura-tablou-cu-numere-model-caprioara-gonga\/","title":{"rendered":"Set pictura, tablou cu numere, model Caprioara, Gonga\u00ae"},"content":{"rendered":"<p><strong>Culoare:<\/strong> Multicolor<\/p>\n<p>Treze\u0219te sufletul artistului \u00een tine.<\/p>\n<\/p>\n<p>Visezi la un tablou unic pe care \u00eel vei crea singur, dar nu ai o idee sau abilit\u0103\u021bi suficiente?<\/p>\n<\/p>\n<p>Este grozav, avem solu\u021bia perfect\u0103 pentru tine.<\/p>\n<\/p>\n<p>Un set fantastic care va ad\u0103uga c\u00e2teva culori vie\u021bii tale de zi cu zi.<\/p>\n<\/p>\n<p>Pictarea unor lucr\u0103ri unice nu a fost niciodat\u0103 at\u00e2t de u\u0219oar\u0103.<\/p>\n<\/p>\n<p>Convinge-te singur!<\/p>\n<\/p>\n<p>Exist\u0103 c\u00e2mpuri cu numere \u00een imagine. Setul include vopsele marcate \u0219i cu numere. Datorit\u0103 acestui lucru, \u0219ti\u021bi ce culoare ar trebui folosit\u0103 \u00eentr-un anumit loc. Dup\u0103 ce umplem toate c\u00e2mpurile conform marcajelor cu culoare, se creeaz\u0103 o lucrare cu adev\u0103rat minunat\u0103 care poate decora pere\u021bii sufrageriei sau dormitorului t\u0103u.<\/p>\n<\/p>\n<p>V\u0103 ve\u021bi putea l\u0103uda \u00een fa\u021ba invita\u021bilor c\u0103 sunte\u021bi autorul unui tablou at\u00e2t de minunat!\u00a0 G\u00e2nde\u0219te-te doar la satisfac\u021bia \u0219i m\u00e2ndria pe care o vei avea.<\/p>\n<\/p>\n<p>Pentru a-ti incepe aventura cu pictura ai nevoie doar de o cana cu apa, restul lucrurilor le vei gasi in set &#8211; panza cu poza de colorat, trei pensule de diferite grosimi si vopsele.<\/p>\n<\/p>\n<p>Nu v\u0103 face\u021bi griji, vor fi suficiente vopsele pentru a acoperi \u00eentreaga pictur\u0103.<\/p>\n<\/p>\n<p>Pentru ca efectul s\u0103 fie cu adev\u0103rat uluitor, p\u00e2nza a fost \u00eent\u0103rit\u0103 cu un cadru de lemn pe partea de jos. Cu siguran\u021b\u0103 va u\u0219ura pictura \u0219i nu trebuie s\u0103 c\u0103uta\u021bi o modalitate de a \u00eencadra imaginea.<\/p>\n<\/p>\n<p>Pictarea imaginilor este o modalitate excelent\u0103 de a te relaxa. C\u00e2nd crea\u021bi, v\u0103 ve\u021bi calma \u0219i uita\u021bi de probleme pentru un moment.<\/p>\n<\/p>\n<p>\u00cen plus, tabloul stimuleaz\u0103 creativitatea \u0219i sus\u021bine dezvoltarea abilit\u0103\u021bilor manuale. C\u00e2nd picta\u021bi elemente mici, ave\u021bi nevoie de o precizie extrem\u0103, datorit\u0103 c\u0103reia ve\u021bi st\u0103p\u00e2ni utilizarea unei pensule \u0219i capacitatea de a combina culorile \u0219i umbrirea.<\/p>\n<\/p>\n<\/p>\n<p>Ai grija ca creeaza cu adevarat dependenta!<\/p>\n<\/p>\n<p>O idee grozav\u0103 de cadou pentru orice artist.<\/p>\n<\/p>\n<p>Un sfat bun de la noi<\/p>\n<\/p>\n<p>Dup\u0103 uscare, v\u0103 recomand\u0103m s\u0103 acoperi\u021bi tabloul cu un al doilea strat de vopsea pentru a ascunde numerele \u0219i liniile.<\/p>\n<\/p>\n<p>Con\u021binut pachet:<\/p>\n<\/p>\n<p>&#8211; P\u00e2nz\u0103 cu o poz\u0103 pentru pictur\u0103 pe un cadru de lemn<\/p>\n<p>&#8211; un set de vopsele (suficient pentru a picta \u00eentreaga imagine)<\/p>\n<p>&#8211; 3x\u00a0pensule<\/p>\n<p>&#8211; cuier pentru ag\u0103\u021bat<\/p>\n<\/p>\n<p>Dimensiuni:<\/p>\n<\/p>\n<p>&#8211; Dimensiuni p\u00e2nz\u0103: 50 cm x 40 cm<\/p>\n<p>&#8211; Dimensiuni pachet: 51cm x 41cm x 3cm<\/p>","protected":false},"excerpt":{"rendered":"<p>Culoare: Multicolor Treze\u0219te sufletul artistului \u00een tine. Visezi la un tablou unic pe care \u00eel vei crea singur, dar nu<\/p>","protected":false},"featured_media":30184,"comment_status":"open","ping_status":"open","template":"","meta":[],"product_brand":[],"product_cat":[99,333,334,396],"product_tag":[],"class_list":{"0":"post-30183","1":"product","2":"type-product","3":"status-publish","4":"has-post-thumbnail","6":"product_cat-acasa","7":"product_cat-jucarii","8":"product_cat-jucarii-jocuri-educative","9":"product_cat-jucarii-creative-seturi-pictura-si-desen","10":"pa_culoare-multicolor","12":"first","13":"outofstock","14":"sale","15":"purchasable","16":"product-type-simple"},"yoast_head":"<!-- This site is optimized with the Yoast SEO plugin v27.2 - https:\/\/yoast.com\/product\/yoast-seo-wordpress\/ -->\n<title>Set pictura, tablou cu numere, model Caprioara, Gonga\u00ae | ZOKO<\/title>\n<meta name=\"robots\" content=\"index, follow, max-snippet:-1, max-image-preview:large, max-video-preview:-1\" \/>\n<link rel=\"canonical\" href=\"https:\/\/www.zoko.ro\/en\/p\/set-pictura-tablou-cu-numere-model-caprioara-gonga\/\" \/>\n<meta property=\"og:locale\" content=\"en_GB\" \/>\n<meta property=\"og:type\" content=\"article\" \/>\n<meta property=\"og:title\" content=\"Set pictura, tablou cu numere, model Caprioara, Gonga\u00ae | ZOKO\" \/>\n<meta property=\"og:description\" content=\"Culoare: Multicolor Treze\u0219te sufletul artistului \u00een tine. Visezi la un tablou unic pe care \u00eel vei crea singur, dar nu\" \/>\n<meta property=\"og:url\" content=\"https:\/\/www.zoko.ro\/en\/p\/set-pictura-tablou-cu-numere-model-caprioara-gonga\/\" \/>\n<meta property=\"og:site_name\" content=\"ZOKO\" \/>\n<meta property=\"article:publisher\" content=\"https:\/\/www.facebook.com\/profile.php?id=61584344135075\" \/>\n<meta property=\"article:modified_time\" content=\"2026-04-28T21:28:29+00:00\" \/>\n<meta property=\"og:image\" content=\"https:\/\/www.zoko.ro\/wp-content\/uploads\/2025\/12\/set-pictura-tablou-cu-numere-model-caprioara-gonga.jpg\" \/>\n\t<meta property=\"og:image:width\" content=\"800\" \/>\n\t<meta property=\"og:image:height\" content=\"800\" \/>\n\t<meta property=\"og:image:type\" content=\"image\/jpeg\" \/>\n<meta name=\"twitter:card\" content=\"summary_large_image\" \/>\n<meta name=\"twitter:label1\" content=\"Estimated reading time\" \/>\n\t<meta name=\"twitter:data1\" content=\"2 minutes\" \/>\n<script type=\"application\/ld+json\" class=\"yoast-schema-graph\">{\"@context\":\"https:\/\/schema.org\",\"@graph\":[{\"@type\":\"WebPage\",\"@id\":\"https:\/\/www.zoko.ro\/p\/set-pictura-tablou-cu-numere-model-caprioara-gonga\/\",\"url\":\"https:\/\/www.zoko.ro\/p\/set-pictura-tablou-cu-numere-model-caprioara-gonga\/\",\"name\":\"Set pictura, tablou cu numere, model Caprioara, Gonga\u00ae | ZOKO\",\"isPartOf\":{\"@id\":\"https:\/\/www.zoko.ro\/#website\"},\"primaryImageOfPage\":{\"@id\":\"https:\/\/www.zoko.ro\/p\/set-pictura-tablou-cu-numere-model-caprioara-gonga\/#primaryimage\"},\"image\":{\"@id\":\"https:\/\/www.zoko.ro\/p\/set-pictura-tablou-cu-numere-model-caprioara-gonga\/#primaryimage\"},\"thumbnailUrl\":\"https:\/\/www.zoko.ro\/wp-content\/uploads\/2025\/12\/set-pictura-tablou-cu-numere-model-caprioara-gonga.jpg\",\"datePublished\":\"2026-04-28T21:28:28+00:00\",\"dateModified\":\"2026-04-28T21:28:29+00:00\",\"breadcrumb\":{\"@id\":\"https:\/\/www.zoko.ro\/p\/set-pictura-tablou-cu-numere-model-caprioara-gonga\/#breadcrumb\"},\"inLanguage\":\"en-GB\",\"potentialAction\":[{\"@type\":\"ReadAction\",\"target\":[\"https:\/\/www.zoko.ro\/p\/set-pictura-tablou-cu-numere-model-caprioara-gonga\/\"]}]},{\"@type\":\"ImageObject\",\"inLanguage\":\"en-GB\",\"@id\":\"https:\/\/www.zoko.ro\/p\/set-pictura-tablou-cu-numere-model-caprioara-gonga\/#primaryimage\",\"url\":\"https:\/\/www.zoko.ro\/wp-content\/uploads\/2025\/12\/set-pictura-tablou-cu-numere-model-caprioara-gonga.jpg\",\"contentUrl\":\"https:\/\/www.zoko.ro\/wp-content\/uploads\/2025\/12\/set-pictura-tablou-cu-numere-model-caprioara-gonga.jpg\",\"width\":800,\"height\":800},{\"@type\":\"BreadcrumbList\",\"@id\":\"https:\/\/www.zoko.ro\/p\/set-pictura-tablou-cu-numere-model-caprioara-gonga\/#breadcrumb\",\"itemListElement\":[{\"@type\":\"ListItem\",\"position\":1,\"name\":\"Home\",\"item\":\"https:\/\/www.zoko.ro\/\"},{\"@type\":\"ListItem\",\"position\":2,\"name\":\"Magazin\",\"item\":\"https:\/\/www.zoko.ro\/magazin\/\"},{\"@type\":\"ListItem\",\"position\":3,\"name\":\"Set pictura, tablou cu numere, model Caprioara, Gonga\u00ae\"}]},{\"@type\":\"WebSite\",\"@id\":\"https:\/\/www.zoko.ro\/#website\",\"url\":\"https:\/\/www.zoko.ro\/\",\"name\":\"ZOKO.ro\",\"description\":\"Cump\u0103r\u0103 inteligent\",\"publisher\":{\"@id\":\"https:\/\/www.zoko.ro\/#organization\"},\"potentialAction\":[{\"@type\":\"SearchAction\",\"target\":{\"@type\":\"EntryPoint\",\"urlTemplate\":\"https:\/\/www.zoko.ro\/?s={search_term_string}\"},\"query-input\":{\"@type\":\"PropertyValueSpecification\",\"valueRequired\":true,\"valueName\":\"search_term_string\"}}],\"inLanguage\":\"en-GB\"},{\"@type\":\"Organization\",\"@id\":\"https:\/\/www.zoko.ro\/#organization\",\"name\":\"ZOKO\",\"url\":\"https:\/\/www.zoko.ro\/\",\"logo\":{\"@type\":\"ImageObject\",\"inLanguage\":\"en-GB\",\"@id\":\"https:\/\/www.zoko.ro\/#\/schema\/logo\/image\/\",\"url\":\"https:\/\/www.zoko.ro\/wp-content\/uploads\/2025\/03\/logo1.svg\",\"contentUrl\":\"https:\/\/www.zoko.ro\/wp-content\/uploads\/2025\/03\/logo1.svg\",\"width\":799,\"height\":216,\"caption\":\"ZOKO\"},\"image\":{\"@id\":\"https:\/\/www.zoko.ro\/#\/schema\/logo\/image\/\"},\"sameAs\":[\"https:\/\/www.facebook.com\/profile.php?id=61584344135075\"]}]}<\/script>\n<!-- \/ Yoast SEO plugin. -->","yoast_head_json":{"title":"Set pictura, tablou cu numere, model Caprioara, Gonga\u00ae | ZOKO","robots":{"index":"index","follow":"follow","max-snippet":"max-snippet:-1","max-image-preview":"max-image-preview:large","max-video-preview":"max-video-preview:-1"},"canonical":"https:\/\/www.zoko.ro\/en\/p\/set-pictura-tablou-cu-numere-model-caprioara-gonga\/","og_locale":"en_GB","og_type":"article","og_title":"Set pictura, tablou cu numere, model Caprioara, Gonga\u00ae | ZOKO","og_description":"Culoare: Multicolor Treze\u0219te sufletul artistului \u00een tine. Visezi la un tablou unic pe care \u00eel vei crea singur, dar nu","og_url":"https:\/\/www.zoko.ro\/en\/p\/set-pictura-tablou-cu-numere-model-caprioara-gonga\/","og_site_name":"ZOKO","article_publisher":"https:\/\/www.facebook.com\/profile.php?id=61584344135075","article_modified_time":"2026-04-28T21:28:29+00:00","og_image":[{"width":800,"height":800,"url":"https:\/\/www.zoko.ro\/wp-content\/uploads\/2025\/12\/set-pictura-tablou-cu-numere-model-caprioara-gonga.jpg","type":"image\/jpeg"}],"twitter_card":"summary_large_image","twitter_misc":{"Estimated reading time":"2 minutes"},"schema":{"@context":"https:\/\/schema.org","@graph":[{"@type":"WebPage","@id":"https:\/\/www.zoko.ro\/p\/set-pictura-tablou-cu-numere-model-caprioara-gonga\/","url":"https:\/\/www.zoko.ro\/p\/set-pictura-tablou-cu-numere-model-caprioara-gonga\/","name":"Set pictura, tablou cu numere, model Caprioara, Gonga\u00ae | ZOKO","isPartOf":{"@id":"https:\/\/www.zoko.ro\/#website"},"primaryImageOfPage":{"@id":"https:\/\/www.zoko.ro\/p\/set-pictura-tablou-cu-numere-model-caprioara-gonga\/#primaryimage"},"image":{"@id":"https:\/\/www.zoko.ro\/p\/set-pictura-tablou-cu-numere-model-caprioara-gonga\/#primaryimage"},"thumbnailUrl":"https:\/\/www.zoko.ro\/wp-content\/uploads\/2025\/12\/set-pictura-tablou-cu-numere-model-caprioara-gonga.jpg","datePublished":"2026-04-28T21:28:28+00:00","dateModified":"2026-04-28T21:28:29+00:00","breadcrumb":{"@id":"https:\/\/www.zoko.ro\/p\/set-pictura-tablou-cu-numere-model-caprioara-gonga\/#breadcrumb"},"inLanguage":"en-GB","potentialAction":[{"@type":"ReadAction","target":["https:\/\/www.zoko.ro\/p\/set-pictura-tablou-cu-numere-model-caprioara-gonga\/"]}]},{"@type":"ImageObject","inLanguage":"en-GB","@id":"https:\/\/www.zoko.ro\/p\/set-pictura-tablou-cu-numere-model-caprioara-gonga\/#primaryimage","url":"https:\/\/www.zoko.ro\/wp-content\/uploads\/2025\/12\/set-pictura-tablou-cu-numere-model-caprioara-gonga.jpg","contentUrl":"https:\/\/www.zoko.ro\/wp-content\/uploads\/2025\/12\/set-pictura-tablou-cu-numere-model-caprioara-gonga.jpg","width":800,"height":800},{"@type":"BreadcrumbList","@id":"https:\/\/www.zoko.ro\/p\/set-pictura-tablou-cu-numere-model-caprioara-gonga\/#breadcrumb","itemListElement":[{"@type":"ListItem","position":1,"name":"Home","item":"https:\/\/www.zoko.ro\/"},{"@type":"ListItem","position":2,"name":"Magazin","item":"https:\/\/www.zoko.ro\/magazin\/"},{"@type":"ListItem","position":3,"name":"Set pictura, tablou cu numere, model Caprioara, Gonga\u00ae"}]},{"@type":"WebSite","@id":"https:\/\/www.zoko.ro\/#website","url":"https:\/\/www.zoko.ro\/","name":"ZOKO.ro","description":"Cump\u0103r\u0103 inteligent","publisher":{"@id":"https:\/\/www.zoko.ro\/#organization"},"potentialAction":[{"@type":"SearchAction","target":{"@type":"EntryPoint","urlTemplate":"https:\/\/www.zoko.ro\/?s={search_term_string}"},"query-input":{"@type":"PropertyValueSpecification","valueRequired":true,"valueName":"search_term_string"}}],"inLanguage":"en-GB"},{"@type":"Organization","@id":"https:\/\/www.zoko.ro\/#organization","name":"ZOKO","url":"https:\/\/www.zoko.ro\/","logo":{"@type":"ImageObject","inLanguage":"en-GB","@id":"https:\/\/www.zoko.ro\/#\/schema\/logo\/image\/","url":"https:\/\/www.zoko.ro\/wp-content\/uploads\/2025\/03\/logo1.svg","contentUrl":"https:\/\/www.zoko.ro\/wp-content\/uploads\/2025\/03\/logo1.svg","width":799,"height":216,"caption":"ZOKO"},"image":{"@id":"https:\/\/www.zoko.ro\/#\/schema\/logo\/image\/"},"sameAs":["https:\/\/www.facebook.com\/profile.php?id=61584344135075"]}]}},"_links":{"self":[{"href":"https:\/\/www.zoko.ro\/en\/wp-json\/wp\/v2\/product\/30183","targetHints":{"allow":["GET"]}}],"collection":[{"href":"https:\/\/www.zoko.ro\/en\/wp-json\/wp\/v2\/product"}],"about":[{"href":"https:\/\/www.zoko.ro\/en\/wp-json\/wp\/v2\/types\/product"}],"replies":[{"embeddable":true,"href":"https:\/\/www.zoko.ro\/en\/wp-json\/wp\/v2\/comments?post=30183"}],"version-history":[{"count":1,"href":"https:\/\/www.zoko.ro\/en\/wp-json\/wp\/v2\/product\/30183\/revisions"}],"predecessor-version":[{"id":33837,"href":"https:\/\/www.zoko.ro\/en\/wp-json\/wp\/v2\/product\/30183\/revisions\/33837"}],"wp:featuredmedia":[{"embeddable":true,"href":"https:\/\/www.zoko.ro\/en\/wp-json\/wp\/v2\/media\/30184"}],"wp:attachment":[{"href":"https:\/\/www.zoko.ro\/en\/wp-json\/wp\/v2\/media?parent=30183"}],"wp:term":[{"taxonomy":"product_brand","embeddable":true,"href":"https:\/\/www.zoko.ro\/en\/wp-json\/wp\/v2\/product_brand?post=30183"},{"taxonomy":"product_cat","embeddable":true,"href":"https:\/\/www.zoko.ro\/en\/wp-json\/wp\/v2\/product_cat?post=30183"},{"taxonomy":"product_tag","embeddable":true,"href":"https:\/\/www.zoko.ro\/en\/wp-json\/wp\/v2\/product_tag?post=30183"}],"curies":[{"name":"wp","href":"https:\/\/api.w.org\/{rel}","templated":true}]}}